{"id":10924,"date":"2025-10-08T07:07:02","date_gmt":"2025-10-08T07:07:02","guid":{"rendered":"https:\/\/staging.velooutlets.com\/product\/classic-pro-lady-29-24k\/"},"modified":"2026-04-27T12:28:09","modified_gmt":"2026-04-27T09:28:09","slug":"classic-pro-lady-29-24k","status":"publish","type":"product","link":"https:\/\/velooutlets.com\/et\/toode\/classic-pro-lady-29-24k\/","title":{"rendered":"Classic Pro Lady 29 24k"},"content":{"rendered":"<p>Classic PRO 29 24K on kaasaegne ja v\u00f5imas m\u00e4gijalgratas, mis on m\u00f5eldud aktiivseks s\u00f5iduks linnas ja maastikul. Selles on \u00fchendatud sportlikkus ja kvaliteetsed komponendid, mis tagavad hea j\u00f5udluse ja mugavuse erinevates tingimustes.<\/p>\n<p>Kerge alumiiniumist raam koos sisemise kaablijuhtimisega tagab puhta disaini ja lisakaitse mustuse ja ilmastiku eest. 100 mm liikumisulatusega esiosa amortiseeriv kahvel aitab amortiseerida p\u00f5rutusi ja parandab kontrolli ebatasasel pinnal.<\/p>\n<p>Suured 29-tollised rattad koos kvaliteetsete Schwalbe rehvidega tagavad suurep\u00e4rase veeremise, stabiilsuse ja kerguse \u00fcle takistuste. 24-k\u00e4iguline Shimano s\u00fcsteem (3\u00d78) pakub laia valikut k\u00e4ike nii t\u00f5usude kui ka kiire tasase s\u00f5idu jaoks.<\/p>\n<p>Shimano h\u00fcdraulilised ketaspidurid tagavad v\u00f5imsa ja t\u00e4pse pidurduse, samas kui lisafunktsioonid, nagu ketikaitse ja kiirl\u00fclitusmehhanismid, parandavad igap\u00e4evast kasutusmugavust.<\/p>\n<p>Spetsifikatsioon:<br \/>\nRaam: alumiinium (koos sisemise kaabliv\u00e4ljalaskeavaga)<br \/>\nKahvel: HL-565 amortiseeriv kahvel, 100 mm teepikkus<br \/>\nKiiruste arv: 3\u00d78 (24 kiirust)<br \/>\nEsimesel rattakettal: Shimano TY-500<br \/>\nTagumine rattakett: Shimano Altus<br \/>\nK\u00e4iguvahetuss\u00fcsteem: Shimano<br \/>\nKassett: Shimano HG-31, 11-32T<br \/>\nEsimene hammasratas: Shimano TY-301, 42\/34\/24T, 170 mm<br \/>\nPidurid: Shimano MT200 h\u00fcdraulilised ketaspidurid (160 mm)<br \/>\nRattad: alumiinium, topelt seinaga, 36H<br \/>\nRehvid: Schwalbe Rapid Rob 29 \u00d7 2.25<br \/>\nKettakaitse, helkurid, sisemine kaabliv\u00e4ljund, kiirkinnitused<br \/>\nKaal: ~14,8 kg<\/p>","protected":false},"excerpt":{"rendered":"<p>Classic PRO 29 24K ir moderns un jaud\u012bgs kalnu velosip\u0113ds, kas paredz\u0113ts akt\u012bvai brauk\u0161anai gan pils\u0113t\u0101, gan bezce\u013c\u0101. Tas apvieno sportisku raksturu ar kvalitat\u012bviem komponentiem, nodro\u0161inot labu veiktsp\u0113ju un komfortu da\u017e\u0101dos apst\u0101k\u013cos. Viegls alum\u012bnija r\u0101mis ar iek\u0161\u0113jo kabe\u013cu izvadi nodro\u0161ina t\u012bru dizainu un papildu aizsardz\u012bbu pret net\u012brumiem un laikapst\u0101k\u013ciem. Priek\u0161\u0113j\u0101 amortiz\u0101cijas dak\u0161a ar 100 mm [&hellip;]<\/p>\n","protected":false},"featured_media":10963,"template":"","meta":{"_monsterinsights_skip_tracking":false,"_monsterinsights_sitenote_active":false,"_monsterinsights_sitenote_note":"","_monsterinsights_sitenote_category":0,"_iconic_wsb_product_page_order_bump_ids":[[]],"_sku":["10694200000000"],"_iconic_wsb_product_page_bump_modal_ids":[[]]},"product_brand":[1174],"product_cat":[980,1127],"product_tag":[211,846,212],"class_list":{"0":"post-10924","1":"product","2":"type-product","3":"status-publish","4":"has-post-thumbnail","6":"product_brand-classic","7":"product_cat-kalnu-velosipedi","8":"product_cat-velosipedi","9":"product_tag-kalnu-velosipedi","10":"product_tag-sieviesu-velosipedi","11":"product_tag-velosipedi","12":"product_shipping_class-pieauguso-velosipedi","13":"pa_materials-aluminija","15":"first","16":"outofstock","17":"sale","18":"taxable","19":"shipping-taxable","20":"purchasable","21":"product-type-simple"},"yoast_head":"<!-- This site is optimized with the Yoast SEO plugin v27.2 - https:\/\/yoast.com\/product\/yoast-seo-wordpress\/ -->\n<title>Classic Pro Lady 29 24k - Velo Outlets<\/title>\n<meta name=\"description\" content=\"Viegls 29\u2033 sievie\u0161u kalnu velosip\u0113ds ar 24 \u0101trumiem un hidrauliskaj\u0101m bremz\u0113m.\" \/>\n<meta name=\"robots\" content=\"index, follow, max-snippet:-1, max-image-preview:large, max-video-preview:-1\" \/>\n<link rel=\"canonical\" href=\"https:\/\/velooutlets.com\/et\/toode\/classic-pro-lady-29-24k\/\" \/>\n<meta property=\"og:locale\" content=\"et_EE\" \/>\n<meta property=\"og:type\" content=\"article\" \/>\n<meta property=\"og:title\" content=\"Classic Pro Lady 29 24k - Velo Outlets\" \/>\n<meta property=\"og:description\" content=\"Viegls 29\u2033 sievie\u0161u kalnu velosip\u0113ds ar 24 \u0101trumiem un hidrauliskaj\u0101m bremz\u0113m.\" \/>\n<meta property=\"og:url\" content=\"https:\/\/velooutlets.com\/et\/toode\/classic-pro-lady-29-24k\/\" \/>\n<meta property=\"og:site_name\" content=\"Velo Outlets\" \/>\n<meta property=\"article:modified_time\" content=\"2026-04-27T09:28:09+00:00\" \/>\n<meta property=\"og:image\" content=\"https:\/\/velooutlets.com\/wp-content\/uploads\/2025\/10\/29LA-24SD-23-scaled.jpg\" \/>\n\t<meta property=\"og:image:width\" content=\"2560\" \/>\n\t<meta property=\"og:image:height\" content=\"1440\" \/>\n\t<meta property=\"og:image:type\" content=\"image\/jpeg\" \/>\n<meta name=\"twitter:card\" content=\"summary_large_image\" \/>\n<meta name=\"twitter:label1\" content=\"Est. reading time\" \/>\n\t<meta name=\"twitter:data1\" content=\"1 minut\" \/>\n<script type=\"application\/ld+json\" class=\"yoast-schema-graph\">{\"@context\":\"https:\/\/schema.org\",\"@graph\":[{\"@type\":\"WebPage\",\"@id\":\"https:\/\/velooutlets.com\/products\/classic-pro-lady-29-24k\/\",\"url\":\"https:\/\/velooutlets.com\/products\/classic-pro-lady-29-24k\/\",\"name\":\"Classic Pro Lady 29 24k - Velo Outlets\",\"isPartOf\":{\"@id\":\"https:\/\/velooutlets.com\/en\/#website\"},\"primaryImageOfPage\":{\"@id\":\"https:\/\/velooutlets.com\/products\/classic-pro-lady-29-24k\/#primaryimage\"},\"image\":{\"@id\":\"https:\/\/velooutlets.com\/products\/classic-pro-lady-29-24k\/#primaryimage\"},\"thumbnailUrl\":\"https:\/\/velooutlets.com\/wp-content\/uploads\/2025\/10\/29LA-24SD-23-scaled.jpg\",\"datePublished\":\"2025-10-08T07:07:02+00:00\",\"dateModified\":\"2026-04-27T09:28:09+00:00\",\"description\":\"Viegls 29\u2033 sievie\u0161u kalnu velosip\u0113ds ar 24 \u0101trumiem un hidrauliskaj\u0101m bremz\u0113m.\",\"breadcrumb\":{\"@id\":\"https:\/\/velooutlets.com\/products\/classic-pro-lady-29-24k\/#breadcrumb\"},\"inLanguage\":\"et\",\"potentialAction\":[{\"@type\":\"ReadAction\",\"target\":[\"https:\/\/velooutlets.com\/products\/classic-pro-lady-29-24k\/\"]}]},{\"@type\":\"ImageObject\",\"inLanguage\":\"et\",\"@id\":\"https:\/\/velooutlets.com\/products\/classic-pro-lady-29-24k\/#primaryimage\",\"url\":\"https:\/\/velooutlets.com\/wp-content\/uploads\/2025\/10\/29LA-24SD-23-scaled.jpg\",\"contentUrl\":\"https:\/\/velooutlets.com\/wp-content\/uploads\/2025\/10\/29LA-24SD-23-scaled.jpg\",\"width\":2560,\"height\":1440},{\"@type\":\"BreadcrumbList\",\"@id\":\"https:\/\/velooutlets.com\/products\/classic-pro-lady-29-24k\/#breadcrumb\",\"itemListElement\":[{\"@type\":\"ListItem\",\"position\":1,\"name\":\"Home\",\"item\":\"https:\/\/velooutlets.com\/\"},{\"@type\":\"ListItem\",\"position\":2,\"name\":\"Veikals\",\"item\":\"https:\/\/velooutlets.com\/shop\/\"},{\"@type\":\"ListItem\",\"position\":3,\"name\":\"Classic Pro Lady 29 24k\"}]},{\"@type\":\"WebSite\",\"@id\":\"https:\/\/velooutlets.com\/en\/#website\",\"url\":\"https:\/\/velooutlets.com\/en\/\",\"name\":\"Velo Outlets\",\"description\":\"Velosip\u0113di visai \u0123imenei\",\"potentialAction\":[{\"@type\":\"SearchAction\",\"target\":{\"@type\":\"EntryPoint\",\"urlTemplate\":\"https:\/\/velooutlets.com\/en\/?s={search_term_string}\"},\"query-input\":{\"@type\":\"PropertyValueSpecification\",\"valueRequired\":true,\"valueName\":\"search_term_string\"}}],\"inLanguage\":\"et\"}]}<\/script>\n<!-- \/ Yoast SEO plugin. -->","yoast_head_json":{"title":"Classic Pro Lady 29 24k - Velo Outlets","description":"Viegls 29\u2033 sievie\u0161u kalnu velosip\u0113ds ar 24 \u0101trumiem un hidrauliskaj\u0101m bremz\u0113m.","robots":{"index":"index","follow":"follow","max-snippet":"max-snippet:-1","max-image-preview":"max-image-preview:large","max-video-preview":"max-video-preview:-1"},"canonical":"https:\/\/velooutlets.com\/et\/toode\/classic-pro-lady-29-24k\/","og_locale":"et_EE","og_type":"article","og_title":"Classic Pro Lady 29 24k - Velo Outlets","og_description":"Viegls 29\u2033 sievie\u0161u kalnu velosip\u0113ds ar 24 \u0101trumiem un hidrauliskaj\u0101m bremz\u0113m.","og_url":"https:\/\/velooutlets.com\/et\/toode\/classic-pro-lady-29-24k\/","og_site_name":"Velo Outlets","article_modified_time":"2026-04-27T09:28:09+00:00","og_image":[{"width":2560,"height":1440,"url":"https:\/\/velooutlets.com\/wp-content\/uploads\/2025\/10\/29LA-24SD-23-scaled.jpg","type":"image\/jpeg"}],"twitter_card":"summary_large_image","twitter_misc":{"Est. reading time":"1 minut"},"schema":{"@context":"https:\/\/schema.org","@graph":[{"@type":"WebPage","@id":"https:\/\/velooutlets.com\/products\/classic-pro-lady-29-24k\/","url":"https:\/\/velooutlets.com\/products\/classic-pro-lady-29-24k\/","name":"Classic Pro Lady 29 24k - Velo Outlets","isPartOf":{"@id":"https:\/\/velooutlets.com\/en\/#website"},"primaryImageOfPage":{"@id":"https:\/\/velooutlets.com\/products\/classic-pro-lady-29-24k\/#primaryimage"},"image":{"@id":"https:\/\/velooutlets.com\/products\/classic-pro-lady-29-24k\/#primaryimage"},"thumbnailUrl":"https:\/\/velooutlets.com\/wp-content\/uploads\/2025\/10\/29LA-24SD-23-scaled.jpg","datePublished":"2025-10-08T07:07:02+00:00","dateModified":"2026-04-27T09:28:09+00:00","description":"Viegls 29\u2033 sievie\u0161u kalnu velosip\u0113ds ar 24 \u0101trumiem un hidrauliskaj\u0101m bremz\u0113m.","breadcrumb":{"@id":"https:\/\/velooutlets.com\/products\/classic-pro-lady-29-24k\/#breadcrumb"},"inLanguage":"et","potentialAction":[{"@type":"ReadAction","target":["https:\/\/velooutlets.com\/products\/classic-pro-lady-29-24k\/"]}]},{"@type":"ImageObject","inLanguage":"et","@id":"https:\/\/velooutlets.com\/products\/classic-pro-lady-29-24k\/#primaryimage","url":"https:\/\/velooutlets.com\/wp-content\/uploads\/2025\/10\/29LA-24SD-23-scaled.jpg","contentUrl":"https:\/\/velooutlets.com\/wp-content\/uploads\/2025\/10\/29LA-24SD-23-scaled.jpg","width":2560,"height":1440},{"@type":"BreadcrumbList","@id":"https:\/\/velooutlets.com\/products\/classic-pro-lady-29-24k\/#breadcrumb","itemListElement":[{"@type":"ListItem","position":1,"name":"Home","item":"https:\/\/velooutlets.com\/"},{"@type":"ListItem","position":2,"name":"Veikals","item":"https:\/\/velooutlets.com\/shop\/"},{"@type":"ListItem","position":3,"name":"Classic Pro Lady 29 24k"}]},{"@type":"WebSite","@id":"https:\/\/velooutlets.com\/en\/#website","url":"https:\/\/velooutlets.com\/en\/","name":"Velo Outlets","description":"Jalgrattad kogu perele","potentialAction":[{"@type":"SearchAction","target":{"@type":"EntryPoint","urlTemplate":"https:\/\/velooutlets.com\/en\/?s={search_term_string}"},"query-input":{"@type":"PropertyValueSpecification","valueRequired":true,"valueName":"search_term_string"}}],"inLanguage":"et"}]}},"jetpack_sharing_enabled":true,"_links":{"self":[{"href":"https:\/\/velooutlets.com\/et\/wp-json\/wp\/v2\/product\/10924","targetHints":{"allow":["GET"]}}],"collection":[{"href":"https:\/\/velooutlets.com\/et\/wp-json\/wp\/v2\/product"}],"about":[{"href":"https:\/\/velooutlets.com\/et\/wp-json\/wp\/v2\/types\/product"}],"wp:featuredmedia":[{"embeddable":true,"href":"https:\/\/velooutlets.com\/et\/wp-json\/wp\/v2\/media\/10963"}],"wp:attachment":[{"href":"https:\/\/velooutlets.com\/et\/wp-json\/wp\/v2\/media?parent=10924"}],"wp:term":[{"taxonomy":"product_brand","embeddable":true,"href":"https:\/\/velooutlets.com\/et\/wp-json\/wp\/v2\/product_brand?post=10924"},{"taxonomy":"product_cat","embeddable":true,"href":"https:\/\/velooutlets.com\/et\/wp-json\/wp\/v2\/product_cat?post=10924"},{"taxonomy":"product_tag","embeddable":true,"href":"https:\/\/velooutlets.com\/et\/wp-json\/wp\/v2\/product_tag?post=10924"}],"curies":[{"name":"wp","href":"https:\/\/api.w.org\/{rel}","templated":true}]}}