{"id":10955,"date":"2025-10-08T07:07:32","date_gmt":"2025-10-08T07:07:32","guid":{"rendered":"https:\/\/staging.velooutlets.com\/product\/classic-pro-29-21k-copy\/"},"modified":"2026-03-26T11:41:31","modified_gmt":"2026-03-26T09:41:31","slug":"classic-pro-29-21k-copy","status":"publish","type":"product","link":"https:\/\/velooutlets.com\/et\/toode\/classic-pro-29-21k-copy\/","title":{"rendered":"Klassikaline TEAM 29 24s"},"content":{"rendered":"<p>Classic TEAM 29 24s on mitmek\u00fclgne 29-tolline m\u00e4gijalgratas, mis sobib aktiivseks vaba aja veetmiseks ja juhuslikuks matkamiseks erinevatel teepindadel. Suured rattad Schwalbe Rapid Rob rehvidega tagavad hea haardumise ja kindla juhitavuse ka kruusa- ja metsaradadel, samas kui HL-565 kahvel 100 mm teekonnaga aitab mugavalt \u00fcle konaruste s\u00f5ita. 24-k\u00e4iguline s\u00fcsteem koos Shimano komponentidega v\u00f5imaldab h\u00f5lpsasti kohaneda nii t\u00f5usude kui ka tasasemate l\u00f5ikudega, samas kui V-pidurid on lihtsad ja kergesti hooldatavad. Praktilisuse huvides on jalgratas varustatud ka ketikaitsme ja helkuritega.<\/p>","protected":false},"excerpt":{"rendered":"<p>Classic TEAM 29 24s ir univers\u0101ls 29\u201d kalnu velosip\u0113ds akt\u012bvai br\u012bv\u0101 laika brauk\u0161anai un ikdienas izbraucieniem pa da\u017e\u0101da seguma ce\u013ciem. Lielie rite\u0146i ar Schwalbe Rapid Rob riep\u0101m nodro\u0161ina labu sa\u0137eri un p\u0101rliecino\u0161u vad\u0101m\u012bbu ar\u012b uz grants un me\u017ea celi\u0146iem, bet HL-565 dak\u0161a ar 100 mm g\u0101jienu pal\u012bdz komfortabl\u0101k p\u0101rbraukt nel\u012bdzenumus. 24 p\u0101rnesumu sist\u0113ma ar Shimano [&hellip;]<\/p>\n","protected":false},"featured_media":10977,"template":"","meta":{"_monsterinsights_skip_tracking":false,"_monsterinsights_sitenote_active":false,"_monsterinsights_sitenote_note":"","_monsterinsights_sitenote_category":0,"_iconic_wsb_product_page_order_bump_ids":[],"_sku":["10732632408331"],"_iconic_wsb_product_page_bump_modal_ids":[]},"product_brand":[1174],"product_cat":[980,1127],"product_tag":[211,212],"class_list":{"0":"post-10955","1":"product","2":"type-product","3":"status-publish","4":"has-post-thumbnail","6":"product_brand-classic","7":"product_cat-kalnu-velosipedi","8":"product_cat-velosipedi","9":"product_tag-kalnu-velosipedi","10":"product_tag-velosipedi","11":"product_shipping_class-pieauguso-velosipedi","13":"first","14":"instock","15":"sale","16":"taxable","17":"shipping-taxable","18":"purchasable","19":"product-type-simple"},"yoast_head":"<!-- This site is optimized with the Yoast SEO plugin v27.2 - https:\/\/yoast.com\/product\/yoast-seo-wordpress\/ -->\n<title>Classic TEAM 29 24s - Velo Outlets<\/title>\n<meta name=\"robots\" content=\"index, follow, max-snippet:-1, max-image-preview:large, max-video-preview:-1\" \/>\n<link rel=\"canonical\" href=\"https:\/\/velooutlets.com\/et\/toode\/classic-pro-29-21k-copy\/\" \/>\n<meta property=\"og:locale\" content=\"et_EE\" \/>\n<meta property=\"og:type\" content=\"article\" \/>\n<meta property=\"og:title\" content=\"Classic TEAM 29 24s - Velo Outlets\" \/>\n<meta property=\"og:description\" content=\"Classic TEAM 29 24s ir univers\u0101ls 29\u201d kalnu velosip\u0113ds akt\u012bvai br\u012bv\u0101 laika brauk\u0161anai un ikdienas izbraucieniem pa da\u017e\u0101da seguma ce\u013ciem. Lielie rite\u0146i ar Schwalbe Rapid Rob riep\u0101m nodro\u0161ina labu sa\u0137eri un p\u0101rliecino\u0161u vad\u0101m\u012bbu ar\u012b uz grants un me\u017ea celi\u0146iem, bet HL-565 dak\u0161a ar 100 mm g\u0101jienu pal\u012bdz komfortabl\u0101k p\u0101rbraukt nel\u012bdzenumus. 24 p\u0101rnesumu sist\u0113ma ar Shimano [&hellip;]\" \/>\n<meta property=\"og:url\" content=\"https:\/\/velooutlets.com\/et\/toode\/classic-pro-29-21k-copy\/\" \/>\n<meta property=\"og:site_name\" content=\"Velo Outlets\" \/>\n<meta property=\"article:modified_time\" content=\"2026-03-26T09:41:31+00:00\" \/>\n<meta property=\"og:image\" content=\"https:\/\/velooutlets.com\/wp-content\/uploads\/2025\/10\/29MA-24S-COL3-23-scaled.jpg\" \/>\n\t<meta property=\"og:image:width\" content=\"2560\" \/>\n\t<meta property=\"og:image:height\" content=\"1440\" \/>\n\t<meta property=\"og:image:type\" content=\"image\/jpeg\" \/>\n<meta name=\"twitter:card\" content=\"summary_large_image\" \/>\n<meta name=\"twitter:label1\" content=\"Est. reading time\" \/>\n\t<meta name=\"twitter:data1\" content=\"1 minut\" \/>\n<script type=\"application\/ld+json\" class=\"yoast-schema-graph\">{\"@context\":\"https:\/\/schema.org\",\"@graph\":[{\"@type\":\"WebPage\",\"@id\":\"https:\/\/velooutlets.com\/products\/classic-pro-29-21k-copy\/\",\"url\":\"https:\/\/velooutlets.com\/products\/classic-pro-29-21k-copy\/\",\"name\":\"Classic TEAM 29 24s - Velo Outlets\",\"isPartOf\":{\"@id\":\"https:\/\/velooutlets.com\/en\/#website\"},\"primaryImageOfPage\":{\"@id\":\"https:\/\/velooutlets.com\/products\/classic-pro-29-21k-copy\/#primaryimage\"},\"image\":{\"@id\":\"https:\/\/velooutlets.com\/products\/classic-pro-29-21k-copy\/#primaryimage\"},\"thumbnailUrl\":\"https:\/\/velooutlets.com\/wp-content\/uploads\/2025\/10\/29MA-24S-COL3-23-scaled.jpg\",\"datePublished\":\"2025-10-08T07:07:32+00:00\",\"dateModified\":\"2026-03-26T09:41:31+00:00\",\"breadcrumb\":{\"@id\":\"https:\/\/velooutlets.com\/products\/classic-pro-29-21k-copy\/#breadcrumb\"},\"inLanguage\":\"et\",\"potentialAction\":[{\"@type\":\"ReadAction\",\"target\":[\"https:\/\/velooutlets.com\/products\/classic-pro-29-21k-copy\/\"]}]},{\"@type\":\"ImageObject\",\"inLanguage\":\"et\",\"@id\":\"https:\/\/velooutlets.com\/products\/classic-pro-29-21k-copy\/#primaryimage\",\"url\":\"https:\/\/velooutlets.com\/wp-content\/uploads\/2025\/10\/29MA-24S-COL3-23-scaled.jpg\",\"contentUrl\":\"https:\/\/velooutlets.com\/wp-content\/uploads\/2025\/10\/29MA-24S-COL3-23-scaled.jpg\",\"width\":2560,\"height\":1440},{\"@type\":\"BreadcrumbList\",\"@id\":\"https:\/\/velooutlets.com\/products\/classic-pro-29-21k-copy\/#breadcrumb\",\"itemListElement\":[{\"@type\":\"ListItem\",\"position\":1,\"name\":\"Home\",\"item\":\"https:\/\/velooutlets.com\/\"},{\"@type\":\"ListItem\",\"position\":2,\"name\":\"Veikals\",\"item\":\"https:\/\/velooutlets.com\/shop\/\"},{\"@type\":\"ListItem\",\"position\":3,\"name\":\"Classic TEAM 29 24s\"}]},{\"@type\":\"WebSite\",\"@id\":\"https:\/\/velooutlets.com\/en\/#website\",\"url\":\"https:\/\/velooutlets.com\/en\/\",\"name\":\"Velo Outlets\",\"description\":\"Velosip\u0113di visai \u0123imenei\",\"potentialAction\":[{\"@type\":\"SearchAction\",\"target\":{\"@type\":\"EntryPoint\",\"urlTemplate\":\"https:\/\/velooutlets.com\/en\/?s={search_term_string}\"},\"query-input\":{\"@type\":\"PropertyValueSpecification\",\"valueRequired\":true,\"valueName\":\"search_term_string\"}}],\"inLanguage\":\"et\"}]}<\/script>\n<!-- \/ Yoast SEO plugin. -->","yoast_head_json":{"title":"Classic TEAM 29 24s - Velo Outlets","robots":{"index":"index","follow":"follow","max-snippet":"max-snippet:-1","max-image-preview":"max-image-preview:large","max-video-preview":"max-video-preview:-1"},"canonical":"https:\/\/velooutlets.com\/et\/toode\/classic-pro-29-21k-copy\/","og_locale":"et_EE","og_type":"article","og_title":"Classic TEAM 29 24s - Velo Outlets","og_description":"Classic TEAM 29 24s ir univers\u0101ls 29\u201d kalnu velosip\u0113ds akt\u012bvai br\u012bv\u0101 laika brauk\u0161anai un ikdienas izbraucieniem pa da\u017e\u0101da seguma ce\u013ciem. Lielie rite\u0146i ar Schwalbe Rapid Rob riep\u0101m nodro\u0161ina labu sa\u0137eri un p\u0101rliecino\u0161u vad\u0101m\u012bbu ar\u012b uz grants un me\u017ea celi\u0146iem, bet HL-565 dak\u0161a ar 100 mm g\u0101jienu pal\u012bdz komfortabl\u0101k p\u0101rbraukt nel\u012bdzenumus. 24 p\u0101rnesumu sist\u0113ma ar Shimano [&hellip;]","og_url":"https:\/\/velooutlets.com\/et\/toode\/classic-pro-29-21k-copy\/","og_site_name":"Velo Outlets","article_modified_time":"2026-03-26T09:41:31+00:00","og_image":[{"width":2560,"height":1440,"url":"https:\/\/velooutlets.com\/wp-content\/uploads\/2025\/10\/29MA-24S-COL3-23-scaled.jpg","type":"image\/jpeg"}],"twitter_card":"summary_large_image","twitter_misc":{"Est. reading time":"1 minut"},"schema":{"@context":"https:\/\/schema.org","@graph":[{"@type":"WebPage","@id":"https:\/\/velooutlets.com\/products\/classic-pro-29-21k-copy\/","url":"https:\/\/velooutlets.com\/products\/classic-pro-29-21k-copy\/","name":"Classic TEAM 29 24s - Velo Outlets","isPartOf":{"@id":"https:\/\/velooutlets.com\/en\/#website"},"primaryImageOfPage":{"@id":"https:\/\/velooutlets.com\/products\/classic-pro-29-21k-copy\/#primaryimage"},"image":{"@id":"https:\/\/velooutlets.com\/products\/classic-pro-29-21k-copy\/#primaryimage"},"thumbnailUrl":"https:\/\/velooutlets.com\/wp-content\/uploads\/2025\/10\/29MA-24S-COL3-23-scaled.jpg","datePublished":"2025-10-08T07:07:32+00:00","dateModified":"2026-03-26T09:41:31+00:00","breadcrumb":{"@id":"https:\/\/velooutlets.com\/products\/classic-pro-29-21k-copy\/#breadcrumb"},"inLanguage":"et","potentialAction":[{"@type":"ReadAction","target":["https:\/\/velooutlets.com\/products\/classic-pro-29-21k-copy\/"]}]},{"@type":"ImageObject","inLanguage":"et","@id":"https:\/\/velooutlets.com\/products\/classic-pro-29-21k-copy\/#primaryimage","url":"https:\/\/velooutlets.com\/wp-content\/uploads\/2025\/10\/29MA-24S-COL3-23-scaled.jpg","contentUrl":"https:\/\/velooutlets.com\/wp-content\/uploads\/2025\/10\/29MA-24S-COL3-23-scaled.jpg","width":2560,"height":1440},{"@type":"BreadcrumbList","@id":"https:\/\/velooutlets.com\/products\/classic-pro-29-21k-copy\/#breadcrumb","itemListElement":[{"@type":"ListItem","position":1,"name":"Home","item":"https:\/\/velooutlets.com\/"},{"@type":"ListItem","position":2,"name":"Veikals","item":"https:\/\/velooutlets.com\/shop\/"},{"@type":"ListItem","position":3,"name":"Classic TEAM 29 24s"}]},{"@type":"WebSite","@id":"https:\/\/velooutlets.com\/en\/#website","url":"https:\/\/velooutlets.com\/en\/","name":"Velo Outlets","description":"Jalgrattad kogu perele","potentialAction":[{"@type":"SearchAction","target":{"@type":"EntryPoint","urlTemplate":"https:\/\/velooutlets.com\/en\/?s={search_term_string}"},"query-input":{"@type":"PropertyValueSpecification","valueRequired":true,"valueName":"search_term_string"}}],"inLanguage":"et"}]}},"jetpack_sharing_enabled":true,"_links":{"self":[{"href":"https:\/\/velooutlets.com\/et\/wp-json\/wp\/v2\/product\/10955","targetHints":{"allow":["GET"]}}],"collection":[{"href":"https:\/\/velooutlets.com\/et\/wp-json\/wp\/v2\/product"}],"about":[{"href":"https:\/\/velooutlets.com\/et\/wp-json\/wp\/v2\/types\/product"}],"wp:featuredmedia":[{"embeddable":true,"href":"https:\/\/velooutlets.com\/et\/wp-json\/wp\/v2\/media\/10977"}],"wp:attachment":[{"href":"https:\/\/velooutlets.com\/et\/wp-json\/wp\/v2\/media?parent=10955"}],"wp:term":[{"taxonomy":"product_brand","embeddable":true,"href":"https:\/\/velooutlets.com\/et\/wp-json\/wp\/v2\/product_brand?post=10955"},{"taxonomy":"product_cat","embeddable":true,"href":"https:\/\/velooutlets.com\/et\/wp-json\/wp\/v2\/product_cat?post=10955"},{"taxonomy":"product_tag","embeddable":true,"href":"https:\/\/velooutlets.com\/et\/wp-json\/wp\/v2\/product_tag?post=10955"}],"curies":[{"name":"wp","href":"https:\/\/api.w.org\/{rel}","templated":true}]}}