{"id":10960,"date":"2025-10-08T07:07:36","date_gmt":"2025-10-08T07:07:36","guid":{"rendered":"https:\/\/staging.velooutlets.com\/product\/dyu-stroll-1-700c-silver\/"},"modified":"2026-04-27T15:24:55","modified_gmt":"2026-04-27T12:24:55","slug":"dyu-stroll-1-700c-silver","status":"publish","type":"product","link":"https:\/\/velooutlets.com\/et\/toode\/dyu-stroll-1-700c-silver\/","title":{"rendered":"DYU Stroll 1 700C h\u00f5bedane"},"content":{"rendered":"<p data-start=\"0\" data-end=\"341\">DYU Stroll 1 on stiilne ja kerge 28-tolline elektriline linnarattur, millel on alumiiniumraam ja kaasaegne disain, mis sobib ideaalselt igap\u00e4evaseks linnas\u00f5iduks ja l\u00f5dvestunud n\u00e4dalavahetuse s\u00f5itudeks. 250W mootor tagab kiiruse kuni 25 km\/h ja eemaldatav 36V 9Ah aku v\u00f5imaldab \u00fche laadimisega l\u00e4bida umbes 80-100 km.<\/p>\n<p data-start=\"343\" data-end=\"682\" data-is-last-node=\"\" data-is-only-node=\"\">Jalgrattal on Shimano 7-k\u00e4iguline, h\u00fcdraulilised ketaspidurid, mugavad 700x38c rehvid ja LCD-ekraan, mis n\u00e4itab kiirust ja aku taset. LED-valgustus parandab s\u00f5iduturvalisust ka pimedal ajal. DYU Stroll 1 vastab Euroopa Liidu n\u00f5uetele, s\u00f5itmisel on soovitatav kasutada kiivrit.<\/p>","protected":false},"excerpt":{"rendered":"<p>DYU Stroll 1 ir stil\u012bgs un viegls 28 collu elektriskais pils\u0113tas velosip\u0113ds ar alum\u012bnija r\u0101mi un modernu dizainu, kas lieliski piem\u0113rots ikdienas braucieniem pa pils\u0113tu un mier\u012bgiem ned\u0113\u013cas nogales izbraucieniem. 250 W motors nodro\u0161ina \u0101trumu l\u012bdz 25 km\/h, bet no\u0146emamais 36V 9Ah akumulators \u013cauj nobraukt aptuveni 80\u2013100 km ar vienu uzl\u0101di. Velosip\u0113ds apr\u012bkots ar Shimano [&hellip;]<\/p>\n","protected":false},"featured_media":38133,"template":"","meta":{"_monsterinsights_skip_tracking":false,"_monsterinsights_sitenote_active":false,"_monsterinsights_sitenote_note":"","_monsterinsights_sitenote_category":0,"_iconic_wsb_product_page_order_bump_ids":[[]],"_sku":["9785699168354"],"_iconic_wsb_product_page_bump_modal_ids":[[]]},"product_brand":[1161],"product_cat":[963,1127],"product_tag":[1525,847,212],"class_list":{"0":"post-10960","1":"product","2":"type-product","3":"status-publish","4":"has-post-thumbnail","6":"product_brand-dyu","7":"product_cat-elektro-velosipedi","8":"product_cat-velosipedi","9":"product_tag-04_02_26","10":"product_tag-elektro-velosipedi","11":"product_tag-velosipedi","12":"product_shipping_class-elektro-velosipedi","13":"pa_materials-aluminija-ramis","14":"pa_ramja-izmers-uni","16":"first","17":"instock","18":"sale","19":"taxable","20":"shipping-taxable","21":"purchasable","22":"product-type-simple"},"yoast_head":"<!-- This site is optimized with the Yoast SEO plugin v27.2 - https:\/\/yoast.com\/product\/yoast-seo-wordpress\/ -->\n<title>DYU Stroll 1 700C Silver - Velo Outlets<\/title>\n<meta name=\"robots\" content=\"index, follow, max-snippet:-1, max-image-preview:large, max-video-preview:-1\" \/>\n<link rel=\"canonical\" href=\"https:\/\/velooutlets.com\/et\/toode\/dyu-stroll-1-700c-silver\/\" \/>\n<meta property=\"og:locale\" content=\"et_EE\" \/>\n<meta property=\"og:type\" content=\"article\" \/>\n<meta property=\"og:title\" content=\"DYU Stroll 1 700C Silver - Velo Outlets\" \/>\n<meta property=\"og:description\" content=\"DYU Stroll 1 ir stil\u012bgs un viegls 28 collu elektriskais pils\u0113tas velosip\u0113ds ar alum\u012bnija r\u0101mi un modernu dizainu, kas lieliski piem\u0113rots ikdienas braucieniem pa pils\u0113tu un mier\u012bgiem ned\u0113\u013cas nogales izbraucieniem. 250 W motors nodro\u0161ina \u0101trumu l\u012bdz 25 km\/h, bet no\u0146emamais 36V 9Ah akumulators \u013cauj nobraukt aptuveni 80\u2013100 km ar vienu uzl\u0101di. Velosip\u0113ds apr\u012bkots ar Shimano [&hellip;]\" \/>\n<meta property=\"og:url\" content=\"https:\/\/velooutlets.com\/et\/toode\/dyu-stroll-1-700c-silver\/\" \/>\n<meta property=\"og:site_name\" content=\"Velo Outlets\" \/>\n<meta property=\"article:modified_time\" content=\"2026-04-27T12:24:55+00:00\" \/>\n<meta property=\"og:image\" content=\"https:\/\/velooutlets.com\/wp-content\/uploads\/2025\/10\/S-01-scaled.webp\" \/>\n\t<meta property=\"og:image:width\" content=\"2560\" \/>\n\t<meta property=\"og:image:height\" content=\"2560\" \/>\n\t<meta property=\"og:image:type\" content=\"image\/webp\" \/>\n<meta name=\"twitter:card\" content=\"summary_large_image\" \/>\n<meta name=\"twitter:label1\" content=\"Est. reading time\" \/>\n\t<meta name=\"twitter:data1\" content=\"1 minut\" \/>\n<script type=\"application\/ld+json\" class=\"yoast-schema-graph\">{\"@context\":\"https:\/\/schema.org\",\"@graph\":[{\"@type\":\"WebPage\",\"@id\":\"https:\/\/velooutlets.com\/products\/dyu-stroll-1-700c-silver\/\",\"url\":\"https:\/\/velooutlets.com\/products\/dyu-stroll-1-700c-silver\/\",\"name\":\"DYU Stroll 1 700C Silver - Velo Outlets\",\"isPartOf\":{\"@id\":\"https:\/\/velooutlets.com\/en\/#website\"},\"primaryImageOfPage\":{\"@id\":\"https:\/\/velooutlets.com\/products\/dyu-stroll-1-700c-silver\/#primaryimage\"},\"image\":{\"@id\":\"https:\/\/velooutlets.com\/products\/dyu-stroll-1-700c-silver\/#primaryimage\"},\"thumbnailUrl\":\"https:\/\/velooutlets.com\/wp-content\/uploads\/2025\/10\/1000200078.jpg\",\"datePublished\":\"2025-10-08T07:07:36+00:00\",\"dateModified\":\"2026-04-27T12:24:55+00:00\",\"breadcrumb\":{\"@id\":\"https:\/\/velooutlets.com\/products\/dyu-stroll-1-700c-silver\/#breadcrumb\"},\"inLanguage\":\"et\",\"potentialAction\":[{\"@type\":\"ReadAction\",\"target\":[\"https:\/\/velooutlets.com\/products\/dyu-stroll-1-700c-silver\/\"]}]},{\"@type\":\"ImageObject\",\"inLanguage\":\"et\",\"@id\":\"https:\/\/velooutlets.com\/products\/dyu-stroll-1-700c-silver\/#primaryimage\",\"url\":\"https:\/\/velooutlets.com\/wp-content\/uploads\/2025\/10\/1000200078.jpg\",\"contentUrl\":\"https:\/\/velooutlets.com\/wp-content\/uploads\/2025\/10\/1000200078.jpg\",\"width\":1600,\"height\":1067},{\"@type\":\"BreadcrumbList\",\"@id\":\"https:\/\/velooutlets.com\/products\/dyu-stroll-1-700c-silver\/#breadcrumb\",\"itemListElement\":[{\"@type\":\"ListItem\",\"position\":1,\"name\":\"Home\",\"item\":\"https:\/\/velooutlets.com\/\"},{\"@type\":\"ListItem\",\"position\":2,\"name\":\"Veikals\",\"item\":\"https:\/\/velooutlets.com\/shop\/\"},{\"@type\":\"ListItem\",\"position\":3,\"name\":\"DYU Stroll 1 700C Silver\"}]},{\"@type\":\"WebSite\",\"@id\":\"https:\/\/velooutlets.com\/en\/#website\",\"url\":\"https:\/\/velooutlets.com\/en\/\",\"name\":\"Velo Outlets\",\"description\":\"Velosip\u0113di visai \u0123imenei\",\"potentialAction\":[{\"@type\":\"SearchAction\",\"target\":{\"@type\":\"EntryPoint\",\"urlTemplate\":\"https:\/\/velooutlets.com\/en\/?s={search_term_string}\"},\"query-input\":{\"@type\":\"PropertyValueSpecification\",\"valueRequired\":true,\"valueName\":\"search_term_string\"}}],\"inLanguage\":\"et\"}]}<\/script>\n<!-- \/ Yoast SEO plugin. -->","yoast_head_json":{"title":"DYU Stroll 1 700C Silver - Velo Outlets","robots":{"index":"index","follow":"follow","max-snippet":"max-snippet:-1","max-image-preview":"max-image-preview:large","max-video-preview":"max-video-preview:-1"},"canonical":"https:\/\/velooutlets.com\/et\/toode\/dyu-stroll-1-700c-silver\/","og_locale":"et_EE","og_type":"article","og_title":"DYU Stroll 1 700C Silver - Velo Outlets","og_description":"DYU Stroll 1 ir stil\u012bgs un viegls 28 collu elektriskais pils\u0113tas velosip\u0113ds ar alum\u012bnija r\u0101mi un modernu dizainu, kas lieliski piem\u0113rots ikdienas braucieniem pa pils\u0113tu un mier\u012bgiem ned\u0113\u013cas nogales izbraucieniem. 250 W motors nodro\u0161ina \u0101trumu l\u012bdz 25 km\/h, bet no\u0146emamais 36V 9Ah akumulators \u013cauj nobraukt aptuveni 80\u2013100 km ar vienu uzl\u0101di. Velosip\u0113ds apr\u012bkots ar Shimano [&hellip;]","og_url":"https:\/\/velooutlets.com\/et\/toode\/dyu-stroll-1-700c-silver\/","og_site_name":"Velo Outlets","article_modified_time":"2026-04-27T12:24:55+00:00","og_image":[{"width":2560,"height":2560,"url":"https:\/\/velooutlets.com\/wp-content\/uploads\/2025\/10\/S-01-scaled.webp","type":"image\/webp"}],"twitter_card":"summary_large_image","twitter_misc":{"Est. reading time":"1 minut"},"schema":{"@context":"https:\/\/schema.org","@graph":[{"@type":"WebPage","@id":"https:\/\/velooutlets.com\/products\/dyu-stroll-1-700c-silver\/","url":"https:\/\/velooutlets.com\/products\/dyu-stroll-1-700c-silver\/","name":"DYU Stroll 1 700C Silver - Velo Outlets","isPartOf":{"@id":"https:\/\/velooutlets.com\/en\/#website"},"primaryImageOfPage":{"@id":"https:\/\/velooutlets.com\/products\/dyu-stroll-1-700c-silver\/#primaryimage"},"image":{"@id":"https:\/\/velooutlets.com\/products\/dyu-stroll-1-700c-silver\/#primaryimage"},"thumbnailUrl":"https:\/\/velooutlets.com\/wp-content\/uploads\/2025\/10\/1000200078.jpg","datePublished":"2025-10-08T07:07:36+00:00","dateModified":"2026-04-27T12:24:55+00:00","breadcrumb":{"@id":"https:\/\/velooutlets.com\/products\/dyu-stroll-1-700c-silver\/#breadcrumb"},"inLanguage":"et","potentialAction":[{"@type":"ReadAction","target":["https:\/\/velooutlets.com\/products\/dyu-stroll-1-700c-silver\/"]}]},{"@type":"ImageObject","inLanguage":"et","@id":"https:\/\/velooutlets.com\/products\/dyu-stroll-1-700c-silver\/#primaryimage","url":"https:\/\/velooutlets.com\/wp-content\/uploads\/2025\/10\/1000200078.jpg","contentUrl":"https:\/\/velooutlets.com\/wp-content\/uploads\/2025\/10\/1000200078.jpg","width":1600,"height":1067},{"@type":"BreadcrumbList","@id":"https:\/\/velooutlets.com\/products\/dyu-stroll-1-700c-silver\/#breadcrumb","itemListElement":[{"@type":"ListItem","position":1,"name":"Home","item":"https:\/\/velooutlets.com\/"},{"@type":"ListItem","position":2,"name":"Veikals","item":"https:\/\/velooutlets.com\/shop\/"},{"@type":"ListItem","position":3,"name":"DYU Stroll 1 700C Silver"}]},{"@type":"WebSite","@id":"https:\/\/velooutlets.com\/en\/#website","url":"https:\/\/velooutlets.com\/en\/","name":"Velo Outlets","description":"Jalgrattad kogu perele","potentialAction":[{"@type":"SearchAction","target":{"@type":"EntryPoint","urlTemplate":"https:\/\/velooutlets.com\/en\/?s={search_term_string}"},"query-input":{"@type":"PropertyValueSpecification","valueRequired":true,"valueName":"search_term_string"}}],"inLanguage":"et"}]}},"jetpack_sharing_enabled":true,"_links":{"self":[{"href":"https:\/\/velooutlets.com\/et\/wp-json\/wp\/v2\/product\/10960","targetHints":{"allow":["GET"]}}],"collection":[{"href":"https:\/\/velooutlets.com\/et\/wp-json\/wp\/v2\/product"}],"about":[{"href":"https:\/\/velooutlets.com\/et\/wp-json\/wp\/v2\/types\/product"}],"wp:featuredmedia":[{"embeddable":true,"href":"https:\/\/velooutlets.com\/et\/wp-json\/wp\/v2\/media\/38133"}],"wp:attachment":[{"href":"https:\/\/velooutlets.com\/et\/wp-json\/wp\/v2\/media?parent=10960"}],"wp:term":[{"taxonomy":"product_brand","embeddable":true,"href":"https:\/\/velooutlets.com\/et\/wp-json\/wp\/v2\/product_brand?post=10960"},{"taxonomy":"product_cat","embeddable":true,"href":"https:\/\/velooutlets.com\/et\/wp-json\/wp\/v2\/product_cat?post=10960"},{"taxonomy":"product_tag","embeddable":true,"href":"https:\/\/velooutlets.com\/et\/wp-json\/wp\/v2\/product_tag?post=10960"}],"curies":[{"name":"wp","href":"https:\/\/api.w.org\/{rel}","templated":true}]}}