{"id":11138,"date":"2025-10-08T07:51:12","date_gmt":"2025-10-08T07:51:12","guid":{"rendered":"https:\/\/staging.velooutlets.com\/product\/hud-y-ace-velvet-black-m\/"},"modified":"2026-03-18T13:03:33","modified_gmt":"2026-03-18T11:03:33","slug":"hud-y-ace-velvet-black-m","status":"publish","type":"product","link":"https:\/\/velooutlets.com\/et\/toode\/hud-y-ace-velvet-black-m\/","title":{"rendered":"HUD-Y ACE velvet must"},"content":{"rendered":"<p>ABUS HUD Y on kvaliteetne linnarattakiiver, mille vormitud konstruktsioon tagab t\u00f5husa l\u00f6\u00f6gisummutuse ja vastupidavuse. Sisseehitatud LED-tagutuli parandab n\u00e4htavust liikluses, samas kui reguleerimiss\u00fcsteem tagab t\u00e4pse ja stabiilse istuvuse. H\u00e4sti paigutatud \u00f5huavad tagavad mugavuse igap\u00e4evastel linnas\u00f5itudel.<\/p>","protected":false},"excerpt":{"rendered":"<p>ABUS HUD Y on kvaliteetne linnarattakiiver, mille vormitud konstruktsioon tagab t\u00f5husa l\u00f6\u00f6gisummutuse ja vastupidavuse. Sisseehitatud LED-tagutuli parandab n\u00e4htavust liikluses, samas kui reguleerimiss\u00fcsteem tagab t\u00e4pse ja stabiilse istuvuse. H\u00e4sti paigutatud \u00f5huavad tagavad mugavuse igap\u00e4evastel linnas\u00f5itudel.<\/p>","protected":false},"featured_media":11141,"template":"","meta":{"_monsterinsights_skip_tracking":false,"_monsterinsights_sitenote_active":false,"_monsterinsights_sitenote_note":"","_monsterinsights_sitenote_category":0,"_iconic_wsb_product_page_order_bump_ids":[],"_sku":["8951136944395"],"_iconic_wsb_product_page_bump_modal_ids":[]},"product_brand":[1346],"product_cat":[910,992,994,1736,1137],"product_tag":[214,215,216],"class_list":{"0":"post-11138","1":"product","2":"type-product","3":"status-publish","4":"has-post-thumbnail","6":"product_brand-abus","7":"product_cat-aksesuari","8":"product_cat-kiveres","9":"product_cat-aizsargkiveres-pieaugusajiem","10":"product_cat-pilsetas-kiveres","11":"product_cat-viss-ekipejums","12":"product_tag-aizsargkiveres","13":"product_tag-kiveres","14":"product_tag-kiveres-pieaugusajiem","15":"product_shipping_class-aksesuari","16":"ts_product_brand-abus","18":"first","19":"instock","20":"taxable","21":"shipping-taxable","22":"purchasable","23":"product-type-simple"},"yoast_head":"<!-- This site is optimized with the Yoast SEO plugin v27.2 - https:\/\/yoast.com\/product\/yoast-seo-wordpress\/ -->\n<title>HUD-Y ACE velvet black - Velo Outlets<\/title>\n<meta name=\"robots\" content=\"index, follow, max-snippet:-1, max-image-preview:large, max-video-preview:-1\" \/>\n<link rel=\"canonical\" href=\"https:\/\/velooutlets.com\/et\/toode\/hud-y-ace-velvet-black-m\/\" \/>\n<meta property=\"og:locale\" content=\"et_EE\" \/>\n<meta property=\"og:type\" content=\"article\" \/>\n<meta property=\"og:title\" content=\"HUD-Y ACE velvet black - Velo Outlets\" \/>\n<meta property=\"og:description\" content=\"ABUS HUD Y ir augstas kvalit\u0101tes pils\u0113tas velo \u0137ivere ar in-mold konstrukciju, kas nodro\u0161ina efekt\u012bvu triecienu absorbciju un iztur\u012bbu. Integr\u0113t\u0101 LED aizmugur\u0113j\u0101 gaisma uzlabo redzam\u012bbu satiksm\u0113, savuk\u0101rt regul\u0113\u0161anas sist\u0113ma nodro\u0161ina prec\u012bzu un stabilu piegul\u0161anu. Labi izvietot\u0101s ventil\u0101cijas atveres garant\u0113 komfortu ikdienas braucienos pils\u0113t\u0101.\" \/>\n<meta property=\"og:url\" content=\"https:\/\/velooutlets.com\/et\/toode\/hud-y-ace-velvet-black-m\/\" \/>\n<meta property=\"og:site_name\" content=\"Velo Outlets\" \/>\n<meta property=\"article:modified_time\" content=\"2026-03-18T11:03:33+00:00\" \/>\n<meta property=\"og:image\" content=\"https:\/\/velooutlets.com\/wp-content\/uploads\/2025\/10\/91993_HUD-Y_ACE-VELVET-BLACK_SIDE_CMYK_abus_1920_58c7d913-afe8-4edc-a16a-a7f94a7d2692.jpg\" \/>\n\t<meta property=\"og:image:width\" content=\"1920\" \/>\n\t<meta property=\"og:image:height\" content=\"2048\" \/>\n\t<meta property=\"og:image:type\" content=\"image\/jpeg\" \/>\n<meta name=\"twitter:card\" content=\"summary_large_image\" \/>\n<script type=\"application\/ld+json\" class=\"yoast-schema-graph\">{\"@context\":\"https:\/\/schema.org\",\"@graph\":[{\"@type\":\"WebPage\",\"@id\":\"https:\/\/velooutlets.com\/products\/hud-y-ace-velvet-black-m\/\",\"url\":\"https:\/\/velooutlets.com\/products\/hud-y-ace-velvet-black-m\/\",\"name\":\"HUD-Y ACE velvet black - Velo Outlets\",\"isPartOf\":{\"@id\":\"https:\/\/velooutlets.com\/en\/#website\"},\"primaryImageOfPage\":{\"@id\":\"https:\/\/velooutlets.com\/products\/hud-y-ace-velvet-black-m\/#primaryimage\"},\"image\":{\"@id\":\"https:\/\/velooutlets.com\/products\/hud-y-ace-velvet-black-m\/#primaryimage\"},\"thumbnailUrl\":\"https:\/\/velooutlets.com\/wp-content\/uploads\/2025\/10\/91993_HUD-Y_ACE-VELVET-BLACK_SIDE_CMYK_abus_1920_58c7d913-afe8-4edc-a16a-a7f94a7d2692.jpg\",\"datePublished\":\"2025-10-08T07:51:12+00:00\",\"dateModified\":\"2026-03-18T11:03:33+00:00\",\"breadcrumb\":{\"@id\":\"https:\/\/velooutlets.com\/products\/hud-y-ace-velvet-black-m\/#breadcrumb\"},\"inLanguage\":\"et\",\"potentialAction\":[{\"@type\":\"ReadAction\",\"target\":[\"https:\/\/velooutlets.com\/products\/hud-y-ace-velvet-black-m\/\"]}]},{\"@type\":\"ImageObject\",\"inLanguage\":\"et\",\"@id\":\"https:\/\/velooutlets.com\/products\/hud-y-ace-velvet-black-m\/#primaryimage\",\"url\":\"https:\/\/velooutlets.com\/wp-content\/uploads\/2025\/10\/91993_HUD-Y_ACE-VELVET-BLACK_SIDE_CMYK_abus_1920_58c7d913-afe8-4edc-a16a-a7f94a7d2692.jpg\",\"contentUrl\":\"https:\/\/velooutlets.com\/wp-content\/uploads\/2025\/10\/91993_HUD-Y_ACE-VELVET-BLACK_SIDE_CMYK_abus_1920_58c7d913-afe8-4edc-a16a-a7f94a7d2692.jpg\",\"width\":1920,\"height\":2048},{\"@type\":\"BreadcrumbList\",\"@id\":\"https:\/\/velooutlets.com\/products\/hud-y-ace-velvet-black-m\/#breadcrumb\",\"itemListElement\":[{\"@type\":\"ListItem\",\"position\":1,\"name\":\"Home\",\"item\":\"https:\/\/velooutlets.com\/\"},{\"@type\":\"ListItem\",\"position\":2,\"name\":\"Veikals\",\"item\":\"https:\/\/velooutlets.com\/shop\/\"},{\"@type\":\"ListItem\",\"position\":3,\"name\":\"HUD-Y ACE velvet black\"}]},{\"@type\":\"WebSite\",\"@id\":\"https:\/\/velooutlets.com\/en\/#website\",\"url\":\"https:\/\/velooutlets.com\/en\/\",\"name\":\"Velo Outlets\",\"description\":\"Velosip\u0113di visai \u0123imenei\",\"potentialAction\":[{\"@type\":\"SearchAction\",\"target\":{\"@type\":\"EntryPoint\",\"urlTemplate\":\"https:\/\/velooutlets.com\/en\/?s={search_term_string}\"},\"query-input\":{\"@type\":\"PropertyValueSpecification\",\"valueRequired\":true,\"valueName\":\"search_term_string\"}}],\"inLanguage\":\"et\"}]}<\/script>\n<!-- \/ Yoast SEO plugin. -->","yoast_head_json":{"title":"HUD-Y ACE velvet black - Velo Outlets","robots":{"index":"index","follow":"follow","max-snippet":"max-snippet:-1","max-image-preview":"max-image-preview:large","max-video-preview":"max-video-preview:-1"},"canonical":"https:\/\/velooutlets.com\/et\/toode\/hud-y-ace-velvet-black-m\/","og_locale":"et_EE","og_type":"article","og_title":"HUD-Y ACE velvet black - Velo Outlets","og_description":"ABUS HUD Y ir augstas kvalit\u0101tes pils\u0113tas velo \u0137ivere ar in-mold konstrukciju, kas nodro\u0161ina efekt\u012bvu triecienu absorbciju un iztur\u012bbu. Integr\u0113t\u0101 LED aizmugur\u0113j\u0101 gaisma uzlabo redzam\u012bbu satiksm\u0113, savuk\u0101rt regul\u0113\u0161anas sist\u0113ma nodro\u0161ina prec\u012bzu un stabilu piegul\u0161anu. Labi izvietot\u0101s ventil\u0101cijas atveres garant\u0113 komfortu ikdienas braucienos pils\u0113t\u0101.","og_url":"https:\/\/velooutlets.com\/et\/toode\/hud-y-ace-velvet-black-m\/","og_site_name":"Velo Outlets","article_modified_time":"2026-03-18T11:03:33+00:00","og_image":[{"width":1920,"height":2048,"url":"https:\/\/velooutlets.com\/wp-content\/uploads\/2025\/10\/91993_HUD-Y_ACE-VELVET-BLACK_SIDE_CMYK_abus_1920_58c7d913-afe8-4edc-a16a-a7f94a7d2692.jpg","type":"image\/jpeg"}],"twitter_card":"summary_large_image","schema":{"@context":"https:\/\/schema.org","@graph":[{"@type":"WebPage","@id":"https:\/\/velooutlets.com\/products\/hud-y-ace-velvet-black-m\/","url":"https:\/\/velooutlets.com\/products\/hud-y-ace-velvet-black-m\/","name":"HUD-Y ACE velvet black - Velo Outlets","isPartOf":{"@id":"https:\/\/velooutlets.com\/en\/#website"},"primaryImageOfPage":{"@id":"https:\/\/velooutlets.com\/products\/hud-y-ace-velvet-black-m\/#primaryimage"},"image":{"@id":"https:\/\/velooutlets.com\/products\/hud-y-ace-velvet-black-m\/#primaryimage"},"thumbnailUrl":"https:\/\/velooutlets.com\/wp-content\/uploads\/2025\/10\/91993_HUD-Y_ACE-VELVET-BLACK_SIDE_CMYK_abus_1920_58c7d913-afe8-4edc-a16a-a7f94a7d2692.jpg","datePublished":"2025-10-08T07:51:12+00:00","dateModified":"2026-03-18T11:03:33+00:00","breadcrumb":{"@id":"https:\/\/velooutlets.com\/products\/hud-y-ace-velvet-black-m\/#breadcrumb"},"inLanguage":"et","potentialAction":[{"@type":"ReadAction","target":["https:\/\/velooutlets.com\/products\/hud-y-ace-velvet-black-m\/"]}]},{"@type":"ImageObject","inLanguage":"et","@id":"https:\/\/velooutlets.com\/products\/hud-y-ace-velvet-black-m\/#primaryimage","url":"https:\/\/velooutlets.com\/wp-content\/uploads\/2025\/10\/91993_HUD-Y_ACE-VELVET-BLACK_SIDE_CMYK_abus_1920_58c7d913-afe8-4edc-a16a-a7f94a7d2692.jpg","contentUrl":"https:\/\/velooutlets.com\/wp-content\/uploads\/2025\/10\/91993_HUD-Y_ACE-VELVET-BLACK_SIDE_CMYK_abus_1920_58c7d913-afe8-4edc-a16a-a7f94a7d2692.jpg","width":1920,"height":2048},{"@type":"BreadcrumbList","@id":"https:\/\/velooutlets.com\/products\/hud-y-ace-velvet-black-m\/#breadcrumb","itemListElement":[{"@type":"ListItem","position":1,"name":"Home","item":"https:\/\/velooutlets.com\/"},{"@type":"ListItem","position":2,"name":"Veikals","item":"https:\/\/velooutlets.com\/shop\/"},{"@type":"ListItem","position":3,"name":"HUD-Y ACE velvet black"}]},{"@type":"WebSite","@id":"https:\/\/velooutlets.com\/en\/#website","url":"https:\/\/velooutlets.com\/en\/","name":"Velo Outlets","description":"Jalgrattad kogu perele","potentialAction":[{"@type":"SearchAction","target":{"@type":"EntryPoint","urlTemplate":"https:\/\/velooutlets.com\/en\/?s={search_term_string}"},"query-input":{"@type":"PropertyValueSpecification","valueRequired":true,"valueName":"search_term_string"}}],"inLanguage":"et"}]}},"jetpack_sharing_enabled":true,"_links":{"self":[{"href":"https:\/\/velooutlets.com\/et\/wp-json\/wp\/v2\/product\/11138","targetHints":{"allow":["GET"]}}],"collection":[{"href":"https:\/\/velooutlets.com\/et\/wp-json\/wp\/v2\/product"}],"about":[{"href":"https:\/\/velooutlets.com\/et\/wp-json\/wp\/v2\/types\/product"}],"wp:featuredmedia":[{"embeddable":true,"href":"https:\/\/velooutlets.com\/et\/wp-json\/wp\/v2\/media\/11141"}],"wp:attachment":[{"href":"https:\/\/velooutlets.com\/et\/wp-json\/wp\/v2\/media?parent=11138"}],"wp:term":[{"taxonomy":"product_brand","embeddable":true,"href":"https:\/\/velooutlets.com\/et\/wp-json\/wp\/v2\/product_brand?post=11138"},{"taxonomy":"product_cat","embeddable":true,"href":"https:\/\/velooutlets.com\/et\/wp-json\/wp\/v2\/product_cat?post=11138"},{"taxonomy":"product_tag","embeddable":true,"href":"https:\/\/velooutlets.com\/et\/wp-json\/wp\/v2\/product_tag?post=11138"}],"curies":[{"name":"wp","href":"https:\/\/api.w.org\/{rel}","templated":true}]}}