{"id":11152,"date":"2025-10-08T07:51:23","date_gmt":"2025-10-08T07:51:23","guid":{"rendered":"https:\/\/staging.velooutlets.com\/product\/hyban-2-0-mips-titan-xl\/"},"modified":"2026-03-18T12:57:34","modified_gmt":"2026-03-18T10:57:34","slug":"hyban-2-0-mips-titan-xl","status":"publish","type":"product","link":"https:\/\/velooutlets.com\/et\/toode\/hyban-2-0-mips-titan-xl\/","title":{"rendered":"HYBAN 2.0 MIPS titaan"},"content":{"rendered":"<p>ABUS Hyban on vastupidav ja usaldusv\u00e4\u00e4rne linnakiiver, mis on m\u00f5eldud igap\u00e4evaseks s\u00f5iduks ja linnas liiklemiseks. See \u00fchendab endas k\u00f5rge ohutustaseme ja praktilisuse, mist\u00f5ttu on see ideaalne valik nii igap\u00e4evastele ratturitele kui ka jalgratturitele, kes hindavad lisakaitset.<\/p>\n<p>Kiivril on k\u00f5va v\u00e4liskest, mis tagab suurema vastupidavuse ja parema l\u00f6\u00f6gikaitse. Suured ventilatsiooniavad tagavad piisava \u00f5huringluse, mis hoiab teid mugavalt ka soojema ilmaga.<\/p>\n<p>Hyban on varustatud integreeritud LED-tagevalgustusega, mis parandab n\u00e4htavust ja turvalisust pimedal ajal. T\u00e4pne reguleerimiss\u00fcsteem v\u00f5imaldab kiivrit kohandada individuaalsele peakujule, samas kui mugav polster tagab meeldiva igap\u00e4evase kasutamise.<\/p>","protected":false},"excerpt":{"rendered":"<p>ABUS Hyban ir iztur\u012bga un uzticama pils\u0113tas \u0137ivere, kas paredz\u0113ta ikdienas brauk\u0161anai un p\u0101rvieto\u0161anai pils\u0113tvid\u0113. T\u0101 apvieno augstu dro\u0161\u012bbas l\u012bmeni ar praktiskumu, padarot to par lielisku izv\u0113li gan ikdienas brauc\u0113jiem, gan velobrauc\u0113jiem, kuri nov\u0113rt\u0113 papildu aizsardz\u012bbu. \u0136ivere izce\u013cas ar cieto \u0101r\u0113jo apvalku, kas nodro\u0161ina paaugstin\u0101tu iztur\u012bbu un lab\u0101ku aizsardz\u012bbu pret triecieniem. Liel\u0101s ventil\u0101cijas atveres nodro\u0161ina [&hellip;]<\/p>\n","protected":false},"featured_media":11154,"template":"","meta":{"_monsterinsights_skip_tracking":false,"_monsterinsights_sitenote_active":false,"_monsterinsights_sitenote_note":"","_monsterinsights_sitenote_category":0,"_iconic_wsb_product_page_order_bump_ids":[],"_sku":["8951155458315"],"_iconic_wsb_product_page_bump_modal_ids":[]},"product_brand":[1346],"product_cat":[910,992,994,1736],"product_tag":[214,215,216,217],"class_list":{"0":"post-11152","1":"product","2":"type-product","3":"status-publish","4":"has-post-thumbnail","6":"product_brand-abus","7":"product_cat-aksesuari","8":"product_cat-kiveres","9":"product_cat-aizsargkiveres-pieaugusajiem","10":"product_cat-pilsetas-kiveres","11":"product_tag-aizsargkiveres","12":"product_tag-kiveres","13":"product_tag-kiveres-pieaugusajiem","14":"product_tag-kiveres-pusaudziem","15":"product_shipping_class-aksesuari","16":"ts_product_brand-abus","18":"first","19":"instock","20":"taxable","21":"shipping-taxable","22":"purchasable","23":"product-type-simple"},"yoast_head":"<!-- This site is optimized with the Yoast SEO plugin v27.2 - https:\/\/yoast.com\/product\/yoast-seo-wordpress\/ -->\n<title>HYBAN 2.0 MIPS titan - Velo Outlets<\/title>\n<meta name=\"robots\" content=\"index, follow, max-snippet:-1, max-image-preview:large, max-video-preview:-1\" \/>\n<link rel=\"canonical\" href=\"https:\/\/velooutlets.com\/et\/toode\/hyban-2-0-mips-titan-xl\/\" \/>\n<meta property=\"og:locale\" content=\"et_EE\" \/>\n<meta property=\"og:type\" content=\"article\" \/>\n<meta property=\"og:title\" content=\"HYBAN 2.0 MIPS titan - Velo Outlets\" \/>\n<meta property=\"og:description\" content=\"ABUS Hyban ir iztur\u012bga un uzticama pils\u0113tas \u0137ivere, kas paredz\u0113ta ikdienas brauk\u0161anai un p\u0101rvieto\u0161anai pils\u0113tvid\u0113. T\u0101 apvieno augstu dro\u0161\u012bbas l\u012bmeni ar praktiskumu, padarot to par lielisku izv\u0113li gan ikdienas brauc\u0113jiem, gan velobrauc\u0113jiem, kuri nov\u0113rt\u0113 papildu aizsardz\u012bbu. \u0136ivere izce\u013cas ar cieto \u0101r\u0113jo apvalku, kas nodro\u0161ina paaugstin\u0101tu iztur\u012bbu un lab\u0101ku aizsardz\u012bbu pret triecieniem. Liel\u0101s ventil\u0101cijas atveres nodro\u0161ina [&hellip;]\" \/>\n<meta property=\"og:url\" content=\"https:\/\/velooutlets.com\/et\/toode\/hyban-2-0-mips-titan-xl\/\" \/>\n<meta property=\"og:site_name\" content=\"Velo Outlets\" \/>\n<meta property=\"article:modified_time\" content=\"2026-03-18T10:57:34+00:00\" \/>\n<meta property=\"og:image\" content=\"https:\/\/velooutlets.com\/wp-content\/uploads\/2025\/10\/89203_Hyban-2.0-MIPS_titan_side_abus_1920.jpg\" \/>\n\t<meta property=\"og:image:width\" content=\"1920\" \/>\n\t<meta property=\"og:image:height\" content=\"1916\" \/>\n\t<meta property=\"og:image:type\" content=\"image\/jpeg\" \/>\n<meta name=\"twitter:card\" content=\"summary_large_image\" \/>\n<meta name=\"twitter:label1\" content=\"Est. reading time\" \/>\n\t<meta name=\"twitter:data1\" content=\"1 minut\" \/>\n<script type=\"application\/ld+json\" class=\"yoast-schema-graph\">{\"@context\":\"https:\/\/schema.org\",\"@graph\":[{\"@type\":\"WebPage\",\"@id\":\"https:\/\/velooutlets.com\/products\/hyban-2-0-mips-titan-xl\/\",\"url\":\"https:\/\/velooutlets.com\/products\/hyban-2-0-mips-titan-xl\/\",\"name\":\"HYBAN 2.0 MIPS titan - Velo Outlets\",\"isPartOf\":{\"@id\":\"https:\/\/velooutlets.com\/en\/#website\"},\"primaryImageOfPage\":{\"@id\":\"https:\/\/velooutlets.com\/products\/hyban-2-0-mips-titan-xl\/#primaryimage\"},\"image\":{\"@id\":\"https:\/\/velooutlets.com\/products\/hyban-2-0-mips-titan-xl\/#primaryimage\"},\"thumbnailUrl\":\"https:\/\/velooutlets.com\/wp-content\/uploads\/2025\/10\/89203_Hyban-2.0-MIPS_titan_side_abus_1920.jpg\",\"datePublished\":\"2025-10-08T07:51:23+00:00\",\"dateModified\":\"2026-03-18T10:57:34+00:00\",\"breadcrumb\":{\"@id\":\"https:\/\/velooutlets.com\/products\/hyban-2-0-mips-titan-xl\/#breadcrumb\"},\"inLanguage\":\"et\",\"potentialAction\":[{\"@type\":\"ReadAction\",\"target\":[\"https:\/\/velooutlets.com\/products\/hyban-2-0-mips-titan-xl\/\"]}]},{\"@type\":\"ImageObject\",\"inLanguage\":\"et\",\"@id\":\"https:\/\/velooutlets.com\/products\/hyban-2-0-mips-titan-xl\/#primaryimage\",\"url\":\"https:\/\/velooutlets.com\/wp-content\/uploads\/2025\/10\/89203_Hyban-2.0-MIPS_titan_side_abus_1920.jpg\",\"contentUrl\":\"https:\/\/velooutlets.com\/wp-content\/uploads\/2025\/10\/89203_Hyban-2.0-MIPS_titan_side_abus_1920.jpg\",\"width\":1920,\"height\":1916},{\"@type\":\"BreadcrumbList\",\"@id\":\"https:\/\/velooutlets.com\/products\/hyban-2-0-mips-titan-xl\/#breadcrumb\",\"itemListElement\":[{\"@type\":\"ListItem\",\"position\":1,\"name\":\"Home\",\"item\":\"https:\/\/velooutlets.com\/\"},{\"@type\":\"ListItem\",\"position\":2,\"name\":\"Veikals\",\"item\":\"https:\/\/velooutlets.com\/shop\/\"},{\"@type\":\"ListItem\",\"position\":3,\"name\":\"HYBAN 2.0 MIPS titan\"}]},{\"@type\":\"WebSite\",\"@id\":\"https:\/\/velooutlets.com\/en\/#website\",\"url\":\"https:\/\/velooutlets.com\/en\/\",\"name\":\"Velo Outlets\",\"description\":\"Velosip\u0113di visai \u0123imenei\",\"potentialAction\":[{\"@type\":\"SearchAction\",\"target\":{\"@type\":\"EntryPoint\",\"urlTemplate\":\"https:\/\/velooutlets.com\/en\/?s={search_term_string}\"},\"query-input\":{\"@type\":\"PropertyValueSpecification\",\"valueRequired\":true,\"valueName\":\"search_term_string\"}}],\"inLanguage\":\"et\"}]}<\/script>\n<!-- \/ Yoast SEO plugin. -->","yoast_head_json":{"title":"HYBAN 2.0 MIPS titan - Velo Outlets","robots":{"index":"index","follow":"follow","max-snippet":"max-snippet:-1","max-image-preview":"max-image-preview:large","max-video-preview":"max-video-preview:-1"},"canonical":"https:\/\/velooutlets.com\/et\/toode\/hyban-2-0-mips-titan-xl\/","og_locale":"et_EE","og_type":"article","og_title":"HYBAN 2.0 MIPS titan - Velo Outlets","og_description":"ABUS Hyban ir iztur\u012bga un uzticama pils\u0113tas \u0137ivere, kas paredz\u0113ta ikdienas brauk\u0161anai un p\u0101rvieto\u0161anai pils\u0113tvid\u0113. T\u0101 apvieno augstu dro\u0161\u012bbas l\u012bmeni ar praktiskumu, padarot to par lielisku izv\u0113li gan ikdienas brauc\u0113jiem, gan velobrauc\u0113jiem, kuri nov\u0113rt\u0113 papildu aizsardz\u012bbu. \u0136ivere izce\u013cas ar cieto \u0101r\u0113jo apvalku, kas nodro\u0161ina paaugstin\u0101tu iztur\u012bbu un lab\u0101ku aizsardz\u012bbu pret triecieniem. Liel\u0101s ventil\u0101cijas atveres nodro\u0161ina [&hellip;]","og_url":"https:\/\/velooutlets.com\/et\/toode\/hyban-2-0-mips-titan-xl\/","og_site_name":"Velo Outlets","article_modified_time":"2026-03-18T10:57:34+00:00","og_image":[{"width":1920,"height":1916,"url":"https:\/\/velooutlets.com\/wp-content\/uploads\/2025\/10\/89203_Hyban-2.0-MIPS_titan_side_abus_1920.jpg","type":"image\/jpeg"}],"twitter_card":"summary_large_image","twitter_misc":{"Est. reading time":"1 minut"},"schema":{"@context":"https:\/\/schema.org","@graph":[{"@type":"WebPage","@id":"https:\/\/velooutlets.com\/products\/hyban-2-0-mips-titan-xl\/","url":"https:\/\/velooutlets.com\/products\/hyban-2-0-mips-titan-xl\/","name":"HYBAN 2.0 MIPS titan - Velo Outlets","isPartOf":{"@id":"https:\/\/velooutlets.com\/en\/#website"},"primaryImageOfPage":{"@id":"https:\/\/velooutlets.com\/products\/hyban-2-0-mips-titan-xl\/#primaryimage"},"image":{"@id":"https:\/\/velooutlets.com\/products\/hyban-2-0-mips-titan-xl\/#primaryimage"},"thumbnailUrl":"https:\/\/velooutlets.com\/wp-content\/uploads\/2025\/10\/89203_Hyban-2.0-MIPS_titan_side_abus_1920.jpg","datePublished":"2025-10-08T07:51:23+00:00","dateModified":"2026-03-18T10:57:34+00:00","breadcrumb":{"@id":"https:\/\/velooutlets.com\/products\/hyban-2-0-mips-titan-xl\/#breadcrumb"},"inLanguage":"et","potentialAction":[{"@type":"ReadAction","target":["https:\/\/velooutlets.com\/products\/hyban-2-0-mips-titan-xl\/"]}]},{"@type":"ImageObject","inLanguage":"et","@id":"https:\/\/velooutlets.com\/products\/hyban-2-0-mips-titan-xl\/#primaryimage","url":"https:\/\/velooutlets.com\/wp-content\/uploads\/2025\/10\/89203_Hyban-2.0-MIPS_titan_side_abus_1920.jpg","contentUrl":"https:\/\/velooutlets.com\/wp-content\/uploads\/2025\/10\/89203_Hyban-2.0-MIPS_titan_side_abus_1920.jpg","width":1920,"height":1916},{"@type":"BreadcrumbList","@id":"https:\/\/velooutlets.com\/products\/hyban-2-0-mips-titan-xl\/#breadcrumb","itemListElement":[{"@type":"ListItem","position":1,"name":"Home","item":"https:\/\/velooutlets.com\/"},{"@type":"ListItem","position":2,"name":"Veikals","item":"https:\/\/velooutlets.com\/shop\/"},{"@type":"ListItem","position":3,"name":"HYBAN 2.0 MIPS titan"}]},{"@type":"WebSite","@id":"https:\/\/velooutlets.com\/en\/#website","url":"https:\/\/velooutlets.com\/en\/","name":"Velo Outlets","description":"Jalgrattad kogu perele","potentialAction":[{"@type":"SearchAction","target":{"@type":"EntryPoint","urlTemplate":"https:\/\/velooutlets.com\/en\/?s={search_term_string}"},"query-input":{"@type":"PropertyValueSpecification","valueRequired":true,"valueName":"search_term_string"}}],"inLanguage":"et"}]}},"jetpack_sharing_enabled":true,"_links":{"self":[{"href":"https:\/\/velooutlets.com\/et\/wp-json\/wp\/v2\/product\/11152","targetHints":{"allow":["GET"]}}],"collection":[{"href":"https:\/\/velooutlets.com\/et\/wp-json\/wp\/v2\/product"}],"about":[{"href":"https:\/\/velooutlets.com\/et\/wp-json\/wp\/v2\/types\/product"}],"wp:featuredmedia":[{"embeddable":true,"href":"https:\/\/velooutlets.com\/et\/wp-json\/wp\/v2\/media\/11154"}],"wp:attachment":[{"href":"https:\/\/velooutlets.com\/et\/wp-json\/wp\/v2\/media?parent=11152"}],"wp:term":[{"taxonomy":"product_brand","embeddable":true,"href":"https:\/\/velooutlets.com\/et\/wp-json\/wp\/v2\/product_brand?post=11152"},{"taxonomy":"product_cat","embeddable":true,"href":"https:\/\/velooutlets.com\/et\/wp-json\/wp\/v2\/product_cat?post=11152"},{"taxonomy":"product_tag","embeddable":true,"href":"https:\/\/velooutlets.com\/et\/wp-json\/wp\/v2\/product_tag?post=11152"}],"curies":[{"name":"wp","href":"https:\/\/api.w.org\/{rel}","templated":true}]}}