{"id":11262,"date":"2025-10-08T07:52:27","date_gmt":"2025-10-08T07:52:27","guid":{"rendered":"https:\/\/staging.velooutlets.com\/product\/purl-y-moss-green-m\/"},"modified":"2026-03-18T13:14:25","modified_gmt":"2026-03-18T11:14:25","slug":"purl-y-moss-green-m","status":"publish","type":"product","link":"https:\/\/velooutlets.com\/et\/toode\/purl-y-moss-green-m\/","title":{"rendered":"PURL-Y samblaroheline"},"content":{"rendered":"<p>ABUS Purl-Y on kaasaegne linnarattakiiver, mille vormitud konstruktsioon tagab vastupidavuse ja t\u00f5husa l\u00f6\u00f6gisummutuse. See vastab standardile NTA 8776, mist\u00f5ttu sobib see ka e-ratastele ja kiirematele s\u00f5itudele kuni 45 km\/h.<\/p>\n<p>Pikendatud seljaosa tagab parema kaitse pea ja kaela eest, samas kui t\u00e4pne reguleerimiss\u00fcsteem tagab stabiilse istuvuse. Kiiver on varustatud \u00f5hutusavade, eemaldatava k\u00fc\u00fcniskaitse ja pestava polstriga, mis tagab mugavuse igap\u00e4evastel linnas\u00f5itudel.<\/p>","protected":false},"excerpt":{"rendered":"<p>ABUS Purl-Y ir moderna pils\u0113tas velo \u0137ivere ar in-mold konstrukciju, kas nodro\u0161ina iztur\u012bbu un efekt\u012bvu triecienu absorbciju. T\u0101 atbilst NTA 8776 standartam, padarot to piem\u0113rotu ar\u012b e-bike un \u0101tr\u0101kiem braucieniem l\u012bdz 45 km h. Pagarin\u0101t\u0101 aizmugures da\u013ca nodro\u0161ina lab\u0101ku galvas un kakla aizsardz\u012bbu, savuk\u0101rt prec\u012bz\u0101 regul\u0113\u0161anas sist\u0113ma garant\u0113 stabilu piegul\u0161anu. \u0136ivere apr\u012bkota ar ventil\u0101cijas atver\u0113m, [&hellip;]<\/p>\n","protected":false},"featured_media":11270,"template":"","meta":{"_monsterinsights_skip_tracking":false,"_monsterinsights_sitenote_active":false,"_monsterinsights_sitenote_note":"","_monsterinsights_sitenote_category":0,"_iconic_wsb_product_page_order_bump_ids":[],"_sku":["8951150444811"],"_iconic_wsb_product_page_bump_modal_ids":[]},"product_brand":[1346],"product_cat":[910,992,994,1736,1137],"product_tag":[214,880,215,216],"class_list":{"0":"post-11262","1":"product","2":"type-product","3":"status-publish","4":"has-post-thumbnail","6":"product_brand-abus","7":"product_cat-aksesuari","8":"product_cat-kiveres","9":"product_cat-aizsargkiveres-pieaugusajiem","10":"product_cat-pilsetas-kiveres","11":"product_cat-viss-ekipejums","12":"product_tag-aizsargkiveres","13":"product_tag-aizsargkiveres-pusaudziem","14":"product_tag-kiveres","15":"product_tag-kiveres-pieaugusajiem","16":"product_shipping_class-aksesuari","17":"ts_product_brand-abus","19":"first","20":"instock","21":"taxable","22":"shipping-taxable","23":"purchasable","24":"product-type-simple"},"yoast_head":"<!-- This site is optimized with the Yoast SEO plugin v27.2 - https:\/\/yoast.com\/product\/yoast-seo-wordpress\/ -->\n<title>PURL-Y moss green - Velo Outlets<\/title>\n<meta name=\"robots\" content=\"index, follow, max-snippet:-1, max-image-preview:large, max-video-preview:-1\" \/>\n<link rel=\"canonical\" href=\"https:\/\/velooutlets.com\/et\/toode\/purl-y-moss-green-m\/\" \/>\n<meta property=\"og:locale\" content=\"et_EE\" \/>\n<meta property=\"og:type\" content=\"article\" \/>\n<meta property=\"og:title\" content=\"PURL-Y moss green - Velo Outlets\" \/>\n<meta property=\"og:description\" content=\"ABUS Purl-Y ir moderna pils\u0113tas velo \u0137ivere ar in-mold konstrukciju, kas nodro\u0161ina iztur\u012bbu un efekt\u012bvu triecienu absorbciju. T\u0101 atbilst NTA 8776 standartam, padarot to piem\u0113rotu ar\u012b e-bike un \u0101tr\u0101kiem braucieniem l\u012bdz 45 km h. Pagarin\u0101t\u0101 aizmugures da\u013ca nodro\u0161ina lab\u0101ku galvas un kakla aizsardz\u012bbu, savuk\u0101rt prec\u012bz\u0101 regul\u0113\u0161anas sist\u0113ma garant\u0113 stabilu piegul\u0161anu. \u0136ivere apr\u012bkota ar ventil\u0101cijas atver\u0113m, [&hellip;]\" \/>\n<meta property=\"og:url\" content=\"https:\/\/velooutlets.com\/et\/toode\/purl-y-moss-green-m\/\" \/>\n<meta property=\"og:site_name\" content=\"Velo Outlets\" \/>\n<meta property=\"article:modified_time\" content=\"2026-03-18T11:14:25+00:00\" \/>\n<meta property=\"og:image\" content=\"https:\/\/velooutlets.com\/wp-content\/uploads\/2025\/10\/97893_PURL-Y_MOSS-GREEN_SIDE_abus_1920_ef770e47-a8f1-4ec8-9765-28ca856ca539.jpg\" \/>\n\t<meta property=\"og:image:width\" content=\"1920\" \/>\n\t<meta property=\"og:image:height\" content=\"1931\" \/>\n\t<meta property=\"og:image:type\" content=\"image\/jpeg\" \/>\n<meta name=\"twitter:card\" content=\"summary_large_image\" \/>\n<script type=\"application\/ld+json\" class=\"yoast-schema-graph\">{\"@context\":\"https:\/\/schema.org\",\"@graph\":[{\"@type\":\"WebPage\",\"@id\":\"https:\/\/velooutlets.com\/products\/purl-y-moss-green-m\/\",\"url\":\"https:\/\/velooutlets.com\/products\/purl-y-moss-green-m\/\",\"name\":\"PURL-Y moss green - Velo Outlets\",\"isPartOf\":{\"@id\":\"https:\/\/velooutlets.com\/en\/#website\"},\"primaryImageOfPage\":{\"@id\":\"https:\/\/velooutlets.com\/products\/purl-y-moss-green-m\/#primaryimage\"},\"image\":{\"@id\":\"https:\/\/velooutlets.com\/products\/purl-y-moss-green-m\/#primaryimage\"},\"thumbnailUrl\":\"https:\/\/velooutlets.com\/wp-content\/uploads\/2025\/10\/97893_PURL-Y_MOSS-GREEN_SIDE_abus_1920_ef770e47-a8f1-4ec8-9765-28ca856ca539.jpg\",\"datePublished\":\"2025-10-08T07:52:27+00:00\",\"dateModified\":\"2026-03-18T11:14:25+00:00\",\"breadcrumb\":{\"@id\":\"https:\/\/velooutlets.com\/products\/purl-y-moss-green-m\/#breadcrumb\"},\"inLanguage\":\"et\",\"potentialAction\":[{\"@type\":\"ReadAction\",\"target\":[\"https:\/\/velooutlets.com\/products\/purl-y-moss-green-m\/\"]}]},{\"@type\":\"ImageObject\",\"inLanguage\":\"et\",\"@id\":\"https:\/\/velooutlets.com\/products\/purl-y-moss-green-m\/#primaryimage\",\"url\":\"https:\/\/velooutlets.com\/wp-content\/uploads\/2025\/10\/97893_PURL-Y_MOSS-GREEN_SIDE_abus_1920_ef770e47-a8f1-4ec8-9765-28ca856ca539.jpg\",\"contentUrl\":\"https:\/\/velooutlets.com\/wp-content\/uploads\/2025\/10\/97893_PURL-Y_MOSS-GREEN_SIDE_abus_1920_ef770e47-a8f1-4ec8-9765-28ca856ca539.jpg\",\"width\":1920,\"height\":1931},{\"@type\":\"BreadcrumbList\",\"@id\":\"https:\/\/velooutlets.com\/products\/purl-y-moss-green-m\/#breadcrumb\",\"itemListElement\":[{\"@type\":\"ListItem\",\"position\":1,\"name\":\"Home\",\"item\":\"https:\/\/velooutlets.com\/\"},{\"@type\":\"ListItem\",\"position\":2,\"name\":\"Veikals\",\"item\":\"https:\/\/velooutlets.com\/shop\/\"},{\"@type\":\"ListItem\",\"position\":3,\"name\":\"PURL-Y moss green\"}]},{\"@type\":\"WebSite\",\"@id\":\"https:\/\/velooutlets.com\/en\/#website\",\"url\":\"https:\/\/velooutlets.com\/en\/\",\"name\":\"Velo Outlets\",\"description\":\"Velosip\u0113di visai \u0123imenei\",\"potentialAction\":[{\"@type\":\"SearchAction\",\"target\":{\"@type\":\"EntryPoint\",\"urlTemplate\":\"https:\/\/velooutlets.com\/en\/?s={search_term_string}\"},\"query-input\":{\"@type\":\"PropertyValueSpecification\",\"valueRequired\":true,\"valueName\":\"search_term_string\"}}],\"inLanguage\":\"et\"}]}<\/script>\n<!-- \/ Yoast SEO plugin. -->","yoast_head_json":{"title":"PURL-Y moss green - Velo Outlets","robots":{"index":"index","follow":"follow","max-snippet":"max-snippet:-1","max-image-preview":"max-image-preview:large","max-video-preview":"max-video-preview:-1"},"canonical":"https:\/\/velooutlets.com\/et\/toode\/purl-y-moss-green-m\/","og_locale":"et_EE","og_type":"article","og_title":"PURL-Y moss green - Velo Outlets","og_description":"ABUS Purl-Y ir moderna pils\u0113tas velo \u0137ivere ar in-mold konstrukciju, kas nodro\u0161ina iztur\u012bbu un efekt\u012bvu triecienu absorbciju. T\u0101 atbilst NTA 8776 standartam, padarot to piem\u0113rotu ar\u012b e-bike un \u0101tr\u0101kiem braucieniem l\u012bdz 45 km h. Pagarin\u0101t\u0101 aizmugures da\u013ca nodro\u0161ina lab\u0101ku galvas un kakla aizsardz\u012bbu, savuk\u0101rt prec\u012bz\u0101 regul\u0113\u0161anas sist\u0113ma garant\u0113 stabilu piegul\u0161anu. \u0136ivere apr\u012bkota ar ventil\u0101cijas atver\u0113m, [&hellip;]","og_url":"https:\/\/velooutlets.com\/et\/toode\/purl-y-moss-green-m\/","og_site_name":"Velo Outlets","article_modified_time":"2026-03-18T11:14:25+00:00","og_image":[{"width":1920,"height":1931,"url":"https:\/\/velooutlets.com\/wp-content\/uploads\/2025\/10\/97893_PURL-Y_MOSS-GREEN_SIDE_abus_1920_ef770e47-a8f1-4ec8-9765-28ca856ca539.jpg","type":"image\/jpeg"}],"twitter_card":"summary_large_image","schema":{"@context":"https:\/\/schema.org","@graph":[{"@type":"WebPage","@id":"https:\/\/velooutlets.com\/products\/purl-y-moss-green-m\/","url":"https:\/\/velooutlets.com\/products\/purl-y-moss-green-m\/","name":"PURL-Y moss green - Velo Outlets","isPartOf":{"@id":"https:\/\/velooutlets.com\/en\/#website"},"primaryImageOfPage":{"@id":"https:\/\/velooutlets.com\/products\/purl-y-moss-green-m\/#primaryimage"},"image":{"@id":"https:\/\/velooutlets.com\/products\/purl-y-moss-green-m\/#primaryimage"},"thumbnailUrl":"https:\/\/velooutlets.com\/wp-content\/uploads\/2025\/10\/97893_PURL-Y_MOSS-GREEN_SIDE_abus_1920_ef770e47-a8f1-4ec8-9765-28ca856ca539.jpg","datePublished":"2025-10-08T07:52:27+00:00","dateModified":"2026-03-18T11:14:25+00:00","breadcrumb":{"@id":"https:\/\/velooutlets.com\/products\/purl-y-moss-green-m\/#breadcrumb"},"inLanguage":"et","potentialAction":[{"@type":"ReadAction","target":["https:\/\/velooutlets.com\/products\/purl-y-moss-green-m\/"]}]},{"@type":"ImageObject","inLanguage":"et","@id":"https:\/\/velooutlets.com\/products\/purl-y-moss-green-m\/#primaryimage","url":"https:\/\/velooutlets.com\/wp-content\/uploads\/2025\/10\/97893_PURL-Y_MOSS-GREEN_SIDE_abus_1920_ef770e47-a8f1-4ec8-9765-28ca856ca539.jpg","contentUrl":"https:\/\/velooutlets.com\/wp-content\/uploads\/2025\/10\/97893_PURL-Y_MOSS-GREEN_SIDE_abus_1920_ef770e47-a8f1-4ec8-9765-28ca856ca539.jpg","width":1920,"height":1931},{"@type":"BreadcrumbList","@id":"https:\/\/velooutlets.com\/products\/purl-y-moss-green-m\/#breadcrumb","itemListElement":[{"@type":"ListItem","position":1,"name":"Home","item":"https:\/\/velooutlets.com\/"},{"@type":"ListItem","position":2,"name":"Veikals","item":"https:\/\/velooutlets.com\/shop\/"},{"@type":"ListItem","position":3,"name":"PURL-Y moss green"}]},{"@type":"WebSite","@id":"https:\/\/velooutlets.com\/en\/#website","url":"https:\/\/velooutlets.com\/en\/","name":"Velo Outlets","description":"Jalgrattad kogu perele","potentialAction":[{"@type":"SearchAction","target":{"@type":"EntryPoint","urlTemplate":"https:\/\/velooutlets.com\/en\/?s={search_term_string}"},"query-input":{"@type":"PropertyValueSpecification","valueRequired":true,"valueName":"search_term_string"}}],"inLanguage":"et"}]}},"jetpack_sharing_enabled":true,"_links":{"self":[{"href":"https:\/\/velooutlets.com\/et\/wp-json\/wp\/v2\/product\/11262","targetHints":{"allow":["GET"]}}],"collection":[{"href":"https:\/\/velooutlets.com\/et\/wp-json\/wp\/v2\/product"}],"about":[{"href":"https:\/\/velooutlets.com\/et\/wp-json\/wp\/v2\/types\/product"}],"wp:featuredmedia":[{"embeddable":true,"href":"https:\/\/velooutlets.com\/et\/wp-json\/wp\/v2\/media\/11270"}],"wp:attachment":[{"href":"https:\/\/velooutlets.com\/et\/wp-json\/wp\/v2\/media?parent=11262"}],"wp:term":[{"taxonomy":"product_brand","embeddable":true,"href":"https:\/\/velooutlets.com\/et\/wp-json\/wp\/v2\/product_brand?post=11262"},{"taxonomy":"product_cat","embeddable":true,"href":"https:\/\/velooutlets.com\/et\/wp-json\/wp\/v2\/product_cat?post=11262"},{"taxonomy":"product_tag","embeddable":true,"href":"https:\/\/velooutlets.com\/et\/wp-json\/wp\/v2\/product_tag?post=11262"}],"curies":[{"name":"wp","href":"https:\/\/api.w.org\/{rel}","templated":true}]}}