{"id":11325,"date":"2025-10-08T10:53:06","date_gmt":"2025-10-08T07:53:06","guid":{"rendered":"https:\/\/staging.velooutlets.com\/product\/sledzene-59-12hks110-black-extreme-chain-plus\/"},"modified":"2026-03-06T23:32:17","modified_gmt":"2026-03-06T21:32:17","slug":"sledzene-59-12hks110-black-extreme-chain-plus","status":"publish","type":"product","link":"https:\/\/velooutlets.com\/et\/toode\/sledzene-59-12hks110-black-extreme-chain-plus\/","title":{"rendered":"Lock 59\/12HKS110 Must Extreme-Chain-Plus lukustus"},"content":{"rendered":"<p>See eriti tugev 12 mm kuusnurkne kett on valmistatud karastatud terasest, mis tagab suure vastupidavuse ja pika eluea isegi raskel kasutamisel. See sobib ideaalselt teie jalgratta v\u00f5i muu varustuse kaitsmiseks, pakkudes usaldusv\u00e4\u00e4rset turvalisust ja stabiilsust.<\/p>","protected":false},"excerpt":{"rendered":"<p>See eriti tugev 12 mm kuusnurkne kett on valmistatud karastatud terasest, mis tagab suure vastupidavuse ja pika eluea isegi raskel kasutamisel. See sobib ideaalselt teie jalgratta v\u00f5i muu varustuse kaitsmiseks, pakkudes usaldusv\u00e4\u00e4rset turvalisust ja stabiilsust.<\/p>","protected":false},"featured_media":11880,"template":"","meta":{"_monsterinsights_skip_tracking":false,"_monsterinsights_sitenote_active":false,"_monsterinsights_sitenote_note":"","_monsterinsights_sitenote_category":0,"_iconic_wsb_product_page_order_bump_ids":[],"_sku":[""],"_iconic_wsb_product_page_bump_modal_ids":[]},"product_brand":[1346],"product_cat":[910,1114],"product_tag":[221,210],"class_list":{"0":"post-11325","1":"product","2":"type-product","3":"status-publish","4":"has-post-thumbnail","6":"product_brand-abus","7":"product_cat-aksesuari","8":"product_cat-velo-sasledzeji","9":"product_tag-aksesuari","10":"product_tag-velo-sasledzeji","11":"product_shipping_class-aksesuari","12":"ts_product_brand-abus","14":"first","15":"instock","16":"taxable","17":"shipping-taxable","18":"purchasable","19":"product-type-simple"},"yoast_head":"<!-- This site is optimized with the Yoast SEO plugin v27.2 - https:\/\/yoast.com\/product\/yoast-seo-wordpress\/ -->\n<title>Sl\u0113dzene 59\/12HKS110 Black Extreme-Chain-Plus - Velo Outlets<\/title>\n<meta name=\"robots\" content=\"index, follow, max-snippet:-1, max-image-preview:large, max-video-preview:-1\" \/>\n<link rel=\"canonical\" href=\"https:\/\/velooutlets.com\/et\/toode\/sledzene-59-12hks110-black-extreme-chain-plus\/\" \/>\n<meta property=\"og:locale\" content=\"et_EE\" \/>\n<meta property=\"og:type\" content=\"article\" \/>\n<meta property=\"og:title\" content=\"Sl\u0113dzene 59\/12HKS110 Black Extreme-Chain-Plus - Velo Outlets\" \/>\n<meta property=\"og:description\" content=\"\u0160\u012b \u012bpa\u0161i iztur\u012bg\u0101 12 mm se\u0161st\u016bra \u0137\u0113de ir izgatavota no r\u016bd\u012bta t\u0113rauda, kas nodro\u0161ina augstu iztur\u012bbu un ilgu kalpo\u0161anas laiku pat intens\u012bvas lieto\u0161anas apst\u0101k\u013cos. T\u0101 ir ide\u0101li piem\u0113rota, lai aizsarg\u0101tu j\u016bsu velosip\u0113du vai citu apr\u012bkojumu, pied\u0101v\u0101jot uzticamu dro\u0161\u012bbu un stabilit\u0101ti.\" \/>\n<meta property=\"og:url\" content=\"https:\/\/velooutlets.com\/et\/toode\/sledzene-59-12hks110-black-extreme-chain-plus\/\" \/>\n<meta property=\"og:site_name\" content=\"Velo Outlets\" \/>\n<meta property=\"article:modified_time\" content=\"2026-03-06T21:32:17+00:00\" \/>\n<meta property=\"og:image\" content=\"https:\/\/velooutlets.com\/wp-content\/uploads\/2025\/10\/28623_1060_110CityChain_a_abus_1920-scaled_f783a543-5c77-413c-92ad-90ba5073780e.jpg\" \/>\n\t<meta property=\"og:image:width\" content=\"1759\" \/>\n\t<meta property=\"og:image:height\" content=\"2560\" \/>\n\t<meta property=\"og:image:type\" content=\"image\/jpeg\" \/>\n<meta name=\"twitter:card\" content=\"summary_large_image\" \/>\n<script type=\"application\/ld+json\" class=\"yoast-schema-graph\">{\"@context\":\"https:\/\/schema.org\",\"@graph\":[{\"@type\":\"WebPage\",\"@id\":\"https:\/\/velooutlets.com\/products\/sledzene-59-12hks110-black-extreme-chain-plus\/\",\"url\":\"https:\/\/velooutlets.com\/products\/sledzene-59-12hks110-black-extreme-chain-plus\/\",\"name\":\"Sl\u0113dzene 59\/12HKS110 Black Extreme-Chain-Plus - Velo Outlets\",\"isPartOf\":{\"@id\":\"https:\/\/velooutlets.com\/en\/#website\"},\"primaryImageOfPage\":{\"@id\":\"https:\/\/velooutlets.com\/products\/sledzene-59-12hks110-black-extreme-chain-plus\/#primaryimage\"},\"image\":{\"@id\":\"https:\/\/velooutlets.com\/products\/sledzene-59-12hks110-black-extreme-chain-plus\/#primaryimage\"},\"thumbnailUrl\":\"https:\/\/velooutlets.com\/wp-content\/uploads\/2025\/10\/28623_1060_110CityChain_a_abus_1920-scaled_f783a543-5c77-413c-92ad-90ba5073780e.jpg\",\"datePublished\":\"2025-10-08T07:53:06+00:00\",\"dateModified\":\"2026-03-06T21:32:17+00:00\",\"breadcrumb\":{\"@id\":\"https:\/\/velooutlets.com\/products\/sledzene-59-12hks110-black-extreme-chain-plus\/#breadcrumb\"},\"inLanguage\":\"et\",\"potentialAction\":[{\"@type\":\"ReadAction\",\"target\":[\"https:\/\/velooutlets.com\/products\/sledzene-59-12hks110-black-extreme-chain-plus\/\"]}]},{\"@type\":\"ImageObject\",\"inLanguage\":\"et\",\"@id\":\"https:\/\/velooutlets.com\/products\/sledzene-59-12hks110-black-extreme-chain-plus\/#primaryimage\",\"url\":\"https:\/\/velooutlets.com\/wp-content\/uploads\/2025\/10\/28623_1060_110CityChain_a_abus_1920-scaled_f783a543-5c77-413c-92ad-90ba5073780e.jpg\",\"contentUrl\":\"https:\/\/velooutlets.com\/wp-content\/uploads\/2025\/10\/28623_1060_110CityChain_a_abus_1920-scaled_f783a543-5c77-413c-92ad-90ba5073780e.jpg\",\"width\":1759,\"height\":2560},{\"@type\":\"BreadcrumbList\",\"@id\":\"https:\/\/velooutlets.com\/products\/sledzene-59-12hks110-black-extreme-chain-plus\/#breadcrumb\",\"itemListElement\":[{\"@type\":\"ListItem\",\"position\":1,\"name\":\"Home\",\"item\":\"https:\/\/velooutlets.com\/\"},{\"@type\":\"ListItem\",\"position\":2,\"name\":\"Veikals\",\"item\":\"https:\/\/velooutlets.com\/shop\/\"},{\"@type\":\"ListItem\",\"position\":3,\"name\":\"Sl\u0113dzene 59\/12HKS110 Black Extreme-Chain-Plus\"}]},{\"@type\":\"WebSite\",\"@id\":\"https:\/\/velooutlets.com\/en\/#website\",\"url\":\"https:\/\/velooutlets.com\/en\/\",\"name\":\"Velo Outlets\",\"description\":\"Velosip\u0113di visai \u0123imenei\",\"potentialAction\":[{\"@type\":\"SearchAction\",\"target\":{\"@type\":\"EntryPoint\",\"urlTemplate\":\"https:\/\/velooutlets.com\/en\/?s={search_term_string}\"},\"query-input\":{\"@type\":\"PropertyValueSpecification\",\"valueRequired\":true,\"valueName\":\"search_term_string\"}}],\"inLanguage\":\"et\"}]}<\/script>\n<!-- \/ Yoast SEO plugin. -->","yoast_head_json":{"title":"Sl\u0113dzene 59\/12HKS110 Black Extreme-Chain-Plus - Velo Outlets","robots":{"index":"index","follow":"follow","max-snippet":"max-snippet:-1","max-image-preview":"max-image-preview:large","max-video-preview":"max-video-preview:-1"},"canonical":"https:\/\/velooutlets.com\/et\/toode\/sledzene-59-12hks110-black-extreme-chain-plus\/","og_locale":"et_EE","og_type":"article","og_title":"Sl\u0113dzene 59\/12HKS110 Black Extreme-Chain-Plus - Velo Outlets","og_description":"\u0160\u012b \u012bpa\u0161i iztur\u012bg\u0101 12 mm se\u0161st\u016bra \u0137\u0113de ir izgatavota no r\u016bd\u012bta t\u0113rauda, kas nodro\u0161ina augstu iztur\u012bbu un ilgu kalpo\u0161anas laiku pat intens\u012bvas lieto\u0161anas apst\u0101k\u013cos. T\u0101 ir ide\u0101li piem\u0113rota, lai aizsarg\u0101tu j\u016bsu velosip\u0113du vai citu apr\u012bkojumu, pied\u0101v\u0101jot uzticamu dro\u0161\u012bbu un stabilit\u0101ti.","og_url":"https:\/\/velooutlets.com\/et\/toode\/sledzene-59-12hks110-black-extreme-chain-plus\/","og_site_name":"Velo Outlets","article_modified_time":"2026-03-06T21:32:17+00:00","og_image":[{"width":1759,"height":2560,"url":"https:\/\/velooutlets.com\/wp-content\/uploads\/2025\/10\/28623_1060_110CityChain_a_abus_1920-scaled_f783a543-5c77-413c-92ad-90ba5073780e.jpg","type":"image\/jpeg"}],"twitter_card":"summary_large_image","schema":{"@context":"https:\/\/schema.org","@graph":[{"@type":"WebPage","@id":"https:\/\/velooutlets.com\/products\/sledzene-59-12hks110-black-extreme-chain-plus\/","url":"https:\/\/velooutlets.com\/products\/sledzene-59-12hks110-black-extreme-chain-plus\/","name":"Sl\u0113dzene 59\/12HKS110 Black Extreme-Chain-Plus - Velo Outlets","isPartOf":{"@id":"https:\/\/velooutlets.com\/en\/#website"},"primaryImageOfPage":{"@id":"https:\/\/velooutlets.com\/products\/sledzene-59-12hks110-black-extreme-chain-plus\/#primaryimage"},"image":{"@id":"https:\/\/velooutlets.com\/products\/sledzene-59-12hks110-black-extreme-chain-plus\/#primaryimage"},"thumbnailUrl":"https:\/\/velooutlets.com\/wp-content\/uploads\/2025\/10\/28623_1060_110CityChain_a_abus_1920-scaled_f783a543-5c77-413c-92ad-90ba5073780e.jpg","datePublished":"2025-10-08T07:53:06+00:00","dateModified":"2026-03-06T21:32:17+00:00","breadcrumb":{"@id":"https:\/\/velooutlets.com\/products\/sledzene-59-12hks110-black-extreme-chain-plus\/#breadcrumb"},"inLanguage":"et","potentialAction":[{"@type":"ReadAction","target":["https:\/\/velooutlets.com\/products\/sledzene-59-12hks110-black-extreme-chain-plus\/"]}]},{"@type":"ImageObject","inLanguage":"et","@id":"https:\/\/velooutlets.com\/products\/sledzene-59-12hks110-black-extreme-chain-plus\/#primaryimage","url":"https:\/\/velooutlets.com\/wp-content\/uploads\/2025\/10\/28623_1060_110CityChain_a_abus_1920-scaled_f783a543-5c77-413c-92ad-90ba5073780e.jpg","contentUrl":"https:\/\/velooutlets.com\/wp-content\/uploads\/2025\/10\/28623_1060_110CityChain_a_abus_1920-scaled_f783a543-5c77-413c-92ad-90ba5073780e.jpg","width":1759,"height":2560},{"@type":"BreadcrumbList","@id":"https:\/\/velooutlets.com\/products\/sledzene-59-12hks110-black-extreme-chain-plus\/#breadcrumb","itemListElement":[{"@type":"ListItem","position":1,"name":"Home","item":"https:\/\/velooutlets.com\/"},{"@type":"ListItem","position":2,"name":"Veikals","item":"https:\/\/velooutlets.com\/shop\/"},{"@type":"ListItem","position":3,"name":"Sl\u0113dzene 59\/12HKS110 Black Extreme-Chain-Plus"}]},{"@type":"WebSite","@id":"https:\/\/velooutlets.com\/en\/#website","url":"https:\/\/velooutlets.com\/en\/","name":"Velo Outlets","description":"Jalgrattad kogu perele","potentialAction":[{"@type":"SearchAction","target":{"@type":"EntryPoint","urlTemplate":"https:\/\/velooutlets.com\/en\/?s={search_term_string}"},"query-input":{"@type":"PropertyValueSpecification","valueRequired":true,"valueName":"search_term_string"}}],"inLanguage":"et"}]}},"jetpack_sharing_enabled":true,"_links":{"self":[{"href":"https:\/\/velooutlets.com\/et\/wp-json\/wp\/v2\/product\/11325","targetHints":{"allow":["GET"]}}],"collection":[{"href":"https:\/\/velooutlets.com\/et\/wp-json\/wp\/v2\/product"}],"about":[{"href":"https:\/\/velooutlets.com\/et\/wp-json\/wp\/v2\/types\/product"}],"wp:featuredmedia":[{"embeddable":true,"href":"https:\/\/velooutlets.com\/et\/wp-json\/wp\/v2\/media\/11880"}],"wp:attachment":[{"href":"https:\/\/velooutlets.com\/et\/wp-json\/wp\/v2\/media?parent=11325"}],"wp:term":[{"taxonomy":"product_brand","embeddable":true,"href":"https:\/\/velooutlets.com\/et\/wp-json\/wp\/v2\/product_brand?post=11325"},{"taxonomy":"product_cat","embeddable":true,"href":"https:\/\/velooutlets.com\/et\/wp-json\/wp\/v2\/product_cat?post=11325"},{"taxonomy":"product_tag","embeddable":true,"href":"https:\/\/velooutlets.com\/et\/wp-json\/wp\/v2\/product_tag?post=11325"}],"curies":[{"name":"wp","href":"https:\/\/api.w.org\/{rel}","templated":true}]}}