{"id":11589,"date":"2025-10-10T09:20:18","date_gmt":"2025-10-10T06:20:18","guid":{"rendered":"https:\/\/staging.velooutlets.com\/product\/velosipeda-kamera-28-29-x-1-90-2-40-schrader-40-mm-copy\/"},"modified":"2026-03-06T23:32:24","modified_gmt":"2026-03-06T21:32:24","slug":"velosipeda-kamera-28-29-x-1-90-2-40-schrader-40-mm-copy","status":"publish","type":"product","link":"https:\/\/velooutlets.com\/et\/toode\/velosipeda-kamera-28-29-x-1-90-2-40-schrader-40-mm-copy\/","title":{"rendered":"Kamera 12&#8243; Schwalbe AV1 (47\/62-203)"},"content":{"rendered":"<h3><strong>Schwalbe AV1 kaamera 12\u2033 (47\/62-203)<\/strong><\/h3>\n<p><strong>Spetsifikatsioon:<\/strong><\/p>\n<ul>\n<li>\n<p><strong>Suurus (ETRTO):<\/strong> 47\/62-203<\/p>\n<\/li>\n<li>\n<p><strong>Kaal:<\/strong> 80 g<\/p>\n<\/li>\n<li>\n<p><strong>Ventiil:<\/strong> <strong>AV (autoventiil \/ Schrader)<\/strong><\/p>\n<\/li>\n<li>\n<p><strong>Klapi pikkus:<\/strong> 40 mm<\/p>\n<\/li>\n<li>\n<p><strong>Materjal:<\/strong> But\u00fc\u00fcl (but\u00fc\u00fcl)<\/p>\n<\/li>\n<li>\n<p><strong>Kaamera t\u00fc\u00fcp:<\/strong> Standard<\/p>\n<\/li>\n<\/ul>\n<p>\u00a0<\/p>","protected":false},"excerpt":{"rendered":"<p>Schwalbe AV1 kamera 12&#8243; (47\/62-203) Specifik\u0101cija: Izm\u0113rs (ETRTO): 47\/62-203 Svars: 80 g V\u0101rsts: AV (auto v\u0101rsts \/ Schrader) V\u0101rsta garums: 40 mm Materi\u0101ls: Butils (butyl) Kameras tips: Standarta \u00a0<\/p>","protected":false},"featured_media":11590,"template":"","meta":{"_monsterinsights_skip_tracking":false,"_monsterinsights_sitenote_active":false,"_monsterinsights_sitenote_note":"","_monsterinsights_sitenote_category":0,"_iconic_wsb_product_page_order_bump_ids":[],"_sku":[""],"_iconic_wsb_product_page_bump_modal_ids":[]},"product_brand":[1345],"product_cat":[910],"product_tag":[221,886,887],"class_list":{"0":"post-11589","1":"product","2":"type-product","3":"status-publish","4":"has-post-thumbnail","6":"product_brand-schwalbe","7":"product_cat-aksesuari","8":"product_tag-aksesuari","9":"product_tag-kameras","10":"product_tag-schwalbe","11":"product_shipping_class-aksesuari","12":"ts_product_brand-schwalbe","14":"first","15":"instock","16":"taxable","17":"shipping-taxable","18":"purchasable","19":"product-type-simple"},"yoast_head":"<!-- This site is optimized with the Yoast SEO plugin v27.2 - https:\/\/yoast.com\/product\/yoast-seo-wordpress\/ -->\n<title>Kamera 12&quot; Schwalbe AV1 (47\/62-203) - Velo Outlets<\/title>\n<meta name=\"robots\" content=\"index, follow, max-snippet:-1, max-image-preview:large, max-video-preview:-1\" \/>\n<link rel=\"canonical\" href=\"https:\/\/velooutlets.com\/et\/toode\/velosipeda-kamera-28-29-x-1-90-2-40-schrader-40-mm-copy\/\" \/>\n<meta property=\"og:locale\" content=\"et_EE\" \/>\n<meta property=\"og:type\" content=\"article\" \/>\n<meta property=\"og:title\" content=\"Kamera 12&quot; Schwalbe AV1 (47\/62-203) - Velo Outlets\" \/>\n<meta property=\"og:description\" content=\"Schwalbe AV1 kamera 12&#8243; (47\/62-203) Specifik\u0101cija: Izm\u0113rs (ETRTO): 47\/62-203 Svars: 80 g V\u0101rsts: AV (auto v\u0101rsts \/ Schrader) V\u0101rsta garums: 40 mm Materi\u0101ls: Butils (butyl) Kameras tips: Standarta \u00a0\" \/>\n<meta property=\"og:url\" content=\"https:\/\/velooutlets.com\/et\/toode\/velosipeda-kamera-28-29-x-1-90-2-40-schrader-40-mm-copy\/\" \/>\n<meta property=\"og:site_name\" content=\"Velo Outlets\" \/>\n<meta property=\"article:modified_time\" content=\"2026-03-06T21:32:24+00:00\" \/>\n<meta property=\"og:image\" content=\"https:\/\/velooutlets.com\/wp-content\/uploads\/2025\/10\/schwalbe_tube_av1_packed.tif_019558831f1a7264901afb99bca406a2.png\" \/>\n\t<meta property=\"og:image:width\" content=\"900\" \/>\n\t<meta property=\"og:image:height\" content=\"863\" \/>\n\t<meta property=\"og:image:type\" content=\"image\/png\" \/>\n<meta name=\"twitter:card\" content=\"summary_large_image\" \/>\n<script type=\"application\/ld+json\" class=\"yoast-schema-graph\">{\"@context\":\"https:\/\/schema.org\",\"@graph\":[{\"@type\":\"WebPage\",\"@id\":\"https:\/\/velooutlets.com\/products\/velosipeda-kamera-28-29-x-1-90-2-40-schrader-40-mm-copy\/\",\"url\":\"https:\/\/velooutlets.com\/products\/velosipeda-kamera-28-29-x-1-90-2-40-schrader-40-mm-copy\/\",\"name\":\"Kamera 12\\\" Schwalbe AV1 (47\/62-203) - Velo Outlets\",\"isPartOf\":{\"@id\":\"https:\/\/velooutlets.com\/en\/#website\"},\"primaryImageOfPage\":{\"@id\":\"https:\/\/velooutlets.com\/products\/velosipeda-kamera-28-29-x-1-90-2-40-schrader-40-mm-copy\/#primaryimage\"},\"image\":{\"@id\":\"https:\/\/velooutlets.com\/products\/velosipeda-kamera-28-29-x-1-90-2-40-schrader-40-mm-copy\/#primaryimage\"},\"thumbnailUrl\":\"https:\/\/velooutlets.com\/wp-content\/uploads\/2025\/10\/schwalbe_tube_av1_packed.tif_019558831f1a7264901afb99bca406a2.png\",\"datePublished\":\"2025-10-10T06:20:18+00:00\",\"dateModified\":\"2026-03-06T21:32:24+00:00\",\"breadcrumb\":{\"@id\":\"https:\/\/velooutlets.com\/products\/velosipeda-kamera-28-29-x-1-90-2-40-schrader-40-mm-copy\/#breadcrumb\"},\"inLanguage\":\"et\",\"potentialAction\":[{\"@type\":\"ReadAction\",\"target\":[\"https:\/\/velooutlets.com\/products\/velosipeda-kamera-28-29-x-1-90-2-40-schrader-40-mm-copy\/\"]}]},{\"@type\":\"ImageObject\",\"inLanguage\":\"et\",\"@id\":\"https:\/\/velooutlets.com\/products\/velosipeda-kamera-28-29-x-1-90-2-40-schrader-40-mm-copy\/#primaryimage\",\"url\":\"https:\/\/velooutlets.com\/wp-content\/uploads\/2025\/10\/schwalbe_tube_av1_packed.tif_019558831f1a7264901afb99bca406a2.png\",\"contentUrl\":\"https:\/\/velooutlets.com\/wp-content\/uploads\/2025\/10\/schwalbe_tube_av1_packed.tif_019558831f1a7264901afb99bca406a2.png\",\"width\":900,\"height\":863},{\"@type\":\"BreadcrumbList\",\"@id\":\"https:\/\/velooutlets.com\/products\/velosipeda-kamera-28-29-x-1-90-2-40-schrader-40-mm-copy\/#breadcrumb\",\"itemListElement\":[{\"@type\":\"ListItem\",\"position\":1,\"name\":\"Home\",\"item\":\"https:\/\/velooutlets.com\/\"},{\"@type\":\"ListItem\",\"position\":2,\"name\":\"Veikals\",\"item\":\"https:\/\/velooutlets.com\/shop\/\"},{\"@type\":\"ListItem\",\"position\":3,\"name\":\"Kamera 12&#8243; Schwalbe AV1 (47\/62-203)\"}]},{\"@type\":\"WebSite\",\"@id\":\"https:\/\/velooutlets.com\/en\/#website\",\"url\":\"https:\/\/velooutlets.com\/en\/\",\"name\":\"Velo Outlets\",\"description\":\"Velosip\u0113di visai \u0123imenei\",\"potentialAction\":[{\"@type\":\"SearchAction\",\"target\":{\"@type\":\"EntryPoint\",\"urlTemplate\":\"https:\/\/velooutlets.com\/en\/?s={search_term_string}\"},\"query-input\":{\"@type\":\"PropertyValueSpecification\",\"valueRequired\":true,\"valueName\":\"search_term_string\"}}],\"inLanguage\":\"et\"}]}<\/script>\n<!-- \/ Yoast SEO plugin. -->","yoast_head_json":{"title":"Kamera 12\" Schwalbe AV1 (47\/62-203) - Velo Outlets","robots":{"index":"index","follow":"follow","max-snippet":"max-snippet:-1","max-image-preview":"max-image-preview:large","max-video-preview":"max-video-preview:-1"},"canonical":"https:\/\/velooutlets.com\/et\/toode\/velosipeda-kamera-28-29-x-1-90-2-40-schrader-40-mm-copy\/","og_locale":"et_EE","og_type":"article","og_title":"Kamera 12\" Schwalbe AV1 (47\/62-203) - Velo Outlets","og_description":"Schwalbe AV1 kamera 12&#8243; (47\/62-203) Specifik\u0101cija: Izm\u0113rs (ETRTO): 47\/62-203 Svars: 80 g V\u0101rsts: AV (auto v\u0101rsts \/ Schrader) V\u0101rsta garums: 40 mm Materi\u0101ls: Butils (butyl) Kameras tips: Standarta \u00a0","og_url":"https:\/\/velooutlets.com\/et\/toode\/velosipeda-kamera-28-29-x-1-90-2-40-schrader-40-mm-copy\/","og_site_name":"Velo Outlets","article_modified_time":"2026-03-06T21:32:24+00:00","og_image":[{"width":900,"height":863,"url":"https:\/\/velooutlets.com\/wp-content\/uploads\/2025\/10\/schwalbe_tube_av1_packed.tif_019558831f1a7264901afb99bca406a2.png","type":"image\/png"}],"twitter_card":"summary_large_image","schema":{"@context":"https:\/\/schema.org","@graph":[{"@type":"WebPage","@id":"https:\/\/velooutlets.com\/products\/velosipeda-kamera-28-29-x-1-90-2-40-schrader-40-mm-copy\/","url":"https:\/\/velooutlets.com\/products\/velosipeda-kamera-28-29-x-1-90-2-40-schrader-40-mm-copy\/","name":"Kamera 12\" Schwalbe AV1 (47\/62-203) - Velo Outlets","isPartOf":{"@id":"https:\/\/velooutlets.com\/en\/#website"},"primaryImageOfPage":{"@id":"https:\/\/velooutlets.com\/products\/velosipeda-kamera-28-29-x-1-90-2-40-schrader-40-mm-copy\/#primaryimage"},"image":{"@id":"https:\/\/velooutlets.com\/products\/velosipeda-kamera-28-29-x-1-90-2-40-schrader-40-mm-copy\/#primaryimage"},"thumbnailUrl":"https:\/\/velooutlets.com\/wp-content\/uploads\/2025\/10\/schwalbe_tube_av1_packed.tif_019558831f1a7264901afb99bca406a2.png","datePublished":"2025-10-10T06:20:18+00:00","dateModified":"2026-03-06T21:32:24+00:00","breadcrumb":{"@id":"https:\/\/velooutlets.com\/products\/velosipeda-kamera-28-29-x-1-90-2-40-schrader-40-mm-copy\/#breadcrumb"},"inLanguage":"et","potentialAction":[{"@type":"ReadAction","target":["https:\/\/velooutlets.com\/products\/velosipeda-kamera-28-29-x-1-90-2-40-schrader-40-mm-copy\/"]}]},{"@type":"ImageObject","inLanguage":"et","@id":"https:\/\/velooutlets.com\/products\/velosipeda-kamera-28-29-x-1-90-2-40-schrader-40-mm-copy\/#primaryimage","url":"https:\/\/velooutlets.com\/wp-content\/uploads\/2025\/10\/schwalbe_tube_av1_packed.tif_019558831f1a7264901afb99bca406a2.png","contentUrl":"https:\/\/velooutlets.com\/wp-content\/uploads\/2025\/10\/schwalbe_tube_av1_packed.tif_019558831f1a7264901afb99bca406a2.png","width":900,"height":863},{"@type":"BreadcrumbList","@id":"https:\/\/velooutlets.com\/products\/velosipeda-kamera-28-29-x-1-90-2-40-schrader-40-mm-copy\/#breadcrumb","itemListElement":[{"@type":"ListItem","position":1,"name":"Home","item":"https:\/\/velooutlets.com\/"},{"@type":"ListItem","position":2,"name":"Veikals","item":"https:\/\/velooutlets.com\/shop\/"},{"@type":"ListItem","position":3,"name":"Kamera 12&#8243; Schwalbe AV1 (47\/62-203)"}]},{"@type":"WebSite","@id":"https:\/\/velooutlets.com\/en\/#website","url":"https:\/\/velooutlets.com\/en\/","name":"Velo Outlets","description":"Jalgrattad kogu perele","potentialAction":[{"@type":"SearchAction","target":{"@type":"EntryPoint","urlTemplate":"https:\/\/velooutlets.com\/en\/?s={search_term_string}"},"query-input":{"@type":"PropertyValueSpecification","valueRequired":true,"valueName":"search_term_string"}}],"inLanguage":"et"}]}},"jetpack_sharing_enabled":true,"_links":{"self":[{"href":"https:\/\/velooutlets.com\/et\/wp-json\/wp\/v2\/product\/11589","targetHints":{"allow":["GET"]}}],"collection":[{"href":"https:\/\/velooutlets.com\/et\/wp-json\/wp\/v2\/product"}],"about":[{"href":"https:\/\/velooutlets.com\/et\/wp-json\/wp\/v2\/types\/product"}],"wp:featuredmedia":[{"embeddable":true,"href":"https:\/\/velooutlets.com\/et\/wp-json\/wp\/v2\/media\/11590"}],"wp:attachment":[{"href":"https:\/\/velooutlets.com\/et\/wp-json\/wp\/v2\/media?parent=11589"}],"wp:term":[{"taxonomy":"product_brand","embeddable":true,"href":"https:\/\/velooutlets.com\/et\/wp-json\/wp\/v2\/product_brand?post=11589"},{"taxonomy":"product_cat","embeddable":true,"href":"https:\/\/velooutlets.com\/et\/wp-json\/wp\/v2\/product_cat?post=11589"},{"taxonomy":"product_tag","embeddable":true,"href":"https:\/\/velooutlets.com\/et\/wp-json\/wp\/v2\/product_tag?post=11589"}],"curies":[{"name":"wp","href":"https:\/\/api.w.org\/{rel}","templated":true}]}}