{"id":11622,"date":"2025-10-10T09:21:02","date_gmt":"2025-10-10T06:21:02","guid":{"rendered":"https:\/\/staging.velooutlets.com\/product\/riepa-28-schwalbe-delta-cruiser-plus-hs-435\/"},"modified":"2026-02-11T13:12:56","modified_gmt":"2026-02-11T11:12:56","slug":"riepa-28-schwalbe-delta-cruiser-plus-hs-435","status":"publish","type":"product","link":"https:\/\/velooutlets.com\/et\/toode\/riepa-28-schwalbe-delta-cruiser-plus-hs-435\/","title":{"rendered":"28\u2033 Schwalbe Delta Cruiser Plus HS 431 rehv Schwalbe Delta Cruiser Plus HS 431"},"content":{"rendered":"<p><strong>28\u2033 Schwalbe Delta Cruiser Plus HS 431 rehv Schwalbe Delta Cruiser Plus HS 431<\/strong><\/p>\n<ul>\n<li>\n<p><strong>Suurus:<\/strong> 28\u00d71.75\u2033 (ETRTO: 47-622)<\/p>\n<\/li>\n<li>\n<p><strong>Kaal:<\/strong> 995 g<\/p>\n<\/li>\n<li>\n<p><strong>Versioon:<\/strong> <em>PunctureGuard<\/em> - parem l\u00e4bistamiskaitse<\/p>\n<\/li>\n<li>\n<p><strong>Kummi koostis:<\/strong> <em>Roheline \u00fchend<\/em> - j\u00e4tkusuutlik ja keskkonnas\u00f5bralik<\/p>\n<\/li>\n<li>\n<p><strong>V\u00e4rv:<\/strong> Must helkuriga (Reflex) k\u00fcljetriibuga.<\/p>\n<\/li>\n<li>\n<p><strong>Rehvi t\u00fc\u00fcp:<\/strong> Kaabliga (juhtmega)<\/p>\n<\/li>\n<li>\n<p><strong>Sobib e-jalgratastele:<\/strong> Jah, kuni 25 km\/h (E-25)<\/p>\n<\/li>\n<li>\n<p><strong>Kanga tihedus (EPI):<\/strong> 50<\/p>\n<\/li>\n<li>\n<p><strong>Maksimaalne koormus:<\/strong> 110 kg<\/p>\n<\/li>\n<li>\n<p><strong>Inflatsioonisurve:<\/strong><\/p>\n<ul>\n<li>\n<p>Minimaalne: 3 baari \/ 45 PSI<\/p>\n<\/li>\n<li>\n<p>Maksimaalne: 5 baari \/ 70 PSI<\/p>\n<\/li>\n<\/ul>\n<\/li>\n<li>\n<p><strong>Kaamera t\u00fc\u00fcp:<\/strong> Kaameraga (toru)<\/p>\n<\/li>\n<li>\n<p><strong>Kaitsja artikkel:<\/strong> HS 431<\/p>\n<\/li>\n<\/ul>","protected":false},"excerpt":{"rendered":"<p>Riepa 28&#8243; Schwalbe Delta Cruiser Plus HS 431 Izm\u0113rs: 28&#215;1.75&#8243; (ETRTO: 47-622) Svars: 995 g Versija: PunctureGuard \u2013 uzlabota aizsardz\u012bba pret caurdur\u0161anu Gumijas sast\u0101vs: Green Compound \u2013 ilgtsp\u0113j\u012bgs un videi draudz\u012bgs Kr\u0101sa: Melna ar atstarojo\u0161u (Reflex) s\u0101nu joslu Riepas tips: Ar tros\u012bti (Wired) Piem\u0113rota e-velosip\u0113diem: J\u0101, l\u012bdz 25 km\/h (E-25) Auduma bl\u012bvums (EPI): 50 Maksim\u0101l\u0101 [&hellip;]<\/p>\n","protected":false},"featured_media":11659,"template":"","meta":{"_monsterinsights_skip_tracking":false,"_monsterinsights_sitenote_active":false,"_monsterinsights_sitenote_note":"","_monsterinsights_sitenote_category":0,"_iconic_wsb_product_page_order_bump_ids":[],"_sku":[""],"_iconic_wsb_product_page_bump_modal_ids":[]},"product_brand":[1345],"product_cat":[910,1055],"product_tag":[221,890,887],"class_list":{"0":"post-11622","1":"product","2":"type-product","3":"status-publish","4":"has-post-thumbnail","6":"product_brand-schwalbe","7":"product_cat-aksesuari","8":"product_cat-riepas","9":"product_tag-aksesuari","10":"product_tag-riepas","11":"product_tag-schwalbe","12":"product_shipping_class-aksesuari","13":"ts_product_brand-schwalbe","15":"first","16":"instock","17":"taxable","18":"shipping-taxable","19":"purchasable","20":"product-type-simple"},"yoast_head":"<!-- This site is optimized with the Yoast SEO plugin v27.2 - https:\/\/yoast.com\/product\/yoast-seo-wordpress\/ -->\n<title>Riepa 28&quot; Schwalbe Delta Cruiser Plus HS 431 - Velo Outlets<\/title>\n<meta name=\"robots\" content=\"index, follow, max-snippet:-1, max-image-preview:large, max-video-preview:-1\" \/>\n<link rel=\"canonical\" href=\"https:\/\/velooutlets.com\/et\/toode\/riepa-28-schwalbe-delta-cruiser-plus-hs-435\/\" \/>\n<meta property=\"og:locale\" content=\"et_EE\" \/>\n<meta property=\"og:type\" content=\"article\" \/>\n<meta property=\"og:title\" content=\"Riepa 28&quot; Schwalbe Delta Cruiser Plus HS 431 - Velo Outlets\" \/>\n<meta property=\"og:description\" content=\"Riepa 28&#8243; Schwalbe Delta Cruiser Plus HS 431 Izm\u0113rs: 28&#215;1.75&#8243; (ETRTO: 47-622) Svars: 995 g Versija: PunctureGuard \u2013 uzlabota aizsardz\u012bba pret caurdur\u0161anu Gumijas sast\u0101vs: Green Compound \u2013 ilgtsp\u0113j\u012bgs un videi draudz\u012bgs Kr\u0101sa: Melna ar atstarojo\u0161u (Reflex) s\u0101nu joslu Riepas tips: Ar tros\u012bti (Wired) Piem\u0113rota e-velosip\u0113diem: J\u0101, l\u012bdz 25 km\/h (E-25) Auduma bl\u012bvums (EPI): 50 Maksim\u0101l\u0101 [&hellip;]\" \/>\n<meta property=\"og:url\" content=\"https:\/\/velooutlets.com\/et\/toode\/riepa-28-schwalbe-delta-cruiser-plus-hs-435\/\" \/>\n<meta property=\"og:site_name\" content=\"Velo Outlets\" \/>\n<meta property=\"article:modified_time\" content=\"2026-02-11T11:12:56+00:00\" \/>\n<meta property=\"og:image\" content=\"https:\/\/velooutlets.com\/wp-content\/uploads\/2025\/10\/hs425_schwalbe_rapid-rob_standard.png_019558b9514972c4a3c864d806146012.png\" \/>\n\t<meta property=\"og:image:width\" content=\"900\" \/>\n\t<meta property=\"og:image:height\" content=\"720\" \/>\n\t<meta property=\"og:image:type\" content=\"image\/png\" \/>\n<meta name=\"twitter:card\" content=\"summary_large_image\" \/>\n<script type=\"application\/ld+json\" class=\"yoast-schema-graph\">{\"@context\":\"https:\/\/schema.org\",\"@graph\":[{\"@type\":\"WebPage\",\"@id\":\"https:\/\/velooutlets.com\/products\/riepa-28-schwalbe-delta-cruiser-plus-hs-435\/\",\"url\":\"https:\/\/velooutlets.com\/products\/riepa-28-schwalbe-delta-cruiser-plus-hs-435\/\",\"name\":\"Riepa 28\\\" Schwalbe Delta Cruiser Plus HS 431 - Velo Outlets\",\"isPartOf\":{\"@id\":\"https:\/\/velooutlets.com\/en\/#website\"},\"primaryImageOfPage\":{\"@id\":\"https:\/\/velooutlets.com\/products\/riepa-28-schwalbe-delta-cruiser-plus-hs-435\/#primaryimage\"},\"image\":{\"@id\":\"https:\/\/velooutlets.com\/products\/riepa-28-schwalbe-delta-cruiser-plus-hs-435\/#primaryimage\"},\"thumbnailUrl\":\"https:\/\/velooutlets.com\/wp-content\/uploads\/2025\/10\/hs425_schwalbe_rapid-rob_standard.png_019558b9514972c4a3c864d806146012.png\",\"datePublished\":\"2025-10-10T06:21:02+00:00\",\"dateModified\":\"2026-02-11T11:12:56+00:00\",\"breadcrumb\":{\"@id\":\"https:\/\/velooutlets.com\/products\/riepa-28-schwalbe-delta-cruiser-plus-hs-435\/#breadcrumb\"},\"inLanguage\":\"et\",\"potentialAction\":[{\"@type\":\"ReadAction\",\"target\":[\"https:\/\/velooutlets.com\/products\/riepa-28-schwalbe-delta-cruiser-plus-hs-435\/\"]}]},{\"@type\":\"ImageObject\",\"inLanguage\":\"et\",\"@id\":\"https:\/\/velooutlets.com\/products\/riepa-28-schwalbe-delta-cruiser-plus-hs-435\/#primaryimage\",\"url\":\"https:\/\/velooutlets.com\/wp-content\/uploads\/2025\/10\/hs425_schwalbe_rapid-rob_standard.png_019558b9514972c4a3c864d806146012.png\",\"contentUrl\":\"https:\/\/velooutlets.com\/wp-content\/uploads\/2025\/10\/hs425_schwalbe_rapid-rob_standard.png_019558b9514972c4a3c864d806146012.png\",\"width\":900,\"height\":720},{\"@type\":\"BreadcrumbList\",\"@id\":\"https:\/\/velooutlets.com\/products\/riepa-28-schwalbe-delta-cruiser-plus-hs-435\/#breadcrumb\",\"itemListElement\":[{\"@type\":\"ListItem\",\"position\":1,\"name\":\"Home\",\"item\":\"https:\/\/velooutlets.com\/\"},{\"@type\":\"ListItem\",\"position\":2,\"name\":\"Veikals\",\"item\":\"https:\/\/velooutlets.com\/shop\/\"},{\"@type\":\"ListItem\",\"position\":3,\"name\":\"Riepa 28&#8243; Schwalbe Delta Cruiser Plus HS 431\"}]},{\"@type\":\"WebSite\",\"@id\":\"https:\/\/velooutlets.com\/en\/#website\",\"url\":\"https:\/\/velooutlets.com\/en\/\",\"name\":\"Velo Outlets\",\"description\":\"Velosip\u0113di visai \u0123imenei\",\"potentialAction\":[{\"@type\":\"SearchAction\",\"target\":{\"@type\":\"EntryPoint\",\"urlTemplate\":\"https:\/\/velooutlets.com\/en\/?s={search_term_string}\"},\"query-input\":{\"@type\":\"PropertyValueSpecification\",\"valueRequired\":true,\"valueName\":\"search_term_string\"}}],\"inLanguage\":\"et\"}]}<\/script>\n<!-- \/ Yoast SEO plugin. -->","yoast_head_json":{"title":"Riepa 28\" Schwalbe Delta Cruiser Plus HS 431 - Velo Outlets","robots":{"index":"index","follow":"follow","max-snippet":"max-snippet:-1","max-image-preview":"max-image-preview:large","max-video-preview":"max-video-preview:-1"},"canonical":"https:\/\/velooutlets.com\/et\/toode\/riepa-28-schwalbe-delta-cruiser-plus-hs-435\/","og_locale":"et_EE","og_type":"article","og_title":"Riepa 28\" Schwalbe Delta Cruiser Plus HS 431 - Velo Outlets","og_description":"Riepa 28&#8243; Schwalbe Delta Cruiser Plus HS 431 Izm\u0113rs: 28&#215;1.75&#8243; (ETRTO: 47-622) Svars: 995 g Versija: PunctureGuard \u2013 uzlabota aizsardz\u012bba pret caurdur\u0161anu Gumijas sast\u0101vs: Green Compound \u2013 ilgtsp\u0113j\u012bgs un videi draudz\u012bgs Kr\u0101sa: Melna ar atstarojo\u0161u (Reflex) s\u0101nu joslu Riepas tips: Ar tros\u012bti (Wired) Piem\u0113rota e-velosip\u0113diem: J\u0101, l\u012bdz 25 km\/h (E-25) Auduma bl\u012bvums (EPI): 50 Maksim\u0101l\u0101 [&hellip;]","og_url":"https:\/\/velooutlets.com\/et\/toode\/riepa-28-schwalbe-delta-cruiser-plus-hs-435\/","og_site_name":"Velo Outlets","article_modified_time":"2026-02-11T11:12:56+00:00","og_image":[{"width":900,"height":720,"url":"https:\/\/velooutlets.com\/wp-content\/uploads\/2025\/10\/hs425_schwalbe_rapid-rob_standard.png_019558b9514972c4a3c864d806146012.png","type":"image\/png"}],"twitter_card":"summary_large_image","schema":{"@context":"https:\/\/schema.org","@graph":[{"@type":"WebPage","@id":"https:\/\/velooutlets.com\/products\/riepa-28-schwalbe-delta-cruiser-plus-hs-435\/","url":"https:\/\/velooutlets.com\/products\/riepa-28-schwalbe-delta-cruiser-plus-hs-435\/","name":"Riepa 28\" Schwalbe Delta Cruiser Plus HS 431 - Velo Outlets","isPartOf":{"@id":"https:\/\/velooutlets.com\/en\/#website"},"primaryImageOfPage":{"@id":"https:\/\/velooutlets.com\/products\/riepa-28-schwalbe-delta-cruiser-plus-hs-435\/#primaryimage"},"image":{"@id":"https:\/\/velooutlets.com\/products\/riepa-28-schwalbe-delta-cruiser-plus-hs-435\/#primaryimage"},"thumbnailUrl":"https:\/\/velooutlets.com\/wp-content\/uploads\/2025\/10\/hs425_schwalbe_rapid-rob_standard.png_019558b9514972c4a3c864d806146012.png","datePublished":"2025-10-10T06:21:02+00:00","dateModified":"2026-02-11T11:12:56+00:00","breadcrumb":{"@id":"https:\/\/velooutlets.com\/products\/riepa-28-schwalbe-delta-cruiser-plus-hs-435\/#breadcrumb"},"inLanguage":"et","potentialAction":[{"@type":"ReadAction","target":["https:\/\/velooutlets.com\/products\/riepa-28-schwalbe-delta-cruiser-plus-hs-435\/"]}]},{"@type":"ImageObject","inLanguage":"et","@id":"https:\/\/velooutlets.com\/products\/riepa-28-schwalbe-delta-cruiser-plus-hs-435\/#primaryimage","url":"https:\/\/velooutlets.com\/wp-content\/uploads\/2025\/10\/hs425_schwalbe_rapid-rob_standard.png_019558b9514972c4a3c864d806146012.png","contentUrl":"https:\/\/velooutlets.com\/wp-content\/uploads\/2025\/10\/hs425_schwalbe_rapid-rob_standard.png_019558b9514972c4a3c864d806146012.png","width":900,"height":720},{"@type":"BreadcrumbList","@id":"https:\/\/velooutlets.com\/products\/riepa-28-schwalbe-delta-cruiser-plus-hs-435\/#breadcrumb","itemListElement":[{"@type":"ListItem","position":1,"name":"Home","item":"https:\/\/velooutlets.com\/"},{"@type":"ListItem","position":2,"name":"Veikals","item":"https:\/\/velooutlets.com\/shop\/"},{"@type":"ListItem","position":3,"name":"Riepa 28&#8243; Schwalbe Delta Cruiser Plus HS 431"}]},{"@type":"WebSite","@id":"https:\/\/velooutlets.com\/en\/#website","url":"https:\/\/velooutlets.com\/en\/","name":"Velo Outlets","description":"Jalgrattad kogu perele","potentialAction":[{"@type":"SearchAction","target":{"@type":"EntryPoint","urlTemplate":"https:\/\/velooutlets.com\/en\/?s={search_term_string}"},"query-input":{"@type":"PropertyValueSpecification","valueRequired":true,"valueName":"search_term_string"}}],"inLanguage":"et"}]}},"jetpack_sharing_enabled":true,"_links":{"self":[{"href":"https:\/\/velooutlets.com\/et\/wp-json\/wp\/v2\/product\/11622","targetHints":{"allow":["GET"]}}],"collection":[{"href":"https:\/\/velooutlets.com\/et\/wp-json\/wp\/v2\/product"}],"about":[{"href":"https:\/\/velooutlets.com\/et\/wp-json\/wp\/v2\/types\/product"}],"wp:featuredmedia":[{"embeddable":true,"href":"https:\/\/velooutlets.com\/et\/wp-json\/wp\/v2\/media\/11659"}],"wp:attachment":[{"href":"https:\/\/velooutlets.com\/et\/wp-json\/wp\/v2\/media?parent=11622"}],"wp:term":[{"taxonomy":"product_brand","embeddable":true,"href":"https:\/\/velooutlets.com\/et\/wp-json\/wp\/v2\/product_brand?post=11622"},{"taxonomy":"product_cat","embeddable":true,"href":"https:\/\/velooutlets.com\/et\/wp-json\/wp\/v2\/product_cat?post=11622"},{"taxonomy":"product_tag","embeddable":true,"href":"https:\/\/velooutlets.com\/et\/wp-json\/wp\/v2\/product_tag?post=11622"}],"curies":[{"name":"wp","href":"https:\/\/api.w.org\/{rel}","templated":true}]}}