{"id":11626,"date":"2025-10-10T09:21:07","date_gmt":"2025-10-10T06:21:07","guid":{"rendered":"https:\/\/staging.velooutlets.com\/product\/riepa-28-schwalbe-one-plus-hs462a\/"},"modified":"2026-03-06T23:47:32","modified_gmt":"2026-03-06T21:47:32","slug":"riepa-28-schwalbe-one-plus-hs462a","status":"publish","type":"product","link":"https:\/\/velooutlets.com\/et\/toode\/riepa-28-schwalbe-one-plus-hs462a\/","title":{"rendered":"Schwalbe One Plus HS462A 28\u2033 rehv"},"content":{"rendered":"<p><strong>28\u2033 Schwalbe One Plus HS462A, Perf Wired 23-622 \/ 700x23C<\/strong><\/p>\n<ul>\n<li>\n<p><strong>Suurus<\/strong>: 28\u2033 (ETRTO: 23-622)<\/p>\n<\/li>\n<li>\n<p><strong>Kaal<\/strong>: 425 g<\/p>\n<\/li>\n<li>\n<p><strong>Versioon<\/strong>: SmartGuard<\/p>\n<\/li>\n<li>\n<p><strong>\u00dchendus<\/strong>: ADDIX<\/p>\n<\/li>\n<li>\n<p><strong>V\u00e4rv<\/strong>: Must<\/p>\n<\/li>\n<li>\n<p><strong>Helmed<\/strong>: Wired<\/p>\n<\/li>\n<li>\n<p><strong>Epi<\/strong>: 67<\/p>\n<\/li>\n<li>\n<p><strong>Prantsuse suurus<\/strong>: 700x23C<\/p>\n<\/li>\n<li>\n<p><strong>Laadimiskaal<\/strong>: 70 kg<\/p>\n<\/li>\n<li>\n<p><strong>Tempel<\/strong>: Tube<\/p>\n<\/li>\n<li>\n<p><strong>Protector<\/strong>: HS462A<\/p>\n<\/li>\n<li>\n<p><strong>Maksimaalne r\u00f5hk<\/strong>: 10 Bar (145 PSI)<\/p>\n<\/li>\n<li>\n<p><strong>Minimaalne r\u00f5hk<\/strong>: 6 Bar (85 PSI)<\/p>\n<\/li>\n<\/ul>","protected":false},"excerpt":{"rendered":"<p>Riepa 28&#8243; Schwalbe One Plus HS462A, Perf Wired 23-622 \/ 700x23C Izm\u0113rs: 28&#8243; (ETRTO: 23-622) Svars: 425 g Versija: SmartGuard Savienojums: ADDIX Kr\u0101sa: Melna Beads: Wired Epi: 67 Fran\u010du izm\u0113rs: 700x23C Iel\u0101des svars: 70 kg Z\u012bmogs: Tube Protektors: HS462A Maksim\u0101lais spiediens: 10 Bar (145 PSI) Minim\u0101lais spiediens: 6 Bar (85 PSI)<\/p>","protected":false},"featured_media":11668,"template":"","meta":{"_monsterinsights_skip_tracking":false,"_monsterinsights_sitenote_active":false,"_monsterinsights_sitenote_note":"","_monsterinsights_sitenote_category":0,"_iconic_wsb_product_page_order_bump_ids":[],"_sku":[""],"_iconic_wsb_product_page_bump_modal_ids":[]},"product_brand":[1345],"product_cat":[910,1055],"product_tag":[221,890,887],"class_list":{"0":"post-11626","1":"product","2":"type-product","3":"status-publish","4":"has-post-thumbnail","6":"product_brand-schwalbe","7":"product_cat-aksesuari","8":"product_cat-riepas","9":"product_tag-aksesuari","10":"product_tag-riepas","11":"product_tag-schwalbe","12":"product_shipping_class-aksesuari","13":"ts_product_brand-schwalbe","15":"first","16":"instock","17":"taxable","18":"shipping-taxable","19":"purchasable","20":"product-type-simple"},"yoast_head":"<!-- This site is optimized with the Yoast SEO plugin v27.2 - https:\/\/yoast.com\/product\/yoast-seo-wordpress\/ -->\n<title>Riepa 28&quot; Schwalbe One Plus HS462A - Velo Outlets<\/title>\n<meta name=\"robots\" content=\"index, follow, max-snippet:-1, max-image-preview:large, max-video-preview:-1\" \/>\n<link rel=\"canonical\" href=\"https:\/\/velooutlets.com\/et\/toode\/riepa-28-schwalbe-one-plus-hs462a\/\" \/>\n<meta property=\"og:locale\" content=\"et_EE\" \/>\n<meta property=\"og:type\" content=\"article\" \/>\n<meta property=\"og:title\" content=\"Riepa 28&quot; Schwalbe One Plus HS462A - Velo Outlets\" \/>\n<meta property=\"og:description\" content=\"Riepa 28&#8243; Schwalbe One Plus HS462A, Perf Wired 23-622 \/ 700x23C Izm\u0113rs: 28&#8243; (ETRTO: 23-622) Svars: 425 g Versija: SmartGuard Savienojums: ADDIX Kr\u0101sa: Melna Beads: Wired Epi: 67 Fran\u010du izm\u0113rs: 700x23C Iel\u0101des svars: 70 kg Z\u012bmogs: Tube Protektors: HS462A Maksim\u0101lais spiediens: 10 Bar (145 PSI) Minim\u0101lais spiediens: 6 Bar (85 PSI)\" \/>\n<meta property=\"og:url\" content=\"https:\/\/velooutlets.com\/et\/toode\/riepa-28-schwalbe-one-plus-hs462a\/\" \/>\n<meta property=\"og:site_name\" content=\"Velo Outlets\" \/>\n<meta property=\"article:modified_time\" content=\"2026-03-06T21:47:32+00:00\" \/>\n<meta property=\"og:image\" content=\"https:\/\/velooutlets.com\/wp-content\/uploads\/2025\/10\/hs462a_schwalbe_one-plus_standard.png_019558e130e5707d9f071616a17a2072.png\" \/>\n\t<meta property=\"og:image:width\" content=\"900\" \/>\n\t<meta property=\"og:image:height\" content=\"720\" \/>\n\t<meta property=\"og:image:type\" content=\"image\/png\" \/>\n<meta name=\"twitter:card\" content=\"summary_large_image\" \/>\n<script type=\"application\/ld+json\" class=\"yoast-schema-graph\">{\"@context\":\"https:\/\/schema.org\",\"@graph\":[{\"@type\":\"WebPage\",\"@id\":\"https:\/\/velooutlets.com\/products\/riepa-28-schwalbe-one-plus-hs462a\/\",\"url\":\"https:\/\/velooutlets.com\/products\/riepa-28-schwalbe-one-plus-hs462a\/\",\"name\":\"Riepa 28\\\" Schwalbe One Plus HS462A - Velo Outlets\",\"isPartOf\":{\"@id\":\"https:\/\/velooutlets.com\/en\/#website\"},\"primaryImageOfPage\":{\"@id\":\"https:\/\/velooutlets.com\/products\/riepa-28-schwalbe-one-plus-hs462a\/#primaryimage\"},\"image\":{\"@id\":\"https:\/\/velooutlets.com\/products\/riepa-28-schwalbe-one-plus-hs462a\/#primaryimage\"},\"thumbnailUrl\":\"https:\/\/velooutlets.com\/wp-content\/uploads\/2025\/10\/hs462a_schwalbe_one-plus_standard.png_019558e130e5707d9f071616a17a2072.png\",\"datePublished\":\"2025-10-10T06:21:07+00:00\",\"dateModified\":\"2026-03-06T21:47:32+00:00\",\"breadcrumb\":{\"@id\":\"https:\/\/velooutlets.com\/products\/riepa-28-schwalbe-one-plus-hs462a\/#breadcrumb\"},\"inLanguage\":\"et\",\"potentialAction\":[{\"@type\":\"ReadAction\",\"target\":[\"https:\/\/velooutlets.com\/products\/riepa-28-schwalbe-one-plus-hs462a\/\"]}]},{\"@type\":\"ImageObject\",\"inLanguage\":\"et\",\"@id\":\"https:\/\/velooutlets.com\/products\/riepa-28-schwalbe-one-plus-hs462a\/#primaryimage\",\"url\":\"https:\/\/velooutlets.com\/wp-content\/uploads\/2025\/10\/hs462a_schwalbe_one-plus_standard.png_019558e130e5707d9f071616a17a2072.png\",\"contentUrl\":\"https:\/\/velooutlets.com\/wp-content\/uploads\/2025\/10\/hs462a_schwalbe_one-plus_standard.png_019558e130e5707d9f071616a17a2072.png\",\"width\":900,\"height\":720},{\"@type\":\"BreadcrumbList\",\"@id\":\"https:\/\/velooutlets.com\/products\/riepa-28-schwalbe-one-plus-hs462a\/#breadcrumb\",\"itemListElement\":[{\"@type\":\"ListItem\",\"position\":1,\"name\":\"Home\",\"item\":\"https:\/\/velooutlets.com\/\"},{\"@type\":\"ListItem\",\"position\":2,\"name\":\"Veikals\",\"item\":\"https:\/\/velooutlets.com\/shop\/\"},{\"@type\":\"ListItem\",\"position\":3,\"name\":\"Riepa 28&#8243; Schwalbe One Plus HS462A\"}]},{\"@type\":\"WebSite\",\"@id\":\"https:\/\/velooutlets.com\/en\/#website\",\"url\":\"https:\/\/velooutlets.com\/en\/\",\"name\":\"Velo Outlets\",\"description\":\"Velosip\u0113di visai \u0123imenei\",\"potentialAction\":[{\"@type\":\"SearchAction\",\"target\":{\"@type\":\"EntryPoint\",\"urlTemplate\":\"https:\/\/velooutlets.com\/en\/?s={search_term_string}\"},\"query-input\":{\"@type\":\"PropertyValueSpecification\",\"valueRequired\":true,\"valueName\":\"search_term_string\"}}],\"inLanguage\":\"et\"}]}<\/script>\n<!-- \/ Yoast SEO plugin. -->","yoast_head_json":{"title":"Riepa 28\" Schwalbe One Plus HS462A - Velo Outlets","robots":{"index":"index","follow":"follow","max-snippet":"max-snippet:-1","max-image-preview":"max-image-preview:large","max-video-preview":"max-video-preview:-1"},"canonical":"https:\/\/velooutlets.com\/et\/toode\/riepa-28-schwalbe-one-plus-hs462a\/","og_locale":"et_EE","og_type":"article","og_title":"Riepa 28\" Schwalbe One Plus HS462A - Velo Outlets","og_description":"Riepa 28&#8243; Schwalbe One Plus HS462A, Perf Wired 23-622 \/ 700x23C Izm\u0113rs: 28&#8243; (ETRTO: 23-622) Svars: 425 g Versija: SmartGuard Savienojums: ADDIX Kr\u0101sa: Melna Beads: Wired Epi: 67 Fran\u010du izm\u0113rs: 700x23C Iel\u0101des svars: 70 kg Z\u012bmogs: Tube Protektors: HS462A Maksim\u0101lais spiediens: 10 Bar (145 PSI) Minim\u0101lais spiediens: 6 Bar (85 PSI)","og_url":"https:\/\/velooutlets.com\/et\/toode\/riepa-28-schwalbe-one-plus-hs462a\/","og_site_name":"Velo Outlets","article_modified_time":"2026-03-06T21:47:32+00:00","og_image":[{"width":900,"height":720,"url":"https:\/\/velooutlets.com\/wp-content\/uploads\/2025\/10\/hs462a_schwalbe_one-plus_standard.png_019558e130e5707d9f071616a17a2072.png","type":"image\/png"}],"twitter_card":"summary_large_image","schema":{"@context":"https:\/\/schema.org","@graph":[{"@type":"WebPage","@id":"https:\/\/velooutlets.com\/products\/riepa-28-schwalbe-one-plus-hs462a\/","url":"https:\/\/velooutlets.com\/products\/riepa-28-schwalbe-one-plus-hs462a\/","name":"Riepa 28\" Schwalbe One Plus HS462A - Velo Outlets","isPartOf":{"@id":"https:\/\/velooutlets.com\/en\/#website"},"primaryImageOfPage":{"@id":"https:\/\/velooutlets.com\/products\/riepa-28-schwalbe-one-plus-hs462a\/#primaryimage"},"image":{"@id":"https:\/\/velooutlets.com\/products\/riepa-28-schwalbe-one-plus-hs462a\/#primaryimage"},"thumbnailUrl":"https:\/\/velooutlets.com\/wp-content\/uploads\/2025\/10\/hs462a_schwalbe_one-plus_standard.png_019558e130e5707d9f071616a17a2072.png","datePublished":"2025-10-10T06:21:07+00:00","dateModified":"2026-03-06T21:47:32+00:00","breadcrumb":{"@id":"https:\/\/velooutlets.com\/products\/riepa-28-schwalbe-one-plus-hs462a\/#breadcrumb"},"inLanguage":"et","potentialAction":[{"@type":"ReadAction","target":["https:\/\/velooutlets.com\/products\/riepa-28-schwalbe-one-plus-hs462a\/"]}]},{"@type":"ImageObject","inLanguage":"et","@id":"https:\/\/velooutlets.com\/products\/riepa-28-schwalbe-one-plus-hs462a\/#primaryimage","url":"https:\/\/velooutlets.com\/wp-content\/uploads\/2025\/10\/hs462a_schwalbe_one-plus_standard.png_019558e130e5707d9f071616a17a2072.png","contentUrl":"https:\/\/velooutlets.com\/wp-content\/uploads\/2025\/10\/hs462a_schwalbe_one-plus_standard.png_019558e130e5707d9f071616a17a2072.png","width":900,"height":720},{"@type":"BreadcrumbList","@id":"https:\/\/velooutlets.com\/products\/riepa-28-schwalbe-one-plus-hs462a\/#breadcrumb","itemListElement":[{"@type":"ListItem","position":1,"name":"Home","item":"https:\/\/velooutlets.com\/"},{"@type":"ListItem","position":2,"name":"Veikals","item":"https:\/\/velooutlets.com\/shop\/"},{"@type":"ListItem","position":3,"name":"Riepa 28&#8243; Schwalbe One Plus HS462A"}]},{"@type":"WebSite","@id":"https:\/\/velooutlets.com\/en\/#website","url":"https:\/\/velooutlets.com\/en\/","name":"Velo Outlets","description":"Jalgrattad kogu perele","potentialAction":[{"@type":"SearchAction","target":{"@type":"EntryPoint","urlTemplate":"https:\/\/velooutlets.com\/en\/?s={search_term_string}"},"query-input":{"@type":"PropertyValueSpecification","valueRequired":true,"valueName":"search_term_string"}}],"inLanguage":"et"}]}},"jetpack_sharing_enabled":true,"_links":{"self":[{"href":"https:\/\/velooutlets.com\/et\/wp-json\/wp\/v2\/product\/11626","targetHints":{"allow":["GET"]}}],"collection":[{"href":"https:\/\/velooutlets.com\/et\/wp-json\/wp\/v2\/product"}],"about":[{"href":"https:\/\/velooutlets.com\/et\/wp-json\/wp\/v2\/types\/product"}],"wp:featuredmedia":[{"embeddable":true,"href":"https:\/\/velooutlets.com\/et\/wp-json\/wp\/v2\/media\/11668"}],"wp:attachment":[{"href":"https:\/\/velooutlets.com\/et\/wp-json\/wp\/v2\/media?parent=11626"}],"wp:term":[{"taxonomy":"product_brand","embeddable":true,"href":"https:\/\/velooutlets.com\/et\/wp-json\/wp\/v2\/product_brand?post=11626"},{"taxonomy":"product_cat","embeddable":true,"href":"https:\/\/velooutlets.com\/et\/wp-json\/wp\/v2\/product_cat?post=11626"},{"taxonomy":"product_tag","embeddable":true,"href":"https:\/\/velooutlets.com\/et\/wp-json\/wp\/v2\/product_tag?post=11626"}],"curies":[{"name":"wp","href":"https:\/\/api.w.org\/{rel}","templated":true}]}}