{"id":11641,"date":"2025-10-10T09:21:25","date_gmt":"2025-10-10T06:21:25","guid":{"rendered":"https:\/\/staging.velooutlets.com\/product\/riepa-schwalbe-g-one-bite-gravel-folding-tire-700x45c-bronze\/"},"modified":"2026-02-11T13:13:05","modified_gmt":"2026-02-11T11:13:05","slug":"riepa-schwalbe-g-one-bite-gravel-folding-tire-700x45c-bronze","status":"publish","type":"product","link":"https:\/\/velooutlets.com\/et\/toode\/riepa-schwalbe-g-one-bite-gravel-folding-tire-700x45c-bronze\/","title":{"rendered":"Schwalbe G-One Bite Gravel Folding rehv 700x45C, pronks, pronksist"},"content":{"rendered":"<p><strong>Schwalbe G-One Bite Gravel Folding rehv 700x45C, pronks, pronksist<\/strong><\/p>\n<ul>\n<li>\n<p><strong>Suurus<\/strong>28\u2033 (ETRTO: 45-622)<\/p>\n<\/li>\n<li>\n<p><strong>Kaal<\/strong>: 550 g<\/p>\n<\/li>\n<li>\n<p><strong>Versioon<\/strong>: RaceGuard<\/p>\n<\/li>\n<li>\n<p><strong>\u00dchendus<\/strong>: ADDIX<\/p>\n<\/li>\n<li>\n<p><strong>V\u00e4rv<\/strong>: Pronksist k\u00fclgseina<\/p>\n<\/li>\n<li>\n<p><strong>Helmed<\/strong>: Kokkupandav<\/p>\n<\/li>\n<li>\n<p><strong>E-Bike<\/strong>: E-25<\/p>\n<\/li>\n<li>\n<p><strong>Epi<\/strong>: 67<\/p>\n<\/li>\n<li>\n<p><strong>Prantsuse suurus<\/strong>: 700x45C<\/p>\n<\/li>\n<li>\n<p><strong>Inch suurus<\/strong>: 28\u00d71.70<\/p>\n<\/li>\n<li>\n<p><strong>Laadimiskaal<\/strong>: 100 kg<\/p>\n<\/li>\n<li>\n<p><strong>Tempel<\/strong>: TLE<\/p>\n<\/li>\n<li>\n<p><strong>Protector<\/strong>: HS487<\/p>\n<\/li>\n<li>\n<p><strong>Maksimaalne r\u00f5hk<\/strong>: 4 baari (55 PSI)<\/p>\n<\/li>\n<\/ul>","protected":false},"excerpt":{"rendered":"<p>Schwalbe G-One Bite Gravel Folding Tire 700x45C, Bronze Izm\u0113rs: 28&#8243; (ETRTO: 45-622) Svars: 550 g Versija: RaceGuard Savienojums: ADDIX Kr\u0101sa: Bronzas malas (Bronze Sidewall) Beads: Folding E-Bike: E-25 Epi: 67 French izm\u0113rs: 700x45C Inch izm\u0113rs: 28&#215;1.70 Iel\u0101des svars: 100 kg Z\u012bmogs: TLE Protektors: HS487 Maksim\u0101kais spiediens: 4 Bar (55 PSI)<\/p>","protected":false},"featured_media":11685,"template":"","meta":{"_monsterinsights_skip_tracking":false,"_monsterinsights_sitenote_active":false,"_monsterinsights_sitenote_note":"","_monsterinsights_sitenote_category":0,"_iconic_wsb_product_page_order_bump_ids":[],"_sku":[""],"_iconic_wsb_product_page_bump_modal_ids":[]},"product_brand":[1345],"product_cat":[910,1055],"product_tag":[221,890,887],"class_list":{"0":"post-11641","1":"product","2":"type-product","3":"status-publish","4":"has-post-thumbnail","6":"product_brand-schwalbe","7":"product_cat-aksesuari","8":"product_cat-riepas","9":"product_tag-aksesuari","10":"product_tag-riepas","11":"product_tag-schwalbe","12":"product_shipping_class-aksesuari","13":"ts_product_brand-schwalbe","15":"first","16":"instock","17":"taxable","18":"shipping-taxable","19":"purchasable","20":"product-type-simple"},"yoast_head":"<!-- This site is optimized with the Yoast SEO plugin v27.2 - https:\/\/yoast.com\/product\/yoast-seo-wordpress\/ -->\n<title>Riepa Schwalbe G-One Bite Gravel Folding Tire 700x45C, Bronze - Velo Outlets<\/title>\n<meta name=\"robots\" content=\"index, follow, max-snippet:-1, max-image-preview:large, max-video-preview:-1\" \/>\n<link rel=\"canonical\" href=\"https:\/\/velooutlets.com\/et\/toode\/riepa-schwalbe-g-one-bite-gravel-folding-tire-700x45c-bronze\/\" \/>\n<meta property=\"og:locale\" content=\"et_EE\" \/>\n<meta property=\"og:type\" content=\"article\" \/>\n<meta property=\"og:title\" content=\"Riepa Schwalbe G-One Bite Gravel Folding Tire 700x45C, Bronze - Velo Outlets\" \/>\n<meta property=\"og:description\" content=\"Schwalbe G-One Bite Gravel Folding Tire 700x45C, Bronze Izm\u0113rs: 28&#8243; (ETRTO: 45-622) Svars: 550 g Versija: RaceGuard Savienojums: ADDIX Kr\u0101sa: Bronzas malas (Bronze Sidewall) Beads: Folding E-Bike: E-25 Epi: 67 French izm\u0113rs: 700x45C Inch izm\u0113rs: 28&#215;1.70 Iel\u0101des svars: 100 kg Z\u012bmogs: TLE Protektors: HS487 Maksim\u0101kais spiediens: 4 Bar (55 PSI)\" \/>\n<meta property=\"og:url\" content=\"https:\/\/velooutlets.com\/et\/toode\/riepa-schwalbe-g-one-bite-gravel-folding-tire-700x45c-bronze\/\" \/>\n<meta property=\"og:site_name\" content=\"Velo Outlets\" \/>\n<meta property=\"article:modified_time\" content=\"2026-02-11T11:13:05+00:00\" \/>\n<meta property=\"og:image\" content=\"https:\/\/velooutlets.com\/wp-content\/uploads\/2025\/10\/hs487_schwalbe_g-one-bite_bronze_40-622_standard.png_019558eef4337312a4566f203c4b1ad6.png\" \/>\n\t<meta property=\"og:image:width\" content=\"900\" \/>\n\t<meta property=\"og:image:height\" content=\"720\" \/>\n\t<meta property=\"og:image:type\" content=\"image\/png\" \/>\n<meta name=\"twitter:card\" content=\"summary_large_image\" \/>\n<script type=\"application\/ld+json\" class=\"yoast-schema-graph\">{\"@context\":\"https:\/\/schema.org\",\"@graph\":[{\"@type\":\"WebPage\",\"@id\":\"https:\/\/velooutlets.com\/products\/riepa-schwalbe-g-one-bite-gravel-folding-tire-700x45c-bronze\/\",\"url\":\"https:\/\/velooutlets.com\/products\/riepa-schwalbe-g-one-bite-gravel-folding-tire-700x45c-bronze\/\",\"name\":\"Riepa Schwalbe G-One Bite Gravel Folding Tire 700x45C, Bronze - Velo Outlets\",\"isPartOf\":{\"@id\":\"https:\/\/velooutlets.com\/en\/#website\"},\"primaryImageOfPage\":{\"@id\":\"https:\/\/velooutlets.com\/products\/riepa-schwalbe-g-one-bite-gravel-folding-tire-700x45c-bronze\/#primaryimage\"},\"image\":{\"@id\":\"https:\/\/velooutlets.com\/products\/riepa-schwalbe-g-one-bite-gravel-folding-tire-700x45c-bronze\/#primaryimage\"},\"thumbnailUrl\":\"https:\/\/velooutlets.com\/wp-content\/uploads\/2025\/10\/hs487_schwalbe_g-one-bite_bronze_40-622_standard.png_019558eef4337312a4566f203c4b1ad6.png\",\"datePublished\":\"2025-10-10T06:21:25+00:00\",\"dateModified\":\"2026-02-11T11:13:05+00:00\",\"breadcrumb\":{\"@id\":\"https:\/\/velooutlets.com\/products\/riepa-schwalbe-g-one-bite-gravel-folding-tire-700x45c-bronze\/#breadcrumb\"},\"inLanguage\":\"et\",\"potentialAction\":[{\"@type\":\"ReadAction\",\"target\":[\"https:\/\/velooutlets.com\/products\/riepa-schwalbe-g-one-bite-gravel-folding-tire-700x45c-bronze\/\"]}]},{\"@type\":\"ImageObject\",\"inLanguage\":\"et\",\"@id\":\"https:\/\/velooutlets.com\/products\/riepa-schwalbe-g-one-bite-gravel-folding-tire-700x45c-bronze\/#primaryimage\",\"url\":\"https:\/\/velooutlets.com\/wp-content\/uploads\/2025\/10\/hs487_schwalbe_g-one-bite_bronze_40-622_standard.png_019558eef4337312a4566f203c4b1ad6.png\",\"contentUrl\":\"https:\/\/velooutlets.com\/wp-content\/uploads\/2025\/10\/hs487_schwalbe_g-one-bite_bronze_40-622_standard.png_019558eef4337312a4566f203c4b1ad6.png\",\"width\":900,\"height\":720},{\"@type\":\"BreadcrumbList\",\"@id\":\"https:\/\/velooutlets.com\/products\/riepa-schwalbe-g-one-bite-gravel-folding-tire-700x45c-bronze\/#breadcrumb\",\"itemListElement\":[{\"@type\":\"ListItem\",\"position\":1,\"name\":\"Home\",\"item\":\"https:\/\/velooutlets.com\/\"},{\"@type\":\"ListItem\",\"position\":2,\"name\":\"Veikals\",\"item\":\"https:\/\/velooutlets.com\/shop\/\"},{\"@type\":\"ListItem\",\"position\":3,\"name\":\"Riepa Schwalbe G-One Bite Gravel Folding Tire 700x45C, Bronze\"}]},{\"@type\":\"WebSite\",\"@id\":\"https:\/\/velooutlets.com\/en\/#website\",\"url\":\"https:\/\/velooutlets.com\/en\/\",\"name\":\"Velo Outlets\",\"description\":\"Velosip\u0113di visai \u0123imenei\",\"potentialAction\":[{\"@type\":\"SearchAction\",\"target\":{\"@type\":\"EntryPoint\",\"urlTemplate\":\"https:\/\/velooutlets.com\/en\/?s={search_term_string}\"},\"query-input\":{\"@type\":\"PropertyValueSpecification\",\"valueRequired\":true,\"valueName\":\"search_term_string\"}}],\"inLanguage\":\"et\"}]}<\/script>\n<!-- \/ Yoast SEO plugin. -->","yoast_head_json":{"title":"Riepa Schwalbe G-One Bite Gravel Folding Tire 700x45C, Bronze - Velo Outlets","robots":{"index":"index","follow":"follow","max-snippet":"max-snippet:-1","max-image-preview":"max-image-preview:large","max-video-preview":"max-video-preview:-1"},"canonical":"https:\/\/velooutlets.com\/et\/toode\/riepa-schwalbe-g-one-bite-gravel-folding-tire-700x45c-bronze\/","og_locale":"et_EE","og_type":"article","og_title":"Riepa Schwalbe G-One Bite Gravel Folding Tire 700x45C, Bronze - Velo Outlets","og_description":"Schwalbe G-One Bite Gravel Folding Tire 700x45C, Bronze Izm\u0113rs: 28&#8243; (ETRTO: 45-622) Svars: 550 g Versija: RaceGuard Savienojums: ADDIX Kr\u0101sa: Bronzas malas (Bronze Sidewall) Beads: Folding E-Bike: E-25 Epi: 67 French izm\u0113rs: 700x45C Inch izm\u0113rs: 28&#215;1.70 Iel\u0101des svars: 100 kg Z\u012bmogs: TLE Protektors: HS487 Maksim\u0101kais spiediens: 4 Bar (55 PSI)","og_url":"https:\/\/velooutlets.com\/et\/toode\/riepa-schwalbe-g-one-bite-gravel-folding-tire-700x45c-bronze\/","og_site_name":"Velo Outlets","article_modified_time":"2026-02-11T11:13:05+00:00","og_image":[{"width":900,"height":720,"url":"https:\/\/velooutlets.com\/wp-content\/uploads\/2025\/10\/hs487_schwalbe_g-one-bite_bronze_40-622_standard.png_019558eef4337312a4566f203c4b1ad6.png","type":"image\/png"}],"twitter_card":"summary_large_image","schema":{"@context":"https:\/\/schema.org","@graph":[{"@type":"WebPage","@id":"https:\/\/velooutlets.com\/products\/riepa-schwalbe-g-one-bite-gravel-folding-tire-700x45c-bronze\/","url":"https:\/\/velooutlets.com\/products\/riepa-schwalbe-g-one-bite-gravel-folding-tire-700x45c-bronze\/","name":"Riepa Schwalbe G-One Bite Gravel Folding Tire 700x45C, Bronze - Velo Outlets","isPartOf":{"@id":"https:\/\/velooutlets.com\/en\/#website"},"primaryImageOfPage":{"@id":"https:\/\/velooutlets.com\/products\/riepa-schwalbe-g-one-bite-gravel-folding-tire-700x45c-bronze\/#primaryimage"},"image":{"@id":"https:\/\/velooutlets.com\/products\/riepa-schwalbe-g-one-bite-gravel-folding-tire-700x45c-bronze\/#primaryimage"},"thumbnailUrl":"https:\/\/velooutlets.com\/wp-content\/uploads\/2025\/10\/hs487_schwalbe_g-one-bite_bronze_40-622_standard.png_019558eef4337312a4566f203c4b1ad6.png","datePublished":"2025-10-10T06:21:25+00:00","dateModified":"2026-02-11T11:13:05+00:00","breadcrumb":{"@id":"https:\/\/velooutlets.com\/products\/riepa-schwalbe-g-one-bite-gravel-folding-tire-700x45c-bronze\/#breadcrumb"},"inLanguage":"et","potentialAction":[{"@type":"ReadAction","target":["https:\/\/velooutlets.com\/products\/riepa-schwalbe-g-one-bite-gravel-folding-tire-700x45c-bronze\/"]}]},{"@type":"ImageObject","inLanguage":"et","@id":"https:\/\/velooutlets.com\/products\/riepa-schwalbe-g-one-bite-gravel-folding-tire-700x45c-bronze\/#primaryimage","url":"https:\/\/velooutlets.com\/wp-content\/uploads\/2025\/10\/hs487_schwalbe_g-one-bite_bronze_40-622_standard.png_019558eef4337312a4566f203c4b1ad6.png","contentUrl":"https:\/\/velooutlets.com\/wp-content\/uploads\/2025\/10\/hs487_schwalbe_g-one-bite_bronze_40-622_standard.png_019558eef4337312a4566f203c4b1ad6.png","width":900,"height":720},{"@type":"BreadcrumbList","@id":"https:\/\/velooutlets.com\/products\/riepa-schwalbe-g-one-bite-gravel-folding-tire-700x45c-bronze\/#breadcrumb","itemListElement":[{"@type":"ListItem","position":1,"name":"Home","item":"https:\/\/velooutlets.com\/"},{"@type":"ListItem","position":2,"name":"Veikals","item":"https:\/\/velooutlets.com\/shop\/"},{"@type":"ListItem","position":3,"name":"Riepa Schwalbe G-One Bite Gravel Folding Tire 700x45C, Bronze"}]},{"@type":"WebSite","@id":"https:\/\/velooutlets.com\/en\/#website","url":"https:\/\/velooutlets.com\/en\/","name":"Velo Outlets","description":"Jalgrattad kogu perele","potentialAction":[{"@type":"SearchAction","target":{"@type":"EntryPoint","urlTemplate":"https:\/\/velooutlets.com\/en\/?s={search_term_string}"},"query-input":{"@type":"PropertyValueSpecification","valueRequired":true,"valueName":"search_term_string"}}],"inLanguage":"et"}]}},"jetpack_sharing_enabled":true,"_links":{"self":[{"href":"https:\/\/velooutlets.com\/et\/wp-json\/wp\/v2\/product\/11641","targetHints":{"allow":["GET"]}}],"collection":[{"href":"https:\/\/velooutlets.com\/et\/wp-json\/wp\/v2\/product"}],"about":[{"href":"https:\/\/velooutlets.com\/et\/wp-json\/wp\/v2\/types\/product"}],"wp:featuredmedia":[{"embeddable":true,"href":"https:\/\/velooutlets.com\/et\/wp-json\/wp\/v2\/media\/11685"}],"wp:attachment":[{"href":"https:\/\/velooutlets.com\/et\/wp-json\/wp\/v2\/media?parent=11641"}],"wp:term":[{"taxonomy":"product_brand","embeddable":true,"href":"https:\/\/velooutlets.com\/et\/wp-json\/wp\/v2\/product_brand?post=11641"},{"taxonomy":"product_cat","embeddable":true,"href":"https:\/\/velooutlets.com\/et\/wp-json\/wp\/v2\/product_cat?post=11641"},{"taxonomy":"product_tag","embeddable":true,"href":"https:\/\/velooutlets.com\/et\/wp-json\/wp\/v2\/product_tag?post=11641"}],"curies":[{"name":"wp","href":"https:\/\/api.w.org\/{rel}","templated":true}]}}