{"id":11711,"date":"2025-10-10T09:23:34","date_gmt":"2025-10-10T06:23:34","guid":{"rendered":"https:\/\/staging.velooutlets.com\/product\/dublusargu-komplekts-26-fatboard\/"},"modified":"2026-03-06T23:32:17","modified_gmt":"2026-03-06T21:32:17","slug":"dublusargu-komplekts-26-fatboard","status":"publish","type":"product","link":"https:\/\/velooutlets.com\/et\/toode\/dublusargu-komplekts-26-fatboard\/","title":{"rendered":"Dub\u013cusargu komplekts Fatboard"},"content":{"rendered":"<p id=\"tw-target-text\" class=\"tw-data-text tw-text-large tw-ta\" dir=\"ltr\" data-placeholder=\"Translation\" data-ved=\"2ahUKEwjXxYCgjsiLAxVb_7sIHaMWC7kQ3ewLegQIBxAV\" aria-label=\"Mudakaitsekomplekt rasvasele jalgrattaleIdeaalne igak\u00fclgne mudakaitse- Valmistatud suure j\u00f5udlusega l\u00f6\u00f6gikindlast plastikust- Suurep\u00e4rane igak\u00fclgne mudakaitse- Ideaalne rasvasele jalgrattale- Valmistatud SaksamaalT\u00f5siselt vastupidav! Kui paksud rehvid l\u00f5ikavad l\u00e4bi muda, pakub suure j\u00f5udlusega l\u00f6\u00f6gikindlast plastikust valmistatud SKS mudakaitse komplekt t\u00e4iuslikku igak\u00fclgset mudakaitset. See on spetsiaalselt m\u00f5eldud fat bike&#039;idele ja p\u00fc\u00fcab mustuse kinni kuni 141 mm profiililaiusega. Eesmine porikaitse kinnitatakse kvaliteetsete kummirihmade abil lihtsalt alumise toru k\u00fclge. Tagumise porikaitse saab sekunditega paigaldada istmele v\u00f5i alumise kinnitusrihma k\u00fclge, kasutades selleks kiirelt vabastatavat j\u00f5urihma kinnituss\u00fcsteemi. Kaks reguleeritavat punkti v\u00f5imaldavad teil kohandada porikaitset ka teie jalgratta geomeetriaga.\">See porikaitsekomplekt on m\u00f5eldud spetsiaalselt Fat-bike'ile, pakkudes igak\u00fclgset kaitset muda ja mustuse eest. See on valmistatud suure vastupidavusega l\u00f6\u00f6gikindlast plastikust, mis on vastupidav ja kauakestev. T\u00e4nu 141 mm laiusele katab see rattad ideaalselt, hoides s\u00f5idu mugavana ja puhtana ka m\u00e4rjas ja mudases keskkonnas. Saksamaal valmistatud, \u00fchendab see aktiivseks jalgrattas\u00f5iduks vajaliku kvaliteedi ja t\u00e4psuse.<\/p>","protected":false},"excerpt":{"rendered":"<p>See porikaitsekomplekt on m\u00f5eldud spetsiaalselt Fat-bike'ile, pakkudes igak\u00fclgset kaitset muda ja mustuse eest. See on valmistatud suure vastupidavusega l\u00f6\u00f6gikindlast plastikust, mis on vastupidav ja kauakestev. T\u00e4nu 141 mm laiusele katab see rattad ideaalselt, hoides s\u00f5idu mugavana ja puhtana ka m\u00e4rjas ja mudases keskkonnas. Saksamaal valmistatud, \u00fchendab see aktiivseks jalgrattas\u00f5iduks vajaliku kvaliteedi ja t\u00e4psuse.<\/p>","protected":false},"featured_media":11712,"template":"","meta":{"_monsterinsights_skip_tracking":false,"_monsterinsights_sitenote_active":false,"_monsterinsights_sitenote_note":"","_monsterinsights_sitenote_category":0,"_iconic_wsb_product_page_order_bump_ids":[],"_sku":["11363"],"_iconic_wsb_product_page_bump_modal_ids":[]},"product_brand":[1347],"product_cat":[910,958],"product_tag":[221,891],"class_list":{"0":"post-11711","1":"product","2":"type-product","3":"status-publish","4":"has-post-thumbnail","6":"product_brand-sks","7":"product_cat-aksesuari","8":"product_cat-dublusargi","9":"product_tag-aksesuari","10":"product_tag-dublusargi","11":"product_shipping_class-aksesuari","12":"ts_product_brand-sks","14":"first","15":"instock","16":"taxable","17":"shipping-taxable","18":"purchasable","19":"product-type-simple"},"yoast_head":"<!-- This site is optimized with the Yoast SEO plugin v27.2 - https:\/\/yoast.com\/product\/yoast-seo-wordpress\/ -->\n<title>Dub\u013cusargu komplekts Fatboard - Velo Outlets<\/title>\n<meta name=\"robots\" content=\"index, follow, max-snippet:-1, max-image-preview:large, max-video-preview:-1\" \/>\n<link rel=\"canonical\" href=\"https:\/\/velooutlets.com\/et\/toode\/dublusargu-komplekts-26-fatboard\/\" \/>\n<meta property=\"og:locale\" content=\"et_EE\" \/>\n<meta property=\"og:type\" content=\"article\" \/>\n<meta property=\"og:title\" content=\"Dub\u013cusargu komplekts Fatboard - Velo Outlets\" \/>\n<meta property=\"og:description\" content=\"\u0160is dub\u013cusargu komplekts ir rad\u012bts \u012bpa\u0161i Fat-bike velosip\u0113diem, nodro\u0161inot visaptvero\u0161u aizsardz\u012bbu pret dub\u013ciem un net\u012brumiem. Izgatavots no augstas veiktsp\u0113jas triecieniztur\u012bgas plastmasas, tas ir iztur\u012bgs un ilgsto\u0161i kalpo. Ar platumu 141\u202fmm tas lieliski aptver rite\u0146us, saglab\u0101jot brauciena komfortu un t\u012br\u012bbu pat slapjos un dub\u013cainos apst\u0101k\u013cos. Ra\u017eots V\u0101cij\u0101, tas apvieno kvalit\u0101ti un precizit\u0101ti, kas nepiecie\u0161ama akt\u012bvai velobrauk\u0161anai.\" \/>\n<meta property=\"og:url\" content=\"https:\/\/velooutlets.com\/et\/toode\/dublusargu-komplekts-26-fatboard\/\" \/>\n<meta property=\"og:site_name\" content=\"Velo Outlets\" \/>\n<meta property=\"article:modified_time\" content=\"2026-03-06T21:32:17+00:00\" \/>\n<meta property=\"og:image\" content=\"https:\/\/velooutlets.com\/wp-content\/uploads\/2025\/10\/3459.jpg\" \/>\n\t<meta property=\"og:image:width\" content=\"1134\" \/>\n\t<meta property=\"og:image:height\" content=\"709\" \/>\n\t<meta property=\"og:image:type\" content=\"image\/jpeg\" \/>\n<meta name=\"twitter:card\" content=\"summary_large_image\" \/>\n<script type=\"application\/ld+json\" class=\"yoast-schema-graph\">{\"@context\":\"https:\/\/schema.org\",\"@graph\":[{\"@type\":\"WebPage\",\"@id\":\"https:\/\/velooutlets.com\/products\/dublusargu-komplekts-26-fatboard\/\",\"url\":\"https:\/\/velooutlets.com\/products\/dublusargu-komplekts-26-fatboard\/\",\"name\":\"Dub\u013cusargu komplekts Fatboard - Velo Outlets\",\"isPartOf\":{\"@id\":\"https:\/\/velooutlets.com\/en\/#website\"},\"primaryImageOfPage\":{\"@id\":\"https:\/\/velooutlets.com\/products\/dublusargu-komplekts-26-fatboard\/#primaryimage\"},\"image\":{\"@id\":\"https:\/\/velooutlets.com\/products\/dublusargu-komplekts-26-fatboard\/#primaryimage\"},\"thumbnailUrl\":\"https:\/\/velooutlets.com\/wp-content\/uploads\/2025\/10\/3459.jpg\",\"datePublished\":\"2025-10-10T06:23:34+00:00\",\"dateModified\":\"2026-03-06T21:32:17+00:00\",\"breadcrumb\":{\"@id\":\"https:\/\/velooutlets.com\/products\/dublusargu-komplekts-26-fatboard\/#breadcrumb\"},\"inLanguage\":\"et\",\"potentialAction\":[{\"@type\":\"ReadAction\",\"target\":[\"https:\/\/velooutlets.com\/products\/dublusargu-komplekts-26-fatboard\/\"]}]},{\"@type\":\"ImageObject\",\"inLanguage\":\"et\",\"@id\":\"https:\/\/velooutlets.com\/products\/dublusargu-komplekts-26-fatboard\/#primaryimage\",\"url\":\"https:\/\/velooutlets.com\/wp-content\/uploads\/2025\/10\/3459.jpg\",\"contentUrl\":\"https:\/\/velooutlets.com\/wp-content\/uploads\/2025\/10\/3459.jpg\",\"width\":1134,\"height\":709},{\"@type\":\"BreadcrumbList\",\"@id\":\"https:\/\/velooutlets.com\/products\/dublusargu-komplekts-26-fatboard\/#breadcrumb\",\"itemListElement\":[{\"@type\":\"ListItem\",\"position\":1,\"name\":\"Home\",\"item\":\"https:\/\/velooutlets.com\/\"},{\"@type\":\"ListItem\",\"position\":2,\"name\":\"Veikals\",\"item\":\"https:\/\/velooutlets.com\/shop\/\"},{\"@type\":\"ListItem\",\"position\":3,\"name\":\"Dub\u013cusargu komplekts Fatboard\"}]},{\"@type\":\"WebSite\",\"@id\":\"https:\/\/velooutlets.com\/en\/#website\",\"url\":\"https:\/\/velooutlets.com\/en\/\",\"name\":\"Velo Outlets\",\"description\":\"Velosip\u0113di visai \u0123imenei\",\"potentialAction\":[{\"@type\":\"SearchAction\",\"target\":{\"@type\":\"EntryPoint\",\"urlTemplate\":\"https:\/\/velooutlets.com\/en\/?s={search_term_string}\"},\"query-input\":{\"@type\":\"PropertyValueSpecification\",\"valueRequired\":true,\"valueName\":\"search_term_string\"}}],\"inLanguage\":\"et\"}]}<\/script>\n<!-- \/ Yoast SEO plugin. -->","yoast_head_json":{"title":"Dub\u013cusargu komplekts Fatboard - Velo Outlets","robots":{"index":"index","follow":"follow","max-snippet":"max-snippet:-1","max-image-preview":"max-image-preview:large","max-video-preview":"max-video-preview:-1"},"canonical":"https:\/\/velooutlets.com\/et\/toode\/dublusargu-komplekts-26-fatboard\/","og_locale":"et_EE","og_type":"article","og_title":"Dub\u013cusargu komplekts Fatboard - Velo Outlets","og_description":"\u0160is dub\u013cusargu komplekts ir rad\u012bts \u012bpa\u0161i Fat-bike velosip\u0113diem, nodro\u0161inot visaptvero\u0161u aizsardz\u012bbu pret dub\u013ciem un net\u012brumiem. Izgatavots no augstas veiktsp\u0113jas triecieniztur\u012bgas plastmasas, tas ir iztur\u012bgs un ilgsto\u0161i kalpo. Ar platumu 141\u202fmm tas lieliski aptver rite\u0146us, saglab\u0101jot brauciena komfortu un t\u012br\u012bbu pat slapjos un dub\u013cainos apst\u0101k\u013cos. Ra\u017eots V\u0101cij\u0101, tas apvieno kvalit\u0101ti un precizit\u0101ti, kas nepiecie\u0161ama akt\u012bvai velobrauk\u0161anai.","og_url":"https:\/\/velooutlets.com\/et\/toode\/dublusargu-komplekts-26-fatboard\/","og_site_name":"Velo Outlets","article_modified_time":"2026-03-06T21:32:17+00:00","og_image":[{"width":1134,"height":709,"url":"https:\/\/velooutlets.com\/wp-content\/uploads\/2025\/10\/3459.jpg","type":"image\/jpeg"}],"twitter_card":"summary_large_image","schema":{"@context":"https:\/\/schema.org","@graph":[{"@type":"WebPage","@id":"https:\/\/velooutlets.com\/products\/dublusargu-komplekts-26-fatboard\/","url":"https:\/\/velooutlets.com\/products\/dublusargu-komplekts-26-fatboard\/","name":"Dub\u013cusargu komplekts Fatboard - Velo Outlets","isPartOf":{"@id":"https:\/\/velooutlets.com\/en\/#website"},"primaryImageOfPage":{"@id":"https:\/\/velooutlets.com\/products\/dublusargu-komplekts-26-fatboard\/#primaryimage"},"image":{"@id":"https:\/\/velooutlets.com\/products\/dublusargu-komplekts-26-fatboard\/#primaryimage"},"thumbnailUrl":"https:\/\/velooutlets.com\/wp-content\/uploads\/2025\/10\/3459.jpg","datePublished":"2025-10-10T06:23:34+00:00","dateModified":"2026-03-06T21:32:17+00:00","breadcrumb":{"@id":"https:\/\/velooutlets.com\/products\/dublusargu-komplekts-26-fatboard\/#breadcrumb"},"inLanguage":"et","potentialAction":[{"@type":"ReadAction","target":["https:\/\/velooutlets.com\/products\/dublusargu-komplekts-26-fatboard\/"]}]},{"@type":"ImageObject","inLanguage":"et","@id":"https:\/\/velooutlets.com\/products\/dublusargu-komplekts-26-fatboard\/#primaryimage","url":"https:\/\/velooutlets.com\/wp-content\/uploads\/2025\/10\/3459.jpg","contentUrl":"https:\/\/velooutlets.com\/wp-content\/uploads\/2025\/10\/3459.jpg","width":1134,"height":709},{"@type":"BreadcrumbList","@id":"https:\/\/velooutlets.com\/products\/dublusargu-komplekts-26-fatboard\/#breadcrumb","itemListElement":[{"@type":"ListItem","position":1,"name":"Home","item":"https:\/\/velooutlets.com\/"},{"@type":"ListItem","position":2,"name":"Veikals","item":"https:\/\/velooutlets.com\/shop\/"},{"@type":"ListItem","position":3,"name":"Dub\u013cusargu komplekts Fatboard"}]},{"@type":"WebSite","@id":"https:\/\/velooutlets.com\/en\/#website","url":"https:\/\/velooutlets.com\/en\/","name":"Velo Outlets","description":"Jalgrattad kogu perele","potentialAction":[{"@type":"SearchAction","target":{"@type":"EntryPoint","urlTemplate":"https:\/\/velooutlets.com\/en\/?s={search_term_string}"},"query-input":{"@type":"PropertyValueSpecification","valueRequired":true,"valueName":"search_term_string"}}],"inLanguage":"et"}]}},"jetpack_sharing_enabled":true,"_links":{"self":[{"href":"https:\/\/velooutlets.com\/et\/wp-json\/wp\/v2\/product\/11711","targetHints":{"allow":["GET"]}}],"collection":[{"href":"https:\/\/velooutlets.com\/et\/wp-json\/wp\/v2\/product"}],"about":[{"href":"https:\/\/velooutlets.com\/et\/wp-json\/wp\/v2\/types\/product"}],"wp:featuredmedia":[{"embeddable":true,"href":"https:\/\/velooutlets.com\/et\/wp-json\/wp\/v2\/media\/11712"}],"wp:attachment":[{"href":"https:\/\/velooutlets.com\/et\/wp-json\/wp\/v2\/media?parent=11711"}],"wp:term":[{"taxonomy":"product_brand","embeddable":true,"href":"https:\/\/velooutlets.com\/et\/wp-json\/wp\/v2\/product_brand?post=11711"},{"taxonomy":"product_cat","embeddable":true,"href":"https:\/\/velooutlets.com\/et\/wp-json\/wp\/v2\/product_cat?post=11711"},{"taxonomy":"product_tag","embeddable":true,"href":"https:\/\/velooutlets.com\/et\/wp-json\/wp\/v2\/product_tag?post=11711"}],"curies":[{"name":"wp","href":"https:\/\/api.w.org\/{rel}","templated":true}]}}