{"id":11743,"date":"2025-10-10T09:24:05","date_gmt":"2025-10-10T06:24:05","guid":{"rendered":"https:\/\/staging.velooutlets.com\/product\/sks-lidznemams-instrumentu-komplekts-ct-worx\/"},"modified":"2026-03-06T23:32:18","modified_gmt":"2026-03-06T21:32:18","slug":"sks-lidznemams-instrumentu-komplekts-ct-worx","status":"publish","type":"product","link":"https:\/\/velooutlets.com\/et\/toode\/sks-lidznemams-instrumentu-komplekts-ct-worx\/","title":{"rendered":"SKS CT-WORX t\u00f6\u00f6riistakomplekt"},"content":{"rendered":"<p id=\"tw-target-text\" class=\"tw-data-text tw-text-large tw-ta\" dir=\"ltr\" data-placeholder=\"Translation\" data-ved=\"2ahUKEwjNvpntociLAxW8hv0HHZ2HOHQQ3ewLegQIBxAV\" aria-label=\"Kroomvanadiumterasest valmistatud multifunktsionaalne t\u00f6\u00f6riist 20 funktsioonigaKomplektne keti neetja- Kompaktne ja funktsionaalne- 20 p\u00f5hifunktsiooniga- Komplektne keti neetja- Roostevabast kroomvanadiumist t\u00f6\u00f6riistaterasest valmistatud- Valmistatud Saksamaal.\">See multifunktsionaalne t\u00f6\u00f6riist on kompaktne ja praktiline kaaslane igale jalgrattas\u00f5idule. See \u00fchendab endas 20 olulist funktsiooni nii rutiinseks remondiks kui ka kiireloomulisteks parandust\u00f6\u00f6deks teel olles. Komplektis olev ketil\u00f5ikur teeb keti reguleerimise v\u00f5i parandamise lihtsaks ja kiireks, samas kui roostevabast kroomvanadiumterasest konstruktsioon tagab vastupidavuse ja pikaealisuse. Saksamaal hoolikalt valmistatud t\u00f6\u00f6riist \u00fchendab endas kvaliteedi, t\u00e4psuse ja kasutusmugavuse, muutes selle asendamatuks t\u00f6\u00f6riistaks nii koduses t\u00f6\u00f6kojas kui ka seiklusreisidel.<\/p>","protected":false},"excerpt":{"rendered":"<p>\u0160is daudzfunkciju instruments ir kompakts un praktisks pal\u012bgs katram velosip\u0113dista braucienam. Tas apvieno 20 b\u016btiskas funkcijas, kas nepiecie\u0161amas gan ikdienas remontam, gan steidzamiem labojumiem ce\u013c\u0101. Iek\u013cautais \u0137\u0113des knied\u0113t\u0101js \u013cauj viegli un \u0101tri piel\u0101got vai salabot \u0137\u0113di, savuk\u0101rt ner\u016bs\u0113jo\u0161\u0101 hroma van\u0101dija t\u0113rauda konstrukcija nodro\u0161ina iztur\u012bbu un ilgm\u016b\u017e\u012bbu. Instruments ir r\u016bp\u012bgi izgatavots V\u0101cij\u0101, apvienojot kvalit\u0101ti, precizit\u0101ti un [&hellip;]<\/p>\n","protected":false},"featured_media":11744,"template":"","meta":{"_monsterinsights_skip_tracking":false,"_monsterinsights_sitenote_active":false,"_monsterinsights_sitenote_note":"","_monsterinsights_sitenote_category":0,"_iconic_wsb_product_page_order_bump_ids":[],"_sku":["10014"],"_iconic_wsb_product_page_bump_modal_ids":[]},"product_brand":[1347],"product_cat":[910,975],"product_tag":[221,209,895],"class_list":{"0":"post-11743","1":"product","2":"type-product","3":"status-publish","4":"has-post-thumbnail","6":"product_brand-sks","7":"product_cat-aksesuari","8":"product_cat-instrumenti","9":"product_tag-aksesuari","10":"product_tag-imenza","11":"product_tag-instrumenti","12":"product_shipping_class-aksesuari","13":"ts_product_brand-sks","15":"first","16":"instock","17":"taxable","18":"shipping-taxable","19":"purchasable","20":"product-type-simple"},"yoast_head":"<!-- This site is optimized with the Yoast SEO plugin v27.2 - https:\/\/yoast.com\/product\/yoast-seo-wordpress\/ -->\n<title>SKS l\u012bdz\u0146emams instrumentu komplekts CT-WORX - Velo Outlets<\/title>\n<meta name=\"robots\" content=\"index, follow, max-snippet:-1, max-image-preview:large, max-video-preview:-1\" \/>\n<link rel=\"canonical\" href=\"https:\/\/velooutlets.com\/et\/toode\/sks-lidznemams-instrumentu-komplekts-ct-worx\/\" \/>\n<meta property=\"og:locale\" content=\"et_EE\" \/>\n<meta property=\"og:type\" content=\"article\" \/>\n<meta property=\"og:title\" content=\"SKS l\u012bdz\u0146emams instrumentu komplekts CT-WORX - Velo Outlets\" \/>\n<meta property=\"og:description\" content=\"\u0160is daudzfunkciju instruments ir kompakts un praktisks pal\u012bgs katram velosip\u0113dista braucienam. Tas apvieno 20 b\u016btiskas funkcijas, kas nepiecie\u0161amas gan ikdienas remontam, gan steidzamiem labojumiem ce\u013c\u0101. Iek\u013cautais \u0137\u0113des knied\u0113t\u0101js \u013cauj viegli un \u0101tri piel\u0101got vai salabot \u0137\u0113di, savuk\u0101rt ner\u016bs\u0113jo\u0161\u0101 hroma van\u0101dija t\u0113rauda konstrukcija nodro\u0161ina iztur\u012bbu un ilgm\u016b\u017e\u012bbu. Instruments ir r\u016bp\u012bgi izgatavots V\u0101cij\u0101, apvienojot kvalit\u0101ti, precizit\u0101ti un [&hellip;]\" \/>\n<meta property=\"og:url\" content=\"https:\/\/velooutlets.com\/et\/toode\/sks-lidznemams-instrumentu-komplekts-ct-worx\/\" \/>\n<meta property=\"og:site_name\" content=\"Velo Outlets\" \/>\n<meta property=\"article:modified_time\" content=\"2026-03-06T21:32:18+00:00\" \/>\n<meta property=\"og:image\" content=\"https:\/\/velooutlets.com\/wp-content\/uploads\/2025\/10\/306scr_c05900a2420a518.jpg\" \/>\n\t<meta property=\"og:image:width\" content=\"625\" \/>\n\t<meta property=\"og:image:height\" content=\"800\" \/>\n\t<meta property=\"og:image:type\" content=\"image\/jpeg\" \/>\n<meta name=\"twitter:card\" content=\"summary_large_image\" \/>\n<script type=\"application\/ld+json\" class=\"yoast-schema-graph\">{\"@context\":\"https:\/\/schema.org\",\"@graph\":[{\"@type\":\"WebPage\",\"@id\":\"https:\/\/velooutlets.com\/products\/sks-lidznemams-instrumentu-komplekts-ct-worx\/\",\"url\":\"https:\/\/velooutlets.com\/products\/sks-lidznemams-instrumentu-komplekts-ct-worx\/\",\"name\":\"SKS l\u012bdz\u0146emams instrumentu komplekts CT-WORX - Velo Outlets\",\"isPartOf\":{\"@id\":\"https:\/\/velooutlets.com\/en\/#website\"},\"primaryImageOfPage\":{\"@id\":\"https:\/\/velooutlets.com\/products\/sks-lidznemams-instrumentu-komplekts-ct-worx\/#primaryimage\"},\"image\":{\"@id\":\"https:\/\/velooutlets.com\/products\/sks-lidznemams-instrumentu-komplekts-ct-worx\/#primaryimage\"},\"thumbnailUrl\":\"https:\/\/velooutlets.com\/wp-content\/uploads\/2025\/10\/306scr_c05900a2420a518.jpg\",\"datePublished\":\"2025-10-10T06:24:05+00:00\",\"dateModified\":\"2026-03-06T21:32:18+00:00\",\"breadcrumb\":{\"@id\":\"https:\/\/velooutlets.com\/products\/sks-lidznemams-instrumentu-komplekts-ct-worx\/#breadcrumb\"},\"inLanguage\":\"et\",\"potentialAction\":[{\"@type\":\"ReadAction\",\"target\":[\"https:\/\/velooutlets.com\/products\/sks-lidznemams-instrumentu-komplekts-ct-worx\/\"]}]},{\"@type\":\"ImageObject\",\"inLanguage\":\"et\",\"@id\":\"https:\/\/velooutlets.com\/products\/sks-lidznemams-instrumentu-komplekts-ct-worx\/#primaryimage\",\"url\":\"https:\/\/velooutlets.com\/wp-content\/uploads\/2025\/10\/306scr_c05900a2420a518.jpg\",\"contentUrl\":\"https:\/\/velooutlets.com\/wp-content\/uploads\/2025\/10\/306scr_c05900a2420a518.jpg\",\"width\":625,\"height\":800},{\"@type\":\"BreadcrumbList\",\"@id\":\"https:\/\/velooutlets.com\/products\/sks-lidznemams-instrumentu-komplekts-ct-worx\/#breadcrumb\",\"itemListElement\":[{\"@type\":\"ListItem\",\"position\":1,\"name\":\"Home\",\"item\":\"https:\/\/velooutlets.com\/\"},{\"@type\":\"ListItem\",\"position\":2,\"name\":\"Veikals\",\"item\":\"https:\/\/velooutlets.com\/shop\/\"},{\"@type\":\"ListItem\",\"position\":3,\"name\":\"SKS l\u012bdz\u0146emams instrumentu komplekts CT-WORX\"}]},{\"@type\":\"WebSite\",\"@id\":\"https:\/\/velooutlets.com\/en\/#website\",\"url\":\"https:\/\/velooutlets.com\/en\/\",\"name\":\"Velo Outlets\",\"description\":\"Velosip\u0113di visai \u0123imenei\",\"potentialAction\":[{\"@type\":\"SearchAction\",\"target\":{\"@type\":\"EntryPoint\",\"urlTemplate\":\"https:\/\/velooutlets.com\/en\/?s={search_term_string}\"},\"query-input\":{\"@type\":\"PropertyValueSpecification\",\"valueRequired\":true,\"valueName\":\"search_term_string\"}}],\"inLanguage\":\"et\"}]}<\/script>\n<!-- \/ Yoast SEO plugin. -->","yoast_head_json":{"title":"SKS l\u012bdz\u0146emams instrumentu komplekts CT-WORX - Velo Outlets","robots":{"index":"index","follow":"follow","max-snippet":"max-snippet:-1","max-image-preview":"max-image-preview:large","max-video-preview":"max-video-preview:-1"},"canonical":"https:\/\/velooutlets.com\/et\/toode\/sks-lidznemams-instrumentu-komplekts-ct-worx\/","og_locale":"et_EE","og_type":"article","og_title":"SKS l\u012bdz\u0146emams instrumentu komplekts CT-WORX - Velo Outlets","og_description":"\u0160is daudzfunkciju instruments ir kompakts un praktisks pal\u012bgs katram velosip\u0113dista braucienam. Tas apvieno 20 b\u016btiskas funkcijas, kas nepiecie\u0161amas gan ikdienas remontam, gan steidzamiem labojumiem ce\u013c\u0101. Iek\u013cautais \u0137\u0113des knied\u0113t\u0101js \u013cauj viegli un \u0101tri piel\u0101got vai salabot \u0137\u0113di, savuk\u0101rt ner\u016bs\u0113jo\u0161\u0101 hroma van\u0101dija t\u0113rauda konstrukcija nodro\u0161ina iztur\u012bbu un ilgm\u016b\u017e\u012bbu. Instruments ir r\u016bp\u012bgi izgatavots V\u0101cij\u0101, apvienojot kvalit\u0101ti, precizit\u0101ti un [&hellip;]","og_url":"https:\/\/velooutlets.com\/et\/toode\/sks-lidznemams-instrumentu-komplekts-ct-worx\/","og_site_name":"Velo Outlets","article_modified_time":"2026-03-06T21:32:18+00:00","og_image":[{"width":625,"height":800,"url":"https:\/\/velooutlets.com\/wp-content\/uploads\/2025\/10\/306scr_c05900a2420a518.jpg","type":"image\/jpeg"}],"twitter_card":"summary_large_image","schema":{"@context":"https:\/\/schema.org","@graph":[{"@type":"WebPage","@id":"https:\/\/velooutlets.com\/products\/sks-lidznemams-instrumentu-komplekts-ct-worx\/","url":"https:\/\/velooutlets.com\/products\/sks-lidznemams-instrumentu-komplekts-ct-worx\/","name":"SKS l\u012bdz\u0146emams instrumentu komplekts CT-WORX - Velo Outlets","isPartOf":{"@id":"https:\/\/velooutlets.com\/en\/#website"},"primaryImageOfPage":{"@id":"https:\/\/velooutlets.com\/products\/sks-lidznemams-instrumentu-komplekts-ct-worx\/#primaryimage"},"image":{"@id":"https:\/\/velooutlets.com\/products\/sks-lidznemams-instrumentu-komplekts-ct-worx\/#primaryimage"},"thumbnailUrl":"https:\/\/velooutlets.com\/wp-content\/uploads\/2025\/10\/306scr_c05900a2420a518.jpg","datePublished":"2025-10-10T06:24:05+00:00","dateModified":"2026-03-06T21:32:18+00:00","breadcrumb":{"@id":"https:\/\/velooutlets.com\/products\/sks-lidznemams-instrumentu-komplekts-ct-worx\/#breadcrumb"},"inLanguage":"et","potentialAction":[{"@type":"ReadAction","target":["https:\/\/velooutlets.com\/products\/sks-lidznemams-instrumentu-komplekts-ct-worx\/"]}]},{"@type":"ImageObject","inLanguage":"et","@id":"https:\/\/velooutlets.com\/products\/sks-lidznemams-instrumentu-komplekts-ct-worx\/#primaryimage","url":"https:\/\/velooutlets.com\/wp-content\/uploads\/2025\/10\/306scr_c05900a2420a518.jpg","contentUrl":"https:\/\/velooutlets.com\/wp-content\/uploads\/2025\/10\/306scr_c05900a2420a518.jpg","width":625,"height":800},{"@type":"BreadcrumbList","@id":"https:\/\/velooutlets.com\/products\/sks-lidznemams-instrumentu-komplekts-ct-worx\/#breadcrumb","itemListElement":[{"@type":"ListItem","position":1,"name":"Home","item":"https:\/\/velooutlets.com\/"},{"@type":"ListItem","position":2,"name":"Veikals","item":"https:\/\/velooutlets.com\/shop\/"},{"@type":"ListItem","position":3,"name":"SKS l\u012bdz\u0146emams instrumentu komplekts CT-WORX"}]},{"@type":"WebSite","@id":"https:\/\/velooutlets.com\/en\/#website","url":"https:\/\/velooutlets.com\/en\/","name":"Velo Outlets","description":"Jalgrattad kogu perele","potentialAction":[{"@type":"SearchAction","target":{"@type":"EntryPoint","urlTemplate":"https:\/\/velooutlets.com\/en\/?s={search_term_string}"},"query-input":{"@type":"PropertyValueSpecification","valueRequired":true,"valueName":"search_term_string"}}],"inLanguage":"et"}]}},"jetpack_sharing_enabled":true,"_links":{"self":[{"href":"https:\/\/velooutlets.com\/et\/wp-json\/wp\/v2\/product\/11743","targetHints":{"allow":["GET"]}}],"collection":[{"href":"https:\/\/velooutlets.com\/et\/wp-json\/wp\/v2\/product"}],"about":[{"href":"https:\/\/velooutlets.com\/et\/wp-json\/wp\/v2\/types\/product"}],"wp:featuredmedia":[{"embeddable":true,"href":"https:\/\/velooutlets.com\/et\/wp-json\/wp\/v2\/media\/11744"}],"wp:attachment":[{"href":"https:\/\/velooutlets.com\/et\/wp-json\/wp\/v2\/media?parent=11743"}],"wp:term":[{"taxonomy":"product_brand","embeddable":true,"href":"https:\/\/velooutlets.com\/et\/wp-json\/wp\/v2\/product_brand?post=11743"},{"taxonomy":"product_cat","embeddable":true,"href":"https:\/\/velooutlets.com\/et\/wp-json\/wp\/v2\/product_cat?post=11743"},{"taxonomy":"product_tag","embeddable":true,"href":"https:\/\/velooutlets.com\/et\/wp-json\/wp\/v2\/product_tag?post=11743"}],"curies":[{"name":"wp","href":"https:\/\/api.w.org\/{rel}","templated":true}]}}