{"id":11757,"date":"2025-10-10T09:24:22","date_gmt":"2025-10-10T06:24:22","guid":{"rendered":"https:\/\/staging.velooutlets.com\/product\/kott-traveller-smart\/"},"modified":"2026-01-30T11:44:30","modified_gmt":"2026-01-30T09:44:30","slug":"kott-traveller-smart","status":"publish","type":"product","link":"https:\/\/velooutlets.com\/et\/toode\/kott-traveller-smart\/","title":{"rendered":"Sks Traveller Smart"},"content":{"rendered":"<p>Raamihoidja, 1350 ml, 200 x 100 x 110 mm, veekindel<\/p>\n<pre class=\"tw-data-text tw-text-large tw-ta\" data-placeholder=\"Translation\" id=\"tw-target-text\" data-ved=\"2ahUKEwjz6LzjqsiLAxWG87sIHafKLigQ3ewLegQIBxAV\" aria-label=\"Sportlik, stiilne ja praktiline- Lahutatava nutitelefoni kott koos kaabli l\u00e4biviiguga- Puuteekraaniga \u00fchilduv- Integreeritud akukamber- Kummeeritud konksuga kinnitused- Vetth\u00fclgav kangas- Lamineeritud t\u00f5mblukud- Helkurelemendid- Transpordikott BOSCHi kompaktse laadija jaoks.\" dir=\"ltr\"><span class=\"Y2IQFc\" lang=\"lv\">Jalgrattakott trekking- ja linnarattale<br>\n- Eemaldatav nutitelefoni \u00fcmbris koos kaabli l\u00e4biviiguga\n- \u00dchildub puuteekraaniga\n- Integreeritud akupesa\n- Kummeeritud konks ja aas kinnitusega\n- Vetth\u00fclgav kangas\n- Lamineeritud t\u00f5mblukud\n- Helkurelemendid\n<br><\/span><\/pre>","protected":false},"excerpt":{"rendered":"<p>R\u0101mja stiprin\u0101jums, 1350 ml, 200 x 100 x 110 mm, \u016bdensnecaurlaid\u012bgs Velosip\u0113du soma trekingam un pils\u0113tas velosip\u0113diem \u2022 No\u0146emama viedt\u0101lru\u0146a maci\u0146a ar kabe\u013ca starpliku \u2022 Sader\u012bgs ar sk\u0101rienekr\u0101nu \u2022 Integr\u0113ts bateriju nodal\u012bjums \u2022 Gumijots \u0101\u0137a un cilpas stiprin\u0101jums \u2022 \u016adeni atgr\u016bdo\u0161s audums \u2022 Lamin\u0113ti r\u0101v\u0113jsl\u0113dz\u0113ji \u2022 Atstarojo\u0161i elementi<\/p>","protected":false},"featured_media":11758,"template":"","meta":{"_monsterinsights_skip_tracking":false,"_monsterinsights_sitenote_active":false,"_monsterinsights_sitenote_note":"","_monsterinsights_sitenote_category":0,"_iconic_wsb_product_page_order_bump_ids":[],"_sku":["11516"],"_iconic_wsb_product_page_bump_modal_ids":[]},"product_brand":[1347],"product_cat":[910,1115],"product_tag":[221,209,896,898],"class_list":{"0":"post-11757","1":"product","2":"type-product","3":"status-publish","4":"has-post-thumbnail","6":"product_brand-sks","7":"product_cat-aksesuari","8":"product_cat-velo-somas","9":"product_tag-aksesuari","10":"product_tag-imenza","11":"product_tag-parejie-aksesuari","12":"product_tag-velo-somas","13":"product_shipping_class-aksesuari","14":"ts_product_brand-sks","16":"first","17":"instock","18":"taxable","19":"shipping-taxable","20":"purchasable","21":"product-type-simple"},"yoast_head":"<!-- This site is optimized with the Yoast SEO plugin v27.2 - https:\/\/yoast.com\/product\/yoast-seo-wordpress\/ -->\n<title>Sks Traveller Smart - Velo Outlets<\/title>\n<meta name=\"robots\" content=\"index, follow, max-snippet:-1, max-image-preview:large, max-video-preview:-1\" \/>\n<link rel=\"canonical\" href=\"https:\/\/velooutlets.com\/et\/toode\/kott-traveller-smart\/\" \/>\n<meta property=\"og:locale\" content=\"et_EE\" \/>\n<meta property=\"og:type\" content=\"article\" \/>\n<meta property=\"og:title\" content=\"Sks Traveller Smart - Velo Outlets\" \/>\n<meta property=\"og:description\" content=\"R\u0101mja stiprin\u0101jums, 1350 ml, 200 x 100 x 110 mm, \u016bdensnecaurlaid\u012bgs Velosip\u0113du soma trekingam un pils\u0113tas velosip\u0113diem \u2022 No\u0146emama viedt\u0101lru\u0146a maci\u0146a ar kabe\u013ca starpliku \u2022 Sader\u012bgs ar sk\u0101rienekr\u0101nu \u2022 Integr\u0113ts bateriju nodal\u012bjums \u2022 Gumijots \u0101\u0137a un cilpas stiprin\u0101jums \u2022 \u016adeni atgr\u016bdo\u0161s audums \u2022 Lamin\u0113ti r\u0101v\u0113jsl\u0113dz\u0113ji \u2022 Atstarojo\u0161i elementi\" \/>\n<meta property=\"og:url\" content=\"https:\/\/velooutlets.com\/et\/toode\/kott-traveller-smart\/\" \/>\n<meta property=\"og:site_name\" content=\"Velo Outlets\" \/>\n<meta property=\"article:modified_time\" content=\"2026-01-30T09:44:30+00:00\" \/>\n<meta property=\"og:image\" content=\"https:\/\/velooutlets.com\/wp-content\/uploads\/2025\/10\/3449.jpg\" \/>\n\t<meta property=\"og:image:width\" content=\"1134\" \/>\n\t<meta property=\"og:image:height\" content=\"709\" \/>\n\t<meta property=\"og:image:type\" content=\"image\/jpeg\" \/>\n<meta name=\"twitter:card\" content=\"summary_large_image\" \/>\n<script type=\"application\/ld+json\" class=\"yoast-schema-graph\">{\"@context\":\"https:\/\/schema.org\",\"@graph\":[{\"@type\":\"WebPage\",\"@id\":\"https:\/\/velooutlets.com\/products\/kott-traveller-smart\/\",\"url\":\"https:\/\/velooutlets.com\/products\/kott-traveller-smart\/\",\"name\":\"Sks Traveller Smart - Velo Outlets\",\"isPartOf\":{\"@id\":\"https:\/\/velooutlets.com\/en\/#website\"},\"primaryImageOfPage\":{\"@id\":\"https:\/\/velooutlets.com\/products\/kott-traveller-smart\/#primaryimage\"},\"image\":{\"@id\":\"https:\/\/velooutlets.com\/products\/kott-traveller-smart\/#primaryimage\"},\"thumbnailUrl\":\"https:\/\/velooutlets.com\/wp-content\/uploads\/2025\/10\/3449.jpg\",\"datePublished\":\"2025-10-10T06:24:22+00:00\",\"dateModified\":\"2026-01-30T09:44:30+00:00\",\"breadcrumb\":{\"@id\":\"https:\/\/velooutlets.com\/products\/kott-traveller-smart\/#breadcrumb\"},\"inLanguage\":\"et\",\"potentialAction\":[{\"@type\":\"ReadAction\",\"target\":[\"https:\/\/velooutlets.com\/products\/kott-traveller-smart\/\"]}]},{\"@type\":\"ImageObject\",\"inLanguage\":\"et\",\"@id\":\"https:\/\/velooutlets.com\/products\/kott-traveller-smart\/#primaryimage\",\"url\":\"https:\/\/velooutlets.com\/wp-content\/uploads\/2025\/10\/3449.jpg\",\"contentUrl\":\"https:\/\/velooutlets.com\/wp-content\/uploads\/2025\/10\/3449.jpg\",\"width\":1134,\"height\":709},{\"@type\":\"BreadcrumbList\",\"@id\":\"https:\/\/velooutlets.com\/products\/kott-traveller-smart\/#breadcrumb\",\"itemListElement\":[{\"@type\":\"ListItem\",\"position\":1,\"name\":\"Home\",\"item\":\"https:\/\/velooutlets.com\/\"},{\"@type\":\"ListItem\",\"position\":2,\"name\":\"Veikals\",\"item\":\"https:\/\/velooutlets.com\/shop\/\"},{\"@type\":\"ListItem\",\"position\":3,\"name\":\"Sks Traveller Smart\"}]},{\"@type\":\"WebSite\",\"@id\":\"https:\/\/velooutlets.com\/en\/#website\",\"url\":\"https:\/\/velooutlets.com\/en\/\",\"name\":\"Velo Outlets\",\"description\":\"Velosip\u0113di visai \u0123imenei\",\"potentialAction\":[{\"@type\":\"SearchAction\",\"target\":{\"@type\":\"EntryPoint\",\"urlTemplate\":\"https:\/\/velooutlets.com\/en\/?s={search_term_string}\"},\"query-input\":{\"@type\":\"PropertyValueSpecification\",\"valueRequired\":true,\"valueName\":\"search_term_string\"}}],\"inLanguage\":\"et\"}]}<\/script>\n<!-- \/ Yoast SEO plugin. -->","yoast_head_json":{"title":"Sks Traveller Smart - Velo Outlets","robots":{"index":"index","follow":"follow","max-snippet":"max-snippet:-1","max-image-preview":"max-image-preview:large","max-video-preview":"max-video-preview:-1"},"canonical":"https:\/\/velooutlets.com\/et\/toode\/kott-traveller-smart\/","og_locale":"et_EE","og_type":"article","og_title":"Sks Traveller Smart - Velo Outlets","og_description":"R\u0101mja stiprin\u0101jums, 1350 ml, 200 x 100 x 110 mm, \u016bdensnecaurlaid\u012bgs Velosip\u0113du soma trekingam un pils\u0113tas velosip\u0113diem \u2022 No\u0146emama viedt\u0101lru\u0146a maci\u0146a ar kabe\u013ca starpliku \u2022 Sader\u012bgs ar sk\u0101rienekr\u0101nu \u2022 Integr\u0113ts bateriju nodal\u012bjums \u2022 Gumijots \u0101\u0137a un cilpas stiprin\u0101jums \u2022 \u016adeni atgr\u016bdo\u0161s audums \u2022 Lamin\u0113ti r\u0101v\u0113jsl\u0113dz\u0113ji \u2022 Atstarojo\u0161i elementi","og_url":"https:\/\/velooutlets.com\/et\/toode\/kott-traveller-smart\/","og_site_name":"Velo Outlets","article_modified_time":"2026-01-30T09:44:30+00:00","og_image":[{"width":1134,"height":709,"url":"https:\/\/velooutlets.com\/wp-content\/uploads\/2025\/10\/3449.jpg","type":"image\/jpeg"}],"twitter_card":"summary_large_image","schema":{"@context":"https:\/\/schema.org","@graph":[{"@type":"WebPage","@id":"https:\/\/velooutlets.com\/products\/kott-traveller-smart\/","url":"https:\/\/velooutlets.com\/products\/kott-traveller-smart\/","name":"Sks Traveller Smart - Velo Outlets","isPartOf":{"@id":"https:\/\/velooutlets.com\/en\/#website"},"primaryImageOfPage":{"@id":"https:\/\/velooutlets.com\/products\/kott-traveller-smart\/#primaryimage"},"image":{"@id":"https:\/\/velooutlets.com\/products\/kott-traveller-smart\/#primaryimage"},"thumbnailUrl":"https:\/\/velooutlets.com\/wp-content\/uploads\/2025\/10\/3449.jpg","datePublished":"2025-10-10T06:24:22+00:00","dateModified":"2026-01-30T09:44:30+00:00","breadcrumb":{"@id":"https:\/\/velooutlets.com\/products\/kott-traveller-smart\/#breadcrumb"},"inLanguage":"et","potentialAction":[{"@type":"ReadAction","target":["https:\/\/velooutlets.com\/products\/kott-traveller-smart\/"]}]},{"@type":"ImageObject","inLanguage":"et","@id":"https:\/\/velooutlets.com\/products\/kott-traveller-smart\/#primaryimage","url":"https:\/\/velooutlets.com\/wp-content\/uploads\/2025\/10\/3449.jpg","contentUrl":"https:\/\/velooutlets.com\/wp-content\/uploads\/2025\/10\/3449.jpg","width":1134,"height":709},{"@type":"BreadcrumbList","@id":"https:\/\/velooutlets.com\/products\/kott-traveller-smart\/#breadcrumb","itemListElement":[{"@type":"ListItem","position":1,"name":"Home","item":"https:\/\/velooutlets.com\/"},{"@type":"ListItem","position":2,"name":"Veikals","item":"https:\/\/velooutlets.com\/shop\/"},{"@type":"ListItem","position":3,"name":"Sks Traveller Smart"}]},{"@type":"WebSite","@id":"https:\/\/velooutlets.com\/en\/#website","url":"https:\/\/velooutlets.com\/en\/","name":"Velo Outlets","description":"Jalgrattad kogu perele","potentialAction":[{"@type":"SearchAction","target":{"@type":"EntryPoint","urlTemplate":"https:\/\/velooutlets.com\/en\/?s={search_term_string}"},"query-input":{"@type":"PropertyValueSpecification","valueRequired":true,"valueName":"search_term_string"}}],"inLanguage":"et"}]}},"jetpack_sharing_enabled":true,"_links":{"self":[{"href":"https:\/\/velooutlets.com\/et\/wp-json\/wp\/v2\/product\/11757","targetHints":{"allow":["GET"]}}],"collection":[{"href":"https:\/\/velooutlets.com\/et\/wp-json\/wp\/v2\/product"}],"about":[{"href":"https:\/\/velooutlets.com\/et\/wp-json\/wp\/v2\/types\/product"}],"wp:featuredmedia":[{"embeddable":true,"href":"https:\/\/velooutlets.com\/et\/wp-json\/wp\/v2\/media\/11758"}],"wp:attachment":[{"href":"https:\/\/velooutlets.com\/et\/wp-json\/wp\/v2\/media?parent=11757"}],"wp:term":[{"taxonomy":"product_brand","embeddable":true,"href":"https:\/\/velooutlets.com\/et\/wp-json\/wp\/v2\/product_brand?post=11757"},{"taxonomy":"product_cat","embeddable":true,"href":"https:\/\/velooutlets.com\/et\/wp-json\/wp\/v2\/product_cat?post=11757"},{"taxonomy":"product_tag","embeddable":true,"href":"https:\/\/velooutlets.com\/et\/wp-json\/wp\/v2\/product_tag?post=11757"}],"curies":[{"name":"wp","href":"https:\/\/api.w.org\/{rel}","templated":true}]}}