{"id":13633,"date":"2025-12-10T14:47:59","date_gmt":"2025-12-10T12:47:59","guid":{"rendered":"https:\/\/staging.velooutlets.com\/product\/force-kids-stan-16-24-melns\/"},"modified":"2026-03-03T11:55:06","modified_gmt":"2026-03-03T09:55:06","slug":"force-kids-stan-16-24-melns","status":"publish","type":"product","link":"https:\/\/velooutlets.com\/et\/toode\/force-kids-stan-16-24-melns\/","title":{"rendered":"Force Kids Stan 16&#8243;-24&#8243; Melns"},"content":{"rendered":"<p><strong>Force Kids Stan laste jalgratta iste<\/strong><\/p>\n<ul>\n<li>16\u2033 - 24\u2033 ratastele<\/li>\n<li>Istme klamber kaasas<\/li>\n<li>Istmeplatvorm: nailon<\/li>\n<li>Integreeritud plastist r\u00f6\u00f6pad<\/li>\n<li>Materjal: PU - pol\u00fcuretaan<\/li>\n<li>Suurus: 245 x 145 mm<\/li>\n<li>Kaal: 320 g<\/li>\n<li>Pakitud pol\u00fckotti<\/li>\n<li>Valmistatud ELis<\/li>\n<\/ul>","protected":false},"excerpt":{"rendered":"<p>B\u0113rnu velosip\u0113da s\u0113deklis Force Kids Stan Paredz\u0113ts 16&#8243; &#8211; 24&#8243; rite\u0146iem Iek\u013cauta s\u0113dek\u013ca stutes skava S\u0113dek\u013ca platforma: neilons Integr\u0113tas plastmasas sliedes Materi\u0101ls: PU &#8211; poliuret\u0101ns Izm\u0113rs: 245 x 145 mm Svars: 320 g Iepakots polimaisa iepakojum\u0101 Ra\u017eots ES<\/p>","protected":false},"featured_media":13764,"template":"","meta":{"_monsterinsights_skip_tracking":false,"_monsterinsights_sitenote_active":false,"_monsterinsights_sitenote_note":"","_monsterinsights_sitenote_category":0,"_iconic_wsb_product_page_order_bump_ids":[],"_sku":[""],"_iconic_wsb_product_page_bump_modal_ids":[]},"product_brand":[1623],"product_cat":[910],"product_tag":[221,1195],"class_list":{"0":"post-13633","1":"product","2":"type-product","3":"status-publish","4":"has-post-thumbnail","6":"product_brand-force","7":"product_cat-aksesuari","8":"product_tag-aksesuari","9":"product_tag-bernu-sedekli","10":"product_shipping_class-aksesuari","12":"first","13":"instock","14":"taxable","15":"shipping-taxable","16":"purchasable","17":"product-type-simple"},"yoast_head":"<!-- This site is optimized with the Yoast SEO plugin v27.2 - https:\/\/yoast.com\/product\/yoast-seo-wordpress\/ -->\n<title>Force Kids Stan 16&quot;-24&quot; Melns - Velo Outlets<\/title>\n<meta name=\"robots\" content=\"index, follow, max-snippet:-1, max-image-preview:large, max-video-preview:-1\" \/>\n<link rel=\"canonical\" href=\"https:\/\/velooutlets.com\/et\/toode\/force-kids-stan-16-24-melns\/\" \/>\n<meta property=\"og:locale\" content=\"et_EE\" \/>\n<meta property=\"og:type\" content=\"article\" \/>\n<meta property=\"og:title\" content=\"Force Kids Stan 16&quot;-24&quot; Melns - Velo Outlets\" \/>\n<meta property=\"og:description\" content=\"B\u0113rnu velosip\u0113da s\u0113deklis Force Kids Stan Paredz\u0113ts 16&#8243; &#8211; 24&#8243; rite\u0146iem Iek\u013cauta s\u0113dek\u013ca stutes skava S\u0113dek\u013ca platforma: neilons Integr\u0113tas plastmasas sliedes Materi\u0101ls: PU &#8211; poliuret\u0101ns Izm\u0113rs: 245 x 145 mm Svars: 320 g Iepakots polimaisa iepakojum\u0101 Ra\u017eots ES\" \/>\n<meta property=\"og:url\" content=\"https:\/\/velooutlets.com\/et\/toode\/force-kids-stan-16-24-melns\/\" \/>\n<meta property=\"og:site_name\" content=\"Velo Outlets\" \/>\n<meta property=\"article:modified_time\" content=\"2026-03-03T09:55:06+00:00\" \/>\n<meta property=\"og:image\" content=\"https:\/\/velooutlets.com\/wp-content\/uploads\/2025\/12\/20063_hlavni-scaled.jpg\" \/>\n\t<meta property=\"og:image:width\" content=\"2560\" \/>\n\t<meta property=\"og:image:height\" content=\"2560\" \/>\n\t<meta property=\"og:image:type\" content=\"image\/jpeg\" \/>\n<meta name=\"twitter:card\" content=\"summary_large_image\" \/>\n<script type=\"application\/ld+json\" class=\"yoast-schema-graph\">{\"@context\":\"https:\/\/schema.org\",\"@graph\":[{\"@type\":\"WebPage\",\"@id\":\"https:\/\/velooutlets.com\/products\/force-kids-stan-16-24-melns\/\",\"url\":\"https:\/\/velooutlets.com\/products\/force-kids-stan-16-24-melns\/\",\"name\":\"Force Kids Stan 16\\\"-24\\\" Melns - Velo Outlets\",\"isPartOf\":{\"@id\":\"https:\/\/velooutlets.com\/en\/#website\"},\"primaryImageOfPage\":{\"@id\":\"https:\/\/velooutlets.com\/products\/force-kids-stan-16-24-melns\/#primaryimage\"},\"image\":{\"@id\":\"https:\/\/velooutlets.com\/products\/force-kids-stan-16-24-melns\/#primaryimage\"},\"thumbnailUrl\":\"https:\/\/velooutlets.com\/wp-content\/uploads\/2025\/12\/20063_hlavni-scaled.jpg\",\"datePublished\":\"2025-12-10T12:47:59+00:00\",\"dateModified\":\"2026-03-03T09:55:06+00:00\",\"breadcrumb\":{\"@id\":\"https:\/\/velooutlets.com\/products\/force-kids-stan-16-24-melns\/#breadcrumb\"},\"inLanguage\":\"et\",\"potentialAction\":[{\"@type\":\"ReadAction\",\"target\":[\"https:\/\/velooutlets.com\/products\/force-kids-stan-16-24-melns\/\"]}]},{\"@type\":\"ImageObject\",\"inLanguage\":\"et\",\"@id\":\"https:\/\/velooutlets.com\/products\/force-kids-stan-16-24-melns\/#primaryimage\",\"url\":\"https:\/\/velooutlets.com\/wp-content\/uploads\/2025\/12\/20063_hlavni-scaled.jpg\",\"contentUrl\":\"https:\/\/velooutlets.com\/wp-content\/uploads\/2025\/12\/20063_hlavni-scaled.jpg\",\"width\":2560,\"height\":2560},{\"@type\":\"BreadcrumbList\",\"@id\":\"https:\/\/velooutlets.com\/products\/force-kids-stan-16-24-melns\/#breadcrumb\",\"itemListElement\":[{\"@type\":\"ListItem\",\"position\":1,\"name\":\"Home\",\"item\":\"https:\/\/velooutlets.com\/\"},{\"@type\":\"ListItem\",\"position\":2,\"name\":\"Veikals\",\"item\":\"https:\/\/velooutlets.com\/shop\/\"},{\"@type\":\"ListItem\",\"position\":3,\"name\":\"Force Kids Stan 16&#8243;-24&#8243; Melns\"}]},{\"@type\":\"WebSite\",\"@id\":\"https:\/\/velooutlets.com\/en\/#website\",\"url\":\"https:\/\/velooutlets.com\/en\/\",\"name\":\"Velo Outlets\",\"description\":\"Velosip\u0113di visai \u0123imenei\",\"potentialAction\":[{\"@type\":\"SearchAction\",\"target\":{\"@type\":\"EntryPoint\",\"urlTemplate\":\"https:\/\/velooutlets.com\/en\/?s={search_term_string}\"},\"query-input\":{\"@type\":\"PropertyValueSpecification\",\"valueRequired\":true,\"valueName\":\"search_term_string\"}}],\"inLanguage\":\"et\"}]}<\/script>\n<!-- \/ Yoast SEO plugin. -->","yoast_head_json":{"title":"Force Kids Stan 16\"-24\" Melns - Velo Outlets","robots":{"index":"index","follow":"follow","max-snippet":"max-snippet:-1","max-image-preview":"max-image-preview:large","max-video-preview":"max-video-preview:-1"},"canonical":"https:\/\/velooutlets.com\/et\/toode\/force-kids-stan-16-24-melns\/","og_locale":"et_EE","og_type":"article","og_title":"Force Kids Stan 16\"-24\" Melns - Velo Outlets","og_description":"B\u0113rnu velosip\u0113da s\u0113deklis Force Kids Stan Paredz\u0113ts 16&#8243; &#8211; 24&#8243; rite\u0146iem Iek\u013cauta s\u0113dek\u013ca stutes skava S\u0113dek\u013ca platforma: neilons Integr\u0113tas plastmasas sliedes Materi\u0101ls: PU &#8211; poliuret\u0101ns Izm\u0113rs: 245 x 145 mm Svars: 320 g Iepakots polimaisa iepakojum\u0101 Ra\u017eots ES","og_url":"https:\/\/velooutlets.com\/et\/toode\/force-kids-stan-16-24-melns\/","og_site_name":"Velo Outlets","article_modified_time":"2026-03-03T09:55:06+00:00","og_image":[{"width":2560,"height":2560,"url":"https:\/\/velooutlets.com\/wp-content\/uploads\/2025\/12\/20063_hlavni-scaled.jpg","type":"image\/jpeg"}],"twitter_card":"summary_large_image","schema":{"@context":"https:\/\/schema.org","@graph":[{"@type":"WebPage","@id":"https:\/\/velooutlets.com\/products\/force-kids-stan-16-24-melns\/","url":"https:\/\/velooutlets.com\/products\/force-kids-stan-16-24-melns\/","name":"Force Kids Stan 16\"-24\" Melns - Velo Outlets","isPartOf":{"@id":"https:\/\/velooutlets.com\/en\/#website"},"primaryImageOfPage":{"@id":"https:\/\/velooutlets.com\/products\/force-kids-stan-16-24-melns\/#primaryimage"},"image":{"@id":"https:\/\/velooutlets.com\/products\/force-kids-stan-16-24-melns\/#primaryimage"},"thumbnailUrl":"https:\/\/velooutlets.com\/wp-content\/uploads\/2025\/12\/20063_hlavni-scaled.jpg","datePublished":"2025-12-10T12:47:59+00:00","dateModified":"2026-03-03T09:55:06+00:00","breadcrumb":{"@id":"https:\/\/velooutlets.com\/products\/force-kids-stan-16-24-melns\/#breadcrumb"},"inLanguage":"et","potentialAction":[{"@type":"ReadAction","target":["https:\/\/velooutlets.com\/products\/force-kids-stan-16-24-melns\/"]}]},{"@type":"ImageObject","inLanguage":"et","@id":"https:\/\/velooutlets.com\/products\/force-kids-stan-16-24-melns\/#primaryimage","url":"https:\/\/velooutlets.com\/wp-content\/uploads\/2025\/12\/20063_hlavni-scaled.jpg","contentUrl":"https:\/\/velooutlets.com\/wp-content\/uploads\/2025\/12\/20063_hlavni-scaled.jpg","width":2560,"height":2560},{"@type":"BreadcrumbList","@id":"https:\/\/velooutlets.com\/products\/force-kids-stan-16-24-melns\/#breadcrumb","itemListElement":[{"@type":"ListItem","position":1,"name":"Home","item":"https:\/\/velooutlets.com\/"},{"@type":"ListItem","position":2,"name":"Veikals","item":"https:\/\/velooutlets.com\/shop\/"},{"@type":"ListItem","position":3,"name":"Force Kids Stan 16&#8243;-24&#8243; Melns"}]},{"@type":"WebSite","@id":"https:\/\/velooutlets.com\/en\/#website","url":"https:\/\/velooutlets.com\/en\/","name":"Velo Outlets","description":"Jalgrattad kogu perele","potentialAction":[{"@type":"SearchAction","target":{"@type":"EntryPoint","urlTemplate":"https:\/\/velooutlets.com\/en\/?s={search_term_string}"},"query-input":{"@type":"PropertyValueSpecification","valueRequired":true,"valueName":"search_term_string"}}],"inLanguage":"et"}]}},"jetpack_sharing_enabled":true,"_links":{"self":[{"href":"https:\/\/velooutlets.com\/et\/wp-json\/wp\/v2\/product\/13633","targetHints":{"allow":["GET"]}}],"collection":[{"href":"https:\/\/velooutlets.com\/et\/wp-json\/wp\/v2\/product"}],"about":[{"href":"https:\/\/velooutlets.com\/et\/wp-json\/wp\/v2\/types\/product"}],"wp:featuredmedia":[{"embeddable":true,"href":"https:\/\/velooutlets.com\/et\/wp-json\/wp\/v2\/media\/13764"}],"wp:attachment":[{"href":"https:\/\/velooutlets.com\/et\/wp-json\/wp\/v2\/media?parent=13633"}],"wp:term":[{"taxonomy":"product_brand","embeddable":true,"href":"https:\/\/velooutlets.com\/et\/wp-json\/wp\/v2\/product_brand?post=13633"},{"taxonomy":"product_cat","embeddable":true,"href":"https:\/\/velooutlets.com\/et\/wp-json\/wp\/v2\/product_cat?post=13633"},{"taxonomy":"product_tag","embeddable":true,"href":"https:\/\/velooutlets.com\/et\/wp-json\/wp\/v2\/product_tag?post=13633"}],"curies":[{"name":"wp","href":"https:\/\/api.w.org\/{rel}","templated":true}]}}