{"id":14525,"date":"2025-12-28T12:35:23","date_gmt":"2025-12-28T10:35:23","guid":{"rendered":"https:\/\/staging.velooutlets.com\/product\/urbanicer-2-0-pink\/"},"modified":"2026-04-23T17:43:55","modified_gmt":"2026-04-23T14:43:55","slug":"urbanicer-2-0-pink","status":"publish","type":"product","link":"https:\/\/velooutlets.com\/et\/toode\/urbanicer-2-0-pink\/","title":{"rendered":"Urbanicer 2.0 roosa"},"content":{"rendered":"<p><strong>V\u00e4he kasutatud<\/strong><\/p>\n<p><strong>Urbanicer 2.0<\/strong>  on kaasaegne ja mitmek\u00fclgne linna-\/trekkinguratas, mis on m\u00f5eldud mugavaks igap\u00e4evaseks pendeldamiseks ja pikemateks s\u00f5itudeks. See \u00fchendab endas tugeva disaini, praktilise varustuse ja elektrilise abi, et pakkuda nauditavat ja t\u00f5husat s\u00f5idukogemust.<\/p>\n<p>Jalgratas on ehitatud kergele alumiiniumraamile, mis pakub head tasakaalu tugevuse ja kaalu vahel. 29-tollised rattad soodustavad stabiilset ja sujuvat veeremist, muutes s\u00f5idu mugavaks ka pikematel vahemaadel.<\/p>\n<p>See mudel on varustatud 250 W tagumise rattamootori ja 36 V\/360 Wh akuga ning pakub sujuvat ja piisavat elektrilist tuge kuni 25 km\/h. 40 Nm p\u00f6\u00f6rdemomendi abil on lihtsam toime tulla t\u00f5usude ja pikemate marsruutidega.<\/p>\n<p>9-k\u00e4iguline Shimano Alivio j\u00f5u\u00fclekanne tagab t\u00e4pse ja usaldusv\u00e4\u00e4rse k\u00e4iguvahetuse, samas kui h\u00fcdraulilised ketaspidurid tagavad ohutu ja kontrollitud pidurdamise k\u00f5ikides ilmastikutingimustes.<br \/>\nJalgrattaga on kaasas k\u00f5ik igap\u00e4evaseks kasutamiseks vajalikud seadmed - tuled, porikaitsmed, hammasratas ja juhtraud -, mis teeb sellest praktilise valiku linnakeskkonda.<\/p>\n<p>Spetsifikatsioon: Raam: alumiinium<br \/>\nKahvel: tahke (j\u00e4ik)<br \/>\nKiiruste arv: 1\u00d79<br \/>\nTagumine rattakett: Shimano Alivio<br \/>\nShifterid: Shimano s\u00fcsteem<br \/>\nAjam: ketid<br \/>\nMootor: 250 W, 40 Nm, tagumine rummu<br \/>\nAku: Li-Ion, 36V, 360 Wh<br \/>\nMax. Abi kiirus: kuni 25 km\/h<br \/>\nPidurid: h\u00fcdrauliline ketas<br \/>\nRattad: 29\u2033<br \/>\nLisavarustus: valgustus, porikaitsed, pagasiriiul, jalapealne.<br \/>\nMax. S\u00fcsteemi kaal: kuni 130 kg<\/p>","protected":false},"excerpt":{"rendered":"<p>Mazlietots Urbanicer 2.0 ir moderns un daudzpus\u012bgs pils\u0113tas\/trekinga elektrovelosip\u0113ds, kas paredz\u0113ts \u0113rtai p\u0101rvieto\u0161anai ikdien\u0101 un gar\u0101kiem izbraucieniem. Tas apvieno stabilu konstrukciju, praktisku apr\u012bkojumu un elektrisko asistenci, nodro\u0161inot pat\u012bkamu un efekt\u012bvu brauk\u0161anas pieredzi. Velosip\u0113ds veidots uz viegla alum\u012bnija r\u0101mja, kas pied\u0101v\u0101 labu iztur\u012bbas un svara balansu. Ciet\u0101 dak\u0161a nodro\u0161ina vienk\u0101r\u0161u un efekt\u012bvu konstrukciju, kas \u012bpa\u0161i labi [&hellip;]<\/p>\n","protected":false},"featured_media":14526,"template":"","meta":{"_monsterinsights_skip_tracking":false,"_monsterinsights_sitenote_active":false,"_monsterinsights_sitenote_note":"","_monsterinsights_sitenote_category":0,"_iconic_wsb_product_page_order_bump_ids":[],"_sku":[""],"_iconic_wsb_product_page_bump_modal_ids":[]},"product_brand":[1164],"product_cat":[963,1437,1127],"product_tag":[848,847,219,846,212],"class_list":{"0":"post-14525","1":"product","2":"type-product","3":"status-publish","4":"has-post-thumbnail","6":"product_brand-prophete","7":"product_cat-elektro-velosipedi","8":"product_cat-outlets","9":"product_cat-velosipedi","10":"product_tag-elektriskais-pilsetas-velosipeds","11":"product_tag-elektro-velosipedi","12":"product_tag-pilsetas-velosipedi","13":"product_tag-sieviesu-velosipedi","14":"product_tag-velosipedi","15":"product_shipping_class-elektro-velosipedi","16":"pa_ramja-izmers-uni","17":"ts_product_brand-prophete","19":"first","20":"instock","21":"sale","22":"taxable","23":"shipping-taxable","24":"purchasable","25":"product-type-simple"},"yoast_head":"<!-- This site is optimized with the Yoast SEO plugin v27.2 - https:\/\/yoast.com\/product\/yoast-seo-wordpress\/ -->\n<title>Urbanicer 2.0 Pink - Velo Outlets<\/title>\n<meta name=\"robots\" content=\"index, follow, max-snippet:-1, max-image-preview:large, max-video-preview:-1\" \/>\n<link rel=\"canonical\" href=\"https:\/\/velooutlets.com\/et\/toode\/urbanicer-2-0-pink\/\" \/>\n<meta property=\"og:locale\" content=\"et_EE\" \/>\n<meta property=\"og:type\" content=\"article\" \/>\n<meta property=\"og:title\" content=\"Urbanicer 2.0 Pink - Velo Outlets\" \/>\n<meta property=\"og:description\" content=\"Mazlietots Urbanicer 2.0 ir moderns un daudzpus\u012bgs pils\u0113tas\/trekinga elektrovelosip\u0113ds, kas paredz\u0113ts \u0113rtai p\u0101rvieto\u0161anai ikdien\u0101 un gar\u0101kiem izbraucieniem. Tas apvieno stabilu konstrukciju, praktisku apr\u012bkojumu un elektrisko asistenci, nodro\u0161inot pat\u012bkamu un efekt\u012bvu brauk\u0161anas pieredzi. Velosip\u0113ds veidots uz viegla alum\u012bnija r\u0101mja, kas pied\u0101v\u0101 labu iztur\u012bbas un svara balansu. Ciet\u0101 dak\u0161a nodro\u0161ina vienk\u0101r\u0161u un efekt\u012bvu konstrukciju, kas \u012bpa\u0161i labi [&hellip;]\" \/>\n<meta property=\"og:url\" content=\"https:\/\/velooutlets.com\/et\/toode\/urbanicer-2-0-pink\/\" \/>\n<meta property=\"og:site_name\" content=\"Velo Outlets\" \/>\n<meta property=\"article:modified_time\" content=\"2026-04-23T14:43:55+00:00\" \/>\n<meta property=\"og:image\" content=\"https:\/\/velooutlets.com\/wp-content\/uploads\/2025\/12\/WhatsAppImage2025-12-03at10.23.32_2.jpg\" \/>\n\t<meta property=\"og:image:width\" content=\"1280\" \/>\n\t<meta property=\"og:image:height\" content=\"960\" \/>\n\t<meta property=\"og:image:type\" content=\"image\/jpeg\" \/>\n<meta name=\"twitter:card\" content=\"summary_large_image\" \/>\n<meta name=\"twitter:label1\" content=\"Est. reading time\" \/>\n\t<meta name=\"twitter:data1\" content=\"1 minut\" \/>\n<script type=\"application\/ld+json\" class=\"yoast-schema-graph\">{\"@context\":\"https:\/\/schema.org\",\"@graph\":[{\"@type\":\"WebPage\",\"@id\":\"https:\/\/velooutlets.com\/products\/urbanicer-2-0-pink\/\",\"url\":\"https:\/\/velooutlets.com\/products\/urbanicer-2-0-pink\/\",\"name\":\"Urbanicer 2.0 Pink - Velo Outlets\",\"isPartOf\":{\"@id\":\"https:\/\/velooutlets.com\/en\/#website\"},\"primaryImageOfPage\":{\"@id\":\"https:\/\/velooutlets.com\/products\/urbanicer-2-0-pink\/#primaryimage\"},\"image\":{\"@id\":\"https:\/\/velooutlets.com\/products\/urbanicer-2-0-pink\/#primaryimage\"},\"thumbnailUrl\":\"https:\/\/velooutlets.com\/wp-content\/uploads\/2025\/12\/WhatsAppImage2025-12-03at10.23.32_2.jpg\",\"datePublished\":\"2025-12-28T10:35:23+00:00\",\"dateModified\":\"2026-04-23T14:43:55+00:00\",\"breadcrumb\":{\"@id\":\"https:\/\/velooutlets.com\/products\/urbanicer-2-0-pink\/#breadcrumb\"},\"inLanguage\":\"et\",\"potentialAction\":[{\"@type\":\"ReadAction\",\"target\":[\"https:\/\/velooutlets.com\/products\/urbanicer-2-0-pink\/\"]}]},{\"@type\":\"ImageObject\",\"inLanguage\":\"et\",\"@id\":\"https:\/\/velooutlets.com\/products\/urbanicer-2-0-pink\/#primaryimage\",\"url\":\"https:\/\/velooutlets.com\/wp-content\/uploads\/2025\/12\/WhatsAppImage2025-12-03at10.23.32_2.jpg\",\"contentUrl\":\"https:\/\/velooutlets.com\/wp-content\/uploads\/2025\/12\/WhatsAppImage2025-12-03at10.23.32_2.jpg\",\"width\":1280,\"height\":960},{\"@type\":\"BreadcrumbList\",\"@id\":\"https:\/\/velooutlets.com\/products\/urbanicer-2-0-pink\/#breadcrumb\",\"itemListElement\":[{\"@type\":\"ListItem\",\"position\":1,\"name\":\"Home\",\"item\":\"https:\/\/velooutlets.com\/\"},{\"@type\":\"ListItem\",\"position\":2,\"name\":\"Veikals\",\"item\":\"https:\/\/velooutlets.com\/shop\/\"},{\"@type\":\"ListItem\",\"position\":3,\"name\":\"Urbanicer 2.0 Pink\"}]},{\"@type\":\"WebSite\",\"@id\":\"https:\/\/velooutlets.com\/en\/#website\",\"url\":\"https:\/\/velooutlets.com\/en\/\",\"name\":\"Velo Outlets\",\"description\":\"Velosip\u0113di visai \u0123imenei\",\"potentialAction\":[{\"@type\":\"SearchAction\",\"target\":{\"@type\":\"EntryPoint\",\"urlTemplate\":\"https:\/\/velooutlets.com\/en\/?s={search_term_string}\"},\"query-input\":{\"@type\":\"PropertyValueSpecification\",\"valueRequired\":true,\"valueName\":\"search_term_string\"}}],\"inLanguage\":\"et\"}]}<\/script>\n<!-- \/ Yoast SEO plugin. -->","yoast_head_json":{"title":"Urbanicer 2.0 Pink - Velo Outlets","robots":{"index":"index","follow":"follow","max-snippet":"max-snippet:-1","max-image-preview":"max-image-preview:large","max-video-preview":"max-video-preview:-1"},"canonical":"https:\/\/velooutlets.com\/et\/toode\/urbanicer-2-0-pink\/","og_locale":"et_EE","og_type":"article","og_title":"Urbanicer 2.0 Pink - Velo Outlets","og_description":"Mazlietots Urbanicer 2.0 ir moderns un daudzpus\u012bgs pils\u0113tas\/trekinga elektrovelosip\u0113ds, kas paredz\u0113ts \u0113rtai p\u0101rvieto\u0161anai ikdien\u0101 un gar\u0101kiem izbraucieniem. Tas apvieno stabilu konstrukciju, praktisku apr\u012bkojumu un elektrisko asistenci, nodro\u0161inot pat\u012bkamu un efekt\u012bvu brauk\u0161anas pieredzi. Velosip\u0113ds veidots uz viegla alum\u012bnija r\u0101mja, kas pied\u0101v\u0101 labu iztur\u012bbas un svara balansu. Ciet\u0101 dak\u0161a nodro\u0161ina vienk\u0101r\u0161u un efekt\u012bvu konstrukciju, kas \u012bpa\u0161i labi [&hellip;]","og_url":"https:\/\/velooutlets.com\/et\/toode\/urbanicer-2-0-pink\/","og_site_name":"Velo Outlets","article_modified_time":"2026-04-23T14:43:55+00:00","og_image":[{"width":1280,"height":960,"url":"https:\/\/velooutlets.com\/wp-content\/uploads\/2025\/12\/WhatsAppImage2025-12-03at10.23.32_2.jpg","type":"image\/jpeg"}],"twitter_card":"summary_large_image","twitter_misc":{"Est. reading time":"1 minut"},"schema":{"@context":"https:\/\/schema.org","@graph":[{"@type":"WebPage","@id":"https:\/\/velooutlets.com\/products\/urbanicer-2-0-pink\/","url":"https:\/\/velooutlets.com\/products\/urbanicer-2-0-pink\/","name":"Urbanicer 2.0 Pink - Velo Outlets","isPartOf":{"@id":"https:\/\/velooutlets.com\/en\/#website"},"primaryImageOfPage":{"@id":"https:\/\/velooutlets.com\/products\/urbanicer-2-0-pink\/#primaryimage"},"image":{"@id":"https:\/\/velooutlets.com\/products\/urbanicer-2-0-pink\/#primaryimage"},"thumbnailUrl":"https:\/\/velooutlets.com\/wp-content\/uploads\/2025\/12\/WhatsAppImage2025-12-03at10.23.32_2.jpg","datePublished":"2025-12-28T10:35:23+00:00","dateModified":"2026-04-23T14:43:55+00:00","breadcrumb":{"@id":"https:\/\/velooutlets.com\/products\/urbanicer-2-0-pink\/#breadcrumb"},"inLanguage":"et","potentialAction":[{"@type":"ReadAction","target":["https:\/\/velooutlets.com\/products\/urbanicer-2-0-pink\/"]}]},{"@type":"ImageObject","inLanguage":"et","@id":"https:\/\/velooutlets.com\/products\/urbanicer-2-0-pink\/#primaryimage","url":"https:\/\/velooutlets.com\/wp-content\/uploads\/2025\/12\/WhatsAppImage2025-12-03at10.23.32_2.jpg","contentUrl":"https:\/\/velooutlets.com\/wp-content\/uploads\/2025\/12\/WhatsAppImage2025-12-03at10.23.32_2.jpg","width":1280,"height":960},{"@type":"BreadcrumbList","@id":"https:\/\/velooutlets.com\/products\/urbanicer-2-0-pink\/#breadcrumb","itemListElement":[{"@type":"ListItem","position":1,"name":"Home","item":"https:\/\/velooutlets.com\/"},{"@type":"ListItem","position":2,"name":"Veikals","item":"https:\/\/velooutlets.com\/shop\/"},{"@type":"ListItem","position":3,"name":"Urbanicer 2.0 Pink"}]},{"@type":"WebSite","@id":"https:\/\/velooutlets.com\/en\/#website","url":"https:\/\/velooutlets.com\/en\/","name":"Velo Outlets","description":"Jalgrattad kogu perele","potentialAction":[{"@type":"SearchAction","target":{"@type":"EntryPoint","urlTemplate":"https:\/\/velooutlets.com\/en\/?s={search_term_string}"},"query-input":{"@type":"PropertyValueSpecification","valueRequired":true,"valueName":"search_term_string"}}],"inLanguage":"et"}]}},"jetpack_sharing_enabled":true,"_links":{"self":[{"href":"https:\/\/velooutlets.com\/et\/wp-json\/wp\/v2\/product\/14525","targetHints":{"allow":["GET"]}}],"collection":[{"href":"https:\/\/velooutlets.com\/et\/wp-json\/wp\/v2\/product"}],"about":[{"href":"https:\/\/velooutlets.com\/et\/wp-json\/wp\/v2\/types\/product"}],"wp:featuredmedia":[{"embeddable":true,"href":"https:\/\/velooutlets.com\/et\/wp-json\/wp\/v2\/media\/14526"}],"wp:attachment":[{"href":"https:\/\/velooutlets.com\/et\/wp-json\/wp\/v2\/media?parent=14525"}],"wp:term":[{"taxonomy":"product_brand","embeddable":true,"href":"https:\/\/velooutlets.com\/et\/wp-json\/wp\/v2\/product_brand?post=14525"},{"taxonomy":"product_cat","embeddable":true,"href":"https:\/\/velooutlets.com\/et\/wp-json\/wp\/v2\/product_cat?post=14525"},{"taxonomy":"product_tag","embeddable":true,"href":"https:\/\/velooutlets.com\/et\/wp-json\/wp\/v2\/product_tag?post=14525"}],"curies":[{"name":"wp","href":"https:\/\/api.w.org\/{rel}","templated":true}]}}