{"id":14539,"date":"2025-12-28T12:43:16","date_gmt":"2025-12-28T10:43:16","guid":{"rendered":"https:\/\/staging.velooutlets.com\/product\/aest-bernu-skrejritenis-melns\/"},"modified":"2026-03-21T10:33:31","modified_gmt":"2026-03-21T08:33:31","slug":"aest-bernu-skrejritenis-melns","status":"publish","type":"product","link":"https:\/\/velooutlets.com\/et\/toode\/aest-bernu-skrejritenis-melns\/","title":{"rendered":"Aest laste roller, must"},"content":{"rendered":"<p><strong>AEST Kids Scooter Must<\/strong> on turvaline ja kerge roller, mis on m\u00f5eldud <strong>3-5-aastastele lastele<\/strong>. See on ideaalne esimeste s\u00f5iduoskuste \u00f5ppimiseks, pakub stabiilsust ja lihtsat k\u00e4sitsemist ning sellel on v\u00e4rvilised LED-rattad, mis muudavad s\u00f5itmise l\u00f5busaks ja visuaalselt atraktiivseks lastele.<\/p>\n<h4>Spetsifikatsioonid:<\/h4>\n<ul>\n<li>\n<p><strong>Rataste arv:<\/strong> 3<\/p>\n<\/li>\n<li>\n<p><strong>Esirattad koos LED-ga:<\/strong> Jah<\/p>\n<\/li>\n<li>\n<p><strong>K\u00e4epideme materjal:<\/strong> Alumiinium<\/p>\n<\/li>\n<li>\n<p><strong>Kaal:<\/strong> 2,1 kg<\/p>\n<\/li>\n<li>\n<p><strong>Maksimaalne kasutaja kaal:<\/strong> 50 kg<\/p>\n<\/li>\n<li>\n<p><strong>V\u00e4rv:<\/strong> Must<\/p>\n<\/li>\n<\/ul>","protected":false},"excerpt":{"rendered":"<p>AEST Kids Scooter Black ir dro\u0161s un viegls skrejritenis, kas paredz\u0113ts b\u0113rniem vecum\u0101 no 3 l\u012bdz 5 gadiem. Ide\u0101li piem\u0113rots pirmo brauk\u0161anas iema\u0146u apguvei, tas nodro\u0161ina stabilit\u0101ti un \u0113rtu vad\u0101m\u012bbu, k\u0101 ar\u012b izce\u013cas ar kr\u0101sainiem LED rite\u0146iem, kas b\u0113rniem padara brauk\u0161anu jautru un vizu\u0101li pievilc\u012bgu. Specifik\u0101cijas: Rite\u0146u skaits: 3 Priek\u0161\u0113jie rite\u0146i ar LED: j\u0101 St\u016bres [&hellip;]<\/p>\n","protected":false},"featured_media":14553,"template":"","meta":{"_monsterinsights_skip_tracking":false,"_monsterinsights_sitenote_active":false,"_monsterinsights_sitenote_note":"","_monsterinsights_sitenote_category":0,"_iconic_wsb_product_page_order_bump_ids":[],"_sku":["105564"],"_iconic_wsb_product_page_bump_modal_ids":[]},"product_brand":[1360],"product_cat":[1361],"product_tag":[1353,1355],"class_list":{"0":"post-14539","1":"product","2":"type-product","3":"status-publish","4":"has-post-thumbnail","6":"product_brand-aest","7":"product_cat-skrejriteni","8":"product_tag-skrejriteni","9":"product_tag-skuteri","10":"product_shipping_class-skrejriteni","11":"ts_product_brand-aest","13":"first","14":"instock","15":"sale","16":"taxable","17":"shipping-taxable","18":"purchasable","19":"product-type-simple"},"yoast_head":"<!-- This site is optimized with the Yoast SEO plugin v27.2 - https:\/\/yoast.com\/product\/yoast-seo-wordpress\/ -->\n<title>Aest b\u0113rnu skrejritenis, melns - Velo Outlets<\/title>\n<meta name=\"robots\" content=\"index, follow, max-snippet:-1, max-image-preview:large, max-video-preview:-1\" \/>\n<link rel=\"canonical\" href=\"https:\/\/velooutlets.com\/et\/toode\/aest-bernu-skrejritenis-melns\/\" \/>\n<meta property=\"og:locale\" content=\"et_EE\" \/>\n<meta property=\"og:type\" content=\"article\" \/>\n<meta property=\"og:title\" content=\"Aest b\u0113rnu skrejritenis, melns - Velo Outlets\" \/>\n<meta property=\"og:description\" content=\"AEST Kids Scooter Black ir dro\u0161s un viegls skrejritenis, kas paredz\u0113ts b\u0113rniem vecum\u0101 no 3 l\u012bdz 5 gadiem. Ide\u0101li piem\u0113rots pirmo brauk\u0161anas iema\u0146u apguvei, tas nodro\u0161ina stabilit\u0101ti un \u0113rtu vad\u0101m\u012bbu, k\u0101 ar\u012b izce\u013cas ar kr\u0101sainiem LED rite\u0146iem, kas b\u0113rniem padara brauk\u0161anu jautru un vizu\u0101li pievilc\u012bgu. Specifik\u0101cijas: Rite\u0146u skaits: 3 Priek\u0161\u0113jie rite\u0146i ar LED: j\u0101 St\u016bres [&hellip;]\" \/>\n<meta property=\"og:url\" content=\"https:\/\/velooutlets.com\/et\/toode\/aest-bernu-skrejritenis-melns\/\" \/>\n<meta property=\"og:site_name\" content=\"Velo Outlets\" \/>\n<meta property=\"article:modified_time\" content=\"2026-03-21T08:33:31+00:00\" \/>\n<meta property=\"og:image\" content=\"https:\/\/velooutlets.com\/wp-content\/uploads\/2025\/12\/aest-kids-scooter-black-medium.jpg\" \/>\n\t<meta property=\"og:image:width\" content=\"800\" \/>\n\t<meta property=\"og:image:height\" content=\"800\" \/>\n\t<meta property=\"og:image:type\" content=\"image\/jpeg\" \/>\n<meta name=\"twitter:card\" content=\"summary_large_image\" \/>\n<script type=\"application\/ld+json\" class=\"yoast-schema-graph\">{\"@context\":\"https:\/\/schema.org\",\"@graph\":[{\"@type\":\"WebPage\",\"@id\":\"https:\/\/velooutlets.com\/products\/aest-bernu-skrejritenis-melns\/\",\"url\":\"https:\/\/velooutlets.com\/products\/aest-bernu-skrejritenis-melns\/\",\"name\":\"Aest b\u0113rnu skrejritenis, melns - Velo Outlets\",\"isPartOf\":{\"@id\":\"https:\/\/velooutlets.com\/en\/#website\"},\"primaryImageOfPage\":{\"@id\":\"https:\/\/velooutlets.com\/products\/aest-bernu-skrejritenis-melns\/#primaryimage\"},\"image\":{\"@id\":\"https:\/\/velooutlets.com\/products\/aest-bernu-skrejritenis-melns\/#primaryimage\"},\"thumbnailUrl\":\"https:\/\/velooutlets.com\/wp-content\/uploads\/2025\/12\/aest-kids-scooter-black-medium.jpg\",\"datePublished\":\"2025-12-28T10:43:16+00:00\",\"dateModified\":\"2026-03-21T08:33:31+00:00\",\"breadcrumb\":{\"@id\":\"https:\/\/velooutlets.com\/products\/aest-bernu-skrejritenis-melns\/#breadcrumb\"},\"inLanguage\":\"et\",\"potentialAction\":[{\"@type\":\"ReadAction\",\"target\":[\"https:\/\/velooutlets.com\/products\/aest-bernu-skrejritenis-melns\/\"]}]},{\"@type\":\"ImageObject\",\"inLanguage\":\"et\",\"@id\":\"https:\/\/velooutlets.com\/products\/aest-bernu-skrejritenis-melns\/#primaryimage\",\"url\":\"https:\/\/velooutlets.com\/wp-content\/uploads\/2025\/12\/aest-kids-scooter-black-medium.jpg\",\"contentUrl\":\"https:\/\/velooutlets.com\/wp-content\/uploads\/2025\/12\/aest-kids-scooter-black-medium.jpg\",\"width\":800,\"height\":800},{\"@type\":\"BreadcrumbList\",\"@id\":\"https:\/\/velooutlets.com\/products\/aest-bernu-skrejritenis-melns\/#breadcrumb\",\"itemListElement\":[{\"@type\":\"ListItem\",\"position\":1,\"name\":\"Home\",\"item\":\"https:\/\/velooutlets.com\/\"},{\"@type\":\"ListItem\",\"position\":2,\"name\":\"Veikals\",\"item\":\"https:\/\/velooutlets.com\/shop\/\"},{\"@type\":\"ListItem\",\"position\":3,\"name\":\"Aest b\u0113rnu skrejritenis, melns\"}]},{\"@type\":\"WebSite\",\"@id\":\"https:\/\/velooutlets.com\/en\/#website\",\"url\":\"https:\/\/velooutlets.com\/en\/\",\"name\":\"Velo Outlets\",\"description\":\"Velosip\u0113di visai \u0123imenei\",\"potentialAction\":[{\"@type\":\"SearchAction\",\"target\":{\"@type\":\"EntryPoint\",\"urlTemplate\":\"https:\/\/velooutlets.com\/en\/?s={search_term_string}\"},\"query-input\":{\"@type\":\"PropertyValueSpecification\",\"valueRequired\":true,\"valueName\":\"search_term_string\"}}],\"inLanguage\":\"et\"}]}<\/script>\n<!-- \/ Yoast SEO plugin. -->","yoast_head_json":{"title":"Aest b\u0113rnu skrejritenis, melns - Velo Outlets","robots":{"index":"index","follow":"follow","max-snippet":"max-snippet:-1","max-image-preview":"max-image-preview:large","max-video-preview":"max-video-preview:-1"},"canonical":"https:\/\/velooutlets.com\/et\/toode\/aest-bernu-skrejritenis-melns\/","og_locale":"et_EE","og_type":"article","og_title":"Aest b\u0113rnu skrejritenis, melns - Velo Outlets","og_description":"AEST Kids Scooter Black ir dro\u0161s un viegls skrejritenis, kas paredz\u0113ts b\u0113rniem vecum\u0101 no 3 l\u012bdz 5 gadiem. Ide\u0101li piem\u0113rots pirmo brauk\u0161anas iema\u0146u apguvei, tas nodro\u0161ina stabilit\u0101ti un \u0113rtu vad\u0101m\u012bbu, k\u0101 ar\u012b izce\u013cas ar kr\u0101sainiem LED rite\u0146iem, kas b\u0113rniem padara brauk\u0161anu jautru un vizu\u0101li pievilc\u012bgu. Specifik\u0101cijas: Rite\u0146u skaits: 3 Priek\u0161\u0113jie rite\u0146i ar LED: j\u0101 St\u016bres [&hellip;]","og_url":"https:\/\/velooutlets.com\/et\/toode\/aest-bernu-skrejritenis-melns\/","og_site_name":"Velo Outlets","article_modified_time":"2026-03-21T08:33:31+00:00","og_image":[{"width":800,"height":800,"url":"https:\/\/velooutlets.com\/wp-content\/uploads\/2025\/12\/aest-kids-scooter-black-medium.jpg","type":"image\/jpeg"}],"twitter_card":"summary_large_image","schema":{"@context":"https:\/\/schema.org","@graph":[{"@type":"WebPage","@id":"https:\/\/velooutlets.com\/products\/aest-bernu-skrejritenis-melns\/","url":"https:\/\/velooutlets.com\/products\/aest-bernu-skrejritenis-melns\/","name":"Aest b\u0113rnu skrejritenis, melns - Velo Outlets","isPartOf":{"@id":"https:\/\/velooutlets.com\/en\/#website"},"primaryImageOfPage":{"@id":"https:\/\/velooutlets.com\/products\/aest-bernu-skrejritenis-melns\/#primaryimage"},"image":{"@id":"https:\/\/velooutlets.com\/products\/aest-bernu-skrejritenis-melns\/#primaryimage"},"thumbnailUrl":"https:\/\/velooutlets.com\/wp-content\/uploads\/2025\/12\/aest-kids-scooter-black-medium.jpg","datePublished":"2025-12-28T10:43:16+00:00","dateModified":"2026-03-21T08:33:31+00:00","breadcrumb":{"@id":"https:\/\/velooutlets.com\/products\/aest-bernu-skrejritenis-melns\/#breadcrumb"},"inLanguage":"et","potentialAction":[{"@type":"ReadAction","target":["https:\/\/velooutlets.com\/products\/aest-bernu-skrejritenis-melns\/"]}]},{"@type":"ImageObject","inLanguage":"et","@id":"https:\/\/velooutlets.com\/products\/aest-bernu-skrejritenis-melns\/#primaryimage","url":"https:\/\/velooutlets.com\/wp-content\/uploads\/2025\/12\/aest-kids-scooter-black-medium.jpg","contentUrl":"https:\/\/velooutlets.com\/wp-content\/uploads\/2025\/12\/aest-kids-scooter-black-medium.jpg","width":800,"height":800},{"@type":"BreadcrumbList","@id":"https:\/\/velooutlets.com\/products\/aest-bernu-skrejritenis-melns\/#breadcrumb","itemListElement":[{"@type":"ListItem","position":1,"name":"Home","item":"https:\/\/velooutlets.com\/"},{"@type":"ListItem","position":2,"name":"Veikals","item":"https:\/\/velooutlets.com\/shop\/"},{"@type":"ListItem","position":3,"name":"Aest b\u0113rnu skrejritenis, melns"}]},{"@type":"WebSite","@id":"https:\/\/velooutlets.com\/en\/#website","url":"https:\/\/velooutlets.com\/en\/","name":"Velo Outlets","description":"Jalgrattad kogu perele","potentialAction":[{"@type":"SearchAction","target":{"@type":"EntryPoint","urlTemplate":"https:\/\/velooutlets.com\/en\/?s={search_term_string}"},"query-input":{"@type":"PropertyValueSpecification","valueRequired":true,"valueName":"search_term_string"}}],"inLanguage":"et"}]}},"jetpack_sharing_enabled":true,"_links":{"self":[{"href":"https:\/\/velooutlets.com\/et\/wp-json\/wp\/v2\/product\/14539","targetHints":{"allow":["GET"]}}],"collection":[{"href":"https:\/\/velooutlets.com\/et\/wp-json\/wp\/v2\/product"}],"about":[{"href":"https:\/\/velooutlets.com\/et\/wp-json\/wp\/v2\/types\/product"}],"wp:featuredmedia":[{"embeddable":true,"href":"https:\/\/velooutlets.com\/et\/wp-json\/wp\/v2\/media\/14553"}],"wp:attachment":[{"href":"https:\/\/velooutlets.com\/et\/wp-json\/wp\/v2\/media?parent=14539"}],"wp:term":[{"taxonomy":"product_brand","embeddable":true,"href":"https:\/\/velooutlets.com\/et\/wp-json\/wp\/v2\/product_brand?post=14539"},{"taxonomy":"product_cat","embeddable":true,"href":"https:\/\/velooutlets.com\/et\/wp-json\/wp\/v2\/product_cat?post=14539"},{"taxonomy":"product_tag","embeddable":true,"href":"https:\/\/velooutlets.com\/et\/wp-json\/wp\/v2\/product_tag?post=14539"}],"curies":[{"name":"wp","href":"https:\/\/api.w.org\/{rel}","templated":true}]}}