{"id":15790,"date":"2026-02-02T15:02:58","date_gmt":"2026-02-02T13:02:58","guid":{"rendered":"https:\/\/staging.velooutlets.com\/product\/cool-splash-velosipeda-kivere\/"},"modified":"2026-02-11T13:14:33","modified_gmt":"2026-02-11T11:14:33","slug":"cool-splash-velosipeda-kivere","status":"publish","type":"product","link":"https:\/\/velooutlets.com\/et\/toode\/cool-splash-velosipeda-kivere\/","title":{"rendered":"Cool Splash jalgrattakiiver"},"content":{"rendered":"<p><strong>M\u00f5eldud lastele<\/strong><br \/>Olete v\u00e4sinud oma lastele pidevalt jalgrattakiivri panemisest meelde tuletama? Autor: <em>Hullu ohutus<\/em> stiilne jalgrattakiiver - see on nii lahe, et lapsed tahavad seda ise kanda! Ainulaadne kuju ja \u00fcksikasjalikud kujundused tagavad, et lapsed ei kanna kiivrit mitte kohustusest, vaid sellep\u00e4rast, et see neile meeldib.<\/p>\n<p><strong>Stiilne turvalisus<\/strong><br \/>Meie missioon on \u00fchendada disain ja ohutus k\u00f5ige lahedamalt, et ohutus muutuks l\u00f5busaks ja stiilseks. Varajased ohutusharjumused on v\u00e4ga olulised, seega <em>Hullu ohutus<\/em> pakub laia valikut ainulaadseid ja v\u00e4rvilisi tooteid nii lastele kui ka vanematele.<\/p>\n<p><strong>Andke oma lastele stiilse kiivri abil ohutus eelis<\/strong><br \/><em>Hullu ohutus<\/em> kiivrid on m\u00f5eldud lastele vanuses 6-12 aastat. Need kiivrid on valmistatud kvaliteetsest kergest EPS-vahust ja pakuvad nii kaitset kui ka mugavust. Reguleeritav sisemine p\u00f6\u00f6rlev reguleerimiss\u00fcsteem v\u00f5imaldab kiivri suurust reguleerida 54 cm kuni 58 cm. T\u00e4iendava ohutuse tagamiseks on kiiver varustatud USB-laetava 9 funktsiooniga punase LED-tulega, mis on mugavalt sisse ehitatud tagak\u00fcljele. 15 strateegiliselt paigutatud ventilatsiooniava ees, \u00fcleval ja taga tagab kiivri pideva \u00f5huvoolu. Iga kiiver on varustatud l\u00f5uapadjaga, eemaldatavate ja pestavate sisetampoonidega. See sobib ideaalselt jalgrattas\u00f5iduks, rulluisutamiseks, rolleriga s\u00f5itmiseks, tasakaalurattaga s\u00f5itmiseks ja rulluisutamiseks, tagades ohutuse ja stiilsuse!<\/p>\n<p><strong>Ohutus k\u00f5igepealt<\/strong><br \/><em>Hullu ohutus<\/em> kiivrid vastavad k\u00f5igile n\u00f5utavatele ohutusstandarditele. Need on p\u00f5hjalikult testitud ja vastavad EN1078:2012 + A1 n\u00f5uetele. T\u00e4iendava n\u00e4htavuse tagamiseks on kiivrid varustatud sisseehitatud USB-laetava punase LED-valgusega, millel on 9 funktsiooni.<\/p>\n<p><strong>Oluline teada<\/strong><br \/>Laste pea suurused v\u00f5ivad olla v\u00e4ga erinevad. Et kiiver sobiks ja oleks ohutu, m\u00f5\u00f5tke enne ostu sooritamist lapse pea \u00fcmberm\u00f5\u00f5t. Siin on, kuidas seda teha:<\/p>\n<ol>\n<li>Laske lapsel p\u00fcsti seista n\u00e4oga ettepoole.<\/li>\n<li>Leidke oma pea k\u00f5ige laiem koht (veidi \u00fcle kulmude).<\/li>\n<li>Keerake m\u00f5\u00f5dulint \u00fcmber oma pea, hoides seda samal tasapinnal, et m\u00f5\u00f5ta \u00fcmberm\u00f5\u00f5tu.<\/li>\n<li>V\u00f5rdle m\u00f5\u00f5tmeid (cm) meie suurustabeliga. Kui see on vahemikus 54 cm kuni 58 cm, sobib kiiver ideaalselt!<\/li>\n<\/ol>\n<p><strong>Toote \u00fcksikasjad:<\/strong><\/p>\n<ul>\n<li>\n<strong>P\u00e4ritolu:<\/strong> Disainitud ja v\u00e4lja t\u00f6\u00f6tatud Taanis, toodetud Hiinas asuvas kvaliteetses tehases.<\/li>\n<li>\n<strong>Ohutus:<\/strong> Testitud ja sertifitseeritud vastavalt EN1078:2012 + A1 ohutusstandarditele.<\/li>\n<li>\n<strong>Materjal:<\/strong> Vormitud pol\u00fckarbonaatkoorik koos kaitsva EPS-vahukihiga<\/li>\n<li>\n<strong>Kaal:<\/strong> V\u00e4ga kerge - ainult 220 g<\/li>\n<li>\n<strong>Ventilatsioon:<\/strong> 15 ventilatsiooniava<\/li>\n<li>\n<strong>Hooldus:<\/strong> Eemaldatavad ja pestavad sisemised padjad<\/li>\n<li>\n<strong>Lisafunktsioonid:<\/strong> Sisseehitatud USB-laetav punane LED-tuli 9 funktsiooniga<\/li>\n<li>\n<strong>Suurus:<\/strong> Pea suurus 54-58 cm<\/li>\n<\/ul>","protected":false},"excerpt":{"rendered":"<p>Rad\u012bts b\u0113rniemNoguru\u0161i no t\u0101, ka past\u0101v\u012bgi j\u0101atg\u0101dina b\u0113rniem uzlikt velosip\u0113da \u0137iveri? Ar Crazy Safety stil\u012bgo velosip\u0113da \u0137iveri tas neb\u016bs probl\u0113ma \u2013 t\u0101 ir tik for\u0161a, ka b\u0113rni pa\u0161i v\u0113l\u0113sies to n\u0113s\u0101t! Unik\u0101l\u0101 forma un detaliz\u0113tie dizaini nodro\u0161ina, ka b\u0113rni \u0137iveri n\u0113s\u0101 nevis pien\u0101kuma d\u0113\u013c, bet t\u0101p\u0113c, ka vi\u0146iem t\u0101 pat\u012bk. Stil\u012bga dro\u0161\u012bbaM\u016bsu misija ir apvienot [&hellip;]<\/p>\n","protected":false},"featured_media":17217,"template":"","meta":{"_monsterinsights_skip_tracking":false,"_monsterinsights_sitenote_active":false,"_monsterinsights_sitenote_note":"","_monsterinsights_sitenote_category":0,"_iconic_wsb_product_page_order_bump_ids":[],"_sku":["cool-splash-velosipeda-kivere"],"_iconic_wsb_product_page_bump_modal_ids":[]},"product_brand":[1491],"product_cat":[910,992,995,1137],"product_tag":[1488,214,880,215,217],"class_list":{"0":"post-15790","1":"product","2":"type-product","3":"status-publish","4":"has-post-thumbnail","6":"product_brand-crazy-safety","7":"product_cat-aksesuari","8":"product_cat-kiveres","9":"product_cat-kiveres-pusaudziem","10":"product_cat-viss-ekipejums","11":"product_tag-02_02_2026","12":"product_tag-aizsargkiveres","13":"product_tag-aizsargkiveres-pusaudziem","14":"product_tag-kiveres","15":"product_tag-kiveres-pusaudziem","16":"product_shipping_class-aksesuari","18":"first","19":"instock","20":"taxable","21":"shipping-taxable","22":"purchasable","23":"product-type-variable","24":"has-default-attributes","25":"wvs-archive-product-wrapper"},"yoast_head":"<!-- This site is optimized with the Yoast SEO plugin v27.2 - https:\/\/yoast.com\/product\/yoast-seo-wordpress\/ -->\n<title>Cool Splash velosip\u0113da \u0137ivere - Velo Outlets<\/title>\n<meta name=\"robots\" content=\"index, follow, max-snippet:-1, max-image-preview:large, max-video-preview:-1\" \/>\n<link rel=\"canonical\" href=\"https:\/\/velooutlets.com\/et\/toode\/cool-splash-velosipeda-kivere\/\" \/>\n<meta property=\"og:locale\" content=\"et_EE\" \/>\n<meta property=\"og:type\" content=\"article\" \/>\n<meta property=\"og:title\" content=\"Cool Splash velosip\u0113da \u0137ivere - Velo Outlets\" \/>\n<meta property=\"og:description\" content=\"Rad\u012bts b\u0113rniemNoguru\u0161i no t\u0101, ka past\u0101v\u012bgi j\u0101atg\u0101dina b\u0113rniem uzlikt velosip\u0113da \u0137iveri? Ar Crazy Safety stil\u012bgo velosip\u0113da \u0137iveri tas neb\u016bs probl\u0113ma \u2013 t\u0101 ir tik for\u0161a, ka b\u0113rni pa\u0161i v\u0113l\u0113sies to n\u0113s\u0101t! Unik\u0101l\u0101 forma un detaliz\u0113tie dizaini nodro\u0161ina, ka b\u0113rni \u0137iveri n\u0113s\u0101 nevis pien\u0101kuma d\u0113\u013c, bet t\u0101p\u0113c, ka vi\u0146iem t\u0101 pat\u012bk. Stil\u012bga dro\u0161\u012bbaM\u016bsu misija ir apvienot [&hellip;]\" \/>\n<meta property=\"og:url\" content=\"https:\/\/velooutlets.com\/et\/toode\/cool-splash-velosipeda-kivere\/\" \/>\n<meta property=\"og:site_name\" content=\"Velo Outlets\" \/>\n<meta property=\"article:modified_time\" content=\"2026-02-11T11:14:33+00:00\" \/>\n<meta property=\"og:image\" content=\"https:\/\/velooutlets.com\/wp-content\/uploads\/2026\/02\/CrazySafety_helmets_master_dkweb_cool_art_1-min-3.jpg\" \/>\n\t<meta property=\"og:image:width\" content=\"2000\" \/>\n\t<meta property=\"og:image:height\" content=\"2000\" \/>\n\t<meta property=\"og:image:type\" content=\"image\/jpeg\" \/>\n<meta name=\"twitter:card\" content=\"summary_large_image\" \/>\n<meta name=\"twitter:label1\" content=\"Est. reading time\" \/>\n\t<meta name=\"twitter:data1\" content=\"3 minutit\" \/>\n<script type=\"application\/ld+json\" class=\"yoast-schema-graph\">{\"@context\":\"https:\/\/schema.org\",\"@graph\":[{\"@type\":\"WebPage\",\"@id\":\"https:\/\/velooutlets.com\/products\/cool-splash-velosipeda-kivere\/\",\"url\":\"https:\/\/velooutlets.com\/products\/cool-splash-velosipeda-kivere\/\",\"name\":\"Cool Splash velosip\u0113da \u0137ivere - Velo Outlets\",\"isPartOf\":{\"@id\":\"https:\/\/velooutlets.com\/en\/#website\"},\"primaryImageOfPage\":{\"@id\":\"https:\/\/velooutlets.com\/products\/cool-splash-velosipeda-kivere\/#primaryimage\"},\"image\":{\"@id\":\"https:\/\/velooutlets.com\/products\/cool-splash-velosipeda-kivere\/#primaryimage\"},\"thumbnailUrl\":\"https:\/\/velooutlets.com\/wp-content\/uploads\/2026\/02\/CrazySafety_helmets_master_dkweb_cool_art_1-min-3.jpg\",\"datePublished\":\"2026-02-02T13:02:58+00:00\",\"dateModified\":\"2026-02-11T11:14:33+00:00\",\"breadcrumb\":{\"@id\":\"https:\/\/velooutlets.com\/products\/cool-splash-velosipeda-kivere\/#breadcrumb\"},\"inLanguage\":\"et\",\"potentialAction\":[{\"@type\":\"ReadAction\",\"target\":[\"https:\/\/velooutlets.com\/products\/cool-splash-velosipeda-kivere\/\"]}]},{\"@type\":\"ImageObject\",\"inLanguage\":\"et\",\"@id\":\"https:\/\/velooutlets.com\/products\/cool-splash-velosipeda-kivere\/#primaryimage\",\"url\":\"https:\/\/velooutlets.com\/wp-content\/uploads\/2026\/02\/CrazySafety_helmets_master_dkweb_cool_art_1-min-3.jpg\",\"contentUrl\":\"https:\/\/velooutlets.com\/wp-content\/uploads\/2026\/02\/CrazySafety_helmets_master_dkweb_cool_art_1-min-3.jpg\",\"width\":2000,\"height\":2000},{\"@type\":\"BreadcrumbList\",\"@id\":\"https:\/\/velooutlets.com\/products\/cool-splash-velosipeda-kivere\/#breadcrumb\",\"itemListElement\":[{\"@type\":\"ListItem\",\"position\":1,\"name\":\"Home\",\"item\":\"https:\/\/velooutlets.com\/\"},{\"@type\":\"ListItem\",\"position\":2,\"name\":\"Veikals\",\"item\":\"https:\/\/velooutlets.com\/shop\/\"},{\"@type\":\"ListItem\",\"position\":3,\"name\":\"Cool Splash velosip\u0113da \u0137ivere\"}]},{\"@type\":\"WebSite\",\"@id\":\"https:\/\/velooutlets.com\/en\/#website\",\"url\":\"https:\/\/velooutlets.com\/en\/\",\"name\":\"Velo Outlets\",\"description\":\"Velosip\u0113di visai \u0123imenei\",\"potentialAction\":[{\"@type\":\"SearchAction\",\"target\":{\"@type\":\"EntryPoint\",\"urlTemplate\":\"https:\/\/velooutlets.com\/en\/?s={search_term_string}\"},\"query-input\":{\"@type\":\"PropertyValueSpecification\",\"valueRequired\":true,\"valueName\":\"search_term_string\"}}],\"inLanguage\":\"et\"}]}<\/script>\n<!-- \/ Yoast SEO plugin. -->","yoast_head_json":{"title":"Cool Splash velosip\u0113da \u0137ivere - Velo Outlets","robots":{"index":"index","follow":"follow","max-snippet":"max-snippet:-1","max-image-preview":"max-image-preview:large","max-video-preview":"max-video-preview:-1"},"canonical":"https:\/\/velooutlets.com\/et\/toode\/cool-splash-velosipeda-kivere\/","og_locale":"et_EE","og_type":"article","og_title":"Cool Splash velosip\u0113da \u0137ivere - Velo Outlets","og_description":"Rad\u012bts b\u0113rniemNoguru\u0161i no t\u0101, ka past\u0101v\u012bgi j\u0101atg\u0101dina b\u0113rniem uzlikt velosip\u0113da \u0137iveri? Ar Crazy Safety stil\u012bgo velosip\u0113da \u0137iveri tas neb\u016bs probl\u0113ma \u2013 t\u0101 ir tik for\u0161a, ka b\u0113rni pa\u0161i v\u0113l\u0113sies to n\u0113s\u0101t! Unik\u0101l\u0101 forma un detaliz\u0113tie dizaini nodro\u0161ina, ka b\u0113rni \u0137iveri n\u0113s\u0101 nevis pien\u0101kuma d\u0113\u013c, bet t\u0101p\u0113c, ka vi\u0146iem t\u0101 pat\u012bk. Stil\u012bga dro\u0161\u012bbaM\u016bsu misija ir apvienot [&hellip;]","og_url":"https:\/\/velooutlets.com\/et\/toode\/cool-splash-velosipeda-kivere\/","og_site_name":"Velo Outlets","article_modified_time":"2026-02-11T11:14:33+00:00","og_image":[{"width":2000,"height":2000,"url":"https:\/\/velooutlets.com\/wp-content\/uploads\/2026\/02\/CrazySafety_helmets_master_dkweb_cool_art_1-min-3.jpg","type":"image\/jpeg"}],"twitter_card":"summary_large_image","twitter_misc":{"Est. reading time":"3 minutit"},"schema":{"@context":"https:\/\/schema.org","@graph":[{"@type":"WebPage","@id":"https:\/\/velooutlets.com\/products\/cool-splash-velosipeda-kivere\/","url":"https:\/\/velooutlets.com\/products\/cool-splash-velosipeda-kivere\/","name":"Cool Splash velosip\u0113da \u0137ivere - Velo Outlets","isPartOf":{"@id":"https:\/\/velooutlets.com\/en\/#website"},"primaryImageOfPage":{"@id":"https:\/\/velooutlets.com\/products\/cool-splash-velosipeda-kivere\/#primaryimage"},"image":{"@id":"https:\/\/velooutlets.com\/products\/cool-splash-velosipeda-kivere\/#primaryimage"},"thumbnailUrl":"https:\/\/velooutlets.com\/wp-content\/uploads\/2026\/02\/CrazySafety_helmets_master_dkweb_cool_art_1-min-3.jpg","datePublished":"2026-02-02T13:02:58+00:00","dateModified":"2026-02-11T11:14:33+00:00","breadcrumb":{"@id":"https:\/\/velooutlets.com\/products\/cool-splash-velosipeda-kivere\/#breadcrumb"},"inLanguage":"et","potentialAction":[{"@type":"ReadAction","target":["https:\/\/velooutlets.com\/products\/cool-splash-velosipeda-kivere\/"]}]},{"@type":"ImageObject","inLanguage":"et","@id":"https:\/\/velooutlets.com\/products\/cool-splash-velosipeda-kivere\/#primaryimage","url":"https:\/\/velooutlets.com\/wp-content\/uploads\/2026\/02\/CrazySafety_helmets_master_dkweb_cool_art_1-min-3.jpg","contentUrl":"https:\/\/velooutlets.com\/wp-content\/uploads\/2026\/02\/CrazySafety_helmets_master_dkweb_cool_art_1-min-3.jpg","width":2000,"height":2000},{"@type":"BreadcrumbList","@id":"https:\/\/velooutlets.com\/products\/cool-splash-velosipeda-kivere\/#breadcrumb","itemListElement":[{"@type":"ListItem","position":1,"name":"Home","item":"https:\/\/velooutlets.com\/"},{"@type":"ListItem","position":2,"name":"Veikals","item":"https:\/\/velooutlets.com\/shop\/"},{"@type":"ListItem","position":3,"name":"Cool Splash velosip\u0113da \u0137ivere"}]},{"@type":"WebSite","@id":"https:\/\/velooutlets.com\/en\/#website","url":"https:\/\/velooutlets.com\/en\/","name":"Velo Outlets","description":"Jalgrattad kogu perele","potentialAction":[{"@type":"SearchAction","target":{"@type":"EntryPoint","urlTemplate":"https:\/\/velooutlets.com\/en\/?s={search_term_string}"},"query-input":{"@type":"PropertyValueSpecification","valueRequired":true,"valueName":"search_term_string"}}],"inLanguage":"et"}]}},"jetpack_sharing_enabled":true,"_links":{"self":[{"href":"https:\/\/velooutlets.com\/et\/wp-json\/wp\/v2\/product\/15790","targetHints":{"allow":["GET"]}}],"collection":[{"href":"https:\/\/velooutlets.com\/et\/wp-json\/wp\/v2\/product"}],"about":[{"href":"https:\/\/velooutlets.com\/et\/wp-json\/wp\/v2\/types\/product"}],"wp:featuredmedia":[{"embeddable":true,"href":"https:\/\/velooutlets.com\/et\/wp-json\/wp\/v2\/media\/17217"}],"wp:attachment":[{"href":"https:\/\/velooutlets.com\/et\/wp-json\/wp\/v2\/media?parent=15790"}],"wp:term":[{"taxonomy":"product_brand","embeddable":true,"href":"https:\/\/velooutlets.com\/et\/wp-json\/wp\/v2\/product_brand?post=15790"},{"taxonomy":"product_cat","embeddable":true,"href":"https:\/\/velooutlets.com\/et\/wp-json\/wp\/v2\/product_cat?post=15790"},{"taxonomy":"product_tag","embeddable":true,"href":"https:\/\/velooutlets.com\/et\/wp-json\/wp\/v2\/product_tag?post=15790"}],"curies":[{"name":"wp","href":"https:\/\/api.w.org\/{rel}","templated":true}]}}