{"id":19377,"date":"2026-02-03T23:57:08","date_gmt":"2026-02-03T21:57:08","guid":{"rendered":"https:\/\/staging.velooutlets.com\/?post_type=product&#038;p=19377"},"modified":"2026-04-19T14:45:06","modified_gmt":"2026-04-19T11:45:06","slug":"scott-aspect-970-zals","status":"publish","type":"product","link":"https:\/\/velooutlets.com\/et\/toode\/scott-aspect-970-zals\/","title":{"rendered":"SCOTT Aspect 970 roheline"},"content":{"rendered":"<p>Scott Aspect 970 on soodne hardtail-m\u00e4gijalgratas, mis on m\u00f5eldud algajatele v\u00f5i l\u00f5dvestunud s\u00f5itmiseks metsaradadel ja kruusateedel. See on lihtne, vastupidav ja kergesti hooldatav, keskendudes pigem taskukohasusele kui sportlikule j\u00f5udlusele.<\/p>\n<p>Ratas on ehitatud Aspect 900\/700 seeria 6061 alumiiniumist raamile, millel on sisemine kaablijuhtimine ja vahetatav tagumine rattakinnitus. Raam on disainitud nii, et see oleks stabiilne ja turvaline, kuid samas on kaal piisavalt v\u00e4ike igap\u00e4evaseks kasutamiseks.<\/p>\n<p>Suntour XCE28 amortisaatoriga kahvel 100 mm teekonnaga on paigaldatud ettepoole, et aidata p\u00f5rutusi metsaradadel ja kruusateedel neelata. See on lihtne, kuid piisav algtasemel s\u00f5itmiseks, kus mugavus on t\u00e4htsam kui tehniline t\u00e4psus.<\/p>\n<p>K\u00e4igukasti on Shimano Tourney 3\u00d77 (21 k\u00e4iku), mis pakub v\u00e4ga laia, kuid lihtsat k\u00e4iguvalikuga hammasratast. See v\u00f5imaldab h\u00f5lpsasti hakkama saada nii t\u00f5usudel kui ka tasasel teel, kuid s\u00fcsteem on suunatud pigem t\u00f6\u00f6kindluse ja madalate kulude kui sportliku kiiruse poole.<\/p>\n<p>Pidurid on Tektro mehaanilised 160 mm rootoriga ketaspidurid. Need on lihtsad ja funktsionaalsed, piisavad igap\u00e4evaseks s\u00f5iduks ja kergete radade l\u00e4bimiseks, kuigi h\u00fcdraulilised pidurid oleksid n\u00f5udlikumates tingimustes v\u00f5imsamad.<\/p>\n<p>Veljed on varustatud Kenda Booster 2,4-tollise rehviga, mis tagavad hea haardumise mustal, kruusasel ja kergetel radadel. Selline rehvilevisus aitab parandada mugavust ka ebatasastel teedel.<\/p>\n<p>Kokkuv\u00f5ttes on Scott Aspect 970 Green t\u00fc\u00fcpiline \u201cesimene MTB\u201d - lihtne, vastupidav ja arusaadav ratas, mis sobib h\u00e4sti m\u00e4girattas\u00f5iduga tutvumiseks ilma suurte kulutuste v\u00f5i keerulise varustusega.<\/p>\n<p>Spetsifikatsioon:<br \/>\nRaam: Aspect 900\/700 seeria, 6061 alumiinium, sisemine kaablijuhtimine<br \/>\nKahvel: Suntour XCE28, 100 mm teekond<br \/>\nKiiruste arv: 3\u00d77 (21 kiirust)<br \/>\nAjam: Shimano Tourney<br \/>\nKassett: SunRace 11-34T<br \/>\nPidurid: Tektro mehaanilised ketaspidurid<br \/>\nRehvid: Kenda Booster 2.4\u201d<br \/>\nRattad: Syncros X-20 Disc<br \/>\nKaal: ~15 kg<br \/>\nMax. S\u00fcsteemi kaal: 128 kg<\/p>","protected":false},"excerpt":{"rendered":"<p>Scott Aspect 970 ir bud\u017eeta l\u012bme\u0146a hardtail kalnu velosip\u0113ds, kas paredz\u0113ts ies\u0101c\u0113jiem vai mier\u012bgai brauk\u0161anai pa me\u017ea tak\u0101m un grants ce\u013ciem. Tas ir vienk\u0101r\u0161s, iztur\u012bgs un viegli kopjams modelis, kur galvenais uzsvars ir uz pieejam\u012bbu, nevis sportisku veiktsp\u0113ju. Velosip\u0113ds b\u016bv\u0113ts uz Aspect 900\/700 s\u0113rijas 6061 alum\u012bnija r\u0101mja ar iek\u0161\u0113jo tros\u012b\u0161u izvadu un nomain\u0101mu aizmugur\u0113jo p\u0101rsl\u0113dz\u0113ja [&hellip;]<\/p>\n","protected":false},"featured_media":35738,"template":"","meta":{"_monsterinsights_skip_tracking":false,"_monsterinsights_sitenote_active":false,"_monsterinsights_sitenote_note":"","_monsterinsights_sitenote_category":0,"_iconic_wsb_product_page_order_bump_ids":[[]],"_sku":["SCOTT-ASPECT-970-GREEN"],"_iconic_wsb_product_page_bump_modal_ids":[[]]},"product_brand":[872],"product_cat":[980,1127],"product_tag":[1522],"class_list":{"0":"post-19377","1":"product","2":"type-product","3":"status-publish","4":"has-post-thumbnail","6":"product_brand-scott","7":"product_cat-kalnu-velosipedi","8":"product_cat-velosipedi","9":"product_tag-scott","11":"first","12":"instock","13":"taxable","14":"shipping-taxable","15":"purchasable","16":"product-type-variable","17":"has-default-attributes","18":"wvs-archive-product-wrapper"},"yoast_head":"<!-- This site is optimized with the Yoast SEO plugin v27.2 - https:\/\/yoast.com\/product\/yoast-seo-wordpress\/ -->\n<title>SCOTT Aspect 970 \u2013 Ikonisks velosip\u0113ds ar augst\u0101k\u0101 l\u012bme\u0146a veiktsp\u0113ju | Velo Outlets<\/title>\n<meta name=\"description\" content=\"Ieg\u0101d\u0101jies SCOTT velosip\u0113du Velo Outlets! Daudzveid\u012bga izv\u0113le no da\u017e\u0101diem SCOTT mode\u013ciem, kas garant\u0113 komfortu un veiktsp\u0113ju gan uz ce\u013ca, gan me\u017e\u0101\" \/>\n<meta name=\"robots\" content=\"index, follow, max-snippet:-1, max-image-preview:large, max-video-preview:-1\" \/>\n<link rel=\"canonical\" href=\"https:\/\/velooutlets.com\/et\/toode\/scott-aspect-970-zals\/\" \/>\n<meta property=\"og:locale\" content=\"et_EE\" \/>\n<meta property=\"og:type\" content=\"article\" \/>\n<meta property=\"og:title\" content=\"SCOTT Aspect 970 \u2013 Ikonisks velosip\u0113ds ar augst\u0101k\u0101 l\u012bme\u0146a veiktsp\u0113ju | Velo Outlets\" \/>\n<meta property=\"og:description\" content=\"Ieg\u0101d\u0101jies SCOTT velosip\u0113du Velo Outlets! Daudzveid\u012bga izv\u0113le no da\u017e\u0101diem SCOTT mode\u013ciem, kas garant\u0113 komfortu un veiktsp\u0113ju gan uz ce\u013ca, gan me\u017e\u0101\" \/>\n<meta property=\"og:url\" content=\"https:\/\/velooutlets.com\/et\/toode\/scott-aspect-970-zals\/\" \/>\n<meta property=\"og:site_name\" content=\"Velo Outlets\" \/>\n<meta property=\"article:modified_time\" content=\"2026-04-19T11:45:06+00:00\" \/>\n<meta property=\"og:image\" content=\"https:\/\/velooutlets.com\/wp-content\/uploads\/2026\/02\/1000191875.jpg\" \/>\n\t<meta property=\"og:image:width\" content=\"1080\" \/>\n\t<meta property=\"og:image:height\" content=\"678\" \/>\n\t<meta property=\"og:image:type\" content=\"image\/jpeg\" \/>\n<meta name=\"twitter:card\" content=\"summary_large_image\" \/>\n<meta name=\"twitter:label1\" content=\"Est. reading time\" \/>\n\t<meta name=\"twitter:data1\" content=\"1 minut\" \/>\n<script type=\"application\/ld+json\" class=\"yoast-schema-graph\">{\"@context\":\"https:\/\/schema.org\",\"@graph\":[{\"@type\":\"WebPage\",\"@id\":\"https:\/\/velooutlets.com\/products\/scott-aspect-970-zals\/\",\"url\":\"https:\/\/velooutlets.com\/products\/scott-aspect-970-zals\/\",\"name\":\"SCOTT Aspect 970 \u2013 Ikonisks velosip\u0113ds ar augst\u0101k\u0101 l\u012bme\u0146a veiktsp\u0113ju | Velo Outlets\",\"isPartOf\":{\"@id\":\"https:\/\/velooutlets.com\/en\/#website\"},\"primaryImageOfPage\":{\"@id\":\"https:\/\/velooutlets.com\/products\/scott-aspect-970-zals\/#primaryimage\"},\"image\":{\"@id\":\"https:\/\/velooutlets.com\/products\/scott-aspect-970-zals\/#primaryimage\"},\"thumbnailUrl\":\"https:\/\/velooutlets.com\/wp-content\/uploads\/2026\/02\/1000191875.jpg\",\"datePublished\":\"2026-02-03T21:57:08+00:00\",\"dateModified\":\"2026-04-19T11:45:06+00:00\",\"description\":\"Ieg\u0101d\u0101jies SCOTT velosip\u0113du Velo Outlets! Daudzveid\u012bga izv\u0113le no da\u017e\u0101diem SCOTT mode\u013ciem, kas garant\u0113 komfortu un veiktsp\u0113ju gan uz ce\u013ca, gan me\u017e\u0101\",\"breadcrumb\":{\"@id\":\"https:\/\/velooutlets.com\/products\/scott-aspect-970-zals\/#breadcrumb\"},\"inLanguage\":\"et\",\"potentialAction\":[{\"@type\":\"ReadAction\",\"target\":[\"https:\/\/velooutlets.com\/products\/scott-aspect-970-zals\/\"]}]},{\"@type\":\"ImageObject\",\"inLanguage\":\"et\",\"@id\":\"https:\/\/velooutlets.com\/products\/scott-aspect-970-zals\/#primaryimage\",\"url\":\"https:\/\/velooutlets.com\/wp-content\/uploads\/2026\/02\/1000191875.jpg\",\"contentUrl\":\"https:\/\/velooutlets.com\/wp-content\/uploads\/2026\/02\/1000191875.jpg\",\"width\":1080,\"height\":678},{\"@type\":\"BreadcrumbList\",\"@id\":\"https:\/\/velooutlets.com\/products\/scott-aspect-970-zals\/#breadcrumb\",\"itemListElement\":[{\"@type\":\"ListItem\",\"position\":1,\"name\":\"Home\",\"item\":\"https:\/\/velooutlets.com\/\"},{\"@type\":\"ListItem\",\"position\":2,\"name\":\"Veikals\",\"item\":\"https:\/\/velooutlets.com\/shop\/\"},{\"@type\":\"ListItem\",\"position\":3,\"name\":\"SCOTT Aspect 970 green\"}]},{\"@type\":\"WebSite\",\"@id\":\"https:\/\/velooutlets.com\/en\/#website\",\"url\":\"https:\/\/velooutlets.com\/en\/\",\"name\":\"Velo Outlets\",\"description\":\"Velosip\u0113di visai \u0123imenei\",\"potentialAction\":[{\"@type\":\"SearchAction\",\"target\":{\"@type\":\"EntryPoint\",\"urlTemplate\":\"https:\/\/velooutlets.com\/en\/?s={search_term_string}\"},\"query-input\":{\"@type\":\"PropertyValueSpecification\",\"valueRequired\":true,\"valueName\":\"search_term_string\"}}],\"inLanguage\":\"et\"}]}<\/script>\n<!-- \/ Yoast SEO plugin. -->","yoast_head_json":{"title":"SCOTT Aspect 970 \u2013 Ikonisks velosip\u0113ds ar augst\u0101k\u0101 l\u012bme\u0146a veiktsp\u0113ju | Velo Outlets","description":"Ieg\u0101d\u0101jies SCOTT velosip\u0113du Velo Outlets! Daudzveid\u012bga izv\u0113le no da\u017e\u0101diem SCOTT mode\u013ciem, kas garant\u0113 komfortu un veiktsp\u0113ju gan uz ce\u013ca, gan me\u017e\u0101","robots":{"index":"index","follow":"follow","max-snippet":"max-snippet:-1","max-image-preview":"max-image-preview:large","max-video-preview":"max-video-preview:-1"},"canonical":"https:\/\/velooutlets.com\/et\/toode\/scott-aspect-970-zals\/","og_locale":"et_EE","og_type":"article","og_title":"SCOTT Aspect 970 \u2013 Ikonisks velosip\u0113ds ar augst\u0101k\u0101 l\u012bme\u0146a veiktsp\u0113ju | Velo Outlets","og_description":"Ieg\u0101d\u0101jies SCOTT velosip\u0113du Velo Outlets! Daudzveid\u012bga izv\u0113le no da\u017e\u0101diem SCOTT mode\u013ciem, kas garant\u0113 komfortu un veiktsp\u0113ju gan uz ce\u013ca, gan me\u017e\u0101","og_url":"https:\/\/velooutlets.com\/et\/toode\/scott-aspect-970-zals\/","og_site_name":"Velo Outlets","article_modified_time":"2026-04-19T11:45:06+00:00","og_image":[{"width":1080,"height":678,"url":"https:\/\/velooutlets.com\/wp-content\/uploads\/2026\/02\/1000191875.jpg","type":"image\/jpeg"}],"twitter_card":"summary_large_image","twitter_misc":{"Est. reading time":"1 minut"},"schema":{"@context":"https:\/\/schema.org","@graph":[{"@type":"WebPage","@id":"https:\/\/velooutlets.com\/products\/scott-aspect-970-zals\/","url":"https:\/\/velooutlets.com\/products\/scott-aspect-970-zals\/","name":"SCOTT Aspect 970 \u2013 Ikonisks velosip\u0113ds ar augst\u0101k\u0101 l\u012bme\u0146a veiktsp\u0113ju | Velo Outlets","isPartOf":{"@id":"https:\/\/velooutlets.com\/en\/#website"},"primaryImageOfPage":{"@id":"https:\/\/velooutlets.com\/products\/scott-aspect-970-zals\/#primaryimage"},"image":{"@id":"https:\/\/velooutlets.com\/products\/scott-aspect-970-zals\/#primaryimage"},"thumbnailUrl":"https:\/\/velooutlets.com\/wp-content\/uploads\/2026\/02\/1000191875.jpg","datePublished":"2026-02-03T21:57:08+00:00","dateModified":"2026-04-19T11:45:06+00:00","description":"Ieg\u0101d\u0101jies SCOTT velosip\u0113du Velo Outlets! Daudzveid\u012bga izv\u0113le no da\u017e\u0101diem SCOTT mode\u013ciem, kas garant\u0113 komfortu un veiktsp\u0113ju gan uz ce\u013ca, gan me\u017e\u0101","breadcrumb":{"@id":"https:\/\/velooutlets.com\/products\/scott-aspect-970-zals\/#breadcrumb"},"inLanguage":"et","potentialAction":[{"@type":"ReadAction","target":["https:\/\/velooutlets.com\/products\/scott-aspect-970-zals\/"]}]},{"@type":"ImageObject","inLanguage":"et","@id":"https:\/\/velooutlets.com\/products\/scott-aspect-970-zals\/#primaryimage","url":"https:\/\/velooutlets.com\/wp-content\/uploads\/2026\/02\/1000191875.jpg","contentUrl":"https:\/\/velooutlets.com\/wp-content\/uploads\/2026\/02\/1000191875.jpg","width":1080,"height":678},{"@type":"BreadcrumbList","@id":"https:\/\/velooutlets.com\/products\/scott-aspect-970-zals\/#breadcrumb","itemListElement":[{"@type":"ListItem","position":1,"name":"Home","item":"https:\/\/velooutlets.com\/"},{"@type":"ListItem","position":2,"name":"Veikals","item":"https:\/\/velooutlets.com\/shop\/"},{"@type":"ListItem","position":3,"name":"SCOTT Aspect 970 green"}]},{"@type":"WebSite","@id":"https:\/\/velooutlets.com\/en\/#website","url":"https:\/\/velooutlets.com\/en\/","name":"Velo Outlets","description":"Jalgrattad kogu perele","potentialAction":[{"@type":"SearchAction","target":{"@type":"EntryPoint","urlTemplate":"https:\/\/velooutlets.com\/en\/?s={search_term_string}"},"query-input":{"@type":"PropertyValueSpecification","valueRequired":true,"valueName":"search_term_string"}}],"inLanguage":"et"}]}},"jetpack_sharing_enabled":true,"_links":{"self":[{"href":"https:\/\/velooutlets.com\/et\/wp-json\/wp\/v2\/product\/19377","targetHints":{"allow":["GET"]}}],"collection":[{"href":"https:\/\/velooutlets.com\/et\/wp-json\/wp\/v2\/product"}],"about":[{"href":"https:\/\/velooutlets.com\/et\/wp-json\/wp\/v2\/types\/product"}],"wp:featuredmedia":[{"embeddable":true,"href":"https:\/\/velooutlets.com\/et\/wp-json\/wp\/v2\/media\/35738"}],"wp:attachment":[{"href":"https:\/\/velooutlets.com\/et\/wp-json\/wp\/v2\/media?parent=19377"}],"wp:term":[{"taxonomy":"product_brand","embeddable":true,"href":"https:\/\/velooutlets.com\/et\/wp-json\/wp\/v2\/product_brand?post=19377"},{"taxonomy":"product_cat","embeddable":true,"href":"https:\/\/velooutlets.com\/et\/wp-json\/wp\/v2\/product_cat?post=19377"},{"taxonomy":"product_tag","embeddable":true,"href":"https:\/\/velooutlets.com\/et\/wp-json\/wp\/v2\/product_tag?post=19377"}],"curies":[{"name":"wp","href":"https:\/\/api.w.org\/{rel}","templated":true}]}}