{"id":19949,"date":"2026-02-04T00:59:01","date_gmt":"2026-02-03T22:59:01","guid":{"rendered":"https:\/\/staging.velooutlets.com\/?post_type=product&#038;p=19949"},"modified":"2026-04-19T14:41:14","modified_gmt":"2026-04-19T11:41:14","slug":"scott-addict-40-carbon-black-2026-2","status":"publish","type":"product","link":"https:\/\/velooutlets.com\/et\/toode\/scott-addict-40-carbon-black-2026-2\/","title":{"rendered":"Scott Addict 40 Carbon Black 2026"},"content":{"rendered":"<p>Scott Addict 40 ir karbona \u201cendurance\u201d tipa \u0161osejas velosip\u0113ds, kas apvieno sportisku \u0101trumu ar krietni \u0113rt\u0101ku, ikdienai draudz\u012bg\u0101ku brauk\u0161anas poz\u012bciju. Tas ir paredz\u0113ts brauc\u0113jiem, kuri grib vienu riteni gan \u0101triem treni\u0146iem, gan gariem izbraucieniem, gan ar\u012b nel\u012bdzen\u0101kiem ce\u013ca posmiem bez sac\u012bk\u0161u pozas diskomforta.<\/p>\n<p>Velosip\u0113ds b\u016bv\u0113ts uz Addict HMF Carbon r\u0101mja ar endurance \u0123eometriju, kas nodro\u0161ina augst\u0101ku st\u016bres poz\u012bciju un \u012bs\u0101ku izstiepumu nek\u0101 klasiskie sac\u012bk\u0161u r\u0101mji. Tas padara brauk\u0161anu maz\u0101k nogurdino\u0161u, \u012bpa\u0161i garos posmos. R\u0101mis ir aptuveni 25% vertik\u0101li elast\u012bg\u0101ks nek\u0101 t\u012bri sac\u012bk\u0161u mode\u013ci, kas pal\u012bdz absorb\u0113t ce\u013ca vibr\u0101cijas un padara gaitu vienm\u0113r\u012bg\u0101ku. Papildus tam ir iek\u0161\u0113j\u0101 kabe\u013cu vad\u012bba, integr\u0113ta uzglab\u0101\u0161ana un vieta riep\u0101m l\u012bdz apm\u0113ram 38 mm, kas papla\u0161ina lietojam\u012bbu ar\u012b vieglam \u201call-road\u201d stilam.<\/p>\n<p>Priek\u0161\u0101 uzst\u0101d\u012bta Addict HMF Carbon dak\u0161a ar konisku karbona st\u016bres cauruli, kas uzlabo vibr\u0101ciju sl\u0101p\u0113\u0161anu un prec\u012bzu vad\u0101m\u012bbu liel\u0101 \u0101trum\u0101. T\u0101 pal\u012bdz saglab\u0101t kontroli gan l\u012bkumos, gan nobraucienos, vienlaikus nezaud\u0113jot komfortu uz raupj\u0101ka asfalta.<\/p>\n<p>Piedzi\u0146ai izmantota Shimano 105 Di2 2\u00d712 elektronisk\u0101 sist\u0113ma (R7150), kas nodro\u0161ina \u013coti \u0101tru, prec\u012bzu un uzticamu p\u0101rsl\u0113g\u0161anos. 50\u201334T kla\u0146i kop\u0101 ar 11\u201334T kaseti dod pla\u0161u diapazonu gan \u0101trai brauk\u0161anai pa l\u012bdzenumu, gan st\u0101viem k\u0101pumiem. Di2 sist\u0113ma \u012bpa\u0161i izce\u013cas ar konsekventu darb\u012bbu jebkuros laikapst\u0101k\u013cos un minim\u0101lu nepiecie\u0161amo regul\u0113\u0161anu.<\/p>\n<p>Bremz\u0113\u0161anu nodro\u0161ina Shimano 105 R7170 hidraulisk\u0101s disku bremzes ar 160 mm rotoriem, kas sniedz sp\u0113c\u012bgu, bet viegli doz\u0113jamu bremz\u0113\u0161anas saj\u016btu gan saus\u0101, gan slapj\u0101 laik\u0101.<\/p>\n<p>Rite\u0146i \u2013 Syncros RP2.0 Disc \u2013 ir uzticams un iztur\u012bgs alum\u012bnija risin\u0101jums, kas labi balans\u0113 starp svaru un ilgm\u016b\u017e\u012bbu. Kop\u0101 ar Schwalbe ONE 700\u00d734C riep\u0101m velosip\u0113ds ieg\u016bst \u0101tru, bet komfortablu ripo\u0161anu, kas labi tiek gal\u0101 ar nel\u012bdzeniem ce\u013ciem un gar\u0101m distanc\u0113m.<\/p>\n<p>Kopum\u0101 Addict 40 ir \u013coti univers\u0101ls \u0161osejas velosip\u0113ds: pietiekami \u0101trs, lai tren\u0113tos vai brauktu sportisk\u0101 temp\u0101, bet pietiekami \u0113rts, lai ar to pavad\u012btu garas dienas ce\u013c\u0101 bez p\u0101rlieka noguruma.<\/p>\n<p>Spetsifikatsioon:<br \/>\nR\u0101mis: Addict HMF Carbon (endurance \u0123eometrija, iek\u0161\u0113j\u0101 kabe\u013cu vad\u012bba, integr\u0113ta uzglab\u0101\u0161ana, UDH)<br \/>\nDak\u0161a: Addict HMF Carbon, flatmount, 27.2 mm carbon steerer<br \/>\n\u0100trumu skaits: 2\u00d712<br \/>\nPiedzi\u0146a: Shimano 105 Di2 R7150<br \/>\nKla\u0146i: Shimano 105 FC-R7100, 50\u201334T<br \/>\nKasete: Shimano CS-R7100, 11\u201334T<br \/>\n\u0136\u0113de: Shimano CN-M6100<br \/>\nBremzes: Shimano 105 R7170 hidraulisk\u0101s disku<br \/>\nBrem\u017eu diski: Shimano RT-CL700, 160 mm (priek\u0161\u0101 \/ aizmugur\u0113)<br \/>\nRite\u0146i: Syncros RP2.0 Disc, 28H<br \/>\nRiepas: Schwalbe ONE, 700\u00d734C<br \/>\nSt\u016bre: Syncros HB-R100-AL<br \/>\nIznesums: Syncros ST-R310-AL<br \/>\nS\u0113dek\u013ca stute: Syncros SP-R101-CF<br \/>\nS\u0113deklis: Syncros Tofino V 2.0 Cut Out<br \/>\nSvars: ~8.5\u20139.0 kg<br \/>\nMaks. sist\u0113mas svars: 120 kg<\/p>","protected":false},"excerpt":{"rendered":"<p>Scott Addict 40 ir karbona \u201cendurance\u201d tipa \u0161osejas velosip\u0113ds, kas apvieno sportisku \u0101trumu ar krietni \u0113rt\u0101ku, ikdienai draudz\u012bg\u0101ku brauk\u0161anas poz\u012bciju. Tas ir paredz\u0113ts brauc\u0113jiem, kuri grib vienu riteni gan \u0101triem treni\u0146iem, gan gariem izbraucieniem, gan ar\u012b nel\u012bdzen\u0101kiem ce\u013ca posmiem bez sac\u012bk\u0161u pozas diskomforta. Velosip\u0113ds b\u016bv\u0113ts uz Addict HMF Carbon r\u0101mja ar endurance \u0123eometriju, kas nodro\u0161ina [&hellip;]<\/p>\n","protected":false},"featured_media":19950,"template":"","meta":{"_monsterinsights_skip_tracking":false,"_monsterinsights_sitenote_active":false,"_monsterinsights_sitenote_note":"","_monsterinsights_sitenote_category":0,"_iconic_wsb_product_page_order_bump_ids":[[]],"_sku":["SCOTT-ADDICT-40-CARBON-BLACK-2026"],"_iconic_wsb_product_page_bump_modal_ids":[[]]},"product_brand":[872],"product_cat":[1065,1076,1127],"product_tag":[1522],"class_list":{"0":"post-19949","1":"product","2":"type-product","3":"status-publish","4":"has-post-thumbnail","6":"product_brand-scott","7":"product_cat-scott-2026","8":"product_cat-sosejas-velosipedi-700c","9":"product_cat-velosipedi","10":"product_tag-scott","11":"product_shipping_class-pieauguso-velosipedi","12":"pa_materials-karbona-ramis","13":"pa_razosanas-gads-1253","15":"first","16":"instock","17":"sale","18":"taxable","19":"shipping-taxable","20":"purchasable","21":"product-type-variable","22":"wvs-archive-product-wrapper"},"yoast_head":"<!-- This site is optimized with the Yoast SEO plugin v27.2 - https:\/\/yoast.com\/product\/yoast-seo-wordpress\/ -->\n<title>Scott Addict 40 Carbon Black 2026 - Velo Outlets<\/title>\n<meta name=\"robots\" content=\"index, follow, max-snippet:-1, max-image-preview:large, max-video-preview:-1\" \/>\n<link rel=\"canonical\" href=\"https:\/\/velooutlets.com\/et\/toode\/scott-addict-40-carbon-black-2026-2\/\" \/>\n<meta property=\"og:locale\" content=\"et_EE\" \/>\n<meta property=\"og:type\" content=\"article\" \/>\n<meta property=\"og:title\" content=\"Scott Addict 40 Carbon Black 2026 - Velo Outlets\" \/>\n<meta property=\"og:description\" content=\"Scott Addict 40 ir karbona \u201cendurance\u201d tipa \u0161osejas velosip\u0113ds, kas apvieno sportisku \u0101trumu ar krietni \u0113rt\u0101ku, ikdienai draudz\u012bg\u0101ku brauk\u0161anas poz\u012bciju. Tas ir paredz\u0113ts brauc\u0113jiem, kuri grib vienu riteni gan \u0101triem treni\u0146iem, gan gariem izbraucieniem, gan ar\u012b nel\u012bdzen\u0101kiem ce\u013ca posmiem bez sac\u012bk\u0161u pozas diskomforta. Velosip\u0113ds b\u016bv\u0113ts uz Addict HMF Carbon r\u0101mja ar endurance \u0123eometriju, kas nodro\u0161ina [&hellip;]\" \/>\n<meta property=\"og:url\" content=\"https:\/\/velooutlets.com\/et\/toode\/scott-addict-40-carbon-black-2026-2\/\" \/>\n<meta property=\"og:site_name\" content=\"Velo Outlets\" \/>\n<meta property=\"article:modified_time\" content=\"2026-04-19T11:41:14+00:00\" \/>\n<meta property=\"og:image\" content=\"https:\/\/velooutlets.com\/wp-content\/uploads\/2026\/02\/Ekranuznemums2025-08-12211120-1.jpg\" \/>\n\t<meta property=\"og:image:width\" content=\"871\" \/>\n\t<meta property=\"og:image:height\" content=\"625\" \/>\n\t<meta property=\"og:image:type\" content=\"image\/jpeg\" \/>\n<meta name=\"twitter:card\" content=\"summary_large_image\" \/>\n<meta name=\"twitter:label1\" content=\"Est. reading time\" \/>\n\t<meta name=\"twitter:data1\" content=\"1 minut\" \/>\n<script type=\"application\/ld+json\" class=\"yoast-schema-graph\">{\"@context\":\"https:\/\/schema.org\",\"@graph\":[{\"@type\":\"WebPage\",\"@id\":\"https:\/\/velooutlets.com\/products\/scott-addict-40-carbon-black-2026-2\/\",\"url\":\"https:\/\/velooutlets.com\/products\/scott-addict-40-carbon-black-2026-2\/\",\"name\":\"Scott Addict 40 Carbon Black 2026 - Velo Outlets\",\"isPartOf\":{\"@id\":\"https:\/\/velooutlets.com\/en\/#website\"},\"primaryImageOfPage\":{\"@id\":\"https:\/\/velooutlets.com\/products\/scott-addict-40-carbon-black-2026-2\/#primaryimage\"},\"image\":{\"@id\":\"https:\/\/velooutlets.com\/products\/scott-addict-40-carbon-black-2026-2\/#primaryimage\"},\"thumbnailUrl\":\"https:\/\/velooutlets.com\/wp-content\/uploads\/2026\/02\/Ekranuznemums2025-08-12211120-1.jpg\",\"datePublished\":\"2026-02-03T22:59:01+00:00\",\"dateModified\":\"2026-04-19T11:41:14+00:00\",\"breadcrumb\":{\"@id\":\"https:\/\/velooutlets.com\/products\/scott-addict-40-carbon-black-2026-2\/#breadcrumb\"},\"inLanguage\":\"et\",\"potentialAction\":[{\"@type\":\"ReadAction\",\"target\":[\"https:\/\/velooutlets.com\/products\/scott-addict-40-carbon-black-2026-2\/\"]}]},{\"@type\":\"ImageObject\",\"inLanguage\":\"et\",\"@id\":\"https:\/\/velooutlets.com\/products\/scott-addict-40-carbon-black-2026-2\/#primaryimage\",\"url\":\"https:\/\/velooutlets.com\/wp-content\/uploads\/2026\/02\/Ekranuznemums2025-08-12211120-1.jpg\",\"contentUrl\":\"https:\/\/velooutlets.com\/wp-content\/uploads\/2026\/02\/Ekranuznemums2025-08-12211120-1.jpg\",\"width\":871,\"height\":625},{\"@type\":\"BreadcrumbList\",\"@id\":\"https:\/\/velooutlets.com\/products\/scott-addict-40-carbon-black-2026-2\/#breadcrumb\",\"itemListElement\":[{\"@type\":\"ListItem\",\"position\":1,\"name\":\"Home\",\"item\":\"https:\/\/velooutlets.com\/\"},{\"@type\":\"ListItem\",\"position\":2,\"name\":\"Veikals\",\"item\":\"https:\/\/velooutlets.com\/shop\/\"},{\"@type\":\"ListItem\",\"position\":3,\"name\":\"Scott Addict 40 Carbon Black 2026\"}]},{\"@type\":\"WebSite\",\"@id\":\"https:\/\/velooutlets.com\/en\/#website\",\"url\":\"https:\/\/velooutlets.com\/en\/\",\"name\":\"Velo Outlets\",\"description\":\"Velosip\u0113di visai \u0123imenei\",\"potentialAction\":[{\"@type\":\"SearchAction\",\"target\":{\"@type\":\"EntryPoint\",\"urlTemplate\":\"https:\/\/velooutlets.com\/en\/?s={search_term_string}\"},\"query-input\":{\"@type\":\"PropertyValueSpecification\",\"valueRequired\":true,\"valueName\":\"search_term_string\"}}],\"inLanguage\":\"et\"}]}<\/script>\n<!-- \/ Yoast SEO plugin. -->","yoast_head_json":{"title":"Scott Addict 40 Carbon Black 2026 - Velo Outlets","robots":{"index":"index","follow":"follow","max-snippet":"max-snippet:-1","max-image-preview":"max-image-preview:large","max-video-preview":"max-video-preview:-1"},"canonical":"https:\/\/velooutlets.com\/et\/toode\/scott-addict-40-carbon-black-2026-2\/","og_locale":"et_EE","og_type":"article","og_title":"Scott Addict 40 Carbon Black 2026 - Velo Outlets","og_description":"Scott Addict 40 ir karbona \u201cendurance\u201d tipa \u0161osejas velosip\u0113ds, kas apvieno sportisku \u0101trumu ar krietni \u0113rt\u0101ku, ikdienai draudz\u012bg\u0101ku brauk\u0161anas poz\u012bciju. Tas ir paredz\u0113ts brauc\u0113jiem, kuri grib vienu riteni gan \u0101triem treni\u0146iem, gan gariem izbraucieniem, gan ar\u012b nel\u012bdzen\u0101kiem ce\u013ca posmiem bez sac\u012bk\u0161u pozas diskomforta. Velosip\u0113ds b\u016bv\u0113ts uz Addict HMF Carbon r\u0101mja ar endurance \u0123eometriju, kas nodro\u0161ina [&hellip;]","og_url":"https:\/\/velooutlets.com\/et\/toode\/scott-addict-40-carbon-black-2026-2\/","og_site_name":"Velo Outlets","article_modified_time":"2026-04-19T11:41:14+00:00","og_image":[{"width":871,"height":625,"url":"https:\/\/velooutlets.com\/wp-content\/uploads\/2026\/02\/Ekranuznemums2025-08-12211120-1.jpg","type":"image\/jpeg"}],"twitter_card":"summary_large_image","twitter_misc":{"Est. reading time":"1 minut"},"schema":{"@context":"https:\/\/schema.org","@graph":[{"@type":"WebPage","@id":"https:\/\/velooutlets.com\/products\/scott-addict-40-carbon-black-2026-2\/","url":"https:\/\/velooutlets.com\/products\/scott-addict-40-carbon-black-2026-2\/","name":"Scott Addict 40 Carbon Black 2026 - Velo Outlets","isPartOf":{"@id":"https:\/\/velooutlets.com\/en\/#website"},"primaryImageOfPage":{"@id":"https:\/\/velooutlets.com\/products\/scott-addict-40-carbon-black-2026-2\/#primaryimage"},"image":{"@id":"https:\/\/velooutlets.com\/products\/scott-addict-40-carbon-black-2026-2\/#primaryimage"},"thumbnailUrl":"https:\/\/velooutlets.com\/wp-content\/uploads\/2026\/02\/Ekranuznemums2025-08-12211120-1.jpg","datePublished":"2026-02-03T22:59:01+00:00","dateModified":"2026-04-19T11:41:14+00:00","breadcrumb":{"@id":"https:\/\/velooutlets.com\/products\/scott-addict-40-carbon-black-2026-2\/#breadcrumb"},"inLanguage":"et","potentialAction":[{"@type":"ReadAction","target":["https:\/\/velooutlets.com\/products\/scott-addict-40-carbon-black-2026-2\/"]}]},{"@type":"ImageObject","inLanguage":"et","@id":"https:\/\/velooutlets.com\/products\/scott-addict-40-carbon-black-2026-2\/#primaryimage","url":"https:\/\/velooutlets.com\/wp-content\/uploads\/2026\/02\/Ekranuznemums2025-08-12211120-1.jpg","contentUrl":"https:\/\/velooutlets.com\/wp-content\/uploads\/2026\/02\/Ekranuznemums2025-08-12211120-1.jpg","width":871,"height":625},{"@type":"BreadcrumbList","@id":"https:\/\/velooutlets.com\/products\/scott-addict-40-carbon-black-2026-2\/#breadcrumb","itemListElement":[{"@type":"ListItem","position":1,"name":"Home","item":"https:\/\/velooutlets.com\/"},{"@type":"ListItem","position":2,"name":"Veikals","item":"https:\/\/velooutlets.com\/shop\/"},{"@type":"ListItem","position":3,"name":"Scott Addict 40 Carbon Black 2026"}]},{"@type":"WebSite","@id":"https:\/\/velooutlets.com\/en\/#website","url":"https:\/\/velooutlets.com\/en\/","name":"Velo Outlets","description":"Jalgrattad kogu perele","potentialAction":[{"@type":"SearchAction","target":{"@type":"EntryPoint","urlTemplate":"https:\/\/velooutlets.com\/en\/?s={search_term_string}"},"query-input":{"@type":"PropertyValueSpecification","valueRequired":true,"valueName":"search_term_string"}}],"inLanguage":"et"}]}},"jetpack_sharing_enabled":true,"_links":{"self":[{"href":"https:\/\/velooutlets.com\/et\/wp-json\/wp\/v2\/product\/19949","targetHints":{"allow":["GET"]}}],"collection":[{"href":"https:\/\/velooutlets.com\/et\/wp-json\/wp\/v2\/product"}],"about":[{"href":"https:\/\/velooutlets.com\/et\/wp-json\/wp\/v2\/types\/product"}],"wp:featuredmedia":[{"embeddable":true,"href":"https:\/\/velooutlets.com\/et\/wp-json\/wp\/v2\/media\/19950"}],"wp:attachment":[{"href":"https:\/\/velooutlets.com\/et\/wp-json\/wp\/v2\/media?parent=19949"}],"wp:term":[{"taxonomy":"product_brand","embeddable":true,"href":"https:\/\/velooutlets.com\/et\/wp-json\/wp\/v2\/product_brand?post=19949"},{"taxonomy":"product_cat","embeddable":true,"href":"https:\/\/velooutlets.com\/et\/wp-json\/wp\/v2\/product_cat?post=19949"},{"taxonomy":"product_tag","embeddable":true,"href":"https:\/\/velooutlets.com\/et\/wp-json\/wp\/v2\/product_tag?post=19949"}],"curies":[{"name":"wp","href":"https:\/\/api.w.org\/{rel}","templated":true}]}}