{"id":19957,"date":"2026-02-04T00:59:28","date_gmt":"2026-02-03T22:59:28","guid":{"rendered":"https:\/\/staging.velooutlets.com\/?post_type=product&#038;p=19957"},"modified":"2026-04-19T14:41:14","modified_gmt":"2026-04-19T11:41:14","slug":"scott-addict-40-vivid-yellow-2026","status":"publish","type":"product","link":"https:\/\/velooutlets.com\/et\/toode\/scott-addict-40-vivid-yellow-2026\/","title":{"rendered":"Scott Addict 40 Vivid Yellow 2026"},"content":{"rendered":"<p>Scott Addict 40 ir viegls un univers\u0101ls karbona \u0161osejas velosip\u0113ds, kas apvieno sac\u012bk\u0161u efektivit\u0101ti ar daudz \u0113rt\u0101ku, iztur\u012bg\u0101ku \u201cendurance\u201d tipa \u0123eometriju. Tas ir rad\u012bts brauc\u0113jiem, kuri grib \u0101tru riteni ikdienas treni\u0146iem, gar\u0101kiem izbraucieniem un ar\u012b viegliem grants posmiem, nezaud\u0113jot komfortu.<\/p>\n<p>Velosip\u0113ds b\u016bv\u0113ts uz Addict HMF Carbon r\u0101mja, kur uzsvars likts uz l\u012bdzsvaru starp stingr\u012bbu un komfortu. R\u0101mis ir apm\u0113ram 25% vertik\u0101li elast\u012bg\u0101ks nek\u0101 klasiskie sac\u012bk\u0161u r\u0101mji, kas noz\u012bm\u0113 maig\u0101ku gaitu uz nel\u012bdzeniem ce\u013ciem. \u0122eometrija ir sportiska, bet maz\u0101k agres\u012bva \u2013 ar augst\u0101ku st\u016bres poz\u012bciju un \u012bs\u0101ku izstiepumu, kas \u013cauj braukt ilg\u0101k bez p\u0101rm\u0113r\u012bga noguruma. R\u0101m\u012b ir ar\u012b iek\u0161\u0113j\u0101 kabe\u013cu vad\u012bba, integr\u0113ta uzglab\u0101\u0161ana un vieta plat\u0101k\u0101m riep\u0101m l\u012bdz ~38 mm.<\/p>\n<p>Priek\u0161\u0101 uzst\u0101d\u012bta Addict HMF karbona dak\u0161a, kas pal\u012bdz sl\u0101p\u0113t vibr\u0101cijas un nodro\u0161ina prec\u012bzu st\u016br\u0113\u0161anu liel\u0101k\u0101 \u0101trum\u0101. T\u0101 saglab\u0101 stabilit\u0101ti gan k\u0101pumos, gan nobraucienos, padarot velosip\u0113du \u013coti prognoz\u0113jamu.<\/p>\n<p>Piedzi\u0146ai izmantota Shimano 105 Di2 2\u00d712 elektronisk\u0101 sist\u0113ma (R7150), kas nodro\u0161ina \u013coti \u0101tru, prec\u012bzu un gandr\u012bz bezapkopes p\u0101rsl\u0113g\u0161anos. 50\u201334T kla\u0146i un 11\u201334T kasete dod pla\u0161u diapazonu gan \u0101trai brauk\u0161anai pa asfaltu, gan kalnainiem posmiem. Di2 sist\u0113ma \u012bpa\u0161i izce\u013cas ar stabilit\u0101ti un konsekvenci jebkuros apst\u0101k\u013cos.<\/p>\n<p>Bremz\u0113\u0161ana uztic\u0113ta Shimano 105 R7170 hidrauliskaj\u0101m disku bremz\u0113m ar 160 mm rotoriem, kas nodro\u0161ina \u013coti labu kontroli un dro\u0161\u012bbu gan saus\u0101, gan slapj\u0101 laik\u0101.<\/p>\n<p>Rite\u0146i \u2013 Syncros RP2.0 Disc \u2013 ir iztur\u012bgi un univers\u0101li alum\u012bnija diski, kas labi balans\u0113 starp svaru, stabilit\u0101ti un uzticam\u012bbu. Kop\u0101 ar Schwalbe ONE 700\u00d734C riep\u0101m velosip\u0113ds ieg\u016bst komfortablu un \u0101tru ripo\u0161anu, vienlaikus saglab\u0101jot pietiekamu sa\u0137eri un amortiz\u0101ciju gar\u0101kos braucienos vai slikt\u0101k\u0101 asfalt\u0101.<\/p>\n<p>Kopum\u0101 Addict 40 ir \u201cdaily performance road bike\u201d \u2013 \u0101trs k\u0101 sac\u012bk\u0161u velosip\u0113ds, bet krietni draudz\u012bg\u0101ks ikdienas un garo distan\u010du lieto\u0161anai, ar iesp\u0113ju dro\u0161i doties ar\u012b pa viegliem grants ce\u013ciem.<\/p>\n<p>Spetsifikatsioon:<br \/>\nR\u0101mis: Addict HMF Carbon (endurance \u0123eometrija, iek\u0161\u0113j\u0101 kabe\u013cu vad\u012bba, integr\u0113ta uzglab\u0101\u0161ana, UDH)<br \/>\nDak\u0161a: Addict HMF Carbon, flatmount, 27.2 mm carbon steerer<br \/>\n\u0100trumu skaits: 2\u00d712<br \/>\nPiedzi\u0146a: Shimano 105 Di2 R7150<br \/>\nP\u0101rsl\u0113dz\u0113ji: Shimano 105 Di2 FD-R7150 \/ RD-R7150<br \/>\nKla\u0146i: Shimano 105 FC-R7100, 50\u201334T<br \/>\nKasete: Shimano CS-R7100, 11\u201334T<br \/>\n\u0136\u0113de: Shimano CN-M6100<br \/>\nBremzes: Shimano 105 R7170 hidraulisk\u0101s disku<br \/>\nBrem\u017eu diski: Shimano RT-CL700, 160 mm (priek\u0161\u0101 \/ aizmugur\u0113)<br \/>\nRite\u0146i: Syncros RP2.0 Disc, 28H<br \/>\nRiepas: Schwalbe ONE, 700\u00d734C<br \/>\nSt\u016bre: Syncros HB-R100-AL<br \/>\nIznesums: Syncros ST-R310-AL<br \/>\nS\u0113dek\u013ca stute: Syncros SP-R101-CF<br \/>\nSvars: ~8.5\u20139.0 kg (atkar\u012bgs no izm\u0113ra)<br \/>\nMaks. sist\u0113mas svars: 120 kg<\/p>","protected":false},"excerpt":{"rendered":"<p>Scott Addict 40 ir viegls un univers\u0101ls karbona \u0161osejas velosip\u0113ds, kas apvieno sac\u012bk\u0161u efektivit\u0101ti ar daudz \u0113rt\u0101ku, iztur\u012bg\u0101ku \u201cendurance\u201d tipa \u0123eometriju. Tas ir rad\u012bts brauc\u0113jiem, kuri grib \u0101tru riteni ikdienas treni\u0146iem, gar\u0101kiem izbraucieniem un ar\u012b viegliem grants posmiem, nezaud\u0113jot komfortu. Velosip\u0113ds b\u016bv\u0113ts uz Addict HMF Carbon r\u0101mja, kur uzsvars likts uz l\u012bdzsvaru starp stingr\u012bbu un [&hellip;]<\/p>\n","protected":false},"featured_media":19956,"template":"","meta":{"_monsterinsights_skip_tracking":false,"_monsterinsights_sitenote_active":false,"_monsterinsights_sitenote_note":"","_monsterinsights_sitenote_category":0,"_iconic_wsb_product_page_order_bump_ids":[[]],"_sku":["SCOTT-ADDICT-40-VIVID-YELLOW-2026"],"_iconic_wsb_product_page_bump_modal_ids":[[]]},"product_brand":[872],"product_cat":[1064,1065,1076,1127],"product_tag":[1522],"class_list":{"0":"post-19957","1":"product","2":"type-product","3":"status-publish","4":"has-post-thumbnail","6":"product_brand-scott","7":"product_cat-scott","8":"product_cat-scott-2026","9":"product_cat-sosejas-velosipedi-700c","10":"product_cat-velosipedi","11":"product_tag-scott","12":"product_shipping_class-pieauguso-velosipedi","13":"pa_materials-karbona-ramis","14":"pa_razosanas-gads-1253","16":"first","17":"instock","18":"taxable","19":"shipping-taxable","20":"purchasable","21":"product-type-variable","22":"wvs-archive-product-wrapper"},"yoast_head":"<!-- This site is optimized with the Yoast SEO plugin v27.2 - https:\/\/yoast.com\/product\/yoast-seo-wordpress\/ -->\n<title>Scott Addict 40 Vivid Yellow 2026 - Velo Outlets<\/title>\n<meta name=\"robots\" content=\"index, follow, max-snippet:-1, max-image-preview:large, max-video-preview:-1\" \/>\n<link rel=\"canonical\" href=\"https:\/\/velooutlets.com\/et\/toode\/scott-addict-40-vivid-yellow-2026\/\" \/>\n<meta property=\"og:locale\" content=\"et_EE\" \/>\n<meta property=\"og:type\" content=\"article\" \/>\n<meta property=\"og:title\" content=\"Scott Addict 40 Vivid Yellow 2026 - Velo Outlets\" \/>\n<meta property=\"og:description\" content=\"Scott Addict 40 ir viegls un univers\u0101ls karbona \u0161osejas velosip\u0113ds, kas apvieno sac\u012bk\u0161u efektivit\u0101ti ar daudz \u0113rt\u0101ku, iztur\u012bg\u0101ku \u201cendurance\u201d tipa \u0123eometriju. Tas ir rad\u012bts brauc\u0113jiem, kuri grib \u0101tru riteni ikdienas treni\u0146iem, gar\u0101kiem izbraucieniem un ar\u012b viegliem grants posmiem, nezaud\u0113jot komfortu. Velosip\u0113ds b\u016bv\u0113ts uz Addict HMF Carbon r\u0101mja, kur uzsvars likts uz l\u012bdzsvaru starp stingr\u012bbu un [&hellip;]\" \/>\n<meta property=\"og:url\" content=\"https:\/\/velooutlets.com\/et\/toode\/scott-addict-40-vivid-yellow-2026\/\" \/>\n<meta property=\"og:site_name\" content=\"Velo Outlets\" \/>\n<meta property=\"article:modified_time\" content=\"2026-04-19T11:41:14+00:00\" \/>\n<meta property=\"og:image\" content=\"https:\/\/velooutlets.com\/wp-content\/uploads\/2026\/02\/Ekranuznemums2025-08-12220457.jpg\" \/>\n\t<meta property=\"og:image:width\" content=\"868\" \/>\n\t<meta property=\"og:image:height\" content=\"624\" \/>\n\t<meta property=\"og:image:type\" content=\"image\/jpeg\" \/>\n<meta name=\"twitter:card\" content=\"summary_large_image\" \/>\n<meta name=\"twitter:label1\" content=\"Est. reading time\" \/>\n\t<meta name=\"twitter:data1\" content=\"2 minutit\" \/>\n<script type=\"application\/ld+json\" class=\"yoast-schema-graph\">{\"@context\":\"https:\/\/schema.org\",\"@graph\":[{\"@type\":\"WebPage\",\"@id\":\"https:\/\/velooutlets.com\/products\/scott-addict-40-vivid-yellow-2026\/\",\"url\":\"https:\/\/velooutlets.com\/products\/scott-addict-40-vivid-yellow-2026\/\",\"name\":\"Scott Addict 40 Vivid Yellow 2026 - Velo Outlets\",\"isPartOf\":{\"@id\":\"https:\/\/velooutlets.com\/en\/#website\"},\"primaryImageOfPage\":{\"@id\":\"https:\/\/velooutlets.com\/products\/scott-addict-40-vivid-yellow-2026\/#primaryimage\"},\"image\":{\"@id\":\"https:\/\/velooutlets.com\/products\/scott-addict-40-vivid-yellow-2026\/#primaryimage\"},\"thumbnailUrl\":\"https:\/\/velooutlets.com\/wp-content\/uploads\/2026\/02\/Ekranuznemums2025-08-12220457.jpg\",\"datePublished\":\"2026-02-03T22:59:28+00:00\",\"dateModified\":\"2026-04-19T11:41:14+00:00\",\"breadcrumb\":{\"@id\":\"https:\/\/velooutlets.com\/products\/scott-addict-40-vivid-yellow-2026\/#breadcrumb\"},\"inLanguage\":\"et\",\"potentialAction\":[{\"@type\":\"ReadAction\",\"target\":[\"https:\/\/velooutlets.com\/products\/scott-addict-40-vivid-yellow-2026\/\"]}]},{\"@type\":\"ImageObject\",\"inLanguage\":\"et\",\"@id\":\"https:\/\/velooutlets.com\/products\/scott-addict-40-vivid-yellow-2026\/#primaryimage\",\"url\":\"https:\/\/velooutlets.com\/wp-content\/uploads\/2026\/02\/Ekranuznemums2025-08-12220457.jpg\",\"contentUrl\":\"https:\/\/velooutlets.com\/wp-content\/uploads\/2026\/02\/Ekranuznemums2025-08-12220457.jpg\",\"width\":868,\"height\":624},{\"@type\":\"BreadcrumbList\",\"@id\":\"https:\/\/velooutlets.com\/products\/scott-addict-40-vivid-yellow-2026\/#breadcrumb\",\"itemListElement\":[{\"@type\":\"ListItem\",\"position\":1,\"name\":\"Home\",\"item\":\"https:\/\/velooutlets.com\/\"},{\"@type\":\"ListItem\",\"position\":2,\"name\":\"Veikals\",\"item\":\"https:\/\/velooutlets.com\/shop\/\"},{\"@type\":\"ListItem\",\"position\":3,\"name\":\"Scott Addict 40 Vivid Yellow 2026\"}]},{\"@type\":\"WebSite\",\"@id\":\"https:\/\/velooutlets.com\/en\/#website\",\"url\":\"https:\/\/velooutlets.com\/en\/\",\"name\":\"Velo Outlets\",\"description\":\"Velosip\u0113di visai \u0123imenei\",\"potentialAction\":[{\"@type\":\"SearchAction\",\"target\":{\"@type\":\"EntryPoint\",\"urlTemplate\":\"https:\/\/velooutlets.com\/en\/?s={search_term_string}\"},\"query-input\":{\"@type\":\"PropertyValueSpecification\",\"valueRequired\":true,\"valueName\":\"search_term_string\"}}],\"inLanguage\":\"et\"}]}<\/script>\n<!-- \/ Yoast SEO plugin. -->","yoast_head_json":{"title":"Scott Addict 40 Vivid Yellow 2026 - Velo Outlets","robots":{"index":"index","follow":"follow","max-snippet":"max-snippet:-1","max-image-preview":"max-image-preview:large","max-video-preview":"max-video-preview:-1"},"canonical":"https:\/\/velooutlets.com\/et\/toode\/scott-addict-40-vivid-yellow-2026\/","og_locale":"et_EE","og_type":"article","og_title":"Scott Addict 40 Vivid Yellow 2026 - Velo Outlets","og_description":"Scott Addict 40 ir viegls un univers\u0101ls karbona \u0161osejas velosip\u0113ds, kas apvieno sac\u012bk\u0161u efektivit\u0101ti ar daudz \u0113rt\u0101ku, iztur\u012bg\u0101ku \u201cendurance\u201d tipa \u0123eometriju. Tas ir rad\u012bts brauc\u0113jiem, kuri grib \u0101tru riteni ikdienas treni\u0146iem, gar\u0101kiem izbraucieniem un ar\u012b viegliem grants posmiem, nezaud\u0113jot komfortu. Velosip\u0113ds b\u016bv\u0113ts uz Addict HMF Carbon r\u0101mja, kur uzsvars likts uz l\u012bdzsvaru starp stingr\u012bbu un [&hellip;]","og_url":"https:\/\/velooutlets.com\/et\/toode\/scott-addict-40-vivid-yellow-2026\/","og_site_name":"Velo Outlets","article_modified_time":"2026-04-19T11:41:14+00:00","og_image":[{"width":868,"height":624,"url":"https:\/\/velooutlets.com\/wp-content\/uploads\/2026\/02\/Ekranuznemums2025-08-12220457.jpg","type":"image\/jpeg"}],"twitter_card":"summary_large_image","twitter_misc":{"Est. reading time":"2 minutit"},"schema":{"@context":"https:\/\/schema.org","@graph":[{"@type":"WebPage","@id":"https:\/\/velooutlets.com\/products\/scott-addict-40-vivid-yellow-2026\/","url":"https:\/\/velooutlets.com\/products\/scott-addict-40-vivid-yellow-2026\/","name":"Scott Addict 40 Vivid Yellow 2026 - Velo Outlets","isPartOf":{"@id":"https:\/\/velooutlets.com\/en\/#website"},"primaryImageOfPage":{"@id":"https:\/\/velooutlets.com\/products\/scott-addict-40-vivid-yellow-2026\/#primaryimage"},"image":{"@id":"https:\/\/velooutlets.com\/products\/scott-addict-40-vivid-yellow-2026\/#primaryimage"},"thumbnailUrl":"https:\/\/velooutlets.com\/wp-content\/uploads\/2026\/02\/Ekranuznemums2025-08-12220457.jpg","datePublished":"2026-02-03T22:59:28+00:00","dateModified":"2026-04-19T11:41:14+00:00","breadcrumb":{"@id":"https:\/\/velooutlets.com\/products\/scott-addict-40-vivid-yellow-2026\/#breadcrumb"},"inLanguage":"et","potentialAction":[{"@type":"ReadAction","target":["https:\/\/velooutlets.com\/products\/scott-addict-40-vivid-yellow-2026\/"]}]},{"@type":"ImageObject","inLanguage":"et","@id":"https:\/\/velooutlets.com\/products\/scott-addict-40-vivid-yellow-2026\/#primaryimage","url":"https:\/\/velooutlets.com\/wp-content\/uploads\/2026\/02\/Ekranuznemums2025-08-12220457.jpg","contentUrl":"https:\/\/velooutlets.com\/wp-content\/uploads\/2026\/02\/Ekranuznemums2025-08-12220457.jpg","width":868,"height":624},{"@type":"BreadcrumbList","@id":"https:\/\/velooutlets.com\/products\/scott-addict-40-vivid-yellow-2026\/#breadcrumb","itemListElement":[{"@type":"ListItem","position":1,"name":"Home","item":"https:\/\/velooutlets.com\/"},{"@type":"ListItem","position":2,"name":"Veikals","item":"https:\/\/velooutlets.com\/shop\/"},{"@type":"ListItem","position":3,"name":"Scott Addict 40 Vivid Yellow 2026"}]},{"@type":"WebSite","@id":"https:\/\/velooutlets.com\/en\/#website","url":"https:\/\/velooutlets.com\/en\/","name":"Velo Outlets","description":"Jalgrattad kogu perele","potentialAction":[{"@type":"SearchAction","target":{"@type":"EntryPoint","urlTemplate":"https:\/\/velooutlets.com\/en\/?s={search_term_string}"},"query-input":{"@type":"PropertyValueSpecification","valueRequired":true,"valueName":"search_term_string"}}],"inLanguage":"et"}]}},"jetpack_sharing_enabled":true,"_links":{"self":[{"href":"https:\/\/velooutlets.com\/et\/wp-json\/wp\/v2\/product\/19957","targetHints":{"allow":["GET"]}}],"collection":[{"href":"https:\/\/velooutlets.com\/et\/wp-json\/wp\/v2\/product"}],"about":[{"href":"https:\/\/velooutlets.com\/et\/wp-json\/wp\/v2\/types\/product"}],"wp:featuredmedia":[{"embeddable":true,"href":"https:\/\/velooutlets.com\/et\/wp-json\/wp\/v2\/media\/19956"}],"wp:attachment":[{"href":"https:\/\/velooutlets.com\/et\/wp-json\/wp\/v2\/media?parent=19957"}],"wp:term":[{"taxonomy":"product_brand","embeddable":true,"href":"https:\/\/velooutlets.com\/et\/wp-json\/wp\/v2\/product_brand?post=19957"},{"taxonomy":"product_cat","embeddable":true,"href":"https:\/\/velooutlets.com\/et\/wp-json\/wp\/v2\/product_cat?post=19957"},{"taxonomy":"product_tag","embeddable":true,"href":"https:\/\/velooutlets.com\/et\/wp-json\/wp\/v2\/product_tag?post=19957"}],"curies":[{"name":"wp","href":"https:\/\/api.w.org\/{rel}","templated":true}]}}