{"id":19976,"date":"2026-02-04T01:02:15","date_gmt":"2026-02-03T23:02:15","guid":{"rendered":"https:\/\/staging.velooutlets.com\/product\/scott-addict-gravel-20-carbon-black-indigo-purple-2026\/"},"modified":"2026-04-19T14:41:14","modified_gmt":"2026-04-19T11:41:14","slug":"scott-addict-gravel-20-carbon-black-indigo-purple-2026","status":"publish","type":"product","link":"https:\/\/velooutlets.com\/et\/toode\/scott-addict-gravel-20-carbon-black-indigo-purple-2026\/","title":{"rendered":"Scott Addict Gravel 20 Carbon Black \/ Indigo Purple 2026"},"content":{"rendered":"<p>Scott Addict Gravel 20 ir augstas klases karbona gravel velosip\u0113ds, kas vair\u0101k tuvojas \u201cracing adventure\u201d segmentam nek\u0101 klasiskam t\u016brisma gravel. Tas ir \u013coti viegls, \u013coti prec\u012bzs un paredz\u0113ts brauc\u0113jiem, kuri grib maksim\u0101lu \u0101trumu uz grants, asfalt\u0101 un garos jauktos mar\u0161rutos.<\/p>\n<p>Velosip\u0113ds b\u016bv\u0113ts uz Addict Gravel HMF Carbon r\u0101mja ar modernu gravel \u0123eometriju, kas apvieno stabilit\u0101ti liel\u0101 \u0101trum\u0101 ar labu kontroli tehniskos posmos. R\u0101m\u012b ir piln\u012bb\u0101 integr\u0113ta kabe\u013cu vad\u012bba un UDH savietojam\u012bba, k\u0101 ar\u012b stiprin\u0101jumi dub\u013cusargiem un papildapr\u012bkojumam, kas \u013cauj to piel\u0101got gan sac\u012bkst\u0113m, gan bikepacking braucieniem. Karbona Addict Gravel HMF dak\u0161a papildina r\u0101mi ar lielisku vibr\u0101ciju sl\u0101p\u0113\u0161anu un prec\u012bzu st\u016br\u0113\u0161anu.<\/p>\n<p>Piedzi\u0146ai izmantota SRAM Rival XPLR AXS 1\u00d713 elektronisk\u0101 sist\u0113ma, kas ir viena no modern\u0101kaj\u0101m gravel transmisij\u0101m \u0161aj\u0101 klas\u0113. Elektronisk\u0101 p\u0101rsl\u0113g\u0161an\u0101s ir \u0101tra, prec\u012bza un \u013coti stabila ar\u012b sare\u017e\u0123\u012btos apst\u0101k\u013cos. 42T priek\u0161\u0113jais zobrats kombin\u0101cij\u0101 ar 10\u201346T kaseti nodro\u0161ina pla\u0161u diapazonu gan \u0101triem posmiem, gan st\u0101viem grants k\u0101pumiem.<\/p>\n<p>Bremz\u0113\u0161ana uztic\u0113ta SRAM Rival AXS hidrauliskajai sist\u0113mai ar 160 mm rotoriem, kas nodro\u0161ina sp\u0113c\u012bgu un labi modul\u0113jamu bremz\u0113\u0161anas jaudu ar\u012b garos nobraucienos vai slapjos apst\u0101k\u013cos.<\/p>\n<p>Viena no \u0161\u012b velosip\u0113da liel\u0101kaj\u0101m priek\u0161roc\u012bb\u0101m ir Syncros Capital 1.0 40 karbona rite\u0146u komplekts. Tas ir viegls, aerodinamisks un stingrs risin\u0101jums, kas b\u016btiski uzlabo pa\u0101trin\u0101jumu un kop\u0113jo efektivit\u0101ti. Kop\u0101 ar Schwalbe G-One RX 700\u00d745C riep\u0101m tas nodro\u0161ina lielisku l\u012bdzsvaru starp \u0101trumu un sa\u0137eri uz da\u017e\u0101diem segumiem.<\/p>\n<p>Kopum\u0101 Addict Gravel 20 ir \u013coti sportisks gravel velosip\u0113ds \u2013 tas ir tuv\u0101k \u0161osejas sac\u012bk\u0161u saj\u016btai, bet ar pietiekamu robustumu, lai dro\u0161i brauktu pa grants ce\u013ciem un viegliem bezce\u013ciem. Tas ir viens no viegl\u0101kajiem un tehnolo\u0123iski att\u012bst\u012bt\u0101kajiem mode\u013ciem vis\u0101 Addict Gravel l\u012bnij\u0101.<\/p>\n<p>Spetsifikatsioon:<br \/>\nR\u0101mis: Addict Gravel HMF Carbon (gravel \u0123eometrija, iek\u0161\u0113j\u0101 kabe\u013cu vad\u012bba, UDH, dub\u013cusargu stiprin\u0101jumi)<br \/>\nDak\u0161a: Addict Gravel HMF Carbon, 1 1\/4&#8243;\u20131 1\/2&#8243;<br \/>\n\u0100trumu skaits: 1\u00d713<br \/>\nPiedzi\u0146a: SRAM Rival XPLR AXS (elektroniska)<br \/>\nKla\u0146i: SRAM Rival XPLR, 42T<br \/>\nKasete: SRAM XG-1351, 10\u201346T<br \/>\n\u0136\u0113de: SRAM Rival<br \/>\nBremzes: SRAM Rival AXS hidraulisk\u0101s disku<br \/>\nBrem\u017eu diski: SRAM Paceline, 160 mm (priek\u0161\u0101 \/ aizmugur\u0113)<br \/>\nRite\u0146i: Syncros Capital 1.0 40 Carbon, tubeless ready<br \/>\nRiepas: Schwalbe G-One RX, 700\u00d745C<br \/>\nIznesums \/ st\u016bre \/ s\u0113dek\u013ca sist\u0113ma: Syncros Creston 2.0 X \/ RR2.0 \/ SP-R101-CF<br \/>\nSvars: ~8.8 kg<br \/>\nMaks. sist\u0113mas svars: 120 kg<\/p>","protected":false},"excerpt":{"rendered":"<p>Scott Addict Gravel 20 ir augstas klases karbona gravel velosip\u0113ds, kas vair\u0101k tuvojas \u201cracing adventure\u201d segmentam nek\u0101 klasiskam t\u016brisma gravel. Tas ir \u013coti viegls, \u013coti prec\u012bzs un paredz\u0113ts brauc\u0113jiem, kuri grib maksim\u0101lu \u0101trumu uz grants, asfalt\u0101 un garos jauktos mar\u0161rutos. Velosip\u0113ds b\u016bv\u0113ts uz Addict Gravel HMF Carbon r\u0101mja ar modernu gravel \u0123eometriju, kas apvieno stabilit\u0101ti [&hellip;]<\/p>\n","protected":false},"featured_media":38146,"template":"","meta":{"_monsterinsights_skip_tracking":false,"_monsterinsights_sitenote_active":false,"_monsterinsights_sitenote_note":"","_monsterinsights_sitenote_category":0,"_iconic_wsb_product_page_order_bump_ids":[[]],"_sku":["SCOTT-ADDICT-GRAVEL-20-CARBON-BLACK--INDIGO-PURPLE-2026"],"_iconic_wsb_product_page_bump_modal_ids":[[]]},"product_brand":[872],"product_cat":[1065,1076,1127],"product_tag":[1522],"class_list":{"0":"post-19976","1":"product","2":"type-product","3":"status-publish","4":"has-post-thumbnail","6":"product_brand-scott","7":"product_cat-scott-2026","8":"product_cat-sosejas-velosipedi-700c","9":"product_cat-velosipedi","10":"product_tag-scott","11":"product_shipping_class-pieauguso-velosipedi","12":"pa_materials-karbona-ramis","13":"pa_razosanas-gads-1253","15":"first","16":"instock","17":"sale","18":"taxable","19":"shipping-taxable","20":"purchasable","21":"product-type-variable","22":"wvs-archive-product-wrapper"},"yoast_head":"<!-- This site is optimized with the Yoast SEO plugin v27.2 - https:\/\/yoast.com\/product\/yoast-seo-wordpress\/ -->\n<title>Scott Addict Gravel 20 Carbon Black \/ Indigo Purple 2026 - Velo Outlets<\/title>\n<meta name=\"robots\" content=\"index, follow, max-snippet:-1, max-image-preview:large, max-video-preview:-1\" \/>\n<link rel=\"canonical\" href=\"https:\/\/velooutlets.com\/et\/toode\/scott-addict-gravel-20-carbon-black-indigo-purple-2026\/\" \/>\n<meta property=\"og:locale\" content=\"et_EE\" \/>\n<meta property=\"og:type\" content=\"article\" \/>\n<meta property=\"og:title\" content=\"Scott Addict Gravel 20 Carbon Black \/ Indigo Purple 2026 - Velo Outlets\" \/>\n<meta property=\"og:description\" content=\"Scott Addict Gravel 20 ir augstas klases karbona gravel velosip\u0113ds, kas vair\u0101k tuvojas \u201cracing adventure\u201d segmentam nek\u0101 klasiskam t\u016brisma gravel. Tas ir \u013coti viegls, \u013coti prec\u012bzs un paredz\u0113ts brauc\u0113jiem, kuri grib maksim\u0101lu \u0101trumu uz grants, asfalt\u0101 un garos jauktos mar\u0161rutos. Velosip\u0113ds b\u016bv\u0113ts uz Addict Gravel HMF Carbon r\u0101mja ar modernu gravel \u0123eometriju, kas apvieno stabilit\u0101ti [&hellip;]\" \/>\n<meta property=\"og:url\" content=\"https:\/\/velooutlets.com\/et\/toode\/scott-addict-gravel-20-carbon-black-indigo-purple-2026\/\" \/>\n<meta property=\"og:site_name\" content=\"Velo Outlets\" \/>\n<meta property=\"article:modified_time\" content=\"2026-04-19T11:41:14+00:00\" \/>\n<meta property=\"og:image\" content=\"https:\/\/velooutlets.com\/wp-content\/uploads\/2026\/02\/1000200095.jpg\" \/>\n\t<meta property=\"og:image:width\" content=\"1020\" \/>\n\t<meta property=\"og:image:height\" content=\"765\" \/>\n\t<meta property=\"og:image:type\" content=\"image\/jpeg\" \/>\n<meta name=\"twitter:card\" content=\"summary_large_image\" \/>\n<meta name=\"twitter:label1\" content=\"Est. reading time\" \/>\n\t<meta name=\"twitter:data1\" content=\"1 minut\" \/>\n<script type=\"application\/ld+json\" class=\"yoast-schema-graph\">{\"@context\":\"https:\/\/schema.org\",\"@graph\":[{\"@type\":\"WebPage\",\"@id\":\"https:\/\/velooutlets.com\/products\/scott-addict-gravel-20-carbon-black-indigo-purple-2026\/\",\"url\":\"https:\/\/velooutlets.com\/products\/scott-addict-gravel-20-carbon-black-indigo-purple-2026\/\",\"name\":\"Scott Addict Gravel 20 Carbon Black \/ Indigo Purple 2026 - Velo Outlets\",\"isPartOf\":{\"@id\":\"https:\/\/velooutlets.com\/en\/#website\"},\"primaryImageOfPage\":{\"@id\":\"https:\/\/velooutlets.com\/products\/scott-addict-gravel-20-carbon-black-indigo-purple-2026\/#primaryimage\"},\"image\":{\"@id\":\"https:\/\/velooutlets.com\/products\/scott-addict-gravel-20-carbon-black-indigo-purple-2026\/#primaryimage\"},\"thumbnailUrl\":\"https:\/\/velooutlets.com\/wp-content\/uploads\/2026\/02\/1000200095.jpg\",\"datePublished\":\"2026-02-03T23:02:15+00:00\",\"dateModified\":\"2026-04-19T11:41:14+00:00\",\"breadcrumb\":{\"@id\":\"https:\/\/velooutlets.com\/products\/scott-addict-gravel-20-carbon-black-indigo-purple-2026\/#breadcrumb\"},\"inLanguage\":\"et\",\"potentialAction\":[{\"@type\":\"ReadAction\",\"target\":[\"https:\/\/velooutlets.com\/products\/scott-addict-gravel-20-carbon-black-indigo-purple-2026\/\"]}]},{\"@type\":\"ImageObject\",\"inLanguage\":\"et\",\"@id\":\"https:\/\/velooutlets.com\/products\/scott-addict-gravel-20-carbon-black-indigo-purple-2026\/#primaryimage\",\"url\":\"https:\/\/velooutlets.com\/wp-content\/uploads\/2026\/02\/1000200095.jpg\",\"contentUrl\":\"https:\/\/velooutlets.com\/wp-content\/uploads\/2026\/02\/1000200095.jpg\",\"width\":1020,\"height\":765},{\"@type\":\"BreadcrumbList\",\"@id\":\"https:\/\/velooutlets.com\/products\/scott-addict-gravel-20-carbon-black-indigo-purple-2026\/#breadcrumb\",\"itemListElement\":[{\"@type\":\"ListItem\",\"position\":1,\"name\":\"Home\",\"item\":\"https:\/\/velooutlets.com\/\"},{\"@type\":\"ListItem\",\"position\":2,\"name\":\"Veikals\",\"item\":\"https:\/\/velooutlets.com\/shop\/\"},{\"@type\":\"ListItem\",\"position\":3,\"name\":\"Scott Addict Gravel 20 Carbon Black \/ Indigo Purple 2026\"}]},{\"@type\":\"WebSite\",\"@id\":\"https:\/\/velooutlets.com\/en\/#website\",\"url\":\"https:\/\/velooutlets.com\/en\/\",\"name\":\"Velo Outlets\",\"description\":\"Velosip\u0113di visai \u0123imenei\",\"potentialAction\":[{\"@type\":\"SearchAction\",\"target\":{\"@type\":\"EntryPoint\",\"urlTemplate\":\"https:\/\/velooutlets.com\/en\/?s={search_term_string}\"},\"query-input\":{\"@type\":\"PropertyValueSpecification\",\"valueRequired\":true,\"valueName\":\"search_term_string\"}}],\"inLanguage\":\"et\"}]}<\/script>\n<!-- \/ Yoast SEO plugin. -->","yoast_head_json":{"title":"Scott Addict Gravel 20 Carbon Black \/ Indigo Purple 2026 - Velo Outlets","robots":{"index":"index","follow":"follow","max-snippet":"max-snippet:-1","max-image-preview":"max-image-preview:large","max-video-preview":"max-video-preview:-1"},"canonical":"https:\/\/velooutlets.com\/et\/toode\/scott-addict-gravel-20-carbon-black-indigo-purple-2026\/","og_locale":"et_EE","og_type":"article","og_title":"Scott Addict Gravel 20 Carbon Black \/ Indigo Purple 2026 - Velo Outlets","og_description":"Scott Addict Gravel 20 ir augstas klases karbona gravel velosip\u0113ds, kas vair\u0101k tuvojas \u201cracing adventure\u201d segmentam nek\u0101 klasiskam t\u016brisma gravel. Tas ir \u013coti viegls, \u013coti prec\u012bzs un paredz\u0113ts brauc\u0113jiem, kuri grib maksim\u0101lu \u0101trumu uz grants, asfalt\u0101 un garos jauktos mar\u0161rutos. Velosip\u0113ds b\u016bv\u0113ts uz Addict Gravel HMF Carbon r\u0101mja ar modernu gravel \u0123eometriju, kas apvieno stabilit\u0101ti [&hellip;]","og_url":"https:\/\/velooutlets.com\/et\/toode\/scott-addict-gravel-20-carbon-black-indigo-purple-2026\/","og_site_name":"Velo Outlets","article_modified_time":"2026-04-19T11:41:14+00:00","og_image":[{"width":1020,"height":765,"url":"https:\/\/velooutlets.com\/wp-content\/uploads\/2026\/02\/1000200095.jpg","type":"image\/jpeg"}],"twitter_card":"summary_large_image","twitter_misc":{"Est. reading time":"1 minut"},"schema":{"@context":"https:\/\/schema.org","@graph":[{"@type":"WebPage","@id":"https:\/\/velooutlets.com\/products\/scott-addict-gravel-20-carbon-black-indigo-purple-2026\/","url":"https:\/\/velooutlets.com\/products\/scott-addict-gravel-20-carbon-black-indigo-purple-2026\/","name":"Scott Addict Gravel 20 Carbon Black \/ Indigo Purple 2026 - Velo Outlets","isPartOf":{"@id":"https:\/\/velooutlets.com\/en\/#website"},"primaryImageOfPage":{"@id":"https:\/\/velooutlets.com\/products\/scott-addict-gravel-20-carbon-black-indigo-purple-2026\/#primaryimage"},"image":{"@id":"https:\/\/velooutlets.com\/products\/scott-addict-gravel-20-carbon-black-indigo-purple-2026\/#primaryimage"},"thumbnailUrl":"https:\/\/velooutlets.com\/wp-content\/uploads\/2026\/02\/1000200095.jpg","datePublished":"2026-02-03T23:02:15+00:00","dateModified":"2026-04-19T11:41:14+00:00","breadcrumb":{"@id":"https:\/\/velooutlets.com\/products\/scott-addict-gravel-20-carbon-black-indigo-purple-2026\/#breadcrumb"},"inLanguage":"et","potentialAction":[{"@type":"ReadAction","target":["https:\/\/velooutlets.com\/products\/scott-addict-gravel-20-carbon-black-indigo-purple-2026\/"]}]},{"@type":"ImageObject","inLanguage":"et","@id":"https:\/\/velooutlets.com\/products\/scott-addict-gravel-20-carbon-black-indigo-purple-2026\/#primaryimage","url":"https:\/\/velooutlets.com\/wp-content\/uploads\/2026\/02\/1000200095.jpg","contentUrl":"https:\/\/velooutlets.com\/wp-content\/uploads\/2026\/02\/1000200095.jpg","width":1020,"height":765},{"@type":"BreadcrumbList","@id":"https:\/\/velooutlets.com\/products\/scott-addict-gravel-20-carbon-black-indigo-purple-2026\/#breadcrumb","itemListElement":[{"@type":"ListItem","position":1,"name":"Home","item":"https:\/\/velooutlets.com\/"},{"@type":"ListItem","position":2,"name":"Veikals","item":"https:\/\/velooutlets.com\/shop\/"},{"@type":"ListItem","position":3,"name":"Scott Addict Gravel 20 Carbon Black \/ Indigo Purple 2026"}]},{"@type":"WebSite","@id":"https:\/\/velooutlets.com\/en\/#website","url":"https:\/\/velooutlets.com\/en\/","name":"Velo Outlets","description":"Jalgrattad kogu perele","potentialAction":[{"@type":"SearchAction","target":{"@type":"EntryPoint","urlTemplate":"https:\/\/velooutlets.com\/en\/?s={search_term_string}"},"query-input":{"@type":"PropertyValueSpecification","valueRequired":true,"valueName":"search_term_string"}}],"inLanguage":"et"}]}},"jetpack_sharing_enabled":true,"_links":{"self":[{"href":"https:\/\/velooutlets.com\/et\/wp-json\/wp\/v2\/product\/19976","targetHints":{"allow":["GET"]}}],"collection":[{"href":"https:\/\/velooutlets.com\/et\/wp-json\/wp\/v2\/product"}],"about":[{"href":"https:\/\/velooutlets.com\/et\/wp-json\/wp\/v2\/types\/product"}],"wp:featuredmedia":[{"embeddable":true,"href":"https:\/\/velooutlets.com\/et\/wp-json\/wp\/v2\/media\/38146"}],"wp:attachment":[{"href":"https:\/\/velooutlets.com\/et\/wp-json\/wp\/v2\/media?parent=19976"}],"wp:term":[{"taxonomy":"product_brand","embeddable":true,"href":"https:\/\/velooutlets.com\/et\/wp-json\/wp\/v2\/product_brand?post=19976"},{"taxonomy":"product_cat","embeddable":true,"href":"https:\/\/velooutlets.com\/et\/wp-json\/wp\/v2\/product_cat?post=19976"},{"taxonomy":"product_tag","embeddable":true,"href":"https:\/\/velooutlets.com\/et\/wp-json\/wp\/v2\/product_tag?post=19976"}],"curies":[{"name":"wp","href":"https:\/\/api.w.org\/{rel}","templated":true}]}}