{"id":28161,"date":"2026-02-05T12:38:56","date_gmt":"2026-02-05T10:38:56","guid":{"rendered":"https:\/\/staging.velooutlets.com\/product\/giant-liv-alight-d-2\/"},"modified":"2026-04-07T15:27:24","modified_gmt":"2026-04-07T12:27:24","slug":"giant-liv-alight-d-2","status":"publish","type":"product","link":"https:\/\/velooutlets.com\/et\/toode\/giant-liv-alight-d-2\/","title":{"rendered":"Giant Liv Alight Disc 2 City"},"content":{"rendered":"<p class=\"\" data-start=\"166\" data-end=\"493\"><strong data-start=\"166\" data-end=\"198\">Giant Liv Alight Disc 2 City<\/strong> on kerge, mugav ja mitmek\u00fclgne h\u00fcbriidjalgratas naistele, mis sobib ideaalselt igap\u00e4evaseks pendelrattas\u00f5iduks ja fitness-s\u00f5itudeks. Jalgrattal on tugev ALUXX alumiiniumist astmeline raam, mis tagab mugava ronimis- ja s\u00f5iduasendi. 700c rattad l\u00e4bil\u00f6\u00f6givastaste rehvidega, l\u00f6\u00f6gisummutusega iste. <strong data-start=\"532\" data-end=\"550\">Stouth ja h\u00fcdra<\/strong>ketaspidurid tagavad ohutu ja meeldiva b<strong data-start=\"602\" data-end=\"622\">s\u00f5itude linn<\/strong>s keskkonda. Shimano k\u00e4igukastis\u00fcsteem tagab sujuvuse<strong data-start=\"685\" data-end=\"699\">sulgemine,<\/strong> samas kui t\u00e4ielikud porikaitsed, hammasratas ja tugijalg muudavad selle jalgratta praktiliseks igap\u00e4evaseks kasutamiseks.<strong data-start=\"808\" data-end=\"818\">to\u0161ana<\/strong>i. Ideaalne valik aktiivseks elamiseks<strong data-start=\"849\" data-end=\"861\">K\u00f5ik<\/strong>m linnas.<\/p>","protected":false},"excerpt":{"rendered":"<p>Giant Liv Alight Disc 2 City ir viegls, \u0113rts un daudzpus\u012bgs pils\u0113tas hibr\u012bdvelosip\u0113ds sieviet\u0113m, kas lieliski piem\u0113rots ikdienas p\u0101rvieto\u0161an\u0101s un fitnesa braucieniem. Velosip\u0113ds apr\u012bkots ar iztur\u012bgu ALUXX alum\u012bnija step-through r\u0101mi, nodro\u0161inot \u0113rtu uzk\u0101p\u0161anu un komfortablu brauk\u0161anas poz\u012bciju. 700c rite\u0146i ar pretdur\u0161anas riep\u0101m, amortiz\u0113jo\u0161a s\u0113dek\u013ca stute un hidraulisk\u0101s disku bremzes garant\u0113 dro\u0161u un pat\u012bkamu braucienu pils\u0113tas [&hellip;]<\/p>\n","protected":false},"featured_media":34722,"template":"","meta":{"_monsterinsights_skip_tracking":false,"_monsterinsights_sitenote_active":false,"_monsterinsights_sitenote_note":"","_monsterinsights_sitenote_category":0,"_iconic_wsb_product_page_order_bump_ids":[],"_sku":["2200124115"],"_iconic_wsb_product_page_bump_modal_ids":[]},"product_brand":[873],"product_cat":[1127],"product_tag":[1525,219,846,212],"class_list":{"0":"post-28161","1":"product","2":"type-product","3":"status-publish","4":"has-post-thumbnail","6":"product_brand-giant","7":"product_cat-velosipedi","8":"product_tag-04_02_26","9":"product_tag-pilsetas-velosipedi","10":"product_tag-sieviesu-velosipedi","11":"product_tag-velosipedi","12":"product_shipping_class-pieauguso-velosipedi","14":"first","15":"instock","16":"taxable","17":"shipping-taxable","18":"purchasable","19":"product-type-simple"},"yoast_head":"<!-- This site is optimized with the Yoast SEO plugin v27.2 - https:\/\/yoast.com\/product\/yoast-seo-wordpress\/ -->\n<title>Giant Liv Alight Disc 2 \u2013 sievie\u0161u pils\u0113tas velosip\u0113ds | Velo Outlets<\/title>\n<meta name=\"description\" content=\"Sievie\u0161u velosip\u0113di Velo Outlets: Izv\u0113lies uzticamus, \u0113rtus un kvalitat\u012bvus mode\u013cus, kas piem\u0113roti jebkuram braucienam un vis\u0101m dz\u012bves situ\u0101cij\u0101m.\" \/>\n<meta name=\"robots\" content=\"index, follow, max-snippet:-1, max-image-preview:large, max-video-preview:-1\" \/>\n<link rel=\"canonical\" href=\"https:\/\/velooutlets.com\/et\/toode\/giant-liv-alight-d-2\/\" \/>\n<meta property=\"og:locale\" content=\"et_EE\" \/>\n<meta property=\"og:type\" content=\"article\" \/>\n<meta property=\"og:title\" content=\"Giant Liv Alight Disc 2 \u2013 sievie\u0161u pils\u0113tas velosip\u0113ds | Velo Outlets\" \/>\n<meta property=\"og:description\" content=\"Sievie\u0161u velosip\u0113di Velo Outlets: Izv\u0113lies uzticamus, \u0113rtus un kvalitat\u012bvus mode\u013cus, kas piem\u0113roti jebkuram braucienam un vis\u0101m dz\u012bves situ\u0101cij\u0101m.\" \/>\n<meta property=\"og:url\" content=\"https:\/\/velooutlets.com\/et\/toode\/giant-liv-alight-d-2\/\" \/>\n<meta property=\"og:site_name\" content=\"Velo Outlets\" \/>\n<meta property=\"article:modified_time\" content=\"2026-04-07T12:27:24+00:00\" \/>\n<meta property=\"og:image\" content=\"https:\/\/velooutlets.com\/wp-content\/uploads\/2026\/02\/1000190201.jpg\" \/>\n\t<meta property=\"og:image:width\" content=\"600\" \/>\n\t<meta property=\"og:image:height\" content=\"400\" \/>\n\t<meta property=\"og:image:type\" content=\"image\/jpeg\" \/>\n<meta name=\"twitter:card\" content=\"summary_large_image\" \/>\n<meta name=\"twitter:label1\" content=\"Est. reading time\" \/>\n\t<meta name=\"twitter:data1\" content=\"1 minut\" \/>\n<script type=\"application\/ld+json\" class=\"yoast-schema-graph\">{\"@context\":\"https:\/\/schema.org\",\"@graph\":[{\"@type\":\"WebPage\",\"@id\":\"https:\/\/velooutlets.com\/products\/giant-liv-alight-d-2\/\",\"url\":\"https:\/\/velooutlets.com\/products\/giant-liv-alight-d-2\/\",\"name\":\"Giant Liv Alight Disc 2 \u2013 sievie\u0161u pils\u0113tas velosip\u0113ds | Velo Outlets\",\"isPartOf\":{\"@id\":\"https:\/\/velooutlets.com\/en\/#website\"},\"primaryImageOfPage\":{\"@id\":\"https:\/\/velooutlets.com\/products\/giant-liv-alight-d-2\/#primaryimage\"},\"image\":{\"@id\":\"https:\/\/velooutlets.com\/products\/giant-liv-alight-d-2\/#primaryimage\"},\"thumbnailUrl\":\"https:\/\/velooutlets.com\/wp-content\/uploads\/2026\/02\/1000190201.jpg\",\"datePublished\":\"2026-02-05T10:38:56+00:00\",\"dateModified\":\"2026-04-07T12:27:24+00:00\",\"description\":\"Sievie\u0161u velosip\u0113di Velo Outlets: Izv\u0113lies uzticamus, \u0113rtus un kvalitat\u012bvus mode\u013cus, kas piem\u0113roti jebkuram braucienam un vis\u0101m dz\u012bves situ\u0101cij\u0101m.\",\"breadcrumb\":{\"@id\":\"https:\/\/velooutlets.com\/products\/giant-liv-alight-d-2\/#breadcrumb\"},\"inLanguage\":\"et\",\"potentialAction\":[{\"@type\":\"ReadAction\",\"target\":[\"https:\/\/velooutlets.com\/products\/giant-liv-alight-d-2\/\"]}]},{\"@type\":\"ImageObject\",\"inLanguage\":\"et\",\"@id\":\"https:\/\/velooutlets.com\/products\/giant-liv-alight-d-2\/#primaryimage\",\"url\":\"https:\/\/velooutlets.com\/wp-content\/uploads\/2026\/02\/1000190201.jpg\",\"contentUrl\":\"https:\/\/velooutlets.com\/wp-content\/uploads\/2026\/02\/1000190201.jpg\",\"width\":600,\"height\":400},{\"@type\":\"BreadcrumbList\",\"@id\":\"https:\/\/velooutlets.com\/products\/giant-liv-alight-d-2\/#breadcrumb\",\"itemListElement\":[{\"@type\":\"ListItem\",\"position\":1,\"name\":\"Home\",\"item\":\"https:\/\/velooutlets.com\/\"},{\"@type\":\"ListItem\",\"position\":2,\"name\":\"Veikals\",\"item\":\"https:\/\/velooutlets.com\/shop\/\"},{\"@type\":\"ListItem\",\"position\":3,\"name\":\"Giant Liv Alight Disc 2 City\"}]},{\"@type\":\"WebSite\",\"@id\":\"https:\/\/velooutlets.com\/en\/#website\",\"url\":\"https:\/\/velooutlets.com\/en\/\",\"name\":\"Velo Outlets\",\"description\":\"Velosip\u0113di visai \u0123imenei\",\"potentialAction\":[{\"@type\":\"SearchAction\",\"target\":{\"@type\":\"EntryPoint\",\"urlTemplate\":\"https:\/\/velooutlets.com\/en\/?s={search_term_string}\"},\"query-input\":{\"@type\":\"PropertyValueSpecification\",\"valueRequired\":true,\"valueName\":\"search_term_string\"}}],\"inLanguage\":\"et\"}]}<\/script>\n<!-- \/ Yoast SEO plugin. -->","yoast_head_json":{"title":"Giant Liv Alight Disc 2 \u2013 sievie\u0161u pils\u0113tas velosip\u0113ds | Velo Outlets","description":"Sievie\u0161u velosip\u0113di Velo Outlets: Izv\u0113lies uzticamus, \u0113rtus un kvalitat\u012bvus mode\u013cus, kas piem\u0113roti jebkuram braucienam un vis\u0101m dz\u012bves situ\u0101cij\u0101m.","robots":{"index":"index","follow":"follow","max-snippet":"max-snippet:-1","max-image-preview":"max-image-preview:large","max-video-preview":"max-video-preview:-1"},"canonical":"https:\/\/velooutlets.com\/et\/toode\/giant-liv-alight-d-2\/","og_locale":"et_EE","og_type":"article","og_title":"Giant Liv Alight Disc 2 \u2013 sievie\u0161u pils\u0113tas velosip\u0113ds | Velo Outlets","og_description":"Sievie\u0161u velosip\u0113di Velo Outlets: Izv\u0113lies uzticamus, \u0113rtus un kvalitat\u012bvus mode\u013cus, kas piem\u0113roti jebkuram braucienam un vis\u0101m dz\u012bves situ\u0101cij\u0101m.","og_url":"https:\/\/velooutlets.com\/et\/toode\/giant-liv-alight-d-2\/","og_site_name":"Velo Outlets","article_modified_time":"2026-04-07T12:27:24+00:00","og_image":[{"width":600,"height":400,"url":"https:\/\/velooutlets.com\/wp-content\/uploads\/2026\/02\/1000190201.jpg","type":"image\/jpeg"}],"twitter_card":"summary_large_image","twitter_misc":{"Est. reading time":"1 minut"},"schema":{"@context":"https:\/\/schema.org","@graph":[{"@type":"WebPage","@id":"https:\/\/velooutlets.com\/products\/giant-liv-alight-d-2\/","url":"https:\/\/velooutlets.com\/products\/giant-liv-alight-d-2\/","name":"Giant Liv Alight Disc 2 \u2013 sievie\u0161u pils\u0113tas velosip\u0113ds | Velo Outlets","isPartOf":{"@id":"https:\/\/velooutlets.com\/en\/#website"},"primaryImageOfPage":{"@id":"https:\/\/velooutlets.com\/products\/giant-liv-alight-d-2\/#primaryimage"},"image":{"@id":"https:\/\/velooutlets.com\/products\/giant-liv-alight-d-2\/#primaryimage"},"thumbnailUrl":"https:\/\/velooutlets.com\/wp-content\/uploads\/2026\/02\/1000190201.jpg","datePublished":"2026-02-05T10:38:56+00:00","dateModified":"2026-04-07T12:27:24+00:00","description":"Sievie\u0161u velosip\u0113di Velo Outlets: Izv\u0113lies uzticamus, \u0113rtus un kvalitat\u012bvus mode\u013cus, kas piem\u0113roti jebkuram braucienam un vis\u0101m dz\u012bves situ\u0101cij\u0101m.","breadcrumb":{"@id":"https:\/\/velooutlets.com\/products\/giant-liv-alight-d-2\/#breadcrumb"},"inLanguage":"et","potentialAction":[{"@type":"ReadAction","target":["https:\/\/velooutlets.com\/products\/giant-liv-alight-d-2\/"]}]},{"@type":"ImageObject","inLanguage":"et","@id":"https:\/\/velooutlets.com\/products\/giant-liv-alight-d-2\/#primaryimage","url":"https:\/\/velooutlets.com\/wp-content\/uploads\/2026\/02\/1000190201.jpg","contentUrl":"https:\/\/velooutlets.com\/wp-content\/uploads\/2026\/02\/1000190201.jpg","width":600,"height":400},{"@type":"BreadcrumbList","@id":"https:\/\/velooutlets.com\/products\/giant-liv-alight-d-2\/#breadcrumb","itemListElement":[{"@type":"ListItem","position":1,"name":"Home","item":"https:\/\/velooutlets.com\/"},{"@type":"ListItem","position":2,"name":"Veikals","item":"https:\/\/velooutlets.com\/shop\/"},{"@type":"ListItem","position":3,"name":"Giant Liv Alight Disc 2 City"}]},{"@type":"WebSite","@id":"https:\/\/velooutlets.com\/en\/#website","url":"https:\/\/velooutlets.com\/en\/","name":"Velo Outlets","description":"Jalgrattad kogu perele","potentialAction":[{"@type":"SearchAction","target":{"@type":"EntryPoint","urlTemplate":"https:\/\/velooutlets.com\/en\/?s={search_term_string}"},"query-input":{"@type":"PropertyValueSpecification","valueRequired":true,"valueName":"search_term_string"}}],"inLanguage":"et"}]}},"jetpack_sharing_enabled":true,"_links":{"self":[{"href":"https:\/\/velooutlets.com\/et\/wp-json\/wp\/v2\/product\/28161","targetHints":{"allow":["GET"]}}],"collection":[{"href":"https:\/\/velooutlets.com\/et\/wp-json\/wp\/v2\/product"}],"about":[{"href":"https:\/\/velooutlets.com\/et\/wp-json\/wp\/v2\/types\/product"}],"wp:featuredmedia":[{"embeddable":true,"href":"https:\/\/velooutlets.com\/et\/wp-json\/wp\/v2\/media\/34722"}],"wp:attachment":[{"href":"https:\/\/velooutlets.com\/et\/wp-json\/wp\/v2\/media?parent=28161"}],"wp:term":[{"taxonomy":"product_brand","embeddable":true,"href":"https:\/\/velooutlets.com\/et\/wp-json\/wp\/v2\/product_brand?post=28161"},{"taxonomy":"product_cat","embeddable":true,"href":"https:\/\/velooutlets.com\/et\/wp-json\/wp\/v2\/product_cat?post=28161"},{"taxonomy":"product_tag","embeddable":true,"href":"https:\/\/velooutlets.com\/et\/wp-json\/wp\/v2\/product_tag?post=28161"}],"curies":[{"name":"wp","href":"https:\/\/api.w.org\/{rel}","templated":true}]}}