{"id":28769,"date":"2026-02-05T13:27:06","date_gmt":"2026-02-05T11:27:06","guid":{"rendered":"https:\/\/staging.velooutlets.com\/?post_type=product&#038;p=28769"},"modified":"2026-04-16T14:39:22","modified_gmt":"2026-04-16T11:39:22","slug":"dyu-ff500-lite-fatbike","status":"publish","type":"product","link":"https:\/\/velooutlets.com\/et\/toode\/dyu-ff500-lite-fatbike\/","title":{"rendered":"Dyu FF500 Lite FatBike"},"content":{"rendered":"<p data-start=\"0\" data-end=\"461\">DYU FF500 20\" elektriline jalgratas on ideaalne valik linnaelanikele ja neile, kes soovivad nautida s\u00f5itu metsaradadel. Selle moodne disain \u00fchendab endas stiili ja praktilisuse ning laiad 20-tollised rehvid koos esi\u0161okiga tagavad stabiilse ja mugava s\u00f5idu ka ebatasasel pinnal. Kokkupandav juhtraud v\u00f5imaldab jalgratast h\u00f5lpsasti transportida v\u00f5i hoiustada v\u00e4ikestes ruumides, mist\u00f5ttu on FF500 v\u00e4ga praktiline igap\u00e4evane lahendus.<\/p>\n<p data-start=\"463\" data-end=\"889\">Jalgrattal on v\u00f5imas 500 W mootor, mis v\u00f5imaldab saavutada tippkiirust kuni 25 km\/h, ja 48 V 13,5 Ah aku, mis suudab \u00fche laadimisega l\u00e4bida kuni 70 km. Mehaanilised ketaspidurid tagavad ohutu ja t\u00e4pse peatumise, samas kui LED-tuled parandavad n\u00e4htavust ja s\u00f5iduturvalisust nii p\u00e4eval kui ka \u00f6\u00f6sel. Eesmine amortisaator lisab lisamugavust, eriti ebatasasel v\u00f5i kruusasel pinnasel.<\/p>\n<p data-start=\"891\" data-end=\"1308\" data-is-last-node=\"\" data-is-only-node=\"\">DYU FF500 \u00fchendab endas vastupidavuse, v\u00f5imsuse ja mugavuse, muutes selle ideaalseks elektriliseks m\u00e4girattaks ja linnas liiklemiseks. Jalgratas vastab Euroopa Liidu ohutusn\u00f5uetele, on sertifitseeritud ja tuleb koos k\u00f5igi vajalike dokumentidega. Maksimaalse ohutuse tagamiseks on soovitatav kanda s\u00f5idu ajal kiivrit. Elektriliste jalgrataste registreerimine L\u00e4tis on vabatahtlik ja mitte kohustuslik.<\/p>","protected":false},"excerpt":{"rendered":"<p>DYU FF500 20 collu elektriskais velosip\u0113ds ir ide\u0101la izv\u0113le gan pils\u0113tas iedz\u012bvot\u0101jiem, gan tiem, kuri v\u0113las izbaud\u012bt braucienus pa me\u017ea tak\u0101m. T\u0101 modernais dizains apvieno stil\u012bgumu ar praktiskumu, un plat\u0101s 20 collu riepas kop\u0101 ar priek\u0161\u0113jo amortizatoru nodro\u0161ina stabilu un komfortablu brauk\u0161anu pat uz nel\u012bdzena seguma. Salok\u0101m\u0101 st\u016bre \u013cauj \u0113rt\u0101k transport\u0113t velosip\u0113du vai uzglab\u0101t to [&hellip;]<\/p>\n","protected":false},"featured_media":36218,"template":"","meta":{"_monsterinsights_skip_tracking":false,"_monsterinsights_sitenote_active":false,"_monsterinsights_sitenote_note":"","_monsterinsights_sitenote_category":0,"_iconic_wsb_product_page_order_bump_ids":[],"_sku":["9785699893348"],"_iconic_wsb_product_page_bump_modal_ids":[]},"product_brand":[1161],"product_cat":[963,1127],"product_tag":[1525,847,212],"class_list":{"0":"post-28769","1":"product","2":"type-product","3":"status-publish","4":"has-post-thumbnail","6":"product_brand-dyu","7":"product_cat-elektro-velosipedi","8":"product_cat-velosipedi","9":"product_tag-04_02_26","10":"product_tag-elektro-velosipedi","11":"product_tag-velosipedi","12":"product_shipping_class-elektro-velosipedi","13":"pa_ramja-izmers-uni","15":"first","16":"instock","17":"sale","18":"taxable","19":"shipping-taxable","20":"purchasable","21":"product-type-simple"},"yoast_head":"<!-- This site is optimized with the Yoast SEO plugin v27.2 - https:\/\/yoast.com\/product\/yoast-seo-wordpress\/ -->\n<title>Dyu FF500 Lite FatBike - Velo Outlets<\/title>\n<meta name=\"robots\" content=\"index, follow, max-snippet:-1, max-image-preview:large, max-video-preview:-1\" \/>\n<link rel=\"canonical\" href=\"https:\/\/velooutlets.com\/et\/toode\/dyu-ff500-lite-fatbike\/\" \/>\n<meta property=\"og:locale\" content=\"et_EE\" \/>\n<meta property=\"og:type\" content=\"article\" \/>\n<meta property=\"og:title\" content=\"Dyu FF500 Lite FatBike - Velo Outlets\" \/>\n<meta property=\"og:description\" content=\"DYU FF500 20 collu elektriskais velosip\u0113ds ir ide\u0101la izv\u0113le gan pils\u0113tas iedz\u012bvot\u0101jiem, gan tiem, kuri v\u0113las izbaud\u012bt braucienus pa me\u017ea tak\u0101m. T\u0101 modernais dizains apvieno stil\u012bgumu ar praktiskumu, un plat\u0101s 20 collu riepas kop\u0101 ar priek\u0161\u0113jo amortizatoru nodro\u0161ina stabilu un komfortablu brauk\u0161anu pat uz nel\u012bdzena seguma. Salok\u0101m\u0101 st\u016bre \u013cauj \u0113rt\u0101k transport\u0113t velosip\u0113du vai uzglab\u0101t to [&hellip;]\" \/>\n<meta property=\"og:url\" content=\"https:\/\/velooutlets.com\/et\/toode\/dyu-ff500-lite-fatbike\/\" \/>\n<meta property=\"og:site_name\" content=\"Velo Outlets\" \/>\n<meta property=\"article:modified_time\" content=\"2026-04-16T11:39:22+00:00\" \/>\n<meta property=\"og:image\" content=\"https:\/\/velooutlets.com\/wp-content\/uploads\/2026\/02\/1000193684.jpg\" \/>\n\t<meta property=\"og:image:width\" content=\"1162\" \/>\n\t<meta property=\"og:image:height\" content=\"872\" \/>\n\t<meta property=\"og:image:type\" content=\"image\/jpeg\" \/>\n<meta name=\"twitter:card\" content=\"summary_large_image\" \/>\n<meta name=\"twitter:label1\" content=\"Est. reading time\" \/>\n\t<meta name=\"twitter:data1\" content=\"1 minut\" \/>\n<script type=\"application\/ld+json\" class=\"yoast-schema-graph\">{\"@context\":\"https:\/\/schema.org\",\"@graph\":[{\"@type\":\"WebPage\",\"@id\":\"https:\/\/velooutlets.com\/products\/dyu-ff500-lite-fatbike\/\",\"url\":\"https:\/\/velooutlets.com\/products\/dyu-ff500-lite-fatbike\/\",\"name\":\"Dyu FF500 Lite FatBike - Velo Outlets\",\"isPartOf\":{\"@id\":\"https:\/\/velooutlets.com\/en\/#website\"},\"primaryImageOfPage\":{\"@id\":\"https:\/\/velooutlets.com\/products\/dyu-ff500-lite-fatbike\/#primaryimage\"},\"image\":{\"@id\":\"https:\/\/velooutlets.com\/products\/dyu-ff500-lite-fatbike\/#primaryimage\"},\"thumbnailUrl\":\"https:\/\/velooutlets.com\/wp-content\/uploads\/2026\/02\/1000193684.jpg\",\"datePublished\":\"2026-02-05T11:27:06+00:00\",\"dateModified\":\"2026-04-16T11:39:22+00:00\",\"breadcrumb\":{\"@id\":\"https:\/\/velooutlets.com\/products\/dyu-ff500-lite-fatbike\/#breadcrumb\"},\"inLanguage\":\"et\",\"potentialAction\":[{\"@type\":\"ReadAction\",\"target\":[\"https:\/\/velooutlets.com\/products\/dyu-ff500-lite-fatbike\/\"]}]},{\"@type\":\"ImageObject\",\"inLanguage\":\"et\",\"@id\":\"https:\/\/velooutlets.com\/products\/dyu-ff500-lite-fatbike\/#primaryimage\",\"url\":\"https:\/\/velooutlets.com\/wp-content\/uploads\/2026\/02\/1000193684.jpg\",\"contentUrl\":\"https:\/\/velooutlets.com\/wp-content\/uploads\/2026\/02\/1000193684.jpg\",\"width\":1162,\"height\":872},{\"@type\":\"BreadcrumbList\",\"@id\":\"https:\/\/velooutlets.com\/products\/dyu-ff500-lite-fatbike\/#breadcrumb\",\"itemListElement\":[{\"@type\":\"ListItem\",\"position\":1,\"name\":\"Home\",\"item\":\"https:\/\/velooutlets.com\/\"},{\"@type\":\"ListItem\",\"position\":2,\"name\":\"Veikals\",\"item\":\"https:\/\/velooutlets.com\/shop\/\"},{\"@type\":\"ListItem\",\"position\":3,\"name\":\"Dyu FF500 Lite FatBike\"}]},{\"@type\":\"WebSite\",\"@id\":\"https:\/\/velooutlets.com\/en\/#website\",\"url\":\"https:\/\/velooutlets.com\/en\/\",\"name\":\"Velo Outlets\",\"description\":\"Velosip\u0113di visai \u0123imenei\",\"potentialAction\":[{\"@type\":\"SearchAction\",\"target\":{\"@type\":\"EntryPoint\",\"urlTemplate\":\"https:\/\/velooutlets.com\/en\/?s={search_term_string}\"},\"query-input\":{\"@type\":\"PropertyValueSpecification\",\"valueRequired\":true,\"valueName\":\"search_term_string\"}}],\"inLanguage\":\"et\"}]}<\/script>\n<!-- \/ Yoast SEO plugin. -->","yoast_head_json":{"title":"Dyu FF500 Lite FatBike - Velo Outlets","robots":{"index":"index","follow":"follow","max-snippet":"max-snippet:-1","max-image-preview":"max-image-preview:large","max-video-preview":"max-video-preview:-1"},"canonical":"https:\/\/velooutlets.com\/et\/toode\/dyu-ff500-lite-fatbike\/","og_locale":"et_EE","og_type":"article","og_title":"Dyu FF500 Lite FatBike - Velo Outlets","og_description":"DYU FF500 20 collu elektriskais velosip\u0113ds ir ide\u0101la izv\u0113le gan pils\u0113tas iedz\u012bvot\u0101jiem, gan tiem, kuri v\u0113las izbaud\u012bt braucienus pa me\u017ea tak\u0101m. T\u0101 modernais dizains apvieno stil\u012bgumu ar praktiskumu, un plat\u0101s 20 collu riepas kop\u0101 ar priek\u0161\u0113jo amortizatoru nodro\u0161ina stabilu un komfortablu brauk\u0161anu pat uz nel\u012bdzena seguma. Salok\u0101m\u0101 st\u016bre \u013cauj \u0113rt\u0101k transport\u0113t velosip\u0113du vai uzglab\u0101t to [&hellip;]","og_url":"https:\/\/velooutlets.com\/et\/toode\/dyu-ff500-lite-fatbike\/","og_site_name":"Velo Outlets","article_modified_time":"2026-04-16T11:39:22+00:00","og_image":[{"width":1162,"height":872,"url":"https:\/\/velooutlets.com\/wp-content\/uploads\/2026\/02\/1000193684.jpg","type":"image\/jpeg"}],"twitter_card":"summary_large_image","twitter_misc":{"Est. reading time":"1 minut"},"schema":{"@context":"https:\/\/schema.org","@graph":[{"@type":"WebPage","@id":"https:\/\/velooutlets.com\/products\/dyu-ff500-lite-fatbike\/","url":"https:\/\/velooutlets.com\/products\/dyu-ff500-lite-fatbike\/","name":"Dyu FF500 Lite FatBike - Velo Outlets","isPartOf":{"@id":"https:\/\/velooutlets.com\/en\/#website"},"primaryImageOfPage":{"@id":"https:\/\/velooutlets.com\/products\/dyu-ff500-lite-fatbike\/#primaryimage"},"image":{"@id":"https:\/\/velooutlets.com\/products\/dyu-ff500-lite-fatbike\/#primaryimage"},"thumbnailUrl":"https:\/\/velooutlets.com\/wp-content\/uploads\/2026\/02\/1000193684.jpg","datePublished":"2026-02-05T11:27:06+00:00","dateModified":"2026-04-16T11:39:22+00:00","breadcrumb":{"@id":"https:\/\/velooutlets.com\/products\/dyu-ff500-lite-fatbike\/#breadcrumb"},"inLanguage":"et","potentialAction":[{"@type":"ReadAction","target":["https:\/\/velooutlets.com\/products\/dyu-ff500-lite-fatbike\/"]}]},{"@type":"ImageObject","inLanguage":"et","@id":"https:\/\/velooutlets.com\/products\/dyu-ff500-lite-fatbike\/#primaryimage","url":"https:\/\/velooutlets.com\/wp-content\/uploads\/2026\/02\/1000193684.jpg","contentUrl":"https:\/\/velooutlets.com\/wp-content\/uploads\/2026\/02\/1000193684.jpg","width":1162,"height":872},{"@type":"BreadcrumbList","@id":"https:\/\/velooutlets.com\/products\/dyu-ff500-lite-fatbike\/#breadcrumb","itemListElement":[{"@type":"ListItem","position":1,"name":"Home","item":"https:\/\/velooutlets.com\/"},{"@type":"ListItem","position":2,"name":"Veikals","item":"https:\/\/velooutlets.com\/shop\/"},{"@type":"ListItem","position":3,"name":"Dyu FF500 Lite FatBike"}]},{"@type":"WebSite","@id":"https:\/\/velooutlets.com\/en\/#website","url":"https:\/\/velooutlets.com\/en\/","name":"Velo Outlets","description":"Jalgrattad kogu perele","potentialAction":[{"@type":"SearchAction","target":{"@type":"EntryPoint","urlTemplate":"https:\/\/velooutlets.com\/en\/?s={search_term_string}"},"query-input":{"@type":"PropertyValueSpecification","valueRequired":true,"valueName":"search_term_string"}}],"inLanguage":"et"}]}},"jetpack_sharing_enabled":true,"_links":{"self":[{"href":"https:\/\/velooutlets.com\/et\/wp-json\/wp\/v2\/product\/28769","targetHints":{"allow":["GET"]}}],"collection":[{"href":"https:\/\/velooutlets.com\/et\/wp-json\/wp\/v2\/product"}],"about":[{"href":"https:\/\/velooutlets.com\/et\/wp-json\/wp\/v2\/types\/product"}],"wp:featuredmedia":[{"embeddable":true,"href":"https:\/\/velooutlets.com\/et\/wp-json\/wp\/v2\/media\/36218"}],"wp:attachment":[{"href":"https:\/\/velooutlets.com\/et\/wp-json\/wp\/v2\/media?parent=28769"}],"wp:term":[{"taxonomy":"product_brand","embeddable":true,"href":"https:\/\/velooutlets.com\/et\/wp-json\/wp\/v2\/product_brand?post=28769"},{"taxonomy":"product_cat","embeddable":true,"href":"https:\/\/velooutlets.com\/et\/wp-json\/wp\/v2\/product_cat?post=28769"},{"taxonomy":"product_tag","embeddable":true,"href":"https:\/\/velooutlets.com\/et\/wp-json\/wp\/v2\/product_tag?post=28769"}],"curies":[{"name":"wp","href":"https:\/\/api.w.org\/{rel}","templated":true}]}}