{"id":31771,"date":"2026-02-06T10:02:11","date_gmt":"2026-02-06T08:02:11","guid":{"rendered":"https:\/\/staging.velooutlets.com\/?post_type=product&#038;p=31771"},"modified":"2026-04-18T11:44:59","modified_gmt":"2026-04-18T08:44:59","slug":"polar-sonic-26-fs-disk-anthracite","status":"publish","type":"product","link":"https:\/\/velooutlets.com\/et\/toode\/polar-sonic-26-fs-disk-anthracite\/","title":{"rendered":"Polar Sonic 26&#8243; FS Disk Anthracite"},"content":{"rendered":"<p>Polar Sonic FS Disk 26\u2033 Alu ir viegls un daudzpus\u012bgs kalnu tipa velosip\u0113ds ar amortiz\u0101ciju, kas paredz\u0113ts akt\u012bvai brauk\u0161anai gan pils\u0113t\u0101, gan uz nel\u012bdzeniem ce\u013ciem. Alum\u012bnija r\u0101mis nodro\u0161ina labu iztur\u012bbas un svara balansu, padarot velosip\u0113du viegl\u0101k vad\u0101mu un \u0113rt\u0101ku ikdienas lieto\u0161an\u0101.<\/p>\n<p>Priek\u0161\u0113j\u0101 amortiz\u0101cijas dak\u0161a pal\u012bdz absorb\u0113t triecienus un uzlabo kontroli uz grants vai me\u017ea tak\u0101m. 7 \u0101trumu p\u0101rnesumu sist\u0113ma ar Shimano komponent\u0113m \u013cauj vienk\u0101r\u0161i piel\u0101got brauk\u0161anu da\u017e\u0101diem reljefiem, savuk\u0101rt meh\u0101nisk\u0101s disku bremzes nodro\u0161ina dro\u0161u un stabilu bremz\u0113\u0161anu da\u017e\u0101dos laikapst\u0101k\u013cos.<\/p>\n<p>26 collu rite\u0146i ar dubultsienu aploc\u0113m un univers\u0101l\u0101m riep\u0101m nodro\u0161ina labu sa\u0137eri un stabilit\u0101ti, bet praktisk\u0101 atbalsta k\u0101ji\u0146a padara velosip\u0113du \u0113rtu ikdienas lieto\u0161an\u0101.<\/p>\n<p>Spetsifikatsioon:<br \/>\nR\u0101mis: Alum\u012bnija<br \/>\nDak\u0161a: HI-TEN Steel \/ Sus MD-711G amortiz\u0101cijas dak\u0161a<br \/>\n\u0100trumu skaits: 7<br \/>\nAizmugur\u0113jais p\u0101rsl\u0113dz\u0113js: Shimano RD-TY21<br \/>\nP\u0101rsl\u0113dz\u0113ju rokturis: Shimano SL-RS7 (Revo)<br \/>\nBremzes: Meh\u0101nisk\u0101s disku bremzes<br \/>\nS\u0113deklis: P:Lab MTB<br \/>\nAploces: Beretta Double Wall<br \/>\nRiepas: 26 \u00d7 1.95<br \/>\nPed\u0101\u013ci: PVC<br \/>\nPapildapr\u012bkojums: Atbalsta k\u0101ji\u0146a<\/p>","protected":false},"excerpt":{"rendered":"<p>Polar Sonic FS Disk 26\u2033 Alu ir viegls un daudzpus\u012bgs kalnu tipa velosip\u0113ds ar amortiz\u0101ciju, kas paredz\u0113ts akt\u012bvai brauk\u0161anai gan pils\u0113t\u0101, gan uz nel\u012bdzeniem ce\u013ciem. Alum\u012bnija r\u0101mis nodro\u0161ina labu iztur\u012bbas un svara balansu, padarot velosip\u0113du viegl\u0101k vad\u0101mu un \u0113rt\u0101ku ikdienas lieto\u0161an\u0101. Priek\u0161\u0113j\u0101 amortiz\u0101cijas dak\u0161a pal\u012bdz absorb\u0113t triecienus un uzlabo kontroli uz grants vai me\u017ea tak\u0101m. [&hellip;]<\/p>\n","protected":false},"featured_media":31770,"template":"","meta":{"_monsterinsights_skip_tracking":false,"_monsterinsights_sitenote_active":false,"_monsterinsights_sitenote_note":"","_monsterinsights_sitenote_category":0,"_iconic_wsb_product_page_order_bump_ids":[[]],"_sku":[],"_iconic_wsb_product_page_bump_modal_ids":[[]]},"product_brand":[],"product_cat":[1043,1127],"product_tag":[1525,843,212],"class_list":{"0":"post-31771","1":"product","2":"type-product","3":"status-publish","4":"has-post-thumbnail","6":"product_cat-pusaudzu-velosipedi-24-27-5","7":"product_cat-velosipedi","8":"product_tag-04_02_26","9":"product_tag-pusaudzu-velosipedi","10":"product_tag-velosipedi","11":"product_shipping_class-bernu-velosipedi","12":"pa_height-range-145-165-cm","13":"pa_materials-aluminija-ramis","14":"pa_ramja-izmers-uni","16":"first","17":"instock","18":"sale","19":"taxable","20":"shipping-taxable","21":"purchasable","22":"product-type-simple"},"yoast_head":"<!-- This site is optimized with the Yoast SEO plugin v27.2 - https:\/\/yoast.com\/product\/yoast-seo-wordpress\/ -->\n<title>Polar Sonic 26&quot; FS Disk Anthracite - Velo Outlets<\/title>\n<meta name=\"robots\" content=\"index, follow, max-snippet:-1, max-image-preview:large, max-video-preview:-1\" \/>\n<link rel=\"canonical\" href=\"https:\/\/velooutlets.com\/et\/toode\/polar-sonic-26-fs-disk-anthracite\/\" \/>\n<meta property=\"og:locale\" content=\"et_EE\" \/>\n<meta property=\"og:type\" content=\"article\" \/>\n<meta property=\"og:title\" content=\"Polar Sonic 26&quot; FS Disk Anthracite - Velo Outlets\" \/>\n<meta property=\"og:description\" content=\"Polar Sonic FS Disk 26\u2033 Alu ir viegls un daudzpus\u012bgs kalnu tipa velosip\u0113ds ar amortiz\u0101ciju, kas paredz\u0113ts akt\u012bvai brauk\u0161anai gan pils\u0113t\u0101, gan uz nel\u012bdzeniem ce\u013ciem. Alum\u012bnija r\u0101mis nodro\u0161ina labu iztur\u012bbas un svara balansu, padarot velosip\u0113du viegl\u0101k vad\u0101mu un \u0113rt\u0101ku ikdienas lieto\u0161an\u0101. Priek\u0161\u0113j\u0101 amortiz\u0101cijas dak\u0161a pal\u012bdz absorb\u0113t triecienus un uzlabo kontroli uz grants vai me\u017ea tak\u0101m. [&hellip;]\" \/>\n<meta property=\"og:url\" content=\"https:\/\/velooutlets.com\/et\/toode\/polar-sonic-26-fs-disk-anthracite\/\" \/>\n<meta property=\"og:site_name\" content=\"Velo Outlets\" \/>\n<meta property=\"article:modified_time\" content=\"2026-04-18T08:44:59+00:00\" \/>\n<meta property=\"og:image\" content=\"https:\/\/velooutlets.com\/wp-content\/uploads\/2026\/02\/Velooutlets-Bernu-Velosipeds-Polar_99.png\" \/>\n\t<meta property=\"og:image:width\" content=\"1200\" \/>\n\t<meta property=\"og:image:height\" content=\"870\" \/>\n\t<meta property=\"og:image:type\" content=\"image\/png\" \/>\n<meta name=\"twitter:card\" content=\"summary_large_image\" \/>\n<meta name=\"twitter:label1\" content=\"Est. reading time\" \/>\n\t<meta name=\"twitter:data1\" content=\"1 minut\" \/>\n<script type=\"application\/ld+json\" class=\"yoast-schema-graph\">{\"@context\":\"https:\/\/schema.org\",\"@graph\":[{\"@type\":\"WebPage\",\"@id\":\"https:\/\/velooutlets.com\/products\/polar-sonic-26-fs-disk-anthracite\/\",\"url\":\"https:\/\/velooutlets.com\/products\/polar-sonic-26-fs-disk-anthracite\/\",\"name\":\"Polar Sonic 26\\\" FS Disk Anthracite - Velo Outlets\",\"isPartOf\":{\"@id\":\"https:\/\/velooutlets.com\/en\/#website\"},\"primaryImageOfPage\":{\"@id\":\"https:\/\/velooutlets.com\/products\/polar-sonic-26-fs-disk-anthracite\/#primaryimage\"},\"image\":{\"@id\":\"https:\/\/velooutlets.com\/products\/polar-sonic-26-fs-disk-anthracite\/#primaryimage\"},\"thumbnailUrl\":\"https:\/\/velooutlets.com\/wp-content\/uploads\/2026\/02\/Velooutlets-Bernu-Velosipeds-Polar_99.png\",\"datePublished\":\"2026-02-06T08:02:11+00:00\",\"dateModified\":\"2026-04-18T08:44:59+00:00\",\"breadcrumb\":{\"@id\":\"https:\/\/velooutlets.com\/products\/polar-sonic-26-fs-disk-anthracite\/#breadcrumb\"},\"inLanguage\":\"et\",\"potentialAction\":[{\"@type\":\"ReadAction\",\"target\":[\"https:\/\/velooutlets.com\/products\/polar-sonic-26-fs-disk-anthracite\/\"]}]},{\"@type\":\"ImageObject\",\"inLanguage\":\"et\",\"@id\":\"https:\/\/velooutlets.com\/products\/polar-sonic-26-fs-disk-anthracite\/#primaryimage\",\"url\":\"https:\/\/velooutlets.com\/wp-content\/uploads\/2026\/02\/Velooutlets-Bernu-Velosipeds-Polar_99.png\",\"contentUrl\":\"https:\/\/velooutlets.com\/wp-content\/uploads\/2026\/02\/Velooutlets-Bernu-Velosipeds-Polar_99.png\",\"width\":1200,\"height\":870},{\"@type\":\"BreadcrumbList\",\"@id\":\"https:\/\/velooutlets.com\/products\/polar-sonic-26-fs-disk-anthracite\/#breadcrumb\",\"itemListElement\":[{\"@type\":\"ListItem\",\"position\":1,\"name\":\"Home\",\"item\":\"https:\/\/velooutlets.com\/\"},{\"@type\":\"ListItem\",\"position\":2,\"name\":\"Veikals\",\"item\":\"https:\/\/velooutlets.com\/shop\/\"},{\"@type\":\"ListItem\",\"position\":3,\"name\":\"Polar Sonic 26&#8243; FS Disk Anthracite\"}]},{\"@type\":\"WebSite\",\"@id\":\"https:\/\/velooutlets.com\/en\/#website\",\"url\":\"https:\/\/velooutlets.com\/en\/\",\"name\":\"Velo Outlets\",\"description\":\"Velosip\u0113di visai \u0123imenei\",\"potentialAction\":[{\"@type\":\"SearchAction\",\"target\":{\"@type\":\"EntryPoint\",\"urlTemplate\":\"https:\/\/velooutlets.com\/en\/?s={search_term_string}\"},\"query-input\":{\"@type\":\"PropertyValueSpecification\",\"valueRequired\":true,\"valueName\":\"search_term_string\"}}],\"inLanguage\":\"et\"}]}<\/script>\n<!-- \/ Yoast SEO plugin. -->","yoast_head_json":{"title":"Polar Sonic 26\" FS Disk Anthracite - Velo Outlets","robots":{"index":"index","follow":"follow","max-snippet":"max-snippet:-1","max-image-preview":"max-image-preview:large","max-video-preview":"max-video-preview:-1"},"canonical":"https:\/\/velooutlets.com\/et\/toode\/polar-sonic-26-fs-disk-anthracite\/","og_locale":"et_EE","og_type":"article","og_title":"Polar Sonic 26\" FS Disk Anthracite - Velo Outlets","og_description":"Polar Sonic FS Disk 26\u2033 Alu ir viegls un daudzpus\u012bgs kalnu tipa velosip\u0113ds ar amortiz\u0101ciju, kas paredz\u0113ts akt\u012bvai brauk\u0161anai gan pils\u0113t\u0101, gan uz nel\u012bdzeniem ce\u013ciem. Alum\u012bnija r\u0101mis nodro\u0161ina labu iztur\u012bbas un svara balansu, padarot velosip\u0113du viegl\u0101k vad\u0101mu un \u0113rt\u0101ku ikdienas lieto\u0161an\u0101. Priek\u0161\u0113j\u0101 amortiz\u0101cijas dak\u0161a pal\u012bdz absorb\u0113t triecienus un uzlabo kontroli uz grants vai me\u017ea tak\u0101m. [&hellip;]","og_url":"https:\/\/velooutlets.com\/et\/toode\/polar-sonic-26-fs-disk-anthracite\/","og_site_name":"Velo Outlets","article_modified_time":"2026-04-18T08:44:59+00:00","og_image":[{"width":1200,"height":870,"url":"https:\/\/velooutlets.com\/wp-content\/uploads\/2026\/02\/Velooutlets-Bernu-Velosipeds-Polar_99.png","type":"image\/png"}],"twitter_card":"summary_large_image","twitter_misc":{"Est. reading time":"1 minut"},"schema":{"@context":"https:\/\/schema.org","@graph":[{"@type":"WebPage","@id":"https:\/\/velooutlets.com\/products\/polar-sonic-26-fs-disk-anthracite\/","url":"https:\/\/velooutlets.com\/products\/polar-sonic-26-fs-disk-anthracite\/","name":"Polar Sonic 26\" FS Disk Anthracite - Velo Outlets","isPartOf":{"@id":"https:\/\/velooutlets.com\/en\/#website"},"primaryImageOfPage":{"@id":"https:\/\/velooutlets.com\/products\/polar-sonic-26-fs-disk-anthracite\/#primaryimage"},"image":{"@id":"https:\/\/velooutlets.com\/products\/polar-sonic-26-fs-disk-anthracite\/#primaryimage"},"thumbnailUrl":"https:\/\/velooutlets.com\/wp-content\/uploads\/2026\/02\/Velooutlets-Bernu-Velosipeds-Polar_99.png","datePublished":"2026-02-06T08:02:11+00:00","dateModified":"2026-04-18T08:44:59+00:00","breadcrumb":{"@id":"https:\/\/velooutlets.com\/products\/polar-sonic-26-fs-disk-anthracite\/#breadcrumb"},"inLanguage":"et","potentialAction":[{"@type":"ReadAction","target":["https:\/\/velooutlets.com\/products\/polar-sonic-26-fs-disk-anthracite\/"]}]},{"@type":"ImageObject","inLanguage":"et","@id":"https:\/\/velooutlets.com\/products\/polar-sonic-26-fs-disk-anthracite\/#primaryimage","url":"https:\/\/velooutlets.com\/wp-content\/uploads\/2026\/02\/Velooutlets-Bernu-Velosipeds-Polar_99.png","contentUrl":"https:\/\/velooutlets.com\/wp-content\/uploads\/2026\/02\/Velooutlets-Bernu-Velosipeds-Polar_99.png","width":1200,"height":870},{"@type":"BreadcrumbList","@id":"https:\/\/velooutlets.com\/products\/polar-sonic-26-fs-disk-anthracite\/#breadcrumb","itemListElement":[{"@type":"ListItem","position":1,"name":"Home","item":"https:\/\/velooutlets.com\/"},{"@type":"ListItem","position":2,"name":"Veikals","item":"https:\/\/velooutlets.com\/shop\/"},{"@type":"ListItem","position":3,"name":"Polar Sonic 26&#8243; FS Disk Anthracite"}]},{"@type":"WebSite","@id":"https:\/\/velooutlets.com\/en\/#website","url":"https:\/\/velooutlets.com\/en\/","name":"Velo Outlets","description":"Jalgrattad kogu perele","potentialAction":[{"@type":"SearchAction","target":{"@type":"EntryPoint","urlTemplate":"https:\/\/velooutlets.com\/en\/?s={search_term_string}"},"query-input":{"@type":"PropertyValueSpecification","valueRequired":true,"valueName":"search_term_string"}}],"inLanguage":"et"}]}},"jetpack_sharing_enabled":true,"_links":{"self":[{"href":"https:\/\/velooutlets.com\/et\/wp-json\/wp\/v2\/product\/31771","targetHints":{"allow":["GET"]}}],"collection":[{"href":"https:\/\/velooutlets.com\/et\/wp-json\/wp\/v2\/product"}],"about":[{"href":"https:\/\/velooutlets.com\/et\/wp-json\/wp\/v2\/types\/product"}],"wp:featuredmedia":[{"embeddable":true,"href":"https:\/\/velooutlets.com\/et\/wp-json\/wp\/v2\/media\/31770"}],"wp:attachment":[{"href":"https:\/\/velooutlets.com\/et\/wp-json\/wp\/v2\/media?parent=31771"}],"wp:term":[{"taxonomy":"product_brand","embeddable":true,"href":"https:\/\/velooutlets.com\/et\/wp-json\/wp\/v2\/product_brand?post=31771"},{"taxonomy":"product_cat","embeddable":true,"href":"https:\/\/velooutlets.com\/et\/wp-json\/wp\/v2\/product_cat?post=31771"},{"taxonomy":"product_tag","embeddable":true,"href":"https:\/\/velooutlets.com\/et\/wp-json\/wp\/v2\/product_tag?post=31771"}],"curies":[{"name":"wp","href":"https:\/\/api.w.org\/{rel}","templated":true}]}}