{"id":31775,"date":"2026-02-06T10:02:31","date_gmt":"2026-02-06T08:02:31","guid":{"rendered":"https:\/\/staging.velooutlets.com\/product\/polar-athena-forest-edge\/"},"modified":"2026-04-17T14:54:23","modified_gmt":"2026-04-17T11:54:23","slug":"polar-athena-forest-edge","status":"publish","type":"product","link":"https:\/\/velooutlets.com\/et\/toode\/polar-athena-forest-edge\/","title":{"rendered":"Polar Athena City Forest Edge 28&#8243;"},"content":{"rendered":"<div class=\"flex flex-col text-sm pb-25\">\n<article class=\"text-token-text-primary w-full focus:outline-none [--shadow-height:45px] has-data-writing-block:pointer-events-none has-data-writing-block:-mt-(--shadow-height) has-data-writing-block:pt-(--shadow-height) [&amp;:has([data-writing-block])&gt;*]:pointer-events-auto scroll-mt-[calc(var(--header-height)+min(200px,max(70px,20svh)))]\" dir=\"auto\" tabindex=\"-1\" data-turn-id=\"request-WEB:4e8e8491-639e-44ee-8e83-973a3a1ec5a8-74\" data-testid=\"conversation-turn-138\" data-scroll-anchor=\"true\" data-turn=\"assistant\">\n<div class=\"text-base my-auto mx-auto pb-10 [--thread-content-margin:var(--thread-content-margin-xs,calc(var(--spacing)*4))] @w-sm\/main:[--thread-content-margin:var(--thread-content-margin-sm,calc(var(--spacing)*6))] @w-lg\/main:[--thread-content-margin:var(--thread-content-margin-lg,calc(var(--spacing)*16))] px-(--thread-content-margin)\">\n<div class=\"[--thread-content-max-width:40rem] @w-lg\/main:[--thread-content-max-width:48rem] mx-auto max-w-(--thread-content-max-width) flex-1 group\/turn-messages focus-visible:outline-hidden relative flex w-full min-w-0 flex-col agent-turn\" tabindex=\"-1\">\n<div class=\"flex max-w-full flex-col gap-4 grow\">\n<div class=\"min-h-8 text-message relative flex w-full flex-col items-end gap-2 text-start break-words whitespace-normal [.text-message+&amp;]:mt-1\" dir=\"auto\" data-message-author-role=\"assistant\" data-message-id=\"f0e16977-2782-41a2-86af-4a785cc65538\" data-message-model-slug=\"gpt-5-mini\">\n<div class=\"flex w-full flex-col gap-1 empty:hidden\">\n<div class=\"markdown prose dark:prose-invert w-full wrap-break-word dark markdown-new-styling\">\n<p data-start=\"0\" data-end=\"473\">Sievie\u0161u velosip\u0113ds POLAR ATHENA Forest Edge ir veidots sieviet\u0113m, kuras v\u0113las apvienot komfortu, stilu un uzticam\u012bbu ikdienas un br\u012bv\u0101 laika braucieniem. Ar 28 collu rite\u0146iem un vieglu 6061 alum\u012bnija hidroform\u0113to r\u0101mi tas nodro\u0161ina stabilu un gludu brauk\u0161anu gan pils\u0113t\u0101, gan \u0101rpus t\u0101s. Velosip\u0113ds ir apr\u012bkots ar 21 \u0101trumu sist\u0113mu, izmantojot Shimano FD-TY500 priek\u0161\u0113jo un RD-TY300 aizmugur\u0113jo p\u0101rsl\u0113dz\u0113ju, kas \u013cauj viegli piel\u0101goties da\u017e\u0101diem ce\u013ca segumiem un reljefam.<\/p>\n<p data-start=\"475\" data-end=\"858\">Amortiz\u0113t\u0101 Zoom dak\u0161a uzlabo komfortu braucienos pa nel\u012bdzeniem ce\u013ciem, savuk\u0101rt V-brake alum\u012bnija bremzes priek\u0161\u0101 un aizmugur\u0113 garant\u0113 dro\u0161u un prec\u012bzu apst\u0101\u0161anos. Transmisijas sist\u0113ma ar t\u0113rauda klo\u0137iem, 42x34x24T zobratiem un KMC Z-50 \u0137\u0113di nodro\u0161ina uzticamu jaudas p\u0101rnesi, bet alum\u012bnija dubultsienu Beretta aploces un \u0101tro atbr\u012bvo\u0161anu pied\u0101v\u0101 \u0113rtu rite\u0146a mont\u0101\u017eu un demont\u0101\u017eu.<\/p>\n<p data-start=\"860\" data-end=\"1315\" data-is-last-node=\"\" data-is-only-node=\"\">Velosip\u0113da ergonomiskie elementi, tostarp Hermans Ergo 120 st\u016bres rokturi, regul\u0113jams alum\u012bnija st\u016bres iznesums un P:Lab Trekking Lady s\u0113deklis ar alum\u012bnija stuti, nodro\u0161ina \u0113rtu st\u0101ju pat gar\u0101kos braucienos. Papildapr\u012bkojums, piem\u0113ram, velostat\u012bvs un zvani\u0146\u0161, padara POLAR ATHENA Forest Edge praktisku un gatavu ikdienas lieto\u0161anai. \u0160is sievie\u0161u kalnu velosip\u0113ds ir ide\u0101la izv\u0113le tiem, kas mekl\u0113 kombin\u0101ciju starp komfortu, veiktsp\u0113ju un modernu dizainu.<\/p>\n<\/div>\n<\/div>\n<\/div>\n<\/div>\n<\/div>\n<\/div>\n<\/article>\n<\/div>\n","protected":false},"excerpt":{"rendered":"<p>Sievie\u0161u velosip\u0113ds POLAR ATHENA Forest Edge ir veidots sieviet\u0113m, kuras v\u0113las apvienot komfortu, stilu un uzticam\u012bbu ikdienas un br\u012bv\u0101 laika braucieniem. Ar 28 collu rite\u0146iem un vieglu 6061 alum\u012bnija hidroform\u0113to r\u0101mi tas nodro\u0161ina stabilu un gludu brauk\u0161anu gan pils\u0113t\u0101, gan \u0101rpus t\u0101s. Velosip\u0113ds ir apr\u012bkots ar 21 \u0101trumu sist\u0113mu, izmantojot Shimano FD-TY500 priek\u0161\u0113jo un RD-TY300 [&hellip;]<\/p>\n","protected":false},"featured_media":33158,"template":"","meta":{"_monsterinsights_skip_tracking":false,"_monsterinsights_sitenote_active":false,"_monsterinsights_sitenote_note":"","_monsterinsights_sitenote_category":0,"_iconic_wsb_product_page_order_bump_ids":[[]],"_sku":[],"_iconic_wsb_product_page_bump_modal_ids":[[]]},"product_brand":[871],"product_cat":[1032,1068,1127],"product_tag":[],"class_list":{"0":"post-31775","1":"product","2":"type-product","3":"status-publish","4":"has-post-thumbnail","6":"product_brand-polar","7":"product_cat-pilsetas-velosipedi","8":"product_cat-sieviesu-velosipedi","9":"product_cat-velosipedi","10":"product_shipping_class-pieauguso-velosipedi","12":"first","13":"instock","14":"sale","15":"taxable","16":"shipping-taxable","17":"purchasable","18":"product-type-variable","19":"wvs-archive-product-wrapper"},"yoast_head":"<!-- This site is optimized with the Yoast SEO plugin v27.2 - https:\/\/yoast.com\/product\/yoast-seo-wordpress\/ -->\n<title>Polar Athena City Forest Edge 28&quot; - Velo Outlets<\/title>\n<meta name=\"robots\" content=\"index, follow, max-snippet:-1, max-image-preview:large, max-video-preview:-1\" \/>\n<link rel=\"canonical\" href=\"https:\/\/velooutlets.com\/et\/toode\/polar-athena-forest-edge\/\" \/>\n<meta property=\"og:locale\" content=\"et_EE\" \/>\n<meta property=\"og:type\" content=\"article\" \/>\n<meta property=\"og:title\" content=\"Polar Athena City Forest Edge 28&quot; - Velo Outlets\" \/>\n<meta property=\"og:description\" content=\"Sievie\u0161u velosip\u0113ds POLAR ATHENA Forest Edge ir veidots sieviet\u0113m, kuras v\u0113las apvienot komfortu, stilu un uzticam\u012bbu ikdienas un br\u012bv\u0101 laika braucieniem. Ar 28 collu rite\u0146iem un vieglu 6061 alum\u012bnija hidroform\u0113to r\u0101mi tas nodro\u0161ina stabilu un gludu brauk\u0161anu gan pils\u0113t\u0101, gan \u0101rpus t\u0101s. Velosip\u0113ds ir apr\u012bkots ar 21 \u0101trumu sist\u0113mu, izmantojot Shimano FD-TY500 priek\u0161\u0113jo un RD-TY300 [&hellip;]\" \/>\n<meta property=\"og:url\" content=\"https:\/\/velooutlets.com\/et\/toode\/polar-athena-forest-edge\/\" \/>\n<meta property=\"og:site_name\" content=\"Velo Outlets\" \/>\n<meta property=\"article:modified_time\" content=\"2026-04-17T11:54:23+00:00\" \/>\n<meta property=\"og:image\" content=\"https:\/\/velooutlets.com\/wp-content\/uploads\/2026\/02\/Velooutlets-Bernu-Velosipeds-Polar_100-1.png\" \/>\n\t<meta property=\"og:image:width\" content=\"1200\" \/>\n\t<meta property=\"og:image:height\" content=\"870\" \/>\n\t<meta property=\"og:image:type\" content=\"image\/png\" \/>\n<meta name=\"twitter:card\" content=\"summary_large_image\" \/>\n<meta name=\"twitter:label1\" content=\"Est. reading time\" \/>\n\t<meta name=\"twitter:data1\" content=\"1 minut\" \/>\n<script type=\"application\/ld+json\" class=\"yoast-schema-graph\">{\"@context\":\"https:\/\/schema.org\",\"@graph\":[{\"@type\":\"WebPage\",\"@id\":\"https:\/\/velooutlets.com\/products\/polar-athena-forest-edge\/\",\"url\":\"https:\/\/velooutlets.com\/products\/polar-athena-forest-edge\/\",\"name\":\"Polar Athena City Forest Edge 28\\\" - Velo Outlets\",\"isPartOf\":{\"@id\":\"https:\/\/velooutlets.com\/en\/#website\"},\"primaryImageOfPage\":{\"@id\":\"https:\/\/velooutlets.com\/products\/polar-athena-forest-edge\/#primaryimage\"},\"image\":{\"@id\":\"https:\/\/velooutlets.com\/products\/polar-athena-forest-edge\/#primaryimage\"},\"thumbnailUrl\":\"https:\/\/velooutlets.com\/wp-content\/uploads\/2026\/02\/Velooutlets-Bernu-Velosipeds-Polar_100-1.png\",\"datePublished\":\"2026-02-06T08:02:31+00:00\",\"dateModified\":\"2026-04-17T11:54:23+00:00\",\"breadcrumb\":{\"@id\":\"https:\/\/velooutlets.com\/products\/polar-athena-forest-edge\/#breadcrumb\"},\"inLanguage\":\"et\",\"potentialAction\":[{\"@type\":\"ReadAction\",\"target\":[\"https:\/\/velooutlets.com\/products\/polar-athena-forest-edge\/\"]}]},{\"@type\":\"ImageObject\",\"inLanguage\":\"et\",\"@id\":\"https:\/\/velooutlets.com\/products\/polar-athena-forest-edge\/#primaryimage\",\"url\":\"https:\/\/velooutlets.com\/wp-content\/uploads\/2026\/02\/Velooutlets-Bernu-Velosipeds-Polar_100-1.png\",\"contentUrl\":\"https:\/\/velooutlets.com\/wp-content\/uploads\/2026\/02\/Velooutlets-Bernu-Velosipeds-Polar_100-1.png\",\"width\":1200,\"height\":870},{\"@type\":\"BreadcrumbList\",\"@id\":\"https:\/\/velooutlets.com\/products\/polar-athena-forest-edge\/#breadcrumb\",\"itemListElement\":[{\"@type\":\"ListItem\",\"position\":1,\"name\":\"Home\",\"item\":\"https:\/\/velooutlets.com\/\"},{\"@type\":\"ListItem\",\"position\":2,\"name\":\"Veikals\",\"item\":\"https:\/\/velooutlets.com\/shop\/\"},{\"@type\":\"ListItem\",\"position\":3,\"name\":\"Polar Athena City Forest Edge 28&#8243;\"}]},{\"@type\":\"WebSite\",\"@id\":\"https:\/\/velooutlets.com\/en\/#website\",\"url\":\"https:\/\/velooutlets.com\/en\/\",\"name\":\"Velo Outlets\",\"description\":\"Velosip\u0113di visai \u0123imenei\",\"potentialAction\":[{\"@type\":\"SearchAction\",\"target\":{\"@type\":\"EntryPoint\",\"urlTemplate\":\"https:\/\/velooutlets.com\/en\/?s={search_term_string}\"},\"query-input\":{\"@type\":\"PropertyValueSpecification\",\"valueRequired\":true,\"valueName\":\"search_term_string\"}}],\"inLanguage\":\"et\"}]}<\/script>\n<!-- \/ Yoast SEO plugin. -->","yoast_head_json":{"title":"Polar Athena City Forest Edge 28\" - Velo Outlets","robots":{"index":"index","follow":"follow","max-snippet":"max-snippet:-1","max-image-preview":"max-image-preview:large","max-video-preview":"max-video-preview:-1"},"canonical":"https:\/\/velooutlets.com\/et\/toode\/polar-athena-forest-edge\/","og_locale":"et_EE","og_type":"article","og_title":"Polar Athena City Forest Edge 28\" - Velo Outlets","og_description":"Sievie\u0161u velosip\u0113ds POLAR ATHENA Forest Edge ir veidots sieviet\u0113m, kuras v\u0113las apvienot komfortu, stilu un uzticam\u012bbu ikdienas un br\u012bv\u0101 laika braucieniem. Ar 28 collu rite\u0146iem un vieglu 6061 alum\u012bnija hidroform\u0113to r\u0101mi tas nodro\u0161ina stabilu un gludu brauk\u0161anu gan pils\u0113t\u0101, gan \u0101rpus t\u0101s. Velosip\u0113ds ir apr\u012bkots ar 21 \u0101trumu sist\u0113mu, izmantojot Shimano FD-TY500 priek\u0161\u0113jo un RD-TY300 [&hellip;]","og_url":"https:\/\/velooutlets.com\/et\/toode\/polar-athena-forest-edge\/","og_site_name":"Velo Outlets","article_modified_time":"2026-04-17T11:54:23+00:00","og_image":[{"width":1200,"height":870,"url":"https:\/\/velooutlets.com\/wp-content\/uploads\/2026\/02\/Velooutlets-Bernu-Velosipeds-Polar_100-1.png","type":"image\/png"}],"twitter_card":"summary_large_image","twitter_misc":{"Est. reading time":"1 minut"},"schema":{"@context":"https:\/\/schema.org","@graph":[{"@type":"WebPage","@id":"https:\/\/velooutlets.com\/products\/polar-athena-forest-edge\/","url":"https:\/\/velooutlets.com\/products\/polar-athena-forest-edge\/","name":"Polar Athena City Forest Edge 28\" - Velo Outlets","isPartOf":{"@id":"https:\/\/velooutlets.com\/en\/#website"},"primaryImageOfPage":{"@id":"https:\/\/velooutlets.com\/products\/polar-athena-forest-edge\/#primaryimage"},"image":{"@id":"https:\/\/velooutlets.com\/products\/polar-athena-forest-edge\/#primaryimage"},"thumbnailUrl":"https:\/\/velooutlets.com\/wp-content\/uploads\/2026\/02\/Velooutlets-Bernu-Velosipeds-Polar_100-1.png","datePublished":"2026-02-06T08:02:31+00:00","dateModified":"2026-04-17T11:54:23+00:00","breadcrumb":{"@id":"https:\/\/velooutlets.com\/products\/polar-athena-forest-edge\/#breadcrumb"},"inLanguage":"et","potentialAction":[{"@type":"ReadAction","target":["https:\/\/velooutlets.com\/products\/polar-athena-forest-edge\/"]}]},{"@type":"ImageObject","inLanguage":"et","@id":"https:\/\/velooutlets.com\/products\/polar-athena-forest-edge\/#primaryimage","url":"https:\/\/velooutlets.com\/wp-content\/uploads\/2026\/02\/Velooutlets-Bernu-Velosipeds-Polar_100-1.png","contentUrl":"https:\/\/velooutlets.com\/wp-content\/uploads\/2026\/02\/Velooutlets-Bernu-Velosipeds-Polar_100-1.png","width":1200,"height":870},{"@type":"BreadcrumbList","@id":"https:\/\/velooutlets.com\/products\/polar-athena-forest-edge\/#breadcrumb","itemListElement":[{"@type":"ListItem","position":1,"name":"Home","item":"https:\/\/velooutlets.com\/"},{"@type":"ListItem","position":2,"name":"Veikals","item":"https:\/\/velooutlets.com\/shop\/"},{"@type":"ListItem","position":3,"name":"Polar Athena City Forest Edge 28&#8243;"}]},{"@type":"WebSite","@id":"https:\/\/velooutlets.com\/en\/#website","url":"https:\/\/velooutlets.com\/en\/","name":"Velo Outlets","description":"Jalgrattad kogu perele","potentialAction":[{"@type":"SearchAction","target":{"@type":"EntryPoint","urlTemplate":"https:\/\/velooutlets.com\/en\/?s={search_term_string}"},"query-input":{"@type":"PropertyValueSpecification","valueRequired":true,"valueName":"search_term_string"}}],"inLanguage":"et"}]}},"jetpack_sharing_enabled":true,"_links":{"self":[{"href":"https:\/\/velooutlets.com\/et\/wp-json\/wp\/v2\/product\/31775","targetHints":{"allow":["GET"]}}],"collection":[{"href":"https:\/\/velooutlets.com\/et\/wp-json\/wp\/v2\/product"}],"about":[{"href":"https:\/\/velooutlets.com\/et\/wp-json\/wp\/v2\/types\/product"}],"wp:featuredmedia":[{"embeddable":true,"href":"https:\/\/velooutlets.com\/et\/wp-json\/wp\/v2\/media\/33158"}],"wp:attachment":[{"href":"https:\/\/velooutlets.com\/et\/wp-json\/wp\/v2\/media?parent=31775"}],"wp:term":[{"taxonomy":"product_brand","embeddable":true,"href":"https:\/\/velooutlets.com\/et\/wp-json\/wp\/v2\/product_brand?post=31775"},{"taxonomy":"product_cat","embeddable":true,"href":"https:\/\/velooutlets.com\/et\/wp-json\/wp\/v2\/product_cat?post=31775"},{"taxonomy":"product_tag","embeddable":true,"href":"https:\/\/velooutlets.com\/et\/wp-json\/wp\/v2\/product_tag?post=31775"}],"curies":[{"name":"wp","href":"https:\/\/api.w.org\/{rel}","templated":true}]}}