{"id":32157,"date":"2026-02-06T10:56:21","date_gmt":"2026-02-06T08:56:21","guid":{"rendered":"https:\/\/staging.velooutlets.com\/product\/engwe-ep-2-pro-elektriskais-velosipeds\/"},"modified":"2026-04-16T14:39:22","modified_gmt":"2026-04-16T11:39:22","slug":"engwe-ep-2-pro-elektriskais-velosipeds","status":"publish","type":"product","link":"https:\/\/velooutlets.com\/et\/toode\/engwe-ep-2-pro-elektriskais-velosipeds\/","title":{"rendered":"ENGWE EP-2 Pro Elektriskais Velosip\u0113ds"},"content":{"rendered":"<p>ENGWE EP-2 Pro Electric Bike on v\u00f5imas ja mitmek\u00fclgne fatbike, mis sobib nii linnat\u00e4navatel kui ka maastikul seiklemiseks. T\u00e4nu 750 W mootorile pakub see v\u00f5imsat veoj\u00f5udu, mist\u00f5ttu on lihtne toime tulla m\u00e4giste marsruutide v\u00f5i pikemate s\u00f5itudega. Jalgratas on varustatud 48V 13Ah vahetatava akuga, mis pakub kuni 50-60 km l\u00e4bitavust t\u00e4iselektrilises re\u017eiimis ja kuni 80-100 km pedaalide abiga (PAS), pakkudes paindlikku kasutamist erinevates tingimustes.<\/p>\n<p>ENGWE EP-2 Pro on varustatud vastupidava 20 x 4,0-tollise maastikurehviga, mis pakub suurep\u00e4rast stabiilsust ja haarduvust nii asfalteeritud teel, liival kui ka lumel. Kolmetasandilise kokkupandava alumiiniumraami t\u00f5ttu on e-ratast lihtne transportida ja hoiustada, samas kui reguleeritava LCD-ekraaniga juhtimisseadmed ja p\u00fcsikiiruse hoidja tagavad mugava ja selge s\u00f5idukogemuse.<\/p>\n<p>Sellel elektrilisel fatbike'il on 7-k\u00e4iguline s\u00fcsteem ja Tektro mehaanilised ketaspidurid, mis tagavad t\u00e4psed k\u00e4iguvahetused ja turvalise peatumise k\u00f5ikides teeoludes. ENGWE EP-2 Pro \u00fchendab endas v\u00f5imsuse, mugavuse ja praktilisuse, mist\u00f5ttu on see ideaalne valik igap\u00e4evaseks pendeldamiseks, v\u00e4liseiklusteks ja pikemateks s\u00f5itudeks.<\/p>","protected":false},"excerpt":{"rendered":"<p>ENGWE EP-2 Pro Elektriskais Velosip\u0113ds ir jaud\u012bgs un daudzpus\u012bgs fatbike, kas piem\u0113rots gan pils\u0113tas iel\u0101m, gan bezce\u013cu piedz\u012bvojumiem. Ar 750 W motoru tas nodro\u0161ina sp\u0113c\u012bgu vilkmi, \u013caujot \u0113rti p\u0101rvar\u0113t kalnainus mar\u0161rutus vai ilg\u0101kus braucienus. Velosip\u0113ds apr\u012bkots ar 48V 13Ah no\u0146emamu akumulatoru, kas pied\u0101v\u0101 nobraucam\u012bbu l\u012bdz 50\u201360 km piln\u012bb\u0101 elektriskaj\u0101 re\u017e\u012bm\u0101 un l\u012bdz 80\u2013100 km, izmantojot [&hellip;]<\/p>\n","protected":false},"featured_media":33161,"template":"","meta":{"_monsterinsights_skip_tracking":false,"_monsterinsights_sitenote_active":false,"_monsterinsights_sitenote_note":"","_monsterinsights_sitenote_category":0,"_iconic_wsb_product_page_order_bump_ids":[[]],"_sku":["6975639440005"],"_iconic_wsb_product_page_bump_modal_ids":[[]]},"product_brand":[1628],"product_cat":[963,1127],"product_tag":[],"class_list":{"0":"post-32157","1":"product","2":"type-product","3":"status-publish","4":"has-post-thumbnail","6":"product_brand-engwe","7":"product_cat-elektro-velosipedi","8":"product_cat-velosipedi","9":"product_shipping_class-elektro-velosipedi","10":"pa_ramja-izmers-uni","12":"first","13":"instock","14":"sale","15":"taxable","16":"shipping-taxable","17":"purchasable","18":"product-type-simple"},"yoast_head":"<!-- This site is optimized with the Yoast SEO plugin v27.2 - https:\/\/yoast.com\/product\/yoast-seo-wordpress\/ -->\n<title>ENGWE EP-2 Pro Elektriskais Velosip\u0113ds<\/title>\n<meta name=\"robots\" content=\"index, follow, max-snippet:-1, max-image-preview:large, max-video-preview:-1\" \/>\n<link rel=\"canonical\" href=\"https:\/\/velooutlets.com\/et\/toode\/engwe-ep-2-pro-elektriskais-velosipeds\/\" \/>\n<meta property=\"og:locale\" content=\"et_EE\" \/>\n<meta property=\"og:type\" content=\"article\" \/>\n<meta property=\"og:title\" content=\"ENGWE EP-2 Pro Elektriskais Velosip\u0113ds\" \/>\n<meta property=\"og:description\" content=\"ENGWE EP-2 Pro Elektriskais Velosip\u0113ds ir jaud\u012bgs un daudzpus\u012bgs fatbike, kas piem\u0113rots gan pils\u0113tas iel\u0101m, gan bezce\u013cu piedz\u012bvojumiem. Ar 750 W motoru tas nodro\u0161ina sp\u0113c\u012bgu vilkmi, \u013caujot \u0113rti p\u0101rvar\u0113t kalnainus mar\u0161rutus vai ilg\u0101kus braucienus. Velosip\u0113ds apr\u012bkots ar 48V 13Ah no\u0146emamu akumulatoru, kas pied\u0101v\u0101 nobraucam\u012bbu l\u012bdz 50\u201360 km piln\u012bb\u0101 elektriskaj\u0101 re\u017e\u012bm\u0101 un l\u012bdz 80\u2013100 km, izmantojot [&hellip;]\" \/>\n<meta property=\"og:url\" content=\"https:\/\/velooutlets.com\/et\/toode\/engwe-ep-2-pro-elektriskais-velosipeds\/\" \/>\n<meta property=\"og:site_name\" content=\"Velo Outlets\" \/>\n<meta property=\"article:modified_time\" content=\"2026-04-16T11:39:22+00:00\" \/>\n<meta property=\"og:image\" content=\"https:\/\/velooutlets.com\/wp-content\/uploads\/2026\/02\/EP-2_Grey_pic-2_WEBP_sqaure_1.png\" \/>\n\t<meta property=\"og:image:width\" content=\"1080\" \/>\n\t<meta property=\"og:image:height\" content=\"1080\" \/>\n\t<meta property=\"og:image:type\" content=\"image\/png\" \/>\n<meta name=\"twitter:card\" content=\"summary_large_image\" \/>\n<meta name=\"twitter:label1\" content=\"Est. reading time\" \/>\n\t<meta name=\"twitter:data1\" content=\"1 minut\" \/>\n<script type=\"application\/ld+json\" class=\"yoast-schema-graph\">{\"@context\":\"https:\/\/schema.org\",\"@graph\":[{\"@type\":\"WebPage\",\"@id\":\"https:\/\/velooutlets.com\/products\/engwe-ep-2-pro-elektriskais-velosipeds\/\",\"url\":\"https:\/\/velooutlets.com\/products\/engwe-ep-2-pro-elektriskais-velosipeds\/\",\"name\":\"ENGWE EP-2 Pro Elektriskais Velosip\u0113ds\",\"isPartOf\":{\"@id\":\"https:\/\/velooutlets.com\/en\/#website\"},\"primaryImageOfPage\":{\"@id\":\"https:\/\/velooutlets.com\/products\/engwe-ep-2-pro-elektriskais-velosipeds\/#primaryimage\"},\"image\":{\"@id\":\"https:\/\/velooutlets.com\/products\/engwe-ep-2-pro-elektriskais-velosipeds\/#primaryimage\"},\"thumbnailUrl\":\"https:\/\/velooutlets.com\/wp-content\/uploads\/2026\/02\/EP-2_Grey_pic-2_WEBP_sqaure_1.png\",\"datePublished\":\"2026-02-06T08:56:21+00:00\",\"dateModified\":\"2026-04-16T11:39:22+00:00\",\"breadcrumb\":{\"@id\":\"https:\/\/velooutlets.com\/products\/engwe-ep-2-pro-elektriskais-velosipeds\/#breadcrumb\"},\"inLanguage\":\"et\",\"potentialAction\":[{\"@type\":\"ReadAction\",\"target\":[\"https:\/\/velooutlets.com\/products\/engwe-ep-2-pro-elektriskais-velosipeds\/\"]}]},{\"@type\":\"ImageObject\",\"inLanguage\":\"et\",\"@id\":\"https:\/\/velooutlets.com\/products\/engwe-ep-2-pro-elektriskais-velosipeds\/#primaryimage\",\"url\":\"https:\/\/velooutlets.com\/wp-content\/uploads\/2026\/02\/EP-2_Grey_pic-2_WEBP_sqaure_1.png\",\"contentUrl\":\"https:\/\/velooutlets.com\/wp-content\/uploads\/2026\/02\/EP-2_Grey_pic-2_WEBP_sqaure_1.png\",\"width\":1080,\"height\":1080},{\"@type\":\"BreadcrumbList\",\"@id\":\"https:\/\/velooutlets.com\/products\/engwe-ep-2-pro-elektriskais-velosipeds\/#breadcrumb\",\"itemListElement\":[{\"@type\":\"ListItem\",\"position\":1,\"name\":\"Home\",\"item\":\"https:\/\/velooutlets.com\/\"},{\"@type\":\"ListItem\",\"position\":2,\"name\":\"Veikals\",\"item\":\"https:\/\/velooutlets.com\/shop\/\"},{\"@type\":\"ListItem\",\"position\":3,\"name\":\"ENGWE EP-2 Pro Elektriskais Velosip\u0113ds\"}]},{\"@type\":\"WebSite\",\"@id\":\"https:\/\/velooutlets.com\/en\/#website\",\"url\":\"https:\/\/velooutlets.com\/en\/\",\"name\":\"Velo Outlets\",\"description\":\"Velosip\u0113di visai \u0123imenei\",\"potentialAction\":[{\"@type\":\"SearchAction\",\"target\":{\"@type\":\"EntryPoint\",\"urlTemplate\":\"https:\/\/velooutlets.com\/en\/?s={search_term_string}\"},\"query-input\":{\"@type\":\"PropertyValueSpecification\",\"valueRequired\":true,\"valueName\":\"search_term_string\"}}],\"inLanguage\":\"et\"}]}<\/script>\n<!-- \/ Yoast SEO plugin. -->","yoast_head_json":{"title":"ENGWE EP-2 Pro Elektriskais Velosip\u0113ds","robots":{"index":"index","follow":"follow","max-snippet":"max-snippet:-1","max-image-preview":"max-image-preview:large","max-video-preview":"max-video-preview:-1"},"canonical":"https:\/\/velooutlets.com\/et\/toode\/engwe-ep-2-pro-elektriskais-velosipeds\/","og_locale":"et_EE","og_type":"article","og_title":"ENGWE EP-2 Pro Elektriskais Velosip\u0113ds","og_description":"ENGWE EP-2 Pro Elektriskais Velosip\u0113ds ir jaud\u012bgs un daudzpus\u012bgs fatbike, kas piem\u0113rots gan pils\u0113tas iel\u0101m, gan bezce\u013cu piedz\u012bvojumiem. Ar 750 W motoru tas nodro\u0161ina sp\u0113c\u012bgu vilkmi, \u013caujot \u0113rti p\u0101rvar\u0113t kalnainus mar\u0161rutus vai ilg\u0101kus braucienus. Velosip\u0113ds apr\u012bkots ar 48V 13Ah no\u0146emamu akumulatoru, kas pied\u0101v\u0101 nobraucam\u012bbu l\u012bdz 50\u201360 km piln\u012bb\u0101 elektriskaj\u0101 re\u017e\u012bm\u0101 un l\u012bdz 80\u2013100 km, izmantojot [&hellip;]","og_url":"https:\/\/velooutlets.com\/et\/toode\/engwe-ep-2-pro-elektriskais-velosipeds\/","og_site_name":"Velo Outlets","article_modified_time":"2026-04-16T11:39:22+00:00","og_image":[{"width":1080,"height":1080,"url":"https:\/\/velooutlets.com\/wp-content\/uploads\/2026\/02\/EP-2_Grey_pic-2_WEBP_sqaure_1.png","type":"image\/png"}],"twitter_card":"summary_large_image","twitter_misc":{"Est. reading time":"1 minut"},"schema":{"@context":"https:\/\/schema.org","@graph":[{"@type":"WebPage","@id":"https:\/\/velooutlets.com\/products\/engwe-ep-2-pro-elektriskais-velosipeds\/","url":"https:\/\/velooutlets.com\/products\/engwe-ep-2-pro-elektriskais-velosipeds\/","name":"ENGWE EP-2 Pro Elektriskais Velosip\u0113ds","isPartOf":{"@id":"https:\/\/velooutlets.com\/en\/#website"},"primaryImageOfPage":{"@id":"https:\/\/velooutlets.com\/products\/engwe-ep-2-pro-elektriskais-velosipeds\/#primaryimage"},"image":{"@id":"https:\/\/velooutlets.com\/products\/engwe-ep-2-pro-elektriskais-velosipeds\/#primaryimage"},"thumbnailUrl":"https:\/\/velooutlets.com\/wp-content\/uploads\/2026\/02\/EP-2_Grey_pic-2_WEBP_sqaure_1.png","datePublished":"2026-02-06T08:56:21+00:00","dateModified":"2026-04-16T11:39:22+00:00","breadcrumb":{"@id":"https:\/\/velooutlets.com\/products\/engwe-ep-2-pro-elektriskais-velosipeds\/#breadcrumb"},"inLanguage":"et","potentialAction":[{"@type":"ReadAction","target":["https:\/\/velooutlets.com\/products\/engwe-ep-2-pro-elektriskais-velosipeds\/"]}]},{"@type":"ImageObject","inLanguage":"et","@id":"https:\/\/velooutlets.com\/products\/engwe-ep-2-pro-elektriskais-velosipeds\/#primaryimage","url":"https:\/\/velooutlets.com\/wp-content\/uploads\/2026\/02\/EP-2_Grey_pic-2_WEBP_sqaure_1.png","contentUrl":"https:\/\/velooutlets.com\/wp-content\/uploads\/2026\/02\/EP-2_Grey_pic-2_WEBP_sqaure_1.png","width":1080,"height":1080},{"@type":"BreadcrumbList","@id":"https:\/\/velooutlets.com\/products\/engwe-ep-2-pro-elektriskais-velosipeds\/#breadcrumb","itemListElement":[{"@type":"ListItem","position":1,"name":"Home","item":"https:\/\/velooutlets.com\/"},{"@type":"ListItem","position":2,"name":"Veikals","item":"https:\/\/velooutlets.com\/shop\/"},{"@type":"ListItem","position":3,"name":"ENGWE EP-2 Pro Elektriskais Velosip\u0113ds"}]},{"@type":"WebSite","@id":"https:\/\/velooutlets.com\/en\/#website","url":"https:\/\/velooutlets.com\/en\/","name":"Velo Outlets","description":"Jalgrattad kogu perele","potentialAction":[{"@type":"SearchAction","target":{"@type":"EntryPoint","urlTemplate":"https:\/\/velooutlets.com\/en\/?s={search_term_string}"},"query-input":{"@type":"PropertyValueSpecification","valueRequired":true,"valueName":"search_term_string"}}],"inLanguage":"et"}]}},"jetpack_sharing_enabled":true,"_links":{"self":[{"href":"https:\/\/velooutlets.com\/et\/wp-json\/wp\/v2\/product\/32157","targetHints":{"allow":["GET"]}}],"collection":[{"href":"https:\/\/velooutlets.com\/et\/wp-json\/wp\/v2\/product"}],"about":[{"href":"https:\/\/velooutlets.com\/et\/wp-json\/wp\/v2\/types\/product"}],"wp:featuredmedia":[{"embeddable":true,"href":"https:\/\/velooutlets.com\/et\/wp-json\/wp\/v2\/media\/33161"}],"wp:attachment":[{"href":"https:\/\/velooutlets.com\/et\/wp-json\/wp\/v2\/media?parent=32157"}],"wp:term":[{"taxonomy":"product_brand","embeddable":true,"href":"https:\/\/velooutlets.com\/et\/wp-json\/wp\/v2\/product_brand?post=32157"},{"taxonomy":"product_cat","embeddable":true,"href":"https:\/\/velooutlets.com\/et\/wp-json\/wp\/v2\/product_cat?post=32157"},{"taxonomy":"product_tag","embeddable":true,"href":"https:\/\/velooutlets.com\/et\/wp-json\/wp\/v2\/product_tag?post=32157"}],"curies":[{"name":"wp","href":"https:\/\/api.w.org\/{rel}","templated":true}]}}