{"id":32731,"date":"2026-02-06T11:53:06","date_gmt":"2026-02-06T09:53:06","guid":{"rendered":"https:\/\/staging.velooutlets.com\/product\/engwe-p1-e-bike-20-white\/"},"modified":"2026-04-16T14:39:33","modified_gmt":"2026-04-16T11:39:33","slug":"engwe-p1-e-bike-20-white","status":"publish","type":"product","link":"https:\/\/velooutlets.com\/et\/toode\/engwe-p1-e-bike-20-white\/","title":{"rendered":"Engwe P1 E-Bike 20&#8243; White"},"content":{"rendered":"<p>Engwe P1 Electric 20\u2033 White on kokkupandav elektriline jalgratas, mis on m\u00f5eldud mugavaks igap\u00e4evaseks liikuvuseks ja lihtsaks transpordiks. Kerge alumiiniumraam ja 20\u2033 rattad muudavad selle kompaktseks ja h\u00f5lpsasti transporditavaks, samas kui esivedrustus tagab mugavuse t\u00e4naval, k\u00f5nniteel v\u00f5i ebatasastel linnateedel s\u00f5itmisel.<\/p>\n<p>Jalgratta j\u00f5uallikaks on 250 W mootor 40 Nm p\u00f6\u00f6rdemomendiga ja 468 Wh aku, mis pakub piisavalt j\u00f5udu, et muretult pikemaid marsruute l\u00e4bida. Shimano Tourney 7-k\u00e4iguline vahetuss\u00fcsteem v\u00f5imaldab kohandada kiirust erinevate maastikutingimustega, samas kui 160 mm rootoritega mehaanilised ketaspidurid tagavad turvalise peatumise k\u00f5ikides tingimustes.<\/p>\n<p>Engwe P1 on ideaalne lahendus linnas\u00f5itudeks, pakkudes kompaktset disaini, kerget elektriajamit ja lihtsat k\u00e4sitsemist. T\u00e4nu kokkupandavale konstruktsioonile sobib see e-jalgratas eriti h\u00e4sti neile, kes soovivad praktilist, usaldusv\u00e4\u00e4rset ja h\u00f5lpsasti hoiustatavat s\u00f5idukit oma igap\u00e4evaste vajaduste rahuldamiseks.<\/p>","protected":false},"excerpt":{"rendered":"<p>Engwe P1 Electric 20&#8243; White ir saliekams pils\u0113tas elektriskais velosip\u0113ds, kas rad\u012bts \u0113rtai ikdienas mobilit\u0101tei un vienk\u0101r\u0161ai transport\u0113\u0161anai. Viegls alum\u012bnija r\u0101mis un 20 collu rite\u0146i padara to kompaktu un viegli p\u0101rn\u0113s\u0101jamu, savuk\u0101rt priek\u0161\u0113j\u0101 amortiz\u0101cija nodro\u0161ina komfortu braucot pa iel\u0101m, bru\u0123i vai nel\u012bdzeniem pils\u0113tas ce\u013ciem. Velosip\u0113du darbina 250 W motors ar 40 Nm griezes momentu un [&hellip;]<\/p>\n","protected":false},"featured_media":33230,"template":"","meta":{"_monsterinsights_skip_tracking":false,"_monsterinsights_sitenote_active":false,"_monsterinsights_sitenote_note":"","_monsterinsights_sitenote_category":0,"_iconic_wsb_product_page_order_bump_ids":[[]],"_sku":["7770001061272"],"_iconic_wsb_product_page_bump_modal_ids":[[]]},"product_brand":[1628],"product_cat":[963,1127],"product_tag":[],"class_list":{"0":"post-32731","1":"product","2":"type-product","3":"status-publish","4":"has-post-thumbnail","6":"product_brand-engwe","7":"product_cat-elektro-velosipedi","8":"product_cat-velosipedi","9":"product_shipping_class-elektro-velosipedi","10":"pa_ramja-izmers-uni","12":"first","13":"instock","14":"sale","15":"taxable","16":"shipping-taxable","17":"purchasable","18":"product-type-simple"},"yoast_head":"<!-- This site is optimized with the Yoast SEO plugin v27.2 - https:\/\/yoast.com\/product\/yoast-seo-wordpress\/ -->\n<title>Engwe P1 E-Bike 20&quot; White - Velo Outlets<\/title>\n<meta name=\"robots\" content=\"index, follow, max-snippet:-1, max-image-preview:large, max-video-preview:-1\" \/>\n<link rel=\"canonical\" href=\"https:\/\/velooutlets.com\/et\/toode\/engwe-p1-e-bike-20-white\/\" \/>\n<meta property=\"og:locale\" content=\"et_EE\" \/>\n<meta property=\"og:type\" content=\"article\" \/>\n<meta property=\"og:title\" content=\"Engwe P1 E-Bike 20&quot; White - Velo Outlets\" \/>\n<meta property=\"og:description\" content=\"Engwe P1 Electric 20&#8243; White ir saliekams pils\u0113tas elektriskais velosip\u0113ds, kas rad\u012bts \u0113rtai ikdienas mobilit\u0101tei un vienk\u0101r\u0161ai transport\u0113\u0161anai. Viegls alum\u012bnija r\u0101mis un 20 collu rite\u0146i padara to kompaktu un viegli p\u0101rn\u0113s\u0101jamu, savuk\u0101rt priek\u0161\u0113j\u0101 amortiz\u0101cija nodro\u0161ina komfortu braucot pa iel\u0101m, bru\u0123i vai nel\u012bdzeniem pils\u0113tas ce\u013ciem. Velosip\u0113du darbina 250 W motors ar 40 Nm griezes momentu un [&hellip;]\" \/>\n<meta property=\"og:url\" content=\"https:\/\/velooutlets.com\/et\/toode\/engwe-p1-e-bike-20-white\/\" \/>\n<meta property=\"og:site_name\" content=\"Velo Outlets\" \/>\n<meta property=\"article:modified_time\" content=\"2026-04-16T11:39:33+00:00\" \/>\n<meta property=\"og:image\" content=\"https:\/\/velooutlets.com\/wp-content\/uploads\/2026\/02\/dviratis-20-elektrinis-sulankstomas-engwe-p1-250wh-baltas-23fbf3f22aaceee1aef73b20a6255ebe-1000xauto_0.jpg\" \/>\n\t<meta property=\"og:image:width\" content=\"1000\" \/>\n\t<meta property=\"og:image:height\" content=\"1000\" \/>\n\t<meta property=\"og:image:type\" content=\"image\/jpeg\" \/>\n<meta name=\"twitter:card\" content=\"summary_large_image\" \/>\n<meta name=\"twitter:label1\" content=\"Est. reading time\" \/>\n\t<meta name=\"twitter:data1\" content=\"1 minut\" \/>\n<script type=\"application\/ld+json\" class=\"yoast-schema-graph\">{\"@context\":\"https:\/\/schema.org\",\"@graph\":[{\"@type\":\"WebPage\",\"@id\":\"https:\/\/velooutlets.com\/products\/engwe-p1-e-bike-20-white\/\",\"url\":\"https:\/\/velooutlets.com\/products\/engwe-p1-e-bike-20-white\/\",\"name\":\"Engwe P1 E-Bike 20\\\" White - Velo Outlets\",\"isPartOf\":{\"@id\":\"https:\/\/velooutlets.com\/en\/#website\"},\"primaryImageOfPage\":{\"@id\":\"https:\/\/velooutlets.com\/products\/engwe-p1-e-bike-20-white\/#primaryimage\"},\"image\":{\"@id\":\"https:\/\/velooutlets.com\/products\/engwe-p1-e-bike-20-white\/#primaryimage\"},\"thumbnailUrl\":\"https:\/\/velooutlets.com\/wp-content\/uploads\/2026\/02\/dviratis-20-elektrinis-sulankstomas-engwe-p1-250wh-baltas-23fbf3f22aaceee1aef73b20a6255ebe-1000xauto_0.jpg\",\"datePublished\":\"2026-02-06T09:53:06+00:00\",\"dateModified\":\"2026-04-16T11:39:33+00:00\",\"breadcrumb\":{\"@id\":\"https:\/\/velooutlets.com\/products\/engwe-p1-e-bike-20-white\/#breadcrumb\"},\"inLanguage\":\"et\",\"potentialAction\":[{\"@type\":\"ReadAction\",\"target\":[\"https:\/\/velooutlets.com\/products\/engwe-p1-e-bike-20-white\/\"]}]},{\"@type\":\"ImageObject\",\"inLanguage\":\"et\",\"@id\":\"https:\/\/velooutlets.com\/products\/engwe-p1-e-bike-20-white\/#primaryimage\",\"url\":\"https:\/\/velooutlets.com\/wp-content\/uploads\/2026\/02\/dviratis-20-elektrinis-sulankstomas-engwe-p1-250wh-baltas-23fbf3f22aaceee1aef73b20a6255ebe-1000xauto_0.jpg\",\"contentUrl\":\"https:\/\/velooutlets.com\/wp-content\/uploads\/2026\/02\/dviratis-20-elektrinis-sulankstomas-engwe-p1-250wh-baltas-23fbf3f22aaceee1aef73b20a6255ebe-1000xauto_0.jpg\",\"width\":1000,\"height\":1000},{\"@type\":\"BreadcrumbList\",\"@id\":\"https:\/\/velooutlets.com\/products\/engwe-p1-e-bike-20-white\/#breadcrumb\",\"itemListElement\":[{\"@type\":\"ListItem\",\"position\":1,\"name\":\"Home\",\"item\":\"https:\/\/velooutlets.com\/\"},{\"@type\":\"ListItem\",\"position\":2,\"name\":\"Veikals\",\"item\":\"https:\/\/velooutlets.com\/shop\/\"},{\"@type\":\"ListItem\",\"position\":3,\"name\":\"Engwe P1 E-Bike 20&#8243; White\"}]},{\"@type\":\"WebSite\",\"@id\":\"https:\/\/velooutlets.com\/en\/#website\",\"url\":\"https:\/\/velooutlets.com\/en\/\",\"name\":\"Velo Outlets\",\"description\":\"Velosip\u0113di visai \u0123imenei\",\"potentialAction\":[{\"@type\":\"SearchAction\",\"target\":{\"@type\":\"EntryPoint\",\"urlTemplate\":\"https:\/\/velooutlets.com\/en\/?s={search_term_string}\"},\"query-input\":{\"@type\":\"PropertyValueSpecification\",\"valueRequired\":true,\"valueName\":\"search_term_string\"}}],\"inLanguage\":\"et\"}]}<\/script>\n<!-- \/ Yoast SEO plugin. -->","yoast_head_json":{"title":"Engwe P1 E-Bike 20\" White - Velo Outlets","robots":{"index":"index","follow":"follow","max-snippet":"max-snippet:-1","max-image-preview":"max-image-preview:large","max-video-preview":"max-video-preview:-1"},"canonical":"https:\/\/velooutlets.com\/et\/toode\/engwe-p1-e-bike-20-white\/","og_locale":"et_EE","og_type":"article","og_title":"Engwe P1 E-Bike 20\" White - Velo Outlets","og_description":"Engwe P1 Electric 20&#8243; White ir saliekams pils\u0113tas elektriskais velosip\u0113ds, kas rad\u012bts \u0113rtai ikdienas mobilit\u0101tei un vienk\u0101r\u0161ai transport\u0113\u0161anai. Viegls alum\u012bnija r\u0101mis un 20 collu rite\u0146i padara to kompaktu un viegli p\u0101rn\u0113s\u0101jamu, savuk\u0101rt priek\u0161\u0113j\u0101 amortiz\u0101cija nodro\u0161ina komfortu braucot pa iel\u0101m, bru\u0123i vai nel\u012bdzeniem pils\u0113tas ce\u013ciem. Velosip\u0113du darbina 250 W motors ar 40 Nm griezes momentu un [&hellip;]","og_url":"https:\/\/velooutlets.com\/et\/toode\/engwe-p1-e-bike-20-white\/","og_site_name":"Velo Outlets","article_modified_time":"2026-04-16T11:39:33+00:00","og_image":[{"width":1000,"height":1000,"url":"https:\/\/velooutlets.com\/wp-content\/uploads\/2026\/02\/dviratis-20-elektrinis-sulankstomas-engwe-p1-250wh-baltas-23fbf3f22aaceee1aef73b20a6255ebe-1000xauto_0.jpg","type":"image\/jpeg"}],"twitter_card":"summary_large_image","twitter_misc":{"Est. reading time":"1 minut"},"schema":{"@context":"https:\/\/schema.org","@graph":[{"@type":"WebPage","@id":"https:\/\/velooutlets.com\/products\/engwe-p1-e-bike-20-white\/","url":"https:\/\/velooutlets.com\/products\/engwe-p1-e-bike-20-white\/","name":"Engwe P1 E-Bike 20\" White - Velo Outlets","isPartOf":{"@id":"https:\/\/velooutlets.com\/en\/#website"},"primaryImageOfPage":{"@id":"https:\/\/velooutlets.com\/products\/engwe-p1-e-bike-20-white\/#primaryimage"},"image":{"@id":"https:\/\/velooutlets.com\/products\/engwe-p1-e-bike-20-white\/#primaryimage"},"thumbnailUrl":"https:\/\/velooutlets.com\/wp-content\/uploads\/2026\/02\/dviratis-20-elektrinis-sulankstomas-engwe-p1-250wh-baltas-23fbf3f22aaceee1aef73b20a6255ebe-1000xauto_0.jpg","datePublished":"2026-02-06T09:53:06+00:00","dateModified":"2026-04-16T11:39:33+00:00","breadcrumb":{"@id":"https:\/\/velooutlets.com\/products\/engwe-p1-e-bike-20-white\/#breadcrumb"},"inLanguage":"et","potentialAction":[{"@type":"ReadAction","target":["https:\/\/velooutlets.com\/products\/engwe-p1-e-bike-20-white\/"]}]},{"@type":"ImageObject","inLanguage":"et","@id":"https:\/\/velooutlets.com\/products\/engwe-p1-e-bike-20-white\/#primaryimage","url":"https:\/\/velooutlets.com\/wp-content\/uploads\/2026\/02\/dviratis-20-elektrinis-sulankstomas-engwe-p1-250wh-baltas-23fbf3f22aaceee1aef73b20a6255ebe-1000xauto_0.jpg","contentUrl":"https:\/\/velooutlets.com\/wp-content\/uploads\/2026\/02\/dviratis-20-elektrinis-sulankstomas-engwe-p1-250wh-baltas-23fbf3f22aaceee1aef73b20a6255ebe-1000xauto_0.jpg","width":1000,"height":1000},{"@type":"BreadcrumbList","@id":"https:\/\/velooutlets.com\/products\/engwe-p1-e-bike-20-white\/#breadcrumb","itemListElement":[{"@type":"ListItem","position":1,"name":"Home","item":"https:\/\/velooutlets.com\/"},{"@type":"ListItem","position":2,"name":"Veikals","item":"https:\/\/velooutlets.com\/shop\/"},{"@type":"ListItem","position":3,"name":"Engwe P1 E-Bike 20&#8243; White"}]},{"@type":"WebSite","@id":"https:\/\/velooutlets.com\/en\/#website","url":"https:\/\/velooutlets.com\/en\/","name":"Velo Outlets","description":"Jalgrattad kogu perele","potentialAction":[{"@type":"SearchAction","target":{"@type":"EntryPoint","urlTemplate":"https:\/\/velooutlets.com\/en\/?s={search_term_string}"},"query-input":{"@type":"PropertyValueSpecification","valueRequired":true,"valueName":"search_term_string"}}],"inLanguage":"et"}]}},"jetpack_sharing_enabled":true,"_links":{"self":[{"href":"https:\/\/velooutlets.com\/et\/wp-json\/wp\/v2\/product\/32731","targetHints":{"allow":["GET"]}}],"collection":[{"href":"https:\/\/velooutlets.com\/et\/wp-json\/wp\/v2\/product"}],"about":[{"href":"https:\/\/velooutlets.com\/et\/wp-json\/wp\/v2\/types\/product"}],"wp:featuredmedia":[{"embeddable":true,"href":"https:\/\/velooutlets.com\/et\/wp-json\/wp\/v2\/media\/33230"}],"wp:attachment":[{"href":"https:\/\/velooutlets.com\/et\/wp-json\/wp\/v2\/media?parent=32731"}],"wp:term":[{"taxonomy":"product_brand","embeddable":true,"href":"https:\/\/velooutlets.com\/et\/wp-json\/wp\/v2\/product_brand?post=32731"},{"taxonomy":"product_cat","embeddable":true,"href":"https:\/\/velooutlets.com\/et\/wp-json\/wp\/v2\/product_cat?post=32731"},{"taxonomy":"product_tag","embeddable":true,"href":"https:\/\/velooutlets.com\/et\/wp-json\/wp\/v2\/product_tag?post=32731"}],"curies":[{"name":"wp","href":"https:\/\/api.w.org\/{rel}","templated":true}]}}