{"id":34476,"date":"2026-02-09T16:09:01","date_gmt":"2026-02-09T14:09:01","guid":{"rendered":"https:\/\/staging.velooutlets.com\/product\/gust-blaze-16\/"},"modified":"2026-04-27T12:28:31","modified_gmt":"2026-04-27T09:28:31","slug":"gust-blaze-16","status":"publish","type":"product","link":"https:\/\/velooutlets.com\/et\/toode\/gust-blaze-16\/","title":{"rendered":"Gust Blaze 16\u201d"},"content":{"rendered":"<p>Gust Blaze 16\u2033 on stiilne, kerge ja mugav laste jalgratas, mis on m\u00f5eldud esimesteks iseseisvateks s\u00f5itudeks. See sobib umbes 110-116 cm pikkustele lastele, pakkudes turvalist ja enesekindlat s\u00f5iduelamust.<\/p>\n<p>Ratas on disainitud lapses\u00f5braliku geomeetriaga, mis tagab mugava istumisasendi ja hea juhitavuse. Reguleeritav juhtraua k\u00f5rgus ja kaugus v\u00f5imaldavad kohandada jalgratast lapse vajadustele, samas kui lisarattad aitavad tasakaalu hoida ja pakuvad lisaturvalisust.<\/p>\n<p>V-pidurid tagavad t\u00f5husa ja h\u00f5lpsasti kontrollitava pidurdamise. Lisatarvikute hulka kuuluvad porikaitsed, helkurid ja veepudelihoidjaga veepudel, mis muudavad jalgratta praktiliseks ja igap\u00e4evaseks kasutamiseks sobivaks.<\/p>\n<p>Spetsifikatsioon:<br \/>\nVelje suurus: 16\u2033<br \/>\nPidurid: v-kujulised<br \/>\nJuhtraud: reguleeritav k\u00f5rgus ja kaugus<br \/>\nLisatarvikud: lisarattad, porikaitsmed, helkurid, pudelihoidja<\/p>","protected":false},"excerpt":{"rendered":"<p>Gust Blaze 16\u2033 ir stil\u012bgs, viegls un \u0113rts b\u0113rnu velosip\u0113ds, kas paredz\u0113ts pirmajiem patst\u0101v\u012bgajiem braucieniem. Tas ir piem\u0113rots b\u0113rniem ar augumu aptuveni 110\u2013116 cm, nodro\u0161inot dro\u0161u un p\u0101rliecino\u0161u brauk\u0161anas pieredzi. Velosip\u0113ds veidots ar b\u0113rniem draudz\u012bgu \u0123eometriju, kas nodro\u0161ina \u0113rtu s\u0113dpoz\u012bciju un labu vad\u0101m\u012bbu. Regul\u0113jamais st\u016bres augstums un att\u0101lums \u013cauj piel\u0101got velosip\u0113du b\u0113rna vajadz\u012bb\u0101m, savuk\u0101rt papildriten\u012b\u0161i [&hellip;]<\/p>\n","protected":false},"featured_media":34519,"template":"","meta":{"_monsterinsights_skip_tracking":false,"_monsterinsights_sitenote_active":false,"_monsterinsights_sitenote_note":"","_monsterinsights_sitenote_category":0,"_iconic_wsb_product_page_order_bump_ids":[[]],"_sku":["4751051680029"],"_iconic_wsb_product_page_bump_modal_ids":[[]]},"product_brand":[1162],"product_cat":[1610,932,1576,1127],"product_tag":[220,212],"class_list":{"0":"post-34476","1":"product","2":"type-product","3":"status-publish","4":"has-post-thumbnail","6":"product_brand-gustjuhi","7":"product_cat-1axml","8":"product_cat-bernu-velosipedi","9":"product_cat-gust-juhi","10":"product_cat-velosipedi","11":"product_tag-bernu-velosipedi","12":"product_tag-velosipedi","13":"product_shipping_class-bernu-velosipedi","14":"pa_height-range-110-116cm","15":"pa_materials-hi-ten-terauds","16":"pa_ramja-izmers-uni","17":"pa_razosanas-gads-1253","19":"first","20":"instock","21":"sale","22":"taxable","23":"shipping-taxable","24":"purchasable","25":"product-type-simple"},"yoast_head":"<!-- This site is optimized with the Yoast SEO plugin v27.2 - https:\/\/yoast.com\/product\/yoast-seo-wordpress\/ -->\n<title>Gust Blaze 16&#039;&#039; b\u0113rnu velosip\u0113ds \u2013 Komforts, stabilit\u0101te un uzticam\u012bba mazajiem brauc\u0113jiem visos apst\u0101k\u013cos | Velo Outlets<\/title>\n<meta name=\"description\" content=\"B\u0113rnu velosip\u0113di Velo Outlets: Izv\u0113lies dro\u0161us, \u0113rtus un kvalitat\u012bvus velosip\u0113dus, kas nodro\u0161ina prieku un dro\u0161\u012bbu vis\u0101s brauk\u0161anas situ\u0101cij\u0101s.\" \/>\n<meta name=\"robots\" content=\"index, follow, max-snippet:-1, max-image-preview:large, max-video-preview:-1\" \/>\n<link rel=\"canonical\" href=\"https:\/\/velooutlets.com\/et\/toode\/gust-blaze-16\/\" \/>\n<meta property=\"og:locale\" content=\"et_EE\" \/>\n<meta property=\"og:type\" content=\"article\" \/>\n<meta property=\"og:title\" content=\"Gust Blaze 16&#039;&#039; b\u0113rnu velosip\u0113ds \u2013 Komforts, stabilit\u0101te un uzticam\u012bba mazajiem brauc\u0113jiem visos apst\u0101k\u013cos | Velo Outlets\" \/>\n<meta property=\"og:description\" content=\"B\u0113rnu velosip\u0113di Velo Outlets: Izv\u0113lies dro\u0161us, \u0113rtus un kvalitat\u012bvus velosip\u0113dus, kas nodro\u0161ina prieku un dro\u0161\u012bbu vis\u0101s brauk\u0161anas situ\u0101cij\u0101s.\" \/>\n<meta property=\"og:url\" content=\"https:\/\/velooutlets.com\/et\/toode\/gust-blaze-16\/\" \/>\n<meta property=\"og:site_name\" content=\"Velo Outlets\" \/>\n<meta property=\"article:modified_time\" content=\"2026-04-27T09:28:31+00:00\" \/>\n<meta property=\"og:image\" content=\"https:\/\/velooutlets.com\/wp-content\/uploads\/2026\/02\/6.jpg\" \/>\n\t<meta property=\"og:image:width\" content=\"2330\" \/>\n\t<meta property=\"og:image:height\" content=\"1553\" \/>\n\t<meta property=\"og:image:type\" content=\"image\/jpeg\" \/>\n<meta name=\"twitter:card\" content=\"summary_large_image\" \/>\n<meta name=\"twitter:label1\" content=\"Est. reading time\" \/>\n\t<meta name=\"twitter:data1\" content=\"1 minut\" \/>\n<script type=\"application\/ld+json\" class=\"yoast-schema-graph\">{\"@context\":\"https:\/\/schema.org\",\"@graph\":[{\"@type\":\"WebPage\",\"@id\":\"https:\/\/velooutlets.com\/products\/gust-blaze-16\/\",\"url\":\"https:\/\/velooutlets.com\/products\/gust-blaze-16\/\",\"name\":\"Gust Blaze 16'' b\u0113rnu velosip\u0113ds \u2013 Komforts, stabilit\u0101te un uzticam\u012bba mazajiem brauc\u0113jiem visos apst\u0101k\u013cos | Velo Outlets\",\"isPartOf\":{\"@id\":\"https:\/\/velooutlets.com\/en\/#website\"},\"primaryImageOfPage\":{\"@id\":\"https:\/\/velooutlets.com\/products\/gust-blaze-16\/#primaryimage\"},\"image\":{\"@id\":\"https:\/\/velooutlets.com\/products\/gust-blaze-16\/#primaryimage\"},\"thumbnailUrl\":\"https:\/\/velooutlets.com\/wp-content\/uploads\/2026\/02\/6.jpg\",\"datePublished\":\"2026-02-09T14:09:01+00:00\",\"dateModified\":\"2026-04-27T09:28:31+00:00\",\"description\":\"B\u0113rnu velosip\u0113di Velo Outlets: Izv\u0113lies dro\u0161us, \u0113rtus un kvalitat\u012bvus velosip\u0113dus, kas nodro\u0161ina prieku un dro\u0161\u012bbu vis\u0101s brauk\u0161anas situ\u0101cij\u0101s.\",\"breadcrumb\":{\"@id\":\"https:\/\/velooutlets.com\/products\/gust-blaze-16\/#breadcrumb\"},\"inLanguage\":\"et\",\"potentialAction\":[{\"@type\":\"ReadAction\",\"target\":[\"https:\/\/velooutlets.com\/products\/gust-blaze-16\/\"]}]},{\"@type\":\"ImageObject\",\"inLanguage\":\"et\",\"@id\":\"https:\/\/velooutlets.com\/products\/gust-blaze-16\/#primaryimage\",\"url\":\"https:\/\/velooutlets.com\/wp-content\/uploads\/2026\/02\/6.jpg\",\"contentUrl\":\"https:\/\/velooutlets.com\/wp-content\/uploads\/2026\/02\/6.jpg\",\"width\":2330,\"height\":1553,\"caption\":\"VeloOutlets Velosip\u0113ds\"},{\"@type\":\"BreadcrumbList\",\"@id\":\"https:\/\/velooutlets.com\/products\/gust-blaze-16\/#breadcrumb\",\"itemListElement\":[{\"@type\":\"ListItem\",\"position\":1,\"name\":\"Home\",\"item\":\"https:\/\/velooutlets.com\/\"},{\"@type\":\"ListItem\",\"position\":2,\"name\":\"Veikals\",\"item\":\"https:\/\/velooutlets.com\/shop\/\"},{\"@type\":\"ListItem\",\"position\":3,\"name\":\"Gust Blaze 16&#8221;\"}]},{\"@type\":\"WebSite\",\"@id\":\"https:\/\/velooutlets.com\/en\/#website\",\"url\":\"https:\/\/velooutlets.com\/en\/\",\"name\":\"Velo Outlets\",\"description\":\"Velosip\u0113di visai \u0123imenei\",\"potentialAction\":[{\"@type\":\"SearchAction\",\"target\":{\"@type\":\"EntryPoint\",\"urlTemplate\":\"https:\/\/velooutlets.com\/en\/?s={search_term_string}\"},\"query-input\":{\"@type\":\"PropertyValueSpecification\",\"valueRequired\":true,\"valueName\":\"search_term_string\"}}],\"inLanguage\":\"et\"}]}<\/script>\n<!-- \/ Yoast SEO plugin. -->","yoast_head_json":{"title":"Gust Blaze 16'' b\u0113rnu velosip\u0113ds \u2013 Komforts, stabilit\u0101te un uzticam\u012bba mazajiem brauc\u0113jiem visos apst\u0101k\u013cos | Velo Outlets","description":"B\u0113rnu velosip\u0113di Velo Outlets: Izv\u0113lies dro\u0161us, \u0113rtus un kvalitat\u012bvus velosip\u0113dus, kas nodro\u0161ina prieku un dro\u0161\u012bbu vis\u0101s brauk\u0161anas situ\u0101cij\u0101s.","robots":{"index":"index","follow":"follow","max-snippet":"max-snippet:-1","max-image-preview":"max-image-preview:large","max-video-preview":"max-video-preview:-1"},"canonical":"https:\/\/velooutlets.com\/et\/toode\/gust-blaze-16\/","og_locale":"et_EE","og_type":"article","og_title":"Gust Blaze 16'' b\u0113rnu velosip\u0113ds \u2013 Komforts, stabilit\u0101te un uzticam\u012bba mazajiem brauc\u0113jiem visos apst\u0101k\u013cos | Velo Outlets","og_description":"B\u0113rnu velosip\u0113di Velo Outlets: Izv\u0113lies dro\u0161us, \u0113rtus un kvalitat\u012bvus velosip\u0113dus, kas nodro\u0161ina prieku un dro\u0161\u012bbu vis\u0101s brauk\u0161anas situ\u0101cij\u0101s.","og_url":"https:\/\/velooutlets.com\/et\/toode\/gust-blaze-16\/","og_site_name":"Velo Outlets","article_modified_time":"2026-04-27T09:28:31+00:00","og_image":[{"width":2330,"height":1553,"url":"https:\/\/velooutlets.com\/wp-content\/uploads\/2026\/02\/6.jpg","type":"image\/jpeg"}],"twitter_card":"summary_large_image","twitter_misc":{"Est. reading time":"1 minut"},"schema":{"@context":"https:\/\/schema.org","@graph":[{"@type":"WebPage","@id":"https:\/\/velooutlets.com\/products\/gust-blaze-16\/","url":"https:\/\/velooutlets.com\/products\/gust-blaze-16\/","name":"Gust Blaze 16'' b\u0113rnu velosip\u0113ds \u2013 Komforts, stabilit\u0101te un uzticam\u012bba mazajiem brauc\u0113jiem visos apst\u0101k\u013cos | Velo Outlets","isPartOf":{"@id":"https:\/\/velooutlets.com\/en\/#website"},"primaryImageOfPage":{"@id":"https:\/\/velooutlets.com\/products\/gust-blaze-16\/#primaryimage"},"image":{"@id":"https:\/\/velooutlets.com\/products\/gust-blaze-16\/#primaryimage"},"thumbnailUrl":"https:\/\/velooutlets.com\/wp-content\/uploads\/2026\/02\/6.jpg","datePublished":"2026-02-09T14:09:01+00:00","dateModified":"2026-04-27T09:28:31+00:00","description":"B\u0113rnu velosip\u0113di Velo Outlets: Izv\u0113lies dro\u0161us, \u0113rtus un kvalitat\u012bvus velosip\u0113dus, kas nodro\u0161ina prieku un dro\u0161\u012bbu vis\u0101s brauk\u0161anas situ\u0101cij\u0101s.","breadcrumb":{"@id":"https:\/\/velooutlets.com\/products\/gust-blaze-16\/#breadcrumb"},"inLanguage":"et","potentialAction":[{"@type":"ReadAction","target":["https:\/\/velooutlets.com\/products\/gust-blaze-16\/"]}]},{"@type":"ImageObject","inLanguage":"et","@id":"https:\/\/velooutlets.com\/products\/gust-blaze-16\/#primaryimage","url":"https:\/\/velooutlets.com\/wp-content\/uploads\/2026\/02\/6.jpg","contentUrl":"https:\/\/velooutlets.com\/wp-content\/uploads\/2026\/02\/6.jpg","width":2330,"height":1553,"caption":"VeloOutlets Velosip\u0113ds"},{"@type":"BreadcrumbList","@id":"https:\/\/velooutlets.com\/products\/gust-blaze-16\/#breadcrumb","itemListElement":[{"@type":"ListItem","position":1,"name":"Home","item":"https:\/\/velooutlets.com\/"},{"@type":"ListItem","position":2,"name":"Veikals","item":"https:\/\/velooutlets.com\/shop\/"},{"@type":"ListItem","position":3,"name":"Gust Blaze 16&#8221;"}]},{"@type":"WebSite","@id":"https:\/\/velooutlets.com\/en\/#website","url":"https:\/\/velooutlets.com\/en\/","name":"Velo Outlets","description":"Jalgrattad kogu perele","potentialAction":[{"@type":"SearchAction","target":{"@type":"EntryPoint","urlTemplate":"https:\/\/velooutlets.com\/en\/?s={search_term_string}"},"query-input":{"@type":"PropertyValueSpecification","valueRequired":true,"valueName":"search_term_string"}}],"inLanguage":"et"}]}},"jetpack_sharing_enabled":true,"_links":{"self":[{"href":"https:\/\/velooutlets.com\/et\/wp-json\/wp\/v2\/product\/34476","targetHints":{"allow":["GET"]}}],"collection":[{"href":"https:\/\/velooutlets.com\/et\/wp-json\/wp\/v2\/product"}],"about":[{"href":"https:\/\/velooutlets.com\/et\/wp-json\/wp\/v2\/types\/product"}],"wp:featuredmedia":[{"embeddable":true,"href":"https:\/\/velooutlets.com\/et\/wp-json\/wp\/v2\/media\/34519"}],"wp:attachment":[{"href":"https:\/\/velooutlets.com\/et\/wp-json\/wp\/v2\/media?parent=34476"}],"wp:term":[{"taxonomy":"product_brand","embeddable":true,"href":"https:\/\/velooutlets.com\/et\/wp-json\/wp\/v2\/product_brand?post=34476"},{"taxonomy":"product_cat","embeddable":true,"href":"https:\/\/velooutlets.com\/et\/wp-json\/wp\/v2\/product_cat?post=34476"},{"taxonomy":"product_tag","embeddable":true,"href":"https:\/\/velooutlets.com\/et\/wp-json\/wp\/v2\/product_tag?post=34476"}],"curies":[{"name":"wp","href":"https:\/\/api.w.org\/{rel}","templated":true}]}}