{"id":35290,"date":"2026-02-15T23:19:50","date_gmt":"2026-02-15T21:19:50","guid":{"rendered":"https:\/\/staging.velooutlets.com\/?post_type=product&#038;p=35290"},"modified":"2026-04-29T09:33:56","modified_gmt":"2026-04-29T06:33:56","slug":"gust-brave-black","status":"publish","type":"product","link":"https:\/\/velooutlets.com\/et\/toode\/gust-brave-black\/","title":{"rendered":"Gust Brave Black 2026 L"},"content":{"rendered":"<p>Gust Brave 29\u2033 (2026) on kaasaegne ja v\u00f5imas m\u00e4gijalgratas, mis on m\u00f5eldud aktiivseks s\u00f5iduks linnas ja maastikul. Sellel mudelil on t\u00e4iustatud raami geomeetria, kvaliteetsed komponendid ja sportlik disain, mis pakub oma klassis suurep\u00e4rast j\u00f5udlust.<\/p>\n<p>Kerge alumiiniumraam tagab hea tasakaalu tugevuse ja kaalu vahel, samas kui 100 mm vedrustushaarukaga Suntouri vedrustushaarakas summutab t\u00f5husalt l\u00f6\u00f6gid ja parandab kontrolli ebatasasel pinnal. Laiade rehvidega suured 29-tollised rattad tagavad stabiilsuse, hea haardumise ja lihtsama takistuste \u00fcletamise.<\/p>\n<p>21-k\u00e4iguline Shimano Tourney s\u00fcsteem (3\u00d77) v\u00f5imaldab sul t\u00e4pselt kohandada oma s\u00f5itu erinevatele maastikele, samas kui mehaanilised ketaspidurid tagavad ohutu ja usaldusv\u00e4\u00e4rse pidurdamise k\u00f5ikides ilmastikutingimustes. Kerge konstruktsioon (~11 kg) muudab jalgratta eriti h\u00f5lpsasti juhitavaks ja sobivaks pikemateks s\u00f5itudeks.<\/p>\n<p>Spetsifikatsioon:<br \/>\nRaam: alumiinium<br \/>\nKahvel: SUNTOUR XCE28 DS 29\u2033, 100 mm teekond<br \/>\nKiiruste arv: 3\u00d77 (21 kiirust)<br \/>\nEsimesel rattakettal: Shimano FD-TZ500<br \/>\nTagumine rattakett: Shimano Tourney RD-TY300<br \/>\nShifteri k\u00e4epidemed: Shimano EF500<br \/>\nTagumine hammasratas: Shimano CS-HG200-7<br \/>\nPidurid: mehaanilised ketaspidurid (SF-M350E)<br \/>\nAlumiinium, topelt seinaga<br \/>\nRehvid: Kenda 29 \u00d7 2.2<br \/>\nIstekoht: Gust<br \/>\nLisavarustus: tugijalg<br \/>\nKaal: ~11 kg<\/p>","protected":false},"excerpt":{"rendered":"<p><a href=\"https:\/\/velooutlets.com\/wp-content\/uploads\/2026\/02\/VeloOutlets_Gust-Banner-2.jpg\"><img fetchpriority=\"high\" decoding=\"async\" class=\"alignnone wp-image-37935 size-full\" src=\"https:\/\/velooutlets.com\/wp-content\/uploads\/2026\/02\/VeloOutlets_Gust-Banner-2.jpg\" alt=\"Gust_Veloisp\u0113di_VeloOutlets\" width=\"600\" height=\"200\" srcset=\"https:\/\/velooutlets.com\/wp-content\/uploads\/2026\/02\/VeloOutlets_Gust-Banner-2.jpg 600w, https:\/\/velooutlets.com\/wp-content\/uploads\/2026\/02\/VeloOutlets_Gust-Banner-2-300x100.jpg 300w, https:\/\/velooutlets.com\/wp-content\/uploads\/2026\/02\/VeloOutlets_Gust-Banner-2-18x6.jpg 18w\" sizes=\"(max-width: 600px) 100vw, 600px\" \/><\/a><\/p>","protected":false},"featured_media":35339,"template":"","meta":{"_monsterinsights_skip_tracking":false,"_monsterinsights_sitenote_active":false,"_monsterinsights_sitenote_note":"","_monsterinsights_sitenote_category":0,"_iconic_wsb_product_page_order_bump_ids":[[]],"_sku":["4751051680173"],"_iconic_wsb_product_page_bump_modal_ids":[[]]},"product_brand":[1187],"product_cat":[1620,980,1127],"product_tag":[212],"class_list":{"0":"post-35290","1":"product","2":"type-product","3":"status-publish","4":"has-post-thumbnail","6":"product_brand-gust","7":"product_cat-gust-2026","8":"product_cat-kalnu-velosipedi","9":"product_cat-velosipedi","10":"product_tag-velosipedi","11":"product_shipping_class-pieauguso-velosipedi","12":"pa_height-range-185-195cm","13":"pa_materials-aluminija-ramis","14":"pa_ramja-izmers-l","15":"pa_razosanas-gads-1253","17":"first","18":"instock","19":"taxable","20":"shipping-taxable","21":"purchasable","22":"product-type-simple"},"yoast_head":"<!-- This site is optimized with the Yoast SEO plugin v27.2 - https:\/\/yoast.com\/product\/yoast-seo-wordpress\/ -->\n<title>Gust Brave Black 2026 L - Velo Outlets<\/title>\n<meta name=\"robots\" content=\"index, follow, max-snippet:-1, max-image-preview:large, max-video-preview:-1\" \/>\n<link rel=\"canonical\" href=\"https:\/\/velooutlets.com\/et\/toode\/gust-brave-black\/\" \/>\n<meta property=\"og:locale\" content=\"et_EE\" \/>\n<meta property=\"og:type\" content=\"article\" \/>\n<meta property=\"og:title\" content=\"Gust Brave Black 2026 L - Velo Outlets\" \/>\n<meta property=\"og:url\" content=\"https:\/\/velooutlets.com\/et\/toode\/gust-brave-black\/\" \/>\n<meta property=\"og:site_name\" content=\"Velo Outlets\" \/>\n<meta property=\"article:modified_time\" content=\"2026-04-29T06:33:56+00:00\" \/>\n<meta property=\"og:image\" content=\"https:\/\/velooutlets.com\/wp-content\/uploads\/2026\/02\/1000190644.jpg\" \/>\n\t<meta property=\"og:image:width\" content=\"2560\" \/>\n\t<meta property=\"og:image:height\" content=\"1708\" \/>\n\t<meta property=\"og:image:type\" content=\"image\/jpeg\" \/>\n<meta name=\"twitter:card\" content=\"summary_large_image\" \/>\n<meta name=\"twitter:label1\" content=\"Est. reading time\" \/>\n\t<meta name=\"twitter:data1\" content=\"1 minut\" \/>\n<script type=\"application\/ld+json\" class=\"yoast-schema-graph\">{\"@context\":\"https:\/\/schema.org\",\"@graph\":[{\"@type\":\"WebPage\",\"@id\":\"https:\/\/velooutlets.com\/products\/gust-brave-black\/\",\"url\":\"https:\/\/velooutlets.com\/products\/gust-brave-black\/\",\"name\":\"Gust Brave Black 2026 L - Velo Outlets\",\"isPartOf\":{\"@id\":\"https:\/\/velooutlets.com\/en\/#website\"},\"primaryImageOfPage\":{\"@id\":\"https:\/\/velooutlets.com\/products\/gust-brave-black\/#primaryimage\"},\"image\":{\"@id\":\"https:\/\/velooutlets.com\/products\/gust-brave-black\/#primaryimage\"},\"thumbnailUrl\":\"https:\/\/velooutlets.com\/wp-content\/uploads\/2026\/02\/1000190644.jpg\",\"datePublished\":\"2026-02-15T21:19:50+00:00\",\"dateModified\":\"2026-04-29T06:33:56+00:00\",\"breadcrumb\":{\"@id\":\"https:\/\/velooutlets.com\/products\/gust-brave-black\/#breadcrumb\"},\"inLanguage\":\"et\",\"potentialAction\":[{\"@type\":\"ReadAction\",\"target\":[\"https:\/\/velooutlets.com\/products\/gust-brave-black\/\"]}]},{\"@type\":\"ImageObject\",\"inLanguage\":\"et\",\"@id\":\"https:\/\/velooutlets.com\/products\/gust-brave-black\/#primaryimage\",\"url\":\"https:\/\/velooutlets.com\/wp-content\/uploads\/2026\/02\/1000190644.jpg\",\"contentUrl\":\"https:\/\/velooutlets.com\/wp-content\/uploads\/2026\/02\/1000190644.jpg\",\"width\":2560,\"height\":1708},{\"@type\":\"BreadcrumbList\",\"@id\":\"https:\/\/velooutlets.com\/products\/gust-brave-black\/#breadcrumb\",\"itemListElement\":[{\"@type\":\"ListItem\",\"position\":1,\"name\":\"Home\",\"item\":\"https:\/\/velooutlets.com\/\"},{\"@type\":\"ListItem\",\"position\":2,\"name\":\"Veikals\",\"item\":\"https:\/\/velooutlets.com\/shop\/\"},{\"@type\":\"ListItem\",\"position\":3,\"name\":\"Gust Brave Black 2026 L\"}]},{\"@type\":\"WebSite\",\"@id\":\"https:\/\/velooutlets.com\/en\/#website\",\"url\":\"https:\/\/velooutlets.com\/en\/\",\"name\":\"Velo Outlets\",\"description\":\"Velosip\u0113di visai \u0123imenei\",\"potentialAction\":[{\"@type\":\"SearchAction\",\"target\":{\"@type\":\"EntryPoint\",\"urlTemplate\":\"https:\/\/velooutlets.com\/en\/?s={search_term_string}\"},\"query-input\":{\"@type\":\"PropertyValueSpecification\",\"valueRequired\":true,\"valueName\":\"search_term_string\"}}],\"inLanguage\":\"et\"}]}<\/script>\n<!-- \/ Yoast SEO plugin. -->","yoast_head_json":{"title":"Gust Brave Black 2026 L - Velo Outlets","robots":{"index":"index","follow":"follow","max-snippet":"max-snippet:-1","max-image-preview":"max-image-preview:large","max-video-preview":"max-video-preview:-1"},"canonical":"https:\/\/velooutlets.com\/et\/toode\/gust-brave-black\/","og_locale":"et_EE","og_type":"article","og_title":"Gust Brave Black 2026 L - Velo Outlets","og_url":"https:\/\/velooutlets.com\/et\/toode\/gust-brave-black\/","og_site_name":"Velo Outlets","article_modified_time":"2026-04-29T06:33:56+00:00","og_image":[{"width":2560,"height":1708,"url":"https:\/\/velooutlets.com\/wp-content\/uploads\/2026\/02\/1000190644.jpg","type":"image\/jpeg"}],"twitter_card":"summary_large_image","twitter_misc":{"Est. reading time":"1 minut"},"schema":{"@context":"https:\/\/schema.org","@graph":[{"@type":"WebPage","@id":"https:\/\/velooutlets.com\/products\/gust-brave-black\/","url":"https:\/\/velooutlets.com\/products\/gust-brave-black\/","name":"Gust Brave Black 2026 L - Velo Outlets","isPartOf":{"@id":"https:\/\/velooutlets.com\/en\/#website"},"primaryImageOfPage":{"@id":"https:\/\/velooutlets.com\/products\/gust-brave-black\/#primaryimage"},"image":{"@id":"https:\/\/velooutlets.com\/products\/gust-brave-black\/#primaryimage"},"thumbnailUrl":"https:\/\/velooutlets.com\/wp-content\/uploads\/2026\/02\/1000190644.jpg","datePublished":"2026-02-15T21:19:50+00:00","dateModified":"2026-04-29T06:33:56+00:00","breadcrumb":{"@id":"https:\/\/velooutlets.com\/products\/gust-brave-black\/#breadcrumb"},"inLanguage":"et","potentialAction":[{"@type":"ReadAction","target":["https:\/\/velooutlets.com\/products\/gust-brave-black\/"]}]},{"@type":"ImageObject","inLanguage":"et","@id":"https:\/\/velooutlets.com\/products\/gust-brave-black\/#primaryimage","url":"https:\/\/velooutlets.com\/wp-content\/uploads\/2026\/02\/1000190644.jpg","contentUrl":"https:\/\/velooutlets.com\/wp-content\/uploads\/2026\/02\/1000190644.jpg","width":2560,"height":1708},{"@type":"BreadcrumbList","@id":"https:\/\/velooutlets.com\/products\/gust-brave-black\/#breadcrumb","itemListElement":[{"@type":"ListItem","position":1,"name":"Home","item":"https:\/\/velooutlets.com\/"},{"@type":"ListItem","position":2,"name":"Veikals","item":"https:\/\/velooutlets.com\/shop\/"},{"@type":"ListItem","position":3,"name":"Gust Brave Black 2026 L"}]},{"@type":"WebSite","@id":"https:\/\/velooutlets.com\/en\/#website","url":"https:\/\/velooutlets.com\/en\/","name":"Velo Outlets","description":"Jalgrattad kogu perele","potentialAction":[{"@type":"SearchAction","target":{"@type":"EntryPoint","urlTemplate":"https:\/\/velooutlets.com\/en\/?s={search_term_string}"},"query-input":{"@type":"PropertyValueSpecification","valueRequired":true,"valueName":"search_term_string"}}],"inLanguage":"et"}]}},"jetpack_sharing_enabled":true,"_links":{"self":[{"href":"https:\/\/velooutlets.com\/et\/wp-json\/wp\/v2\/product\/35290","targetHints":{"allow":["GET"]}}],"collection":[{"href":"https:\/\/velooutlets.com\/et\/wp-json\/wp\/v2\/product"}],"about":[{"href":"https:\/\/velooutlets.com\/et\/wp-json\/wp\/v2\/types\/product"}],"wp:featuredmedia":[{"embeddable":true,"href":"https:\/\/velooutlets.com\/et\/wp-json\/wp\/v2\/media\/35339"}],"wp:attachment":[{"href":"https:\/\/velooutlets.com\/et\/wp-json\/wp\/v2\/media?parent=35290"}],"wp:term":[{"taxonomy":"product_brand","embeddable":true,"href":"https:\/\/velooutlets.com\/et\/wp-json\/wp\/v2\/product_brand?post=35290"},{"taxonomy":"product_cat","embeddable":true,"href":"https:\/\/velooutlets.com\/et\/wp-json\/wp\/v2\/product_cat?post=35290"},{"taxonomy":"product_tag","embeddable":true,"href":"https:\/\/velooutlets.com\/et\/wp-json\/wp\/v2\/product_tag?post=35290"}],"curies":[{"name":"wp","href":"https:\/\/api.w.org\/{rel}","templated":true}]}}