{"id":35294,"date":"2026-02-15T23:24:18","date_gmt":"2026-02-15T21:24:18","guid":{"rendered":"https:\/\/staging.velooutlets.com\/?post_type=product&#038;p=35294"},"modified":"2026-05-10T09:48:19","modified_gmt":"2026-05-10T06:48:19","slug":"gust-ultegra-grey","status":"publish","type":"product","link":"https:\/\/velooutlets.com\/et\/toode\/gust-ultegra-grey\/","title":{"rendered":"Gust Ultegra Hall 2026 L"},"content":{"rendered":"<p>Gust Ultegra 29\u2033 (2026) on v\u00f5imas ja kaasaegne m\u00e4gijalgratas, mis on m\u00f5eldud n\u00f5udlikumatele ratturitele, kes hindavad j\u00f5udlust, kontrolli ja kvaliteetseid komponente. Sellel on t\u00e4iustatud varustus, t\u00f5husad pidurid ja stabiilne s\u00f5it erinevates tingimustes.<\/p>\n<p>Kerge alumiiniumraam tagab hea tasakaalu tugevuse ja kaalu vahel, samas kui 100 mm vedrustushaarukaga Suntouri vedrustushark aitab summutada l\u00f6\u00f6ki ja parandada kontrolli ebatasasel pinnal. Laiade rehvidega suured 29-tollised rattad tagavad suurep\u00e4rase haardumise, stabiilsuse ja kerguse \u00fcle takistuste.<\/p>\n<p>24-k\u00e4iguline (3\u00d78) Shimano komponentidega k\u00e4igukast tagab t\u00e4pse ja sujuva k\u00e4iguvahetuse, mis v\u00f5imaldab sul kohaneda nii j\u00e4rskude t\u00f5usude kui ka kiire tasase maastikuga. Shimano h\u00fcdraulilised ketaspidurid tagavad v\u00f5imsa, sujuva ja kontrollitud pidurduse k\u00f5ikides ilmastikutingimustes.<\/p>\n<p>Spetsifikatsioon:<br \/>\nRaam: alumiinium<br \/>\nKahvel: SUNTOUR XCE28 DS 29\u2033, 100 mm teekond<br \/>\nKiiruste arv: 3\u00d78 (24 kiirust)<br \/>\nEsimesel rattakettal: Shimano TY300<br \/>\nTagumine rattakett: Shimano Altus RD-M310<br \/>\nShimano SL-M315<br \/>\nTagumine hammasratas: Shimano CS-HG200-8<br \/>\nPidurid: Shimano MT200 h\u00fcdraulilised ketaspidurid<br \/>\nAlumiinium, topelt seinaga<br \/>\nRehvid: Kenda Booster 5, 29 \u00d7 2,4<br \/>\nIstekoht: Gust<br \/>\nLisavarustus: tugijalg<br \/>\nKaal: ~11 kg<\/p>","protected":false},"excerpt":{"rendered":"<p><a href=\"https:\/\/velooutlets.com\/wp-content\/uploads\/2026\/02\/VeloOutlets_Gust-Banner-2.jpg\"><img fetchpriority=\"high\" decoding=\"async\" class=\"alignnone wp-image-37935 size-full\" src=\"https:\/\/velooutlets.com\/wp-content\/uploads\/2026\/02\/VeloOutlets_Gust-Banner-2.jpg\" alt=\"Gust_Veloisp\u0113di_VeloOutlets\" width=\"600\" height=\"200\" srcset=\"https:\/\/velooutlets.com\/wp-content\/uploads\/2026\/02\/VeloOutlets_Gust-Banner-2.jpg 600w, https:\/\/velooutlets.com\/wp-content\/uploads\/2026\/02\/VeloOutlets_Gust-Banner-2-300x100.jpg 300w, https:\/\/velooutlets.com\/wp-content\/uploads\/2026\/02\/VeloOutlets_Gust-Banner-2-18x6.jpg 18w\" sizes=\"(max-width: 600px) 100vw, 600px\" \/><\/a><\/p>","protected":false},"featured_media":35338,"template":"","meta":{"_monsterinsights_skip_tracking":false,"_monsterinsights_sitenote_active":false,"_monsterinsights_sitenote_note":"","_monsterinsights_sitenote_category":0,"_iconic_wsb_product_page_order_bump_ids":[[]],"_sku":["4751051680241"],"_iconic_wsb_product_page_bump_modal_ids":[[]]},"product_brand":[1187],"product_cat":[1620,980,1127],"product_tag":[212],"class_list":{"0":"post-35294","1":"product","2":"type-product","3":"status-publish","4":"has-post-thumbnail","6":"product_brand-gust","7":"product_cat-gust-2026","8":"product_cat-kalnu-velosipedi","9":"product_cat-velosipedi","10":"product_tag-velosipedi","11":"product_shipping_class-pieauguso-velosipedi","12":"pa_height-range-175-185cm","13":"pa_materials-aluminija-ramis","14":"pa_ramja-izmers-l","15":"pa_razosanas-gads-1253","17":"first","18":"instock","19":"taxable","20":"shipping-taxable","21":"purchasable","22":"product-type-simple"},"yoast_head":"<!-- This site is optimized with the Yoast SEO plugin v27.2 - https:\/\/yoast.com\/product\/yoast-seo-wordpress\/ -->\n<title>Gust Ultegra Grey 2026 L - Velo Outlets<\/title>\n<meta name=\"robots\" content=\"index, follow, max-snippet:-1, max-image-preview:large, max-video-preview:-1\" \/>\n<link rel=\"canonical\" href=\"https:\/\/velooutlets.com\/et\/toode\/gust-ultegra-grey\/\" \/>\n<meta property=\"og:locale\" content=\"et_EE\" \/>\n<meta property=\"og:type\" content=\"article\" \/>\n<meta property=\"og:title\" content=\"Gust Ultegra Grey 2026 L - Velo Outlets\" \/>\n<meta property=\"og:url\" content=\"https:\/\/velooutlets.com\/et\/toode\/gust-ultegra-grey\/\" \/>\n<meta property=\"og:site_name\" content=\"Velo Outlets\" \/>\n<meta property=\"article:modified_time\" content=\"2026-05-10T06:48:19+00:00\" \/>\n<meta property=\"og:image\" content=\"https:\/\/velooutlets.com\/wp-content\/uploads\/2026\/02\/1000190643.jpg\" \/>\n\t<meta property=\"og:image:width\" content=\"2560\" \/>\n\t<meta property=\"og:image:height\" content=\"1708\" \/>\n\t<meta property=\"og:image:type\" content=\"image\/jpeg\" \/>\n<meta name=\"twitter:card\" content=\"summary_large_image\" \/>\n<meta name=\"twitter:label1\" content=\"Est. reading time\" \/>\n\t<meta name=\"twitter:data1\" content=\"1 minut\" \/>\n<script type=\"application\/ld+json\" class=\"yoast-schema-graph\">{\"@context\":\"https:\/\/schema.org\",\"@graph\":[{\"@type\":\"WebPage\",\"@id\":\"https:\/\/velooutlets.com\/products\/gust-ultegra-grey\/\",\"url\":\"https:\/\/velooutlets.com\/products\/gust-ultegra-grey\/\",\"name\":\"Gust Ultegra Grey 2026 L - Velo Outlets\",\"isPartOf\":{\"@id\":\"https:\/\/velooutlets.com\/en\/#website\"},\"primaryImageOfPage\":{\"@id\":\"https:\/\/velooutlets.com\/products\/gust-ultegra-grey\/#primaryimage\"},\"image\":{\"@id\":\"https:\/\/velooutlets.com\/products\/gust-ultegra-grey\/#primaryimage\"},\"thumbnailUrl\":\"https:\/\/velooutlets.com\/wp-content\/uploads\/2026\/02\/1000190643.jpg\",\"datePublished\":\"2026-02-15T21:24:18+00:00\",\"dateModified\":\"2026-05-10T06:48:19+00:00\",\"breadcrumb\":{\"@id\":\"https:\/\/velooutlets.com\/products\/gust-ultegra-grey\/#breadcrumb\"},\"inLanguage\":\"et\",\"potentialAction\":[{\"@type\":\"ReadAction\",\"target\":[\"https:\/\/velooutlets.com\/products\/gust-ultegra-grey\/\"]}]},{\"@type\":\"ImageObject\",\"inLanguage\":\"et\",\"@id\":\"https:\/\/velooutlets.com\/products\/gust-ultegra-grey\/#primaryimage\",\"url\":\"https:\/\/velooutlets.com\/wp-content\/uploads\/2026\/02\/1000190643.jpg\",\"contentUrl\":\"https:\/\/velooutlets.com\/wp-content\/uploads\/2026\/02\/1000190643.jpg\",\"width\":2560,\"height\":1708},{\"@type\":\"BreadcrumbList\",\"@id\":\"https:\/\/velooutlets.com\/products\/gust-ultegra-grey\/#breadcrumb\",\"itemListElement\":[{\"@type\":\"ListItem\",\"position\":1,\"name\":\"Home\",\"item\":\"https:\/\/velooutlets.com\/\"},{\"@type\":\"ListItem\",\"position\":2,\"name\":\"Veikals\",\"item\":\"https:\/\/velooutlets.com\/shop\/\"},{\"@type\":\"ListItem\",\"position\":3,\"name\":\"Gust Ultegra Grey 2026 L\"}]},{\"@type\":\"WebSite\",\"@id\":\"https:\/\/velooutlets.com\/en\/#website\",\"url\":\"https:\/\/velooutlets.com\/en\/\",\"name\":\"Velo Outlets\",\"description\":\"Velosip\u0113di visai \u0123imenei\",\"potentialAction\":[{\"@type\":\"SearchAction\",\"target\":{\"@type\":\"EntryPoint\",\"urlTemplate\":\"https:\/\/velooutlets.com\/en\/?s={search_term_string}\"},\"query-input\":{\"@type\":\"PropertyValueSpecification\",\"valueRequired\":true,\"valueName\":\"search_term_string\"}}],\"inLanguage\":\"et\"}]}<\/script>\n<!-- \/ Yoast SEO plugin. -->","yoast_head_json":{"title":"Gust Ultegra Grey 2026 L - Velo Outlets","robots":{"index":"index","follow":"follow","max-snippet":"max-snippet:-1","max-image-preview":"max-image-preview:large","max-video-preview":"max-video-preview:-1"},"canonical":"https:\/\/velooutlets.com\/et\/toode\/gust-ultegra-grey\/","og_locale":"et_EE","og_type":"article","og_title":"Gust Ultegra Grey 2026 L - Velo Outlets","og_url":"https:\/\/velooutlets.com\/et\/toode\/gust-ultegra-grey\/","og_site_name":"Velo Outlets","article_modified_time":"2026-05-10T06:48:19+00:00","og_image":[{"width":2560,"height":1708,"url":"https:\/\/velooutlets.com\/wp-content\/uploads\/2026\/02\/1000190643.jpg","type":"image\/jpeg"}],"twitter_card":"summary_large_image","twitter_misc":{"Est. reading time":"1 minut"},"schema":{"@context":"https:\/\/schema.org","@graph":[{"@type":"WebPage","@id":"https:\/\/velooutlets.com\/products\/gust-ultegra-grey\/","url":"https:\/\/velooutlets.com\/products\/gust-ultegra-grey\/","name":"Gust Ultegra Grey 2026 L - Velo Outlets","isPartOf":{"@id":"https:\/\/velooutlets.com\/en\/#website"},"primaryImageOfPage":{"@id":"https:\/\/velooutlets.com\/products\/gust-ultegra-grey\/#primaryimage"},"image":{"@id":"https:\/\/velooutlets.com\/products\/gust-ultegra-grey\/#primaryimage"},"thumbnailUrl":"https:\/\/velooutlets.com\/wp-content\/uploads\/2026\/02\/1000190643.jpg","datePublished":"2026-02-15T21:24:18+00:00","dateModified":"2026-05-10T06:48:19+00:00","breadcrumb":{"@id":"https:\/\/velooutlets.com\/products\/gust-ultegra-grey\/#breadcrumb"},"inLanguage":"et","potentialAction":[{"@type":"ReadAction","target":["https:\/\/velooutlets.com\/products\/gust-ultegra-grey\/"]}]},{"@type":"ImageObject","inLanguage":"et","@id":"https:\/\/velooutlets.com\/products\/gust-ultegra-grey\/#primaryimage","url":"https:\/\/velooutlets.com\/wp-content\/uploads\/2026\/02\/1000190643.jpg","contentUrl":"https:\/\/velooutlets.com\/wp-content\/uploads\/2026\/02\/1000190643.jpg","width":2560,"height":1708},{"@type":"BreadcrumbList","@id":"https:\/\/velooutlets.com\/products\/gust-ultegra-grey\/#breadcrumb","itemListElement":[{"@type":"ListItem","position":1,"name":"Home","item":"https:\/\/velooutlets.com\/"},{"@type":"ListItem","position":2,"name":"Veikals","item":"https:\/\/velooutlets.com\/shop\/"},{"@type":"ListItem","position":3,"name":"Gust Ultegra Grey 2026 L"}]},{"@type":"WebSite","@id":"https:\/\/velooutlets.com\/en\/#website","url":"https:\/\/velooutlets.com\/en\/","name":"Velo Outlets","description":"Jalgrattad kogu perele","potentialAction":[{"@type":"SearchAction","target":{"@type":"EntryPoint","urlTemplate":"https:\/\/velooutlets.com\/en\/?s={search_term_string}"},"query-input":{"@type":"PropertyValueSpecification","valueRequired":true,"valueName":"search_term_string"}}],"inLanguage":"et"}]}},"jetpack_sharing_enabled":true,"_links":{"self":[{"href":"https:\/\/velooutlets.com\/et\/wp-json\/wp\/v2\/product\/35294","targetHints":{"allow":["GET"]}}],"collection":[{"href":"https:\/\/velooutlets.com\/et\/wp-json\/wp\/v2\/product"}],"about":[{"href":"https:\/\/velooutlets.com\/et\/wp-json\/wp\/v2\/types\/product"}],"wp:featuredmedia":[{"embeddable":true,"href":"https:\/\/velooutlets.com\/et\/wp-json\/wp\/v2\/media\/35338"}],"wp:attachment":[{"href":"https:\/\/velooutlets.com\/et\/wp-json\/wp\/v2\/media?parent=35294"}],"wp:term":[{"taxonomy":"product_brand","embeddable":true,"href":"https:\/\/velooutlets.com\/et\/wp-json\/wp\/v2\/product_brand?post=35294"},{"taxonomy":"product_cat","embeddable":true,"href":"https:\/\/velooutlets.com\/et\/wp-json\/wp\/v2\/product_cat?post=35294"},{"taxonomy":"product_tag","embeddable":true,"href":"https:\/\/velooutlets.com\/et\/wp-json\/wp\/v2\/product_tag?post=35294"}],"curies":[{"name":"wp","href":"https:\/\/api.w.org\/{rel}","templated":true}]}}