{"id":35334,"date":"2026-02-16T00:41:56","date_gmt":"2026-02-15T22:41:56","guid":{"rendered":"https:\/\/staging.velooutlets.com\/?post_type=product&#038;p=35334"},"modified":"2026-04-29T09:59:56","modified_gmt":"2026-04-29T06:59:56","slug":"gust-viper-2","status":"publish","type":"product","link":"https:\/\/velooutlets.com\/et\/toode\/gust-viper-2\/","title":{"rendered":"Viper 2026 kollane"},"content":{"rendered":"<p>Gust Crossride Viper 29\u2033 (2026) on mitmek\u00fclgne ja vastupidav m\u00e4gijalgratas, mis on m\u00f5eldud aktiivseks s\u00f5iduks linnas ja maastikul. See \u00fchendab endas kaasaegse disaini ja usaldusv\u00e4\u00e4rsed komponendid, mis tagavad stabiilse ja mugava s\u00f5idu erinevates tingimustes.<\/p>\n<p>Alumiiniumraam muudab jalgratta kergemaks ja h\u00f5lpsamini juhitavaks, samas kui lukustusfunktsiooniga vedrustuse kahvel v\u00f5imaldab teil reguleerida s\u00f5itu - mugavuse tagamiseks karmidel radadel v\u00f5i t\u00f5husama liikumise tagamiseks k\u00f5val pinnasel. Laiade rehvidega suured 29-tollised rattad tagavad hea haardumise, stabiilsuse ja lihtsama takistuste \u00fcletamise.<\/p>\n<p>21-k\u00e4iguline Shimano Tourney s\u00fcsteem (3\u00d77) annab sulle rohkelt k\u00e4iguvahetusi t\u00f5usude ja kiirema tasase s\u00f5idu jaoks. Mehaanilised ketaspidurid tagavad turvalise ja usaldusv\u00e4\u00e4rse pidurdamise k\u00f5ikides ilmastikutingimustes.<\/p>\n<p>Spetsifikatsioon:<br \/>\nRaam: alumiinium<br \/>\nKahvel: lukustusega amortiseerunud kahvel<br \/>\nKiiruste arv: 3\u00d77 (21 kiirust)<br \/>\nEsimesel rattakettal: Shimano FD-TZ500<br \/>\nTagumine rattakett: Shimano Tourney RD-TZ500<br \/>\nShifteri k\u00e4epidemed: Shimano EF500<br \/>\nTagumine hammasratas: Shimano freewheel (7 k\u00e4iku)<br \/>\nPidurid: mehaaniline ketas<br \/>\nAlumiinium, topelt seinaga<br \/>\nRehvid: 29 \u00d7 2,35<br \/>\nIste: MTB<br \/>\nLisavarustus: tugijalg<br \/>\nKaal: ~15 kg<\/p>","protected":false},"excerpt":{"rendered":"<p>Gust Crossride Viper 29\u2033 (2026) ir daudzpus\u012bgs un iztur\u012bgs kalnu velosip\u0113ds, kas paredz\u0113ts akt\u012bvai brauk\u0161anai gan pils\u0113t\u0101, gan bezce\u013c\u0101. Tas apvieno modernu dizainu ar uzticamiem komponentiem, nodro\u0161inot stabilu un komfortablu brauk\u0161anu da\u017e\u0101dos apst\u0101k\u013cos. Alum\u012bnija r\u0101mis padara velosip\u0113du viegl\u0101ku un viegl\u0101k vad\u0101mu, savuk\u0101rt amortiz\u0101cijas dak\u0161a ar lockout funkciju \u013cauj piel\u0101got brauk\u0161anu \u2013 komfortam uz nel\u012bdzen\u0101m tak\u0101m [&hellip;]<\/p>\n","protected":false},"featured_media":36947,"template":"","meta":{"_monsterinsights_skip_tracking":false,"_monsterinsights_sitenote_active":false,"_monsterinsights_sitenote_note":"","_monsterinsights_sitenote_category":0,"_iconic_wsb_product_page_order_bump_ids":[[]],"_sku":["4751051680104"],"_iconic_wsb_product_page_bump_modal_ids":[[]]},"product_brand":[],"product_cat":[1620,980,1127],"product_tag":[212],"class_list":{"0":"post-35334","1":"product","2":"type-product","3":"status-publish","4":"has-post-thumbnail","6":"product_cat-gust-2026","7":"product_cat-kalnu-velosipedi","8":"product_cat-velosipedi","9":"product_tag-velosipedi","10":"product_shipping_class-pieauguso-velosipedi","11":"pa_height-range-170-190cm","12":"pa_materials-aluminija-ramis","13":"pa_ramja-izmers-xl","14":"pa_razosanas-gads-1253","16":"first","17":"instock","18":"taxable","19":"shipping-taxable","20":"purchasable","21":"product-type-simple"},"yoast_head":"<!-- This site is optimized with the Yoast SEO plugin v27.2 - https:\/\/yoast.com\/product\/yoast-seo-wordpress\/ -->\n<title>Viper 2026 Yellow - Velo Outlets<\/title>\n<meta name=\"robots\" content=\"index, follow, max-snippet:-1, max-image-preview:large, max-video-preview:-1\" \/>\n<link rel=\"canonical\" href=\"https:\/\/velooutlets.com\/et\/toode\/gust-viper-2\/\" \/>\n<meta property=\"og:locale\" content=\"et_EE\" \/>\n<meta property=\"og:type\" content=\"article\" \/>\n<meta property=\"og:title\" content=\"Viper 2026 Yellow - Velo Outlets\" \/>\n<meta property=\"og:description\" content=\"Gust Crossride Viper 29\u2033 (2026) ir daudzpus\u012bgs un iztur\u012bgs kalnu velosip\u0113ds, kas paredz\u0113ts akt\u012bvai brauk\u0161anai gan pils\u0113t\u0101, gan bezce\u013c\u0101. Tas apvieno modernu dizainu ar uzticamiem komponentiem, nodro\u0161inot stabilu un komfortablu brauk\u0161anu da\u017e\u0101dos apst\u0101k\u013cos. Alum\u012bnija r\u0101mis padara velosip\u0113du viegl\u0101ku un viegl\u0101k vad\u0101mu, savuk\u0101rt amortiz\u0101cijas dak\u0161a ar lockout funkciju \u013cauj piel\u0101got brauk\u0161anu \u2013 komfortam uz nel\u012bdzen\u0101m tak\u0101m [&hellip;]\" \/>\n<meta property=\"og:url\" content=\"https:\/\/velooutlets.com\/et\/toode\/gust-viper-2\/\" \/>\n<meta property=\"og:site_name\" content=\"Velo Outlets\" \/>\n<meta property=\"article:modified_time\" content=\"2026-04-29T06:59:56+00:00\" \/>\n<meta property=\"og:image\" content=\"https:\/\/velooutlets.com\/wp-content\/uploads\/2026\/02\/1000196501.jpg\" \/>\n\t<meta property=\"og:image:width\" content=\"1600\" \/>\n\t<meta property=\"og:image:height\" content=\"1067\" \/>\n\t<meta property=\"og:image:type\" content=\"image\/jpeg\" \/>\n<meta name=\"twitter:card\" content=\"summary_large_image\" \/>\n<meta name=\"twitter:label1\" content=\"Est. reading time\" \/>\n\t<meta name=\"twitter:data1\" content=\"1 minut\" \/>\n<script type=\"application\/ld+json\" class=\"yoast-schema-graph\">{\"@context\":\"https:\/\/schema.org\",\"@graph\":[{\"@type\":\"WebPage\",\"@id\":\"https:\/\/velooutlets.com\/products\/gust-viper-2\/\",\"url\":\"https:\/\/velooutlets.com\/products\/gust-viper-2\/\",\"name\":\"Viper 2026 Yellow - Velo Outlets\",\"isPartOf\":{\"@id\":\"https:\/\/velooutlets.com\/en\/#website\"},\"primaryImageOfPage\":{\"@id\":\"https:\/\/velooutlets.com\/products\/gust-viper-2\/#primaryimage\"},\"image\":{\"@id\":\"https:\/\/velooutlets.com\/products\/gust-viper-2\/#primaryimage\"},\"thumbnailUrl\":\"https:\/\/velooutlets.com\/wp-content\/uploads\/2026\/02\/1000196501.jpg\",\"datePublished\":\"2026-02-15T22:41:56+00:00\",\"dateModified\":\"2026-04-29T06:59:56+00:00\",\"breadcrumb\":{\"@id\":\"https:\/\/velooutlets.com\/products\/gust-viper-2\/#breadcrumb\"},\"inLanguage\":\"et\",\"potentialAction\":[{\"@type\":\"ReadAction\",\"target\":[\"https:\/\/velooutlets.com\/products\/gust-viper-2\/\"]}]},{\"@type\":\"ImageObject\",\"inLanguage\":\"et\",\"@id\":\"https:\/\/velooutlets.com\/products\/gust-viper-2\/#primaryimage\",\"url\":\"https:\/\/velooutlets.com\/wp-content\/uploads\/2026\/02\/1000196501.jpg\",\"contentUrl\":\"https:\/\/velooutlets.com\/wp-content\/uploads\/2026\/02\/1000196501.jpg\",\"width\":1600,\"height\":1067},{\"@type\":\"BreadcrumbList\",\"@id\":\"https:\/\/velooutlets.com\/products\/gust-viper-2\/#breadcrumb\",\"itemListElement\":[{\"@type\":\"ListItem\",\"position\":1,\"name\":\"Home\",\"item\":\"https:\/\/velooutlets.com\/\"},{\"@type\":\"ListItem\",\"position\":2,\"name\":\"Veikals\",\"item\":\"https:\/\/velooutlets.com\/shop\/\"},{\"@type\":\"ListItem\",\"position\":3,\"name\":\"Viper 2026 Yellow\"}]},{\"@type\":\"WebSite\",\"@id\":\"https:\/\/velooutlets.com\/en\/#website\",\"url\":\"https:\/\/velooutlets.com\/en\/\",\"name\":\"Velo Outlets\",\"description\":\"Velosip\u0113di visai \u0123imenei\",\"potentialAction\":[{\"@type\":\"SearchAction\",\"target\":{\"@type\":\"EntryPoint\",\"urlTemplate\":\"https:\/\/velooutlets.com\/en\/?s={search_term_string}\"},\"query-input\":{\"@type\":\"PropertyValueSpecification\",\"valueRequired\":true,\"valueName\":\"search_term_string\"}}],\"inLanguage\":\"et\"}]}<\/script>\n<!-- \/ Yoast SEO plugin. -->","yoast_head_json":{"title":"Viper 2026 Yellow - Velo Outlets","robots":{"index":"index","follow":"follow","max-snippet":"max-snippet:-1","max-image-preview":"max-image-preview:large","max-video-preview":"max-video-preview:-1"},"canonical":"https:\/\/velooutlets.com\/et\/toode\/gust-viper-2\/","og_locale":"et_EE","og_type":"article","og_title":"Viper 2026 Yellow - Velo Outlets","og_description":"Gust Crossride Viper 29\u2033 (2026) ir daudzpus\u012bgs un iztur\u012bgs kalnu velosip\u0113ds, kas paredz\u0113ts akt\u012bvai brauk\u0161anai gan pils\u0113t\u0101, gan bezce\u013c\u0101. Tas apvieno modernu dizainu ar uzticamiem komponentiem, nodro\u0161inot stabilu un komfortablu brauk\u0161anu da\u017e\u0101dos apst\u0101k\u013cos. Alum\u012bnija r\u0101mis padara velosip\u0113du viegl\u0101ku un viegl\u0101k vad\u0101mu, savuk\u0101rt amortiz\u0101cijas dak\u0161a ar lockout funkciju \u013cauj piel\u0101got brauk\u0161anu \u2013 komfortam uz nel\u012bdzen\u0101m tak\u0101m [&hellip;]","og_url":"https:\/\/velooutlets.com\/et\/toode\/gust-viper-2\/","og_site_name":"Velo Outlets","article_modified_time":"2026-04-29T06:59:56+00:00","og_image":[{"width":1600,"height":1067,"url":"https:\/\/velooutlets.com\/wp-content\/uploads\/2026\/02\/1000196501.jpg","type":"image\/jpeg"}],"twitter_card":"summary_large_image","twitter_misc":{"Est. reading time":"1 minut"},"schema":{"@context":"https:\/\/schema.org","@graph":[{"@type":"WebPage","@id":"https:\/\/velooutlets.com\/products\/gust-viper-2\/","url":"https:\/\/velooutlets.com\/products\/gust-viper-2\/","name":"Viper 2026 Yellow - Velo Outlets","isPartOf":{"@id":"https:\/\/velooutlets.com\/en\/#website"},"primaryImageOfPage":{"@id":"https:\/\/velooutlets.com\/products\/gust-viper-2\/#primaryimage"},"image":{"@id":"https:\/\/velooutlets.com\/products\/gust-viper-2\/#primaryimage"},"thumbnailUrl":"https:\/\/velooutlets.com\/wp-content\/uploads\/2026\/02\/1000196501.jpg","datePublished":"2026-02-15T22:41:56+00:00","dateModified":"2026-04-29T06:59:56+00:00","breadcrumb":{"@id":"https:\/\/velooutlets.com\/products\/gust-viper-2\/#breadcrumb"},"inLanguage":"et","potentialAction":[{"@type":"ReadAction","target":["https:\/\/velooutlets.com\/products\/gust-viper-2\/"]}]},{"@type":"ImageObject","inLanguage":"et","@id":"https:\/\/velooutlets.com\/products\/gust-viper-2\/#primaryimage","url":"https:\/\/velooutlets.com\/wp-content\/uploads\/2026\/02\/1000196501.jpg","contentUrl":"https:\/\/velooutlets.com\/wp-content\/uploads\/2026\/02\/1000196501.jpg","width":1600,"height":1067},{"@type":"BreadcrumbList","@id":"https:\/\/velooutlets.com\/products\/gust-viper-2\/#breadcrumb","itemListElement":[{"@type":"ListItem","position":1,"name":"Home","item":"https:\/\/velooutlets.com\/"},{"@type":"ListItem","position":2,"name":"Veikals","item":"https:\/\/velooutlets.com\/shop\/"},{"@type":"ListItem","position":3,"name":"Viper 2026 Yellow"}]},{"@type":"WebSite","@id":"https:\/\/velooutlets.com\/en\/#website","url":"https:\/\/velooutlets.com\/en\/","name":"Velo Outlets","description":"Jalgrattad kogu perele","potentialAction":[{"@type":"SearchAction","target":{"@type":"EntryPoint","urlTemplate":"https:\/\/velooutlets.com\/en\/?s={search_term_string}"},"query-input":{"@type":"PropertyValueSpecification","valueRequired":true,"valueName":"search_term_string"}}],"inLanguage":"et"}]}},"jetpack_sharing_enabled":true,"_links":{"self":[{"href":"https:\/\/velooutlets.com\/et\/wp-json\/wp\/v2\/product\/35334","targetHints":{"allow":["GET"]}}],"collection":[{"href":"https:\/\/velooutlets.com\/et\/wp-json\/wp\/v2\/product"}],"about":[{"href":"https:\/\/velooutlets.com\/et\/wp-json\/wp\/v2\/types\/product"}],"wp:featuredmedia":[{"embeddable":true,"href":"https:\/\/velooutlets.com\/et\/wp-json\/wp\/v2\/media\/36947"}],"wp:attachment":[{"href":"https:\/\/velooutlets.com\/et\/wp-json\/wp\/v2\/media?parent=35334"}],"wp:term":[{"taxonomy":"product_brand","embeddable":true,"href":"https:\/\/velooutlets.com\/et\/wp-json\/wp\/v2\/product_brand?post=35334"},{"taxonomy":"product_cat","embeddable":true,"href":"https:\/\/velooutlets.com\/et\/wp-json\/wp\/v2\/product_cat?post=35334"},{"taxonomy":"product_tag","embeddable":true,"href":"https:\/\/velooutlets.com\/et\/wp-json\/wp\/v2\/product_tag?post=35334"}],"curies":[{"name":"wp","href":"https:\/\/api.w.org\/{rel}","templated":true}]}}