{"id":35964,"date":"2026-03-05T17:42:46","date_gmt":"2026-03-05T15:42:46","guid":{"rendered":"https:\/\/velooutlets.com\/?post_type=product&#038;p=35964"},"modified":"2026-04-18T10:44:07","modified_gmt":"2026-04-18T07:44:07","slug":"polar-grazia-medusa-6s","status":"publish","type":"product","link":"https:\/\/velooutlets.com\/et\/toode\/polar-grazia-medusa-6s\/","title":{"rendered":"Polar Grazia Purple 6s"},"content":{"rendered":"<p>Polar Grazia 6 28\u2033 on elegantne ja praktiline linnarattur, mis on m\u00f5eldud lihtsaks igap\u00e4evaseks liiklemiseks. Selles on \u00fchendatud klassikaline disain ja funktsionaalsed lahendused, mis tagavad mugavuse nii l\u00fchikestel kui ka pikematel linnas\u00f5itudel.<\/p>\n<p>Jalgratta raam on disainitud nii, et jalgratta peale- ja mahaminek oleks lihtne ja mugav. Kaarev juhtraud tagab loomuliku p\u00fcstise istumisasendi, samas kui lai ja mugav iste aitab v\u00e4hendada vibratsiooni ja parandab s\u00f5idukogemust.<\/p>\n<p>Sellel on hulk praktilisi lisaseadmeid - esikorv ja tagumine pagasitugi, porikaitsed pritsmete eest kaitsmiseks ning esi- ja tagatuled ohutuse tagamiseks pimedal ajal. Kettakaitse ja kell lisavad ka igap\u00e4evast kasutust.<\/p>\n<p>6-k\u00e4iguline s\u00fcsteem muudab k\u00e4iguvahetuse lihtsaks ja h\u00f5lpsaks, v\u00f5imaldades teil kohandada oma s\u00f5itu erinevatele linnatingimustele.<\/p>\n<p>Spetsifikatsioon:<br \/>\nMudel: Polar Grazia 6 28\u2033<br \/>\nT\u00fc\u00fcp: linnarattad<br \/>\nRatta suurus: 700C (28\u2033)<br \/>\nKiiruste arv: 1\u00d76<br \/>\nRaam: Hi-Ten teras<br \/>\nKahvel: Hi-Ten teras, j\u00e4ik 28\u2033.<br \/>\nRooli laager: 1\u2033 keermestatud<br \/>\nJuhtraud: Alumiinium \/ teras 22,2 \/ 80 mm<br \/>\nRool: 620 mm teras<br \/>\nK\u00e4epidemed Hermans Ergo<br \/>\nIstme huul: teras 25,4 \u00d7 300 mm<br \/>\nIstekoht: P:Lab City Lady<br \/>\nRingid: Beretta 28\u2033 alumiinium, topelt seinaga, 36H<br \/>\nEesmine rummu: teras, 36H<br \/>\nTagumine rummu: teras, 36H<br \/>\nPidurik\u00e4epidemed: Saccon PVC-Alu<br \/>\nPidurid: alumiiniumist Saccon V-Brake<br \/>\nTagumine rattakett: Shimano RD-TY21 GS<br \/>\nShifteri k\u00e4epide: Shimano SL-RS36-6 (Revo)<br \/>\nTagumine hammasratas: Shimano MF-TZ500 14-28T<br \/>\nRinglus: KMC Z6<br \/>\nAlumine telje laager: thun chuck<br \/>\nEsimene hammasratas: 40T teras, 170 mm<br \/>\nPedaalid: City PVC<br \/>\nTugijalg: teras<br \/>\nRehvid: 700 \u00d7 40C<br \/>\nLisavarustus: porikaitsmed, esikorv, tagumine hammasratas, esi- ja tagatuled, ketikaitse, kella<\/p>","protected":false},"excerpt":{"rendered":"<p>Polar Grazia 6 28\u2033 ir elegants un praktisks pils\u0113tas velosip\u0113ds, kas paredz\u0113ts \u0113rtai ikdienas p\u0101rvieto\u0161anai. Tas apvieno klasisku dizainu ar funkcion\u0101liem risin\u0101jumiem, nodro\u0161inot komfortu gan \u012bsos, gan gar\u0101kos braucienos pa pils\u0113tu. Velosip\u0113da r\u0101mis veidots t\u0101, lai uzk\u0101p\u0161ana un nok\u0101p\u0161ana b\u016btu vienk\u0101r\u0161a un \u0113rta. Izliekt\u0101 st\u016bre nodro\u0161ina dabisku, vertik\u0101lu s\u0113dpoz\u012bciju, savuk\u0101rt plats un komfortabls s\u0113deklis pal\u012bdz [&hellip;]<\/p>\n","protected":false},"featured_media":36022,"template":"","meta":{"_monsterinsights_skip_tracking":false,"_monsterinsights_sitenote_active":false,"_monsterinsights_sitenote_note":"","_monsterinsights_sitenote_category":0,"_iconic_wsb_product_page_order_bump_ids":[[]],"_sku":[],"_iconic_wsb_product_page_bump_modal_ids":[[]]},"product_brand":[871],"product_cat":[1068,1127],"product_tag":[1525,850,846,212],"class_list":{"0":"post-35964","1":"product","2":"type-product","3":"status-publish","4":"has-post-thumbnail","6":"product_brand-polar","7":"product_cat-sieviesu-velosipedi","8":"product_cat-velosipedi","9":"product_tag-04_02_26","10":"product_tag-polar","11":"product_tag-sieviesu-velosipedi","12":"product_tag-velosipedi","13":"product_shipping_class-pieauguso-velosipedi","14":"pa_materials-hi-ten-steel-ramis","16":"first","17":"instock","18":"sale","19":"taxable","20":"shipping-taxable","21":"purchasable","22":"product-type-simple"},"yoast_head":"<!-- This site is optimized with the Yoast SEO plugin v27.2 - https:\/\/yoast.com\/product\/yoast-seo-wordpress\/ -->\n<title>Polar Grazia Leopard 6 sievie\u0161u velosip\u0113ds \u2013 P\u0101rliecino\u0161a izv\u0113le ikdienas un br\u012bv\u0101 laika braucieniem | Velo Outlets<\/title>\n<meta name=\"description\" content=\"Ieg\u0101d\u0101jies sievie\u0161u velosip\u0113du no Velo Outlets! Dro\u0161i, iztur\u012bgi un viegli vad\u0101mi velosip\u0113di, kas rad\u012bti komfortam.\" \/>\n<meta name=\"robots\" content=\"index, follow, max-snippet:-1, max-image-preview:large, max-video-preview:-1\" \/>\n<link rel=\"canonical\" href=\"https:\/\/velooutlets.com\/et\/toode\/polar-grazia-medusa-6s\/\" \/>\n<meta property=\"og:locale\" content=\"et_EE\" \/>\n<meta property=\"og:type\" content=\"article\" \/>\n<meta property=\"og:title\" content=\"Polar Grazia Leopard 6 sievie\u0161u velosip\u0113ds \u2013 P\u0101rliecino\u0161a izv\u0113le ikdienas un br\u012bv\u0101 laika braucieniem | Velo Outlets\" \/>\n<meta property=\"og:description\" content=\"Ieg\u0101d\u0101jies sievie\u0161u velosip\u0113du no Velo Outlets! Dro\u0161i, iztur\u012bgi un viegli vad\u0101mi velosip\u0113di, kas rad\u012bti komfortam.\" \/>\n<meta property=\"og:url\" content=\"https:\/\/velooutlets.com\/et\/toode\/polar-grazia-medusa-6s\/\" \/>\n<meta property=\"og:site_name\" content=\"Velo Outlets\" \/>\n<meta property=\"article:modified_time\" content=\"2026-04-18T07:44:07+00:00\" \/>\n<meta property=\"og:image\" content=\"https:\/\/velooutlets.com\/wp-content\/uploads\/2026\/03\/1000193022.jpg\" \/>\n\t<meta property=\"og:image:width\" content=\"2000\" \/>\n\t<meta property=\"og:image:height\" content=\"1333\" \/>\n\t<meta property=\"og:image:type\" content=\"image\/jpeg\" \/>\n<meta name=\"twitter:card\" content=\"summary_large_image\" \/>\n<meta name=\"twitter:label1\" content=\"Est. reading time\" \/>\n\t<meta name=\"twitter:data1\" content=\"1 minut\" \/>\n<script type=\"application\/ld+json\" class=\"yoast-schema-graph\">{\"@context\":\"https:\/\/schema.org\",\"@graph\":[{\"@type\":\"WebPage\",\"@id\":\"https:\/\/velooutlets.com\/products\/polar-grazia-medusa-6s\/\",\"url\":\"https:\/\/velooutlets.com\/products\/polar-grazia-medusa-6s\/\",\"name\":\"Polar Grazia Leopard 6 sievie\u0161u velosip\u0113ds \u2013 P\u0101rliecino\u0161a izv\u0113le ikdienas un br\u012bv\u0101 laika braucieniem | Velo Outlets\",\"isPartOf\":{\"@id\":\"https:\/\/velooutlets.com\/en\/#website\"},\"primaryImageOfPage\":{\"@id\":\"https:\/\/velooutlets.com\/products\/polar-grazia-medusa-6s\/#primaryimage\"},\"image\":{\"@id\":\"https:\/\/velooutlets.com\/products\/polar-grazia-medusa-6s\/#primaryimage\"},\"thumbnailUrl\":\"https:\/\/velooutlets.com\/wp-content\/uploads\/2026\/03\/1000193022.jpg\",\"datePublished\":\"2026-03-05T15:42:46+00:00\",\"dateModified\":\"2026-04-18T07:44:07+00:00\",\"description\":\"Ieg\u0101d\u0101jies sievie\u0161u velosip\u0113du no Velo Outlets! Dro\u0161i, iztur\u012bgi un viegli vad\u0101mi velosip\u0113di, kas rad\u012bti komfortam.\",\"breadcrumb\":{\"@id\":\"https:\/\/velooutlets.com\/products\/polar-grazia-medusa-6s\/#breadcrumb\"},\"inLanguage\":\"et\",\"potentialAction\":[{\"@type\":\"ReadAction\",\"target\":[\"https:\/\/velooutlets.com\/products\/polar-grazia-medusa-6s\/\"]}]},{\"@type\":\"ImageObject\",\"inLanguage\":\"et\",\"@id\":\"https:\/\/velooutlets.com\/products\/polar-grazia-medusa-6s\/#primaryimage\",\"url\":\"https:\/\/velooutlets.com\/wp-content\/uploads\/2026\/03\/1000193022.jpg\",\"contentUrl\":\"https:\/\/velooutlets.com\/wp-content\/uploads\/2026\/03\/1000193022.jpg\",\"width\":2000,\"height\":1333},{\"@type\":\"BreadcrumbList\",\"@id\":\"https:\/\/velooutlets.com\/products\/polar-grazia-medusa-6s\/#breadcrumb\",\"itemListElement\":[{\"@type\":\"ListItem\",\"position\":1,\"name\":\"Home\",\"item\":\"https:\/\/velooutlets.com\/\"},{\"@type\":\"ListItem\",\"position\":2,\"name\":\"Veikals\",\"item\":\"https:\/\/velooutlets.com\/shop\/\"},{\"@type\":\"ListItem\",\"position\":3,\"name\":\"Polar Grazia Purple 6s\"}]},{\"@type\":\"WebSite\",\"@id\":\"https:\/\/velooutlets.com\/en\/#website\",\"url\":\"https:\/\/velooutlets.com\/en\/\",\"name\":\"Velo Outlets\",\"description\":\"Velosip\u0113di visai \u0123imenei\",\"potentialAction\":[{\"@type\":\"SearchAction\",\"target\":{\"@type\":\"EntryPoint\",\"urlTemplate\":\"https:\/\/velooutlets.com\/en\/?s={search_term_string}\"},\"query-input\":{\"@type\":\"PropertyValueSpecification\",\"valueRequired\":true,\"valueName\":\"search_term_string\"}}],\"inLanguage\":\"et\"}]}<\/script>\n<!-- \/ Yoast SEO plugin. -->","yoast_head_json":{"title":"Polar Grazia Leopard 6 sievie\u0161u velosip\u0113ds \u2013 P\u0101rliecino\u0161a izv\u0113le ikdienas un br\u012bv\u0101 laika braucieniem | Velo Outlets","description":"Ieg\u0101d\u0101jies sievie\u0161u velosip\u0113du no Velo Outlets! Dro\u0161i, iztur\u012bgi un viegli vad\u0101mi velosip\u0113di, kas rad\u012bti komfortam.","robots":{"index":"index","follow":"follow","max-snippet":"max-snippet:-1","max-image-preview":"max-image-preview:large","max-video-preview":"max-video-preview:-1"},"canonical":"https:\/\/velooutlets.com\/et\/toode\/polar-grazia-medusa-6s\/","og_locale":"et_EE","og_type":"article","og_title":"Polar Grazia Leopard 6 sievie\u0161u velosip\u0113ds \u2013 P\u0101rliecino\u0161a izv\u0113le ikdienas un br\u012bv\u0101 laika braucieniem | Velo Outlets","og_description":"Ieg\u0101d\u0101jies sievie\u0161u velosip\u0113du no Velo Outlets! Dro\u0161i, iztur\u012bgi un viegli vad\u0101mi velosip\u0113di, kas rad\u012bti komfortam.","og_url":"https:\/\/velooutlets.com\/et\/toode\/polar-grazia-medusa-6s\/","og_site_name":"Velo Outlets","article_modified_time":"2026-04-18T07:44:07+00:00","og_image":[{"width":2000,"height":1333,"url":"https:\/\/velooutlets.com\/wp-content\/uploads\/2026\/03\/1000193022.jpg","type":"image\/jpeg"}],"twitter_card":"summary_large_image","twitter_misc":{"Est. reading time":"1 minut"},"schema":{"@context":"https:\/\/schema.org","@graph":[{"@type":"WebPage","@id":"https:\/\/velooutlets.com\/products\/polar-grazia-medusa-6s\/","url":"https:\/\/velooutlets.com\/products\/polar-grazia-medusa-6s\/","name":"Polar Grazia Leopard 6 sievie\u0161u velosip\u0113ds \u2013 P\u0101rliecino\u0161a izv\u0113le ikdienas un br\u012bv\u0101 laika braucieniem | Velo Outlets","isPartOf":{"@id":"https:\/\/velooutlets.com\/en\/#website"},"primaryImageOfPage":{"@id":"https:\/\/velooutlets.com\/products\/polar-grazia-medusa-6s\/#primaryimage"},"image":{"@id":"https:\/\/velooutlets.com\/products\/polar-grazia-medusa-6s\/#primaryimage"},"thumbnailUrl":"https:\/\/velooutlets.com\/wp-content\/uploads\/2026\/03\/1000193022.jpg","datePublished":"2026-03-05T15:42:46+00:00","dateModified":"2026-04-18T07:44:07+00:00","description":"Ieg\u0101d\u0101jies sievie\u0161u velosip\u0113du no Velo Outlets! Dro\u0161i, iztur\u012bgi un viegli vad\u0101mi velosip\u0113di, kas rad\u012bti komfortam.","breadcrumb":{"@id":"https:\/\/velooutlets.com\/products\/polar-grazia-medusa-6s\/#breadcrumb"},"inLanguage":"et","potentialAction":[{"@type":"ReadAction","target":["https:\/\/velooutlets.com\/products\/polar-grazia-medusa-6s\/"]}]},{"@type":"ImageObject","inLanguage":"et","@id":"https:\/\/velooutlets.com\/products\/polar-grazia-medusa-6s\/#primaryimage","url":"https:\/\/velooutlets.com\/wp-content\/uploads\/2026\/03\/1000193022.jpg","contentUrl":"https:\/\/velooutlets.com\/wp-content\/uploads\/2026\/03\/1000193022.jpg","width":2000,"height":1333},{"@type":"BreadcrumbList","@id":"https:\/\/velooutlets.com\/products\/polar-grazia-medusa-6s\/#breadcrumb","itemListElement":[{"@type":"ListItem","position":1,"name":"Home","item":"https:\/\/velooutlets.com\/"},{"@type":"ListItem","position":2,"name":"Veikals","item":"https:\/\/velooutlets.com\/shop\/"},{"@type":"ListItem","position":3,"name":"Polar Grazia Purple 6s"}]},{"@type":"WebSite","@id":"https:\/\/velooutlets.com\/en\/#website","url":"https:\/\/velooutlets.com\/en\/","name":"Velo Outlets","description":"Jalgrattad kogu perele","potentialAction":[{"@type":"SearchAction","target":{"@type":"EntryPoint","urlTemplate":"https:\/\/velooutlets.com\/en\/?s={search_term_string}"},"query-input":{"@type":"PropertyValueSpecification","valueRequired":true,"valueName":"search_term_string"}}],"inLanguage":"et"}]}},"jetpack_sharing_enabled":true,"_links":{"self":[{"href":"https:\/\/velooutlets.com\/et\/wp-json\/wp\/v2\/product\/35964","targetHints":{"allow":["GET"]}}],"collection":[{"href":"https:\/\/velooutlets.com\/et\/wp-json\/wp\/v2\/product"}],"about":[{"href":"https:\/\/velooutlets.com\/et\/wp-json\/wp\/v2\/types\/product"}],"wp:featuredmedia":[{"embeddable":true,"href":"https:\/\/velooutlets.com\/et\/wp-json\/wp\/v2\/media\/36022"}],"wp:attachment":[{"href":"https:\/\/velooutlets.com\/et\/wp-json\/wp\/v2\/media?parent=35964"}],"wp:term":[{"taxonomy":"product_brand","embeddable":true,"href":"https:\/\/velooutlets.com\/et\/wp-json\/wp\/v2\/product_brand?post=35964"},{"taxonomy":"product_cat","embeddable":true,"href":"https:\/\/velooutlets.com\/et\/wp-json\/wp\/v2\/product_cat?post=35964"},{"taxonomy":"product_tag","embeddable":true,"href":"https:\/\/velooutlets.com\/et\/wp-json\/wp\/v2\/product_tag?post=35964"}],"curies":[{"name":"wp","href":"https:\/\/api.w.org\/{rel}","templated":true}]}}