{"id":36242,"date":"2026-03-11T20:20:13","date_gmt":"2026-03-11T18:20:13","guid":{"rendered":"https:\/\/velooutlets.com\/?post_type=product&#038;p=36242"},"modified":"2026-04-01T17:06:07","modified_gmt":"2026-04-01T14:06:07","slug":"ixs-trigger-ff-helmet-marine","status":"publish","type":"product","link":"https:\/\/velooutlets.com\/et\/toode\/ixs-trigger-ff-helmet-marine\/","title":{"rendered":"IXS Trigger FF Helmet Marine (M\/L)"},"content":{"rendered":"<p>Trigger FF kiiver pakub kerget ja usaldusv\u00e4\u00e4rset kaitset igal s\u00f5idul. See kaalub vaid umbes 595 grammi, mis on t\u00e4isn\u00e4okiivrite kategoorias eriti madal, s\u00e4ilitades samal ajal k\u00f5rge ohutuse ja j\u00f5udluse taseme paljudes distsipliinides. Patenteeritud All in One Inmould-tehnoloogia \u00fchendab EPS-vahus\u00fcdamiku ja kiivri v\u00e4liskesta \u00fches konstruktsioonis, kaasa arvatud l\u00f5uakaitse. See lahendus v\u00e4hendab kaalu ja mahtu, suurendades samal ajal konstruktsiooni tugevust ja ohutust.<br \/>\nKiiver tagab t\u00f5husa ventilatsiooni t\u00e4nu t\u00e4pselt paigutatud tuulutusavadele ja sisemistele \u00f5hukanalitele. Individuaalset istuvust saab h\u00f5lpsasti reguleerida reguleerimisrattaga, mis v\u00f5imaldab reguleerida nii pea \u00fcmberm\u00f5\u00f5tu kui ka k\u00f5rgust. Kaheastmeliselt reguleeritav visiir \u00fchildub kaitseprillidega ja v\u00f5imaldab mugavat s\u00f5itu nii koos prillidega kui ka ilma nendeta. Magnetiline sulgemine v\u00f5imaldab kiivrit kiiresti ja lihtsalt sulgeda, isegi kinnastega.<\/p>\n<p>Kiiver vastab EN1078, CPSC ja ASTM ohutusstandarditele.<\/p>\n<div style=\"font-family:Arial, sans-serif; margin:20px 0; color:#111;\">\n<div style=\"border:1px solid #e7e7e7; border-radius:12px; background:#fff; overflow:hidden;\">\n<div style=\"background:#111; color:#fff; padding:12px 16px;\">\n<div style=\"font-size:11px; letter-spacing:1px; text-transform:uppercase; opacity:0.8;\">\n        iXS Trigger FF \/ Trigger FF Mips\n      <\/div>\n<div style=\"font-size:16px; font-weight:600; margin-top:2px;\">\n        Suurusjuhend\n      <\/div>\n<\/p><\/div>\n<div style=\"padding:14px 16px;\">\n<div style=\"display:grid; grid-template-columns:repeat(auto-fit,minmax(120px,1fr)); gap:10px; margin-bottom:12px;\">\n<div style=\"border:1px solid #ececec; border-radius:10px; padding:10px 12px; background:#fafafa;\">\n<div style=\"font-size:10px; text-transform:uppercase; letter-spacing:.7px; color:#666;\">Suurus<\/div>\n<div style=\"font-size:18px; font-weight:700; margin-top:2px;\">XS<\/div>\n<div style=\"font-size:13px; font-weight:600; margin-top:3px;\">49-54 cm<\/div>\n<\/p><\/div>\n<div style=\"border:1px solid #ececec; border-radius:10px; padding:10px 12px; background:#fafafa;\">\n<div style=\"font-size:10px; text-transform:uppercase; letter-spacing:.7px; color:#666;\">Suurus<\/div>\n<div style=\"font-size:18px; font-weight:700; margin-top:2px;\">SM<\/div>\n<div style=\"font-size:13px; font-weight:600; margin-top:3px;\">54-58 cm<\/div>\n<\/p><\/div>\n<div style=\"border:1px solid #ececec; border-radius:10px; padding:10px 12px; background:#fafafa;\">\n<div style=\"font-size:10px; text-transform:uppercase; letter-spacing:.7px; color:#666;\">Suurus<\/div>\n<div style=\"font-size:18px; font-weight:700; margin-top:2px;\">ML<\/div>\n<div style=\"font-size:13px; font-weight:600; margin-top:3px;\">58-62 cm<\/div>\n<\/p><\/div>\n<\/p><\/div>\n<div style=\"border-top:1px solid #efefef; padding-top:10px; font-size:12px; color:#555; line-height:1.5;\">\n        M\u00f5\u00f5tke oma pea \u00fcmberm\u00f5\u00f5t umbes 1 cm \u00fcle kulmude ja valige sobiv suurus.\n      <\/div>\n<\/p><\/div>\n<\/p><\/div>\n<\/div>","protected":false},"excerpt":{"rendered":"<p>Suurus M\/L (58-62cm)<\/p>","protected":false},"featured_media":36243,"template":"","meta":{"_monsterinsights_skip_tracking":false,"_monsterinsights_sitenote_active":false,"_monsterinsights_sitenote_note":"","_monsterinsights_sitenote_category":0,"_iconic_wsb_product_page_order_bump_ids":[[]],"_sku":["7630554909387"],"_iconic_wsb_product_page_bump_modal_ids":[[]]},"product_brand":[1728],"product_cat":[910,992,994,1727,1137],"product_tag":[],"class_list":{"0":"post-36242","1":"product","2":"type-product","3":"status-publish","4":"has-post-thumbnail","6":"product_brand-ixs","7":"product_cat-aksesuari","8":"product_cat-kiveres","9":"product_cat-aizsargkiveres-pieaugusajiem","10":"product_cat-mtb-kiveres","11":"product_cat-viss-ekipejums","12":"product_shipping_class-aksesuari","14":"first","15":"instock","16":"sale","17":"taxable","18":"shipping-taxable","19":"purchasable","20":"product-type-simple"},"yoast_head":"<!-- This site is optimized with the Yoast SEO plugin v27.2 - https:\/\/yoast.com\/product\/yoast-seo-wordpress\/ -->\n<title>IXS Trigger FF Helmet Marine (M\/L) - Velo Outlets<\/title>\n<meta name=\"description\" content=\"Trigger FF velo \u0137ivere ar \u012bpa\u0161i vieglu konstrukciju un izcilu ventil\u0101ciju. Maksim\u0101la aizsardz\u012bba un komforts MTB, enduro un trail braucieniem.\" \/>\n<meta name=\"robots\" content=\"index, follow, max-snippet:-1, max-image-preview:large, max-video-preview:-1\" \/>\n<link rel=\"canonical\" href=\"https:\/\/velooutlets.com\/et\/toode\/ixs-trigger-ff-helmet-marine\/\" \/>\n<meta property=\"og:locale\" content=\"et_EE\" \/>\n<meta property=\"og:type\" content=\"article\" \/>\n<meta property=\"og:title\" content=\"IXS Trigger FF Helmet Marine (M\/L) - Velo Outlets\" \/>\n<meta property=\"og:description\" content=\"Trigger FF velo \u0137ivere ar \u012bpa\u0161i vieglu konstrukciju un izcilu ventil\u0101ciju. Maksim\u0101la aizsardz\u012bba un komforts MTB, enduro un trail braucieniem.\" \/>\n<meta property=\"og:url\" content=\"https:\/\/velooutlets.com\/et\/toode\/ixs-trigger-ff-helmet-marine\/\" \/>\n<meta property=\"og:site_name\" content=\"Velo Outlets\" \/>\n<meta property=\"article:modified_time\" content=\"2026-04-01T14:06:07+00:00\" \/>\n<meta property=\"og:image\" content=\"https:\/\/velooutlets.com\/wp-content\/uploads\/2026\/03\/MTB_Velosipeda_Kivere_VeloOutlets.jpg\" \/>\n\t<meta property=\"og:image:width\" content=\"1000\" \/>\n\t<meta property=\"og:image:height\" content=\"1000\" \/>\n\t<meta property=\"og:image:type\" content=\"image\/jpeg\" \/>\n<meta name=\"twitter:card\" content=\"summary_large_image\" \/>\n<meta name=\"twitter:label1\" content=\"Est. reading time\" \/>\n\t<meta name=\"twitter:data1\" content=\"2 minutit\" \/>\n<script type=\"application\/ld+json\" class=\"yoast-schema-graph\">{\"@context\":\"https:\/\/schema.org\",\"@graph\":[{\"@type\":\"WebPage\",\"@id\":\"https:\/\/velooutlets.com\/products\/ixs-trigger-ff-helmet-marine\/\",\"url\":\"https:\/\/velooutlets.com\/products\/ixs-trigger-ff-helmet-marine\/\",\"name\":\"IXS Trigger FF Helmet Marine (M\/L) - Velo Outlets\",\"isPartOf\":{\"@id\":\"https:\/\/velooutlets.com\/en\/#website\"},\"primaryImageOfPage\":{\"@id\":\"https:\/\/velooutlets.com\/products\/ixs-trigger-ff-helmet-marine\/#primaryimage\"},\"image\":{\"@id\":\"https:\/\/velooutlets.com\/products\/ixs-trigger-ff-helmet-marine\/#primaryimage\"},\"thumbnailUrl\":\"https:\/\/velooutlets.com\/wp-content\/uploads\/2026\/03\/MTB_Velosipeda_Kivere_VeloOutlets.jpg\",\"datePublished\":\"2026-03-11T18:20:13+00:00\",\"dateModified\":\"2026-04-01T14:06:07+00:00\",\"description\":\"Trigger FF velo \u0137ivere ar \u012bpa\u0161i vieglu konstrukciju un izcilu ventil\u0101ciju. Maksim\u0101la aizsardz\u012bba un komforts MTB, enduro un trail braucieniem.\",\"breadcrumb\":{\"@id\":\"https:\/\/velooutlets.com\/products\/ixs-trigger-ff-helmet-marine\/#breadcrumb\"},\"inLanguage\":\"et\",\"potentialAction\":[{\"@type\":\"ReadAction\",\"target\":[\"https:\/\/velooutlets.com\/products\/ixs-trigger-ff-helmet-marine\/\"]}]},{\"@type\":\"ImageObject\",\"inLanguage\":\"et\",\"@id\":\"https:\/\/velooutlets.com\/products\/ixs-trigger-ff-helmet-marine\/#primaryimage\",\"url\":\"https:\/\/velooutlets.com\/wp-content\/uploads\/2026\/03\/MTB_Velosipeda_Kivere_VeloOutlets.jpg\",\"contentUrl\":\"https:\/\/velooutlets.com\/wp-content\/uploads\/2026\/03\/MTB_Velosipeda_Kivere_VeloOutlets.jpg\",\"width\":1000,\"height\":1000,\"caption\":\"MTB_Velosip\u0113da_\u0136ivere_VeloOutlets\"},{\"@type\":\"BreadcrumbList\",\"@id\":\"https:\/\/velooutlets.com\/products\/ixs-trigger-ff-helmet-marine\/#breadcrumb\",\"itemListElement\":[{\"@type\":\"ListItem\",\"position\":1,\"name\":\"Home\",\"item\":\"https:\/\/velooutlets.com\/\"},{\"@type\":\"ListItem\",\"position\":2,\"name\":\"Veikals\",\"item\":\"https:\/\/velooutlets.com\/shop\/\"},{\"@type\":\"ListItem\",\"position\":3,\"name\":\"IXS Trigger FF Helmet Marine (M\/L)\"}]},{\"@type\":\"WebSite\",\"@id\":\"https:\/\/velooutlets.com\/en\/#website\",\"url\":\"https:\/\/velooutlets.com\/en\/\",\"name\":\"Velo Outlets\",\"description\":\"Velosip\u0113di visai \u0123imenei\",\"potentialAction\":[{\"@type\":\"SearchAction\",\"target\":{\"@type\":\"EntryPoint\",\"urlTemplate\":\"https:\/\/velooutlets.com\/en\/?s={search_term_string}\"},\"query-input\":{\"@type\":\"PropertyValueSpecification\",\"valueRequired\":true,\"valueName\":\"search_term_string\"}}],\"inLanguage\":\"et\"}]}<\/script>\n<!-- \/ Yoast SEO plugin. -->","yoast_head_json":{"title":"IXS Trigger FF Helmet Marine (M\/L) - Velo Outlets","description":"Trigger FF velo \u0137ivere ar \u012bpa\u0161i vieglu konstrukciju un izcilu ventil\u0101ciju. Maksim\u0101la aizsardz\u012bba un komforts MTB, enduro un trail braucieniem.","robots":{"index":"index","follow":"follow","max-snippet":"max-snippet:-1","max-image-preview":"max-image-preview:large","max-video-preview":"max-video-preview:-1"},"canonical":"https:\/\/velooutlets.com\/et\/toode\/ixs-trigger-ff-helmet-marine\/","og_locale":"et_EE","og_type":"article","og_title":"IXS Trigger FF Helmet Marine (M\/L) - Velo Outlets","og_description":"Trigger FF velo \u0137ivere ar \u012bpa\u0161i vieglu konstrukciju un izcilu ventil\u0101ciju. Maksim\u0101la aizsardz\u012bba un komforts MTB, enduro un trail braucieniem.","og_url":"https:\/\/velooutlets.com\/et\/toode\/ixs-trigger-ff-helmet-marine\/","og_site_name":"Velo Outlets","article_modified_time":"2026-04-01T14:06:07+00:00","og_image":[{"width":1000,"height":1000,"url":"https:\/\/velooutlets.com\/wp-content\/uploads\/2026\/03\/MTB_Velosipeda_Kivere_VeloOutlets.jpg","type":"image\/jpeg"}],"twitter_card":"summary_large_image","twitter_misc":{"Est. reading time":"2 minutit"},"schema":{"@context":"https:\/\/schema.org","@graph":[{"@type":"WebPage","@id":"https:\/\/velooutlets.com\/products\/ixs-trigger-ff-helmet-marine\/","url":"https:\/\/velooutlets.com\/products\/ixs-trigger-ff-helmet-marine\/","name":"IXS Trigger FF Helmet Marine (M\/L) - Velo Outlets","isPartOf":{"@id":"https:\/\/velooutlets.com\/en\/#website"},"primaryImageOfPage":{"@id":"https:\/\/velooutlets.com\/products\/ixs-trigger-ff-helmet-marine\/#primaryimage"},"image":{"@id":"https:\/\/velooutlets.com\/products\/ixs-trigger-ff-helmet-marine\/#primaryimage"},"thumbnailUrl":"https:\/\/velooutlets.com\/wp-content\/uploads\/2026\/03\/MTB_Velosipeda_Kivere_VeloOutlets.jpg","datePublished":"2026-03-11T18:20:13+00:00","dateModified":"2026-04-01T14:06:07+00:00","description":"Trigger FF velo \u0137ivere ar \u012bpa\u0161i vieglu konstrukciju un izcilu ventil\u0101ciju. Maksim\u0101la aizsardz\u012bba un komforts MTB, enduro un trail braucieniem.","breadcrumb":{"@id":"https:\/\/velooutlets.com\/products\/ixs-trigger-ff-helmet-marine\/#breadcrumb"},"inLanguage":"et","potentialAction":[{"@type":"ReadAction","target":["https:\/\/velooutlets.com\/products\/ixs-trigger-ff-helmet-marine\/"]}]},{"@type":"ImageObject","inLanguage":"et","@id":"https:\/\/velooutlets.com\/products\/ixs-trigger-ff-helmet-marine\/#primaryimage","url":"https:\/\/velooutlets.com\/wp-content\/uploads\/2026\/03\/MTB_Velosipeda_Kivere_VeloOutlets.jpg","contentUrl":"https:\/\/velooutlets.com\/wp-content\/uploads\/2026\/03\/MTB_Velosipeda_Kivere_VeloOutlets.jpg","width":1000,"height":1000,"caption":"MTB_Velosip\u0113da_\u0136ivere_VeloOutlets"},{"@type":"BreadcrumbList","@id":"https:\/\/velooutlets.com\/products\/ixs-trigger-ff-helmet-marine\/#breadcrumb","itemListElement":[{"@type":"ListItem","position":1,"name":"Home","item":"https:\/\/velooutlets.com\/"},{"@type":"ListItem","position":2,"name":"Veikals","item":"https:\/\/velooutlets.com\/shop\/"},{"@type":"ListItem","position":3,"name":"IXS Trigger FF Helmet Marine (M\/L)"}]},{"@type":"WebSite","@id":"https:\/\/velooutlets.com\/en\/#website","url":"https:\/\/velooutlets.com\/en\/","name":"Velo Outlets","description":"Jalgrattad kogu perele","potentialAction":[{"@type":"SearchAction","target":{"@type":"EntryPoint","urlTemplate":"https:\/\/velooutlets.com\/en\/?s={search_term_string}"},"query-input":{"@type":"PropertyValueSpecification","valueRequired":true,"valueName":"search_term_string"}}],"inLanguage":"et"}]}},"jetpack_sharing_enabled":true,"_links":{"self":[{"href":"https:\/\/velooutlets.com\/et\/wp-json\/wp\/v2\/product\/36242","targetHints":{"allow":["GET"]}}],"collection":[{"href":"https:\/\/velooutlets.com\/et\/wp-json\/wp\/v2\/product"}],"about":[{"href":"https:\/\/velooutlets.com\/et\/wp-json\/wp\/v2\/types\/product"}],"wp:featuredmedia":[{"embeddable":true,"href":"https:\/\/velooutlets.com\/et\/wp-json\/wp\/v2\/media\/36243"}],"wp:attachment":[{"href":"https:\/\/velooutlets.com\/et\/wp-json\/wp\/v2\/media?parent=36242"}],"wp:term":[{"taxonomy":"product_brand","embeddable":true,"href":"https:\/\/velooutlets.com\/et\/wp-json\/wp\/v2\/product_brand?post=36242"},{"taxonomy":"product_cat","embeddable":true,"href":"https:\/\/velooutlets.com\/et\/wp-json\/wp\/v2\/product_cat?post=36242"},{"taxonomy":"product_tag","embeddable":true,"href":"https:\/\/velooutlets.com\/et\/wp-json\/wp\/v2\/product_tag?post=36242"}],"curies":[{"name":"wp","href":"https:\/\/api.w.org\/{rel}","templated":true}]}}