{"id":37576,"date":"2026-03-27T14:52:02","date_gmt":"2026-03-27T12:52:02","guid":{"rendered":"https:\/\/velooutlets.com\/products\/grundig-e275-e-bik\/"},"modified":"2026-04-16T14:39:44","modified_gmt":"2026-04-16T11:39:44","slug":"grundig-e275-e-bik","status":"publish","type":"product","link":"https:\/\/velooutlets.com\/et\/toode\/grundig-e275-e-bik\/","title":{"rendered":"Grundig E275 E-bik"},"content":{"rendered":"<p>Grundig E275 on mitmek\u00fclgne elektriratas, mis sobib nii linnas kui ka kerges maastikus kasutamiseks. Alumiiniumraam ja 27,5-tollised rattad tagavad hea man\u00f6\u00f6verdusv\u00f5ime ja stabiilsuse erinevates teeoludes.<\/p>\n<p>250 W Grundigi mootor kuni 50 Nm p\u00f6\u00f6rdemomendiga annab piisavalt j\u00f5udu igap\u00e4evaseks s\u00f5iduks, samas kui 530 Wh aku v\u00f5imaldab \u00fche laadimisega l\u00e4bida kuni 110 km. SR Suntouri 100 mm teekonnaga amortiseeriv kahvel parandab mugavust ebatasastel teedel.<\/p>\n<p>Shimano Tourney 7-k\u00e4iguline s\u00fcsteem on lihtne ja usaldusv\u00e4\u00e4rne, samas kui Tektro mehaanilised ketaspidurid tagavad usaldusv\u00e4\u00e4rse pidurdamise. Grundig E275 on hea valik neile, kes otsivad taskukohast ja mitmek\u00fclgset e-ratast igap\u00e4evaseks ja n\u00e4dalavahetusel kasutamiseks.<\/p>","protected":false},"excerpt":{"rendered":"<p>530Wh aku kuni 110 km, mootor kuni 50 Nm<\/p>","protected":false},"featured_media":37693,"template":"","meta":{"_monsterinsights_skip_tracking":false,"_monsterinsights_sitenote_active":false,"_monsterinsights_sitenote_note":"","_monsterinsights_sitenote_category":0,"_iconic_wsb_product_page_order_bump_ids":[],"_sku":["EBXKSR02315C117E"],"_iconic_wsb_product_page_bump_modal_ids":[]},"product_brand":[1822],"product_cat":[963,1127],"product_tag":[1826,847],"class_list":{"0":"post-37576","1":"product","2":"type-product","3":"status-publish","4":"has-post-thumbnail","6":"product_brand-grundig","7":"product_cat-elektro-velosipedi","8":"product_cat-velosipedi","9":"product_tag-bicycles_27-03","10":"product_tag-elektro-velosipedi","11":"product_shipping_class-elektro-velosipedi","12":"pa_ramja-izmers-uni","14":"first","15":"instock","16":"taxable","17":"shipping-taxable","18":"purchasable","19":"product-type-simple"},"yoast_head":"<!-- This site is optimized with the Yoast SEO plugin v27.2 - https:\/\/yoast.com\/product\/yoast-seo-wordpress\/ -->\n<title>Grundig E275 E-bik - Velo Outlets<\/title>\n<meta name=\"robots\" content=\"index, follow, max-snippet:-1, max-image-preview:large, max-video-preview:-1\" \/>\n<link rel=\"canonical\" href=\"https:\/\/velooutlets.com\/et\/toode\/grundig-e275-e-bik\/\" \/>\n<meta property=\"og:locale\" content=\"et_EE\" \/>\n<meta property=\"og:type\" content=\"article\" \/>\n<meta property=\"og:title\" content=\"Grundig E275 E-bik - Velo Outlets\" \/>\n<meta property=\"og:description\" content=\"530Wh akumulators l\u012bdz 110 km, motors l\u012bdz 50 Nm\" \/>\n<meta property=\"og:url\" content=\"https:\/\/velooutlets.com\/et\/toode\/grundig-e275-e-bik\/\" \/>\n<meta property=\"og:site_name\" content=\"Velo Outlets\" \/>\n<meta property=\"article:modified_time\" content=\"2026-04-16T11:39:44+00:00\" \/>\n<meta property=\"og:image\" content=\"https:\/\/velooutlets.com\/wp-content\/uploads\/2026\/03\/1000197905-scaled.jpg\" \/>\n\t<meta property=\"og:image:width\" content=\"2560\" \/>\n\t<meta property=\"og:image:height\" content=\"1707\" \/>\n\t<meta property=\"og:image:type\" content=\"image\/jpeg\" \/>\n<meta name=\"twitter:card\" content=\"summary_large_image\" \/>\n<meta name=\"twitter:label1\" content=\"Est. reading time\" \/>\n\t<meta name=\"twitter:data1\" content=\"1 minut\" \/>\n<script type=\"application\/ld+json\" class=\"yoast-schema-graph\">{\"@context\":\"https:\/\/schema.org\",\"@graph\":[{\"@type\":\"WebPage\",\"@id\":\"https:\/\/velooutlets.com\/products\/grundig-e275-e-bik\/\",\"url\":\"https:\/\/velooutlets.com\/products\/grundig-e275-e-bik\/\",\"name\":\"Grundig E275 E-bik - Velo Outlets\",\"isPartOf\":{\"@id\":\"https:\/\/velooutlets.com\/en\/#website\"},\"primaryImageOfPage\":{\"@id\":\"https:\/\/velooutlets.com\/products\/grundig-e275-e-bik\/#primaryimage\"},\"image\":{\"@id\":\"https:\/\/velooutlets.com\/products\/grundig-e275-e-bik\/#primaryimage\"},\"thumbnailUrl\":\"https:\/\/velooutlets.com\/wp-content\/uploads\/2026\/03\/1000197905-scaled.jpg\",\"datePublished\":\"2026-03-27T12:52:02+00:00\",\"dateModified\":\"2026-04-16T11:39:44+00:00\",\"breadcrumb\":{\"@id\":\"https:\/\/velooutlets.com\/products\/grundig-e275-e-bik\/#breadcrumb\"},\"inLanguage\":\"et\",\"potentialAction\":[{\"@type\":\"ReadAction\",\"target\":[\"https:\/\/velooutlets.com\/products\/grundig-e275-e-bik\/\"]}]},{\"@type\":\"ImageObject\",\"inLanguage\":\"et\",\"@id\":\"https:\/\/velooutlets.com\/products\/grundig-e275-e-bik\/#primaryimage\",\"url\":\"https:\/\/velooutlets.com\/wp-content\/uploads\/2026\/03\/1000197905-scaled.jpg\",\"contentUrl\":\"https:\/\/velooutlets.com\/wp-content\/uploads\/2026\/03\/1000197905-scaled.jpg\",\"width\":2560,\"height\":1707},{\"@type\":\"BreadcrumbList\",\"@id\":\"https:\/\/velooutlets.com\/products\/grundig-e275-e-bik\/#breadcrumb\",\"itemListElement\":[{\"@type\":\"ListItem\",\"position\":1,\"name\":\"Home\",\"item\":\"https:\/\/velooutlets.com\/\"},{\"@type\":\"ListItem\",\"position\":2,\"name\":\"Veikals\",\"item\":\"https:\/\/velooutlets.com\/shop\/\"},{\"@type\":\"ListItem\",\"position\":3,\"name\":\"Grundig E275 E-bik\"}]},{\"@type\":\"WebSite\",\"@id\":\"https:\/\/velooutlets.com\/en\/#website\",\"url\":\"https:\/\/velooutlets.com\/en\/\",\"name\":\"Velo Outlets\",\"description\":\"Velosip\u0113di visai \u0123imenei\",\"potentialAction\":[{\"@type\":\"SearchAction\",\"target\":{\"@type\":\"EntryPoint\",\"urlTemplate\":\"https:\/\/velooutlets.com\/en\/?s={search_term_string}\"},\"query-input\":{\"@type\":\"PropertyValueSpecification\",\"valueRequired\":true,\"valueName\":\"search_term_string\"}}],\"inLanguage\":\"et\"}]}<\/script>\n<!-- \/ Yoast SEO plugin. -->","yoast_head_json":{"title":"Grundig E275 E-bik - Velo Outlets","robots":{"index":"index","follow":"follow","max-snippet":"max-snippet:-1","max-image-preview":"max-image-preview:large","max-video-preview":"max-video-preview:-1"},"canonical":"https:\/\/velooutlets.com\/et\/toode\/grundig-e275-e-bik\/","og_locale":"et_EE","og_type":"article","og_title":"Grundig E275 E-bik - Velo Outlets","og_description":"530Wh akumulators l\u012bdz 110 km, motors l\u012bdz 50 Nm","og_url":"https:\/\/velooutlets.com\/et\/toode\/grundig-e275-e-bik\/","og_site_name":"Velo Outlets","article_modified_time":"2026-04-16T11:39:44+00:00","og_image":[{"width":2560,"height":1707,"url":"https:\/\/velooutlets.com\/wp-content\/uploads\/2026\/03\/1000197905-scaled.jpg","type":"image\/jpeg"}],"twitter_card":"summary_large_image","twitter_misc":{"Est. reading time":"1 minut"},"schema":{"@context":"https:\/\/schema.org","@graph":[{"@type":"WebPage","@id":"https:\/\/velooutlets.com\/products\/grundig-e275-e-bik\/","url":"https:\/\/velooutlets.com\/products\/grundig-e275-e-bik\/","name":"Grundig E275 E-bik - Velo Outlets","isPartOf":{"@id":"https:\/\/velooutlets.com\/en\/#website"},"primaryImageOfPage":{"@id":"https:\/\/velooutlets.com\/products\/grundig-e275-e-bik\/#primaryimage"},"image":{"@id":"https:\/\/velooutlets.com\/products\/grundig-e275-e-bik\/#primaryimage"},"thumbnailUrl":"https:\/\/velooutlets.com\/wp-content\/uploads\/2026\/03\/1000197905-scaled.jpg","datePublished":"2026-03-27T12:52:02+00:00","dateModified":"2026-04-16T11:39:44+00:00","breadcrumb":{"@id":"https:\/\/velooutlets.com\/products\/grundig-e275-e-bik\/#breadcrumb"},"inLanguage":"et","potentialAction":[{"@type":"ReadAction","target":["https:\/\/velooutlets.com\/products\/grundig-e275-e-bik\/"]}]},{"@type":"ImageObject","inLanguage":"et","@id":"https:\/\/velooutlets.com\/products\/grundig-e275-e-bik\/#primaryimage","url":"https:\/\/velooutlets.com\/wp-content\/uploads\/2026\/03\/1000197905-scaled.jpg","contentUrl":"https:\/\/velooutlets.com\/wp-content\/uploads\/2026\/03\/1000197905-scaled.jpg","width":2560,"height":1707},{"@type":"BreadcrumbList","@id":"https:\/\/velooutlets.com\/products\/grundig-e275-e-bik\/#breadcrumb","itemListElement":[{"@type":"ListItem","position":1,"name":"Home","item":"https:\/\/velooutlets.com\/"},{"@type":"ListItem","position":2,"name":"Veikals","item":"https:\/\/velooutlets.com\/shop\/"},{"@type":"ListItem","position":3,"name":"Grundig E275 E-bik"}]},{"@type":"WebSite","@id":"https:\/\/velooutlets.com\/en\/#website","url":"https:\/\/velooutlets.com\/en\/","name":"Velo Outlets","description":"Jalgrattad kogu perele","potentialAction":[{"@type":"SearchAction","target":{"@type":"EntryPoint","urlTemplate":"https:\/\/velooutlets.com\/en\/?s={search_term_string}"},"query-input":{"@type":"PropertyValueSpecification","valueRequired":true,"valueName":"search_term_string"}}],"inLanguage":"et"}]}},"jetpack_sharing_enabled":true,"_links":{"self":[{"href":"https:\/\/velooutlets.com\/et\/wp-json\/wp\/v2\/product\/37576","targetHints":{"allow":["GET"]}}],"collection":[{"href":"https:\/\/velooutlets.com\/et\/wp-json\/wp\/v2\/product"}],"about":[{"href":"https:\/\/velooutlets.com\/et\/wp-json\/wp\/v2\/types\/product"}],"wp:featuredmedia":[{"embeddable":true,"href":"https:\/\/velooutlets.com\/et\/wp-json\/wp\/v2\/media\/37693"}],"wp:attachment":[{"href":"https:\/\/velooutlets.com\/et\/wp-json\/wp\/v2\/media?parent=37576"}],"wp:term":[{"taxonomy":"product_brand","embeddable":true,"href":"https:\/\/velooutlets.com\/et\/wp-json\/wp\/v2\/product_brand?post=37576"},{"taxonomy":"product_cat","embeddable":true,"href":"https:\/\/velooutlets.com\/et\/wp-json\/wp\/v2\/product_cat?post=37576"},{"taxonomy":"product_tag","embeddable":true,"href":"https:\/\/velooutlets.com\/et\/wp-json\/wp\/v2\/product_tag?post=37576"}],"curies":[{"name":"wp","href":"https:\/\/api.w.org\/{rel}","templated":true}]}}