{"id":37847,"date":"2026-04-01T16:45:25","date_gmt":"2026-04-01T13:45:25","guid":{"rendered":"https:\/\/velooutlets.com\/?post_type=product&#038;p=37847"},"modified":"2026-04-18T12:42:33","modified_gmt":"2026-04-18T09:42:33","slug":"polar-modesty-20-pink-new","status":"publish","type":"product","link":"https:\/\/velooutlets.com\/et\/toode\/polar-modesty-20-pink-new\/","title":{"rendered":"Polar Modesty 20&#8243; Pink\/Blue"},"content":{"rendered":"<p>Polar Modesty 20\u2033 ir uzticams un praktisks b\u0113rnu velosip\u0113ds, kas piem\u0113rots ikdienas braucieniem un akt\u012bvai atp\u016btai. Tas ir labs risin\u0101jums b\u0113rniem, kuri jau p\u0101rliecino\u0161i brauc un v\u0113las velosip\u0113du ar p\u0101rnesumiem da\u017e\u0101diem brauk\u0161anas apst\u0101k\u013ciem.<\/p>\n<p>Iztur\u012bgais Hi-Ten t\u0113rauda r\u0101mis un dak\u0161a nodro\u0161ina stabilu un dro\u0161u konstrukciju, savuk\u0101rt 20 collu rite\u0146i ar plat\u0101m riep\u0101m pied\u0101v\u0101 labu sa\u0137eri un komfortu gan uz asfalta, gan uz grants ce\u013ciem. 6 \u0101trumu sist\u0113ma ar Shimano komponent\u0113m \u013cauj viegli piel\u0101got brauk\u0161anu da\u017e\u0101diem reljefiem.<\/p>\n<p>V-veida bremzes nodro\u0161ina efekt\u012bvu un vienk\u0101r\u0161u bremz\u0113\u0161anu, bet dubultsienu aploces palielina iztur\u012bbu. Praktisk\u0101 atbalsta k\u0101ji\u0146a padara velosip\u0113du \u0113rtu ikdienas lieto\u0161an\u0101.<\/p>\n<p>Spetsifikatsioon:<br \/>\nR\u0101mis: Hi-Ten t\u0113rauds<br \/>\nDak\u0161a: Hi-Ten t\u0113rauda (rigid)<br \/>\nKiiruste arv: 6<br \/>\nAizmugur\u0113jais p\u0101rsl\u0113dz\u0113js: Shimano RD-TY21<br \/>\nBremzes: V-veida<br \/>\nS\u0113deklis: P:Lab Kid<br \/>\nAploces: Beretta Double Wall<br \/>\nRiepas: 20 \u00d7 2.10<br \/>\nPed\u0101\u013ci: PVC<br \/>\nPapildapr\u012bkojums: Atbalsta k\u0101ji\u0146a<\/p>","protected":false},"excerpt":{"rendered":"<p>Polar Modesty 20\u2033 ir uzticams un praktisks b\u0113rnu velosip\u0113ds, kas piem\u0113rots ikdienas braucieniem un akt\u012bvai atp\u016btai. Tas ir labs risin\u0101jums b\u0113rniem, kuri jau p\u0101rliecino\u0161i brauc un v\u0113las velosip\u0113du ar p\u0101rnesumiem da\u017e\u0101diem brauk\u0161anas apst\u0101k\u013ciem. Iztur\u012bgais Hi-Ten t\u0113rauda r\u0101mis un dak\u0161a nodro\u0161ina stabilu un dro\u0161u konstrukciju, savuk\u0101rt 20 collu rite\u0146i ar plat\u0101m riep\u0101m pied\u0101v\u0101 labu sa\u0137eri un [&hellip;]<\/p>\n","protected":false},"featured_media":37849,"template":"","meta":{"_monsterinsights_skip_tracking":false,"_monsterinsights_sitenote_active":false,"_monsterinsights_sitenote_note":"","_monsterinsights_sitenote_category":0,"_iconic_wsb_product_page_order_bump_ids":[],"_sku":[],"_iconic_wsb_product_page_bump_modal_ids":[]},"product_brand":[871],"product_cat":[932,1127],"product_tag":[1525,220,212],"class_list":{"0":"post-37847","1":"product","2":"type-product","3":"status-publish","4":"has-post-thumbnail","6":"product_brand-polar","7":"product_cat-bernu-velosipedi","8":"product_cat-velosipedi","9":"product_tag-04_02_26","10":"product_tag-bernu-velosipedi","11":"product_tag-velosipedi","12":"product_shipping_class-bernu-velosipedi","13":"pa_height-range-115-135cm","15":"first","16":"instock","17":"taxable","18":"shipping-taxable","19":"purchasable","20":"product-type-simple"},"yoast_head":"<!-- This site is optimized with the Yoast SEO plugin v27.2 - https:\/\/yoast.com\/product\/yoast-seo-wordpress\/ -->\n<title>Polar Modesty 20&quot; Pink\/Blue - Velo Outlets<\/title>\n<meta name=\"robots\" content=\"index, follow, max-snippet:-1, max-image-preview:large, max-video-preview:-1\" \/>\n<link rel=\"canonical\" href=\"https:\/\/velooutlets.com\/et\/toode\/polar-modesty-20-pink-new\/\" \/>\n<meta property=\"og:locale\" content=\"et_EE\" \/>\n<meta property=\"og:type\" content=\"article\" \/>\n<meta property=\"og:title\" content=\"Polar Modesty 20&quot; Pink\/Blue - Velo Outlets\" \/>\n<meta property=\"og:description\" content=\"Polar Modesty 20\u2033 ir uzticams un praktisks b\u0113rnu velosip\u0113ds, kas piem\u0113rots ikdienas braucieniem un akt\u012bvai atp\u016btai. Tas ir labs risin\u0101jums b\u0113rniem, kuri jau p\u0101rliecino\u0161i brauc un v\u0113las velosip\u0113du ar p\u0101rnesumiem da\u017e\u0101diem brauk\u0161anas apst\u0101k\u013ciem. Iztur\u012bgais Hi-Ten t\u0113rauda r\u0101mis un dak\u0161a nodro\u0161ina stabilu un dro\u0161u konstrukciju, savuk\u0101rt 20 collu rite\u0146i ar plat\u0101m riep\u0101m pied\u0101v\u0101 labu sa\u0137eri un [&hellip;]\" \/>\n<meta property=\"og:url\" content=\"https:\/\/velooutlets.com\/et\/toode\/polar-modesty-20-pink-new\/\" \/>\n<meta property=\"og:site_name\" content=\"Velo Outlets\" \/>\n<meta property=\"article:modified_time\" content=\"2026-04-18T09:42:33+00:00\" \/>\n<meta property=\"og:image\" content=\"https:\/\/velooutlets.com\/wp-content\/uploads\/2026\/04\/1000198398.jpg\" \/>\n\t<meta property=\"og:image:width\" content=\"2048\" \/>\n\t<meta property=\"og:image:height\" content=\"1536\" \/>\n\t<meta property=\"og:image:type\" content=\"image\/jpeg\" \/>\n<meta name=\"twitter:card\" content=\"summary_large_image\" \/>\n<meta name=\"twitter:label1\" content=\"Est. reading time\" \/>\n\t<meta name=\"twitter:data1\" content=\"1 minut\" \/>\n<script type=\"application\/ld+json\" class=\"yoast-schema-graph\">{\"@context\":\"https:\/\/schema.org\",\"@graph\":[{\"@type\":\"WebPage\",\"@id\":\"https:\/\/velooutlets.com\/products\/polar-modesty-20-pink-new\/\",\"url\":\"https:\/\/velooutlets.com\/products\/polar-modesty-20-pink-new\/\",\"name\":\"Polar Modesty 20\\\" Pink\/Blue - Velo Outlets\",\"isPartOf\":{\"@id\":\"https:\/\/velooutlets.com\/en\/#website\"},\"primaryImageOfPage\":{\"@id\":\"https:\/\/velooutlets.com\/products\/polar-modesty-20-pink-new\/#primaryimage\"},\"image\":{\"@id\":\"https:\/\/velooutlets.com\/products\/polar-modesty-20-pink-new\/#primaryimage\"},\"thumbnailUrl\":\"https:\/\/velooutlets.com\/wp-content\/uploads\/2026\/04\/1000198398.jpg\",\"datePublished\":\"2026-04-01T13:45:25+00:00\",\"dateModified\":\"2026-04-18T09:42:33+00:00\",\"breadcrumb\":{\"@id\":\"https:\/\/velooutlets.com\/products\/polar-modesty-20-pink-new\/#breadcrumb\"},\"inLanguage\":\"et\",\"potentialAction\":[{\"@type\":\"ReadAction\",\"target\":[\"https:\/\/velooutlets.com\/products\/polar-modesty-20-pink-new\/\"]}]},{\"@type\":\"ImageObject\",\"inLanguage\":\"et\",\"@id\":\"https:\/\/velooutlets.com\/products\/polar-modesty-20-pink-new\/#primaryimage\",\"url\":\"https:\/\/velooutlets.com\/wp-content\/uploads\/2026\/04\/1000198398.jpg\",\"contentUrl\":\"https:\/\/velooutlets.com\/wp-content\/uploads\/2026\/04\/1000198398.jpg\",\"width\":2048,\"height\":1536},{\"@type\":\"BreadcrumbList\",\"@id\":\"https:\/\/velooutlets.com\/products\/polar-modesty-20-pink-new\/#breadcrumb\",\"itemListElement\":[{\"@type\":\"ListItem\",\"position\":1,\"name\":\"Home\",\"item\":\"https:\/\/velooutlets.com\/\"},{\"@type\":\"ListItem\",\"position\":2,\"name\":\"Veikals\",\"item\":\"https:\/\/velooutlets.com\/shop\/\"},{\"@type\":\"ListItem\",\"position\":3,\"name\":\"Polar Modesty 20&#8243; Pink\/Blue\"}]},{\"@type\":\"WebSite\",\"@id\":\"https:\/\/velooutlets.com\/en\/#website\",\"url\":\"https:\/\/velooutlets.com\/en\/\",\"name\":\"Velo Outlets\",\"description\":\"Velosip\u0113di visai \u0123imenei\",\"potentialAction\":[{\"@type\":\"SearchAction\",\"target\":{\"@type\":\"EntryPoint\",\"urlTemplate\":\"https:\/\/velooutlets.com\/en\/?s={search_term_string}\"},\"query-input\":{\"@type\":\"PropertyValueSpecification\",\"valueRequired\":true,\"valueName\":\"search_term_string\"}}],\"inLanguage\":\"et\"}]}<\/script>\n<!-- \/ Yoast SEO plugin. -->","yoast_head_json":{"title":"Polar Modesty 20\" Pink\/Blue - Velo Outlets","robots":{"index":"index","follow":"follow","max-snippet":"max-snippet:-1","max-image-preview":"max-image-preview:large","max-video-preview":"max-video-preview:-1"},"canonical":"https:\/\/velooutlets.com\/et\/toode\/polar-modesty-20-pink-new\/","og_locale":"et_EE","og_type":"article","og_title":"Polar Modesty 20\" Pink\/Blue - Velo Outlets","og_description":"Polar Modesty 20\u2033 ir uzticams un praktisks b\u0113rnu velosip\u0113ds, kas piem\u0113rots ikdienas braucieniem un akt\u012bvai atp\u016btai. Tas ir labs risin\u0101jums b\u0113rniem, kuri jau p\u0101rliecino\u0161i brauc un v\u0113las velosip\u0113du ar p\u0101rnesumiem da\u017e\u0101diem brauk\u0161anas apst\u0101k\u013ciem. Iztur\u012bgais Hi-Ten t\u0113rauda r\u0101mis un dak\u0161a nodro\u0161ina stabilu un dro\u0161u konstrukciju, savuk\u0101rt 20 collu rite\u0146i ar plat\u0101m riep\u0101m pied\u0101v\u0101 labu sa\u0137eri un [&hellip;]","og_url":"https:\/\/velooutlets.com\/et\/toode\/polar-modesty-20-pink-new\/","og_site_name":"Velo Outlets","article_modified_time":"2026-04-18T09:42:33+00:00","og_image":[{"width":2048,"height":1536,"url":"https:\/\/velooutlets.com\/wp-content\/uploads\/2026\/04\/1000198398.jpg","type":"image\/jpeg"}],"twitter_card":"summary_large_image","twitter_misc":{"Est. reading time":"1 minut"},"schema":{"@context":"https:\/\/schema.org","@graph":[{"@type":"WebPage","@id":"https:\/\/velooutlets.com\/products\/polar-modesty-20-pink-new\/","url":"https:\/\/velooutlets.com\/products\/polar-modesty-20-pink-new\/","name":"Polar Modesty 20\" Pink\/Blue - Velo Outlets","isPartOf":{"@id":"https:\/\/velooutlets.com\/en\/#website"},"primaryImageOfPage":{"@id":"https:\/\/velooutlets.com\/products\/polar-modesty-20-pink-new\/#primaryimage"},"image":{"@id":"https:\/\/velooutlets.com\/products\/polar-modesty-20-pink-new\/#primaryimage"},"thumbnailUrl":"https:\/\/velooutlets.com\/wp-content\/uploads\/2026\/04\/1000198398.jpg","datePublished":"2026-04-01T13:45:25+00:00","dateModified":"2026-04-18T09:42:33+00:00","breadcrumb":{"@id":"https:\/\/velooutlets.com\/products\/polar-modesty-20-pink-new\/#breadcrumb"},"inLanguage":"et","potentialAction":[{"@type":"ReadAction","target":["https:\/\/velooutlets.com\/products\/polar-modesty-20-pink-new\/"]}]},{"@type":"ImageObject","inLanguage":"et","@id":"https:\/\/velooutlets.com\/products\/polar-modesty-20-pink-new\/#primaryimage","url":"https:\/\/velooutlets.com\/wp-content\/uploads\/2026\/04\/1000198398.jpg","contentUrl":"https:\/\/velooutlets.com\/wp-content\/uploads\/2026\/04\/1000198398.jpg","width":2048,"height":1536},{"@type":"BreadcrumbList","@id":"https:\/\/velooutlets.com\/products\/polar-modesty-20-pink-new\/#breadcrumb","itemListElement":[{"@type":"ListItem","position":1,"name":"Home","item":"https:\/\/velooutlets.com\/"},{"@type":"ListItem","position":2,"name":"Veikals","item":"https:\/\/velooutlets.com\/shop\/"},{"@type":"ListItem","position":3,"name":"Polar Modesty 20&#8243; Pink\/Blue"}]},{"@type":"WebSite","@id":"https:\/\/velooutlets.com\/en\/#website","url":"https:\/\/velooutlets.com\/en\/","name":"Velo Outlets","description":"Jalgrattad kogu perele","potentialAction":[{"@type":"SearchAction","target":{"@type":"EntryPoint","urlTemplate":"https:\/\/velooutlets.com\/en\/?s={search_term_string}"},"query-input":{"@type":"PropertyValueSpecification","valueRequired":true,"valueName":"search_term_string"}}],"inLanguage":"et"}]}},"jetpack_sharing_enabled":true,"_links":{"self":[{"href":"https:\/\/velooutlets.com\/et\/wp-json\/wp\/v2\/product\/37847","targetHints":{"allow":["GET"]}}],"collection":[{"href":"https:\/\/velooutlets.com\/et\/wp-json\/wp\/v2\/product"}],"about":[{"href":"https:\/\/velooutlets.com\/et\/wp-json\/wp\/v2\/types\/product"}],"wp:featuredmedia":[{"embeddable":true,"href":"https:\/\/velooutlets.com\/et\/wp-json\/wp\/v2\/media\/37849"}],"wp:attachment":[{"href":"https:\/\/velooutlets.com\/et\/wp-json\/wp\/v2\/media?parent=37847"}],"wp:term":[{"taxonomy":"product_brand","embeddable":true,"href":"https:\/\/velooutlets.com\/et\/wp-json\/wp\/v2\/product_brand?post=37847"},{"taxonomy":"product_cat","embeddable":true,"href":"https:\/\/velooutlets.com\/et\/wp-json\/wp\/v2\/product_cat?post=37847"},{"taxonomy":"product_tag","embeddable":true,"href":"https:\/\/velooutlets.com\/et\/wp-json\/wp\/v2\/product_tag?post=37847"}],"curies":[{"name":"wp","href":"https:\/\/api.w.org\/{rel}","templated":true}]}}