{"id":9127,"date":"2025-10-03T14:39:01","date_gmt":"2025-10-03T11:39:01","guid":{"rendered":"https:\/\/staging.velooutlets.com\/product\/gust-kid-18cll\/"},"modified":"2026-04-29T20:05:27","modified_gmt":"2026-04-29T17:05:27","slug":"gust-kid-18cll","status":"publish","type":"product","link":"https:\/\/velooutlets.com\/et\/toode\/gust-kid-18cll\/","title":{"rendered":"Gust Raser 18\u2033"},"content":{"rendered":"<p><strong>Gust Raser 18\u2033<\/strong>\u00a0on erksav\u00e4rviline laste jalgratas 116-122 cm pikkustele lastele. 18-tollise rehviga jalgrattaga on lihtne man\u00f6\u00f6verdada, pakkudes v\u00e4ikestele s\u00f5itjatele suurt stabiilsust ja mugavust. \u00dche kiirusega on see lihtne ja praktiline, ideaalne lastele, kes alles \u00f5pivad s\u00f5itma. See jalgratas on ideaalne valik igap\u00e4evasteks s\u00f5itudeks ja seiklusteks, pakkudes turvalist ja p\u00f5nevat s\u00f5idukogemust.<\/p>","protected":false},"excerpt":{"rendered":"<p>Gust Raser 18&#8243;\u00a0ir ko\u0161as kr\u0101sas b\u0113rnu velosip\u0113ds, kas paredz\u0113ts b\u0113rniem ar augumu no 116 l\u012bdz 122 cm. \u0160is velosip\u0113ds ar 18 collu riep\u0101m ir viegli manevr\u0113jams, nodro\u0161inot lielisku stabilit\u0101ti un komfortu mazajiem brauc\u0113jiem. Ar vienu \u0101trumu tas ir vienk\u0101r\u0161s un praktisks, ide\u0101li piem\u0113rots b\u0113rniem, kuriem v\u0113l tikai j\u0101m\u0101c\u0101s braukt. Velosip\u0113ds ir lieliska izv\u0113le ikdienas izbraucieniem [&hellip;]<\/p>\n","protected":false},"featured_media":35670,"template":"","meta":{"_monsterinsights_skip_tracking":false,"_monsterinsights_sitenote_active":false,"_monsterinsights_sitenote_note":"","_monsterinsights_sitenote_category":0,"_iconic_wsb_product_page_order_bump_ids":[],"_sku":[""],"_iconic_wsb_product_page_bump_modal_ids":[]},"product_brand":[1162],"product_cat":[932,1127],"product_tag":[1525,220,212],"class_list":{"0":"post-9127","1":"product","2":"type-product","3":"status-publish","4":"has-post-thumbnail","6":"product_brand-gustjuhi","7":"product_cat-bernu-velosipedi","8":"product_cat-velosipedi","9":"product_tag-04_02_26","10":"product_tag-bernu-velosipedi","11":"product_tag-velosipedi","12":"product_shipping_class-bernu-velosipedi","13":"pa_height-range-110-125cm","14":"pa_materials-hi-ten-terauds","15":"pa_ramja-izmers-uni","16":"ts_product_brand-courier_only","18":"first","19":"instock","20":"taxable","21":"shipping-taxable","22":"purchasable","23":"product-type-simple"},"yoast_head":"<!-- This site is optimized with the Yoast SEO plugin v27.2 - https:\/\/yoast.com\/product\/yoast-seo-wordpress\/ -->\n<title>Gust Raser 18&#039;&#039; b\u0113rnu velosip\u0113ds \u2013 Komforts, stabilit\u0101te un uzticam\u012bba mazajiem brauc\u0113jiem visos apst\u0101k\u013cos | Velo Outlets<\/title>\n<meta name=\"description\" content=\"B\u0113rnu velosip\u0113di Velo Outlets: Izv\u0113lies dro\u0161us, \u0113rtus un kvalitat\u012bvus velosip\u0113dus, kas nodro\u0161ina prieku un dro\u0161\u012bbu vis\u0101s brauk\u0161anas situ\u0101cij\u0101s.\" \/>\n<meta name=\"robots\" content=\"index, follow, max-snippet:-1, max-image-preview:large, max-video-preview:-1\" \/>\n<link rel=\"canonical\" href=\"https:\/\/velooutlets.com\/et\/toode\/gust-kid-18cll\/\" \/>\n<meta property=\"og:locale\" content=\"et_EE\" \/>\n<meta property=\"og:type\" content=\"article\" \/>\n<meta property=\"og:title\" content=\"Gust Raser 18&#039;&#039; b\u0113rnu velosip\u0113ds \u2013 Komforts, stabilit\u0101te un uzticam\u012bba mazajiem brauc\u0113jiem visos apst\u0101k\u013cos | Velo Outlets\" \/>\n<meta property=\"og:description\" content=\"B\u0113rnu velosip\u0113di Velo Outlets: Izv\u0113lies dro\u0161us, \u0113rtus un kvalitat\u012bvus velosip\u0113dus, kas nodro\u0161ina prieku un dro\u0161\u012bbu vis\u0101s brauk\u0161anas situ\u0101cij\u0101s.\" \/>\n<meta property=\"og:url\" content=\"https:\/\/velooutlets.com\/et\/toode\/gust-kid-18cll\/\" \/>\n<meta property=\"og:site_name\" content=\"Velo Outlets\" \/>\n<meta property=\"article:modified_time\" content=\"2026-04-29T17:05:27+00:00\" \/>\n<meta property=\"og:image\" content=\"https:\/\/velooutlets.com\/wp-content\/uploads\/2026\/02\/DSC_1966-scaled-7.jpg\" \/>\n\t<meta property=\"og:image:width\" content=\"2560\" \/>\n\t<meta property=\"og:image:height\" content=\"1754\" \/>\n\t<meta property=\"og:image:type\" content=\"image\/jpeg\" \/>\n<meta name=\"twitter:card\" content=\"summary_large_image\" \/>\n<script type=\"application\/ld+json\" class=\"yoast-schema-graph\">{\"@context\":\"https:\/\/schema.org\",\"@graph\":[{\"@type\":\"WebPage\",\"@id\":\"https:\/\/velooutlets.com\/products\/gust-kid-18cll\/\",\"url\":\"https:\/\/velooutlets.com\/products\/gust-kid-18cll\/\",\"name\":\"Gust Raser 18'' b\u0113rnu velosip\u0113ds \u2013 Komforts, stabilit\u0101te un uzticam\u012bba mazajiem brauc\u0113jiem visos apst\u0101k\u013cos | Velo Outlets\",\"isPartOf\":{\"@id\":\"https:\/\/velooutlets.com\/en\/#website\"},\"primaryImageOfPage\":{\"@id\":\"https:\/\/velooutlets.com\/products\/gust-kid-18cll\/#primaryimage\"},\"image\":{\"@id\":\"https:\/\/velooutlets.com\/products\/gust-kid-18cll\/#primaryimage\"},\"thumbnailUrl\":\"https:\/\/velooutlets.com\/wp-content\/uploads\/2025\/10\/1000191763.jpg\",\"datePublished\":\"2025-10-03T11:39:01+00:00\",\"dateModified\":\"2026-04-29T17:05:27+00:00\",\"description\":\"B\u0113rnu velosip\u0113di Velo Outlets: Izv\u0113lies dro\u0161us, \u0113rtus un kvalitat\u012bvus velosip\u0113dus, kas nodro\u0161ina prieku un dro\u0161\u012bbu vis\u0101s brauk\u0161anas situ\u0101cij\u0101s.\",\"breadcrumb\":{\"@id\":\"https:\/\/velooutlets.com\/products\/gust-kid-18cll\/#breadcrumb\"},\"inLanguage\":\"et\",\"potentialAction\":[{\"@type\":\"ReadAction\",\"target\":[\"https:\/\/velooutlets.com\/products\/gust-kid-18cll\/\"]}]},{\"@type\":\"ImageObject\",\"inLanguage\":\"et\",\"@id\":\"https:\/\/velooutlets.com\/products\/gust-kid-18cll\/#primaryimage\",\"url\":\"https:\/\/velooutlets.com\/wp-content\/uploads\/2025\/10\/1000191763.jpg\",\"contentUrl\":\"https:\/\/velooutlets.com\/wp-content\/uploads\/2025\/10\/1000191763.jpg\",\"width\":2016,\"height\":1512},{\"@type\":\"BreadcrumbList\",\"@id\":\"https:\/\/velooutlets.com\/products\/gust-kid-18cll\/#breadcrumb\",\"itemListElement\":[{\"@type\":\"ListItem\",\"position\":1,\"name\":\"Home\",\"item\":\"https:\/\/velooutlets.com\/\"},{\"@type\":\"ListItem\",\"position\":2,\"name\":\"Veikals\",\"item\":\"https:\/\/velooutlets.com\/shop\/\"},{\"@type\":\"ListItem\",\"position\":3,\"name\":\"Gust Raser 18&#8243;\"}]},{\"@type\":\"WebSite\",\"@id\":\"https:\/\/velooutlets.com\/en\/#website\",\"url\":\"https:\/\/velooutlets.com\/en\/\",\"name\":\"Velo Outlets\",\"description\":\"Velosip\u0113di visai \u0123imenei\",\"potentialAction\":[{\"@type\":\"SearchAction\",\"target\":{\"@type\":\"EntryPoint\",\"urlTemplate\":\"https:\/\/velooutlets.com\/en\/?s={search_term_string}\"},\"query-input\":{\"@type\":\"PropertyValueSpecification\",\"valueRequired\":true,\"valueName\":\"search_term_string\"}}],\"inLanguage\":\"et\"}]}<\/script>\n<!-- \/ Yoast SEO plugin. -->","yoast_head_json":{"title":"Gust Raser 18'' b\u0113rnu velosip\u0113ds \u2013 Komforts, stabilit\u0101te un uzticam\u012bba mazajiem brauc\u0113jiem visos apst\u0101k\u013cos | Velo Outlets","description":"B\u0113rnu velosip\u0113di Velo Outlets: Izv\u0113lies dro\u0161us, \u0113rtus un kvalitat\u012bvus velosip\u0113dus, kas nodro\u0161ina prieku un dro\u0161\u012bbu vis\u0101s brauk\u0161anas situ\u0101cij\u0101s.","robots":{"index":"index","follow":"follow","max-snippet":"max-snippet:-1","max-image-preview":"max-image-preview:large","max-video-preview":"max-video-preview:-1"},"canonical":"https:\/\/velooutlets.com\/et\/toode\/gust-kid-18cll\/","og_locale":"et_EE","og_type":"article","og_title":"Gust Raser 18'' b\u0113rnu velosip\u0113ds \u2013 Komforts, stabilit\u0101te un uzticam\u012bba mazajiem brauc\u0113jiem visos apst\u0101k\u013cos | Velo Outlets","og_description":"B\u0113rnu velosip\u0113di Velo Outlets: Izv\u0113lies dro\u0161us, \u0113rtus un kvalitat\u012bvus velosip\u0113dus, kas nodro\u0161ina prieku un dro\u0161\u012bbu vis\u0101s brauk\u0161anas situ\u0101cij\u0101s.","og_url":"https:\/\/velooutlets.com\/et\/toode\/gust-kid-18cll\/","og_site_name":"Velo Outlets","article_modified_time":"2026-04-29T17:05:27+00:00","og_image":[{"width":2560,"height":1754,"url":"https:\/\/velooutlets.com\/wp-content\/uploads\/2026\/02\/DSC_1966-scaled-7.jpg","type":"image\/jpeg"}],"twitter_card":"summary_large_image","schema":{"@context":"https:\/\/schema.org","@graph":[{"@type":"WebPage","@id":"https:\/\/velooutlets.com\/products\/gust-kid-18cll\/","url":"https:\/\/velooutlets.com\/products\/gust-kid-18cll\/","name":"Gust Raser 18'' b\u0113rnu velosip\u0113ds \u2013 Komforts, stabilit\u0101te un uzticam\u012bba mazajiem brauc\u0113jiem visos apst\u0101k\u013cos | Velo Outlets","isPartOf":{"@id":"https:\/\/velooutlets.com\/en\/#website"},"primaryImageOfPage":{"@id":"https:\/\/velooutlets.com\/products\/gust-kid-18cll\/#primaryimage"},"image":{"@id":"https:\/\/velooutlets.com\/products\/gust-kid-18cll\/#primaryimage"},"thumbnailUrl":"https:\/\/velooutlets.com\/wp-content\/uploads\/2025\/10\/1000191763.jpg","datePublished":"2025-10-03T11:39:01+00:00","dateModified":"2026-04-29T17:05:27+00:00","description":"B\u0113rnu velosip\u0113di Velo Outlets: Izv\u0113lies dro\u0161us, \u0113rtus un kvalitat\u012bvus velosip\u0113dus, kas nodro\u0161ina prieku un dro\u0161\u012bbu vis\u0101s brauk\u0161anas situ\u0101cij\u0101s.","breadcrumb":{"@id":"https:\/\/velooutlets.com\/products\/gust-kid-18cll\/#breadcrumb"},"inLanguage":"et","potentialAction":[{"@type":"ReadAction","target":["https:\/\/velooutlets.com\/products\/gust-kid-18cll\/"]}]},{"@type":"ImageObject","inLanguage":"et","@id":"https:\/\/velooutlets.com\/products\/gust-kid-18cll\/#primaryimage","url":"https:\/\/velooutlets.com\/wp-content\/uploads\/2025\/10\/1000191763.jpg","contentUrl":"https:\/\/velooutlets.com\/wp-content\/uploads\/2025\/10\/1000191763.jpg","width":2016,"height":1512},{"@type":"BreadcrumbList","@id":"https:\/\/velooutlets.com\/products\/gust-kid-18cll\/#breadcrumb","itemListElement":[{"@type":"ListItem","position":1,"name":"Home","item":"https:\/\/velooutlets.com\/"},{"@type":"ListItem","position":2,"name":"Veikals","item":"https:\/\/velooutlets.com\/shop\/"},{"@type":"ListItem","position":3,"name":"Gust Raser 18&#8243;"}]},{"@type":"WebSite","@id":"https:\/\/velooutlets.com\/en\/#website","url":"https:\/\/velooutlets.com\/en\/","name":"Velo Outlets","description":"Jalgrattad kogu perele","potentialAction":[{"@type":"SearchAction","target":{"@type":"EntryPoint","urlTemplate":"https:\/\/velooutlets.com\/en\/?s={search_term_string}"},"query-input":{"@type":"PropertyValueSpecification","valueRequired":true,"valueName":"search_term_string"}}],"inLanguage":"et"}]}},"jetpack_sharing_enabled":true,"_links":{"self":[{"href":"https:\/\/velooutlets.com\/et\/wp-json\/wp\/v2\/product\/9127","targetHints":{"allow":["GET"]}}],"collection":[{"href":"https:\/\/velooutlets.com\/et\/wp-json\/wp\/v2\/product"}],"about":[{"href":"https:\/\/velooutlets.com\/et\/wp-json\/wp\/v2\/types\/product"}],"wp:featuredmedia":[{"embeddable":true,"href":"https:\/\/velooutlets.com\/et\/wp-json\/wp\/v2\/media\/35670"}],"wp:attachment":[{"href":"https:\/\/velooutlets.com\/et\/wp-json\/wp\/v2\/media?parent=9127"}],"wp:term":[{"taxonomy":"product_brand","embeddable":true,"href":"https:\/\/velooutlets.com\/et\/wp-json\/wp\/v2\/product_brand?post=9127"},{"taxonomy":"product_cat","embeddable":true,"href":"https:\/\/velooutlets.com\/et\/wp-json\/wp\/v2\/product_cat?post=9127"},{"taxonomy":"product_tag","embeddable":true,"href":"https:\/\/velooutlets.com\/et\/wp-json\/wp\/v2\/product_tag?post=9127"}],"curies":[{"name":"wp","href":"https:\/\/api.w.org\/{rel}","templated":true}]}}