{"id":9135,"date":"2025-10-03T11:39:06","date_gmt":"2025-10-03T11:39:06","guid":{"rendered":"https:\/\/staging.velooutlets.com\/product\/haro-subway-20\/"},"modified":"2026-03-26T11:43:22","modified_gmt":"2026-03-26T09:43:22","slug":"haro-subway-20","status":"publish","type":"product","link":"https:\/\/velooutlets.com\/et\/toode\/haro-subway-20\/","title":{"rendered":"HARO Subway - 20\u2033"},"content":{"rendered":"<p>HARO Subway 20\u2033 BMX on professionaalselt varustatud freestyle ja street BMX jalgratas, millel on tugev CrMo raam ja t\u00e4navale sobiv geomeetria. Konstruktsioonil on integreeritud juhtraud, Mid BB kest ja integreeritud istmeklamber, mis tagavad suure j\u00e4ikuse ja kaasaegse disaini.<\/p>\n<p>Jalgrattal on kolmest osast koosnevad CrMo-kangid, \u00fclekande suhe 25:9 ja kinnine freecoaster tagumine rummu, mis v\u00f5imaldab tagurpidiseid trikke. Premium CK 20\u00d72,4-tollised rehvid tagavad suurep\u00e4rase haardumise, samas kui 990 alumiiniumist U-pidur tagab usaldusv\u00e4\u00e4rse kontrolli. Mudel kaalub umbes 11,5 kg ja sobib s\u00f5itjatele, kes otsivad usaldusv\u00e4\u00e4rset ja tehniliselt t\u00e4iustatud BMX-i t\u00e4nava- ja freestyle'i s\u00f5itmiseks.<\/p>","protected":false},"excerpt":{"rendered":"<p>HARO Subway 20&#8243; BMX ir profesion\u0101li apr\u012bkots freestyle un street BMX velosip\u0113ds ar iztur\u012bgu CrMo r\u0101mi un street brauk\u0161anai piem\u0113rotu \u0123eometriju. Konstrukcij\u0101 izmantota integr\u0113ta st\u016bres caurule, Mid BB \u010daula un integr\u0113ta s\u0113dek\u013ca skava, kas nodro\u0161ina augstu stingr\u012bbu un m\u016bsdien\u012bgu dizainu. Velosip\u0113ds apr\u012bkots ar tr\u012bsda\u013c\u012bgiem CrMo klo\u0137iem, 25 pret 9 p\u0101rnesumu attiec\u012bbu un sealed freecoaster aizmugur\u0113jo [&hellip;]<\/p>\n","protected":false},"featured_media":9967,"template":"","meta":{"_monsterinsights_skip_tracking":false,"_monsterinsights_sitenote_active":false,"_monsterinsights_sitenote_note":"","_monsterinsights_sitenote_category":0,"_iconic_wsb_product_page_order_bump_ids":[],"_sku":["PB21931"],"_iconic_wsb_product_page_bump_modal_ids":[]},"product_brand":[1622],"product_cat":[1627,1127],"product_tag":[849,212],"class_list":{"0":"post-9135","1":"product","2":"type-product","3":"status-publish","4":"has-post-thumbnail","6":"product_brand-haro","7":"product_cat-bmx-dirt-velosipedi-20-26","8":"product_cat-velosipedi","9":"product_tag-bmx-dirt-velosipedi","10":"product_tag-velosipedi","11":"product_shipping_class-pieauguso-velosipedi","12":"pa_materials-crmo-terauds","13":"ts_product_brand-courier_only","15":"first","16":"instock","17":"sale","18":"taxable","19":"shipping-taxable","20":"purchasable","21":"product-type-simple"},"yoast_head":"<!-- This site is optimized with the Yoast SEO plugin v27.2 - https:\/\/yoast.com\/product\/yoast-seo-wordpress\/ -->\n<title>HARO Subway \u2013 20&quot; - Velo Outlets<\/title>\n<meta name=\"robots\" content=\"index, follow, max-snippet:-1, max-image-preview:large, max-video-preview:-1\" \/>\n<link rel=\"canonical\" href=\"https:\/\/velooutlets.com\/et\/toode\/haro-subway-20\/\" \/>\n<meta property=\"og:locale\" content=\"et_EE\" \/>\n<meta property=\"og:type\" content=\"article\" \/>\n<meta property=\"og:title\" content=\"HARO Subway \u2013 20&quot; - Velo Outlets\" \/>\n<meta property=\"og:description\" content=\"HARO Subway 20&#8243; BMX ir profesion\u0101li apr\u012bkots freestyle un street BMX velosip\u0113ds ar iztur\u012bgu CrMo r\u0101mi un street brauk\u0161anai piem\u0113rotu \u0123eometriju. Konstrukcij\u0101 izmantota integr\u0113ta st\u016bres caurule, Mid BB \u010daula un integr\u0113ta s\u0113dek\u013ca skava, kas nodro\u0161ina augstu stingr\u012bbu un m\u016bsdien\u012bgu dizainu. Velosip\u0113ds apr\u012bkots ar tr\u012bsda\u013c\u012bgiem CrMo klo\u0137iem, 25 pret 9 p\u0101rnesumu attiec\u012bbu un sealed freecoaster aizmugur\u0113jo [&hellip;]\" \/>\n<meta property=\"og:url\" content=\"https:\/\/velooutlets.com\/et\/toode\/haro-subway-20\/\" \/>\n<meta property=\"og:site_name\" content=\"Velo Outlets\" \/>\n<meta property=\"article:modified_time\" content=\"2026-03-26T09:43:22+00:00\" \/>\n<meta property=\"og:image\" content=\"https:\/\/velooutlets.com\/wp-content\/uploads\/2025\/10\/PB21931.jpg\" \/>\n\t<meta property=\"og:image:width\" content=\"779\" \/>\n\t<meta property=\"og:image:height\" content=\"529\" \/>\n\t<meta property=\"og:image:type\" content=\"image\/jpeg\" \/>\n<meta name=\"twitter:card\" content=\"summary_large_image\" \/>\n<meta name=\"twitter:label1\" content=\"Est. reading time\" \/>\n\t<meta name=\"twitter:data1\" content=\"1 minut\" \/>\n<script type=\"application\/ld+json\" class=\"yoast-schema-graph\">{\"@context\":\"https:\/\/schema.org\",\"@graph\":[{\"@type\":\"WebPage\",\"@id\":\"https:\/\/velooutlets.com\/products\/haro-subway-20\/\",\"url\":\"https:\/\/velooutlets.com\/products\/haro-subway-20\/\",\"name\":\"HARO Subway \u2013 20\\\" - Velo Outlets\",\"isPartOf\":{\"@id\":\"https:\/\/velooutlets.com\/en\/#website\"},\"primaryImageOfPage\":{\"@id\":\"https:\/\/velooutlets.com\/products\/haro-subway-20\/#primaryimage\"},\"image\":{\"@id\":\"https:\/\/velooutlets.com\/products\/haro-subway-20\/#primaryimage\"},\"thumbnailUrl\":\"https:\/\/velooutlets.com\/wp-content\/uploads\/2025\/10\/PB21931.jpg\",\"datePublished\":\"2025-10-03T11:39:06+00:00\",\"dateModified\":\"2026-03-26T09:43:22+00:00\",\"breadcrumb\":{\"@id\":\"https:\/\/velooutlets.com\/products\/haro-subway-20\/#breadcrumb\"},\"inLanguage\":\"et\",\"potentialAction\":[{\"@type\":\"ReadAction\",\"target\":[\"https:\/\/velooutlets.com\/products\/haro-subway-20\/\"]}]},{\"@type\":\"ImageObject\",\"inLanguage\":\"et\",\"@id\":\"https:\/\/velooutlets.com\/products\/haro-subway-20\/#primaryimage\",\"url\":\"https:\/\/velooutlets.com\/wp-content\/uploads\/2025\/10\/PB21931.jpg\",\"contentUrl\":\"https:\/\/velooutlets.com\/wp-content\/uploads\/2025\/10\/PB21931.jpg\",\"width\":779,\"height\":529},{\"@type\":\"BreadcrumbList\",\"@id\":\"https:\/\/velooutlets.com\/products\/haro-subway-20\/#breadcrumb\",\"itemListElement\":[{\"@type\":\"ListItem\",\"position\":1,\"name\":\"Home\",\"item\":\"https:\/\/velooutlets.com\/\"},{\"@type\":\"ListItem\",\"position\":2,\"name\":\"Veikals\",\"item\":\"https:\/\/velooutlets.com\/shop\/\"},{\"@type\":\"ListItem\",\"position\":3,\"name\":\"HARO Subway \u2013 20&#8243;\"}]},{\"@type\":\"WebSite\",\"@id\":\"https:\/\/velooutlets.com\/en\/#website\",\"url\":\"https:\/\/velooutlets.com\/en\/\",\"name\":\"Velo Outlets\",\"description\":\"Velosip\u0113di visai \u0123imenei\",\"potentialAction\":[{\"@type\":\"SearchAction\",\"target\":{\"@type\":\"EntryPoint\",\"urlTemplate\":\"https:\/\/velooutlets.com\/en\/?s={search_term_string}\"},\"query-input\":{\"@type\":\"PropertyValueSpecification\",\"valueRequired\":true,\"valueName\":\"search_term_string\"}}],\"inLanguage\":\"et\"}]}<\/script>\n<!-- \/ Yoast SEO plugin. -->","yoast_head_json":{"title":"HARO Subway \u2013 20\" - Velo Outlets","robots":{"index":"index","follow":"follow","max-snippet":"max-snippet:-1","max-image-preview":"max-image-preview:large","max-video-preview":"max-video-preview:-1"},"canonical":"https:\/\/velooutlets.com\/et\/toode\/haro-subway-20\/","og_locale":"et_EE","og_type":"article","og_title":"HARO Subway \u2013 20\" - Velo Outlets","og_description":"HARO Subway 20&#8243; BMX ir profesion\u0101li apr\u012bkots freestyle un street BMX velosip\u0113ds ar iztur\u012bgu CrMo r\u0101mi un street brauk\u0161anai piem\u0113rotu \u0123eometriju. Konstrukcij\u0101 izmantota integr\u0113ta st\u016bres caurule, Mid BB \u010daula un integr\u0113ta s\u0113dek\u013ca skava, kas nodro\u0161ina augstu stingr\u012bbu un m\u016bsdien\u012bgu dizainu. Velosip\u0113ds apr\u012bkots ar tr\u012bsda\u013c\u012bgiem CrMo klo\u0137iem, 25 pret 9 p\u0101rnesumu attiec\u012bbu un sealed freecoaster aizmugur\u0113jo [&hellip;]","og_url":"https:\/\/velooutlets.com\/et\/toode\/haro-subway-20\/","og_site_name":"Velo Outlets","article_modified_time":"2026-03-26T09:43:22+00:00","og_image":[{"width":779,"height":529,"url":"https:\/\/velooutlets.com\/wp-content\/uploads\/2025\/10\/PB21931.jpg","type":"image\/jpeg"}],"twitter_card":"summary_large_image","twitter_misc":{"Est. reading time":"1 minut"},"schema":{"@context":"https:\/\/schema.org","@graph":[{"@type":"WebPage","@id":"https:\/\/velooutlets.com\/products\/haro-subway-20\/","url":"https:\/\/velooutlets.com\/products\/haro-subway-20\/","name":"HARO Subway \u2013 20\" - Velo Outlets","isPartOf":{"@id":"https:\/\/velooutlets.com\/en\/#website"},"primaryImageOfPage":{"@id":"https:\/\/velooutlets.com\/products\/haro-subway-20\/#primaryimage"},"image":{"@id":"https:\/\/velooutlets.com\/products\/haro-subway-20\/#primaryimage"},"thumbnailUrl":"https:\/\/velooutlets.com\/wp-content\/uploads\/2025\/10\/PB21931.jpg","datePublished":"2025-10-03T11:39:06+00:00","dateModified":"2026-03-26T09:43:22+00:00","breadcrumb":{"@id":"https:\/\/velooutlets.com\/products\/haro-subway-20\/#breadcrumb"},"inLanguage":"et","potentialAction":[{"@type":"ReadAction","target":["https:\/\/velooutlets.com\/products\/haro-subway-20\/"]}]},{"@type":"ImageObject","inLanguage":"et","@id":"https:\/\/velooutlets.com\/products\/haro-subway-20\/#primaryimage","url":"https:\/\/velooutlets.com\/wp-content\/uploads\/2025\/10\/PB21931.jpg","contentUrl":"https:\/\/velooutlets.com\/wp-content\/uploads\/2025\/10\/PB21931.jpg","width":779,"height":529},{"@type":"BreadcrumbList","@id":"https:\/\/velooutlets.com\/products\/haro-subway-20\/#breadcrumb","itemListElement":[{"@type":"ListItem","position":1,"name":"Home","item":"https:\/\/velooutlets.com\/"},{"@type":"ListItem","position":2,"name":"Veikals","item":"https:\/\/velooutlets.com\/shop\/"},{"@type":"ListItem","position":3,"name":"HARO Subway \u2013 20&#8243;"}]},{"@type":"WebSite","@id":"https:\/\/velooutlets.com\/en\/#website","url":"https:\/\/velooutlets.com\/en\/","name":"Velo Outlets","description":"Jalgrattad kogu perele","potentialAction":[{"@type":"SearchAction","target":{"@type":"EntryPoint","urlTemplate":"https:\/\/velooutlets.com\/en\/?s={search_term_string}"},"query-input":{"@type":"PropertyValueSpecification","valueRequired":true,"valueName":"search_term_string"}}],"inLanguage":"et"}]}},"jetpack_sharing_enabled":true,"_links":{"self":[{"href":"https:\/\/velooutlets.com\/et\/wp-json\/wp\/v2\/product\/9135","targetHints":{"allow":["GET"]}}],"collection":[{"href":"https:\/\/velooutlets.com\/et\/wp-json\/wp\/v2\/product"}],"about":[{"href":"https:\/\/velooutlets.com\/et\/wp-json\/wp\/v2\/types\/product"}],"wp:featuredmedia":[{"embeddable":true,"href":"https:\/\/velooutlets.com\/et\/wp-json\/wp\/v2\/media\/9967"}],"wp:attachment":[{"href":"https:\/\/velooutlets.com\/et\/wp-json\/wp\/v2\/media?parent=9135"}],"wp:term":[{"taxonomy":"product_brand","embeddable":true,"href":"https:\/\/velooutlets.com\/et\/wp-json\/wp\/v2\/product_brand?post=9135"},{"taxonomy":"product_cat","embeddable":true,"href":"https:\/\/velooutlets.com\/et\/wp-json\/wp\/v2\/product_cat?post=9135"},{"taxonomy":"product_tag","embeddable":true,"href":"https:\/\/velooutlets.com\/et\/wp-json\/wp\/v2\/product_tag?post=9135"}],"curies":[{"name":"wp","href":"https:\/\/api.w.org\/{rel}","templated":true}]}}