{"id":9140,"date":"2025-10-03T11:39:10","date_gmt":"2025-10-03T11:39:10","guid":{"rendered":"https:\/\/staging.velooutlets.com\/product\/khe-arsenic-ll-16\/"},"modified":"2026-04-20T13:50:56","modified_gmt":"2026-04-20T10:50:56","slug":"khe-arsenic-ll-16","status":"publish","type":"product","link":"https:\/\/velooutlets.com\/et\/toode\/khe-arsenic-ll-16\/","title":{"rendered":"KHE Arseen LL 16\u2033"},"content":{"rendered":"<p>KHE Arsenic LL 16&#8243; ir viegls un kvalitat\u012bvs BMX velosip\u0113ds b\u0113rniem, kas paredz\u0113ts pirmajiem trikiem, brauk\u0161anai pa pump track, skateparku vai vienk\u0101r\u0161i akt\u012bvai ikdienas izklaidei. Tas ir lieliski piem\u0113rots jaunajiem brauc\u0113jiem, kuri tikai s\u0101k iepaz\u012bt BMX pasauli un kuriem svar\u012bga ir viegla vad\u0101m\u012bba un dro\u0161a kontrole.<\/p>\n<p>Velosip\u0113dam ir alum\u012bnija r\u0101mis ar optimiz\u0113tu \u0123eometriju, kas padara to gan iztur\u012bgu, gan \u013coti vieglu \u2013 ap 7.9\u20138.0 kg, kas \u0161aj\u0101 kategorij\u0101 ir \u012bpa\u0161i maz un b\u016btiski atvieglo brauk\u0161anu b\u0113rniem. T\u0113rauda dak\u0161a nodro\u0161ina papildu iztur\u012bbu, savuk\u0101rt plata BMX tipa st\u016bre \u013cauj viegli kontrol\u0113t velosip\u0113du da\u017e\u0101d\u0101s situ\u0101cij\u0101s.<\/p>\n<p>Vienk\u0101r\u0161\u0101 viena \u0101truma (single speed) piedzi\u0146a padara \u0161o modeli uzticamu un viegli kopjamu, kas ir svar\u012bgi jaunajiem brauc\u0113jiem. Bremz\u0113\u0161anu nodro\u0161ina aizmugur\u0113j\u0101 U-brake un priek\u0161\u0113j\u0101 side-pull bremze, kas pied\u0101v\u0101 pietiekamu kontroli gan l\u0113n\u0101kai brauk\u0161anai, gan pirmajiem trikiem.<\/p>\n<p>16 collu rite\u0146i ar plat\u0101m riep\u0101m nodro\u0161ina labu sa\u0137eri un stabilit\u0101ti, savuk\u0101rt kop\u0113j\u0101 konstrukcija ir piel\u0101gota b\u0113rniem ar augumu aptuveni 105\u2013130 cm. Tas padara \u0161o modeli par \u013coti labu izv\u0113li k\u0101 pirmo \u201c\u012bst\u0101\u201d BMX velosip\u0113da pieredzi.<\/p>\n<p>Spetsifikatsioon:<br \/>\nR\u0101mis: 6061 alum\u012bnijs, BMX \u0123eometrija<br \/>\nDak\u0161a: Hi-Ten t\u0113rauda<br \/>\nPiedzi\u0146a: 1 \u0101trums (single speed)<br \/>\nKla\u0146i: ~127\u2013140 mm, t\u0113rauda\/alum\u012bnija<br \/>\nBremzes: aizmugur\u0113 U-brake, priek\u0161\u0101 side-pull<br \/>\nRite\u0146i: 16\u2033 alum\u012bnija diski<br \/>\nRiepas: 16\u00d72.125\u201d BMX tipa<br \/>\nSvars: ~7.9\u20138.0 kg<br \/>\nIeteicamais augums: ~105\u2013130 cm<br \/>\nMaks. slodze: l\u012bdz ~40\u201360 kg<\/p>","protected":false},"excerpt":{"rendered":"<p>KHE Arsenic LL 16&#8243; ir viegls un kvalitat\u012bvs BMX velosip\u0113ds b\u0113rniem, kas paredz\u0113ts pirmajiem trikiem, brauk\u0161anai pa pump track, skateparku vai vienk\u0101r\u0161i akt\u012bvai ikdienas izklaidei. Tas ir lieliski piem\u0113rots jaunajiem brauc\u0113jiem, kuri tikai s\u0101k iepaz\u012bt BMX pasauli un kuriem svar\u012bga ir viegla vad\u0101m\u012bba un dro\u0161a kontrole. Velosip\u0113dam ir alum\u012bnija r\u0101mis ar optimiz\u0113tu \u0123eometriju, kas padara [&hellip;]<\/p>\n","protected":false},"featured_media":9976,"template":"","meta":{"_monsterinsights_skip_tracking":false,"_monsterinsights_sitenote_active":false,"_monsterinsights_sitenote_note":"","_monsterinsights_sitenote_category":0,"_iconic_wsb_product_page_order_bump_ids":[],"_sku":["1101-025-04"],"_iconic_wsb_product_page_bump_modal_ids":[]},"product_brand":[1165],"product_cat":[1627,1127],"product_tag":[849,212],"class_list":{"0":"post-9140","1":"product","2":"type-product","3":"status-publish","4":"has-post-thumbnail","6":"product_brand-khe","7":"product_cat-bmx-dirt-velosipedi-20-26","8":"product_cat-velosipedi","9":"product_tag-bmx-dirt-velosipedi","10":"product_tag-velosipedi","11":"product_shipping_class-pieauguso-velosipedi","12":"pa_materials-aluminijs","13":"ts_product_brand-courier_only","15":"first","16":"instock","17":"sale","18":"taxable","19":"shipping-taxable","20":"purchasable","21":"product-type-simple"},"yoast_head":"<!-- This site is optimized with the Yoast SEO plugin v27.2 - https:\/\/yoast.com\/product\/yoast-seo-wordpress\/ -->\n<title>KHE Arsenic LL 16&quot; - Velo Outlets<\/title>\n<meta name=\"robots\" content=\"index, follow, max-snippet:-1, max-image-preview:large, max-video-preview:-1\" \/>\n<link rel=\"canonical\" href=\"https:\/\/velooutlets.com\/et\/toode\/khe-arsenic-ll-16\/\" \/>\n<meta property=\"og:locale\" content=\"et_EE\" \/>\n<meta property=\"og:type\" content=\"article\" \/>\n<meta property=\"og:title\" content=\"KHE Arsenic LL 16&quot; - Velo Outlets\" \/>\n<meta property=\"og:description\" content=\"KHE Arsenic LL 16&#8243; ir viegls un kvalitat\u012bvs BMX velosip\u0113ds b\u0113rniem, kas paredz\u0113ts pirmajiem trikiem, brauk\u0161anai pa pump track, skateparku vai vienk\u0101r\u0161i akt\u012bvai ikdienas izklaidei. Tas ir lieliski piem\u0113rots jaunajiem brauc\u0113jiem, kuri tikai s\u0101k iepaz\u012bt BMX pasauli un kuriem svar\u012bga ir viegla vad\u0101m\u012bba un dro\u0161a kontrole. Velosip\u0113dam ir alum\u012bnija r\u0101mis ar optimiz\u0113tu \u0123eometriju, kas padara [&hellip;]\" \/>\n<meta property=\"og:url\" content=\"https:\/\/velooutlets.com\/et\/toode\/khe-arsenic-ll-16\/\" \/>\n<meta property=\"og:site_name\" content=\"Velo Outlets\" \/>\n<meta property=\"article:modified_time\" content=\"2026-04-20T10:50:56+00:00\" \/>\n<meta property=\"og:image\" content=\"https:\/\/velooutlets.com\/wp-content\/uploads\/2025\/10\/1101-025-04.jpg\" \/>\n\t<meta property=\"og:image:width\" content=\"1335\" \/>\n\t<meta property=\"og:image:height\" content=\"1232\" \/>\n\t<meta property=\"og:image:type\" content=\"image\/jpeg\" \/>\n<meta name=\"twitter:card\" content=\"summary_large_image\" \/>\n<meta name=\"twitter:label1\" content=\"Est. reading time\" \/>\n\t<meta name=\"twitter:data1\" content=\"1 minut\" \/>\n<script type=\"application\/ld+json\" class=\"yoast-schema-graph\">{\"@context\":\"https:\/\/schema.org\",\"@graph\":[{\"@type\":\"WebPage\",\"@id\":\"https:\/\/velooutlets.com\/products\/khe-arsenic-ll-16\/\",\"url\":\"https:\/\/velooutlets.com\/products\/khe-arsenic-ll-16\/\",\"name\":\"KHE Arsenic LL 16\\\" - Velo Outlets\",\"isPartOf\":{\"@id\":\"https:\/\/velooutlets.com\/en\/#website\"},\"primaryImageOfPage\":{\"@id\":\"https:\/\/velooutlets.com\/products\/khe-arsenic-ll-16\/#primaryimage\"},\"image\":{\"@id\":\"https:\/\/velooutlets.com\/products\/khe-arsenic-ll-16\/#primaryimage\"},\"thumbnailUrl\":\"https:\/\/velooutlets.com\/wp-content\/uploads\/2025\/10\/1101-025-04.jpg\",\"datePublished\":\"2025-10-03T11:39:10+00:00\",\"dateModified\":\"2026-04-20T10:50:56+00:00\",\"breadcrumb\":{\"@id\":\"https:\/\/velooutlets.com\/products\/khe-arsenic-ll-16\/#breadcrumb\"},\"inLanguage\":\"et\",\"potentialAction\":[{\"@type\":\"ReadAction\",\"target\":[\"https:\/\/velooutlets.com\/products\/khe-arsenic-ll-16\/\"]}]},{\"@type\":\"ImageObject\",\"inLanguage\":\"et\",\"@id\":\"https:\/\/velooutlets.com\/products\/khe-arsenic-ll-16\/#primaryimage\",\"url\":\"https:\/\/velooutlets.com\/wp-content\/uploads\/2025\/10\/1101-025-04.jpg\",\"contentUrl\":\"https:\/\/velooutlets.com\/wp-content\/uploads\/2025\/10\/1101-025-04.jpg\",\"width\":1335,\"height\":1232},{\"@type\":\"BreadcrumbList\",\"@id\":\"https:\/\/velooutlets.com\/products\/khe-arsenic-ll-16\/#breadcrumb\",\"itemListElement\":[{\"@type\":\"ListItem\",\"position\":1,\"name\":\"Home\",\"item\":\"https:\/\/velooutlets.com\/\"},{\"@type\":\"ListItem\",\"position\":2,\"name\":\"Veikals\",\"item\":\"https:\/\/velooutlets.com\/shop\/\"},{\"@type\":\"ListItem\",\"position\":3,\"name\":\"KHE Arsenic LL 16&#8243;\"}]},{\"@type\":\"WebSite\",\"@id\":\"https:\/\/velooutlets.com\/en\/#website\",\"url\":\"https:\/\/velooutlets.com\/en\/\",\"name\":\"Velo Outlets\",\"description\":\"Velosip\u0113di visai \u0123imenei\",\"potentialAction\":[{\"@type\":\"SearchAction\",\"target\":{\"@type\":\"EntryPoint\",\"urlTemplate\":\"https:\/\/velooutlets.com\/en\/?s={search_term_string}\"},\"query-input\":{\"@type\":\"PropertyValueSpecification\",\"valueRequired\":true,\"valueName\":\"search_term_string\"}}],\"inLanguage\":\"et\"}]}<\/script>\n<!-- \/ Yoast SEO plugin. -->","yoast_head_json":{"title":"KHE Arsenic LL 16\" - Velo Outlets","robots":{"index":"index","follow":"follow","max-snippet":"max-snippet:-1","max-image-preview":"max-image-preview:large","max-video-preview":"max-video-preview:-1"},"canonical":"https:\/\/velooutlets.com\/et\/toode\/khe-arsenic-ll-16\/","og_locale":"et_EE","og_type":"article","og_title":"KHE Arsenic LL 16\" - Velo Outlets","og_description":"KHE Arsenic LL 16&#8243; ir viegls un kvalitat\u012bvs BMX velosip\u0113ds b\u0113rniem, kas paredz\u0113ts pirmajiem trikiem, brauk\u0161anai pa pump track, skateparku vai vienk\u0101r\u0161i akt\u012bvai ikdienas izklaidei. Tas ir lieliski piem\u0113rots jaunajiem brauc\u0113jiem, kuri tikai s\u0101k iepaz\u012bt BMX pasauli un kuriem svar\u012bga ir viegla vad\u0101m\u012bba un dro\u0161a kontrole. Velosip\u0113dam ir alum\u012bnija r\u0101mis ar optimiz\u0113tu \u0123eometriju, kas padara [&hellip;]","og_url":"https:\/\/velooutlets.com\/et\/toode\/khe-arsenic-ll-16\/","og_site_name":"Velo Outlets","article_modified_time":"2026-04-20T10:50:56+00:00","og_image":[{"width":1335,"height":1232,"url":"https:\/\/velooutlets.com\/wp-content\/uploads\/2025\/10\/1101-025-04.jpg","type":"image\/jpeg"}],"twitter_card":"summary_large_image","twitter_misc":{"Est. reading time":"1 minut"},"schema":{"@context":"https:\/\/schema.org","@graph":[{"@type":"WebPage","@id":"https:\/\/velooutlets.com\/products\/khe-arsenic-ll-16\/","url":"https:\/\/velooutlets.com\/products\/khe-arsenic-ll-16\/","name":"KHE Arsenic LL 16\" - Velo Outlets","isPartOf":{"@id":"https:\/\/velooutlets.com\/en\/#website"},"primaryImageOfPage":{"@id":"https:\/\/velooutlets.com\/products\/khe-arsenic-ll-16\/#primaryimage"},"image":{"@id":"https:\/\/velooutlets.com\/products\/khe-arsenic-ll-16\/#primaryimage"},"thumbnailUrl":"https:\/\/velooutlets.com\/wp-content\/uploads\/2025\/10\/1101-025-04.jpg","datePublished":"2025-10-03T11:39:10+00:00","dateModified":"2026-04-20T10:50:56+00:00","breadcrumb":{"@id":"https:\/\/velooutlets.com\/products\/khe-arsenic-ll-16\/#breadcrumb"},"inLanguage":"et","potentialAction":[{"@type":"ReadAction","target":["https:\/\/velooutlets.com\/products\/khe-arsenic-ll-16\/"]}]},{"@type":"ImageObject","inLanguage":"et","@id":"https:\/\/velooutlets.com\/products\/khe-arsenic-ll-16\/#primaryimage","url":"https:\/\/velooutlets.com\/wp-content\/uploads\/2025\/10\/1101-025-04.jpg","contentUrl":"https:\/\/velooutlets.com\/wp-content\/uploads\/2025\/10\/1101-025-04.jpg","width":1335,"height":1232},{"@type":"BreadcrumbList","@id":"https:\/\/velooutlets.com\/products\/khe-arsenic-ll-16\/#breadcrumb","itemListElement":[{"@type":"ListItem","position":1,"name":"Home","item":"https:\/\/velooutlets.com\/"},{"@type":"ListItem","position":2,"name":"Veikals","item":"https:\/\/velooutlets.com\/shop\/"},{"@type":"ListItem","position":3,"name":"KHE Arsenic LL 16&#8243;"}]},{"@type":"WebSite","@id":"https:\/\/velooutlets.com\/en\/#website","url":"https:\/\/velooutlets.com\/en\/","name":"Velo Outlets","description":"Jalgrattad kogu perele","potentialAction":[{"@type":"SearchAction","target":{"@type":"EntryPoint","urlTemplate":"https:\/\/velooutlets.com\/en\/?s={search_term_string}"},"query-input":{"@type":"PropertyValueSpecification","valueRequired":true,"valueName":"search_term_string"}}],"inLanguage":"et"}]}},"jetpack_sharing_enabled":true,"_links":{"self":[{"href":"https:\/\/velooutlets.com\/et\/wp-json\/wp\/v2\/product\/9140","targetHints":{"allow":["GET"]}}],"collection":[{"href":"https:\/\/velooutlets.com\/et\/wp-json\/wp\/v2\/product"}],"about":[{"href":"https:\/\/velooutlets.com\/et\/wp-json\/wp\/v2\/types\/product"}],"wp:featuredmedia":[{"embeddable":true,"href":"https:\/\/velooutlets.com\/et\/wp-json\/wp\/v2\/media\/9976"}],"wp:attachment":[{"href":"https:\/\/velooutlets.com\/et\/wp-json\/wp\/v2\/media?parent=9140"}],"wp:term":[{"taxonomy":"product_brand","embeddable":true,"href":"https:\/\/velooutlets.com\/et\/wp-json\/wp\/v2\/product_brand?post=9140"},{"taxonomy":"product_cat","embeddable":true,"href":"https:\/\/velooutlets.com\/et\/wp-json\/wp\/v2\/product_cat?post=9140"},{"taxonomy":"product_tag","embeddable":true,"href":"https:\/\/velooutlets.com\/et\/wp-json\/wp\/v2\/product_tag?post=9140"}],"curies":[{"name":"wp","href":"https:\/\/api.w.org\/{rel}","templated":true}]}}