{"id":9167,"date":"2025-10-03T14:39:38","date_gmt":"2025-10-03T11:39:38","guid":{"rendered":"https:\/\/staging.velooutlets.com\/product\/polar-caiman-blizzard-1-0-grey-orange\/"},"modified":"2026-04-12T19:21:53","modified_gmt":"2026-04-12T16:21:53","slug":"polar-caiman-blizzard-1-0-grey-orange","status":"publish","type":"product","link":"https:\/\/velooutlets.com\/et\/toode\/polar-caiman-blizzard-1-0-grey-orange\/","title":{"rendered":"Polar Caiman Blizzard 1.0 Grey\/Orange XL"},"content":{"rendered":"<p>Caiman Blizzard 1.0 on usaldusv\u00e4\u00e4rne ja mitmek\u00fclgne m\u00e4gijalgratas, mis on m\u00f5eldud nii aktiivseks linnas\u00f5iduks kui ka matkamiseks metsaradadel v\u00f5i karmidel teedel. Selle tugev Hi-Ten terasraam tagab stabiilsuse, samal ajal kui Zoomi amortiseeriv kahvel aitab pehmendada p\u00f5rutusi ja tagab mugavuse ka ebatasasel pinnal. 29-tollised rattad tagavad hea man\u00f6\u00f6verdamisv\u00f5ime ja stabiilsuse, samas kui 3\u00d77 k\u00e4igukasti v\u00f5imaldab kiirust h\u00f5lpsasti kohandada erinevatele maastikele.<\/p>\n<p>Mehaanilised ketaspidurid tagavad ohutuse, v\u00f5imaldades t\u00e4pset ja ohutut peatumist, samas kui ergonoomilised k\u00e4epidemed ja reguleeritav terasest juhtraud parandavad juhitavust. Eesmine ja tagumine rattak\u00e4igukang t\u00f6\u00f6tavad sujuvalt, v\u00f5imaldades h\u00f5lpsat vahetamist ka rasketes tingimustes, samas kui 29\u00d72,10 rehvid tagavad hea haardumise ja kontrolli erinevatel pinnastel. Caiman Blizzard 1.0 \u00fchendab endas vastupidavuse, mugavuse ja t\u00e4pse juhitavuse, mist\u00f5ttu on see ideaalne valik nii uutele kui ka kogenud ratturitele.<\/p>","protected":false},"excerpt":{"rendered":"<p>Caiman Blizzard 1.0 ir uzticams un daudzpus\u012bgs kalnu velosip\u0113ds, kas paredz\u0113ts gan akt\u012bviem braucieniem pils\u0113t\u0101, gan p\u0101rg\u0101jieniem pa me\u017ea tak\u0101m vai nel\u012bdzeniem ce\u013ciem. T\u0101 iztur\u012bgais Hi-Ten t\u0113rauda r\u0101mis nodro\u0161ina stabilit\u0101ti, bet Zoom amortizatora dak\u0161a pal\u012bdz m\u012bkstin\u0101t triecienus un nodro\u0161ina komfortu pat uz nel\u012bdzen\u0101m virsm\u0101m. Velosip\u0113ds apr\u012bkots ar 29 collu rite\u0146iem, kas garant\u0113 labu manevr\u0113\u0161anas sp\u0113ju [&hellip;]<\/p>\n","protected":false},"featured_media":10062,"template":"","meta":{"_monsterinsights_skip_tracking":false,"_monsterinsights_sitenote_active":false,"_monsterinsights_sitenote_note":"","_monsterinsights_sitenote_category":0,"_iconic_wsb_product_page_order_bump_ids":[[]],"_sku":["8605044947735"],"_iconic_wsb_product_page_bump_modal_ids":[[]]},"product_brand":[871],"product_cat":[980,1127],"product_tag":[211,850,212],"class_list":{"0":"post-9167","1":"product","2":"type-product","3":"status-publish","4":"has-post-thumbnail","6":"product_brand-polar","7":"product_cat-kalnu-velosipedi","8":"product_cat-velosipedi","9":"product_tag-kalnu-velosipedi","10":"product_tag-polar","11":"product_tag-velosipedi","12":"product_shipping_class-pieauguso-velosipedi","13":"pa_razosanas-gads-1240","14":"ts_product_brand-courier_only","16":"first","17":"instock","18":"sale","19":"taxable","20":"shipping-taxable","21":"purchasable","22":"product-type-simple"},"yoast_head":"<!-- This site is optimized with the Yoast SEO plugin v27.2 - https:\/\/yoast.com\/product\/yoast-seo-wordpress\/ -->\n<title>Polar Caiman Blizzard 1.0 Grey\/Orange XL - Velo Outlets<\/title>\n<meta name=\"robots\" content=\"index, follow, max-snippet:-1, max-image-preview:large, max-video-preview:-1\" \/>\n<link rel=\"canonical\" href=\"https:\/\/velooutlets.com\/et\/toode\/polar-caiman-blizzard-1-0-grey-orange\/\" \/>\n<meta property=\"og:locale\" content=\"et_EE\" \/>\n<meta property=\"og:type\" content=\"article\" \/>\n<meta property=\"og:title\" content=\"Polar Caiman Blizzard 1.0 Grey\/Orange XL - Velo Outlets\" \/>\n<meta property=\"og:description\" content=\"Caiman Blizzard 1.0 ir uzticams un daudzpus\u012bgs kalnu velosip\u0113ds, kas paredz\u0113ts gan akt\u012bviem braucieniem pils\u0113t\u0101, gan p\u0101rg\u0101jieniem pa me\u017ea tak\u0101m vai nel\u012bdzeniem ce\u013ciem. T\u0101 iztur\u012bgais Hi-Ten t\u0113rauda r\u0101mis nodro\u0161ina stabilit\u0101ti, bet Zoom amortizatora dak\u0161a pal\u012bdz m\u012bkstin\u0101t triecienus un nodro\u0161ina komfortu pat uz nel\u012bdzen\u0101m virsm\u0101m. Velosip\u0113ds apr\u012bkots ar 29 collu rite\u0146iem, kas garant\u0113 labu manevr\u0113\u0161anas sp\u0113ju [&hellip;]\" \/>\n<meta property=\"og:url\" content=\"https:\/\/velooutlets.com\/et\/toode\/polar-caiman-blizzard-1-0-grey-orange\/\" \/>\n<meta property=\"og:site_name\" content=\"Velo Outlets\" \/>\n<meta property=\"article:modified_time\" content=\"2026-04-12T16:21:53+00:00\" \/>\n<meta property=\"og:image\" content=\"https:\/\/velooutlets.com\/wp-content\/uploads\/2025\/10\/B291S0225-grey-orange_1_1.jpg\" \/>\n\t<meta property=\"og:image:width\" content=\"1689\" \/>\n\t<meta property=\"og:image:height\" content=\"1000\" \/>\n\t<meta property=\"og:image:type\" content=\"image\/jpeg\" \/>\n<meta name=\"twitter:card\" content=\"summary_large_image\" \/>\n<meta name=\"twitter:label1\" content=\"Est. reading time\" \/>\n\t<meta name=\"twitter:data1\" content=\"1 minut\" \/>\n<script type=\"application\/ld+json\" class=\"yoast-schema-graph\">{\"@context\":\"https:\/\/schema.org\",\"@graph\":[{\"@type\":\"WebPage\",\"@id\":\"https:\/\/velooutlets.com\/products\/polar-caiman-blizzard-1-0-grey-orange\/\",\"url\":\"https:\/\/velooutlets.com\/products\/polar-caiman-blizzard-1-0-grey-orange\/\",\"name\":\"Polar Caiman Blizzard 1.0 Grey\/Orange XL - Velo Outlets\",\"isPartOf\":{\"@id\":\"https:\/\/velooutlets.com\/en\/#website\"},\"primaryImageOfPage\":{\"@id\":\"https:\/\/velooutlets.com\/products\/polar-caiman-blizzard-1-0-grey-orange\/#primaryimage\"},\"image\":{\"@id\":\"https:\/\/velooutlets.com\/products\/polar-caiman-blizzard-1-0-grey-orange\/#primaryimage\"},\"thumbnailUrl\":\"https:\/\/velooutlets.com\/wp-content\/uploads\/2025\/10\/B291S0225-grey-orange_1_1.jpg\",\"datePublished\":\"2025-10-03T11:39:38+00:00\",\"dateModified\":\"2026-04-12T16:21:53+00:00\",\"breadcrumb\":{\"@id\":\"https:\/\/velooutlets.com\/products\/polar-caiman-blizzard-1-0-grey-orange\/#breadcrumb\"},\"inLanguage\":\"et\",\"potentialAction\":[{\"@type\":\"ReadAction\",\"target\":[\"https:\/\/velooutlets.com\/products\/polar-caiman-blizzard-1-0-grey-orange\/\"]}]},{\"@type\":\"ImageObject\",\"inLanguage\":\"et\",\"@id\":\"https:\/\/velooutlets.com\/products\/polar-caiman-blizzard-1-0-grey-orange\/#primaryimage\",\"url\":\"https:\/\/velooutlets.com\/wp-content\/uploads\/2025\/10\/B291S0225-grey-orange_1_1.jpg\",\"contentUrl\":\"https:\/\/velooutlets.com\/wp-content\/uploads\/2025\/10\/B291S0225-grey-orange_1_1.jpg\",\"width\":1689,\"height\":1000},{\"@type\":\"BreadcrumbList\",\"@id\":\"https:\/\/velooutlets.com\/products\/polar-caiman-blizzard-1-0-grey-orange\/#breadcrumb\",\"itemListElement\":[{\"@type\":\"ListItem\",\"position\":1,\"name\":\"Home\",\"item\":\"https:\/\/velooutlets.com\/\"},{\"@type\":\"ListItem\",\"position\":2,\"name\":\"Veikals\",\"item\":\"https:\/\/velooutlets.com\/shop\/\"},{\"@type\":\"ListItem\",\"position\":3,\"name\":\"Polar Caiman Blizzard 1.0 Grey\/Orange XL\"}]},{\"@type\":\"WebSite\",\"@id\":\"https:\/\/velooutlets.com\/en\/#website\",\"url\":\"https:\/\/velooutlets.com\/en\/\",\"name\":\"Velo Outlets\",\"description\":\"Velosip\u0113di visai \u0123imenei\",\"potentialAction\":[{\"@type\":\"SearchAction\",\"target\":{\"@type\":\"EntryPoint\",\"urlTemplate\":\"https:\/\/velooutlets.com\/en\/?s={search_term_string}\"},\"query-input\":{\"@type\":\"PropertyValueSpecification\",\"valueRequired\":true,\"valueName\":\"search_term_string\"}}],\"inLanguage\":\"et\"}]}<\/script>\n<!-- \/ Yoast SEO plugin. -->","yoast_head_json":{"title":"Polar Caiman Blizzard 1.0 Grey\/Orange XL - Velo Outlets","robots":{"index":"index","follow":"follow","max-snippet":"max-snippet:-1","max-image-preview":"max-image-preview:large","max-video-preview":"max-video-preview:-1"},"canonical":"https:\/\/velooutlets.com\/et\/toode\/polar-caiman-blizzard-1-0-grey-orange\/","og_locale":"et_EE","og_type":"article","og_title":"Polar Caiman Blizzard 1.0 Grey\/Orange XL - Velo Outlets","og_description":"Caiman Blizzard 1.0 ir uzticams un daudzpus\u012bgs kalnu velosip\u0113ds, kas paredz\u0113ts gan akt\u012bviem braucieniem pils\u0113t\u0101, gan p\u0101rg\u0101jieniem pa me\u017ea tak\u0101m vai nel\u012bdzeniem ce\u013ciem. T\u0101 iztur\u012bgais Hi-Ten t\u0113rauda r\u0101mis nodro\u0161ina stabilit\u0101ti, bet Zoom amortizatora dak\u0161a pal\u012bdz m\u012bkstin\u0101t triecienus un nodro\u0161ina komfortu pat uz nel\u012bdzen\u0101m virsm\u0101m. Velosip\u0113ds apr\u012bkots ar 29 collu rite\u0146iem, kas garant\u0113 labu manevr\u0113\u0161anas sp\u0113ju [&hellip;]","og_url":"https:\/\/velooutlets.com\/et\/toode\/polar-caiman-blizzard-1-0-grey-orange\/","og_site_name":"Velo Outlets","article_modified_time":"2026-04-12T16:21:53+00:00","og_image":[{"width":1689,"height":1000,"url":"https:\/\/velooutlets.com\/wp-content\/uploads\/2025\/10\/B291S0225-grey-orange_1_1.jpg","type":"image\/jpeg"}],"twitter_card":"summary_large_image","twitter_misc":{"Est. reading time":"1 minut"},"schema":{"@context":"https:\/\/schema.org","@graph":[{"@type":"WebPage","@id":"https:\/\/velooutlets.com\/products\/polar-caiman-blizzard-1-0-grey-orange\/","url":"https:\/\/velooutlets.com\/products\/polar-caiman-blizzard-1-0-grey-orange\/","name":"Polar Caiman Blizzard 1.0 Grey\/Orange XL - Velo Outlets","isPartOf":{"@id":"https:\/\/velooutlets.com\/en\/#website"},"primaryImageOfPage":{"@id":"https:\/\/velooutlets.com\/products\/polar-caiman-blizzard-1-0-grey-orange\/#primaryimage"},"image":{"@id":"https:\/\/velooutlets.com\/products\/polar-caiman-blizzard-1-0-grey-orange\/#primaryimage"},"thumbnailUrl":"https:\/\/velooutlets.com\/wp-content\/uploads\/2025\/10\/B291S0225-grey-orange_1_1.jpg","datePublished":"2025-10-03T11:39:38+00:00","dateModified":"2026-04-12T16:21:53+00:00","breadcrumb":{"@id":"https:\/\/velooutlets.com\/products\/polar-caiman-blizzard-1-0-grey-orange\/#breadcrumb"},"inLanguage":"et","potentialAction":[{"@type":"ReadAction","target":["https:\/\/velooutlets.com\/products\/polar-caiman-blizzard-1-0-grey-orange\/"]}]},{"@type":"ImageObject","inLanguage":"et","@id":"https:\/\/velooutlets.com\/products\/polar-caiman-blizzard-1-0-grey-orange\/#primaryimage","url":"https:\/\/velooutlets.com\/wp-content\/uploads\/2025\/10\/B291S0225-grey-orange_1_1.jpg","contentUrl":"https:\/\/velooutlets.com\/wp-content\/uploads\/2025\/10\/B291S0225-grey-orange_1_1.jpg","width":1689,"height":1000},{"@type":"BreadcrumbList","@id":"https:\/\/velooutlets.com\/products\/polar-caiman-blizzard-1-0-grey-orange\/#breadcrumb","itemListElement":[{"@type":"ListItem","position":1,"name":"Home","item":"https:\/\/velooutlets.com\/"},{"@type":"ListItem","position":2,"name":"Veikals","item":"https:\/\/velooutlets.com\/shop\/"},{"@type":"ListItem","position":3,"name":"Polar Caiman Blizzard 1.0 Grey\/Orange XL"}]},{"@type":"WebSite","@id":"https:\/\/velooutlets.com\/en\/#website","url":"https:\/\/velooutlets.com\/en\/","name":"Velo Outlets","description":"Jalgrattad kogu perele","potentialAction":[{"@type":"SearchAction","target":{"@type":"EntryPoint","urlTemplate":"https:\/\/velooutlets.com\/en\/?s={search_term_string}"},"query-input":{"@type":"PropertyValueSpecification","valueRequired":true,"valueName":"search_term_string"}}],"inLanguage":"et"}]}},"jetpack_sharing_enabled":true,"_links":{"self":[{"href":"https:\/\/velooutlets.com\/et\/wp-json\/wp\/v2\/product\/9167","targetHints":{"allow":["GET"]}}],"collection":[{"href":"https:\/\/velooutlets.com\/et\/wp-json\/wp\/v2\/product"}],"about":[{"href":"https:\/\/velooutlets.com\/et\/wp-json\/wp\/v2\/types\/product"}],"wp:featuredmedia":[{"embeddable":true,"href":"https:\/\/velooutlets.com\/et\/wp-json\/wp\/v2\/media\/10062"}],"wp:attachment":[{"href":"https:\/\/velooutlets.com\/et\/wp-json\/wp\/v2\/media?parent=9167"}],"wp:term":[{"taxonomy":"product_brand","embeddable":true,"href":"https:\/\/velooutlets.com\/et\/wp-json\/wp\/v2\/product_brand?post=9167"},{"taxonomy":"product_cat","embeddable":true,"href":"https:\/\/velooutlets.com\/et\/wp-json\/wp\/v2\/product_cat?post=9167"},{"taxonomy":"product_tag","embeddable":true,"href":"https:\/\/velooutlets.com\/et\/wp-json\/wp\/v2\/product_tag?post=9167"}],"curies":[{"name":"wp","href":"https:\/\/api.w.org\/{rel}","templated":true}]}}