{"id":9178,"date":"2025-10-03T14:39:51","date_gmt":"2025-10-03T11:39:51","guid":{"rendered":"https:\/\/staging.velooutlets.com\/product\/polar-grazia-28-olive\/"},"modified":"2026-04-18T14:35:24","modified_gmt":"2026-04-18T11:35:24","slug":"polar-grazia-olive","status":"publish","type":"product","link":"https:\/\/velooutlets.com\/et\/toode\/polar-grazia-olive\/","title":{"rendered":"Polar Grazia 6s Olive 28&#8243;"},"content":{"rendered":"<p>Polar Grazia 6 28\u2033 ir elegants un praktisks pils\u0113tas velosip\u0113ds, kas paredz\u0113ts \u0113rtai ikdienas p\u0101rvieto\u0161anai. Tas apvieno klasisku dizainu ar funkcion\u0101liem risin\u0101jumiem, nodro\u0161inot komfortu gan \u012bsos, gan gar\u0101kos braucienos pa pils\u0113tu.<\/p>\n<p>Velosip\u0113da r\u0101mis veidots t\u0101, lai uzk\u0101p\u0161ana un nok\u0101p\u0161ana b\u016btu vienk\u0101r\u0161a un \u0113rta. Izliekt\u0101 st\u016bre nodro\u0161ina dabisku, vertik\u0101lu s\u0113dpoz\u012bciju, savuk\u0101rt plats un komfortabls s\u0113deklis pal\u012bdz samazin\u0101t vibr\u0101cijas un uzlabo brauk\u0161anas pieredzi.<\/p>\n<p>Modelis apr\u012bkots ar virkni praktisku papildapr\u012bkojumu \u2013 priek\u0161\u0113jo grozu un aizmugur\u0113jo bag\u0101\u017enieku mantu p\u0101rvad\u0101\u0161anai, dub\u013cusargiem aizsardz\u012bbai pret \u0161\u013cakat\u0101m, k\u0101 ar\u012b priek\u0161\u0113jo un aizmugur\u0113jo apgaismojumu dro\u0161\u012bbai diennakts tum\u0161aj\u0101 laik\u0101. Ikdienas lieto\u0161anu papildina ar\u012b \u0137\u0113des aizsargs un zvani\u0146\u0161.<\/p>\n<p>6 \u0101trumu sist\u0113ma nodro\u0161ina vienk\u0101r\u0161u un \u0113rtu p\u0101rnesumu mai\u0146u, \u013caujot piel\u0101got brauk\u0161anu da\u017e\u0101diem pils\u0113tas apst\u0101k\u013ciem.<\/p>\n<p>Spetsifikatsioon:<br \/>\nModelis: Polar Grazia 6 28\u2033<br \/>\nTips: Pils\u0113tas velosip\u0113ds<br \/>\nRite\u0146u izm\u0113rs: 700C (28\u2033)<br \/>\n\u0100trumu skaits: 1\u00d76<br \/>\nR\u0101mis: Hi-Ten t\u0113rauds<br \/>\nDak\u0161a: Hi-Ten t\u0113rauda, ciet\u0101 (rigid) 28\u2033<br \/>\nSt\u016bres gultnis: 1\u2033 ar v\u012btni<br \/>\nSt\u016bres stute: Alum\u012bnijs \/ t\u0113rauds 22.2 \/ 80 mm<br \/>\nSt\u016bre: T\u0113rauda 620 mm<br \/>\nRokturi: Hermans Ergo<br \/>\nS\u0113dek\u013ca stute: T\u0113rauda 25.4 \u00d7 300 mm<br \/>\nS\u0113deklis: P:Lab City Lady<br \/>\nAploces: Beretta 28\u2033 alum\u012bnija, dubultsienu, 36H<br \/>\nPriek\u0161\u0113j\u0101 rumba: T\u0113rauda, 36H<br \/>\nAizmugur\u0113j\u0101 rumba: T\u0113rauda, 36H<br \/>\nBrem\u017eu rokturi: Saccon PVC-Alu<br \/>\nBremzes: Saccon V-Brake alum\u012bnija<br \/>\nAizmugur\u0113jais p\u0101rsl\u0113dz\u0113js: Shimano RD-TY21 GS<br \/>\nP\u0101rsl\u0113dz\u0113ju rokturis: Shimano SL-RS36-6 (Revo)<br \/>\nAizmugur\u0113jais zobrats: Shimano MF-TZ500 14\u201328T<br \/>\n\u0136\u0113de: KMC Z6<br \/>\nApak\u0161\u0113j\u0101s ass gultnis: Thun patrona<br \/>\nPriek\u0161\u0113jais zobrats: T\u0113rauda 40T, 170 mm<br \/>\nPed\u0101\u013ci: City PVC<br \/>\nAtbalsta k\u0101ji\u0146a: T\u0113rauda<br \/>\nRiepas: 700 \u00d7 40C<br \/>\nPapildapr\u012bkojums: Dub\u013cusargi, priek\u0161\u0113jais grozs, aizmugur\u0113jais bag\u0101\u017enieks, priek\u0161\u0113jais un aizmugur\u0113jais apgaismojums, \u0137\u0113des aizsargs, zvani\u0146\u0161<\/p>","protected":false},"excerpt":{"rendered":"<p>Polar Grazia 6 28\u2033 ir elegants un praktisks pils\u0113tas velosip\u0113ds, kas paredz\u0113ts \u0113rtai ikdienas p\u0101rvieto\u0161anai. Tas apvieno klasisku dizainu ar funkcion\u0101liem risin\u0101jumiem, nodro\u0161inot komfortu gan \u012bsos, gan gar\u0101kos braucienos pa pils\u0113tu. Velosip\u0113da r\u0101mis veidots t\u0101, lai uzk\u0101p\u0161ana un nok\u0101p\u0161ana b\u016btu vienk\u0101r\u0161a un \u0113rta. Izliekt\u0101 st\u016bre nodro\u0161ina dabisku, vertik\u0101lu s\u0113dpoz\u012bciju, savuk\u0101rt plats un komfortabls s\u0113deklis pal\u012bdz [&hellip;]<\/p>\n","protected":false},"featured_media":37810,"template":"","meta":{"_monsterinsights_skip_tracking":false,"_monsterinsights_sitenote_active":false,"_monsterinsights_sitenote_note":"","_monsterinsights_sitenote_category":0,"_iconic_wsb_product_page_order_bump_ids":[],"_sku":[""],"_iconic_wsb_product_page_bump_modal_ids":[]},"product_brand":[871],"product_cat":[1068,1127],"product_tag":[1525,850,846,212],"class_list":{"0":"post-9178","1":"product","2":"type-product","3":"status-publish","4":"has-post-thumbnail","6":"product_brand-polar","7":"product_cat-sieviesu-velosipedi","8":"product_cat-velosipedi","9":"product_tag-04_02_26","10":"product_tag-polar","11":"product_tag-sieviesu-velosipedi","12":"product_tag-velosipedi","13":"product_shipping_class-pieauguso-velosipedi","14":"pa_materials-hi-ten-terauds","15":"ts_product_brand-courier_only","17":"first","18":"instock","19":"sale","20":"taxable","21":"shipping-taxable","22":"purchasable","23":"product-type-simple"},"yoast_head":"<!-- This site is optimized with the Yoast SEO plugin v27.2 - https:\/\/yoast.com\/product\/yoast-seo-wordpress\/ -->\n<title>Polar Grazia Olive sievie\u0161u pils\u0113tas velosip\u0113ds \u2013 Elegants, komfortabls un piem\u0113rots ikdienas braucieniem | Velo Outlets<\/title>\n<meta name=\"description\" content=\"Velo Outlets sievie\u0161u velosip\u0113di: Pla\u0161a izv\u0113le no elegantiem un komfortabliem mode\u013ciem, kas piem\u0113roti gan ikdienas, gan atp\u016btas braucieniem.\" \/>\n<meta name=\"robots\" content=\"index, follow, max-snippet:-1, max-image-preview:large, max-video-preview:-1\" \/>\n<link rel=\"canonical\" href=\"https:\/\/velooutlets.com\/et\/toode\/polar-grazia-olive\/\" \/>\n<meta property=\"og:locale\" content=\"et_EE\" \/>\n<meta property=\"og:type\" content=\"article\" \/>\n<meta property=\"og:title\" content=\"Polar Grazia Olive sievie\u0161u pils\u0113tas velosip\u0113ds \u2013 Elegants, komfortabls un piem\u0113rots ikdienas braucieniem | Velo Outlets\" \/>\n<meta property=\"og:description\" content=\"Velo Outlets sievie\u0161u velosip\u0113di: Pla\u0161a izv\u0113le no elegantiem un komfortabliem mode\u013ciem, kas piem\u0113roti gan ikdienas, gan atp\u016btas braucieniem.\" \/>\n<meta property=\"og:url\" content=\"https:\/\/velooutlets.com\/et\/toode\/polar-grazia-olive\/\" \/>\n<meta property=\"og:site_name\" content=\"Velo Outlets\" \/>\n<meta property=\"article:modified_time\" content=\"2026-04-18T11:35:24+00:00\" \/>\n<meta property=\"og:image\" content=\"https:\/\/velooutlets.com\/wp-content\/uploads\/2025\/10\/1000198160.jpg\" \/>\n\t<meta property=\"og:image:width\" content=\"2016\" \/>\n\t<meta property=\"og:image:height\" content=\"1512\" \/>\n\t<meta property=\"og:image:type\" content=\"image\/jpeg\" \/>\n<meta name=\"twitter:card\" content=\"summary_large_image\" \/>\n<meta name=\"twitter:label1\" content=\"Est. reading time\" \/>\n\t<meta name=\"twitter:data1\" content=\"2 minutit\" \/>\n<script type=\"application\/ld+json\" class=\"yoast-schema-graph\">{\"@context\":\"https:\/\/schema.org\",\"@graph\":[{\"@type\":\"WebPage\",\"@id\":\"https:\/\/velooutlets.com\/products\/polar-grazia-olive\/\",\"url\":\"https:\/\/velooutlets.com\/products\/polar-grazia-olive\/\",\"name\":\"Polar Grazia Olive sievie\u0161u pils\u0113tas velosip\u0113ds \u2013 Elegants, komfortabls un piem\u0113rots ikdienas braucieniem | Velo Outlets\",\"isPartOf\":{\"@id\":\"https:\/\/velooutlets.com\/en\/#website\"},\"primaryImageOfPage\":{\"@id\":\"https:\/\/velooutlets.com\/products\/polar-grazia-olive\/#primaryimage\"},\"image\":{\"@id\":\"https:\/\/velooutlets.com\/products\/polar-grazia-olive\/#primaryimage\"},\"thumbnailUrl\":\"https:\/\/velooutlets.com\/wp-content\/uploads\/2025\/10\/1000198160.jpg\",\"datePublished\":\"2025-10-03T11:39:51+00:00\",\"dateModified\":\"2026-04-18T11:35:24+00:00\",\"description\":\"Velo Outlets sievie\u0161u velosip\u0113di: Pla\u0161a izv\u0113le no elegantiem un komfortabliem mode\u013ciem, kas piem\u0113roti gan ikdienas, gan atp\u016btas braucieniem.\",\"breadcrumb\":{\"@id\":\"https:\/\/velooutlets.com\/products\/polar-grazia-olive\/#breadcrumb\"},\"inLanguage\":\"et\",\"potentialAction\":[{\"@type\":\"ReadAction\",\"target\":[\"https:\/\/velooutlets.com\/products\/polar-grazia-olive\/\"]}]},{\"@type\":\"ImageObject\",\"inLanguage\":\"et\",\"@id\":\"https:\/\/velooutlets.com\/products\/polar-grazia-olive\/#primaryimage\",\"url\":\"https:\/\/velooutlets.com\/wp-content\/uploads\/2025\/10\/1000198160.jpg\",\"contentUrl\":\"https:\/\/velooutlets.com\/wp-content\/uploads\/2025\/10\/1000198160.jpg\",\"width\":2016,\"height\":1512},{\"@type\":\"BreadcrumbList\",\"@id\":\"https:\/\/velooutlets.com\/products\/polar-grazia-olive\/#breadcrumb\",\"itemListElement\":[{\"@type\":\"ListItem\",\"position\":1,\"name\":\"Home\",\"item\":\"https:\/\/velooutlets.com\/\"},{\"@type\":\"ListItem\",\"position\":2,\"name\":\"Veikals\",\"item\":\"https:\/\/velooutlets.com\/shop\/\"},{\"@type\":\"ListItem\",\"position\":3,\"name\":\"Polar Grazia 6s Olive 28&#8243;\"}]},{\"@type\":\"WebSite\",\"@id\":\"https:\/\/velooutlets.com\/en\/#website\",\"url\":\"https:\/\/velooutlets.com\/en\/\",\"name\":\"Velo Outlets\",\"description\":\"Velosip\u0113di visai \u0123imenei\",\"potentialAction\":[{\"@type\":\"SearchAction\",\"target\":{\"@type\":\"EntryPoint\",\"urlTemplate\":\"https:\/\/velooutlets.com\/en\/?s={search_term_string}\"},\"query-input\":{\"@type\":\"PropertyValueSpecification\",\"valueRequired\":true,\"valueName\":\"search_term_string\"}}],\"inLanguage\":\"et\"}]}<\/script>\n<!-- \/ Yoast SEO plugin. -->","yoast_head_json":{"title":"Polar Grazia Olive sievie\u0161u pils\u0113tas velosip\u0113ds \u2013 Elegants, komfortabls un piem\u0113rots ikdienas braucieniem | Velo Outlets","description":"Velo Outlets sievie\u0161u velosip\u0113di: Pla\u0161a izv\u0113le no elegantiem un komfortabliem mode\u013ciem, kas piem\u0113roti gan ikdienas, gan atp\u016btas braucieniem.","robots":{"index":"index","follow":"follow","max-snippet":"max-snippet:-1","max-image-preview":"max-image-preview:large","max-video-preview":"max-video-preview:-1"},"canonical":"https:\/\/velooutlets.com\/et\/toode\/polar-grazia-olive\/","og_locale":"et_EE","og_type":"article","og_title":"Polar Grazia Olive sievie\u0161u pils\u0113tas velosip\u0113ds \u2013 Elegants, komfortabls un piem\u0113rots ikdienas braucieniem | Velo Outlets","og_description":"Velo Outlets sievie\u0161u velosip\u0113di: Pla\u0161a izv\u0113le no elegantiem un komfortabliem mode\u013ciem, kas piem\u0113roti gan ikdienas, gan atp\u016btas braucieniem.","og_url":"https:\/\/velooutlets.com\/et\/toode\/polar-grazia-olive\/","og_site_name":"Velo Outlets","article_modified_time":"2026-04-18T11:35:24+00:00","og_image":[{"width":2016,"height":1512,"url":"https:\/\/velooutlets.com\/wp-content\/uploads\/2025\/10\/1000198160.jpg","type":"image\/jpeg"}],"twitter_card":"summary_large_image","twitter_misc":{"Est. reading time":"2 minutit"},"schema":{"@context":"https:\/\/schema.org","@graph":[{"@type":"WebPage","@id":"https:\/\/velooutlets.com\/products\/polar-grazia-olive\/","url":"https:\/\/velooutlets.com\/products\/polar-grazia-olive\/","name":"Polar Grazia Olive sievie\u0161u pils\u0113tas velosip\u0113ds \u2013 Elegants, komfortabls un piem\u0113rots ikdienas braucieniem | Velo Outlets","isPartOf":{"@id":"https:\/\/velooutlets.com\/en\/#website"},"primaryImageOfPage":{"@id":"https:\/\/velooutlets.com\/products\/polar-grazia-olive\/#primaryimage"},"image":{"@id":"https:\/\/velooutlets.com\/products\/polar-grazia-olive\/#primaryimage"},"thumbnailUrl":"https:\/\/velooutlets.com\/wp-content\/uploads\/2025\/10\/1000198160.jpg","datePublished":"2025-10-03T11:39:51+00:00","dateModified":"2026-04-18T11:35:24+00:00","description":"Velo Outlets sievie\u0161u velosip\u0113di: Pla\u0161a izv\u0113le no elegantiem un komfortabliem mode\u013ciem, kas piem\u0113roti gan ikdienas, gan atp\u016btas braucieniem.","breadcrumb":{"@id":"https:\/\/velooutlets.com\/products\/polar-grazia-olive\/#breadcrumb"},"inLanguage":"et","potentialAction":[{"@type":"ReadAction","target":["https:\/\/velooutlets.com\/products\/polar-grazia-olive\/"]}]},{"@type":"ImageObject","inLanguage":"et","@id":"https:\/\/velooutlets.com\/products\/polar-grazia-olive\/#primaryimage","url":"https:\/\/velooutlets.com\/wp-content\/uploads\/2025\/10\/1000198160.jpg","contentUrl":"https:\/\/velooutlets.com\/wp-content\/uploads\/2025\/10\/1000198160.jpg","width":2016,"height":1512},{"@type":"BreadcrumbList","@id":"https:\/\/velooutlets.com\/products\/polar-grazia-olive\/#breadcrumb","itemListElement":[{"@type":"ListItem","position":1,"name":"Home","item":"https:\/\/velooutlets.com\/"},{"@type":"ListItem","position":2,"name":"Veikals","item":"https:\/\/velooutlets.com\/shop\/"},{"@type":"ListItem","position":3,"name":"Polar Grazia 6s Olive 28&#8243;"}]},{"@type":"WebSite","@id":"https:\/\/velooutlets.com\/en\/#website","url":"https:\/\/velooutlets.com\/en\/","name":"Velo Outlets","description":"Jalgrattad kogu perele","potentialAction":[{"@type":"SearchAction","target":{"@type":"EntryPoint","urlTemplate":"https:\/\/velooutlets.com\/en\/?s={search_term_string}"},"query-input":{"@type":"PropertyValueSpecification","valueRequired":true,"valueName":"search_term_string"}}],"inLanguage":"et"}]}},"jetpack_sharing_enabled":true,"_links":{"self":[{"href":"https:\/\/velooutlets.com\/et\/wp-json\/wp\/v2\/product\/9178","targetHints":{"allow":["GET"]}}],"collection":[{"href":"https:\/\/velooutlets.com\/et\/wp-json\/wp\/v2\/product"}],"about":[{"href":"https:\/\/velooutlets.com\/et\/wp-json\/wp\/v2\/types\/product"}],"wp:featuredmedia":[{"embeddable":true,"href":"https:\/\/velooutlets.com\/et\/wp-json\/wp\/v2\/media\/37810"}],"wp:attachment":[{"href":"https:\/\/velooutlets.com\/et\/wp-json\/wp\/v2\/media?parent=9178"}],"wp:term":[{"taxonomy":"product_brand","embeddable":true,"href":"https:\/\/velooutlets.com\/et\/wp-json\/wp\/v2\/product_brand?post=9178"},{"taxonomy":"product_cat","embeddable":true,"href":"https:\/\/velooutlets.com\/et\/wp-json\/wp\/v2\/product_cat?post=9178"},{"taxonomy":"product_tag","embeddable":true,"href":"https:\/\/velooutlets.com\/et\/wp-json\/wp\/v2\/product_tag?post=9178"}],"curies":[{"name":"wp","href":"https:\/\/api.w.org\/{rel}","templated":true}]}}