{"id":9179,"date":"2025-10-03T14:39:52","date_gmt":"2025-10-03T11:39:52","guid":{"rendered":"https:\/\/staging.velooutlets.com\/product\/polar-grazia-6s-retro-blue\/"},"modified":"2026-04-30T10:05:49","modified_gmt":"2026-04-30T07:05:49","slug":"polar-grazia-6s-retro-blue","status":"publish","type":"product","link":"https:\/\/velooutlets.com\/et\/toode\/polar-grazia-6s-retro-blue\/","title":{"rendered":"Polar Grazia 6S Retro Blue 28&#8243;"},"content":{"rendered":"<p>Polar Grazia 6 28\u2033 Retro on klassikalise disainiga stiilne ja praktiline linnarattur, mis v\u00f5imaldab lihtsat igap\u00e4evast liiklemist. See \u00fchendab endas kasutusmugavuse, usaldusv\u00e4\u00e4rsuse ja retroh\u00f5ngulise esteetika, mist\u00f5ttu on see ideaalne valik l\u00f5dvestunud linnas\u00f5itudeks.<\/p>\n<p>Raam on valmistatud tugevast Hi-Ten terasest, mis tagab stabiilse ja mugava s\u00f5idu. T\u00e4nu disainile on jalgrattale lihtne peale ja maha minna, mis on eriti mugav igap\u00e4evaseks kasutamiseks. Kaarjas juhtraud tagab p\u00fcstise ja ergonoomilise istumisasendi, samas kui lai iste parandab mugavust ka pikematel s\u00f5itudel.<\/p>\n<p>6-k\u00e4igulise k\u00e4igukasti abil on lihtne kohandada s\u00f5itu erinevate linnatingimustega. Usaldusv\u00e4\u00e4rsed V-pidurid tagavad usaldusv\u00e4\u00e4rse ja prognoositava pidurdamise, samas kui 28-tollised laiemate rehvidega veljed aitavad s\u00e4ilitada stabiilsust ja mugavust erinevatel pindadel.<\/p>\n<p>Retromudelil on s\u00e4ilinud k\u00f5ik funktsioonid - porikaitsed, tuled ja pagasiriiul -, mis muudavad jalgratta praktiliseks igap\u00e4evaseks kasutamiseks.<\/p>\n<p>Spetsifikatsioon:<br \/>\nMudel: Polar Grazia 6 28\u2033 Retro<br \/>\nT\u00fc\u00fcp: linnarattad<br \/>\nRatta suurus: 700C (28\u2033)<br \/>\nKiiruste arv: 1\u00d76<br \/>\nRaam: Hi-Ten teras<br \/>\nKahvel: Hi-Ten teras, j\u00e4ik 28\u2033.<br \/>\nRooli laager: 1\u2033 keermestatud<br \/>\nJuhtraud: Alumiinium \/ teras 22,2 \/ 80 mm<br \/>\nRool: 620 mm teras<br \/>\nK\u00e4epidemed Hermans Ergo<br \/>\nIstmevars: teras ~28,6 \u00d7 300 mm<br \/>\nIstekoht: P:Lab City Lady<br \/>\nRingid: Beretta 28\u2033 alumiinium, topelt seinaga, 36H<br \/>\nEesmine rummu: teras, 36H<br \/>\nTagumine rummu: teras, 36H<br \/>\nPidurik\u00e4epidemed: Saccon PVC-Alu<br \/>\nPidurid: alumiiniumist Saccon V-Brake<br \/>\nTagumine rattakett: Shimano RD-TY21 GS<br \/>\nShifteri k\u00e4epide: Shimano SL-RS36-6 (Revo)<br \/>\nTagumine hammasratas: Shimano MF-TZ500 14-28T<br \/>\nRinglus: KMC Z6<br \/>\nAlumine telje laager: thun chuck<br \/>\nEsimene hammasratas: 40T teras, 170 mm<br \/>\nPedaalid: City PVC\/alumiinium (s\u00f5ltuvalt konfiguratsioonist)<br \/>\nTugijalg: teras<br \/>\nRehvid: 700 \u00d7 40C<br \/>\nLisavarustus: porikaitsed, esi- ja tagatuled, pagasiriiul, ketikaitse, kelluke.<\/p>","protected":false},"excerpt":{"rendered":"<p>Polar Grazia 6 28\u2033 Retro ir stil\u012bgs un praktisks pils\u0113tas velosip\u0113ds ar klasisku dizainu, kas paredz\u0113ts \u0113rtai ikdienas p\u0101rvieto\u0161anai. Tas apvieno vienk\u0101r\u0161u lieto\u0161anu, uzticam\u012bbu un retro est\u0113tiku, padarot to par lielisku izv\u0113li mier\u012bgiem braucieniem pa pils\u0113tu. Velosip\u0113da r\u0101mis veidots no iztur\u012bga Hi-Ten t\u0113rauda, kas nodro\u0161ina stabilu un komfortablu brauk\u0161anu. Konstrukcija \u013cauj viegli uzk\u0101pt un nok\u0101pt [&hellip;]<\/p>\n","protected":false},"featured_media":35655,"template":"","meta":{"_monsterinsights_skip_tracking":false,"_monsterinsights_sitenote_active":false,"_monsterinsights_sitenote_note":"","_monsterinsights_sitenote_category":0,"_iconic_wsb_product_page_order_bump_ids":[[]],"_sku":[""],"_iconic_wsb_product_page_bump_modal_ids":[[]]},"product_brand":[871],"product_cat":[1068,1127],"product_tag":[1525,850,846,212],"class_list":{"0":"post-9179","1":"product","2":"type-product","3":"status-publish","4":"has-post-thumbnail","6":"product_brand-polar","7":"product_cat-sieviesu-velosipedi","8":"product_cat-velosipedi","9":"product_tag-04_02_26","10":"product_tag-polar","11":"product_tag-sieviesu-velosipedi","12":"product_tag-velosipedi","13":"product_shipping_class-pieauguso-velosipedi","14":"pa_materials-hi-ten-terauds","15":"ts_product_brand-courier_only","17":"first","18":"outofstock","19":"sale","20":"taxable","21":"shipping-taxable","22":"purchasable","23":"product-type-simple"},"yoast_head":"<!-- This site is optimized with the Yoast SEO plugin v27.2 - https:\/\/yoast.com\/product\/yoast-seo-wordpress\/ -->\n<title>Polar Grazia Retro sievie\u0161u velosip\u0113ds \u2013 Elegance, komforts un stabilit\u0101te visiem braucieniem | Velo Outlets<\/title>\n<meta name=\"description\" content=\"Ieg\u0101d\u0101jies sievie\u0161u velosip\u0113du no Velo Outlets! Dro\u0161i, iztur\u012bgi un viegli vad\u0101mi velosip\u0113di, kas rad\u012bti komfortam.\" \/>\n<meta name=\"robots\" content=\"index, follow, max-snippet:-1, max-image-preview:large, max-video-preview:-1\" \/>\n<link rel=\"canonical\" href=\"https:\/\/velooutlets.com\/et\/toode\/polar-grazia-6s-retro-blue\/\" \/>\n<meta property=\"og:locale\" content=\"et_EE\" \/>\n<meta property=\"og:type\" content=\"article\" \/>\n<meta property=\"og:title\" content=\"Polar Grazia Retro sievie\u0161u velosip\u0113ds \u2013 Elegance, komforts un stabilit\u0101te visiem braucieniem | Velo Outlets\" \/>\n<meta property=\"og:description\" content=\"Ieg\u0101d\u0101jies sievie\u0161u velosip\u0113du no Velo Outlets! Dro\u0161i, iztur\u012bgi un viegli vad\u0101mi velosip\u0113di, kas rad\u012bti komfortam.\" \/>\n<meta property=\"og:url\" content=\"https:\/\/velooutlets.com\/et\/toode\/polar-grazia-6s-retro-blue\/\" \/>\n<meta property=\"og:site_name\" content=\"Velo Outlets\" \/>\n<meta property=\"article:modified_time\" content=\"2026-04-30T07:05:49+00:00\" \/>\n<meta property=\"og:image\" content=\"https:\/\/velooutlets.com\/wp-content\/uploads\/2025\/10\/1000191739.jpg\" \/>\n\t<meta property=\"og:image:width\" content=\"1614\" \/>\n\t<meta property=\"og:image:height\" content=\"1000\" \/>\n\t<meta property=\"og:image:type\" content=\"image\/jpeg\" \/>\n<meta name=\"twitter:card\" content=\"summary_large_image\" \/>\n<meta name=\"twitter:label1\" content=\"Est. reading time\" \/>\n\t<meta name=\"twitter:data1\" content=\"1 minut\" \/>\n<script type=\"application\/ld+json\" class=\"yoast-schema-graph\">{\"@context\":\"https:\/\/schema.org\",\"@graph\":[{\"@type\":\"WebPage\",\"@id\":\"https:\/\/velooutlets.com\/products\/polar-grazia-6s-retro-blue\/\",\"url\":\"https:\/\/velooutlets.com\/products\/polar-grazia-6s-retro-blue\/\",\"name\":\"Polar Grazia Retro sievie\u0161u velosip\u0113ds \u2013 Elegance, komforts un stabilit\u0101te visiem braucieniem | Velo Outlets\",\"isPartOf\":{\"@id\":\"https:\/\/velooutlets.com\/en\/#website\"},\"primaryImageOfPage\":{\"@id\":\"https:\/\/velooutlets.com\/products\/polar-grazia-6s-retro-blue\/#primaryimage\"},\"image\":{\"@id\":\"https:\/\/velooutlets.com\/products\/polar-grazia-6s-retro-blue\/#primaryimage\"},\"thumbnailUrl\":\"https:\/\/velooutlets.com\/wp-content\/uploads\/2025\/10\/1000191739.jpg\",\"datePublished\":\"2025-10-03T11:39:52+00:00\",\"dateModified\":\"2026-04-30T07:05:49+00:00\",\"description\":\"Ieg\u0101d\u0101jies sievie\u0161u velosip\u0113du no Velo Outlets! Dro\u0161i, iztur\u012bgi un viegli vad\u0101mi velosip\u0113di, kas rad\u012bti komfortam.\",\"breadcrumb\":{\"@id\":\"https:\/\/velooutlets.com\/products\/polar-grazia-6s-retro-blue\/#breadcrumb\"},\"inLanguage\":\"et\",\"potentialAction\":[{\"@type\":\"ReadAction\",\"target\":[\"https:\/\/velooutlets.com\/products\/polar-grazia-6s-retro-blue\/\"]}]},{\"@type\":\"ImageObject\",\"inLanguage\":\"et\",\"@id\":\"https:\/\/velooutlets.com\/products\/polar-grazia-6s-retro-blue\/#primaryimage\",\"url\":\"https:\/\/velooutlets.com\/wp-content\/uploads\/2025\/10\/1000191739.jpg\",\"contentUrl\":\"https:\/\/velooutlets.com\/wp-content\/uploads\/2025\/10\/1000191739.jpg\",\"width\":1614,\"height\":1000},{\"@type\":\"BreadcrumbList\",\"@id\":\"https:\/\/velooutlets.com\/products\/polar-grazia-6s-retro-blue\/#breadcrumb\",\"itemListElement\":[{\"@type\":\"ListItem\",\"position\":1,\"name\":\"Home\",\"item\":\"https:\/\/velooutlets.com\/\"},{\"@type\":\"ListItem\",\"position\":2,\"name\":\"Veikals\",\"item\":\"https:\/\/velooutlets.com\/shop\/\"},{\"@type\":\"ListItem\",\"position\":3,\"name\":\"Polar Grazia 6S Retro Blue 28&#8243;\"}]},{\"@type\":\"WebSite\",\"@id\":\"https:\/\/velooutlets.com\/en\/#website\",\"url\":\"https:\/\/velooutlets.com\/en\/\",\"name\":\"Velo Outlets\",\"description\":\"Velosip\u0113di visai \u0123imenei\",\"potentialAction\":[{\"@type\":\"SearchAction\",\"target\":{\"@type\":\"EntryPoint\",\"urlTemplate\":\"https:\/\/velooutlets.com\/en\/?s={search_term_string}\"},\"query-input\":{\"@type\":\"PropertyValueSpecification\",\"valueRequired\":true,\"valueName\":\"search_term_string\"}}],\"inLanguage\":\"et\"}]}<\/script>\n<!-- \/ Yoast SEO plugin. -->","yoast_head_json":{"title":"Polar Grazia Retro sievie\u0161u velosip\u0113ds \u2013 Elegance, komforts un stabilit\u0101te visiem braucieniem | Velo Outlets","description":"Ieg\u0101d\u0101jies sievie\u0161u velosip\u0113du no Velo Outlets! Dro\u0161i, iztur\u012bgi un viegli vad\u0101mi velosip\u0113di, kas rad\u012bti komfortam.","robots":{"index":"index","follow":"follow","max-snippet":"max-snippet:-1","max-image-preview":"max-image-preview:large","max-video-preview":"max-video-preview:-1"},"canonical":"https:\/\/velooutlets.com\/et\/toode\/polar-grazia-6s-retro-blue\/","og_locale":"et_EE","og_type":"article","og_title":"Polar Grazia Retro sievie\u0161u velosip\u0113ds \u2013 Elegance, komforts un stabilit\u0101te visiem braucieniem | Velo Outlets","og_description":"Ieg\u0101d\u0101jies sievie\u0161u velosip\u0113du no Velo Outlets! Dro\u0161i, iztur\u012bgi un viegli vad\u0101mi velosip\u0113di, kas rad\u012bti komfortam.","og_url":"https:\/\/velooutlets.com\/et\/toode\/polar-grazia-6s-retro-blue\/","og_site_name":"Velo Outlets","article_modified_time":"2026-04-30T07:05:49+00:00","og_image":[{"width":1614,"height":1000,"url":"https:\/\/velooutlets.com\/wp-content\/uploads\/2025\/10\/1000191739.jpg","type":"image\/jpeg"}],"twitter_card":"summary_large_image","twitter_misc":{"Est. reading time":"1 minut"},"schema":{"@context":"https:\/\/schema.org","@graph":[{"@type":"WebPage","@id":"https:\/\/velooutlets.com\/products\/polar-grazia-6s-retro-blue\/","url":"https:\/\/velooutlets.com\/products\/polar-grazia-6s-retro-blue\/","name":"Polar Grazia Retro sievie\u0161u velosip\u0113ds \u2013 Elegance, komforts un stabilit\u0101te visiem braucieniem | Velo Outlets","isPartOf":{"@id":"https:\/\/velooutlets.com\/en\/#website"},"primaryImageOfPage":{"@id":"https:\/\/velooutlets.com\/products\/polar-grazia-6s-retro-blue\/#primaryimage"},"image":{"@id":"https:\/\/velooutlets.com\/products\/polar-grazia-6s-retro-blue\/#primaryimage"},"thumbnailUrl":"https:\/\/velooutlets.com\/wp-content\/uploads\/2025\/10\/1000191739.jpg","datePublished":"2025-10-03T11:39:52+00:00","dateModified":"2026-04-30T07:05:49+00:00","description":"Ieg\u0101d\u0101jies sievie\u0161u velosip\u0113du no Velo Outlets! Dro\u0161i, iztur\u012bgi un viegli vad\u0101mi velosip\u0113di, kas rad\u012bti komfortam.","breadcrumb":{"@id":"https:\/\/velooutlets.com\/products\/polar-grazia-6s-retro-blue\/#breadcrumb"},"inLanguage":"et","potentialAction":[{"@type":"ReadAction","target":["https:\/\/velooutlets.com\/products\/polar-grazia-6s-retro-blue\/"]}]},{"@type":"ImageObject","inLanguage":"et","@id":"https:\/\/velooutlets.com\/products\/polar-grazia-6s-retro-blue\/#primaryimage","url":"https:\/\/velooutlets.com\/wp-content\/uploads\/2025\/10\/1000191739.jpg","contentUrl":"https:\/\/velooutlets.com\/wp-content\/uploads\/2025\/10\/1000191739.jpg","width":1614,"height":1000},{"@type":"BreadcrumbList","@id":"https:\/\/velooutlets.com\/products\/polar-grazia-6s-retro-blue\/#breadcrumb","itemListElement":[{"@type":"ListItem","position":1,"name":"Home","item":"https:\/\/velooutlets.com\/"},{"@type":"ListItem","position":2,"name":"Veikals","item":"https:\/\/velooutlets.com\/shop\/"},{"@type":"ListItem","position":3,"name":"Polar Grazia 6S Retro Blue 28&#8243;"}]},{"@type":"WebSite","@id":"https:\/\/velooutlets.com\/en\/#website","url":"https:\/\/velooutlets.com\/en\/","name":"Velo Outlets","description":"Jalgrattad kogu perele","potentialAction":[{"@type":"SearchAction","target":{"@type":"EntryPoint","urlTemplate":"https:\/\/velooutlets.com\/en\/?s={search_term_string}"},"query-input":{"@type":"PropertyValueSpecification","valueRequired":true,"valueName":"search_term_string"}}],"inLanguage":"et"}]}},"jetpack_sharing_enabled":true,"_links":{"self":[{"href":"https:\/\/velooutlets.com\/et\/wp-json\/wp\/v2\/product\/9179","targetHints":{"allow":["GET"]}}],"collection":[{"href":"https:\/\/velooutlets.com\/et\/wp-json\/wp\/v2\/product"}],"about":[{"href":"https:\/\/velooutlets.com\/et\/wp-json\/wp\/v2\/types\/product"}],"wp:featuredmedia":[{"embeddable":true,"href":"https:\/\/velooutlets.com\/et\/wp-json\/wp\/v2\/media\/35655"}],"wp:attachment":[{"href":"https:\/\/velooutlets.com\/et\/wp-json\/wp\/v2\/media?parent=9179"}],"wp:term":[{"taxonomy":"product_brand","embeddable":true,"href":"https:\/\/velooutlets.com\/et\/wp-json\/wp\/v2\/product_brand?post=9179"},{"taxonomy":"product_cat","embeddable":true,"href":"https:\/\/velooutlets.com\/et\/wp-json\/wp\/v2\/product_cat?post=9179"},{"taxonomy":"product_tag","embeddable":true,"href":"https:\/\/velooutlets.com\/et\/wp-json\/wp\/v2\/product_tag?post=9179"}],"curies":[{"name":"wp","href":"https:\/\/api.w.org\/{rel}","templated":true}]}}