{"id":9181,"date":"2025-10-03T14:39:55","date_gmt":"2025-10-03T11:39:55","guid":{"rendered":"https:\/\/staging.velooutlets.com\/product\/polar-grazia-al-7s\/"},"modified":"2026-04-18T14:35:34","modified_gmt":"2026-04-18T11:35:34","slug":"polar-grazia-al-7s","status":"publish","type":"product","link":"https:\/\/velooutlets.com\/et\/toode\/polar-grazia-al-7s\/","title":{"rendered":"Polar Grazia AL 7s Thin Leaf L"},"content":{"rendered":"<p>Polar Grazia AL 7 28\u2033 ir viegls un \u0113rts pils\u0113tas velosip\u0113ds ar pilnu apr\u012bkojumu, kas paredz\u0113ts komfortablai ikdienas p\u0101rvieto\u0161anai. Alum\u012bnija r\u0101mis un dak\u0161a nodro\u0161ina maz\u0101ku svaru un viegl\u0101ku vad\u0101m\u012bbu, kas ir \u012bpa\u0161i svar\u012bgi pils\u0113tas brauk\u0161an\u0101.<\/p>\n<p>Velosip\u0113ds veidots ar klasisku, \u0113rtu \u0123eometriju, kas \u013cauj braukt vertik\u0101l\u0101 un ergonomisk\u0101 poz\u012bcij\u0101. Platais un komfortablais s\u0113deklis, k\u0101 ar\u012b ergonomiskie rokturi nodro\u0161ina pat\u012bkamu brauk\u0161anu ar\u012b gar\u0101kos mar\u0161rutos.<\/p>\n<p>7 \u0101trumu sist\u0113ma ar Shimano komponent\u0113m \u013cauj vienk\u0101r\u0161i piel\u0101got brauk\u0161anu pils\u0113tas apst\u0101k\u013ciem, savuk\u0101rt V-brake bremzes nodro\u0161ina dro\u0161u un uzticamu bremz\u0113\u0161anu. 28 collu rite\u0146i ar plat\u0101k\u0101m riep\u0101m garant\u0113 stabilit\u0101ti un komfortu uz da\u017e\u0101diem segumiem.<\/p>\n<p>Modelis ir piln\u012bb\u0101 apr\u012bkots ikdienas lieto\u0161anai \u2013 ar dub\u013cusargiem, apgaismojumu, bag\u0101\u017eas iesp\u0113j\u0101m un citiem praktiskiem elementiem.<\/p>\n<p>Spetsifikatsioon:<br \/>\nR\u0101mis: Alum\u012bnija<br \/>\nDak\u0161a: Alum\u012bnija<br \/>\n\u0100trumu skaits: 7<br \/>\nAizmugur\u0113jais p\u0101rsl\u0113dz\u0113js: Shimano RD-TY21 GS<br \/>\nP\u0101rsl\u0113dz\u0113ju rokturis: Shimano SL-RS35-7 (Revo)<br \/>\nBremzes: V-Brake alum\u012bnija<br \/>\nSt\u016bres stute: Alum\u012bnijs \/ t\u0113rauds 25.4 \/ 80 mm<br \/>\nSt\u016bre: Alum\u012bnija 680 mm<br \/>\nRokturi: Hermans Ergo Comfort 90 \/ 120 mm<br \/>\nS\u0113dek\u013ca stute: Alum\u012bnija 27.2 \u00d7 300 mm<br \/>\nS\u0113deklis: P:Lab City Lady<br \/>\nAploces: Beretta 28\u2033 alum\u012bnija, dubultsienu, 36H<br \/>\nPriek\u0161\u0113j\u0101 rumba: Alum\u012bnija, 36H, ar ekscentru<br \/>\nAizmugur\u0113j\u0101 rumba: Alum\u012bnija, 36H, ar ekscentru<br \/>\nAizmugur\u0113jais zobrats: Shimano MF-TZ500-7, 14\u201328T<br \/>\n\u0136\u0113de: KMC Z7<br \/>\nApak\u0161\u0113j\u0101s ass gultnis: Thun patrona<br \/>\nPriek\u0161\u0113jais zobrats: T\u0113rauda 40T, 170 mm<br \/>\nPed\u0101\u013ci: City PVC<br \/>\nAtbalsta k\u0101ji\u0146a: Alum\u012bnija<br \/>\nRiepas: 700 \u00d7 40C<br \/>\nPapildapr\u012bkojums: Dub\u013cusargi, priek\u0161\u0113jais un aizmugur\u0113jais apgaismojums, bag\u0101\u017eas stiprin\u0101jums (siksna), zvani\u0146\u0161, \u0137\u0113des aizsargs, sv\u0101rku aizsargs, priek\u0161\u0113jais grozs<br \/>\nSvars: ~17.5 kg<\/p>","protected":false},"excerpt":{"rendered":"<p>Polar Grazia AL 7 28\u2033 ir viegls un \u0113rts pils\u0113tas velosip\u0113ds ar pilnu apr\u012bkojumu, kas paredz\u0113ts komfortablai ikdienas p\u0101rvieto\u0161anai. Alum\u012bnija r\u0101mis un dak\u0161a nodro\u0161ina maz\u0101ku svaru un viegl\u0101ku vad\u0101m\u012bbu, kas ir \u012bpa\u0161i svar\u012bgi pils\u0113tas brauk\u0161an\u0101. Velosip\u0113ds veidots ar klasisku, \u0113rtu \u0123eometriju, kas \u013cauj braukt vertik\u0101l\u0101 un ergonomisk\u0101 poz\u012bcij\u0101. Platais un komfortablais s\u0113deklis, k\u0101 ar\u012b ergonomiskie [&hellip;]<\/p>\n","protected":false},"featured_media":10116,"template":"","meta":{"_monsterinsights_skip_tracking":false,"_monsterinsights_sitenote_active":false,"_monsterinsights_sitenote_note":"","_monsterinsights_sitenote_category":0,"_iconic_wsb_product_page_order_bump_ids":[[]],"_sku":["8605044948015"],"_iconic_wsb_product_page_bump_modal_ids":[[]]},"product_brand":[871],"product_cat":[1068,1127],"product_tag":[846,212],"class_list":{"0":"post-9181","1":"product","2":"type-product","3":"status-publish","4":"has-post-thumbnail","6":"product_brand-polar","7":"product_cat-sieviesu-velosipedi","8":"product_cat-velosipedi","9":"product_tag-sieviesu-velosipedi","10":"product_tag-velosipedi","11":"product_shipping_class-pieauguso-velosipedi","12":"pa_materials-aluminija","13":"ts_product_brand-courier_only","15":"first","16":"instock","17":"sale","18":"taxable","19":"shipping-taxable","20":"purchasable","21":"product-type-simple"},"yoast_head":"<!-- This site is optimized with the Yoast SEO plugin v27.2 - https:\/\/yoast.com\/product\/yoast-seo-wordpress\/ -->\n<title>Polar Grazia AL 7s Thin Leaf L - Velo Outlets<\/title>\n<meta name=\"robots\" content=\"index, follow, max-snippet:-1, max-image-preview:large, max-video-preview:-1\" \/>\n<link rel=\"canonical\" href=\"https:\/\/velooutlets.com\/et\/toode\/polar-grazia-al-7s\/\" \/>\n<meta property=\"og:locale\" content=\"et_EE\" \/>\n<meta property=\"og:type\" content=\"article\" \/>\n<meta property=\"og:title\" content=\"Polar Grazia AL 7s Thin Leaf L - Velo Outlets\" \/>\n<meta property=\"og:description\" content=\"Polar Grazia AL 7 28\u2033 ir viegls un \u0113rts pils\u0113tas velosip\u0113ds ar pilnu apr\u012bkojumu, kas paredz\u0113ts komfortablai ikdienas p\u0101rvieto\u0161anai. Alum\u012bnija r\u0101mis un dak\u0161a nodro\u0161ina maz\u0101ku svaru un viegl\u0101ku vad\u0101m\u012bbu, kas ir \u012bpa\u0161i svar\u012bgi pils\u0113tas brauk\u0161an\u0101. Velosip\u0113ds veidots ar klasisku, \u0113rtu \u0123eometriju, kas \u013cauj braukt vertik\u0101l\u0101 un ergonomisk\u0101 poz\u012bcij\u0101. Platais un komfortablais s\u0113deklis, k\u0101 ar\u012b ergonomiskie [&hellip;]\" \/>\n<meta property=\"og:url\" content=\"https:\/\/velooutlets.com\/et\/toode\/polar-grazia-al-7s\/\" \/>\n<meta property=\"og:site_name\" content=\"Velo Outlets\" \/>\n<meta property=\"article:modified_time\" content=\"2026-04-18T11:35:34+00:00\" \/>\n<meta property=\"og:image\" content=\"https:\/\/velooutlets.com\/wp-content\/uploads\/2025\/10\/B282A1725-thin-leaf_1_1.jpg\" \/>\n\t<meta property=\"og:image:width\" content=\"1537\" \/>\n\t<meta property=\"og:image:height\" content=\"1000\" \/>\n\t<meta property=\"og:image:type\" content=\"image\/jpeg\" \/>\n<meta name=\"twitter:card\" content=\"summary_large_image\" \/>\n<meta name=\"twitter:label1\" content=\"Est. reading time\" \/>\n\t<meta name=\"twitter:data1\" content=\"2 minutit\" \/>\n<script type=\"application\/ld+json\" class=\"yoast-schema-graph\">{\"@context\":\"https:\/\/schema.org\",\"@graph\":[{\"@type\":\"WebPage\",\"@id\":\"https:\/\/velooutlets.com\/products\/polar-grazia-al-7s\/\",\"url\":\"https:\/\/velooutlets.com\/products\/polar-grazia-al-7s\/\",\"name\":\"Polar Grazia AL 7s Thin Leaf L - Velo Outlets\",\"isPartOf\":{\"@id\":\"https:\/\/velooutlets.com\/en\/#website\"},\"primaryImageOfPage\":{\"@id\":\"https:\/\/velooutlets.com\/products\/polar-grazia-al-7s\/#primaryimage\"},\"image\":{\"@id\":\"https:\/\/velooutlets.com\/products\/polar-grazia-al-7s\/#primaryimage\"},\"thumbnailUrl\":\"https:\/\/velooutlets.com\/wp-content\/uploads\/2025\/10\/B282A1725-thin-leaf_1_1.jpg\",\"datePublished\":\"2025-10-03T11:39:55+00:00\",\"dateModified\":\"2026-04-18T11:35:34+00:00\",\"breadcrumb\":{\"@id\":\"https:\/\/velooutlets.com\/products\/polar-grazia-al-7s\/#breadcrumb\"},\"inLanguage\":\"et\",\"potentialAction\":[{\"@type\":\"ReadAction\",\"target\":[\"https:\/\/velooutlets.com\/products\/polar-grazia-al-7s\/\"]}]},{\"@type\":\"ImageObject\",\"inLanguage\":\"et\",\"@id\":\"https:\/\/velooutlets.com\/products\/polar-grazia-al-7s\/#primaryimage\",\"url\":\"https:\/\/velooutlets.com\/wp-content\/uploads\/2025\/10\/B282A1725-thin-leaf_1_1.jpg\",\"contentUrl\":\"https:\/\/velooutlets.com\/wp-content\/uploads\/2025\/10\/B282A1725-thin-leaf_1_1.jpg\",\"width\":1537,\"height\":1000},{\"@type\":\"BreadcrumbList\",\"@id\":\"https:\/\/velooutlets.com\/products\/polar-grazia-al-7s\/#breadcrumb\",\"itemListElement\":[{\"@type\":\"ListItem\",\"position\":1,\"name\":\"Home\",\"item\":\"https:\/\/velooutlets.com\/\"},{\"@type\":\"ListItem\",\"position\":2,\"name\":\"Veikals\",\"item\":\"https:\/\/velooutlets.com\/shop\/\"},{\"@type\":\"ListItem\",\"position\":3,\"name\":\"Polar Grazia AL 7s Thin Leaf L\"}]},{\"@type\":\"WebSite\",\"@id\":\"https:\/\/velooutlets.com\/en\/#website\",\"url\":\"https:\/\/velooutlets.com\/en\/\",\"name\":\"Velo Outlets\",\"description\":\"Velosip\u0113di visai \u0123imenei\",\"potentialAction\":[{\"@type\":\"SearchAction\",\"target\":{\"@type\":\"EntryPoint\",\"urlTemplate\":\"https:\/\/velooutlets.com\/en\/?s={search_term_string}\"},\"query-input\":{\"@type\":\"PropertyValueSpecification\",\"valueRequired\":true,\"valueName\":\"search_term_string\"}}],\"inLanguage\":\"et\"}]}<\/script>\n<!-- \/ Yoast SEO plugin. -->","yoast_head_json":{"title":"Polar Grazia AL 7s Thin Leaf L - Velo Outlets","robots":{"index":"index","follow":"follow","max-snippet":"max-snippet:-1","max-image-preview":"max-image-preview:large","max-video-preview":"max-video-preview:-1"},"canonical":"https:\/\/velooutlets.com\/et\/toode\/polar-grazia-al-7s\/","og_locale":"et_EE","og_type":"article","og_title":"Polar Grazia AL 7s Thin Leaf L - Velo Outlets","og_description":"Polar Grazia AL 7 28\u2033 ir viegls un \u0113rts pils\u0113tas velosip\u0113ds ar pilnu apr\u012bkojumu, kas paredz\u0113ts komfortablai ikdienas p\u0101rvieto\u0161anai. Alum\u012bnija r\u0101mis un dak\u0161a nodro\u0161ina maz\u0101ku svaru un viegl\u0101ku vad\u0101m\u012bbu, kas ir \u012bpa\u0161i svar\u012bgi pils\u0113tas brauk\u0161an\u0101. Velosip\u0113ds veidots ar klasisku, \u0113rtu \u0123eometriju, kas \u013cauj braukt vertik\u0101l\u0101 un ergonomisk\u0101 poz\u012bcij\u0101. Platais un komfortablais s\u0113deklis, k\u0101 ar\u012b ergonomiskie [&hellip;]","og_url":"https:\/\/velooutlets.com\/et\/toode\/polar-grazia-al-7s\/","og_site_name":"Velo Outlets","article_modified_time":"2026-04-18T11:35:34+00:00","og_image":[{"width":1537,"height":1000,"url":"https:\/\/velooutlets.com\/wp-content\/uploads\/2025\/10\/B282A1725-thin-leaf_1_1.jpg","type":"image\/jpeg"}],"twitter_card":"summary_large_image","twitter_misc":{"Est. reading time":"2 minutit"},"schema":{"@context":"https:\/\/schema.org","@graph":[{"@type":"WebPage","@id":"https:\/\/velooutlets.com\/products\/polar-grazia-al-7s\/","url":"https:\/\/velooutlets.com\/products\/polar-grazia-al-7s\/","name":"Polar Grazia AL 7s Thin Leaf L - Velo Outlets","isPartOf":{"@id":"https:\/\/velooutlets.com\/en\/#website"},"primaryImageOfPage":{"@id":"https:\/\/velooutlets.com\/products\/polar-grazia-al-7s\/#primaryimage"},"image":{"@id":"https:\/\/velooutlets.com\/products\/polar-grazia-al-7s\/#primaryimage"},"thumbnailUrl":"https:\/\/velooutlets.com\/wp-content\/uploads\/2025\/10\/B282A1725-thin-leaf_1_1.jpg","datePublished":"2025-10-03T11:39:55+00:00","dateModified":"2026-04-18T11:35:34+00:00","breadcrumb":{"@id":"https:\/\/velooutlets.com\/products\/polar-grazia-al-7s\/#breadcrumb"},"inLanguage":"et","potentialAction":[{"@type":"ReadAction","target":["https:\/\/velooutlets.com\/products\/polar-grazia-al-7s\/"]}]},{"@type":"ImageObject","inLanguage":"et","@id":"https:\/\/velooutlets.com\/products\/polar-grazia-al-7s\/#primaryimage","url":"https:\/\/velooutlets.com\/wp-content\/uploads\/2025\/10\/B282A1725-thin-leaf_1_1.jpg","contentUrl":"https:\/\/velooutlets.com\/wp-content\/uploads\/2025\/10\/B282A1725-thin-leaf_1_1.jpg","width":1537,"height":1000},{"@type":"BreadcrumbList","@id":"https:\/\/velooutlets.com\/products\/polar-grazia-al-7s\/#breadcrumb","itemListElement":[{"@type":"ListItem","position":1,"name":"Home","item":"https:\/\/velooutlets.com\/"},{"@type":"ListItem","position":2,"name":"Veikals","item":"https:\/\/velooutlets.com\/shop\/"},{"@type":"ListItem","position":3,"name":"Polar Grazia AL 7s Thin Leaf L"}]},{"@type":"WebSite","@id":"https:\/\/velooutlets.com\/en\/#website","url":"https:\/\/velooutlets.com\/en\/","name":"Velo Outlets","description":"Jalgrattad kogu perele","potentialAction":[{"@type":"SearchAction","target":{"@type":"EntryPoint","urlTemplate":"https:\/\/velooutlets.com\/en\/?s={search_term_string}"},"query-input":{"@type":"PropertyValueSpecification","valueRequired":true,"valueName":"search_term_string"}}],"inLanguage":"et"}]}},"jetpack_sharing_enabled":true,"_links":{"self":[{"href":"https:\/\/velooutlets.com\/et\/wp-json\/wp\/v2\/product\/9181","targetHints":{"allow":["GET"]}}],"collection":[{"href":"https:\/\/velooutlets.com\/et\/wp-json\/wp\/v2\/product"}],"about":[{"href":"https:\/\/velooutlets.com\/et\/wp-json\/wp\/v2\/types\/product"}],"wp:featuredmedia":[{"embeddable":true,"href":"https:\/\/velooutlets.com\/et\/wp-json\/wp\/v2\/media\/10116"}],"wp:attachment":[{"href":"https:\/\/velooutlets.com\/et\/wp-json\/wp\/v2\/media?parent=9181"}],"wp:term":[{"taxonomy":"product_brand","embeddable":true,"href":"https:\/\/velooutlets.com\/et\/wp-json\/wp\/v2\/product_brand?post=9181"},{"taxonomy":"product_cat","embeddable":true,"href":"https:\/\/velooutlets.com\/et\/wp-json\/wp\/v2\/product_cat?post=9181"},{"taxonomy":"product_tag","embeddable":true,"href":"https:\/\/velooutlets.com\/et\/wp-json\/wp\/v2\/product_tag?post=9181"}],"curies":[{"name":"wp","href":"https:\/\/api.w.org\/{rel}","templated":true}]}}