{"id":9235,"date":"2025-10-03T14:40:35","date_gmt":"2025-10-03T11:40:35","guid":{"rendered":"https:\/\/staging.velooutlets.com\/product\/polar-strada-beige-city\/"},"modified":"2026-04-18T14:36:03","modified_gmt":"2026-04-18T11:36:03","slug":"polar-strada-beige-city","status":"publish","type":"product","link":"https:\/\/velooutlets.com\/et\/toode\/polar-strada-beige-city\/","title":{"rendered":"Polar Strada Beige City"},"content":{"rendered":"<p>Polar Strada 28\u2033 ir viegls un daudzpus\u012bgs pils\u0113tas\/trekking tipa velosip\u0113ds, kas piem\u0113rots ikdienas braucieniem un br\u012bv\u0101 laika izbraucieniem. Tas nodro\u0161ina komfortu, stabilit\u0101ti un vienk\u0101r\u0161u lieto\u0161anu da\u017e\u0101dos ce\u013ca apst\u0101k\u013cos.<\/p>\n<p>Alum\u012bnija r\u0101mis padara velosip\u0113du viegl\u0101ku un \u0113rt\u0101k vad\u0101mu, savuk\u0101rt amortiz\u0101cijas dak\u0161a pal\u012bdz absorb\u0113t triecienus un uzlabo brauk\u0161anas komfortu uz nel\u012bdzeniem ce\u013ciem. 28 collu rite\u0146i ar univers\u0101l\u0101m riep\u0101m nodro\u0161ina vienm\u0113r\u012bgu ripo\u0161anu gan pa asfaltu, gan grants segumu.<\/p>\n<p>7 \u0101trumu sist\u0113ma ar Shimano komponent\u0113m \u013cauj viegli piel\u0101got brauk\u0161anas tempu un reljefu, bet V-veida bremzes nodro\u0161ina uzticamu un vienk\u0101r\u0161u bremz\u0113\u0161anu. Komfortablais s\u0113deklis un praktisk\u0101 atbalsta k\u0101ji\u0146a padara velosip\u0113du piem\u0113rotu ikdienas lieto\u0161anai.<\/p>\n<p>Spetsifikatsioon:<br \/>\nR\u0101mis: Alum\u012bnija<br \/>\nDak\u0161a: Sus Zoom CH-120E 700C amortiz\u0101cijas dak\u0161a<br \/>\n\u0100trumu skaits: 7<br \/>\nAizmugur\u0113jais p\u0101rsl\u0113dz\u0113js: Shimano RD-TY21<br \/>\nP\u0101rsl\u0113dz\u0113ju rokturis: Shimano SL-RS36-7 (Revo)<br \/>\nBremzes: V-veida<br \/>\nS\u0113deklis: Bassano Trekking<br \/>\nAploces: Beretta Double Wall<br \/>\nRiepas: Mitas 700 \u00d7 40C<br \/>\nPed\u0101\u013ci: City PVC<br \/>\nPapildapr\u012bkojums: Atbalsta k\u0101ji\u0146a<\/p>","protected":false},"excerpt":{"rendered":"<p>Polar Strada 28\u2033 ir viegls un daudzpus\u012bgs pils\u0113tas\/trekking tipa velosip\u0113ds, kas piem\u0113rots ikdienas braucieniem un br\u012bv\u0101 laika izbraucieniem. Tas nodro\u0161ina komfortu, stabilit\u0101ti un vienk\u0101r\u0161u lieto\u0161anu da\u017e\u0101dos ce\u013ca apst\u0101k\u013cos. Alum\u012bnija r\u0101mis padara velosip\u0113du viegl\u0101ku un \u0113rt\u0101k vad\u0101mu, savuk\u0101rt amortiz\u0101cijas dak\u0161a pal\u012bdz absorb\u0113t triecienus un uzlabo brauk\u0161anas komfortu uz nel\u012bdzeniem ce\u013ciem. 28 collu rite\u0146i ar univers\u0101l\u0101m riep\u0101m [&hellip;]<\/p>\n","protected":false},"featured_media":37882,"template":"","meta":{"_monsterinsights_skip_tracking":false,"_monsterinsights_sitenote_active":false,"_monsterinsights_sitenote_note":"","_monsterinsights_sitenote_category":0,"_iconic_wsb_product_page_order_bump_ids":[[]],"_sku":["10098483167499"],"_iconic_wsb_product_page_bump_modal_ids":[[]]},"product_brand":[871],"product_cat":[1068,1127],"product_tag":[846,212],"class_list":{"0":"post-9235","1":"product","2":"type-product","3":"status-publish","4":"has-post-thumbnail","6":"product_brand-polar","7":"product_cat-sieviesu-velosipedi","8":"product_cat-velosipedi","9":"product_tag-sieviesu-velosipedi","10":"product_tag-velosipedi","11":"product_shipping_class-pieauguso-velosipedi","12":"pa_materials-aluminija","13":"ts_product_brand-courier_only","15":"first","16":"instock","17":"sale","18":"taxable","19":"shipping-taxable","20":"purchasable","21":"product-type-variable","22":"has-default-attributes","23":"wvs-archive-product-wrapper"},"yoast_head":"<!-- This site is optimized with the Yoast SEO plugin v27.2 - https:\/\/yoast.com\/product\/yoast-seo-wordpress\/ -->\n<title>Polar Strada Beige City - Velo Outlets<\/title>\n<meta name=\"robots\" content=\"index, follow, max-snippet:-1, max-image-preview:large, max-video-preview:-1\" \/>\n<link rel=\"canonical\" href=\"https:\/\/velooutlets.com\/et\/toode\/polar-strada-beige-city\/\" \/>\n<meta property=\"og:locale\" content=\"et_EE\" \/>\n<meta property=\"og:type\" content=\"article\" \/>\n<meta property=\"og:title\" content=\"Polar Strada Beige City - Velo Outlets\" \/>\n<meta property=\"og:description\" content=\"Polar Strada 28\u2033 ir viegls un daudzpus\u012bgs pils\u0113tas\/trekking tipa velosip\u0113ds, kas piem\u0113rots ikdienas braucieniem un br\u012bv\u0101 laika izbraucieniem. Tas nodro\u0161ina komfortu, stabilit\u0101ti un vienk\u0101r\u0161u lieto\u0161anu da\u017e\u0101dos ce\u013ca apst\u0101k\u013cos. Alum\u012bnija r\u0101mis padara velosip\u0113du viegl\u0101ku un \u0113rt\u0101k vad\u0101mu, savuk\u0101rt amortiz\u0101cijas dak\u0161a pal\u012bdz absorb\u0113t triecienus un uzlabo brauk\u0161anas komfortu uz nel\u012bdzeniem ce\u013ciem. 28 collu rite\u0146i ar univers\u0101l\u0101m riep\u0101m [&hellip;]\" \/>\n<meta property=\"og:url\" content=\"https:\/\/velooutlets.com\/et\/toode\/polar-strada-beige-city\/\" \/>\n<meta property=\"og:site_name\" content=\"Velo Outlets\" \/>\n<meta property=\"article:modified_time\" content=\"2026-04-18T11:36:03+00:00\" \/>\n<meta property=\"og:image\" content=\"https:\/\/velooutlets.com\/wp-content\/uploads\/2025\/10\/1000198432.jpg\" \/>\n\t<meta property=\"og:image:width\" content=\"2048\" \/>\n\t<meta property=\"og:image:height\" content=\"1536\" \/>\n\t<meta property=\"og:image:type\" content=\"image\/jpeg\" \/>\n<meta name=\"twitter:card\" content=\"summary_large_image\" \/>\n<meta name=\"twitter:label1\" content=\"Est. reading time\" \/>\n\t<meta name=\"twitter:data1\" content=\"1 minut\" \/>\n<script type=\"application\/ld+json\" class=\"yoast-schema-graph\">{\"@context\":\"https:\/\/schema.org\",\"@graph\":[{\"@type\":\"WebPage\",\"@id\":\"https:\/\/velooutlets.com\/products\/polar-strada-beige-city\/\",\"url\":\"https:\/\/velooutlets.com\/products\/polar-strada-beige-city\/\",\"name\":\"Polar Strada Beige City - Velo Outlets\",\"isPartOf\":{\"@id\":\"https:\/\/velooutlets.com\/en\/#website\"},\"primaryImageOfPage\":{\"@id\":\"https:\/\/velooutlets.com\/products\/polar-strada-beige-city\/#primaryimage\"},\"image\":{\"@id\":\"https:\/\/velooutlets.com\/products\/polar-strada-beige-city\/#primaryimage\"},\"thumbnailUrl\":\"https:\/\/velooutlets.com\/wp-content\/uploads\/2025\/10\/1000198432.jpg\",\"datePublished\":\"2025-10-03T11:40:35+00:00\",\"dateModified\":\"2026-04-18T11:36:03+00:00\",\"breadcrumb\":{\"@id\":\"https:\/\/velooutlets.com\/products\/polar-strada-beige-city\/#breadcrumb\"},\"inLanguage\":\"et\",\"potentialAction\":[{\"@type\":\"ReadAction\",\"target\":[\"https:\/\/velooutlets.com\/products\/polar-strada-beige-city\/\"]}]},{\"@type\":\"ImageObject\",\"inLanguage\":\"et\",\"@id\":\"https:\/\/velooutlets.com\/products\/polar-strada-beige-city\/#primaryimage\",\"url\":\"https:\/\/velooutlets.com\/wp-content\/uploads\/2025\/10\/1000198432.jpg\",\"contentUrl\":\"https:\/\/velooutlets.com\/wp-content\/uploads\/2025\/10\/1000198432.jpg\",\"width\":2048,\"height\":1536},{\"@type\":\"BreadcrumbList\",\"@id\":\"https:\/\/velooutlets.com\/products\/polar-strada-beige-city\/#breadcrumb\",\"itemListElement\":[{\"@type\":\"ListItem\",\"position\":1,\"name\":\"Home\",\"item\":\"https:\/\/velooutlets.com\/\"},{\"@type\":\"ListItem\",\"position\":2,\"name\":\"Veikals\",\"item\":\"https:\/\/velooutlets.com\/shop\/\"},{\"@type\":\"ListItem\",\"position\":3,\"name\":\"Polar Strada Beige City\"}]},{\"@type\":\"WebSite\",\"@id\":\"https:\/\/velooutlets.com\/en\/#website\",\"url\":\"https:\/\/velooutlets.com\/en\/\",\"name\":\"Velo Outlets\",\"description\":\"Velosip\u0113di visai \u0123imenei\",\"potentialAction\":[{\"@type\":\"SearchAction\",\"target\":{\"@type\":\"EntryPoint\",\"urlTemplate\":\"https:\/\/velooutlets.com\/en\/?s={search_term_string}\"},\"query-input\":{\"@type\":\"PropertyValueSpecification\",\"valueRequired\":true,\"valueName\":\"search_term_string\"}}],\"inLanguage\":\"et\"}]}<\/script>\n<!-- \/ Yoast SEO plugin. -->","yoast_head_json":{"title":"Polar Strada Beige City - Velo Outlets","robots":{"index":"index","follow":"follow","max-snippet":"max-snippet:-1","max-image-preview":"max-image-preview:large","max-video-preview":"max-video-preview:-1"},"canonical":"https:\/\/velooutlets.com\/et\/toode\/polar-strada-beige-city\/","og_locale":"et_EE","og_type":"article","og_title":"Polar Strada Beige City - Velo Outlets","og_description":"Polar Strada 28\u2033 ir viegls un daudzpus\u012bgs pils\u0113tas\/trekking tipa velosip\u0113ds, kas piem\u0113rots ikdienas braucieniem un br\u012bv\u0101 laika izbraucieniem. Tas nodro\u0161ina komfortu, stabilit\u0101ti un vienk\u0101r\u0161u lieto\u0161anu da\u017e\u0101dos ce\u013ca apst\u0101k\u013cos. Alum\u012bnija r\u0101mis padara velosip\u0113du viegl\u0101ku un \u0113rt\u0101k vad\u0101mu, savuk\u0101rt amortiz\u0101cijas dak\u0161a pal\u012bdz absorb\u0113t triecienus un uzlabo brauk\u0161anas komfortu uz nel\u012bdzeniem ce\u013ciem. 28 collu rite\u0146i ar univers\u0101l\u0101m riep\u0101m [&hellip;]","og_url":"https:\/\/velooutlets.com\/et\/toode\/polar-strada-beige-city\/","og_site_name":"Velo Outlets","article_modified_time":"2026-04-18T11:36:03+00:00","og_image":[{"width":2048,"height":1536,"url":"https:\/\/velooutlets.com\/wp-content\/uploads\/2025\/10\/1000198432.jpg","type":"image\/jpeg"}],"twitter_card":"summary_large_image","twitter_misc":{"Est. reading time":"1 minut"},"schema":{"@context":"https:\/\/schema.org","@graph":[{"@type":"WebPage","@id":"https:\/\/velooutlets.com\/products\/polar-strada-beige-city\/","url":"https:\/\/velooutlets.com\/products\/polar-strada-beige-city\/","name":"Polar Strada Beige City - Velo Outlets","isPartOf":{"@id":"https:\/\/velooutlets.com\/en\/#website"},"primaryImageOfPage":{"@id":"https:\/\/velooutlets.com\/products\/polar-strada-beige-city\/#primaryimage"},"image":{"@id":"https:\/\/velooutlets.com\/products\/polar-strada-beige-city\/#primaryimage"},"thumbnailUrl":"https:\/\/velooutlets.com\/wp-content\/uploads\/2025\/10\/1000198432.jpg","datePublished":"2025-10-03T11:40:35+00:00","dateModified":"2026-04-18T11:36:03+00:00","breadcrumb":{"@id":"https:\/\/velooutlets.com\/products\/polar-strada-beige-city\/#breadcrumb"},"inLanguage":"et","potentialAction":[{"@type":"ReadAction","target":["https:\/\/velooutlets.com\/products\/polar-strada-beige-city\/"]}]},{"@type":"ImageObject","inLanguage":"et","@id":"https:\/\/velooutlets.com\/products\/polar-strada-beige-city\/#primaryimage","url":"https:\/\/velooutlets.com\/wp-content\/uploads\/2025\/10\/1000198432.jpg","contentUrl":"https:\/\/velooutlets.com\/wp-content\/uploads\/2025\/10\/1000198432.jpg","width":2048,"height":1536},{"@type":"BreadcrumbList","@id":"https:\/\/velooutlets.com\/products\/polar-strada-beige-city\/#breadcrumb","itemListElement":[{"@type":"ListItem","position":1,"name":"Home","item":"https:\/\/velooutlets.com\/"},{"@type":"ListItem","position":2,"name":"Veikals","item":"https:\/\/velooutlets.com\/shop\/"},{"@type":"ListItem","position":3,"name":"Polar Strada Beige City"}]},{"@type":"WebSite","@id":"https:\/\/velooutlets.com\/en\/#website","url":"https:\/\/velooutlets.com\/en\/","name":"Velo Outlets","description":"Jalgrattad kogu perele","potentialAction":[{"@type":"SearchAction","target":{"@type":"EntryPoint","urlTemplate":"https:\/\/velooutlets.com\/en\/?s={search_term_string}"},"query-input":{"@type":"PropertyValueSpecification","valueRequired":true,"valueName":"search_term_string"}}],"inLanguage":"et"}]}},"jetpack_sharing_enabled":true,"_links":{"self":[{"href":"https:\/\/velooutlets.com\/et\/wp-json\/wp\/v2\/product\/9235","targetHints":{"allow":["GET"]}}],"collection":[{"href":"https:\/\/velooutlets.com\/et\/wp-json\/wp\/v2\/product"}],"about":[{"href":"https:\/\/velooutlets.com\/et\/wp-json\/wp\/v2\/types\/product"}],"wp:featuredmedia":[{"embeddable":true,"href":"https:\/\/velooutlets.com\/et\/wp-json\/wp\/v2\/media\/37882"}],"wp:attachment":[{"href":"https:\/\/velooutlets.com\/et\/wp-json\/wp\/v2\/media?parent=9235"}],"wp:term":[{"taxonomy":"product_brand","embeddable":true,"href":"https:\/\/velooutlets.com\/et\/wp-json\/wp\/v2\/product_brand?post=9235"},{"taxonomy":"product_cat","embeddable":true,"href":"https:\/\/velooutlets.com\/et\/wp-json\/wp\/v2\/product_cat?post=9235"},{"taxonomy":"product_tag","embeddable":true,"href":"https:\/\/velooutlets.com\/et\/wp-json\/wp\/v2\/product_tag?post=9235"}],"curies":[{"name":"wp","href":"https:\/\/api.w.org\/{rel}","templated":true}]}}