{"id":9316,"date":"2025-10-03T11:41:27","date_gmt":"2025-10-03T11:41:27","guid":{"rendered":"https:\/\/staging.velooutlets.com\/product\/scott-addict-50-carbon-grey-2026\/"},"modified":"2026-04-19T16:47:01","modified_gmt":"2026-04-19T13:47:01","slug":"scott-addict-50-carbon-grey-2026","status":"publish","type":"product","link":"https:\/\/velooutlets.com\/et\/toode\/scott-addict-50-carbon-grey-2026\/","title":{"rendered":"Scott Addict 50 Carbon Grey 2026"},"content":{"rendered":"<p>SCOTT Addict 50 ir karbona \u0161osejas velosip\u0113ds, kas paredz\u0113ts brauc\u0113jiem, kuri v\u0113las sabalans\u0113t veiktsp\u0113ju, komfortu un univers\u0101lumu. Tas ir piem\u0113rots gan ikdienas treni\u0146iem, gan \u0101tr\u0101kiem grupu braucieniem, ar iesp\u0113ju saglab\u0101t komfortu ar\u012b gar\u0101kos mar\u0161rutos.<\/p>\n<p>R\u0101mis ir Addict HMF Carbon ar \u201cride geometry\u201d \u2014 nedaudz relaks\u0113t\u0101ku poz\u012bciju nek\u0101 sac\u012bk\u0161u mode\u013ciem, ar augst\u0101ku st\u016bres poz\u012bciju un \u012bs\u0101ku reach. Tas padara velosip\u0113du \u0113rt\u0101ku un maz\u0101k nogurdino\u0161u ilg\u0101kos braucienos. Karbona konstrukcija nodro\u0161ina labu stingr\u012bbu ped\u0101\u013cu sp\u0113ka p\u0101rnesei, vienlaikus sl\u0101p\u0113jot vibr\u0101cijas no ce\u013ca. R\u0101m\u012b ir ar\u012b iek\u0161\u0113j\u0101 tros\u012b\u0161u vad\u012bba un integr\u0113ts uzglab\u0101\u0161anas risin\u0101jums.<\/p>\n<p>Piedzi\u0146a balst\u012bta uz Shimano 105 R7100 2\u00d712 sist\u0113mu (24 \u0101trumi), kas ir uzticama un prec\u012bza \u0161osejas l\u012bme\u0146a grupa. 50\/34T kla\u0146i kop\u0101 ar 11\u201334T kaseti nodro\u0161ina pla\u0161u p\u0101rnesumu diapazonu gan k\u0101pumiem, gan \u0101trai brauk\u0161anai pa l\u012bdzenu segumu. Shimano 105 hidraulisk\u0101s disku bremzes (R7170) nodro\u0161ina sp\u0113c\u012bgu un dro\u0161u bremz\u0113\u0161anu jebkuros apst\u0101k\u013cos.<\/p>\n<p>Rite\u0146i ir Syncros RP2.0 Disc ar Schwalbe ONE 700\u00d734C riep\u0101m, kas sniedz labu l\u012bdzsvaru starp \u0101trumu un komfortu. R\u0101mis atbalsta l\u012bdz ~38 mm riep\u0101m, kas \u013cauj izmantot ar\u012b viegl\u0101kus grants vai jauktus ce\u013cus.<\/p>\n<p>Spetsifikatsioon:<br \/>\nR\u0101mis: Addict HMF Carbon, komforta\/\u201cride\u201d \u0123eometrija, iek\u0161\u0113j\u0101 kabe\u013cu vad\u012bba<br \/>\nDak\u0161a: Addict HMF Carbon<br \/>\nPiedzi\u0146a: Shimano 105 R7100 2\u00d712 (24 \u0101trumi)<br \/>\nKasete: Shimano 11\u201334T<br \/>\nBremzes: Shimano 105 R7170 hidraulisk\u0101s disku bremzes<br \/>\nRite\u0146i: Syncros RP2.0 Disc<br \/>\nRiepas: Schwalbe ONE 700\u00d734C<br \/>\nMaks. sist\u0113mas svars: 120 kg<\/p>","protected":false},"excerpt":{"rendered":"<p>SCOTT Addict 50 ir karbona \u0161osejas velosip\u0113ds, kas paredz\u0113ts brauc\u0113jiem, kuri v\u0113las sabalans\u0113t veiktsp\u0113ju, komfortu un univers\u0101lumu. Tas ir piem\u0113rots gan ikdienas treni\u0146iem, gan \u0101tr\u0101kiem grupu braucieniem, ar iesp\u0113ju saglab\u0101t komfortu ar\u012b gar\u0101kos mar\u0161rutos. R\u0101mis ir Addict HMF Carbon ar \u201cride geometry\u201d \u2014 nedaudz relaks\u0113t\u0101ku poz\u012bciju nek\u0101 sac\u012bk\u0161u mode\u013ciem, ar augst\u0101ku st\u016bres poz\u012bciju un \u012bs\u0101ku [&hellip;]<\/p>\n","protected":false},"featured_media":10396,"template":"","meta":{"_monsterinsights_skip_tracking":false,"_monsterinsights_sitenote_active":false,"_monsterinsights_sitenote_note":"","_monsterinsights_sitenote_category":0,"_iconic_wsb_product_page_order_bump_ids":[[]],"_sku":["10668241551627"],"_iconic_wsb_product_page_bump_modal_ids":[[]]},"product_brand":[872],"product_cat":[1065,1076,1127],"product_tag":[1522],"class_list":{"0":"post-9316","1":"product","2":"type-product","3":"status-publish","4":"has-post-thumbnail","6":"product_brand-scott","7":"product_cat-scott-2026","8":"product_cat-sosejas-velosipedi-700c","9":"product_cat-velosipedi","10":"product_tag-scott","11":"product_shipping_class-pieauguso-velosipedi","12":"pa_materials-karbona-ramis","13":"pa_razosanas-gads-1253","14":"ts_product_brand-courier_only","16":"first","17":"instock","18":"sale","19":"taxable","20":"shipping-taxable","21":"purchasable","22":"product-type-variable","23":"has-default-attributes","24":"wvs-archive-product-wrapper"},"yoast_head":"<!-- This site is optimized with the Yoast SEO plugin v27.2 - https:\/\/yoast.com\/product\/yoast-seo-wordpress\/ -->\n<title>Scott Addict 50 Carbon Grey 2026 - Velo Outlets<\/title>\n<meta name=\"description\" content=\"Scott Addict 50 \u2013 Carbon Grey (2026) ir elegants un funkcion\u0101ls \u0161osejas velosip\u0113ds, kas apvieno augstas klases HMF karbonr\u0101mja komfortu ar uzticamo Shimano 105 meh\u0101nisko piedzi\u0146u. Endurance \u0123eometrija nodro\u0161ina optim\u0101lu brauk\u0161anas poz\u012bciju garos mar\u0161rutos, bet iek\u0161\u0113jais kabe\u013cu izvads un integr\u0113t\u0101 uzglab\u0101\u0161anas vieta pie\u0161\u0137ir velosip\u0113dam t\u012bru un praktisku dizainu. Syncros RP2.0 Disc rite\u0146i ar 28 spie\u0137iem nodro\u0161ina iztur\u012bbu un vienm\u0113r\u012bgu gaitas rit\u0113jumu, savuk\u0101rt hidraulisk\u0101s disku bremzes garant\u0113 dro\u0161u apst\u0101\u0161anos jebkuros apst\u0101k\u013cos. Galven\u0101s \u012bpa\u0161\u012bbas R\u0101mis: Addict HMF Carbon, Endurance \u0123eometrija, nomain\u0101ms UDH p\u0101rsl\u0113dz\u0113ja \u0101\u0137is, iek\u0161\u0113jais kabe\u013cu izvads, integr\u0113ta uzglab\u0101\u0161anas vieta Dak\u0161a: Addict HMF Flatmount Disc, 27,2 mm ekscentrisks oglek\u013ca st\u016bres caurules dizains Aizmugur\u0113jais p\u0101rsl\u0113dz\u0113js: Shimano 105 RD-R7100, 24 \u0101trumi Priek\u0161\u0113jais p\u0101rsl\u0113dz\u0113js: Shimano 105 FD-R7100 P\u0101rsl\u0113gi: Shimano 105 ST-R7120 Disc, Dual Control, 24 \u0101trumi Klo\u0137i: Shimano 105 FC-R7100, Hollowtech II, 50\/34 Apak\u0161\u0113jais kron\u0161teins: Shimano BB-RS500-PB \u0136\u0113de: Shimano CN-M6100-12 Kasete: Shimano CS-R7101, 11\u201334 Bremzes: Shimano BR-R7170 hidraulisk\u0101s disku bremzes, Shimano RT-CL700 rotori 160 mm priek\u0161\u0101 un 160 mm aizmugur\u0113 St\u016bre: Syncros HB-R100-AL St\u016bres st\u016bris: Syncros ST-R300-AL S\u0113dek\u013ca stute: Syncros SP-R101-CF S\u0113deklis: Syncros Tofino V 2.0 Cut Out St\u016bres gult\u0146i: Acros AIF-1317 Rite\u0146i: Syncros RP2.0 Disc, 28 spie\u0137i priek\u0161\u0101 un aizmugur\u0113, Syncros ass Riepas: Schwalbe ONE, salok\u0101mas, 700x34C Piederumi: Syncros iS Drop Bar Tool 2 Composite\" \/>\n<meta name=\"robots\" content=\"index, follow, max-snippet:-1, max-image-preview:large, max-video-preview:-1\" \/>\n<link rel=\"canonical\" href=\"https:\/\/velooutlets.com\/et\/toode\/scott-addict-50-carbon-grey-2026\/\" \/>\n<meta property=\"og:locale\" content=\"et_EE\" \/>\n<meta property=\"og:type\" content=\"article\" \/>\n<meta property=\"og:title\" content=\"Scott Addict 50 Carbon Grey 2026 - Velo Outlets\" \/>\n<meta property=\"og:description\" content=\"Scott Addict 50 \u2013 Carbon Grey (2026) ir elegants un funkcion\u0101ls \u0161osejas velosip\u0113ds, kas apvieno augstas klases HMF karbonr\u0101mja komfortu ar uzticamo Shimano 105 meh\u0101nisko piedzi\u0146u. Endurance \u0123eometrija nodro\u0161ina optim\u0101lu brauk\u0161anas poz\u012bciju garos mar\u0161rutos, bet iek\u0161\u0113jais kabe\u013cu izvads un integr\u0113t\u0101 uzglab\u0101\u0161anas vieta pie\u0161\u0137ir velosip\u0113dam t\u012bru un praktisku dizainu. Syncros RP2.0 Disc rite\u0146i ar 28 spie\u0137iem nodro\u0161ina iztur\u012bbu un vienm\u0113r\u012bgu gaitas rit\u0113jumu, savuk\u0101rt hidraulisk\u0101s disku bremzes garant\u0113 dro\u0161u apst\u0101\u0161anos jebkuros apst\u0101k\u013cos. Galven\u0101s \u012bpa\u0161\u012bbas R\u0101mis: Addict HMF Carbon, Endurance \u0123eometrija, nomain\u0101ms UDH p\u0101rsl\u0113dz\u0113ja \u0101\u0137is, iek\u0161\u0113jais kabe\u013cu izvads, integr\u0113ta uzglab\u0101\u0161anas vieta Dak\u0161a: Addict HMF Flatmount Disc, 27,2 mm ekscentrisks oglek\u013ca st\u016bres caurules dizains Aizmugur\u0113jais p\u0101rsl\u0113dz\u0113js: Shimano 105 RD-R7100, 24 \u0101trumi Priek\u0161\u0113jais p\u0101rsl\u0113dz\u0113js: Shimano 105 FD-R7100 P\u0101rsl\u0113gi: Shimano 105 ST-R7120 Disc, Dual Control, 24 \u0101trumi Klo\u0137i: Shimano 105 FC-R7100, Hollowtech II, 50\/34 Apak\u0161\u0113jais kron\u0161teins: Shimano BB-RS500-PB \u0136\u0113de: Shimano CN-M6100-12 Kasete: Shimano CS-R7101, 11\u201334 Bremzes: Shimano BR-R7170 hidraulisk\u0101s disku bremzes, Shimano RT-CL700 rotori 160 mm priek\u0161\u0101 un 160 mm aizmugur\u0113 St\u016bre: Syncros HB-R100-AL St\u016bres st\u016bris: Syncros ST-R300-AL S\u0113dek\u013ca stute: Syncros SP-R101-CF S\u0113deklis: Syncros Tofino V 2.0 Cut Out St\u016bres gult\u0146i: Acros AIF-1317 Rite\u0146i: Syncros RP2.0 Disc, 28 spie\u0137i priek\u0161\u0101 un aizmugur\u0113, Syncros ass Riepas: Schwalbe ONE, salok\u0101mas, 700x34C Piederumi: Syncros iS Drop Bar Tool 2 Composite\" \/>\n<meta property=\"og:url\" content=\"https:\/\/velooutlets.com\/et\/toode\/scott-addict-50-carbon-grey-2026\/\" \/>\n<meta property=\"og:site_name\" content=\"Velo Outlets\" \/>\n<meta property=\"article:modified_time\" content=\"2026-04-19T13:47:01+00:00\" \/>\n<meta property=\"og:image\" content=\"https:\/\/velooutlets.com\/wp-content\/uploads\/2025\/10\/Ekranuznemums2025-08-12223416.jpg\" \/>\n\t<meta property=\"og:image:width\" content=\"861\" \/>\n\t<meta property=\"og:image:height\" content=\"626\" \/>\n\t<meta property=\"og:image:type\" content=\"image\/jpeg\" \/>\n<meta name=\"twitter:card\" content=\"summary_large_image\" \/>\n<meta name=\"twitter:label1\" content=\"Est. reading time\" \/>\n\t<meta name=\"twitter:data1\" content=\"1 minut\" \/>\n<script type=\"application\/ld+json\" class=\"yoast-schema-graph\">{\"@context\":\"https:\/\/schema.org\",\"@graph\":[{\"@type\":\"WebPage\",\"@id\":\"https:\/\/velooutlets.com\/products\/scott-addict-50-carbon-grey-2026\/\",\"url\":\"https:\/\/velooutlets.com\/products\/scott-addict-50-carbon-grey-2026\/\",\"name\":\"Scott Addict 50 Carbon Grey 2026 - Velo Outlets\",\"isPartOf\":{\"@id\":\"https:\/\/velooutlets.com\/en\/#website\"},\"primaryImageOfPage\":{\"@id\":\"https:\/\/velooutlets.com\/products\/scott-addict-50-carbon-grey-2026\/#primaryimage\"},\"image\":{\"@id\":\"https:\/\/velooutlets.com\/products\/scott-addict-50-carbon-grey-2026\/#primaryimage\"},\"thumbnailUrl\":\"https:\/\/velooutlets.com\/wp-content\/uploads\/2025\/10\/Ekranuznemums2025-08-12223416.jpg\",\"datePublished\":\"2025-10-03T11:41:27+00:00\",\"dateModified\":\"2026-04-19T13:47:01+00:00\",\"description\":\"Scott Addict 50 \u2013 Carbon Grey (2026) ir elegants un funkcion\u0101ls \u0161osejas velosip\u0113ds, kas apvieno augstas klases HMF karbonr\u0101mja komfortu ar uzticamo Shimano 105 meh\u0101nisko piedzi\u0146u. Endurance \u0123eometrija nodro\u0161ina optim\u0101lu brauk\u0161anas poz\u012bciju garos mar\u0161rutos, bet iek\u0161\u0113jais kabe\u013cu izvads un integr\u0113t\u0101 uzglab\u0101\u0161anas vieta pie\u0161\u0137ir velosip\u0113dam t\u012bru un praktisku dizainu. Syncros RP2.0 Disc rite\u0146i ar 28 spie\u0137iem nodro\u0161ina iztur\u012bbu un vienm\u0113r\u012bgu gaitas rit\u0113jumu, savuk\u0101rt hidraulisk\u0101s disku bremzes garant\u0113 dro\u0161u apst\u0101\u0161anos jebkuros apst\u0101k\u013cos. Galven\u0101s \u012bpa\u0161\u012bbas R\u0101mis: Addict HMF Carbon, Endurance \u0123eometrija, nomain\u0101ms UDH p\u0101rsl\u0113dz\u0113ja \u0101\u0137is, iek\u0161\u0113jais kabe\u013cu izvads, integr\u0113ta uzglab\u0101\u0161anas vieta Dak\u0161a: Addict HMF Flatmount Disc, 27,2 mm ekscentrisks oglek\u013ca st\u016bres caurules dizains Aizmugur\u0113jais p\u0101rsl\u0113dz\u0113js: Shimano 105 RD-R7100, 24 \u0101trumi Priek\u0161\u0113jais p\u0101rsl\u0113dz\u0113js: Shimano 105 FD-R7100 P\u0101rsl\u0113gi: Shimano 105 ST-R7120 Disc, Dual Control, 24 \u0101trumi Klo\u0137i: Shimano 105 FC-R7100, Hollowtech II, 50\/34 Apak\u0161\u0113jais kron\u0161teins: Shimano BB-RS500-PB \u0136\u0113de: Shimano CN-M6100-12 Kasete: Shimano CS-R7101, 11\u201334 Bremzes: Shimano BR-R7170 hidraulisk\u0101s disku bremzes, Shimano RT-CL700 rotori 160 mm priek\u0161\u0101 un 160 mm aizmugur\u0113 St\u016bre: Syncros HB-R100-AL St\u016bres st\u016bris: Syncros ST-R300-AL S\u0113dek\u013ca stute: Syncros SP-R101-CF S\u0113deklis: Syncros Tofino V 2.0 Cut Out St\u016bres gult\u0146i: Acros AIF-1317 Rite\u0146i: Syncros RP2.0 Disc, 28 spie\u0137i priek\u0161\u0101 un aizmugur\u0113, Syncros ass Riepas: Schwalbe ONE, salok\u0101mas, 700x34C Piederumi: Syncros iS Drop Bar Tool 2 Composite\",\"breadcrumb\":{\"@id\":\"https:\/\/velooutlets.com\/products\/scott-addict-50-carbon-grey-2026\/#breadcrumb\"},\"inLanguage\":\"et\",\"potentialAction\":[{\"@type\":\"ReadAction\",\"target\":[\"https:\/\/velooutlets.com\/products\/scott-addict-50-carbon-grey-2026\/\"]}]},{\"@type\":\"ImageObject\",\"inLanguage\":\"et\",\"@id\":\"https:\/\/velooutlets.com\/products\/scott-addict-50-carbon-grey-2026\/#primaryimage\",\"url\":\"https:\/\/velooutlets.com\/wp-content\/uploads\/2025\/10\/Ekranuznemums2025-08-12223416.jpg\",\"contentUrl\":\"https:\/\/velooutlets.com\/wp-content\/uploads\/2025\/10\/Ekranuznemums2025-08-12223416.jpg\",\"width\":861,\"height\":626},{\"@type\":\"BreadcrumbList\",\"@id\":\"https:\/\/velooutlets.com\/products\/scott-addict-50-carbon-grey-2026\/#breadcrumb\",\"itemListElement\":[{\"@type\":\"ListItem\",\"position\":1,\"name\":\"Home\",\"item\":\"https:\/\/velooutlets.com\/\"},{\"@type\":\"ListItem\",\"position\":2,\"name\":\"Veikals\",\"item\":\"https:\/\/velooutlets.com\/shop\/\"},{\"@type\":\"ListItem\",\"position\":3,\"name\":\"Scott Addict 50 Carbon Grey 2026\"}]},{\"@type\":\"WebSite\",\"@id\":\"https:\/\/velooutlets.com\/en\/#website\",\"url\":\"https:\/\/velooutlets.com\/en\/\",\"name\":\"Velo Outlets\",\"description\":\"Velosip\u0113di visai \u0123imenei\",\"potentialAction\":[{\"@type\":\"SearchAction\",\"target\":{\"@type\":\"EntryPoint\",\"urlTemplate\":\"https:\/\/velooutlets.com\/en\/?s={search_term_string}\"},\"query-input\":{\"@type\":\"PropertyValueSpecification\",\"valueRequired\":true,\"valueName\":\"search_term_string\"}}],\"inLanguage\":\"et\"}]}<\/script>\n<!-- \/ Yoast SEO plugin. -->","yoast_head_json":{"title":"Scott Addict 50 Carbon Grey 2026 - Velo Outlets","description":"Scott Addict 50 \u2013 Carbon Grey (2026) ir elegants un funkcion\u0101ls \u0161osejas velosip\u0113ds, kas apvieno augstas klases HMF karbonr\u0101mja komfortu ar uzticamo Shimano 105 meh\u0101nisko piedzi\u0146u. Endurance \u0123eometrija nodro\u0161ina optim\u0101lu brauk\u0161anas poz\u012bciju garos mar\u0161rutos, bet iek\u0161\u0113jais kabe\u013cu izvads un integr\u0113t\u0101 uzglab\u0101\u0161anas vieta pie\u0161\u0137ir velosip\u0113dam t\u012bru un praktisku dizainu. Syncros RP2.0 Disc rite\u0146i ar 28 spie\u0137iem nodro\u0161ina iztur\u012bbu un vienm\u0113r\u012bgu gaitas rit\u0113jumu, savuk\u0101rt hidraulisk\u0101s disku bremzes garant\u0113 dro\u0161u apst\u0101\u0161anos jebkuros apst\u0101k\u013cos. Galven\u0101s \u012bpa\u0161\u012bbas R\u0101mis: Addict HMF Carbon, Endurance \u0123eometrija, nomain\u0101ms UDH p\u0101rsl\u0113dz\u0113ja \u0101\u0137is, iek\u0161\u0113jais kabe\u013cu izvads, integr\u0113ta uzglab\u0101\u0161anas vieta Dak\u0161a: Addict HMF Flatmount Disc, 27,2 mm ekscentrisks oglek\u013ca st\u016bres caurules dizains Aizmugur\u0113jais p\u0101rsl\u0113dz\u0113js: Shimano 105 RD-R7100, 24 \u0101trumi Priek\u0161\u0113jais p\u0101rsl\u0113dz\u0113js: Shimano 105 FD-R7100 P\u0101rsl\u0113gi: Shimano 105 ST-R7120 Disc, Dual Control, 24 \u0101trumi Klo\u0137i: Shimano 105 FC-R7100, Hollowtech II, 50\/34 Apak\u0161\u0113jais kron\u0161teins: Shimano BB-RS500-PB \u0136\u0113de: Shimano CN-M6100-12 Kasete: Shimano CS-R7101, 11\u201334 Bremzes: Shimano BR-R7170 hidraulisk\u0101s disku bremzes, Shimano RT-CL700 rotori 160 mm priek\u0161\u0101 un 160 mm aizmugur\u0113 St\u016bre: Syncros HB-R100-AL St\u016bres st\u016bris: Syncros ST-R300-AL S\u0113dek\u013ca stute: Syncros SP-R101-CF S\u0113deklis: Syncros Tofino V 2.0 Cut Out St\u016bres gult\u0146i: Acros AIF-1317 Rite\u0146i: Syncros RP2.0 Disc, 28 spie\u0137i priek\u0161\u0101 un aizmugur\u0113, Syncros ass Riepas: Schwalbe ONE, salok\u0101mas, 700x34C Piederumi: Syncros iS Drop Bar Tool 2 Composite","robots":{"index":"index","follow":"follow","max-snippet":"max-snippet:-1","max-image-preview":"max-image-preview:large","max-video-preview":"max-video-preview:-1"},"canonical":"https:\/\/velooutlets.com\/et\/toode\/scott-addict-50-carbon-grey-2026\/","og_locale":"et_EE","og_type":"article","og_title":"Scott Addict 50 Carbon Grey 2026 - Velo Outlets","og_description":"Scott Addict 50 \u2013 Carbon Grey (2026) ir elegants un funkcion\u0101ls \u0161osejas velosip\u0113ds, kas apvieno augstas klases HMF karbonr\u0101mja komfortu ar uzticamo Shimano 105 meh\u0101nisko piedzi\u0146u. Endurance \u0123eometrija nodro\u0161ina optim\u0101lu brauk\u0161anas poz\u012bciju garos mar\u0161rutos, bet iek\u0161\u0113jais kabe\u013cu izvads un integr\u0113t\u0101 uzglab\u0101\u0161anas vieta pie\u0161\u0137ir velosip\u0113dam t\u012bru un praktisku dizainu. Syncros RP2.0 Disc rite\u0146i ar 28 spie\u0137iem nodro\u0161ina iztur\u012bbu un vienm\u0113r\u012bgu gaitas rit\u0113jumu, savuk\u0101rt hidraulisk\u0101s disku bremzes garant\u0113 dro\u0161u apst\u0101\u0161anos jebkuros apst\u0101k\u013cos. Galven\u0101s \u012bpa\u0161\u012bbas R\u0101mis: Addict HMF Carbon, Endurance \u0123eometrija, nomain\u0101ms UDH p\u0101rsl\u0113dz\u0113ja \u0101\u0137is, iek\u0161\u0113jais kabe\u013cu izvads, integr\u0113ta uzglab\u0101\u0161anas vieta Dak\u0161a: Addict HMF Flatmount Disc, 27,2 mm ekscentrisks oglek\u013ca st\u016bres caurules dizains Aizmugur\u0113jais p\u0101rsl\u0113dz\u0113js: Shimano 105 RD-R7100, 24 \u0101trumi Priek\u0161\u0113jais p\u0101rsl\u0113dz\u0113js: Shimano 105 FD-R7100 P\u0101rsl\u0113gi: Shimano 105 ST-R7120 Disc, Dual Control, 24 \u0101trumi Klo\u0137i: Shimano 105 FC-R7100, Hollowtech II, 50\/34 Apak\u0161\u0113jais kron\u0161teins: Shimano BB-RS500-PB \u0136\u0113de: Shimano CN-M6100-12 Kasete: Shimano CS-R7101, 11\u201334 Bremzes: Shimano BR-R7170 hidraulisk\u0101s disku bremzes, Shimano RT-CL700 rotori 160 mm priek\u0161\u0101 un 160 mm aizmugur\u0113 St\u016bre: Syncros HB-R100-AL St\u016bres st\u016bris: Syncros ST-R300-AL S\u0113dek\u013ca stute: Syncros SP-R101-CF S\u0113deklis: Syncros Tofino V 2.0 Cut Out St\u016bres gult\u0146i: Acros AIF-1317 Rite\u0146i: Syncros RP2.0 Disc, 28 spie\u0137i priek\u0161\u0101 un aizmugur\u0113, Syncros ass Riepas: Schwalbe ONE, salok\u0101mas, 700x34C Piederumi: Syncros iS Drop Bar Tool 2 Composite","og_url":"https:\/\/velooutlets.com\/et\/toode\/scott-addict-50-carbon-grey-2026\/","og_site_name":"Velo Outlets","article_modified_time":"2026-04-19T13:47:01+00:00","og_image":[{"width":861,"height":626,"url":"https:\/\/velooutlets.com\/wp-content\/uploads\/2025\/10\/Ekranuznemums2025-08-12223416.jpg","type":"image\/jpeg"}],"twitter_card":"summary_large_image","twitter_misc":{"Est. reading time":"1 minut"},"schema":{"@context":"https:\/\/schema.org","@graph":[{"@type":"WebPage","@id":"https:\/\/velooutlets.com\/products\/scott-addict-50-carbon-grey-2026\/","url":"https:\/\/velooutlets.com\/products\/scott-addict-50-carbon-grey-2026\/","name":"Scott Addict 50 Carbon Grey 2026 - Velo Outlets","isPartOf":{"@id":"https:\/\/velooutlets.com\/en\/#website"},"primaryImageOfPage":{"@id":"https:\/\/velooutlets.com\/products\/scott-addict-50-carbon-grey-2026\/#primaryimage"},"image":{"@id":"https:\/\/velooutlets.com\/products\/scott-addict-50-carbon-grey-2026\/#primaryimage"},"thumbnailUrl":"https:\/\/velooutlets.com\/wp-content\/uploads\/2025\/10\/Ekranuznemums2025-08-12223416.jpg","datePublished":"2025-10-03T11:41:27+00:00","dateModified":"2026-04-19T13:47:01+00:00","description":"Scott Addict 50 \u2013 Carbon Grey (2026) ir elegants un funkcion\u0101ls \u0161osejas velosip\u0113ds, kas apvieno augstas klases HMF karbonr\u0101mja komfortu ar uzticamo Shimano 105 meh\u0101nisko piedzi\u0146u. Endurance \u0123eometrija nodro\u0161ina optim\u0101lu brauk\u0161anas poz\u012bciju garos mar\u0161rutos, bet iek\u0161\u0113jais kabe\u013cu izvads un integr\u0113t\u0101 uzglab\u0101\u0161anas vieta pie\u0161\u0137ir velosip\u0113dam t\u012bru un praktisku dizainu. Syncros RP2.0 Disc rite\u0146i ar 28 spie\u0137iem nodro\u0161ina iztur\u012bbu un vienm\u0113r\u012bgu gaitas rit\u0113jumu, savuk\u0101rt hidraulisk\u0101s disku bremzes garant\u0113 dro\u0161u apst\u0101\u0161anos jebkuros apst\u0101k\u013cos. Galven\u0101s \u012bpa\u0161\u012bbas R\u0101mis: Addict HMF Carbon, Endurance \u0123eometrija, nomain\u0101ms UDH p\u0101rsl\u0113dz\u0113ja \u0101\u0137is, iek\u0161\u0113jais kabe\u013cu izvads, integr\u0113ta uzglab\u0101\u0161anas vieta Dak\u0161a: Addict HMF Flatmount Disc, 27,2 mm ekscentrisks oglek\u013ca st\u016bres caurules dizains Aizmugur\u0113jais p\u0101rsl\u0113dz\u0113js: Shimano 105 RD-R7100, 24 \u0101trumi Priek\u0161\u0113jais p\u0101rsl\u0113dz\u0113js: Shimano 105 FD-R7100 P\u0101rsl\u0113gi: Shimano 105 ST-R7120 Disc, Dual Control, 24 \u0101trumi Klo\u0137i: Shimano 105 FC-R7100, Hollowtech II, 50\/34 Apak\u0161\u0113jais kron\u0161teins: Shimano BB-RS500-PB \u0136\u0113de: Shimano CN-M6100-12 Kasete: Shimano CS-R7101, 11\u201334 Bremzes: Shimano BR-R7170 hidraulisk\u0101s disku bremzes, Shimano RT-CL700 rotori 160 mm priek\u0161\u0101 un 160 mm aizmugur\u0113 St\u016bre: Syncros HB-R100-AL St\u016bres st\u016bris: Syncros ST-R300-AL S\u0113dek\u013ca stute: Syncros SP-R101-CF S\u0113deklis: Syncros Tofino V 2.0 Cut Out St\u016bres gult\u0146i: Acros AIF-1317 Rite\u0146i: Syncros RP2.0 Disc, 28 spie\u0137i priek\u0161\u0101 un aizmugur\u0113, Syncros ass Riepas: Schwalbe ONE, salok\u0101mas, 700x34C Piederumi: Syncros iS Drop Bar Tool 2 Composite","breadcrumb":{"@id":"https:\/\/velooutlets.com\/products\/scott-addict-50-carbon-grey-2026\/#breadcrumb"},"inLanguage":"et","potentialAction":[{"@type":"ReadAction","target":["https:\/\/velooutlets.com\/products\/scott-addict-50-carbon-grey-2026\/"]}]},{"@type":"ImageObject","inLanguage":"et","@id":"https:\/\/velooutlets.com\/products\/scott-addict-50-carbon-grey-2026\/#primaryimage","url":"https:\/\/velooutlets.com\/wp-content\/uploads\/2025\/10\/Ekranuznemums2025-08-12223416.jpg","contentUrl":"https:\/\/velooutlets.com\/wp-content\/uploads\/2025\/10\/Ekranuznemums2025-08-12223416.jpg","width":861,"height":626},{"@type":"BreadcrumbList","@id":"https:\/\/velooutlets.com\/products\/scott-addict-50-carbon-grey-2026\/#breadcrumb","itemListElement":[{"@type":"ListItem","position":1,"name":"Home","item":"https:\/\/velooutlets.com\/"},{"@type":"ListItem","position":2,"name":"Veikals","item":"https:\/\/velooutlets.com\/shop\/"},{"@type":"ListItem","position":3,"name":"Scott Addict 50 Carbon Grey 2026"}]},{"@type":"WebSite","@id":"https:\/\/velooutlets.com\/en\/#website","url":"https:\/\/velooutlets.com\/en\/","name":"Velo Outlets","description":"Jalgrattad kogu perele","potentialAction":[{"@type":"SearchAction","target":{"@type":"EntryPoint","urlTemplate":"https:\/\/velooutlets.com\/en\/?s={search_term_string}"},"query-input":{"@type":"PropertyValueSpecification","valueRequired":true,"valueName":"search_term_string"}}],"inLanguage":"et"}]}},"jetpack_sharing_enabled":true,"_links":{"self":[{"href":"https:\/\/velooutlets.com\/et\/wp-json\/wp\/v2\/product\/9316","targetHints":{"allow":["GET"]}}],"collection":[{"href":"https:\/\/velooutlets.com\/et\/wp-json\/wp\/v2\/product"}],"about":[{"href":"https:\/\/velooutlets.com\/et\/wp-json\/wp\/v2\/types\/product"}],"wp:featuredmedia":[{"embeddable":true,"href":"https:\/\/velooutlets.com\/et\/wp-json\/wp\/v2\/media\/10396"}],"wp:attachment":[{"href":"https:\/\/velooutlets.com\/et\/wp-json\/wp\/v2\/media?parent=9316"}],"wp:term":[{"taxonomy":"product_brand","embeddable":true,"href":"https:\/\/velooutlets.com\/et\/wp-json\/wp\/v2\/product_brand?post=9316"},{"taxonomy":"product_cat","embeddable":true,"href":"https:\/\/velooutlets.com\/et\/wp-json\/wp\/v2\/product_cat?post=9316"},{"taxonomy":"product_tag","embeddable":true,"href":"https:\/\/velooutlets.com\/et\/wp-json\/wp\/v2\/product_tag?post=9316"}],"curies":[{"name":"wp","href":"https:\/\/api.w.org\/{rel}","templated":true}]}}