{"id":9370,"date":"2025-10-03T11:41:47","date_gmt":"2025-10-03T11:41:47","guid":{"rendered":"https:\/\/staging.velooutlets.com\/product\/scott-addict-gravel-40-2025\/"},"modified":"2026-04-19T16:43:35","modified_gmt":"2026-04-19T13:43:35","slug":"scott-addict-gravel-40-2025","status":"publish","type":"product","link":"https:\/\/velooutlets.com\/et\/toode\/scott-addict-gravel-40-2025\/","title":{"rendered":"SCOTT ADDICT KRUUS 40 2025"},"content":{"rendered":"<p>SCOTT Addict Gravel 40 2025 on kerge ja v\u00f5istlusele orienteeritud kruusaratas, mille s\u00fcsinikraam on m\u00f5eldud kiireks s\u00f5iduks asfaltkattega, kruusateedel ja kergetel radadel, s\u00e4ilitades samas mugavuse pikematel seiklustel.<\/p>\n<p>Raam on Addict Gravel HMF Carbon, millel on sisemine kaablijuhtimine, kruusageomeetria ning kinnitused pagasi ja lisatarvikute jaoks. See on disainitud nii, et \u00fchendada kergus ja stabiilsus, eriti kui s\u00f5idate muutlikul pinnasel.<\/p>\n<p>Carbon Addict Gravel kahvel eesosas parandab vibratsioonide summutamist ja t\u00e4pset juhitavust, eriti ebatasasel pinnal. K\u00e4igukast p\u00f5hineb Shimano GRX 2\u00d712 (RX820 \/ RX610) s\u00fcsteemil koos 46\/30T k\u00e4igukangi ja 11-36T kassetiga, mis annab laia k\u00e4iguvahemiku nii t\u00f5usude kui ka kiirete l\u00f5ikude jaoks.<\/p>\n<p>Pidurid on Shimano GRX h\u00fcdraulilised ketaspidurid, mis tagavad stabiilse ja usaldusv\u00e4\u00e4rse pidurdamise isegi m\u00e4rjal v\u00f5i kruusasel pinnasel. Veljed on Syncros RP2.0 Disc koos Schwalbe G-One RX 700\u00d745C rehvidega, mis annavad hea haardumise ja mugavuse erinevatel pinnastel.<\/p>\n<p>See mudel on kerge (~9,4-9,5 kg), mis teeb selle v\u00e4ga t\u00f5husaks t\u00f5usudel ja pikkadel s\u00f5itudel, s\u00e4ilitades samas kruusaratta stabiilsuse ja kontrolli.<\/p>\n<p>Spetsifikatsioon:<br \/>\nRaam: Addict Gravel HMF Carbon, sisemine kaablijuhtimine<br \/>\nKahvel: Addict Gravel HMF Carbon<br \/>\nK\u00e4igukast: Shimano GRX 2\u00d712 (RX820 \/ RX610)<br \/>\nKassett: Shimano 11-36T<br \/>\nPidurid: Shimano GRX h\u00fcdraulilised ketaspidurid<br \/>\nRattad: Syncros RP2.0 Disc<br \/>\nRehv: Schwalbe G-One RX 700\u00d745C<br \/>\nKaal: ~9,4-9,5 kg<br \/>\nMax. S\u00fcsteemi kaal: 120 kg<\/p>","protected":false},"excerpt":{"rendered":"<p>SCOTT Addict Gravel 40 2025 ir viegls un sac\u012bk\u0161u ievirzes gravel velosip\u0113ds ar karbona r\u0101mi, kas paredz\u0113ts \u0101triem braucieniem pa asfaltu, grants ce\u013ciem un viegl\u0101m tak\u0101m, vienlaikus saglab\u0101jot komfortu gar\u0101kos piedz\u012bvojumos. R\u0101mis ir Addict Gravel HMF Carbon ar iek\u0161\u0113jo tros\u012b\u0161u vad\u012bbu, gravel \u0123eometriju un stiprin\u0101jumiem bag\u0101\u017eai un aksesu\u0101riem. Tas ir veidots, lai apvienotu vieglumu un [&hellip;]<\/p>\n","protected":false},"featured_media":38157,"template":"","meta":{"_monsterinsights_skip_tracking":false,"_monsterinsights_sitenote_active":false,"_monsterinsights_sitenote_note":"","_monsterinsights_sitenote_category":0,"_iconic_wsb_product_page_order_bump_ids":[[]],"_sku":["8973496713483"],"_iconic_wsb_product_page_bump_modal_ids":[[]]},"product_brand":[872],"product_cat":[967,1540,1127],"product_tag":[1522],"class_list":{"0":"post-9370","1":"product","2":"type-product","3":"status-publish","4":"has-post-thumbnail","6":"product_brand-scott","7":"product_cat-gravel-velosipedi","8":"product_cat-gravel-velosipedi-700c","9":"product_cat-velosipedi","10":"product_tag-scott","11":"product_shipping_class-pieauguso-velosipedi","12":"pa_razosanas-gads-1240","13":"ts_product_brand-courier_only","15":"first","16":"instock","17":"sale","18":"taxable","19":"shipping-taxable","20":"purchasable","21":"product-type-variable","22":"has-default-attributes","23":"wvs-archive-product-wrapper"},"yoast_head":"<!-- This site is optimized with the Yoast SEO plugin v27.2 - https:\/\/yoast.com\/product\/yoast-seo-wordpress\/ -->\n<title>SCOTT ADDICT GRAVEL 40 \u2013 Moderns dizains, karbona r\u0101mis un maksim\u0101ls komforts | Velo Outlets<\/title>\n<meta name=\"description\" content=\"Ieg\u0101d\u0101jies SCOTT velosip\u0113du no Velo Outlets! \u0160odejas, gravel un kalnu velosip\u0113du mode\u013ci, kas nodro\u0161ina augst\u0101ko kvalit\u0101ti un veiktsp\u0113ju da\u017e\u0101dos brauk\u0161anas apst\u0101k\u013cos.\" \/>\n<meta name=\"robots\" content=\"index, follow, max-snippet:-1, max-image-preview:large, max-video-preview:-1\" \/>\n<link rel=\"canonical\" href=\"https:\/\/velooutlets.com\/et\/toode\/scott-addict-gravel-40-2025\/\" \/>\n<meta property=\"og:locale\" content=\"et_EE\" \/>\n<meta property=\"og:type\" content=\"article\" \/>\n<meta property=\"og:title\" content=\"SCOTT ADDICT GRAVEL 40 \u2013 Moderns dizains, karbona r\u0101mis un maksim\u0101ls komforts | Velo Outlets\" \/>\n<meta property=\"og:description\" content=\"Ieg\u0101d\u0101jies SCOTT velosip\u0113du no Velo Outlets! \u0160odejas, gravel un kalnu velosip\u0113du mode\u013ci, kas nodro\u0161ina augst\u0101ko kvalit\u0101ti un veiktsp\u0113ju da\u017e\u0101dos brauk\u0161anas apst\u0101k\u013cos.\" \/>\n<meta property=\"og:url\" content=\"https:\/\/velooutlets.com\/et\/toode\/scott-addict-gravel-40-2025\/\" \/>\n<meta property=\"og:site_name\" content=\"Velo Outlets\" \/>\n<meta property=\"article:modified_time\" content=\"2026-04-19T13:43:35+00:00\" \/>\n<meta property=\"og:image\" content=\"https:\/\/velooutlets.com\/wp-content\/uploads\/2025\/10\/1000200126.jpg\" \/>\n\t<meta property=\"og:image:width\" content=\"817\" \/>\n\t<meta property=\"og:image:height\" content=\"511\" \/>\n\t<meta property=\"og:image:type\" content=\"image\/jpeg\" \/>\n<meta name=\"twitter:card\" content=\"summary_large_image\" \/>\n<meta name=\"twitter:label1\" content=\"Est. reading time\" \/>\n\t<meta name=\"twitter:data1\" content=\"1 minut\" \/>\n<script type=\"application\/ld+json\" class=\"yoast-schema-graph\">{\"@context\":\"https:\/\/schema.org\",\"@graph\":[{\"@type\":\"WebPage\",\"@id\":\"https:\/\/velooutlets.com\/products\/scott-addict-gravel-40-2025\/\",\"url\":\"https:\/\/velooutlets.com\/products\/scott-addict-gravel-40-2025\/\",\"name\":\"SCOTT ADDICT GRAVEL 40 \u2013 Moderns dizains, karbona r\u0101mis un maksim\u0101ls komforts | Velo Outlets\",\"isPartOf\":{\"@id\":\"https:\/\/velooutlets.com\/en\/#website\"},\"primaryImageOfPage\":{\"@id\":\"https:\/\/velooutlets.com\/products\/scott-addict-gravel-40-2025\/#primaryimage\"},\"image\":{\"@id\":\"https:\/\/velooutlets.com\/products\/scott-addict-gravel-40-2025\/#primaryimage\"},\"thumbnailUrl\":\"https:\/\/velooutlets.com\/wp-content\/uploads\/2025\/10\/1000200126.jpg\",\"datePublished\":\"2025-10-03T11:41:47+00:00\",\"dateModified\":\"2026-04-19T13:43:35+00:00\",\"description\":\"Ieg\u0101d\u0101jies SCOTT velosip\u0113du no Velo Outlets! \u0160odejas, gravel un kalnu velosip\u0113du mode\u013ci, kas nodro\u0161ina augst\u0101ko kvalit\u0101ti un veiktsp\u0113ju da\u017e\u0101dos brauk\u0161anas apst\u0101k\u013cos.\",\"breadcrumb\":{\"@id\":\"https:\/\/velooutlets.com\/products\/scott-addict-gravel-40-2025\/#breadcrumb\"},\"inLanguage\":\"et\",\"potentialAction\":[{\"@type\":\"ReadAction\",\"target\":[\"https:\/\/velooutlets.com\/products\/scott-addict-gravel-40-2025\/\"]}]},{\"@type\":\"ImageObject\",\"inLanguage\":\"et\",\"@id\":\"https:\/\/velooutlets.com\/products\/scott-addict-gravel-40-2025\/#primaryimage\",\"url\":\"https:\/\/velooutlets.com\/wp-content\/uploads\/2025\/10\/1000200126.jpg\",\"contentUrl\":\"https:\/\/velooutlets.com\/wp-content\/uploads\/2025\/10\/1000200126.jpg\",\"width\":817,\"height\":511},{\"@type\":\"BreadcrumbList\",\"@id\":\"https:\/\/velooutlets.com\/products\/scott-addict-gravel-40-2025\/#breadcrumb\",\"itemListElement\":[{\"@type\":\"ListItem\",\"position\":1,\"name\":\"Home\",\"item\":\"https:\/\/velooutlets.com\/\"},{\"@type\":\"ListItem\",\"position\":2,\"name\":\"Veikals\",\"item\":\"https:\/\/velooutlets.com\/shop\/\"},{\"@type\":\"ListItem\",\"position\":3,\"name\":\"SCOTT ADDICT GRAVEL 40 2025\"}]},{\"@type\":\"WebSite\",\"@id\":\"https:\/\/velooutlets.com\/en\/#website\",\"url\":\"https:\/\/velooutlets.com\/en\/\",\"name\":\"Velo Outlets\",\"description\":\"Velosip\u0113di visai \u0123imenei\",\"potentialAction\":[{\"@type\":\"SearchAction\",\"target\":{\"@type\":\"EntryPoint\",\"urlTemplate\":\"https:\/\/velooutlets.com\/en\/?s={search_term_string}\"},\"query-input\":{\"@type\":\"PropertyValueSpecification\",\"valueRequired\":true,\"valueName\":\"search_term_string\"}}],\"inLanguage\":\"et\"}]}<\/script>\n<!-- \/ Yoast SEO plugin. -->","yoast_head_json":{"title":"SCOTT ADDICT GRAVEL 40 \u2013 Moderns dizains, karbona r\u0101mis un maksim\u0101ls komforts | Velo Outlets","description":"Ieg\u0101d\u0101jies SCOTT velosip\u0113du no Velo Outlets! \u0160odejas, gravel un kalnu velosip\u0113du mode\u013ci, kas nodro\u0161ina augst\u0101ko kvalit\u0101ti un veiktsp\u0113ju da\u017e\u0101dos brauk\u0161anas apst\u0101k\u013cos.","robots":{"index":"index","follow":"follow","max-snippet":"max-snippet:-1","max-image-preview":"max-image-preview:large","max-video-preview":"max-video-preview:-1"},"canonical":"https:\/\/velooutlets.com\/et\/toode\/scott-addict-gravel-40-2025\/","og_locale":"et_EE","og_type":"article","og_title":"SCOTT ADDICT GRAVEL 40 \u2013 Moderns dizains, karbona r\u0101mis un maksim\u0101ls komforts | Velo Outlets","og_description":"Ieg\u0101d\u0101jies SCOTT velosip\u0113du no Velo Outlets! \u0160odejas, gravel un kalnu velosip\u0113du mode\u013ci, kas nodro\u0161ina augst\u0101ko kvalit\u0101ti un veiktsp\u0113ju da\u017e\u0101dos brauk\u0161anas apst\u0101k\u013cos.","og_url":"https:\/\/velooutlets.com\/et\/toode\/scott-addict-gravel-40-2025\/","og_site_name":"Velo Outlets","article_modified_time":"2026-04-19T13:43:35+00:00","og_image":[{"width":817,"height":511,"url":"https:\/\/velooutlets.com\/wp-content\/uploads\/2025\/10\/1000200126.jpg","type":"image\/jpeg"}],"twitter_card":"summary_large_image","twitter_misc":{"Est. reading time":"1 minut"},"schema":{"@context":"https:\/\/schema.org","@graph":[{"@type":"WebPage","@id":"https:\/\/velooutlets.com\/products\/scott-addict-gravel-40-2025\/","url":"https:\/\/velooutlets.com\/products\/scott-addict-gravel-40-2025\/","name":"SCOTT ADDICT GRAVEL 40 \u2013 Moderns dizains, karbona r\u0101mis un maksim\u0101ls komforts | Velo Outlets","isPartOf":{"@id":"https:\/\/velooutlets.com\/en\/#website"},"primaryImageOfPage":{"@id":"https:\/\/velooutlets.com\/products\/scott-addict-gravel-40-2025\/#primaryimage"},"image":{"@id":"https:\/\/velooutlets.com\/products\/scott-addict-gravel-40-2025\/#primaryimage"},"thumbnailUrl":"https:\/\/velooutlets.com\/wp-content\/uploads\/2025\/10\/1000200126.jpg","datePublished":"2025-10-03T11:41:47+00:00","dateModified":"2026-04-19T13:43:35+00:00","description":"Ieg\u0101d\u0101jies SCOTT velosip\u0113du no Velo Outlets! \u0160odejas, gravel un kalnu velosip\u0113du mode\u013ci, kas nodro\u0161ina augst\u0101ko kvalit\u0101ti un veiktsp\u0113ju da\u017e\u0101dos brauk\u0161anas apst\u0101k\u013cos.","breadcrumb":{"@id":"https:\/\/velooutlets.com\/products\/scott-addict-gravel-40-2025\/#breadcrumb"},"inLanguage":"et","potentialAction":[{"@type":"ReadAction","target":["https:\/\/velooutlets.com\/products\/scott-addict-gravel-40-2025\/"]}]},{"@type":"ImageObject","inLanguage":"et","@id":"https:\/\/velooutlets.com\/products\/scott-addict-gravel-40-2025\/#primaryimage","url":"https:\/\/velooutlets.com\/wp-content\/uploads\/2025\/10\/1000200126.jpg","contentUrl":"https:\/\/velooutlets.com\/wp-content\/uploads\/2025\/10\/1000200126.jpg","width":817,"height":511},{"@type":"BreadcrumbList","@id":"https:\/\/velooutlets.com\/products\/scott-addict-gravel-40-2025\/#breadcrumb","itemListElement":[{"@type":"ListItem","position":1,"name":"Home","item":"https:\/\/velooutlets.com\/"},{"@type":"ListItem","position":2,"name":"Veikals","item":"https:\/\/velooutlets.com\/shop\/"},{"@type":"ListItem","position":3,"name":"SCOTT ADDICT GRAVEL 40 2025"}]},{"@type":"WebSite","@id":"https:\/\/velooutlets.com\/en\/#website","url":"https:\/\/velooutlets.com\/en\/","name":"Velo Outlets","description":"Jalgrattad kogu perele","potentialAction":[{"@type":"SearchAction","target":{"@type":"EntryPoint","urlTemplate":"https:\/\/velooutlets.com\/en\/?s={search_term_string}"},"query-input":{"@type":"PropertyValueSpecification","valueRequired":true,"valueName":"search_term_string"}}],"inLanguage":"et"}]}},"jetpack_sharing_enabled":true,"_links":{"self":[{"href":"https:\/\/velooutlets.com\/et\/wp-json\/wp\/v2\/product\/9370","targetHints":{"allow":["GET"]}}],"collection":[{"href":"https:\/\/velooutlets.com\/et\/wp-json\/wp\/v2\/product"}],"about":[{"href":"https:\/\/velooutlets.com\/et\/wp-json\/wp\/v2\/types\/product"}],"wp:featuredmedia":[{"embeddable":true,"href":"https:\/\/velooutlets.com\/et\/wp-json\/wp\/v2\/media\/38157"}],"wp:attachment":[{"href":"https:\/\/velooutlets.com\/et\/wp-json\/wp\/v2\/media?parent=9370"}],"wp:term":[{"taxonomy":"product_brand","embeddable":true,"href":"https:\/\/velooutlets.com\/et\/wp-json\/wp\/v2\/product_brand?post=9370"},{"taxonomy":"product_cat","embeddable":true,"href":"https:\/\/velooutlets.com\/et\/wp-json\/wp\/v2\/product_cat?post=9370"},{"taxonomy":"product_tag","embeddable":true,"href":"https:\/\/velooutlets.com\/et\/wp-json\/wp\/v2\/product_tag?post=9370"}],"curies":[{"name":"wp","href":"https:\/\/api.w.org\/{rel}","templated":true}]}}