{"id":9408,"date":"2025-10-03T14:41:58","date_gmt":"2025-10-03T11:41:58","guid":{"rendered":"https:\/\/staging.velooutlets.com\/product\/scott-aspect-950-grey\/"},"modified":"2026-04-19T15:33:29","modified_gmt":"2026-04-19T12:33:29","slug":"scott-aspect-950-grey","status":"publish","type":"product","link":"https:\/\/velooutlets.com\/et\/toode\/scott-aspect-950-grey\/","title":{"rendered":"SCOTT Aspect 950 Hall"},"content":{"rendered":"<p>SCOTT Aspect 950 on lihtne, usaldusv\u00e4\u00e4rne ja taskukohane hardtail-m\u00e4gijalgratas algajatele ja juhuslikele ratturitele, kes soovivad mugavalt s\u00f5ita metsaradadel ja linnateedel. Selles on \u00fchendatud kerge alumiiniumraam, nutikas geomeetria ja praktilised komponendid, mis tagavad ohutu ja lihtsa s\u00f5idu erinevates tingimustes.<\/p>\n<p>Jalgratas on ehitatud Aspect 900\/700 seeria alumiiniumraamile, mis on nii tugev kui ka suhteliselt kerge. Sisemine kaablijuhtimine annab puhta v\u00e4limuse ja hoiab kaablid mustusest vabana. Suntour XCT30-HLO vedrustushaaruk 100 mm teekonna ja lukustusfunktsiooniga aitab siluda p\u00f5rutusi ja muudab s\u00f5itmise mugavamaks nii kruusateedel kui ka metsaradadel.<\/p>\n<p>Varustatud Shimano Altus 18-k\u00e4igulise j\u00f5u\u00fclekandega, pakub Aspect 950 palju k\u00e4ike nii t\u00f5usude kui ka kiiremate l\u00f5ikude jaoks. H\u00fcdraulilised ketaspidurid tagavad usaldusv\u00e4\u00e4rse ja kontrollitud pidurdamise k\u00f5ikides ilmastikutingimustes. Lai 720 mm juhtraud ja Syncros komponendid parandavad kontrolli ja stabiilsust s\u00f5idu ajal.<\/p>\n<p>Syncros X-20 veljed ja Kenda Booster rehvid (2,4\u201d) tagavad hea haardumise ja mugavuse erinevatel pindadel, mis teeb sellest mitmek\u00fclgse valiku igap\u00e4evaseks ja vabaaja s\u00f5iduks.<\/p>\n<p>Spetsifikatsioon:<br \/>\nRaam: Aspect 700\/900 seeria, 6061 alumiinium (sisemine kaablijuhtimine, vahetatav haakekonks)<br \/>\nKahvel: Suntour XCT30-HLO, 100 mm, h\u00fcdrauliline lukustus<br \/>\nKiirused: 2\u00d79 (18 kiirust)<br \/>\nTagumine rattakett: Shimano Altus RD-M2000<br \/>\nEsimesel rattakettal: Shimano FD-M2020<br \/>\nShimano SL-M2010<br \/>\nV\u00f5llid: Shimano FC-MT2102, 36\/22T<br \/>\nKassett: Shimano CS-HG200-9, 11-36T<br \/>\nKett: KMC X9<br \/>\nPidurid: Tektro HDM275 h\u00fcdraulilised ketaspidurid<br \/>\nPidurikettad: Tektro 160 mm (ees\/tagasi)<br \/>\nSyncros X-20 ketas, 32H<br \/>\nRummu: Formula DC-19 \/ DC-25<br \/>\nRehvid: Kenda Booster, 29\u00d72.4\u201d.\u201d<br \/>\nRool: Syncros 3.0, 720 mm<br \/>\nPerformance Syncros 3.0, 7\u00b0<br \/>\nIstmepost: Syncros 3.0, 31,6 mm<br \/>\nIstekoht: Syncros 3.0<br \/>\nMax. S\u00fcsteemi kaal: 128 kg<\/p>","protected":false},"excerpt":{"rendered":"<p>SCOTT Aspect 950 ir vienk\u0101r\u0161s, uzticams un pieejams hardtail kalnu velosip\u0113ds, kas paredz\u0113ts ies\u0101c\u0113jiem un ikdienas brauc\u0113jiem, kuri v\u0113las komfortabli p\u0101rvietoties gan pa me\u017ea tak\u0101m, gan pils\u0113tas ce\u013ciem. Tas apvieno vieglu alum\u012bnija r\u0101mi, p\u0101rdom\u0101tu \u0123eometriju un praktiskus komponentus, lai nodro\u0161in\u0101tu dro\u0161u un vieglu brauk\u0161anas pieredzi da\u017e\u0101dos apst\u0101k\u013cos. Velosip\u0113ds veidots uz Aspect 900\/700 s\u0113rijas alum\u012bnija r\u0101mja, [&hellip;]<\/p>\n","protected":false},"featured_media":35676,"template":"","meta":{"_monsterinsights_skip_tracking":false,"_monsterinsights_sitenote_active":false,"_monsterinsights_sitenote_note":"","_monsterinsights_sitenote_category":0,"_iconic_wsb_product_page_order_bump_ids":[[]],"_sku":["8921474138379"],"_iconic_wsb_product_page_bump_modal_ids":[[]]},"product_brand":[872],"product_cat":[980,1127],"product_tag":[1522],"class_list":{"0":"post-9408","1":"product","2":"type-product","3":"status-publish","4":"has-post-thumbnail","6":"product_brand-scott","7":"product_cat-kalnu-velosipedi","8":"product_cat-velosipedi","9":"product_tag-scott","10":"product_shipping_class-pieauguso-velosipedi","11":"ts_product_brand-courier_only","13":"first","14":"instock","15":"taxable","16":"shipping-taxable","17":"purchasable","18":"product-type-variable","19":"wvs-archive-product-wrapper"},"yoast_head":"<!-- This site is optimized with the Yoast SEO plugin v27.2 - https:\/\/yoast.com\/product\/yoast-seo-wordpress\/ -->\n<title>SCOTT Aspect 950 \u2013 Viegla konstrukcija, iztur\u012bgs r\u0101mis un maksim\u0101ls \u0101trums | Velo Outlets<\/title>\n<meta name=\"description\" content=\"SCOTT velosip\u0113di Velo Outlets: Ieg\u0101d\u0101jies \u0161osejas, kalnu vai gravel velosip\u0113du ar augstu veiktsp\u0113ju un komfortu da\u017e\u0101d\u0101s brauk\u0161anas situ\u0101cij\u0101s.\" \/>\n<meta name=\"robots\" content=\"index, follow, max-snippet:-1, max-image-preview:large, max-video-preview:-1\" \/>\n<link rel=\"canonical\" href=\"https:\/\/velooutlets.com\/et\/toode\/scott-aspect-950-grey\/\" \/>\n<meta property=\"og:locale\" content=\"et_EE\" \/>\n<meta property=\"og:type\" content=\"article\" \/>\n<meta property=\"og:title\" content=\"SCOTT Aspect 950 \u2013 Viegla konstrukcija, iztur\u012bgs r\u0101mis un maksim\u0101ls \u0101trums | Velo Outlets\" \/>\n<meta property=\"og:description\" content=\"SCOTT velosip\u0113di Velo Outlets: Ieg\u0101d\u0101jies \u0161osejas, kalnu vai gravel velosip\u0113du ar augstu veiktsp\u0113ju un komfortu da\u017e\u0101d\u0101s brauk\u0161anas situ\u0101cij\u0101s.\" \/>\n<meta property=\"og:url\" content=\"https:\/\/velooutlets.com\/et\/toode\/scott-aspect-950-grey\/\" \/>\n<meta property=\"og:site_name\" content=\"Velo Outlets\" \/>\n<meta property=\"article:modified_time\" content=\"2026-04-19T12:33:29+00:00\" \/>\n<meta property=\"og:image\" content=\"https:\/\/velooutlets.com\/wp-content\/uploads\/2025\/10\/1000191766.jpg\" \/>\n\t<meta property=\"og:image:width\" content=\"1022\" \/>\n\t<meta property=\"og:image:height\" content=\"766\" \/>\n\t<meta property=\"og:image:type\" content=\"image\/jpeg\" \/>\n<meta name=\"twitter:card\" content=\"summary_large_image\" \/>\n<meta name=\"twitter:label1\" content=\"Est. reading time\" \/>\n\t<meta name=\"twitter:data1\" content=\"1 minut\" \/>\n<script type=\"application\/ld+json\" class=\"yoast-schema-graph\">{\"@context\":\"https:\/\/schema.org\",\"@graph\":[{\"@type\":\"WebPage\",\"@id\":\"https:\/\/velooutlets.com\/products\/scott-aspect-950-grey\/\",\"url\":\"https:\/\/velooutlets.com\/products\/scott-aspect-950-grey\/\",\"name\":\"SCOTT Aspect 950 \u2013 Viegla konstrukcija, iztur\u012bgs r\u0101mis un maksim\u0101ls \u0101trums | Velo Outlets\",\"isPartOf\":{\"@id\":\"https:\/\/velooutlets.com\/en\/#website\"},\"primaryImageOfPage\":{\"@id\":\"https:\/\/velooutlets.com\/products\/scott-aspect-950-grey\/#primaryimage\"},\"image\":{\"@id\":\"https:\/\/velooutlets.com\/products\/scott-aspect-950-grey\/#primaryimage\"},\"thumbnailUrl\":\"https:\/\/velooutlets.com\/wp-content\/uploads\/2025\/10\/1000191766.jpg\",\"datePublished\":\"2025-10-03T11:41:58+00:00\",\"dateModified\":\"2026-04-19T12:33:29+00:00\",\"description\":\"SCOTT velosip\u0113di Velo Outlets: Ieg\u0101d\u0101jies \u0161osejas, kalnu vai gravel velosip\u0113du ar augstu veiktsp\u0113ju un komfortu da\u017e\u0101d\u0101s brauk\u0161anas situ\u0101cij\u0101s.\",\"breadcrumb\":{\"@id\":\"https:\/\/velooutlets.com\/products\/scott-aspect-950-grey\/#breadcrumb\"},\"inLanguage\":\"et\",\"potentialAction\":[{\"@type\":\"ReadAction\",\"target\":[\"https:\/\/velooutlets.com\/products\/scott-aspect-950-grey\/\"]}]},{\"@type\":\"ImageObject\",\"inLanguage\":\"et\",\"@id\":\"https:\/\/velooutlets.com\/products\/scott-aspect-950-grey\/#primaryimage\",\"url\":\"https:\/\/velooutlets.com\/wp-content\/uploads\/2025\/10\/1000191766.jpg\",\"contentUrl\":\"https:\/\/velooutlets.com\/wp-content\/uploads\/2025\/10\/1000191766.jpg\",\"width\":1022,\"height\":766},{\"@type\":\"BreadcrumbList\",\"@id\":\"https:\/\/velooutlets.com\/products\/scott-aspect-950-grey\/#breadcrumb\",\"itemListElement\":[{\"@type\":\"ListItem\",\"position\":1,\"name\":\"Home\",\"item\":\"https:\/\/velooutlets.com\/\"},{\"@type\":\"ListItem\",\"position\":2,\"name\":\"Veikals\",\"item\":\"https:\/\/velooutlets.com\/shop\/\"},{\"@type\":\"ListItem\",\"position\":3,\"name\":\"SCOTT Aspect 950 Grey\"}]},{\"@type\":\"WebSite\",\"@id\":\"https:\/\/velooutlets.com\/en\/#website\",\"url\":\"https:\/\/velooutlets.com\/en\/\",\"name\":\"Velo Outlets\",\"description\":\"Velosip\u0113di visai \u0123imenei\",\"potentialAction\":[{\"@type\":\"SearchAction\",\"target\":{\"@type\":\"EntryPoint\",\"urlTemplate\":\"https:\/\/velooutlets.com\/en\/?s={search_term_string}\"},\"query-input\":{\"@type\":\"PropertyValueSpecification\",\"valueRequired\":true,\"valueName\":\"search_term_string\"}}],\"inLanguage\":\"et\"}]}<\/script>\n<!-- \/ Yoast SEO plugin. -->","yoast_head_json":{"title":"SCOTT Aspect 950 \u2013 Viegla konstrukcija, iztur\u012bgs r\u0101mis un maksim\u0101ls \u0101trums | Velo Outlets","description":"SCOTT velosip\u0113di Velo Outlets: Ieg\u0101d\u0101jies \u0161osejas, kalnu vai gravel velosip\u0113du ar augstu veiktsp\u0113ju un komfortu da\u017e\u0101d\u0101s brauk\u0161anas situ\u0101cij\u0101s.","robots":{"index":"index","follow":"follow","max-snippet":"max-snippet:-1","max-image-preview":"max-image-preview:large","max-video-preview":"max-video-preview:-1"},"canonical":"https:\/\/velooutlets.com\/et\/toode\/scott-aspect-950-grey\/","og_locale":"et_EE","og_type":"article","og_title":"SCOTT Aspect 950 \u2013 Viegla konstrukcija, iztur\u012bgs r\u0101mis un maksim\u0101ls \u0101trums | Velo Outlets","og_description":"SCOTT velosip\u0113di Velo Outlets: Ieg\u0101d\u0101jies \u0161osejas, kalnu vai gravel velosip\u0113du ar augstu veiktsp\u0113ju un komfortu da\u017e\u0101d\u0101s brauk\u0161anas situ\u0101cij\u0101s.","og_url":"https:\/\/velooutlets.com\/et\/toode\/scott-aspect-950-grey\/","og_site_name":"Velo Outlets","article_modified_time":"2026-04-19T12:33:29+00:00","og_image":[{"width":1022,"height":766,"url":"https:\/\/velooutlets.com\/wp-content\/uploads\/2025\/10\/1000191766.jpg","type":"image\/jpeg"}],"twitter_card":"summary_large_image","twitter_misc":{"Est. reading time":"1 minut"},"schema":{"@context":"https:\/\/schema.org","@graph":[{"@type":"WebPage","@id":"https:\/\/velooutlets.com\/products\/scott-aspect-950-grey\/","url":"https:\/\/velooutlets.com\/products\/scott-aspect-950-grey\/","name":"SCOTT Aspect 950 \u2013 Viegla konstrukcija, iztur\u012bgs r\u0101mis un maksim\u0101ls \u0101trums | Velo Outlets","isPartOf":{"@id":"https:\/\/velooutlets.com\/en\/#website"},"primaryImageOfPage":{"@id":"https:\/\/velooutlets.com\/products\/scott-aspect-950-grey\/#primaryimage"},"image":{"@id":"https:\/\/velooutlets.com\/products\/scott-aspect-950-grey\/#primaryimage"},"thumbnailUrl":"https:\/\/velooutlets.com\/wp-content\/uploads\/2025\/10\/1000191766.jpg","datePublished":"2025-10-03T11:41:58+00:00","dateModified":"2026-04-19T12:33:29+00:00","description":"SCOTT velosip\u0113di Velo Outlets: Ieg\u0101d\u0101jies \u0161osejas, kalnu vai gravel velosip\u0113du ar augstu veiktsp\u0113ju un komfortu da\u017e\u0101d\u0101s brauk\u0161anas situ\u0101cij\u0101s.","breadcrumb":{"@id":"https:\/\/velooutlets.com\/products\/scott-aspect-950-grey\/#breadcrumb"},"inLanguage":"et","potentialAction":[{"@type":"ReadAction","target":["https:\/\/velooutlets.com\/products\/scott-aspect-950-grey\/"]}]},{"@type":"ImageObject","inLanguage":"et","@id":"https:\/\/velooutlets.com\/products\/scott-aspect-950-grey\/#primaryimage","url":"https:\/\/velooutlets.com\/wp-content\/uploads\/2025\/10\/1000191766.jpg","contentUrl":"https:\/\/velooutlets.com\/wp-content\/uploads\/2025\/10\/1000191766.jpg","width":1022,"height":766},{"@type":"BreadcrumbList","@id":"https:\/\/velooutlets.com\/products\/scott-aspect-950-grey\/#breadcrumb","itemListElement":[{"@type":"ListItem","position":1,"name":"Home","item":"https:\/\/velooutlets.com\/"},{"@type":"ListItem","position":2,"name":"Veikals","item":"https:\/\/velooutlets.com\/shop\/"},{"@type":"ListItem","position":3,"name":"SCOTT Aspect 950 Grey"}]},{"@type":"WebSite","@id":"https:\/\/velooutlets.com\/en\/#website","url":"https:\/\/velooutlets.com\/en\/","name":"Velo Outlets","description":"Jalgrattad kogu perele","potentialAction":[{"@type":"SearchAction","target":{"@type":"EntryPoint","urlTemplate":"https:\/\/velooutlets.com\/en\/?s={search_term_string}"},"query-input":{"@type":"PropertyValueSpecification","valueRequired":true,"valueName":"search_term_string"}}],"inLanguage":"et"}]}},"jetpack_sharing_enabled":true,"_links":{"self":[{"href":"https:\/\/velooutlets.com\/et\/wp-json\/wp\/v2\/product\/9408","targetHints":{"allow":["GET"]}}],"collection":[{"href":"https:\/\/velooutlets.com\/et\/wp-json\/wp\/v2\/product"}],"about":[{"href":"https:\/\/velooutlets.com\/et\/wp-json\/wp\/v2\/types\/product"}],"wp:featuredmedia":[{"embeddable":true,"href":"https:\/\/velooutlets.com\/et\/wp-json\/wp\/v2\/media\/35676"}],"wp:attachment":[{"href":"https:\/\/velooutlets.com\/et\/wp-json\/wp\/v2\/media?parent=9408"}],"wp:term":[{"taxonomy":"product_brand","embeddable":true,"href":"https:\/\/velooutlets.com\/et\/wp-json\/wp\/v2\/product_brand?post=9408"},{"taxonomy":"product_cat","embeddable":true,"href":"https:\/\/velooutlets.com\/et\/wp-json\/wp\/v2\/product_cat?post=9408"},{"taxonomy":"product_tag","embeddable":true,"href":"https:\/\/velooutlets.com\/et\/wp-json\/wp\/v2\/product_tag?post=9408"}],"curies":[{"name":"wp","href":"https:\/\/api.w.org\/{rel}","templated":true}]}}