{"id":9410,"date":"2025-10-03T11:42:01","date_gmt":"2025-10-03T11:42:01","guid":{"rendered":"https:\/\/staging.velooutlets.com\/product\/scott-aspect-950-yellow\/"},"modified":"2026-04-19T16:34:46","modified_gmt":"2026-04-19T13:34:46","slug":"scott-aspect-950-yellow","status":"publish","type":"product","link":"https:\/\/velooutlets.com\/et\/toode\/scott-aspect-950-yellow\/","title":{"rendered":"Scott Aspect 950 Kollane"},"content":{"rendered":"<p>SCOTT Aspect 950 on taskukohane ja usaldusv\u00e4\u00e4rne XC (cross-country) hardtail-m\u00e4girattur, mis on m\u00f5eldud algajatele ja juhuslikele ratturitele, kes soovivad lihtsat, lihtsat ja t\u00f5husat MTB s\u00f5idukogemust. See sobib metsaradadele, kruusateedele ja juhuslikele s\u00f5itudele, kus stabiilsus ja kasutusmugavus on olulised.<\/p>\n<p>Raam on valmistatud Aspect 700\/900 seeria 6061 alumiiniumist, millel on sisemine kaablijuhtimine ja QR-telg, mis tagab vastupidavuse ja lihtsa hoolduse. Esik\u00fclg on varustatud Suntour XCT30-HLO 100 mm kahvliga koos h\u00fcdraulilise lukustusega, mis aitab parandada t\u00f5husust t\u00f5usudel ja mugavust raskel maastikul.<\/p>\n<p>K\u00e4igukast p\u00f5hineb Shimano Altus 2\u00d79 s\u00fcsteemil (18 k\u00e4iku), mis tagab lihtsa ja usaldusv\u00e4\u00e4rse k\u00e4iguvahetuse. 11-36T kassett koos 36\/22T v\u00e4ntadega pakub piisavat k\u00e4iguvahemikku nii lamedate kui ka kergete t\u00f5usude jaoks. Tektro HDM275 h\u00fcdraulilised ketaspidurid 160 mm rootoritega tagavad usaldusv\u00e4\u00e4rse ja sujuva pidurdamise erinevates tingimustes.<\/p>\n<p>Syncros X-20 rattad koos Kenda Booster 29\u201d rehvidega tagavad hea haardumise ja stabiilsuse erinevatel pinnastel. Lai 720 mm juhtraud ja Syncros'i komponendid parandavad kontrolli ja s\u00f5idumugavust algajate tasemel.<\/p>\n<p>Spetsifikatsioon:<br \/>\nRaam: Aspect 6061 alumiinium, sisemine kaablijuhtimine, QR 135 mm<br \/>\nKahvel: Suntour XCT30-HLO, 100 mm, lukustusega<br \/>\nK\u00e4igukast: Shimano Altus 2\u00d79 (18 k\u00e4iku)<br \/>\nKassett: Shimano 11-36T<br \/>\nPidurid: Tektro HDM275 h\u00fcdraulilised ketaspidurid (160\/160 mm)<br \/>\nSyncros X-20 ketas, 32H<br \/>\nRehvid: Kenda Booster 2.4\u201d<br \/>\nKaal: ~14,4 kg<br \/>\nMax. S\u00fcsteemi kaal: 128 kg<\/p>","protected":false},"excerpt":{"rendered":"<p>SCOTT Aspect 950 ir pieejams un uzticams XC (cross-country) hardtail kalnu velosip\u0113ds, kas paredz\u0113ts ies\u0101c\u0113jiem un ikdienas brauc\u0113jiem, kuri v\u0113las vieglu, vienk\u0101r\u0161u un efekt\u012bvu MTB brauk\u0161anas pieredzi. Tas ir piem\u0113rots gan me\u017ea tak\u0101m, gan grants ce\u013ciem un ikdienas izbraucieniem, kur svar\u012bga ir stabilit\u0101te un vienk\u0101r\u0161a lieto\u0161ana. R\u0101mis izgatavots no Aspect 700\/900 s\u0113rijas alum\u012bnija 6061 ar [&hellip;]<\/p>\n","protected":false},"featured_media":10422,"template":"","meta":{"_monsterinsights_skip_tracking":false,"_monsterinsights_sitenote_active":false,"_monsterinsights_sitenote_note":"","_monsterinsights_sitenote_category":0,"_iconic_wsb_product_page_order_bump_ids":[[]],"_sku":["10694207602955"],"_iconic_wsb_product_page_bump_modal_ids":[[]]},"product_brand":[872],"product_cat":[980,1064,1127],"product_tag":[1522],"class_list":{"0":"post-9410","1":"product","2":"type-product","3":"status-publish","4":"has-post-thumbnail","6":"product_brand-scott","7":"product_cat-kalnu-velosipedi","8":"product_cat-scott","9":"product_cat-velosipedi","10":"product_tag-scott","11":"product_shipping_class-pieauguso-velosipedi","12":"ts_product_brand-courier_only","14":"first","15":"outofstock","16":"taxable","17":"shipping-taxable","18":"purchasable","19":"product-type-simple"},"yoast_head":"<!-- This site is optimized with the Yoast SEO plugin v27.2 - https:\/\/yoast.com\/product\/yoast-seo-wordpress\/ -->\n<title>SCOTT SCALE 950 \u2013 Moderns dizains un maksim\u0101ls komforts pat visgr\u016bt\u0101kaj\u0101s tras\u0113s | Velo Outlets<\/title>\n<meta name=\"description\" content=\"SCOTT velosip\u0113di Velo Outlets: Ieg\u0101d\u0101jies kalnu, gravel vai \u0161osejas velosip\u0113du ar augstu veiktsp\u0113ju un komfortu da\u017e\u0101d\u0101s brauk\u0161anas situ\u0101cij\u0101s.\" \/>\n<meta name=\"robots\" content=\"index, follow, max-snippet:-1, max-image-preview:large, max-video-preview:-1\" \/>\n<link rel=\"canonical\" href=\"https:\/\/velooutlets.com\/et\/toode\/scott-aspect-950-yellow\/\" \/>\n<meta property=\"og:locale\" content=\"et_EE\" \/>\n<meta property=\"og:type\" content=\"article\" \/>\n<meta property=\"og:title\" content=\"SCOTT SCALE 950 \u2013 Moderns dizains un maksim\u0101ls komforts pat visgr\u016bt\u0101kaj\u0101s tras\u0113s | Velo Outlets\" \/>\n<meta property=\"og:description\" content=\"SCOTT velosip\u0113di Velo Outlets: Ieg\u0101d\u0101jies kalnu, gravel vai \u0161osejas velosip\u0113du ar augstu veiktsp\u0113ju un komfortu da\u017e\u0101d\u0101s brauk\u0161anas situ\u0101cij\u0101s.\" \/>\n<meta property=\"og:url\" content=\"https:\/\/velooutlets.com\/et\/toode\/scott-aspect-950-yellow\/\" \/>\n<meta property=\"og:site_name\" content=\"Velo Outlets\" \/>\n<meta property=\"article:modified_time\" content=\"2026-04-19T13:34:46+00:00\" \/>\n<meta property=\"og:image\" content=\"https:\/\/velooutlets.com\/wp-content\/uploads\/2025\/10\/290209-scaled.jpg\" \/>\n\t<meta property=\"og:image:width\" content=\"2560\" \/>\n\t<meta property=\"og:image:height\" content=\"2560\" \/>\n\t<meta property=\"og:image:type\" content=\"image\/jpeg\" \/>\n<meta name=\"twitter:card\" content=\"summary_large_image\" \/>\n<meta name=\"twitter:label1\" content=\"Est. reading time\" \/>\n\t<meta name=\"twitter:data1\" content=\"1 minut\" \/>\n<script type=\"application\/ld+json\" class=\"yoast-schema-graph\">{\"@context\":\"https:\/\/schema.org\",\"@graph\":[{\"@type\":\"WebPage\",\"@id\":\"https:\/\/velooutlets.com\/products\/scott-aspect-950-yellow\/\",\"url\":\"https:\/\/velooutlets.com\/products\/scott-aspect-950-yellow\/\",\"name\":\"SCOTT SCALE 950 \u2013 Moderns dizains un maksim\u0101ls komforts pat visgr\u016bt\u0101kaj\u0101s tras\u0113s | Velo Outlets\",\"isPartOf\":{\"@id\":\"https:\/\/velooutlets.com\/en\/#website\"},\"primaryImageOfPage\":{\"@id\":\"https:\/\/velooutlets.com\/products\/scott-aspect-950-yellow\/#primaryimage\"},\"image\":{\"@id\":\"https:\/\/velooutlets.com\/products\/scott-aspect-950-yellow\/#primaryimage\"},\"thumbnailUrl\":\"https:\/\/velooutlets.com\/wp-content\/uploads\/2025\/10\/290209-scaled.jpg\",\"datePublished\":\"2025-10-03T11:42:01+00:00\",\"dateModified\":\"2026-04-19T13:34:46+00:00\",\"description\":\"SCOTT velosip\u0113di Velo Outlets: Ieg\u0101d\u0101jies kalnu, gravel vai \u0161osejas velosip\u0113du ar augstu veiktsp\u0113ju un komfortu da\u017e\u0101d\u0101s brauk\u0161anas situ\u0101cij\u0101s.\",\"breadcrumb\":{\"@id\":\"https:\/\/velooutlets.com\/products\/scott-aspect-950-yellow\/#breadcrumb\"},\"inLanguage\":\"et\",\"potentialAction\":[{\"@type\":\"ReadAction\",\"target\":[\"https:\/\/velooutlets.com\/products\/scott-aspect-950-yellow\/\"]}]},{\"@type\":\"ImageObject\",\"inLanguage\":\"et\",\"@id\":\"https:\/\/velooutlets.com\/products\/scott-aspect-950-yellow\/#primaryimage\",\"url\":\"https:\/\/velooutlets.com\/wp-content\/uploads\/2025\/10\/290209-scaled.jpg\",\"contentUrl\":\"https:\/\/velooutlets.com\/wp-content\/uploads\/2025\/10\/290209-scaled.jpg\",\"width\":2560,\"height\":2560},{\"@type\":\"BreadcrumbList\",\"@id\":\"https:\/\/velooutlets.com\/products\/scott-aspect-950-yellow\/#breadcrumb\",\"itemListElement\":[{\"@type\":\"ListItem\",\"position\":1,\"name\":\"Home\",\"item\":\"https:\/\/velooutlets.com\/\"},{\"@type\":\"ListItem\",\"position\":2,\"name\":\"Veikals\",\"item\":\"https:\/\/velooutlets.com\/shop\/\"},{\"@type\":\"ListItem\",\"position\":3,\"name\":\"Scott Aspect 950 Yellow\"}]},{\"@type\":\"WebSite\",\"@id\":\"https:\/\/velooutlets.com\/en\/#website\",\"url\":\"https:\/\/velooutlets.com\/en\/\",\"name\":\"Velo Outlets\",\"description\":\"Velosip\u0113di visai \u0123imenei\",\"potentialAction\":[{\"@type\":\"SearchAction\",\"target\":{\"@type\":\"EntryPoint\",\"urlTemplate\":\"https:\/\/velooutlets.com\/en\/?s={search_term_string}\"},\"query-input\":{\"@type\":\"PropertyValueSpecification\",\"valueRequired\":true,\"valueName\":\"search_term_string\"}}],\"inLanguage\":\"et\"}]}<\/script>\n<!-- \/ Yoast SEO plugin. -->","yoast_head_json":{"title":"SCOTT SCALE 950 \u2013 Moderns dizains un maksim\u0101ls komforts pat visgr\u016bt\u0101kaj\u0101s tras\u0113s | Velo Outlets","description":"SCOTT velosip\u0113di Velo Outlets: Ieg\u0101d\u0101jies kalnu, gravel vai \u0161osejas velosip\u0113du ar augstu veiktsp\u0113ju un komfortu da\u017e\u0101d\u0101s brauk\u0161anas situ\u0101cij\u0101s.","robots":{"index":"index","follow":"follow","max-snippet":"max-snippet:-1","max-image-preview":"max-image-preview:large","max-video-preview":"max-video-preview:-1"},"canonical":"https:\/\/velooutlets.com\/et\/toode\/scott-aspect-950-yellow\/","og_locale":"et_EE","og_type":"article","og_title":"SCOTT SCALE 950 \u2013 Moderns dizains un maksim\u0101ls komforts pat visgr\u016bt\u0101kaj\u0101s tras\u0113s | Velo Outlets","og_description":"SCOTT velosip\u0113di Velo Outlets: Ieg\u0101d\u0101jies kalnu, gravel vai \u0161osejas velosip\u0113du ar augstu veiktsp\u0113ju un komfortu da\u017e\u0101d\u0101s brauk\u0161anas situ\u0101cij\u0101s.","og_url":"https:\/\/velooutlets.com\/et\/toode\/scott-aspect-950-yellow\/","og_site_name":"Velo Outlets","article_modified_time":"2026-04-19T13:34:46+00:00","og_image":[{"width":2560,"height":2560,"url":"https:\/\/velooutlets.com\/wp-content\/uploads\/2025\/10\/290209-scaled.jpg","type":"image\/jpeg"}],"twitter_card":"summary_large_image","twitter_misc":{"Est. reading time":"1 minut"},"schema":{"@context":"https:\/\/schema.org","@graph":[{"@type":"WebPage","@id":"https:\/\/velooutlets.com\/products\/scott-aspect-950-yellow\/","url":"https:\/\/velooutlets.com\/products\/scott-aspect-950-yellow\/","name":"SCOTT SCALE 950 \u2013 Moderns dizains un maksim\u0101ls komforts pat visgr\u016bt\u0101kaj\u0101s tras\u0113s | Velo Outlets","isPartOf":{"@id":"https:\/\/velooutlets.com\/en\/#website"},"primaryImageOfPage":{"@id":"https:\/\/velooutlets.com\/products\/scott-aspect-950-yellow\/#primaryimage"},"image":{"@id":"https:\/\/velooutlets.com\/products\/scott-aspect-950-yellow\/#primaryimage"},"thumbnailUrl":"https:\/\/velooutlets.com\/wp-content\/uploads\/2025\/10\/290209-scaled.jpg","datePublished":"2025-10-03T11:42:01+00:00","dateModified":"2026-04-19T13:34:46+00:00","description":"SCOTT velosip\u0113di Velo Outlets: Ieg\u0101d\u0101jies kalnu, gravel vai \u0161osejas velosip\u0113du ar augstu veiktsp\u0113ju un komfortu da\u017e\u0101d\u0101s brauk\u0161anas situ\u0101cij\u0101s.","breadcrumb":{"@id":"https:\/\/velooutlets.com\/products\/scott-aspect-950-yellow\/#breadcrumb"},"inLanguage":"et","potentialAction":[{"@type":"ReadAction","target":["https:\/\/velooutlets.com\/products\/scott-aspect-950-yellow\/"]}]},{"@type":"ImageObject","inLanguage":"et","@id":"https:\/\/velooutlets.com\/products\/scott-aspect-950-yellow\/#primaryimage","url":"https:\/\/velooutlets.com\/wp-content\/uploads\/2025\/10\/290209-scaled.jpg","contentUrl":"https:\/\/velooutlets.com\/wp-content\/uploads\/2025\/10\/290209-scaled.jpg","width":2560,"height":2560},{"@type":"BreadcrumbList","@id":"https:\/\/velooutlets.com\/products\/scott-aspect-950-yellow\/#breadcrumb","itemListElement":[{"@type":"ListItem","position":1,"name":"Home","item":"https:\/\/velooutlets.com\/"},{"@type":"ListItem","position":2,"name":"Veikals","item":"https:\/\/velooutlets.com\/shop\/"},{"@type":"ListItem","position":3,"name":"Scott Aspect 950 Yellow"}]},{"@type":"WebSite","@id":"https:\/\/velooutlets.com\/en\/#website","url":"https:\/\/velooutlets.com\/en\/","name":"Velo Outlets","description":"Jalgrattad kogu perele","potentialAction":[{"@type":"SearchAction","target":{"@type":"EntryPoint","urlTemplate":"https:\/\/velooutlets.com\/en\/?s={search_term_string}"},"query-input":{"@type":"PropertyValueSpecification","valueRequired":true,"valueName":"search_term_string"}}],"inLanguage":"et"}]}},"jetpack_sharing_enabled":true,"_links":{"self":[{"href":"https:\/\/velooutlets.com\/et\/wp-json\/wp\/v2\/product\/9410","targetHints":{"allow":["GET"]}}],"collection":[{"href":"https:\/\/velooutlets.com\/et\/wp-json\/wp\/v2\/product"}],"about":[{"href":"https:\/\/velooutlets.com\/et\/wp-json\/wp\/v2\/types\/product"}],"wp:featuredmedia":[{"embeddable":true,"href":"https:\/\/velooutlets.com\/et\/wp-json\/wp\/v2\/media\/10422"}],"wp:attachment":[{"href":"https:\/\/velooutlets.com\/et\/wp-json\/wp\/v2\/media?parent=9410"}],"wp:term":[{"taxonomy":"product_brand","embeddable":true,"href":"https:\/\/velooutlets.com\/et\/wp-json\/wp\/v2\/product_brand?post=9410"},{"taxonomy":"product_cat","embeddable":true,"href":"https:\/\/velooutlets.com\/et\/wp-json\/wp\/v2\/product_cat?post=9410"},{"taxonomy":"product_tag","embeddable":true,"href":"https:\/\/velooutlets.com\/et\/wp-json\/wp\/v2\/product_tag?post=9410"}],"curies":[{"name":"wp","href":"https:\/\/api.w.org\/{rel}","templated":true}]}}