{"id":9419,"date":"2025-10-03T14:42:09","date_gmt":"2025-10-03T11:42:09","guid":{"rendered":"https:\/\/staging.velooutlets.com\/product\/scott-contessa-active-30\/"},"modified":"2026-04-19T15:24:52","modified_gmt":"2026-04-19T12:24:52","slug":"scott-contessa-active-30-l","status":"publish","type":"product","link":"https:\/\/velooutlets.com\/et\/toode\/scott-contessa-active-30-l\/","title":{"rendered":"SCOTT Contessa Active 30 CU"},"content":{"rendered":"<p>SCOTT Contessa Active 30 on mugav ja usaldusv\u00e4\u00e4rne naiste m\u00e4gijalgratas, mis on m\u00f5eldud aktiivseks vaba aja veetmiseks, fitness-s\u00f5itudeks ja kergete maastikuradade l\u00e4bimiseks. Selles on \u00fchendatud kerge alumiiniumraam, kvaliteetne vedrustus ja lihtne, kuid vastupidav komponentide komplekt, mis tagab stabiilse ja nauditava s\u00f5idukogemuse erinevates tingimustes.<\/p>\n<p>Ratas on ehitatud Contessa Active 700\/900 alumiiniumraamile, mis on kerge, kuid tugev ja sobib igap\u00e4evaseks kasutamiseks. Suntour XCR32-LO-R esihark, millel on 100 mm teepikkus, lukustus ja reguleeritav vedru, aitab t\u00f5husalt summutada p\u00f5rutusi ja kohaneda nii linnat\u00e4navatel kui ka kruusateedel. Shimano Alivio 18-k\u00e4iguline j\u00f5u\u00fclekanne pakub laia ja sujuvat k\u00e4iguvahetust nii t\u00f5usude kui ka l\u00f5dva tasase s\u00f5idu jaoks.<\/p>\n<p>Shimano h\u00fcdraulilised ketaspidurid tagavad usaldusv\u00e4\u00e4rse ja t\u00e4pse pidurdamise k\u00f5ikides ilmastikutingimustes, samas kui laiad Kenda Booster rehvid parandavad haardumist ja mugavust ebatasasel pinnal. Kokkuv\u00f5ttes on Contessa Active 30 mitmek\u00fclgne, stabiilne ja mugav jalgratas, mis sobib h\u00e4sti nii igap\u00e4evaseks kasutamiseks kui ka vaba\u00f5hutegevuseks.<\/p>\n<p>Spetsifikatsioon:<br \/>\nRaam: Contessa Active 700\/900, 6061 alumiinium (custom butted, sisemine kaablijuhtimine)<br \/>\nKahvel: Suntour XCR32-LO-R, 100 mm, h\u00fcdrauliline lukustus, tagasil\u00f6\u00f6gi reguleerimine<br \/>\nKiiruste arv: 18 (2\u00d79)<br \/>\nTagumine rattakett: Shimano Alivio RD-3100<br \/>\nEsimesel rattakettal: Shimano FD-M3120 Side Swing<br \/>\nShimano SL-M3100 R-fire Plus<br \/>\nV\u00f5llid: Shimano FC-MT210-2, 36\/22T<br \/>\nKassett: Shimano CS-HG200-9, 11-36T<br \/>\nKett: KMC X9<br \/>\nPidurid: Shimano BR-MT200 h\u00fcdrauliline ketas, 160 mm<br \/>\nSyncros X-20 ketas, 32H<br \/>\nRummu: Shimano HB-TX505 \/ FH-TX5058<br \/>\nRehvid: Kenda Booster 2.4\u201d<br \/>\nJuhtraud: Syncros 3.0, 680 mm<br \/>\nPerformance Syncros 3.0, 7\u00b0<br \/>\nIstmepost: Syncros 3.0, 31,6 mm<br \/>\nIstekoht: Syncros Savona 2.5 V-Concept<br \/>\nKaal: ~14 kg<br \/>\nMax. S\u00fcsteemi kaal: 128 kg<\/p>","protected":false},"excerpt":{"rendered":"<p>SCOTT Contessa Active 30 ir \u0113rts un uzticams sievie\u0161u kalnu velosip\u0113ds, kas paredz\u0113ts akt\u012bvai atp\u016btai, fitnesa braucieniem un viegliem bezce\u013ca mar\u0161rutiem. Tas apvieno vieglu alum\u012bnija r\u0101mi, kvalitat\u012bvu piekari un vienk\u0101r\u0161u, bet iztur\u012bgu komponentu komplektu, nodro\u0161inot stabilu un pat\u012bkamu brauk\u0161anas pieredzi da\u017e\u0101dos apst\u0101k\u013cos. Velosip\u0113ds veidots uz Contessa Active 700\/900 alum\u012bnija r\u0101mja, kas ir viegls, bet stingrs [&hellip;]<\/p>\n","protected":false},"featured_media":35784,"template":"","meta":{"_monsterinsights_skip_tracking":false,"_monsterinsights_sitenote_active":false,"_monsterinsights_sitenote_note":"","_monsterinsights_sitenote_category":0,"_iconic_wsb_product_page_order_bump_ids":[[]],"_sku":["10694205407499"],"_iconic_wsb_product_page_bump_modal_ids":[[]]},"product_brand":[872],"product_cat":[980,1127],"product_tag":[1522],"class_list":{"0":"post-9419","1":"product","2":"type-product","3":"status-publish","4":"has-post-thumbnail","6":"product_brand-scott","7":"product_cat-kalnu-velosipedi","8":"product_cat-velosipedi","9":"product_tag-scott","10":"product_shipping_class-pieauguso-velosipedi","11":"ts_product_brand-courier_only","13":"first","14":"outofstock","15":"sale","16":"taxable","17":"shipping-taxable","18":"purchasable","19":"product-type-variable","20":"wvs-archive-product-wrapper"},"yoast_head":"<!-- This site is optimized with the Yoast SEO plugin v27.2 - https:\/\/yoast.com\/product\/yoast-seo-wordpress\/ -->\n<title>SCOTT Contessa Active 30 \u2013 Augst\u0101k\u0101s kvalit\u0101tes risin\u0101jums izaicino\u0161iem braucieniem | Velo Outlet<\/title>\n<meta name=\"description\" content=\"SCOTT velosip\u0113di Velo Outlets: Ieg\u0101d\u0101jies \u0161osejas, kalnu vai gravel velosip\u0113du ar augstu veiktsp\u0113ju un komfortu da\u017e\u0101d\u0101s brauk\u0161anas situ\u0101cij\u0101s.\" \/>\n<meta name=\"robots\" content=\"index, follow, max-snippet:-1, max-image-preview:large, max-video-preview:-1\" \/>\n<link rel=\"canonical\" href=\"https:\/\/velooutlets.com\/et\/toode\/scott-contessa-active-30-l\/\" \/>\n<meta property=\"og:locale\" content=\"et_EE\" \/>\n<meta property=\"og:type\" content=\"article\" \/>\n<meta property=\"og:title\" content=\"SCOTT Contessa Active 30 \u2013 Augst\u0101k\u0101s kvalit\u0101tes risin\u0101jums izaicino\u0161iem braucieniem | Velo Outlet\" \/>\n<meta property=\"og:description\" content=\"SCOTT velosip\u0113di Velo Outlets: Ieg\u0101d\u0101jies \u0161osejas, kalnu vai gravel velosip\u0113du ar augstu veiktsp\u0113ju un komfortu da\u017e\u0101d\u0101s brauk\u0161anas situ\u0101cij\u0101s.\" \/>\n<meta property=\"og:url\" content=\"https:\/\/velooutlets.com\/et\/toode\/scott-contessa-active-30-l\/\" \/>\n<meta property=\"og:site_name\" content=\"Velo Outlets\" \/>\n<meta property=\"article:modified_time\" content=\"2026-04-19T12:24:52+00:00\" \/>\n<meta property=\"og:image\" content=\"https:\/\/velooutlets.com\/wp-content\/uploads\/2025\/10\/296310.jpg\" \/>\n\t<meta property=\"og:image:width\" content=\"2000\" \/>\n\t<meta property=\"og:image:height\" content=\"2000\" \/>\n\t<meta property=\"og:image:type\" content=\"image\/jpeg\" \/>\n<meta name=\"twitter:card\" content=\"summary_large_image\" \/>\n<meta name=\"twitter:label1\" content=\"Est. reading time\" \/>\n\t<meta name=\"twitter:data1\" content=\"2 minutit\" \/>\n<script type=\"application\/ld+json\" class=\"yoast-schema-graph\">{\"@context\":\"https:\/\/schema.org\",\"@graph\":[{\"@type\":\"WebPage\",\"@id\":\"https:\/\/velooutlets.com\/products\/scott-contessa-active-30-l\/\",\"url\":\"https:\/\/velooutlets.com\/products\/scott-contessa-active-30-l\/\",\"name\":\"SCOTT Contessa Active 30 \u2013 Augst\u0101k\u0101s kvalit\u0101tes risin\u0101jums izaicino\u0161iem braucieniem | Velo Outlet\",\"isPartOf\":{\"@id\":\"https:\/\/velooutlets.com\/en\/#website\"},\"primaryImageOfPage\":{\"@id\":\"https:\/\/velooutlets.com\/products\/scott-contessa-active-30-l\/#primaryimage\"},\"image\":{\"@id\":\"https:\/\/velooutlets.com\/products\/scott-contessa-active-30-l\/#primaryimage\"},\"thumbnailUrl\":\"https:\/\/velooutlets.com\/wp-content\/uploads\/2025\/10\/296310.jpg\",\"datePublished\":\"2025-10-03T11:42:09+00:00\",\"dateModified\":\"2026-04-19T12:24:52+00:00\",\"description\":\"SCOTT velosip\u0113di Velo Outlets: Ieg\u0101d\u0101jies \u0161osejas, kalnu vai gravel velosip\u0113du ar augstu veiktsp\u0113ju un komfortu da\u017e\u0101d\u0101s brauk\u0161anas situ\u0101cij\u0101s.\",\"breadcrumb\":{\"@id\":\"https:\/\/velooutlets.com\/products\/scott-contessa-active-30-l\/#breadcrumb\"},\"inLanguage\":\"et\",\"potentialAction\":[{\"@type\":\"ReadAction\",\"target\":[\"https:\/\/velooutlets.com\/products\/scott-contessa-active-30-l\/\"]}]},{\"@type\":\"ImageObject\",\"inLanguage\":\"et\",\"@id\":\"https:\/\/velooutlets.com\/products\/scott-contessa-active-30-l\/#primaryimage\",\"url\":\"https:\/\/velooutlets.com\/wp-content\/uploads\/2025\/10\/296310.jpg\",\"contentUrl\":\"https:\/\/velooutlets.com\/wp-content\/uploads\/2025\/10\/296310.jpg\",\"width\":2000,\"height\":2000},{\"@type\":\"BreadcrumbList\",\"@id\":\"https:\/\/velooutlets.com\/products\/scott-contessa-active-30-l\/#breadcrumb\",\"itemListElement\":[{\"@type\":\"ListItem\",\"position\":1,\"name\":\"Home\",\"item\":\"https:\/\/velooutlets.com\/\"},{\"@type\":\"ListItem\",\"position\":2,\"name\":\"Veikals\",\"item\":\"https:\/\/velooutlets.com\/shop\/\"},{\"@type\":\"ListItem\",\"position\":3,\"name\":\"SCOTT Contessa Active 30 CU\"}]},{\"@type\":\"WebSite\",\"@id\":\"https:\/\/velooutlets.com\/en\/#website\",\"url\":\"https:\/\/velooutlets.com\/en\/\",\"name\":\"Velo Outlets\",\"description\":\"Velosip\u0113di visai \u0123imenei\",\"potentialAction\":[{\"@type\":\"SearchAction\",\"target\":{\"@type\":\"EntryPoint\",\"urlTemplate\":\"https:\/\/velooutlets.com\/en\/?s={search_term_string}\"},\"query-input\":{\"@type\":\"PropertyValueSpecification\",\"valueRequired\":true,\"valueName\":\"search_term_string\"}}],\"inLanguage\":\"et\"}]}<\/script>\n<!-- \/ Yoast SEO plugin. -->","yoast_head_json":{"title":"SCOTT Contessa Active 30 \u2013 Augst\u0101k\u0101s kvalit\u0101tes risin\u0101jums izaicino\u0161iem braucieniem | Velo Outlet","description":"SCOTT velosip\u0113di Velo Outlets: Ieg\u0101d\u0101jies \u0161osejas, kalnu vai gravel velosip\u0113du ar augstu veiktsp\u0113ju un komfortu da\u017e\u0101d\u0101s brauk\u0161anas situ\u0101cij\u0101s.","robots":{"index":"index","follow":"follow","max-snippet":"max-snippet:-1","max-image-preview":"max-image-preview:large","max-video-preview":"max-video-preview:-1"},"canonical":"https:\/\/velooutlets.com\/et\/toode\/scott-contessa-active-30-l\/","og_locale":"et_EE","og_type":"article","og_title":"SCOTT Contessa Active 30 \u2013 Augst\u0101k\u0101s kvalit\u0101tes risin\u0101jums izaicino\u0161iem braucieniem | Velo Outlet","og_description":"SCOTT velosip\u0113di Velo Outlets: Ieg\u0101d\u0101jies \u0161osejas, kalnu vai gravel velosip\u0113du ar augstu veiktsp\u0113ju un komfortu da\u017e\u0101d\u0101s brauk\u0161anas situ\u0101cij\u0101s.","og_url":"https:\/\/velooutlets.com\/et\/toode\/scott-contessa-active-30-l\/","og_site_name":"Velo Outlets","article_modified_time":"2026-04-19T12:24:52+00:00","og_image":[{"width":2000,"height":2000,"url":"https:\/\/velooutlets.com\/wp-content\/uploads\/2025\/10\/296310.jpg","type":"image\/jpeg"}],"twitter_card":"summary_large_image","twitter_misc":{"Est. reading time":"2 minutit"},"schema":{"@context":"https:\/\/schema.org","@graph":[{"@type":"WebPage","@id":"https:\/\/velooutlets.com\/products\/scott-contessa-active-30-l\/","url":"https:\/\/velooutlets.com\/products\/scott-contessa-active-30-l\/","name":"SCOTT Contessa Active 30 \u2013 Augst\u0101k\u0101s kvalit\u0101tes risin\u0101jums izaicino\u0161iem braucieniem | Velo Outlet","isPartOf":{"@id":"https:\/\/velooutlets.com\/en\/#website"},"primaryImageOfPage":{"@id":"https:\/\/velooutlets.com\/products\/scott-contessa-active-30-l\/#primaryimage"},"image":{"@id":"https:\/\/velooutlets.com\/products\/scott-contessa-active-30-l\/#primaryimage"},"thumbnailUrl":"https:\/\/velooutlets.com\/wp-content\/uploads\/2025\/10\/296310.jpg","datePublished":"2025-10-03T11:42:09+00:00","dateModified":"2026-04-19T12:24:52+00:00","description":"SCOTT velosip\u0113di Velo Outlets: Ieg\u0101d\u0101jies \u0161osejas, kalnu vai gravel velosip\u0113du ar augstu veiktsp\u0113ju un komfortu da\u017e\u0101d\u0101s brauk\u0161anas situ\u0101cij\u0101s.","breadcrumb":{"@id":"https:\/\/velooutlets.com\/products\/scott-contessa-active-30-l\/#breadcrumb"},"inLanguage":"et","potentialAction":[{"@type":"ReadAction","target":["https:\/\/velooutlets.com\/products\/scott-contessa-active-30-l\/"]}]},{"@type":"ImageObject","inLanguage":"et","@id":"https:\/\/velooutlets.com\/products\/scott-contessa-active-30-l\/#primaryimage","url":"https:\/\/velooutlets.com\/wp-content\/uploads\/2025\/10\/296310.jpg","contentUrl":"https:\/\/velooutlets.com\/wp-content\/uploads\/2025\/10\/296310.jpg","width":2000,"height":2000},{"@type":"BreadcrumbList","@id":"https:\/\/velooutlets.com\/products\/scott-contessa-active-30-l\/#breadcrumb","itemListElement":[{"@type":"ListItem","position":1,"name":"Home","item":"https:\/\/velooutlets.com\/"},{"@type":"ListItem","position":2,"name":"Veikals","item":"https:\/\/velooutlets.com\/shop\/"},{"@type":"ListItem","position":3,"name":"SCOTT Contessa Active 30 CU"}]},{"@type":"WebSite","@id":"https:\/\/velooutlets.com\/en\/#website","url":"https:\/\/velooutlets.com\/en\/","name":"Velo Outlets","description":"Jalgrattad kogu perele","potentialAction":[{"@type":"SearchAction","target":{"@type":"EntryPoint","urlTemplate":"https:\/\/velooutlets.com\/en\/?s={search_term_string}"},"query-input":{"@type":"PropertyValueSpecification","valueRequired":true,"valueName":"search_term_string"}}],"inLanguage":"et"}]}},"jetpack_sharing_enabled":true,"_links":{"self":[{"href":"https:\/\/velooutlets.com\/et\/wp-json\/wp\/v2\/product\/9419","targetHints":{"allow":["GET"]}}],"collection":[{"href":"https:\/\/velooutlets.com\/et\/wp-json\/wp\/v2\/product"}],"about":[{"href":"https:\/\/velooutlets.com\/et\/wp-json\/wp\/v2\/types\/product"}],"wp:featuredmedia":[{"embeddable":true,"href":"https:\/\/velooutlets.com\/et\/wp-json\/wp\/v2\/media\/35784"}],"wp:attachment":[{"href":"https:\/\/velooutlets.com\/et\/wp-json\/wp\/v2\/media?parent=9419"}],"wp:term":[{"taxonomy":"product_brand","embeddable":true,"href":"https:\/\/velooutlets.com\/et\/wp-json\/wp\/v2\/product_brand?post=9419"},{"taxonomy":"product_cat","embeddable":true,"href":"https:\/\/velooutlets.com\/et\/wp-json\/wp\/v2\/product_cat?post=9419"},{"taxonomy":"product_tag","embeddable":true,"href":"https:\/\/velooutlets.com\/et\/wp-json\/wp\/v2\/product_tag?post=9419"}],"curies":[{"name":"wp","href":"https:\/\/api.w.org\/{rel}","templated":true}]}}