{"id":9447,"date":"2025-10-03T11:42:23","date_gmt":"2025-10-03T11:42:23","guid":{"rendered":"https:\/\/staging.velooutlets.com\/product\/scott-contrail-20-black-2026\/"},"modified":"2026-04-17T10:19:27","modified_gmt":"2026-04-17T07:19:27","slug":"scott-contrail-20-black-2026","status":"publish","type":"product","link":"https:\/\/velooutlets.com\/et\/toode\/scott-contrail-20-black-2026\/","title":{"rendered":"Scott Contrail 20 - must 2026"},"content":{"rendered":"<p>Scott Contrail 20 on mitmek\u00fclgne ja usaldusv\u00e4\u00e4rne m\u00e4gijalgratas, mis on m\u00f5eldud aktiivsetele ratturitele, kes soovivad kombineerida mugavust ja vastupidavust nii linnat\u00e4navatel kui ka maastikuradadel. Kerge ja vastupidav Contrail Alloy 6061 alumiiniumraam tagab stabiilse juhitavuse, samas kui sisemine kaablijuhtimine hoiab jalgratta puhtana ja kaitseb juhtmeid mustuse ja kahjustuste eest. Jalgrattal on usaldusv\u00e4\u00e4rne Suntour XCT30-HLO kahvel 100 mm teekonnaga, Lockout- ja tagasil\u00f6\u00f6gi reguleerimisega, mis v\u00f5imaldab vedrustust reguleerida erinevate s\u00f5idutingimuste jaoks.<\/p>\n<p>Shimano CUES 11-k\u00e4iguline s\u00fcsteem tagab t\u00e4psed ja sujuvad k\u00e4iguvahetused, samas kui Tektro HDM275 h\u00fcdraulilised ketaspidurid 160 mm rootoritega ees ja taga tagavad turvalise peatumise ka tehnilistel radadel. Maxxis Rekon Race Dual Compound rehvidega 29-tollised rattad pakuvad stabiilsust ja head haardumist erinevatel pinnastel.<\/p>\n<p>Scott Contrail 20 on varustatud ergonoomilise juhtraua ja varrega, mugava DDK istme ja HL SP C212 istmetoega, mis tagavad mugavuse pikematel s\u00f5itudel. See m\u00e4gijalgratas pakub t\u00e4iuslikku tasakaalu vastupidavuse, j\u00f5udluse ja mugava juhitavuse vahel, mist\u00f5ttu on see ideaalne valik nii seiklusteks metsas kui ka igap\u00e4evaseks pendelrattas\u00f5iduks.<\/p>","protected":false},"excerpt":{"rendered":"<p>Scott Contrail 20 ir daudzpus\u012bgs un uzticams kalnu velosip\u0113ds, kas paredz\u0113ts akt\u012bviem brauc\u0113jiem, kuri v\u0113las apvienot komfortu un iztur\u012bbu gan pils\u0113tas iel\u0101s, gan bezce\u013cu tak\u0101s. Viegls un iztur\u012bgs Contrail Alloy 6061 alum\u012bnija r\u0101mis nodro\u0161ina stabilu vad\u0101m\u012bbu, kam\u0113r iek\u0161\u0113j\u0101 kabe\u013cu vad\u012bba saglab\u0101 velosip\u0113da t\u012bru izskatu un aizsarg\u0101 kabe\u013cus pret net\u012brumiem un boj\u0101jumiem. Velosip\u0113ds apr\u012bkots ar uzticamu [&hellip;]<\/p>\n","protected":false},"featured_media":10465,"template":"","meta":{"_monsterinsights_skip_tracking":false,"_monsterinsights_sitenote_active":false,"_monsterinsights_sitenote_note":"","_monsterinsights_sitenote_category":0,"_iconic_wsb_product_page_order_bump_ids":[[]],"_sku":["10667784306955"],"_iconic_wsb_product_page_bump_modal_ids":[[]]},"product_brand":[872],"product_cat":[980,1065,1127],"product_tag":[1522],"class_list":{"0":"post-9447","1":"product","2":"type-product","3":"status-publish","4":"has-post-thumbnail","6":"product_brand-scott","7":"product_cat-kalnu-velosipedi","8":"product_cat-scott-2026","9":"product_cat-velosipedi","10":"product_tag-scott","11":"product_shipping_class-pieauguso-velosipedi","12":"pa_materials-aluminija-ramis","13":"pa_razosanas-gads-1253","14":"ts_product_brand-courier_only","16":"first","17":"instock","18":"sale","19":"taxable","20":"shipping-taxable","21":"purchasable","22":"product-type-variable","23":"has-default-attributes","24":"wvs-archive-product-wrapper"},"yoast_head":"<!-- This site is optimized with the Yoast SEO plugin v27.2 - https:\/\/yoast.com\/product\/yoast-seo-wordpress\/ -->\n<title>Scott Contrail 20 \u2013 Black 2026 - Velo Outlets<\/title>\n<meta name=\"robots\" content=\"index, follow, max-snippet:-1, max-image-preview:large, max-video-preview:-1\" \/>\n<link rel=\"canonical\" href=\"https:\/\/velooutlets.com\/et\/toode\/scott-contrail-20-black-2026\/\" \/>\n<meta property=\"og:locale\" content=\"et_EE\" \/>\n<meta property=\"og:type\" content=\"article\" \/>\n<meta property=\"og:title\" content=\"Scott Contrail 20 \u2013 Black 2026 - Velo Outlets\" \/>\n<meta property=\"og:description\" content=\"Scott Contrail 20 ir daudzpus\u012bgs un uzticams kalnu velosip\u0113ds, kas paredz\u0113ts akt\u012bviem brauc\u0113jiem, kuri v\u0113las apvienot komfortu un iztur\u012bbu gan pils\u0113tas iel\u0101s, gan bezce\u013cu tak\u0101s. Viegls un iztur\u012bgs Contrail Alloy 6061 alum\u012bnija r\u0101mis nodro\u0161ina stabilu vad\u0101m\u012bbu, kam\u0113r iek\u0161\u0113j\u0101 kabe\u013cu vad\u012bba saglab\u0101 velosip\u0113da t\u012bru izskatu un aizsarg\u0101 kabe\u013cus pret net\u012brumiem un boj\u0101jumiem. Velosip\u0113ds apr\u012bkots ar uzticamu [&hellip;]\" \/>\n<meta property=\"og:url\" content=\"https:\/\/velooutlets.com\/et\/toode\/scott-contrail-20-black-2026\/\" \/>\n<meta property=\"og:site_name\" content=\"Velo Outlets\" \/>\n<meta property=\"article:modified_time\" content=\"2026-04-17T07:19:27+00:00\" \/>\n<meta property=\"og:image\" content=\"https:\/\/velooutlets.com\/wp-content\/uploads\/2025\/10\/Screenshot2025-08-12154120.jpg\" \/>\n\t<meta property=\"og:image:width\" content=\"1524\" \/>\n\t<meta property=\"og:image:height\" content=\"997\" \/>\n\t<meta property=\"og:image:type\" content=\"image\/jpeg\" \/>\n<meta name=\"twitter:card\" content=\"summary_large_image\" \/>\n<meta name=\"twitter:label1\" content=\"Est. reading time\" \/>\n\t<meta name=\"twitter:data1\" content=\"2 minutit\" \/>\n<script type=\"application\/ld+json\" class=\"yoast-schema-graph\">{\"@context\":\"https:\/\/schema.org\",\"@graph\":[{\"@type\":\"WebPage\",\"@id\":\"https:\/\/velooutlets.com\/products\/scott-contrail-20-black-2026\/\",\"url\":\"https:\/\/velooutlets.com\/products\/scott-contrail-20-black-2026\/\",\"name\":\"Scott Contrail 20 \u2013 Black 2026 - Velo Outlets\",\"isPartOf\":{\"@id\":\"https:\/\/velooutlets.com\/en\/#website\"},\"primaryImageOfPage\":{\"@id\":\"https:\/\/velooutlets.com\/products\/scott-contrail-20-black-2026\/#primaryimage\"},\"image\":{\"@id\":\"https:\/\/velooutlets.com\/products\/scott-contrail-20-black-2026\/#primaryimage\"},\"thumbnailUrl\":\"https:\/\/velooutlets.com\/wp-content\/uploads\/2025\/10\/Screenshot2025-08-12154120.jpg\",\"datePublished\":\"2025-10-03T11:42:23+00:00\",\"dateModified\":\"2026-04-17T07:19:27+00:00\",\"breadcrumb\":{\"@id\":\"https:\/\/velooutlets.com\/products\/scott-contrail-20-black-2026\/#breadcrumb\"},\"inLanguage\":\"et\",\"potentialAction\":[{\"@type\":\"ReadAction\",\"target\":[\"https:\/\/velooutlets.com\/products\/scott-contrail-20-black-2026\/\"]}]},{\"@type\":\"ImageObject\",\"inLanguage\":\"et\",\"@id\":\"https:\/\/velooutlets.com\/products\/scott-contrail-20-black-2026\/#primaryimage\",\"url\":\"https:\/\/velooutlets.com\/wp-content\/uploads\/2025\/10\/Screenshot2025-08-12154120.jpg\",\"contentUrl\":\"https:\/\/velooutlets.com\/wp-content\/uploads\/2025\/10\/Screenshot2025-08-12154120.jpg\",\"width\":1524,\"height\":997},{\"@type\":\"BreadcrumbList\",\"@id\":\"https:\/\/velooutlets.com\/products\/scott-contrail-20-black-2026\/#breadcrumb\",\"itemListElement\":[{\"@type\":\"ListItem\",\"position\":1,\"name\":\"Home\",\"item\":\"https:\/\/velooutlets.com\/\"},{\"@type\":\"ListItem\",\"position\":2,\"name\":\"Veikals\",\"item\":\"https:\/\/velooutlets.com\/shop\/\"},{\"@type\":\"ListItem\",\"position\":3,\"name\":\"Scott Contrail 20 \u2013 Black 2026\"}]},{\"@type\":\"WebSite\",\"@id\":\"https:\/\/velooutlets.com\/en\/#website\",\"url\":\"https:\/\/velooutlets.com\/en\/\",\"name\":\"Velo Outlets\",\"description\":\"Velosip\u0113di visai \u0123imenei\",\"potentialAction\":[{\"@type\":\"SearchAction\",\"target\":{\"@type\":\"EntryPoint\",\"urlTemplate\":\"https:\/\/velooutlets.com\/en\/?s={search_term_string}\"},\"query-input\":{\"@type\":\"PropertyValueSpecification\",\"valueRequired\":true,\"valueName\":\"search_term_string\"}}],\"inLanguage\":\"et\"}]}<\/script>\n<!-- \/ Yoast SEO plugin. -->","yoast_head_json":{"title":"Scott Contrail 20 \u2013 Black 2026 - Velo Outlets","robots":{"index":"index","follow":"follow","max-snippet":"max-snippet:-1","max-image-preview":"max-image-preview:large","max-video-preview":"max-video-preview:-1"},"canonical":"https:\/\/velooutlets.com\/et\/toode\/scott-contrail-20-black-2026\/","og_locale":"et_EE","og_type":"article","og_title":"Scott Contrail 20 \u2013 Black 2026 - Velo Outlets","og_description":"Scott Contrail 20 ir daudzpus\u012bgs un uzticams kalnu velosip\u0113ds, kas paredz\u0113ts akt\u012bviem brauc\u0113jiem, kuri v\u0113las apvienot komfortu un iztur\u012bbu gan pils\u0113tas iel\u0101s, gan bezce\u013cu tak\u0101s. Viegls un iztur\u012bgs Contrail Alloy 6061 alum\u012bnija r\u0101mis nodro\u0161ina stabilu vad\u0101m\u012bbu, kam\u0113r iek\u0161\u0113j\u0101 kabe\u013cu vad\u012bba saglab\u0101 velosip\u0113da t\u012bru izskatu un aizsarg\u0101 kabe\u013cus pret net\u012brumiem un boj\u0101jumiem. Velosip\u0113ds apr\u012bkots ar uzticamu [&hellip;]","og_url":"https:\/\/velooutlets.com\/et\/toode\/scott-contrail-20-black-2026\/","og_site_name":"Velo Outlets","article_modified_time":"2026-04-17T07:19:27+00:00","og_image":[{"width":1524,"height":997,"url":"https:\/\/velooutlets.com\/wp-content\/uploads\/2025\/10\/Screenshot2025-08-12154120.jpg","type":"image\/jpeg"}],"twitter_card":"summary_large_image","twitter_misc":{"Est. reading time":"2 minutit"},"schema":{"@context":"https:\/\/schema.org","@graph":[{"@type":"WebPage","@id":"https:\/\/velooutlets.com\/products\/scott-contrail-20-black-2026\/","url":"https:\/\/velooutlets.com\/products\/scott-contrail-20-black-2026\/","name":"Scott Contrail 20 \u2013 Black 2026 - Velo Outlets","isPartOf":{"@id":"https:\/\/velooutlets.com\/en\/#website"},"primaryImageOfPage":{"@id":"https:\/\/velooutlets.com\/products\/scott-contrail-20-black-2026\/#primaryimage"},"image":{"@id":"https:\/\/velooutlets.com\/products\/scott-contrail-20-black-2026\/#primaryimage"},"thumbnailUrl":"https:\/\/velooutlets.com\/wp-content\/uploads\/2025\/10\/Screenshot2025-08-12154120.jpg","datePublished":"2025-10-03T11:42:23+00:00","dateModified":"2026-04-17T07:19:27+00:00","breadcrumb":{"@id":"https:\/\/velooutlets.com\/products\/scott-contrail-20-black-2026\/#breadcrumb"},"inLanguage":"et","potentialAction":[{"@type":"ReadAction","target":["https:\/\/velooutlets.com\/products\/scott-contrail-20-black-2026\/"]}]},{"@type":"ImageObject","inLanguage":"et","@id":"https:\/\/velooutlets.com\/products\/scott-contrail-20-black-2026\/#primaryimage","url":"https:\/\/velooutlets.com\/wp-content\/uploads\/2025\/10\/Screenshot2025-08-12154120.jpg","contentUrl":"https:\/\/velooutlets.com\/wp-content\/uploads\/2025\/10\/Screenshot2025-08-12154120.jpg","width":1524,"height":997},{"@type":"BreadcrumbList","@id":"https:\/\/velooutlets.com\/products\/scott-contrail-20-black-2026\/#breadcrumb","itemListElement":[{"@type":"ListItem","position":1,"name":"Home","item":"https:\/\/velooutlets.com\/"},{"@type":"ListItem","position":2,"name":"Veikals","item":"https:\/\/velooutlets.com\/shop\/"},{"@type":"ListItem","position":3,"name":"Scott Contrail 20 \u2013 Black 2026"}]},{"@type":"WebSite","@id":"https:\/\/velooutlets.com\/en\/#website","url":"https:\/\/velooutlets.com\/en\/","name":"Velo Outlets","description":"Jalgrattad kogu perele","potentialAction":[{"@type":"SearchAction","target":{"@type":"EntryPoint","urlTemplate":"https:\/\/velooutlets.com\/en\/?s={search_term_string}"},"query-input":{"@type":"PropertyValueSpecification","valueRequired":true,"valueName":"search_term_string"}}],"inLanguage":"et"}]}},"jetpack_sharing_enabled":true,"_links":{"self":[{"href":"https:\/\/velooutlets.com\/et\/wp-json\/wp\/v2\/product\/9447","targetHints":{"allow":["GET"]}}],"collection":[{"href":"https:\/\/velooutlets.com\/et\/wp-json\/wp\/v2\/product"}],"about":[{"href":"https:\/\/velooutlets.com\/et\/wp-json\/wp\/v2\/types\/product"}],"wp:featuredmedia":[{"embeddable":true,"href":"https:\/\/velooutlets.com\/et\/wp-json\/wp\/v2\/media\/10465"}],"wp:attachment":[{"href":"https:\/\/velooutlets.com\/et\/wp-json\/wp\/v2\/media?parent=9447"}],"wp:term":[{"taxonomy":"product_brand","embeddable":true,"href":"https:\/\/velooutlets.com\/et\/wp-json\/wp\/v2\/product_brand?post=9447"},{"taxonomy":"product_cat","embeddable":true,"href":"https:\/\/velooutlets.com\/et\/wp-json\/wp\/v2\/product_cat?post=9447"},{"taxonomy":"product_tag","embeddable":true,"href":"https:\/\/velooutlets.com\/et\/wp-json\/wp\/v2\/product_tag?post=9447"}],"curies":[{"name":"wp","href":"https:\/\/api.w.org\/{rel}","templated":true}]}}